{"id":8760,"date":"2024-01-24T10:57:34","date_gmt":"2024-01-24T09:57:34","guid":{"rendered":"https:\/\/www.envirofalk.com\/traitement-de-leau-en-location\/"},"modified":"2026-02-04T10:21:54","modified_gmt":"2026-02-04T09:21:54","slug":"traitement-de-leau-en-location","status":"publish","type":"page","link":"https:\/\/www.envirofalk.com\/fr\/traitement-de-leau-en-location\/","title":{"rendered":"Traitement de l&rsquo;eau en location"},"content":{"rendered":"<div class=\"wpb-content-wrapper\"><p>[vc_section][vc_row full_width=\u00a0\u00bbstretch_row_content_no_spaces\u00a0\u00bb][vc_column]<div class=\"custom-top-banner img-box   has-icon\" style=\"background-image: url(https:\/\/www.envirofalk.com\/wp-content\/uploads\/2023\/08\/Wasseraufbereitungsanlage_Galvanik.jpg)\"><div class=\"container relative\"><div class=\"text-box\"><div class=\"slideInRight animated\"><img decoding=\"async\" width=\"1\" height=\"1\" src=\"https:\/\/www.envirofalk.com\/wp-content\/uploads\/2023\/08\/Mietanlagen_Icon.svg\" class=\"attachment-120x120 size-120x120\" alt=\"Schild mit der Aufschrift Rent Icon\" \/><p>Traitement de l'eau sur <strong>base de location<\/strong><\/p><\/div><\/div><\/div><\/div>[\/vc_column][\/vc_row][vc_row el_class=\u00a0\u00bbbreadcrumbs-wrapper\u00a0\u00bb][vc_column]<div class=\"breadcrumbs\"><label><\/label> <a href=\"https:\/\/www.envirofalk.com\/fr\/\">Home<\/a><\/div>[\/vc_column][\/vc_row][\/vc_section][vc_section][vc_row css_animation=\u00a0\u00bbslideInUp\u00a0\u00bb el_class=\u00a0\u00bbtwo-columns-row tablet-row\u00a0\u00bb][vc_column width=\u00a0\u00bb3\/4&Prime;][vc_custom_heading source=\u00a0\u00bbpost_title\u00a0\u00bb font_container=\u00a0\u00bbtag:h1|text_align:left\u00a0\u00bb use_theme_fonts=\u00a0\u00bbyes\u00a0\u00bb][vc_column_text]<\/p>\n<div class=\"ce_row row column first\">\n<p><strong>EnviroFALK propose des installations de traitement de l&rsquo;eau sur mesure pour diff\u00e9rents domaines d&rsquo;application sur la base d&rsquo;une location.<\/strong> Pour ce faire, nous disposons d&rsquo;un vaste stock de modules d&rsquo;installation les plus divers, qui nous permettent d&rsquo;agir rapidement et de nous adapter de mani\u00e8re optimale aux conditions locales. Eau adoucie, d\u00e9min\u00e9ralis\u00e9e et sans germes : nous vous proposons la solution pour votre traitement temporaire de l&rsquo;eau.<\/p>\n<\/div>\n<p>[\/vc_column_text][\/vc_column][vc_column width=\u00a0\u00bb1\/4&Prime;]<div class=\"online-consultant-box  wpb_content_element\"><div class=\"online-consultant\"><div><div class=\"person-info\"><h5>Philippe Anstett<\/h5><ul class=\"person-list\"><li><a href=\"tel:+41 41 740 44 24\">+41 41 740 44 24<\/a><\/li><\/ul><\/div><a href=\"https:\/\/www.envirofalk.com\/fr\/contact\/\" target=\"_self\" class=\"custom-btn \"><i class=\"icon-chevron-right\"><\/i>Vers le formulaire de contact<\/a><\/div><div class=\"relative\"><svg xmlns=\"http:\/\/www.w3.org\/2000\/svg\" viewBox=\"0 0 32.83 32.83\">\n\t\t\t\t\t\t\t\t\t<defs>\n\t\t\t\t\t\t\t\t\t\t<linearGradient id=\"gradient\" x1=\"0%\" y1=\"0%\" x2=\"0%\" y2=\"100%\" gradientTransform=\"rotate(-135)\">\n\t\t\t\t\t\t\t\t\t\t\t<stop offset=\"0%\" stop-color=\"#97be0d\"\/>\n\t\t\t\t\t\t\t\t\t\t\t\t<stop offset=\"100%\" stop-color=\"rgba(255, 255, 255, 0)\"\/>\n\t\t\t\t\t\t\t\t\t\t<\/linearGradient>\n\t\t\t\t\t\t\t\t\t<\/defs>\n\t\t\t\t\t\t\t\t\t<path class=\"wpb_animate_when_almost_visible circular-progress\" stroke=\"url(#gradient)\" stroke-width=\"1\" stroke-dasharray=\"100, 100\" fill=\"none\" d=\"M18,2.08a15.92,15.92,0,0,1,0,31.84h0A15.92,15.92,0,0,1,18,2.08\" transform=\"translate(-1.59 -1.58)\"\/>\n                            \t<\/svg><span><img decoding=\"async\" width=\"500\" height=\"500\" src=\"https:\/\/www.envirofalk.com\/wp-content\/uploads\/2024\/04\/Philippe-Anstett.png\" class=\"attachment-full size-full\" alt=\"\" srcset=\"https:\/\/www.envirofalk.com\/wp-content\/uploads\/2024\/04\/Philippe-Anstett.png 500w, https:\/\/www.envirofalk.com\/wp-content\/uploads\/2024\/04\/Philippe-Anstett-350x350.png 350w, https:\/\/www.envirofalk.com\/wp-content\/uploads\/2024\/04\/Philippe-Anstett-150x150.png 150w\" sizes=\"(max-width: 500px) 100vw, 500px\" \/><\/span><\/div><\/div><\/div>[\/vc_column][\/vc_row][\/vc_section][vc_section][vc_row el_class=\u00a0\u00bbtablet-row vertical-center\u00a0\u00bb][vc_column css_animation=\u00a0\u00bbslideInLeft\u00a0\u00bb width=\u00a0\u00bb1\/2&Prime;][vc_custom_heading text=\u00a0\u00bbSyst\u00e8mes de traitement de l&rsquo;eau EnviroFALK en location &#8211; vos avantages :\u00a0\u00bb use_theme_fonts=\u00a0\u00bbyes\u00a0\u00bb]<div class=\"custom-content wpb_content_element text-left\"><div class=\"wpb_text_column arrows-list\"><ul>\n<li>Kurz-, mittel- oder langfristige Anmietung<\/li>\n<li>Versorgung von Produktionsspitzen<\/li>\n<li>\u00dcberbr\u00fcckung bei geplanten Stillst\u00e4nden, wie beispielsweise wartungsbedingte Betriebsunterbrechungen<\/li>\n<li>Vor\u00fcbergehende Versorgung bei der Errichtung, Umbau und Erweiterung neuer Produktionsst\u00e4tten<\/li>\n<li>Flexible Herangehensweise bei Pilotversuchen<\/li>\n<li>Unterst\u00fctzung bei F&amp;E-Projekten f\u00fcr neue Technologien<\/li>\n<\/ul>\n<\/div><\/div>[\/vc_column][vc_column css_animation=\u00a0\u00bbslideInRight\u00a0\u00bb width=\u00a0\u00bb1\/2&Prime;]<div class=\"bg-image img-box\" style=\"background-image: url(https:\/\/www.envirofalk.com\/wp-content\/uploads\/2023\/02\/bg-about.gif)\"><img decoding=\"async\" width=\"1500\" height=\"2254\" src=\"https:\/\/www.envirofalk.com\/wp-content\/uploads\/2023\/07\/GreenPURE-RG2000-3000-Umkehrosmose.png\" class=\"attachment-full size-full\" alt=\"\" srcset=\"https:\/\/www.envirofalk.com\/wp-content\/uploads\/2023\/07\/GreenPURE-RG2000-3000-Umkehrosmose.png 1500w, https:\/\/www.envirofalk.com\/wp-content\/uploads\/2023\/07\/GreenPURE-RG2000-3000-Umkehrosmose-233x350.png 233w, https:\/\/www.envirofalk.com\/wp-content\/uploads\/2023\/07\/GreenPURE-RG2000-3000-Umkehrosmose-681x1024.png 681w, https:\/\/www.envirofalk.com\/wp-content\/uploads\/2023\/07\/GreenPURE-RG2000-3000-Umkehrosmose-768x1154.png 768w, https:\/\/www.envirofalk.com\/wp-content\/uploads\/2023\/07\/GreenPURE-RG2000-3000-Umkehrosmose-1022x1536.png 1022w, https:\/\/www.envirofalk.com\/wp-content\/uploads\/2023\/07\/GreenPURE-RG2000-3000-Umkehrosmose-1363x2048.png 1363w\" sizes=\"(max-width: 1500px) 100vw, 1500px\" \/><\/div>[\/vc_column][\/vc_row][\/vc_section]<\/p>\n<\/div>","protected":false},"excerpt":{"rendered":"<p>[vc_section][vc_row full_width=\u00a0\u00bbstretch_row_content_no_spaces\u00a0\u00bb][vc_column][\/vc_column][\/vc_row][vc_row el_class=\u00a0\u00bbbreadcrumbs-wrapper\u00a0\u00bb][vc_column][\/vc_column][\/vc_row][\/vc_section][vc_section][vc_row css_animation=\u00a0\u00bbslideInUp\u00a0\u00bb el_class=\u00a0\u00bbtwo-columns-row tablet-row\u00a0\u00bb][vc_column width=\u00a0\u00bb3\/4&Prime;][vc_custom_heading source=\u00a0\u00bbpost_title\u00a0\u00bb font_container=\u00a0\u00bbtag:h1|text_align:left\u00a0\u00bb use_theme_fonts=\u00a0\u00bbyes\u00a0\u00bb][vc_column_text] EnviroFALK propose des installations de traitement de l&rsquo;eau sur mesure pour diff\u00e9rents domaines d&rsquo;application sur la base d&rsquo;une location. Pour ce faire, nous disposons d&rsquo;un vaste stock de modules d&rsquo;installation les plus divers, qui nous permettent d&rsquo;agir rapidement et de nous adapter de mani\u00e8re optimale [&hellip;]<\/p>\n","protected":false},"author":3,"featured_media":0,"parent":0,"menu_order":19,"comment_status":"closed","ping_status":"closed","template":"","meta":{"_acf_changed":false,"rs_blank_template":"","rs_page_bg_color":"","slide_template_v7":"","footnotes":""},"class_list":["post-8760","page","type-page","status-publish","hentry"],"acf":[],"yoast_head":"<!-- This site is optimized with the Yoast SEO Premium plugin v27.3 (Yoast SEO v27.3) - https:\/\/yoast.com\/product\/yoast-seo-premium-wordpress\/ -->\n<title>Traitement de l&#039;eau en location &#8211; EnviroFALK<\/title>\n<meta name=\"robots\" content=\"index, follow, max-snippet:-1, max-image-preview:large, max-video-preview:-1\" \/>\n<link rel=\"canonical\" href=\"https:\/\/www.envirofalk.com\/fr\/traitement-de-leau-en-location\/\" \/>\n<meta property=\"og:locale\" content=\"fr_FR\" \/>\n<meta property=\"og:type\" content=\"article\" \/>\n<meta property=\"og:title\" content=\"Traitement de l&#039;eau en location\" \/>\n<meta property=\"og:description\" content=\"[vc_section][vc_row full_width=\u00a0\u00bbstretch_row_content_no_spaces\u00a0\u00bb][vc_column][\/vc_column][\/vc_row][vc_row el_class=\u00a0\u00bbbreadcrumbs-wrapper\u00a0\u00bb][vc_column][\/vc_column][\/vc_row][\/vc_section][vc_section][vc_row css_animation=\u00a0\u00bbslideInUp\u00a0\u00bb el_class=\u00a0\u00bbtwo-columns-row tablet-row\u00a0\u00bb][vc_column width=\u00a0\u00bb3\/4&Prime;][vc_custom_heading source=\u00a0\u00bbpost_title\u00a0\u00bb font_container=\u00a0\u00bbtag:h1|text_align:left\u00a0\u00bb use_theme_fonts=\u00a0\u00bbyes\u00a0\u00bb][vc_column_text] EnviroFALK propose des installations de traitement de l&rsquo;eau sur mesure pour diff\u00e9rents domaines d&rsquo;application sur la base d&rsquo;une location. Pour ce faire, nous disposons d&rsquo;un vaste stock de modules d&rsquo;installation les plus divers, qui nous permettent d&rsquo;agir rapidement et de nous adapter de mani\u00e8re optimale [&hellip;]\" \/>\n<meta property=\"og:url\" content=\"https:\/\/www.envirofalk.com\/fr\/traitement-de-leau-en-location\/\" \/>\n<meta property=\"og:site_name\" content=\"EnviroFALK\" \/>\n<meta property=\"article:publisher\" content=\"https:\/\/www.facebook.com\/envirofalk\" \/>\n<meta property=\"article:modified_time\" content=\"2026-02-04T09:21:54+00:00\" \/>\n<meta name=\"twitter:card\" content=\"summary_large_image\" \/>\n<meta name=\"twitter:label1\" content=\"Dur\u00e9e de lecture estim\u00e9e\" \/>\n\t<meta name=\"twitter:data1\" content=\"2 minutes\" \/>\n<script type=\"application\/ld+json\" class=\"yoast-schema-graph\">{\"@context\":\"https:\\\/\\\/schema.org\",\"@graph\":[{\"@type\":\"WebPage\",\"@id\":\"https:\\\/\\\/www.envirofalk.com\\\/fr\\\/traitement-de-leau-en-location\\\/\",\"url\":\"https:\\\/\\\/www.envirofalk.com\\\/fr\\\/traitement-de-leau-en-location\\\/\",\"name\":\"Traitement de l'eau en location &#8211; EnviroFALK\",\"isPartOf\":{\"@id\":\"https:\\\/\\\/www.envirofalk.com\\\/#website\"},\"datePublished\":\"2024-01-24T09:57:34+00:00\",\"dateModified\":\"2026-02-04T09:21:54+00:00\",\"breadcrumb\":{\"@id\":\"https:\\\/\\\/www.envirofalk.com\\\/fr\\\/traitement-de-leau-en-location\\\/#breadcrumb\"},\"inLanguage\":\"fr-FR\",\"potentialAction\":[{\"@type\":\"ReadAction\",\"target\":[\"https:\\\/\\\/www.envirofalk.com\\\/fr\\\/traitement-de-leau-en-location\\\/\"]}]},{\"@type\":\"BreadcrumbList\",\"@id\":\"https:\\\/\\\/www.envirofalk.com\\\/fr\\\/traitement-de-leau-en-location\\\/#breadcrumb\",\"itemListElement\":[{\"@type\":\"ListItem\",\"position\":1,\"name\":\"Home\",\"item\":\"https:\\\/\\\/www.envirofalk.com\\\/fr\\\/\"},{\"@type\":\"ListItem\",\"position\":2,\"name\":\"Traitement de l&#8217;eau en location\"}]},{\"@type\":\"WebSite\",\"@id\":\"https:\\\/\\\/www.envirofalk.com\\\/#website\",\"url\":\"https:\\\/\\\/www.envirofalk.com\\\/\",\"name\":\"EnviroFALK\",\"description\":\"Wasseraufbereitungsanlagen f\u00fcr Industrie, Gewerbe &amp; Labor\",\"publisher\":{\"@id\":\"https:\\\/\\\/www.envirofalk.com\\\/#organization\"},\"potentialAction\":[{\"@type\":\"SearchAction\",\"target\":{\"@type\":\"EntryPoint\",\"urlTemplate\":\"https:\\\/\\\/www.envirofalk.com\\\/?s={search_term_string}\"},\"query-input\":{\"@type\":\"PropertyValueSpecification\",\"valueRequired\":true,\"valueName\":\"search_term_string\"}}],\"inLanguage\":\"fr-FR\"},{\"@type\":\"Organization\",\"@id\":\"https:\\\/\\\/www.envirofalk.com\\\/#organization\",\"name\":\"EnviroFALK\",\"url\":\"https:\\\/\\\/www.envirofalk.com\\\/\",\"logo\":{\"@type\":\"ImageObject\",\"inLanguage\":\"fr-FR\",\"@id\":\"https:\\\/\\\/www.envirofalk.com\\\/#\\\/schema\\\/logo\\\/image\\\/\",\"url\":\"https:\\\/\\\/www.envirofalk.com\\\/wp-content\\\/uploads\\\/2023\\\/01\\\/logo.svg\",\"contentUrl\":\"https:\\\/\\\/www.envirofalk.com\\\/wp-content\\\/uploads\\\/2023\\\/01\\\/logo.svg\",\"caption\":\"EnviroFALK\"},\"image\":{\"@id\":\"https:\\\/\\\/www.envirofalk.com\\\/#\\\/schema\\\/logo\\\/image\\\/\"},\"sameAs\":[\"https:\\\/\\\/www.facebook.com\\\/envirofalk\",\"https:\\\/\\\/www.linkedin.com\\\/company\\\/envirofalk-gmbh\",\"https:\\\/\\\/www.youtube.com\\\/channel\\\/UCM1L-2K6cfBbP3aYgJGbVdA\"],\"description\":\"EnviroFALK Prozesswassertechnik ist Ihr Spezialist f\u00fcr ma\u00dfgeschneiderte Wasseraufbereitungsl\u00f6sungen in der Industrie. Wir bieten innovative Technologien f\u00fcr die Erzeugung und Aufbereitung von Prozesswasser, um h\u00f6chste Effizienz und Qualit\u00e4t in Ihren Produktionsprozessen zu gew\u00e4hrleisten. Mit jahrzehntelanger Erfahrung entwickeln wir nachhaltige und ressourcenschonende L\u00f6sungen, die exakt auf die Anforderungen unserer Kunden abgestimmt sind. Unsere Leistungen umfassen die Filtration, Enth\u00e4rtung, Entsalzung und R\u00fcckgewinnung von Wasser f\u00fcr verschiedenste Anwendungen \u2013 von der Metallverarbeitung bis zur Lebensmittelindustrie. Unsere Experten begleiten Sie von der Planung \u00fcber die Implementierung bis hin zum Service, um eine zuverl\u00e4ssige und wirtschaftliche Wasseraufbereitung sicherzustellen.\",\"email\":\"info@envirofalk.com\",\"telephone\":\"+49 2663 9908-0\",\"legalName\":\"EnviroFALK GmbH\",\"foundingDate\":\"1989-05-01\"}]}<\/script>\n<!-- \/ Yoast SEO Premium plugin. -->","yoast_head_json":{"title":"Traitement de l'eau en location &#8211; EnviroFALK","robots":{"index":"index","follow":"follow","max-snippet":"max-snippet:-1","max-image-preview":"max-image-preview:large","max-video-preview":"max-video-preview:-1"},"canonical":"https:\/\/www.envirofalk.com\/fr\/traitement-de-leau-en-location\/","og_locale":"fr_FR","og_type":"article","og_title":"Traitement de l'eau en location","og_description":"[vc_section][vc_row full_width=\u00a0\u00bbstretch_row_content_no_spaces\u00a0\u00bb][vc_column][\/vc_column][\/vc_row][vc_row el_class=\u00a0\u00bbbreadcrumbs-wrapper\u00a0\u00bb][vc_column][\/vc_column][\/vc_row][\/vc_section][vc_section][vc_row css_animation=\u00a0\u00bbslideInUp\u00a0\u00bb el_class=\u00a0\u00bbtwo-columns-row tablet-row\u00a0\u00bb][vc_column width=\u00a0\u00bb3\/4&Prime;][vc_custom_heading source=\u00a0\u00bbpost_title\u00a0\u00bb font_container=\u00a0\u00bbtag:h1|text_align:left\u00a0\u00bb use_theme_fonts=\u00a0\u00bbyes\u00a0\u00bb][vc_column_text] EnviroFALK propose des installations de traitement de l&rsquo;eau sur mesure pour diff\u00e9rents domaines d&rsquo;application sur la base d&rsquo;une location. Pour ce faire, nous disposons d&rsquo;un vaste stock de modules d&rsquo;installation les plus divers, qui nous permettent d&rsquo;agir rapidement et de nous adapter de mani\u00e8re optimale [&hellip;]","og_url":"https:\/\/www.envirofalk.com\/fr\/traitement-de-leau-en-location\/","og_site_name":"EnviroFALK","article_publisher":"https:\/\/www.facebook.com\/envirofalk","article_modified_time":"2026-02-04T09:21:54+00:00","twitter_card":"summary_large_image","twitter_misc":{"Dur\u00e9e de lecture estim\u00e9e":"2 minutes"},"schema":{"@context":"https:\/\/schema.org","@graph":[{"@type":"WebPage","@id":"https:\/\/www.envirofalk.com\/fr\/traitement-de-leau-en-location\/","url":"https:\/\/www.envirofalk.com\/fr\/traitement-de-leau-en-location\/","name":"Traitement de l'eau en location &#8211; EnviroFALK","isPartOf":{"@id":"https:\/\/www.envirofalk.com\/#website"},"datePublished":"2024-01-24T09:57:34+00:00","dateModified":"2026-02-04T09:21:54+00:00","breadcrumb":{"@id":"https:\/\/www.envirofalk.com\/fr\/traitement-de-leau-en-location\/#breadcrumb"},"inLanguage":"fr-FR","potentialAction":[{"@type":"ReadAction","target":["https:\/\/www.envirofalk.com\/fr\/traitement-de-leau-en-location\/"]}]},{"@type":"BreadcrumbList","@id":"https:\/\/www.envirofalk.com\/fr\/traitement-de-leau-en-location\/#breadcrumb","itemListElement":[{"@type":"ListItem","position":1,"name":"Home","item":"https:\/\/www.envirofalk.com\/fr\/"},{"@type":"ListItem","position":2,"name":"Traitement de l&#8217;eau en location"}]},{"@type":"WebSite","@id":"https:\/\/www.envirofalk.com\/#website","url":"https:\/\/www.envirofalk.com\/","name":"EnviroFALK","description":"Wasseraufbereitungsanlagen f\u00fcr Industrie, Gewerbe &amp; Labor","publisher":{"@id":"https:\/\/www.envirofalk.com\/#organization"},"potentialAction":[{"@type":"SearchAction","target":{"@type":"EntryPoint","urlTemplate":"https:\/\/www.envirofalk.com\/?s={search_term_string}"},"query-input":{"@type":"PropertyValueSpecification","valueRequired":true,"valueName":"search_term_string"}}],"inLanguage":"fr-FR"},{"@type":"Organization","@id":"https:\/\/www.envirofalk.com\/#organization","name":"EnviroFALK","url":"https:\/\/www.envirofalk.com\/","logo":{"@type":"ImageObject","inLanguage":"fr-FR","@id":"https:\/\/www.envirofalk.com\/#\/schema\/logo\/image\/","url":"https:\/\/www.envirofalk.com\/wp-content\/uploads\/2023\/01\/logo.svg","contentUrl":"https:\/\/www.envirofalk.com\/wp-content\/uploads\/2023\/01\/logo.svg","caption":"EnviroFALK"},"image":{"@id":"https:\/\/www.envirofalk.com\/#\/schema\/logo\/image\/"},"sameAs":["https:\/\/www.facebook.com\/envirofalk","https:\/\/www.linkedin.com\/company\/envirofalk-gmbh","https:\/\/www.youtube.com\/channel\/UCM1L-2K6cfBbP3aYgJGbVdA"],"description":"EnviroFALK Prozesswassertechnik ist Ihr Spezialist f\u00fcr ma\u00dfgeschneiderte Wasseraufbereitungsl\u00f6sungen in der Industrie. Wir bieten innovative Technologien f\u00fcr die Erzeugung und Aufbereitung von Prozesswasser, um h\u00f6chste Effizienz und Qualit\u00e4t in Ihren Produktionsprozessen zu gew\u00e4hrleisten. Mit jahrzehntelanger Erfahrung entwickeln wir nachhaltige und ressourcenschonende L\u00f6sungen, die exakt auf die Anforderungen unserer Kunden abgestimmt sind. Unsere Leistungen umfassen die Filtration, Enth\u00e4rtung, Entsalzung und R\u00fcckgewinnung von Wasser f\u00fcr verschiedenste Anwendungen \u2013 von der Metallverarbeitung bis zur Lebensmittelindustrie. Unsere Experten begleiten Sie von der Planung \u00fcber die Implementierung bis hin zum Service, um eine zuverl\u00e4ssige und wirtschaftliche Wasseraufbereitung sicherzustellen.","email":"info@envirofalk.com","telephone":"+49 2663 9908-0","legalName":"EnviroFALK GmbH","foundingDate":"1989-05-01"}]}},"_links":{"self":[{"href":"https:\/\/www.envirofalk.com\/fr\/wp-json\/wp\/v2\/pages\/8760","targetHints":{"allow":["GET"]}}],"collection":[{"href":"https:\/\/www.envirofalk.com\/fr\/wp-json\/wp\/v2\/pages"}],"about":[{"href":"https:\/\/www.envirofalk.com\/fr\/wp-json\/wp\/v2\/types\/page"}],"author":[{"embeddable":true,"href":"https:\/\/www.envirofalk.com\/fr\/wp-json\/wp\/v2\/users\/3"}],"replies":[{"embeddable":true,"href":"https:\/\/www.envirofalk.com\/fr\/wp-json\/wp\/v2\/comments?post=8760"}],"version-history":[{"count":7,"href":"https:\/\/www.envirofalk.com\/fr\/wp-json\/wp\/v2\/pages\/8760\/revisions"}],"predecessor-version":[{"id":26715,"href":"https:\/\/www.envirofalk.com\/fr\/wp-json\/wp\/v2\/pages\/8760\/revisions\/26715"}],"wp:attachment":[{"href":"https:\/\/www.envirofalk.com\/fr\/wp-json\/wp\/v2\/media?parent=8760"}],"curies":[{"name":"wp","href":"https:\/\/api.w.org\/{rel}","templated":true}]}}