{"id":8627,"date":"2024-01-24T10:57:28","date_gmt":"2024-01-24T09:57:28","guid":{"rendered":"https:\/\/www.envirofalk.com\/groupe-envirowater\/"},"modified":"2024-06-14T11:29:52","modified_gmt":"2024-06-14T09:29:52","slug":"groupe-envirowater","status":"publish","type":"page","link":"https:\/\/www.envirofalk.com\/fr\/groupe-envirowater\/","title":{"rendered":"Groupe EnviroWater"},"content":{"rendered":"<div class=\"wpb-content-wrapper\"><p>[vc_section][vc_row full_width=\u00a0\u00bbstretch_row_content_no_spaces\u00a0\u00bb][vc_column]<div class=\"custom-top-banner img-box   has-icon\" style=\"background-image: url(https:\/\/www.envirofalk.com\/wp-content\/uploads\/2023\/08\/EnviroWaterGroup_Spezialistennetzwerk_Wasserbehandlung.jpg)\"><div class=\"container relative\"><div class=\"text-box\"><div class=\"slideInRight animated\"><img loading=\"lazy\" decoding=\"async\" width=\"1\" height=\"1\" src=\"https:\/\/www.envirofalk.com\/wp-content\/uploads\/2023\/09\/Wasseraufbereitung_EnviroWater_Logo.svg\" class=\"attachment-120x120 size-120x120\" alt=\"\" \/><p>EnviroFALK est une entreprise du <strong>groupe EnviroWater<\/strong><\/p><\/div><\/div><\/div><\/div>[\/vc_column][\/vc_row][vc_row el_class=\u00a0\u00bbbreadcrumbs-wrapper\u00a0\u00bb][vc_column]<div class=\"breadcrumbs\"><label><\/label> <a href=\"https:\/\/www.envirofalk.com\/fr\/\">Home<\/a><\/div>[\/vc_column][\/vc_row][\/vc_section][vc_section css=\u00a0\u00bb.vc_custom_1695821270556{margin-top: -20px !important;}\u00a0\u00bb][vc_row el_class=\u00a0\u00bbtablet-row vertical-center\u00a0\u00bb][vc_column css_animation=\u00a0\u00bbslideInLeft\u00a0\u00bb width=\u00a0\u00bb1\/2&Prime;][vc_custom_heading source=\u00a0\u00bbpost_title\u00a0\u00bb font_container=\u00a0\u00bbtag:h1|text_align:left\u00a0\u00bb use_theme_fonts=\u00a0\u00bbyes\u00a0\u00bb][vc_column_text]<\/p>\n<h2>Une comp\u00e9tence unique !<\/h2>\n<p>[\/vc_column_text][vc_column_text]<\/p>\n<div class=\"ce_row row column first\">\n<p class=\"ce_headline \"><strong><span style=\"font-size: 16px;\">Le groupe EnviroWater r\u00e9unit les comp\u00e9tences de plusieurs entreprises en un r\u00e9seau sp\u00e9cialis\u00e9 dans le traitement des eaux industrielles, des eaux de process et des eaux us\u00e9es.<\/span><\/strong><\/p>\n<\/div>\n<p>Nous vous proposons des solutions pour fournir de l&rsquo;eau de la mani\u00e8re la plus efficace et la plus respectueuse des ressources, exactement dans la qualit\u00e9 dont vous avez besoin. Nous vous montrons comment rendre l&rsquo;eau disponible pour votre entreprise en toute s\u00e9curit\u00e9 tout en la traitant avec le moins d&rsquo;impact possible sur l&rsquo;environnement.[\/vc_column_text][\/vc_column][vc_column css_animation=\u00a0\u00bbslideInRight\u00a0\u00bb width=\u00a0\u00bb1\/2&Prime;]<div class=\"bg-image img-box\" style=\"background-image: url(https:\/\/www.envirofalk.com\/wp-content\/uploads\/2023\/02\/bg-about.gif)\"><img loading=\"lazy\" decoding=\"async\" width=\"2268\" height=\"1701\" src=\"https:\/\/www.envirofalk.com\/wp-content\/uploads\/2023\/09\/Logo_EnviroWaterGroup.png\" class=\"attachment-full size-full\" alt=\"EnviroWATER Group Logo mit Kreis\" srcset=\"https:\/\/www.envirofalk.com\/wp-content\/uploads\/2023\/09\/Logo_EnviroWaterGroup.png 2268w, https:\/\/www.envirofalk.com\/wp-content\/uploads\/2023\/09\/Logo_EnviroWaterGroup-350x263.png 350w, https:\/\/www.envirofalk.com\/wp-content\/uploads\/2023\/09\/Logo_EnviroWaterGroup-1024x768.png 1024w, https:\/\/www.envirofalk.com\/wp-content\/uploads\/2023\/09\/Logo_EnviroWaterGroup-768x576.png 768w, https:\/\/www.envirofalk.com\/wp-content\/uploads\/2023\/09\/Logo_EnviroWaterGroup-1536x1152.png 1536w, https:\/\/www.envirofalk.com\/wp-content\/uploads\/2023\/09\/Logo_EnviroWaterGroup-2048x1536.png 2048w\" sizes=\"auto, (max-width: 2268px) 100vw, 2268px\" \/><\/div>[\/vc_column][\/vc_row][\/vc_section][vc_section][vc_row][vc_column][vc_column_text]<\/p>\n<h2 style=\"text-align: center;\">Profitez de notre r\u00e9seau de sp\u00e9cialistes<\/h2>\n<p style=\"text-align: center;\">Ensemble, nous r\u00e9alisons des solutions individuelles pour le traitement de l&rsquo;eau douce, de l&rsquo;eau ultra-pure, de l&rsquo;eau de process, des eaux us\u00e9es et le recyclage de l&rsquo;eau pour une utilisation durable et efficace de l&rsquo;eau pour l&rsquo;industrie, les entreprises commerciales, les piscines et les spas.<\/p>\n<p>[\/vc_column_text][\/vc_column][\/vc_row][vc_row el_class=\u00a0\u00bbtablet-row reverse vertical-center\u00a0\u00bb][vc_column css_animation=\u00a0\u00bbslideInLeft\u00a0\u00bb width=\u00a0\u00bb1\/3&Prime; el_class=\u00a0\u00bbhas-bg\u00a0\u00bb][vc_single_image image=\u00a0\u00bb1617&Prime; img_size=\u00a0\u00bbfull\u00a0\u00bb alignment=\u00a0\u00bbcenter\u00a0\u00bb onclick=\u00a0\u00bbcustom_link\u00a0\u00bb img_link_target=\u00a0\u00bb_blank\u00a0\u00bb link=\u00a0\u00bbhttps:\/\/www.envirochemie.com\/de\/\u00a0\u00bb][vc_column_text]Solutions syst\u00e8me Eau de circulation, eau de refroidissement, eau de chaudi\u00e8re et eaux us\u00e9es[\/vc_column_text]<div class=\"btn-wrapper wpb_content_element\"><a href=\"https:\/\/www.envirochemie.com\/fr\/\" target=\"_blank\" class=\"custom-btn dark reverse \">Vers le site web<i class=\"icon-chevron-right\"><\/i><\/a><\/div>[\/vc_column][vc_column css_animation=\u00a0\u00bbslideInUp\u00a0\u00bb width=\u00a0\u00bb1\/3&Prime; el_class=\u00a0\u00bbhas-bg\u00a0\u00bb][vc_single_image image=\u00a0\u00bb1619&Prime; img_size=\u00a0\u00bbfull\u00a0\u00bb alignment=\u00a0\u00bbcenter\u00a0\u00bb][vc_column_text]Eau de process pour l&rsquo;industrie, les h\u00f4pitaux et les laboratoires[\/vc_column_text]<div class=\"btn-wrapper wpb_content_element\"><a href=\"https:\/\/www.envirofalk.com\/fr\/\" target=\"_blank\" class=\"custom-btn dark reverse \">Vers le site web<i class=\"icon-chevron-right\"><\/i><\/a><\/div>[\/vc_column][vc_column css_animation=\u00a0\u00bbslideInRight\u00a0\u00bb width=\u00a0\u00bb1\/3&Prime; el_class=\u00a0\u00bbhas-bg\u00a0\u00bb][vc_single_image image=\u00a0\u00bb1618&Prime; img_size=\u00a0\u00bbfull\u00a0\u00bb alignment=\u00a0\u00bbcenter\u00a0\u00bb onclick=\u00a0\u00bbcustom_link\u00a0\u00bb img_link_target=\u00a0\u00bb_blank\u00a0\u00bb link=\u00a0\u00bbhttps:\/\/enviroprocess.com\/en\u00a0\u00bb][vc_column_text]Technique de l&rsquo;eau pour piscine et spa[\/vc_column_text]<div class=\"btn-wrapper wpb_content_element\"><a href=\"https:\/\/enviroprocess.com\/en\" target=\"_blank\" class=\"custom-btn dark reverse \">Vers le site web<i class=\"icon-chevron-right\"><\/i><\/a><\/div>[\/vc_column][\/vc_row][\/vc_section]<\/p>\n<\/div>","protected":false},"excerpt":{"rendered":"<p>[vc_section][vc_row full_width=\u00a0\u00bbstretch_row_content_no_spaces\u00a0\u00bb][vc_column][\/vc_column][\/vc_row][vc_row el_class=\u00a0\u00bbbreadcrumbs-wrapper\u00a0\u00bb][vc_column][\/vc_column][\/vc_row][\/vc_section][vc_section css=\u00a0\u00bb.vc_custom_1695821270556{margin-top: -20px !important;}\u00a0\u00bb][vc_row el_class=\u00a0\u00bbtablet-row vertical-center\u00a0\u00bb][vc_column css_animation=\u00a0\u00bbslideInLeft\u00a0\u00bb width=\u00a0\u00bb1\/2&Prime;][vc_custom_heading source=\u00a0\u00bbpost_title\u00a0\u00bb font_container=\u00a0\u00bbtag:h1|text_align:left\u00a0\u00bb use_theme_fonts=\u00a0\u00bbyes\u00a0\u00bb][vc_column_text] Une comp\u00e9tence unique ! [\/vc_column_text][vc_column_text] Le groupe EnviroWater r\u00e9unit les comp\u00e9tences de plusieurs entreprises en un r\u00e9seau sp\u00e9cialis\u00e9 dans le traitement des eaux industrielles, des eaux de process et des eaux us\u00e9es. Nous vous proposons des solutions pour fournir de l&rsquo;eau de [&hellip;]<\/p>\n","protected":false},"author":3,"featured_media":0,"parent":0,"menu_order":18,"comment_status":"closed","ping_status":"closed","template":"","meta":{"_acf_changed":false,"rs_blank_template":"","rs_page_bg_color":"","slide_template_v7":"","footnotes":""},"class_list":["post-8627","page","type-page","status-publish","hentry"],"acf":[],"yoast_head":"<!-- This site is optimized with the Yoast SEO Premium plugin v27.4 (Yoast SEO v27.4) - https:\/\/yoast.com\/product\/yoast-seo-premium-wordpress\/ -->\n<title>Groupe EnviroWater &#8211; EnviroFALK<\/title>\n<meta name=\"description\" content=\"Le groupe EnviroWater r\u00e9unit plusieurs entreprises en un r\u00e9seau pour le traitement des eaux industrielles, des eaux de process et des eaux us\u00e9es.\" \/>\n<meta name=\"robots\" content=\"index, follow, max-snippet:-1, max-image-preview:large, max-video-preview:-1\" \/>\n<link rel=\"canonical\" href=\"https:\/\/www.envirofalk.com\/fr\/groupe-envirowater\/\" \/>\n<meta property=\"og:locale\" content=\"fr_FR\" \/>\n<meta property=\"og:type\" content=\"article\" \/>\n<meta property=\"og:title\" content=\"Groupe EnviroWater\" \/>\n<meta property=\"og:description\" content=\"Le groupe EnviroWater r\u00e9unit plusieurs entreprises en un r\u00e9seau pour le traitement des eaux industrielles, des eaux de process et des eaux us\u00e9es.\" \/>\n<meta property=\"og:url\" content=\"https:\/\/www.envirofalk.com\/fr\/groupe-envirowater\/\" \/>\n<meta property=\"og:site_name\" content=\"EnviroFALK\" \/>\n<meta property=\"article:publisher\" content=\"https:\/\/www.facebook.com\/envirofalk\" \/>\n<meta property=\"article:modified_time\" content=\"2024-06-14T09:29:52+00:00\" \/>\n<meta name=\"twitter:card\" content=\"summary_large_image\" \/>\n<meta name=\"twitter:label1\" content=\"Dur\u00e9e de lecture estim\u00e9e\" \/>\n\t<meta name=\"twitter:data1\" content=\"2 minutes\" \/>\n<script type=\"application\/ld+json\" class=\"yoast-schema-graph\">{\"@context\":\"https:\\\/\\\/schema.org\",\"@graph\":[{\"@type\":\"WebPage\",\"@id\":\"https:\\\/\\\/www.envirofalk.com\\\/fr\\\/groupe-envirowater\\\/\",\"url\":\"https:\\\/\\\/www.envirofalk.com\\\/fr\\\/groupe-envirowater\\\/\",\"name\":\"Groupe EnviroWater &#8211; EnviroFALK\",\"isPartOf\":{\"@id\":\"https:\\\/\\\/www.envirofalk.com\\\/fr\\\/#website\"},\"datePublished\":\"2024-01-24T09:57:28+00:00\",\"dateModified\":\"2024-06-14T09:29:52+00:00\",\"description\":\"Le groupe EnviroWater r\u00e9unit plusieurs entreprises en un r\u00e9seau pour le traitement des eaux industrielles, des eaux de process et des eaux us\u00e9es.\",\"breadcrumb\":{\"@id\":\"https:\\\/\\\/www.envirofalk.com\\\/fr\\\/groupe-envirowater\\\/#breadcrumb\"},\"inLanguage\":\"fr-FR\",\"potentialAction\":[{\"@type\":\"ReadAction\",\"target\":[\"https:\\\/\\\/www.envirofalk.com\\\/fr\\\/groupe-envirowater\\\/\"]}]},{\"@type\":\"BreadcrumbList\",\"@id\":\"https:\\\/\\\/www.envirofalk.com\\\/fr\\\/groupe-envirowater\\\/#breadcrumb\",\"itemListElement\":[{\"@type\":\"ListItem\",\"position\":1,\"name\":\"Home\",\"item\":\"https:\\\/\\\/www.envirofalk.com\\\/fr\\\/\"},{\"@type\":\"ListItem\",\"position\":2,\"name\":\"Groupe EnviroWater\"}]},{\"@type\":\"WebSite\",\"@id\":\"https:\\\/\\\/www.envirofalk.com\\\/fr\\\/#website\",\"url\":\"https:\\\/\\\/www.envirofalk.com\\\/fr\\\/\",\"name\":\"EnviroFALK\",\"description\":\"Wasseraufbereitungsanlagen f\u00fcr Industrie, Gewerbe &amp; Labor\",\"publisher\":{\"@id\":\"https:\\\/\\\/www.envirofalk.com\\\/fr\\\/#organization\"},\"potentialAction\":[{\"@type\":\"SearchAction\",\"target\":{\"@type\":\"EntryPoint\",\"urlTemplate\":\"https:\\\/\\\/www.envirofalk.com\\\/fr\\\/?s={search_term_string}\"},\"query-input\":{\"@type\":\"PropertyValueSpecification\",\"valueRequired\":true,\"valueName\":\"search_term_string\"}}],\"inLanguage\":\"fr-FR\"},{\"@type\":\"Organization\",\"@id\":\"https:\\\/\\\/www.envirofalk.com\\\/fr\\\/#organization\",\"name\":\"EnviroFALK\",\"url\":\"https:\\\/\\\/www.envirofalk.com\\\/fr\\\/\",\"logo\":{\"@type\":\"ImageObject\",\"inLanguage\":\"fr-FR\",\"@id\":\"https:\\\/\\\/www.envirofalk.com\\\/fr\\\/#\\\/schema\\\/logo\\\/image\\\/\",\"url\":\"https:\\\/\\\/www.envirofalk.com\\\/wp-content\\\/uploads\\\/2023\\\/01\\\/logo.svg\",\"contentUrl\":\"https:\\\/\\\/www.envirofalk.com\\\/wp-content\\\/uploads\\\/2023\\\/01\\\/logo.svg\",\"caption\":\"EnviroFALK\"},\"image\":{\"@id\":\"https:\\\/\\\/www.envirofalk.com\\\/fr\\\/#\\\/schema\\\/logo\\\/image\\\/\"},\"sameAs\":[\"https:\\\/\\\/www.facebook.com\\\/envirofalk\",\"https:\\\/\\\/www.linkedin.com\\\/company\\\/envirofalk-gmbh\",\"https:\\\/\\\/www.youtube.com\\\/channel\\\/UCM1L-2K6cfBbP3aYgJGbVdA\"],\"description\":\"EnviroFALK Prozesswassertechnik ist Ihr Spezialist f\u00fcr ma\u00dfgeschneiderte Wasseraufbereitungsl\u00f6sungen in der Industrie. Wir bieten innovative Technologien f\u00fcr die Erzeugung und Aufbereitung von Prozesswasser, um h\u00f6chste Effizienz und Qualit\u00e4t in Ihren Produktionsprozessen zu gew\u00e4hrleisten. Mit jahrzehntelanger Erfahrung entwickeln wir nachhaltige und ressourcenschonende L\u00f6sungen, die exakt auf die Anforderungen unserer Kunden abgestimmt sind. Unsere Leistungen umfassen die Filtration, Enth\u00e4rtung, Entsalzung und R\u00fcckgewinnung von Wasser f\u00fcr verschiedenste Anwendungen \u2013 von der Metallverarbeitung bis zur Lebensmittelindustrie. Unsere Experten begleiten Sie von der Planung \u00fcber die Implementierung bis hin zum Service, um eine zuverl\u00e4ssige und wirtschaftliche Wasseraufbereitung sicherzustellen.\",\"email\":\"info@envirofalk.com\",\"telephone\":\"+49 2663 9908-0\",\"legalName\":\"EnviroFALK GmbH\",\"foundingDate\":\"1989-05-01\"}]}<\/script>\n<!-- \/ Yoast SEO Premium plugin. -->","yoast_head_json":{"title":"Groupe EnviroWater &#8211; EnviroFALK","description":"Le groupe EnviroWater r\u00e9unit plusieurs entreprises en un r\u00e9seau pour le traitement des eaux industrielles, des eaux de process et des eaux us\u00e9es.","robots":{"index":"index","follow":"follow","max-snippet":"max-snippet:-1","max-image-preview":"max-image-preview:large","max-video-preview":"max-video-preview:-1"},"canonical":"https:\/\/www.envirofalk.com\/fr\/groupe-envirowater\/","og_locale":"fr_FR","og_type":"article","og_title":"Groupe EnviroWater","og_description":"Le groupe EnviroWater r\u00e9unit plusieurs entreprises en un r\u00e9seau pour le traitement des eaux industrielles, des eaux de process et des eaux us\u00e9es.","og_url":"https:\/\/www.envirofalk.com\/fr\/groupe-envirowater\/","og_site_name":"EnviroFALK","article_publisher":"https:\/\/www.facebook.com\/envirofalk","article_modified_time":"2024-06-14T09:29:52+00:00","twitter_card":"summary_large_image","twitter_misc":{"Dur\u00e9e de lecture estim\u00e9e":"2 minutes"},"schema":{"@context":"https:\/\/schema.org","@graph":[{"@type":"WebPage","@id":"https:\/\/www.envirofalk.com\/fr\/groupe-envirowater\/","url":"https:\/\/www.envirofalk.com\/fr\/groupe-envirowater\/","name":"Groupe EnviroWater &#8211; EnviroFALK","isPartOf":{"@id":"https:\/\/www.envirofalk.com\/fr\/#website"},"datePublished":"2024-01-24T09:57:28+00:00","dateModified":"2024-06-14T09:29:52+00:00","description":"Le groupe EnviroWater r\u00e9unit plusieurs entreprises en un r\u00e9seau pour le traitement des eaux industrielles, des eaux de process et des eaux us\u00e9es.","breadcrumb":{"@id":"https:\/\/www.envirofalk.com\/fr\/groupe-envirowater\/#breadcrumb"},"inLanguage":"fr-FR","potentialAction":[{"@type":"ReadAction","target":["https:\/\/www.envirofalk.com\/fr\/groupe-envirowater\/"]}]},{"@type":"BreadcrumbList","@id":"https:\/\/www.envirofalk.com\/fr\/groupe-envirowater\/#breadcrumb","itemListElement":[{"@type":"ListItem","position":1,"name":"Home","item":"https:\/\/www.envirofalk.com\/fr\/"},{"@type":"ListItem","position":2,"name":"Groupe EnviroWater"}]},{"@type":"WebSite","@id":"https:\/\/www.envirofalk.com\/fr\/#website","url":"https:\/\/www.envirofalk.com\/fr\/","name":"EnviroFALK","description":"Wasseraufbereitungsanlagen f\u00fcr Industrie, Gewerbe &amp; Labor","publisher":{"@id":"https:\/\/www.envirofalk.com\/fr\/#organization"},"potentialAction":[{"@type":"SearchAction","target":{"@type":"EntryPoint","urlTemplate":"https:\/\/www.envirofalk.com\/fr\/?s={search_term_string}"},"query-input":{"@type":"PropertyValueSpecification","valueRequired":true,"valueName":"search_term_string"}}],"inLanguage":"fr-FR"},{"@type":"Organization","@id":"https:\/\/www.envirofalk.com\/fr\/#organization","name":"EnviroFALK","url":"https:\/\/www.envirofalk.com\/fr\/","logo":{"@type":"ImageObject","inLanguage":"fr-FR","@id":"https:\/\/www.envirofalk.com\/fr\/#\/schema\/logo\/image\/","url":"https:\/\/www.envirofalk.com\/wp-content\/uploads\/2023\/01\/logo.svg","contentUrl":"https:\/\/www.envirofalk.com\/wp-content\/uploads\/2023\/01\/logo.svg","caption":"EnviroFALK"},"image":{"@id":"https:\/\/www.envirofalk.com\/fr\/#\/schema\/logo\/image\/"},"sameAs":["https:\/\/www.facebook.com\/envirofalk","https:\/\/www.linkedin.com\/company\/envirofalk-gmbh","https:\/\/www.youtube.com\/channel\/UCM1L-2K6cfBbP3aYgJGbVdA"],"description":"EnviroFALK Prozesswassertechnik ist Ihr Spezialist f\u00fcr ma\u00dfgeschneiderte Wasseraufbereitungsl\u00f6sungen in der Industrie. Wir bieten innovative Technologien f\u00fcr die Erzeugung und Aufbereitung von Prozesswasser, um h\u00f6chste Effizienz und Qualit\u00e4t in Ihren Produktionsprozessen zu gew\u00e4hrleisten. Mit jahrzehntelanger Erfahrung entwickeln wir nachhaltige und ressourcenschonende L\u00f6sungen, die exakt auf die Anforderungen unserer Kunden abgestimmt sind. Unsere Leistungen umfassen die Filtration, Enth\u00e4rtung, Entsalzung und R\u00fcckgewinnung von Wasser f\u00fcr verschiedenste Anwendungen \u2013 von der Metallverarbeitung bis zur Lebensmittelindustrie. Unsere Experten begleiten Sie von der Planung \u00fcber die Implementierung bis hin zum Service, um eine zuverl\u00e4ssige und wirtschaftliche Wasseraufbereitung sicherzustellen.","email":"info@envirofalk.com","telephone":"+49 2663 9908-0","legalName":"EnviroFALK GmbH","foundingDate":"1989-05-01"}]}},"_links":{"self":[{"href":"https:\/\/www.envirofalk.com\/fr\/wp-json\/wp\/v2\/pages\/8627","targetHints":{"allow":["GET"]}}],"collection":[{"href":"https:\/\/www.envirofalk.com\/fr\/wp-json\/wp\/v2\/pages"}],"about":[{"href":"https:\/\/www.envirofalk.com\/fr\/wp-json\/wp\/v2\/types\/page"}],"author":[{"embeddable":true,"href":"https:\/\/www.envirofalk.com\/fr\/wp-json\/wp\/v2\/users\/3"}],"replies":[{"embeddable":true,"href":"https:\/\/www.envirofalk.com\/fr\/wp-json\/wp\/v2\/comments?post=8627"}],"version-history":[{"count":13,"href":"https:\/\/www.envirofalk.com\/fr\/wp-json\/wp\/v2\/pages\/8627\/revisions"}],"predecessor-version":[{"id":15754,"href":"https:\/\/www.envirofalk.com\/fr\/wp-json\/wp\/v2\/pages\/8627\/revisions\/15754"}],"wp:attachment":[{"href":"https:\/\/www.envirofalk.com\/fr\/wp-json\/wp\/v2\/media?parent=8627"}],"curies":[{"name":"wp","href":"https:\/\/api.w.org\/{rel}","templated":true}]}}