{"id":8594,"date":"2024-01-24T10:57:25","date_gmt":"2024-01-24T09:57:25","guid":{"rendered":"https:\/\/www.envirofalk.com\/techniques-de-procedes-produits\/traitement-de-lelectrolyte\/"},"modified":"2026-02-04T09:54:29","modified_gmt":"2026-02-04T08:54:29","slug":"traitement-de-lelectrolyte","status":"publish","type":"page","link":"https:\/\/www.envirofalk.com\/fr\/techniques-de-procedes-produits\/traitement-de-lelectrolyte\/","title":{"rendered":"Traitement de l&rsquo;\u00e9lectrolyte"},"content":{"rendered":"<div class=\"wpb-content-wrapper\"><p>[vc_section][vc_row full_width=\u00a0\u00bbstretch_row_content_no_spaces\u00a0\u00bb][vc_column]<div class=\"custom-top-banner img-box   has-icon\" style=\"background-image: url(https:\/\/www.envirofalk.com\/wp-content\/uploads\/2023\/05\/banner-energieerzeugung.jpg)\"><div class=\"container relative\"><div class=\"text-box\"><div class=\"slideInRight animated\"><img loading=\"lazy\" decoding=\"async\" width=\"1\" height=\"1\" src=\"https:\/\/www.envirofalk.com\/wp-content\/uploads\/2023\/08\/Wasseraufbereitung_Umkehrosmose_Icon.svg\" class=\"attachment-120x120 size-120x120\" alt=\"\" \/><p>Installation d'ultrafiltration pour le <strong>traitement de l'\u00e9lectrolyte<\/strong>.<\/p><\/div><\/div><\/div><\/div>[\/vc_column][\/vc_row][vc_row el_class=\u00a0\u00bbbreadcrumbs-wrapper\u00a0\u00bb][vc_column]<div class=\"breadcrumbs\"><label><\/label> <a href=\"https:\/\/www.envirofalk.com\/fr\/\">Home<\/a><\/div>[\/vc_column][\/vc_row][\/vc_section][vc_section][vc_row css_animation=\u00a0\u00bbslideInUp\u00a0\u00bb el_class=\u00a0\u00bbtwo-columns-row tablet-row\u00a0\u00bb][vc_column width=\u00a0\u00bb3\/4&Prime;][vc_custom_heading text=\u00a0\u00bbTraitement de l&rsquo;\u00e9lectrolyte pour une production efficace d&rsquo;ECM\u00a0\u00bb font_container=\u00a0\u00bbtag:h1|text_align:left\u00a0\u00bb use_theme_fonts=\u00a0\u00bbyes\u00a0\u00bb][vc_column_text]<strong>L&rsquo;usinage \u00e9lectrochimique des m\u00e9taux (ECM) est souvent utilis\u00e9 pour les mat\u00e9riaux difficiles \u00e0 usiner, les formes ou les pi\u00e8ces compliqu\u00e9es. En particulier pour les composants de haute qualit\u00e9, tels que les aubes de turbine, les buses d&rsquo;injection, les moules d&rsquo;injection ou les implants m\u00e9dicaux.<\/strong><\/p>\n<p>Lors de l&rsquo;enl\u00e8vement \u00e9lectrochimique, des ions m\u00e9talliques sont d\u00e9tach\u00e9s de la pi\u00e8ce \u00e0 usiner. Le mat\u00e9riau enlev\u00e9, qui se d\u00e9pose sous forme de boue d&rsquo;hydroxyde m\u00e9tallique, doit \u00eatre filtr\u00e9 de la solution d&rsquo;\u00e9lectrolyte. EnviroFALK d\u00e9veloppe des installations d&rsquo;ultrafiltration sp\u00e9cialement adapt\u00e9es \u00e0 la purification et au traitement des \u00e9lectrolytes pour la s\u00e9paration des hydroxydes m\u00e9talliques.[\/vc_column_text][\/vc_column][vc_column width=\u00a0\u00bb1\/4&Prime;]<div class=\"online-consultant-box  wpb_content_element\"><div class=\"online-consultant\"><div><div class=\"person-info\"><h5>Philippe Anstett<\/h5><ul class=\"person-list\"><li><a href=\"tel:+41 41 740 44 24\">+41 41 740 44 24<\/a><\/li><\/ul><\/div><a href=\"https:\/\/www.envirofalk.com\/fr\/contact\/\" target=\"_self\" class=\"custom-btn \"><i class=\"icon-chevron-right\"><\/i>Contact<\/a><\/div><div class=\"relative\"><svg xmlns=\"http:\/\/www.w3.org\/2000\/svg\" viewBox=\"0 0 32.83 32.83\">\n\t\t\t\t\t\t\t\t\t<defs>\n\t\t\t\t\t\t\t\t\t\t<linearGradient id=\"gradient\" x1=\"0%\" y1=\"0%\" x2=\"0%\" y2=\"100%\" gradientTransform=\"rotate(-135)\">\n\t\t\t\t\t\t\t\t\t\t\t<stop offset=\"0%\" stop-color=\"#97be0d\"\/>\n\t\t\t\t\t\t\t\t\t\t\t\t<stop offset=\"100%\" stop-color=\"rgba(255, 255, 255, 0)\"\/>\n\t\t\t\t\t\t\t\t\t\t<\/linearGradient>\n\t\t\t\t\t\t\t\t\t<\/defs>\n\t\t\t\t\t\t\t\t\t<path class=\"wpb_animate_when_almost_visible circular-progress\" stroke=\"url(#gradient)\" stroke-width=\"1\" stroke-dasharray=\"100, 100\" fill=\"none\" d=\"M18,2.08a15.92,15.92,0,0,1,0,31.84h0A15.92,15.92,0,0,1,18,2.08\" transform=\"translate(-1.59 -1.58)\"\/>\n                            \t<\/svg><span><img loading=\"lazy\" decoding=\"async\" width=\"500\" height=\"500\" src=\"https:\/\/www.envirofalk.com\/wp-content\/uploads\/2024\/04\/Philippe-Anstett.png\" class=\"attachment-full size-full\" alt=\"\" srcset=\"https:\/\/www.envirofalk.com\/wp-content\/uploads\/2024\/04\/Philippe-Anstett.png 500w, https:\/\/www.envirofalk.com\/wp-content\/uploads\/2024\/04\/Philippe-Anstett-350x350.png 350w, https:\/\/www.envirofalk.com\/wp-content\/uploads\/2024\/04\/Philippe-Anstett-150x150.png 150w\" sizes=\"auto, (max-width: 500px) 100vw, 500px\" \/><\/span><\/div><\/div><\/div>[\/vc_column][\/vc_row][\/vc_section][vc_section][vc_row el_class=\u00a0\u00bbtablet-row vertical-center\u00a0\u00bb][vc_column css_animation=\u00a0\u00bbslideInLeft\u00a0\u00bb width=\u00a0\u00bb1\/2&Prime;][vc_column_text el_class=\u00a0\u00bbarrows-list\u00a0\u00bb]<\/p>\n<h2>Les installations d&rsquo;ultrafiltration d&rsquo;EnviroFALK offrent des avantages tangibles \u00e0 l&rsquo;\u00e9puration des \u00e9lectrolytes :<\/h2>\n<ul>\n<li>Processus ECM comp\u00e9titif et efficace gr\u00e2ce \u00e0 la qualit\u00e9 \u00e9lev\u00e9e et constante de l&rsquo;\u00e9lectrolyte<\/li>\n<li>Taux d&rsquo;utilisation \u00e9lev\u00e9 de la machine ECM<\/li>\n<li>Nette r\u00e9duction du nettoyage du filtre-presse \u00e0 chambres<\/li>\n<li>\u00c9limination simple et \u00e9conomique des g\u00e2teaux de filtre d&rsquo;hydroxyde m\u00e9tallique<\/li>\n<li>Au niveau de performance 50 l\/min. (3.000 l\/h), 100 l\/min. (6.000 l\/h) et 150 l\/min. (9.000 l\/h) est disponible.<\/li>\n<li>Possibilit\u00e9 de fabrication sp\u00e9ciale sur demande du client<\/li>\n<\/ul>\n<p>[\/vc_column_text][\/vc_column][vc_column css_animation=\u00a0\u00bbslideInRight\u00a0\u00bb width=\u00a0\u00bb1\/2&Prime;]<div class=\"bg-image img-box\" style=\"background-image: url(https:\/\/www.envirofalk.com\/wp-content\/uploads\/2023\/02\/bg-about.gif)\"><img loading=\"lazy\" decoding=\"async\" width=\"496\" height=\"500\" src=\"https:\/\/www.envirofalk.com\/wp-content\/uploads\/2023\/11\/EnviroFALK_Anlage_Elektrolytaufbereitung_Wasseraufbereitung.png\" class=\"attachment-full size-full\" alt=\"Elektrolytaufbereitungsanlage\" srcset=\"https:\/\/www.envirofalk.com\/wp-content\/uploads\/2023\/11\/EnviroFALK_Anlage_Elektrolytaufbereitung_Wasseraufbereitung.png 496w, https:\/\/www.envirofalk.com\/wp-content\/uploads\/2023\/11\/EnviroFALK_Anlage_Elektrolytaufbereitung_Wasseraufbereitung-347x350.png 347w, https:\/\/www.envirofalk.com\/wp-content\/uploads\/2023\/11\/EnviroFALK_Anlage_Elektrolytaufbereitung_Wasseraufbereitung-150x150.png 150w\" sizes=\"auto, (max-width: 496px) 100vw, 496px\" \/><\/div>[\/vc_column][\/vc_row][\/vc_section]<\/p>\n<\/div>","protected":false},"excerpt":{"rendered":"<p>[vc_section][vc_row full_width=\u00a0\u00bbstretch_row_content_no_spaces\u00a0\u00bb][vc_column][\/vc_column][\/vc_row][vc_row el_class=\u00a0\u00bbbreadcrumbs-wrapper\u00a0\u00bb][vc_column][\/vc_column][\/vc_row][\/vc_section][vc_section][vc_row css_animation=\u00a0\u00bbslideInUp\u00a0\u00bb el_class=\u00a0\u00bbtwo-columns-row tablet-row\u00a0\u00bb][vc_column width=\u00a0\u00bb3\/4&Prime;][vc_custom_heading text=\u00a0\u00bbTraitement de l&rsquo;\u00e9lectrolyte pour une production efficace d&rsquo;ECM\u00a0\u00bb font_container=\u00a0\u00bbtag:h1|text_align:left\u00a0\u00bb use_theme_fonts=\u00a0\u00bbyes\u00a0\u00bb][vc_column_text]L&rsquo;usinage \u00e9lectrochimique des m\u00e9taux (ECM) est souvent utilis\u00e9 pour les mat\u00e9riaux difficiles \u00e0 usiner, les formes ou les pi\u00e8ces compliqu\u00e9es. En particulier pour les composants de haute qualit\u00e9, tels que les aubes de turbine, les buses d&rsquo;injection, les moules [&hellip;]<\/p>\n","protected":false},"author":3,"featured_media":0,"parent":7520,"menu_order":17,"comment_status":"closed","ping_status":"closed","template":"","meta":{"_acf_changed":false,"rs_blank_template":"","rs_page_bg_color":"","slide_template_v7":"","footnotes":""},"class_list":["post-8594","page","type-page","status-publish","hentry"],"acf":[],"yoast_head":"<!-- This site is optimized with the Yoast SEO Premium plugin v27.5 (Yoast SEO v27.5) - https:\/\/yoast.com\/product\/yoast-seo-premium-wordpress\/ -->\n<title>Traitement de l&#039;\u00e9lectrolyte &#8211; EnviroFALK<\/title>\n<meta name=\"description\" content=\"Les syst\u00e8mes d&#039;ultrafiltration EnviroFALK offrent des avantages concrets \u00e0 la purification des \u00e9lectrolytes pour le traitement \u00e9lectrochimique des m\u00e9taux\" \/>\n<meta name=\"robots\" content=\"index, follow, max-snippet:-1, max-image-preview:large, max-video-preview:-1\" \/>\n<link rel=\"canonical\" href=\"https:\/\/www.envirofalk.com\/fr\/techniques-de-procedes-produits\/traitement-de-lelectrolyte\/\" \/>\n<meta property=\"og:locale\" content=\"fr_FR\" \/>\n<meta property=\"og:type\" content=\"article\" \/>\n<meta property=\"og:title\" content=\"Traitement de l&#039;\u00e9lectrolyte\" \/>\n<meta property=\"og:description\" content=\"Les syst\u00e8mes d&#039;ultrafiltration EnviroFALK offrent des avantages concrets \u00e0 la purification des \u00e9lectrolytes pour le traitement \u00e9lectrochimique des m\u00e9taux\" \/>\n<meta property=\"og:url\" content=\"https:\/\/www.envirofalk.com\/fr\/techniques-de-procedes-produits\/traitement-de-lelectrolyte\/\" \/>\n<meta property=\"og:site_name\" content=\"EnviroFALK\" \/>\n<meta property=\"article:publisher\" content=\"https:\/\/www.facebook.com\/envirofalk\" \/>\n<meta property=\"article:modified_time\" content=\"2026-02-04T08:54:29+00:00\" \/>\n<meta name=\"twitter:card\" content=\"summary_large_image\" \/>\n<meta name=\"twitter:label1\" content=\"Dur\u00e9e de lecture estim\u00e9e\" \/>\n\t<meta name=\"twitter:data1\" content=\"2 minutes\" \/>\n<script type=\"application\/ld+json\" class=\"yoast-schema-graph\">{\"@context\":\"https:\\\/\\\/schema.org\",\"@graph\":[{\"@type\":\"WebPage\",\"@id\":\"https:\\\/\\\/www.envirofalk.com\\\/fr\\\/techniques-de-procedes-produits\\\/traitement-de-lelectrolyte\\\/\",\"url\":\"https:\\\/\\\/www.envirofalk.com\\\/fr\\\/techniques-de-procedes-produits\\\/traitement-de-lelectrolyte\\\/\",\"name\":\"Traitement de l'\u00e9lectrolyte &#8211; EnviroFALK\",\"isPartOf\":{\"@id\":\"https:\\\/\\\/www.envirofalk.com\\\/fr\\\/#website\"},\"datePublished\":\"2024-01-24T09:57:25+00:00\",\"dateModified\":\"2026-02-04T08:54:29+00:00\",\"description\":\"Les syst\u00e8mes d'ultrafiltration EnviroFALK offrent des avantages concrets \u00e0 la purification des \u00e9lectrolytes pour le traitement \u00e9lectrochimique des m\u00e9taux\",\"breadcrumb\":{\"@id\":\"https:\\\/\\\/www.envirofalk.com\\\/fr\\\/techniques-de-procedes-produits\\\/traitement-de-lelectrolyte\\\/#breadcrumb\"},\"inLanguage\":\"fr-FR\",\"potentialAction\":[{\"@type\":\"ReadAction\",\"target\":[\"https:\\\/\\\/www.envirofalk.com\\\/fr\\\/techniques-de-procedes-produits\\\/traitement-de-lelectrolyte\\\/\"]}]},{\"@type\":\"BreadcrumbList\",\"@id\":\"https:\\\/\\\/www.envirofalk.com\\\/fr\\\/techniques-de-procedes-produits\\\/traitement-de-lelectrolyte\\\/#breadcrumb\",\"itemListElement\":[{\"@type\":\"ListItem\",\"position\":1,\"name\":\"Home\",\"item\":\"https:\\\/\\\/www.envirofalk.com\\\/fr\\\/\"},{\"@type\":\"ListItem\",\"position\":2,\"name\":\"Techniques de proc\u00e9d\u00e9s &amp; produits\",\"item\":\"https:\\\/\\\/www.envirofalk.com\\\/fr\\\/techniques-de-procedes-produits\\\/\"},{\"@type\":\"ListItem\",\"position\":3,\"name\":\"Traitement de l&#8217;\u00e9lectrolyte\"}]},{\"@type\":\"WebSite\",\"@id\":\"https:\\\/\\\/www.envirofalk.com\\\/fr\\\/#website\",\"url\":\"https:\\\/\\\/www.envirofalk.com\\\/fr\\\/\",\"name\":\"EnviroFALK\",\"description\":\"Wasseraufbereitungsanlagen f\u00fcr Industrie, Gewerbe &amp; Labor\",\"publisher\":{\"@id\":\"https:\\\/\\\/www.envirofalk.com\\\/fr\\\/#organization\"},\"potentialAction\":[{\"@type\":\"SearchAction\",\"target\":{\"@type\":\"EntryPoint\",\"urlTemplate\":\"https:\\\/\\\/www.envirofalk.com\\\/fr\\\/?s={search_term_string}\"},\"query-input\":{\"@type\":\"PropertyValueSpecification\",\"valueRequired\":true,\"valueName\":\"search_term_string\"}}],\"inLanguage\":\"fr-FR\"},{\"@type\":\"Organization\",\"@id\":\"https:\\\/\\\/www.envirofalk.com\\\/fr\\\/#organization\",\"name\":\"EnviroFALK\",\"url\":\"https:\\\/\\\/www.envirofalk.com\\\/fr\\\/\",\"logo\":{\"@type\":\"ImageObject\",\"inLanguage\":\"fr-FR\",\"@id\":\"https:\\\/\\\/www.envirofalk.com\\\/fr\\\/#\\\/schema\\\/logo\\\/image\\\/\",\"url\":\"https:\\\/\\\/www.envirofalk.com\\\/wp-content\\\/uploads\\\/2023\\\/01\\\/logo.svg\",\"contentUrl\":\"https:\\\/\\\/www.envirofalk.com\\\/wp-content\\\/uploads\\\/2023\\\/01\\\/logo.svg\",\"caption\":\"EnviroFALK\"},\"image\":{\"@id\":\"https:\\\/\\\/www.envirofalk.com\\\/fr\\\/#\\\/schema\\\/logo\\\/image\\\/\"},\"sameAs\":[\"https:\\\/\\\/www.facebook.com\\\/envirofalk\",\"https:\\\/\\\/www.linkedin.com\\\/company\\\/envirofalk-gmbh\",\"https:\\\/\\\/www.youtube.com\\\/channel\\\/UCM1L-2K6cfBbP3aYgJGbVdA\"],\"description\":\"EnviroFALK Prozesswassertechnik ist Ihr Spezialist f\u00fcr ma\u00dfgeschneiderte Wasseraufbereitungsl\u00f6sungen in der Industrie. Wir bieten innovative Technologien f\u00fcr die Erzeugung und Aufbereitung von Prozesswasser, um h\u00f6chste Effizienz und Qualit\u00e4t in Ihren Produktionsprozessen zu gew\u00e4hrleisten. Mit jahrzehntelanger Erfahrung entwickeln wir nachhaltige und ressourcenschonende L\u00f6sungen, die exakt auf die Anforderungen unserer Kunden abgestimmt sind. Unsere Leistungen umfassen die Filtration, Enth\u00e4rtung, Entsalzung und R\u00fcckgewinnung von Wasser f\u00fcr verschiedenste Anwendungen \u2013 von der Metallverarbeitung bis zur Lebensmittelindustrie. Unsere Experten begleiten Sie von der Planung \u00fcber die Implementierung bis hin zum Service, um eine zuverl\u00e4ssige und wirtschaftliche Wasseraufbereitung sicherzustellen.\",\"email\":\"info@envirofalk.com\",\"telephone\":\"+49 2663 9908-0\",\"legalName\":\"EnviroFALK GmbH\",\"foundingDate\":\"1989-05-01\"}]}<\/script>\n<!-- \/ Yoast SEO Premium plugin. -->","yoast_head_json":{"title":"Traitement de l'\u00e9lectrolyte &#8211; EnviroFALK","description":"Les syst\u00e8mes d'ultrafiltration EnviroFALK offrent des avantages concrets \u00e0 la purification des \u00e9lectrolytes pour le traitement \u00e9lectrochimique des m\u00e9taux","robots":{"index":"index","follow":"follow","max-snippet":"max-snippet:-1","max-image-preview":"max-image-preview:large","max-video-preview":"max-video-preview:-1"},"canonical":"https:\/\/www.envirofalk.com\/fr\/techniques-de-procedes-produits\/traitement-de-lelectrolyte\/","og_locale":"fr_FR","og_type":"article","og_title":"Traitement de l'\u00e9lectrolyte","og_description":"Les syst\u00e8mes d'ultrafiltration EnviroFALK offrent des avantages concrets \u00e0 la purification des \u00e9lectrolytes pour le traitement \u00e9lectrochimique des m\u00e9taux","og_url":"https:\/\/www.envirofalk.com\/fr\/techniques-de-procedes-produits\/traitement-de-lelectrolyte\/","og_site_name":"EnviroFALK","article_publisher":"https:\/\/www.facebook.com\/envirofalk","article_modified_time":"2026-02-04T08:54:29+00:00","twitter_card":"summary_large_image","twitter_misc":{"Dur\u00e9e de lecture estim\u00e9e":"2 minutes"},"schema":{"@context":"https:\/\/schema.org","@graph":[{"@type":"WebPage","@id":"https:\/\/www.envirofalk.com\/fr\/techniques-de-procedes-produits\/traitement-de-lelectrolyte\/","url":"https:\/\/www.envirofalk.com\/fr\/techniques-de-procedes-produits\/traitement-de-lelectrolyte\/","name":"Traitement de l'\u00e9lectrolyte &#8211; EnviroFALK","isPartOf":{"@id":"https:\/\/www.envirofalk.com\/fr\/#website"},"datePublished":"2024-01-24T09:57:25+00:00","dateModified":"2026-02-04T08:54:29+00:00","description":"Les syst\u00e8mes d'ultrafiltration EnviroFALK offrent des avantages concrets \u00e0 la purification des \u00e9lectrolytes pour le traitement \u00e9lectrochimique des m\u00e9taux","breadcrumb":{"@id":"https:\/\/www.envirofalk.com\/fr\/techniques-de-procedes-produits\/traitement-de-lelectrolyte\/#breadcrumb"},"inLanguage":"fr-FR","potentialAction":[{"@type":"ReadAction","target":["https:\/\/www.envirofalk.com\/fr\/techniques-de-procedes-produits\/traitement-de-lelectrolyte\/"]}]},{"@type":"BreadcrumbList","@id":"https:\/\/www.envirofalk.com\/fr\/techniques-de-procedes-produits\/traitement-de-lelectrolyte\/#breadcrumb","itemListElement":[{"@type":"ListItem","position":1,"name":"Home","item":"https:\/\/www.envirofalk.com\/fr\/"},{"@type":"ListItem","position":2,"name":"Techniques de proc\u00e9d\u00e9s &amp; produits","item":"https:\/\/www.envirofalk.com\/fr\/techniques-de-procedes-produits\/"},{"@type":"ListItem","position":3,"name":"Traitement de l&#8217;\u00e9lectrolyte"}]},{"@type":"WebSite","@id":"https:\/\/www.envirofalk.com\/fr\/#website","url":"https:\/\/www.envirofalk.com\/fr\/","name":"EnviroFALK","description":"Wasseraufbereitungsanlagen f\u00fcr Industrie, Gewerbe &amp; Labor","publisher":{"@id":"https:\/\/www.envirofalk.com\/fr\/#organization"},"potentialAction":[{"@type":"SearchAction","target":{"@type":"EntryPoint","urlTemplate":"https:\/\/www.envirofalk.com\/fr\/?s={search_term_string}"},"query-input":{"@type":"PropertyValueSpecification","valueRequired":true,"valueName":"search_term_string"}}],"inLanguage":"fr-FR"},{"@type":"Organization","@id":"https:\/\/www.envirofalk.com\/fr\/#organization","name":"EnviroFALK","url":"https:\/\/www.envirofalk.com\/fr\/","logo":{"@type":"ImageObject","inLanguage":"fr-FR","@id":"https:\/\/www.envirofalk.com\/fr\/#\/schema\/logo\/image\/","url":"https:\/\/www.envirofalk.com\/wp-content\/uploads\/2023\/01\/logo.svg","contentUrl":"https:\/\/www.envirofalk.com\/wp-content\/uploads\/2023\/01\/logo.svg","caption":"EnviroFALK"},"image":{"@id":"https:\/\/www.envirofalk.com\/fr\/#\/schema\/logo\/image\/"},"sameAs":["https:\/\/www.facebook.com\/envirofalk","https:\/\/www.linkedin.com\/company\/envirofalk-gmbh","https:\/\/www.youtube.com\/channel\/UCM1L-2K6cfBbP3aYgJGbVdA"],"description":"EnviroFALK Prozesswassertechnik ist Ihr Spezialist f\u00fcr ma\u00dfgeschneiderte Wasseraufbereitungsl\u00f6sungen in der Industrie. Wir bieten innovative Technologien f\u00fcr die Erzeugung und Aufbereitung von Prozesswasser, um h\u00f6chste Effizienz und Qualit\u00e4t in Ihren Produktionsprozessen zu gew\u00e4hrleisten. Mit jahrzehntelanger Erfahrung entwickeln wir nachhaltige und ressourcenschonende L\u00f6sungen, die exakt auf die Anforderungen unserer Kunden abgestimmt sind. Unsere Leistungen umfassen die Filtration, Enth\u00e4rtung, Entsalzung und R\u00fcckgewinnung von Wasser f\u00fcr verschiedenste Anwendungen \u2013 von der Metallverarbeitung bis zur Lebensmittelindustrie. Unsere Experten begleiten Sie von der Planung \u00fcber die Implementierung bis hin zum Service, um eine zuverl\u00e4ssige und wirtschaftliche Wasseraufbereitung sicherzustellen.","email":"info@envirofalk.com","telephone":"+49 2663 9908-0","legalName":"EnviroFALK GmbH","foundingDate":"1989-05-01"}]}},"_links":{"self":[{"href":"https:\/\/www.envirofalk.com\/fr\/wp-json\/wp\/v2\/pages\/8594","targetHints":{"allow":["GET"]}}],"collection":[{"href":"https:\/\/www.envirofalk.com\/fr\/wp-json\/wp\/v2\/pages"}],"about":[{"href":"https:\/\/www.envirofalk.com\/fr\/wp-json\/wp\/v2\/types\/page"}],"author":[{"embeddable":true,"href":"https:\/\/www.envirofalk.com\/fr\/wp-json\/wp\/v2\/users\/3"}],"replies":[{"embeddable":true,"href":"https:\/\/www.envirofalk.com\/fr\/wp-json\/wp\/v2\/comments?post=8594"}],"version-history":[{"count":10,"href":"https:\/\/www.envirofalk.com\/fr\/wp-json\/wp\/v2\/pages\/8594\/revisions"}],"predecessor-version":[{"id":26685,"href":"https:\/\/www.envirofalk.com\/fr\/wp-json\/wp\/v2\/pages\/8594\/revisions\/26685"}],"up":[{"embeddable":true,"href":"https:\/\/www.envirofalk.com\/fr\/wp-json\/wp\/v2\/pages\/7520"}],"wp:attachment":[{"href":"https:\/\/www.envirofalk.com\/fr\/wp-json\/wp\/v2\/media?parent=8594"}],"curies":[{"name":"wp","href":"https:\/\/api.w.org\/{rel}","templated":true}]}}