{"id":8551,"date":"2024-01-24T10:57:17","date_gmt":"2024-01-24T09:57:17","guid":{"rendered":"https:\/\/www.envirofalk.com\/connaissances-dexperts-sur-le-traitement-de-leau\/eau-demineralisee\/"},"modified":"2024-06-26T10:13:16","modified_gmt":"2024-06-26T08:13:16","slug":"eau-demineralisee","status":"publish","type":"page","link":"https:\/\/www.envirofalk.com\/fr\/connaissances-dexperts-sur-le-traitement-de-leau\/eau-demineralisee\/","title":{"rendered":"Eau d\u00e9min\u00e9ralis\u00e9e"},"content":{"rendered":"<div class=\"wpb-content-wrapper\"><p>[vc_section][vc_row full_width=\u00a0\u00bbstretch_row_content_no_spaces\u00a0\u00bb][vc_column]<div class=\"custom-top-banner img-box   has-icon\" style=\"background-image: url(https:\/\/www.envirofalk.com\/wp-content\/uploads\/2023\/08\/Pressemitteilungen_1920x640-fcfcc37a.webp)\"><div class=\"container relative\"><div class=\"text-box\"><div class=\"slideInRight animated\"><img loading=\"lazy\" decoding=\"async\" width=\"1\" height=\"1\" src=\"https:\/\/www.envirofalk.com\/wp-content\/uploads\/2023\/09\/Wasseraufbereitung_EnviroFALK_Logo.svg\" class=\"attachment-120x120 size-120x120\" alt=\"EnviroFALK-Logo Icon\" \/><p>Le savoir des experts en un coup d'\u0153il<\/p><\/div><\/div><\/div><\/div>[\/vc_column][\/vc_row][vc_row el_class=\u00a0\u00bbbreadcrumbs-wrapper\u00a0\u00bb][vc_column]<div class=\"breadcrumbs\"><label><\/label> <a href=\"https:\/\/www.envirofalk.com\/fr\/\">Home<\/a><\/div>[\/vc_column][\/vc_row][\/vc_section][vc_section][vc_row css_animation=\u00a0\u00bbslideInUp\u00a0\u00bb el_class=\u00a0\u00bbtwo-columns-row tablet-row\u00a0\u00bb][vc_column width=\u00a0\u00bb3\/4&Prime;][vc_custom_heading text=\u00a0\u00bbEau d\u00e9min\u00e9ralis\u00e9e\u00a0\u00bb font_container=\u00a0\u00bbtag:h1|text_align:left\u00a0\u00bb use_theme_fonts=\u00a0\u00bbyes\u00a0\u00bb][vc_column_text]<\/p>\n<h2 class=\"ce_headline \">De l&rsquo;eau d\u00e9min\u00e9ralis\u00e9e de haute qualit\u00e9 pour vos besoins &#8211; gr\u00e2ce \u00e0 l&rsquo;installation de traitement de l&rsquo;eau EnviroFALK<\/h2>\n<p>[\/vc_column_text][\/vc_column][vc_column width=\u00a0\u00bb1\/4&Prime;]<div class=\"online-consultant-box  wpb_content_element\"><div class=\"online-consultant\"><div><div class=\"person-info\"><h5>Christoph Merkle<\/h5><ul class=\"person-list\"><li><a href=\"tel:+49 2663 9908-588\">+49 2663 9908-588<\/a><\/li><\/ul><\/div><a href=\"#beratung\" target=\"_self\" class=\"custom-btn show-modal\"><i class=\"icon-chevron-right\"><\/i>Vers la consultation en ligne<\/a><\/div><div class=\"relative\"><svg xmlns=\"http:\/\/www.w3.org\/2000\/svg\" viewBox=\"0 0 32.83 32.83\">\n\t\t\t\t\t\t\t\t\t<defs>\n\t\t\t\t\t\t\t\t\t\t<linearGradient id=\"gradient\" x1=\"0%\" y1=\"0%\" x2=\"0%\" y2=\"100%\" gradientTransform=\"rotate(-135)\">\n\t\t\t\t\t\t\t\t\t\t\t<stop offset=\"0%\" stop-color=\"#97be0d\"\/>\n\t\t\t\t\t\t\t\t\t\t\t\t<stop offset=\"100%\" stop-color=\"rgba(255, 255, 255, 0)\"\/>\n\t\t\t\t\t\t\t\t\t\t<\/linearGradient>\n\t\t\t\t\t\t\t\t\t<\/defs>\n\t\t\t\t\t\t\t\t\t<path class=\"wpb_animate_when_almost_visible circular-progress\" stroke=\"url(#gradient)\" stroke-width=\"1\" stroke-dasharray=\"100, 100\" fill=\"none\" d=\"M18,2.08a15.92,15.92,0,0,1,0,31.84h0A15.92,15.92,0,0,1,18,2.08\" transform=\"translate(-1.59 -1.58)\"\/>\n                            \t<\/svg><span><img loading=\"lazy\" decoding=\"async\" width=\"800\" height=\"800\" src=\"https:\/\/www.envirofalk.com\/wp-content\/uploads\/2023\/08\/Chris_Merkle_Website_neu.png\" class=\"attachment-full size-full\" alt=\"Mitarbeiter Chris Merkle\" srcset=\"https:\/\/www.envirofalk.com\/wp-content\/uploads\/2023\/08\/Chris_Merkle_Website_neu.png 800w, https:\/\/www.envirofalk.com\/wp-content\/uploads\/2023\/08\/Chris_Merkle_Website_neu-350x350.png 350w, https:\/\/www.envirofalk.com\/wp-content\/uploads\/2023\/08\/Chris_Merkle_Website_neu-150x150.png 150w, https:\/\/www.envirofalk.com\/wp-content\/uploads\/2023\/08\/Chris_Merkle_Website_neu-768x768.png 768w\" sizes=\"auto, (max-width: 800px) 100vw, 800px\" \/><\/span><\/div><\/div><\/div><div class=\"quick-links sm wpb_content_element\" data-background=\"#ebebeb\"><div class=\"flexbox\"><a href=\"#\" target=\"_self\"><div class=\"icon default\"><img decoding=\"async\" src=\"https:\/\/www.envirofalk.com\/wp-content\/uploads\/2023\/05\/icon_service.svg\" class=\"attachment-full size-full\" alt=\"Person mit Headset Icon\" \/><\/div><div><h6>Service<\/h6><\/div><\/a><\/div><div class=\"flexbox\"><a href=\"#\" target=\"_self\"><div class=\"icon default\"><img decoding=\"async\" src=\"https:\/\/www.envirofalk.com\/wp-content\/uploads\/2023\/05\/icon_messen-events.svg\" class=\"attachment-full size-full\" alt=\"\" \/><\/div><div><h6>Salons & \u00e9v\u00e9nements<\/h6><\/div><\/a><\/div><div class=\"flexbox\"><a href=\"#\" target=\"_self\"><div class=\"icon default\"><img decoding=\"async\" src=\"https:\/\/www.envirofalk.com\/wp-content\/uploads\/2023\/05\/icon_downloads.svg\" class=\"attachment-full size-full\" alt=\"Blatt Papier mit Pfeil nach unten\" \/><\/div><div><h6>T\u00e9l\u00e9chargements<\/h6><\/div><\/a><\/div><div class=\"flexbox\"><a href=\"#\" target=\"_self\"><div class=\"icon default\"><img decoding=\"async\" src=\"https:\/\/www.envirofalk.com\/wp-content\/uploads\/2023\/05\/icon_kundenlosungen.svg\" class=\"attachment-full size-full\" alt=\"Gl\u00fchbirne Icon\" \/><\/div><div><h6>Tirage au sort des clients<\/h6><\/div><\/a><\/div><\/div>[\/vc_column][\/vc_row][\/vc_section][vc_section][vc_row css_animation=\u00a0\u00bbslideInUp\u00a0\u00bb el_class=\u00a0\u00bbtwo-columns-row tablet-row\u00a0\u00bb][vc_column width=\u00a0\u00bb1\/2&Prime;][vc_column_text css=\u00a0\u00bb\u00a0\u00bb]<\/p>\n<div class=\"ce_text block\">\n<p><strong>L&rsquo;eau d\u00e9min\u00e9ralis\u00e9e &#8211; souvent appel\u00e9e eau d\u00e9ionis\u00e9e, d\u00e9ionate, eau d\u00e9min\u00e9ralis\u00e9e, eau d\u00e9min\u00e9ralis\u00e9e ou simplement eau d\u00e9min\u00e9ralis\u00e9e dans les milieux sp\u00e9cialis\u00e9s &#8211; est indispensable pour de nombreuses applications industrielles. M\u00eame pour les v\u00f4tres ?<\/strong> Avec une <a href=\"https:\/\/www.envirofalk.com\/fr\/connaissances-dexperts-sur-le-traitement-de-leau\/station-de-traitement-de-leau\/\">installation de traitement de l&rsquo;eau<\/a> EnviroFALK, vous disposez \u00e0 tout moment d&rsquo;une eau d\u00e9min\u00e9ralis\u00e9e d&rsquo;excellente qualit\u00e9 pour vos processus !<\/p>\n<h2>Une installation d&rsquo;IP adapt\u00e9e \u00e0 chaque besoin<\/h2>\n<p>Les exigences en mati\u00e8re de qualit\u00e9 de l&rsquo;eau d\u00e9min\u00e9ralis\u00e9e peuvent \u00eatre tr\u00e8s diff\u00e9rentes. Et les installations de traitement de l&rsquo;eau d&rsquo;EnviroFALK sont tout aussi individuelles. Nous ne travaillons pas selon des sch\u00e9mas, mais sommes toujours tr\u00e8s proches de nos clients. <strong>Notre objectif d\u00e9clar\u00e9 : une installationVE \u00ab\u00a0Made in Germany\u00a0\u00bb qui r\u00e9pond exactement \u00e0 vos besoins.<\/strong> Que vous ayez besoin d&rsquo;eau d\u00e9min\u00e9ralis\u00e9e comme fluide caloporteur dans le circuit de refroidissement d&rsquo;une centrale \u00e9lectrique, pour des installations de nettoyage des m\u00e9taux, des humidificateurs d&rsquo;air, des bains de rin\u00e7age et des bains galvaniques ou pour l&rsquo;alimentation de chaudi\u00e8res \u00e0 vapeur et de turbines \u00e0 vapeur : Nous mettons \u00e0 votre disposition l&rsquo;installation ad\u00e9quate pour produire de l&rsquo;eau d\u00e9min\u00e9ralis\u00e9e !<\/p>\n<\/div>\n<p>[\/vc_column_text][\/vc_column][vc_column width=\u00a0\u00bb1\/2&Prime;][vc_single_image image=\u00a0\u00bb4961&Prime; img_size=\u00a0\u00bbfull\u00a0\u00bb][\/vc_column][\/vc_row][\/vc_section][vc_row][vc_column][\/vc_column][\/vc_row]<\/p>\n<\/div>","protected":false},"excerpt":{"rendered":"<p>[vc_section][vc_row full_width=\u00a0\u00bbstretch_row_content_no_spaces\u00a0\u00bb][vc_column][\/vc_column][\/vc_row][vc_row el_class=\u00a0\u00bbbreadcrumbs-wrapper\u00a0\u00bb][vc_column][\/vc_column][\/vc_row][\/vc_section][vc_section][vc_row css_animation=\u00a0\u00bbslideInUp\u00a0\u00bb el_class=\u00a0\u00bbtwo-columns-row tablet-row\u00a0\u00bb][vc_column width=\u00a0\u00bb3\/4&Prime;][vc_custom_heading text=\u00a0\u00bbEau d\u00e9min\u00e9ralis\u00e9e\u00a0\u00bb font_container=\u00a0\u00bbtag:h1|text_align:left\u00a0\u00bb use_theme_fonts=\u00a0\u00bbyes\u00a0\u00bb][vc_column_text] De l&rsquo;eau d\u00e9min\u00e9ralis\u00e9e de haute qualit\u00e9 pour vos besoins &#8211; gr\u00e2ce \u00e0 l&rsquo;installation de traitement de l&rsquo;eau EnviroFALK [\/vc_column_text][\/vc_column][vc_column width=\u00a0\u00bb1\/4&Prime;][\/vc_column][\/vc_row][\/vc_section][vc_section][vc_row css_animation=\u00a0\u00bbslideInUp\u00a0\u00bb el_class=\u00a0\u00bbtwo-columns-row tablet-row\u00a0\u00bb][vc_column width=\u00a0\u00bb1\/2&Prime;][vc_column_text css=\u00a0\u00bb\u00a0\u00bb] L&rsquo;eau d\u00e9min\u00e9ralis\u00e9e &#8211; souvent appel\u00e9e eau d\u00e9ionis\u00e9e, d\u00e9ionate, eau d\u00e9min\u00e9ralis\u00e9e, eau d\u00e9min\u00e9ralis\u00e9e ou simplement eau d\u00e9min\u00e9ralis\u00e9e dans les milieux [&hellip;]<\/p>\n","protected":false},"author":5,"featured_media":0,"parent":8007,"menu_order":38,"comment_status":"closed","ping_status":"closed","template":"","meta":{"_acf_changed":false,"rs_blank_template":"","rs_page_bg_color":"","slide_template_v7":"","footnotes":""},"class_list":["post-8551","page","type-page","status-publish","hentry"],"acf":[],"yoast_head":"<!-- This site is optimized with the Yoast SEO Premium plugin v27.6 (Yoast SEO v27.6) - https:\/\/yoast.com\/product\/yoast-seo-premium-wordpress\/ -->\n<title>Eau d\u00e9min\u00e9ralis\u00e9e &#8211; EnviroFALK<\/title>\n<meta name=\"description\" content=\"L&#039;eau d\u00e9min\u00e9ralis\u00e9e - souvent appel\u00e9e eau d\u00e9ionis\u00e9e, d\u00e9ionate, eau d\u00e9min\u00e9ralis\u00e9e, eau d\u00e9min\u00e9ralis\u00e9e ou simplement eau d\u00e9min\u00e9ralis\u00e9e dans les milieux sp\u00e9cialis\u00e9s - est indispensable pour de nombreuses applications industrielles.\" \/>\n<meta name=\"robots\" content=\"index, follow, max-snippet:-1, max-image-preview:large, max-video-preview:-1\" \/>\n<link rel=\"canonical\" href=\"https:\/\/www.envirofalk.com\/fr\/connaissances-dexperts-sur-le-traitement-de-leau\/eau-demineralisee\/\" \/>\n<meta property=\"og:locale\" content=\"fr_FR\" \/>\n<meta property=\"og:type\" content=\"article\" \/>\n<meta property=\"og:title\" content=\"Eau d\u00e9min\u00e9ralis\u00e9e\" \/>\n<meta property=\"og:description\" content=\"L&#039;eau d\u00e9min\u00e9ralis\u00e9e - souvent appel\u00e9e eau d\u00e9ionis\u00e9e, d\u00e9ionate, eau d\u00e9min\u00e9ralis\u00e9e, eau d\u00e9min\u00e9ralis\u00e9e ou simplement eau d\u00e9min\u00e9ralis\u00e9e dans les milieux sp\u00e9cialis\u00e9s - est indispensable pour de nombreuses applications industrielles.\" \/>\n<meta property=\"og:url\" content=\"https:\/\/www.envirofalk.com\/fr\/connaissances-dexperts-sur-le-traitement-de-leau\/eau-demineralisee\/\" \/>\n<meta property=\"og:site_name\" content=\"EnviroFALK\" \/>\n<meta property=\"article:publisher\" content=\"https:\/\/www.facebook.com\/envirofalk\" \/>\n<meta property=\"article:modified_time\" content=\"2024-06-26T08:13:16+00:00\" \/>\n<meta name=\"twitter:card\" content=\"summary_large_image\" \/>\n<meta name=\"twitter:label1\" content=\"Dur\u00e9e de lecture estim\u00e9e\" \/>\n\t<meta name=\"twitter:data1\" content=\"2 minutes\" \/>\n<script type=\"application\/ld+json\" class=\"yoast-schema-graph\">{\"@context\":\"https:\\\/\\\/schema.org\",\"@graph\":[{\"@type\":\"WebPage\",\"@id\":\"https:\\\/\\\/www.envirofalk.com\\\/fr\\\/connaissances-dexperts-sur-le-traitement-de-leau\\\/eau-demineralisee\\\/\",\"url\":\"https:\\\/\\\/www.envirofalk.com\\\/fr\\\/connaissances-dexperts-sur-le-traitement-de-leau\\\/eau-demineralisee\\\/\",\"name\":\"Eau d\u00e9min\u00e9ralis\u00e9e &#8211; EnviroFALK\",\"isPartOf\":{\"@id\":\"https:\\\/\\\/www.envirofalk.com\\\/fr\\\/#website\"},\"datePublished\":\"2024-01-24T09:57:17+00:00\",\"dateModified\":\"2024-06-26T08:13:16+00:00\",\"description\":\"L'eau d\u00e9min\u00e9ralis\u00e9e - souvent appel\u00e9e eau d\u00e9ionis\u00e9e, d\u00e9ionate, eau d\u00e9min\u00e9ralis\u00e9e, eau d\u00e9min\u00e9ralis\u00e9e ou simplement eau d\u00e9min\u00e9ralis\u00e9e dans les milieux sp\u00e9cialis\u00e9s - est indispensable pour de nombreuses applications industrielles.\",\"breadcrumb\":{\"@id\":\"https:\\\/\\\/www.envirofalk.com\\\/fr\\\/connaissances-dexperts-sur-le-traitement-de-leau\\\/eau-demineralisee\\\/#breadcrumb\"},\"inLanguage\":\"fr-FR\",\"potentialAction\":[{\"@type\":\"ReadAction\",\"target\":[\"https:\\\/\\\/www.envirofalk.com\\\/fr\\\/connaissances-dexperts-sur-le-traitement-de-leau\\\/eau-demineralisee\\\/\"]}]},{\"@type\":\"BreadcrumbList\",\"@id\":\"https:\\\/\\\/www.envirofalk.com\\\/fr\\\/connaissances-dexperts-sur-le-traitement-de-leau\\\/eau-demineralisee\\\/#breadcrumb\",\"itemListElement\":[{\"@type\":\"ListItem\",\"position\":1,\"name\":\"Home\",\"item\":\"https:\\\/\\\/www.envirofalk.com\\\/fr\\\/\"},{\"@type\":\"ListItem\",\"position\":2,\"name\":\"Connaissances d&#8217;experts sur le traitement de l&#8217;eau\",\"item\":\"https:\\\/\\\/www.envirofalk.com\\\/fr\\\/connaissances-dexperts-sur-le-traitement-de-leau\\\/\"},{\"@type\":\"ListItem\",\"position\":3,\"name\":\"Eau d\u00e9min\u00e9ralis\u00e9e\"}]},{\"@type\":\"WebSite\",\"@id\":\"https:\\\/\\\/www.envirofalk.com\\\/fr\\\/#website\",\"url\":\"https:\\\/\\\/www.envirofalk.com\\\/fr\\\/\",\"name\":\"EnviroFALK\",\"description\":\"Wasseraufbereitungsanlagen f\u00fcr Industrie, Gewerbe &amp; Labor\",\"publisher\":{\"@id\":\"https:\\\/\\\/www.envirofalk.com\\\/fr\\\/#organization\"},\"potentialAction\":[{\"@type\":\"SearchAction\",\"target\":{\"@type\":\"EntryPoint\",\"urlTemplate\":\"https:\\\/\\\/www.envirofalk.com\\\/fr\\\/?s={search_term_string}\"},\"query-input\":{\"@type\":\"PropertyValueSpecification\",\"valueRequired\":true,\"valueName\":\"search_term_string\"}}],\"inLanguage\":\"fr-FR\"},{\"@type\":\"Organization\",\"@id\":\"https:\\\/\\\/www.envirofalk.com\\\/fr\\\/#organization\",\"name\":\"EnviroFALK\",\"url\":\"https:\\\/\\\/www.envirofalk.com\\\/fr\\\/\",\"logo\":{\"@type\":\"ImageObject\",\"inLanguage\":\"fr-FR\",\"@id\":\"https:\\\/\\\/www.envirofalk.com\\\/fr\\\/#\\\/schema\\\/logo\\\/image\\\/\",\"url\":\"https:\\\/\\\/www.envirofalk.com\\\/wp-content\\\/uploads\\\/2023\\\/01\\\/logo.svg\",\"contentUrl\":\"https:\\\/\\\/www.envirofalk.com\\\/wp-content\\\/uploads\\\/2023\\\/01\\\/logo.svg\",\"caption\":\"EnviroFALK\"},\"image\":{\"@id\":\"https:\\\/\\\/www.envirofalk.com\\\/fr\\\/#\\\/schema\\\/logo\\\/image\\\/\"},\"sameAs\":[\"https:\\\/\\\/www.facebook.com\\\/envirofalk\",\"https:\\\/\\\/www.linkedin.com\\\/company\\\/envirofalk-gmbh\",\"https:\\\/\\\/www.youtube.com\\\/channel\\\/UCM1L-2K6cfBbP3aYgJGbVdA\"],\"description\":\"EnviroFALK Prozesswassertechnik ist Ihr Spezialist f\u00fcr ma\u00dfgeschneiderte Wasseraufbereitungsl\u00f6sungen in der Industrie. Wir bieten innovative Technologien f\u00fcr die Erzeugung und Aufbereitung von Prozesswasser, um h\u00f6chste Effizienz und Qualit\u00e4t in Ihren Produktionsprozessen zu gew\u00e4hrleisten. Mit jahrzehntelanger Erfahrung entwickeln wir nachhaltige und ressourcenschonende L\u00f6sungen, die exakt auf die Anforderungen unserer Kunden abgestimmt sind. Unsere Leistungen umfassen die Filtration, Enth\u00e4rtung, Entsalzung und R\u00fcckgewinnung von Wasser f\u00fcr verschiedenste Anwendungen \u2013 von der Metallverarbeitung bis zur Lebensmittelindustrie. Unsere Experten begleiten Sie von der Planung \u00fcber die Implementierung bis hin zum Service, um eine zuverl\u00e4ssige und wirtschaftliche Wasseraufbereitung sicherzustellen.\",\"email\":\"info@envirofalk.com\",\"telephone\":\"+49 2663 9908-0\",\"legalName\":\"EnviroFALK GmbH\",\"foundingDate\":\"1989-05-01\"}]}<\/script>\n<!-- \/ Yoast SEO Premium plugin. -->","yoast_head_json":{"title":"Eau d\u00e9min\u00e9ralis\u00e9e &#8211; EnviroFALK","description":"L'eau d\u00e9min\u00e9ralis\u00e9e - souvent appel\u00e9e eau d\u00e9ionis\u00e9e, d\u00e9ionate, eau d\u00e9min\u00e9ralis\u00e9e, eau d\u00e9min\u00e9ralis\u00e9e ou simplement eau d\u00e9min\u00e9ralis\u00e9e dans les milieux sp\u00e9cialis\u00e9s - est indispensable pour de nombreuses applications industrielles.","robots":{"index":"index","follow":"follow","max-snippet":"max-snippet:-1","max-image-preview":"max-image-preview:large","max-video-preview":"max-video-preview:-1"},"canonical":"https:\/\/www.envirofalk.com\/fr\/connaissances-dexperts-sur-le-traitement-de-leau\/eau-demineralisee\/","og_locale":"fr_FR","og_type":"article","og_title":"Eau d\u00e9min\u00e9ralis\u00e9e","og_description":"L'eau d\u00e9min\u00e9ralis\u00e9e - souvent appel\u00e9e eau d\u00e9ionis\u00e9e, d\u00e9ionate, eau d\u00e9min\u00e9ralis\u00e9e, eau d\u00e9min\u00e9ralis\u00e9e ou simplement eau d\u00e9min\u00e9ralis\u00e9e dans les milieux sp\u00e9cialis\u00e9s - est indispensable pour de nombreuses applications industrielles.","og_url":"https:\/\/www.envirofalk.com\/fr\/connaissances-dexperts-sur-le-traitement-de-leau\/eau-demineralisee\/","og_site_name":"EnviroFALK","article_publisher":"https:\/\/www.facebook.com\/envirofalk","article_modified_time":"2024-06-26T08:13:16+00:00","twitter_card":"summary_large_image","twitter_misc":{"Dur\u00e9e de lecture estim\u00e9e":"2 minutes"},"schema":{"@context":"https:\/\/schema.org","@graph":[{"@type":"WebPage","@id":"https:\/\/www.envirofalk.com\/fr\/connaissances-dexperts-sur-le-traitement-de-leau\/eau-demineralisee\/","url":"https:\/\/www.envirofalk.com\/fr\/connaissances-dexperts-sur-le-traitement-de-leau\/eau-demineralisee\/","name":"Eau d\u00e9min\u00e9ralis\u00e9e &#8211; EnviroFALK","isPartOf":{"@id":"https:\/\/www.envirofalk.com\/fr\/#website"},"datePublished":"2024-01-24T09:57:17+00:00","dateModified":"2024-06-26T08:13:16+00:00","description":"L'eau d\u00e9min\u00e9ralis\u00e9e - souvent appel\u00e9e eau d\u00e9ionis\u00e9e, d\u00e9ionate, eau d\u00e9min\u00e9ralis\u00e9e, eau d\u00e9min\u00e9ralis\u00e9e ou simplement eau d\u00e9min\u00e9ralis\u00e9e dans les milieux sp\u00e9cialis\u00e9s - est indispensable pour de nombreuses applications industrielles.","breadcrumb":{"@id":"https:\/\/www.envirofalk.com\/fr\/connaissances-dexperts-sur-le-traitement-de-leau\/eau-demineralisee\/#breadcrumb"},"inLanguage":"fr-FR","potentialAction":[{"@type":"ReadAction","target":["https:\/\/www.envirofalk.com\/fr\/connaissances-dexperts-sur-le-traitement-de-leau\/eau-demineralisee\/"]}]},{"@type":"BreadcrumbList","@id":"https:\/\/www.envirofalk.com\/fr\/connaissances-dexperts-sur-le-traitement-de-leau\/eau-demineralisee\/#breadcrumb","itemListElement":[{"@type":"ListItem","position":1,"name":"Home","item":"https:\/\/www.envirofalk.com\/fr\/"},{"@type":"ListItem","position":2,"name":"Connaissances d&#8217;experts sur le traitement de l&#8217;eau","item":"https:\/\/www.envirofalk.com\/fr\/connaissances-dexperts-sur-le-traitement-de-leau\/"},{"@type":"ListItem","position":3,"name":"Eau d\u00e9min\u00e9ralis\u00e9e"}]},{"@type":"WebSite","@id":"https:\/\/www.envirofalk.com\/fr\/#website","url":"https:\/\/www.envirofalk.com\/fr\/","name":"EnviroFALK","description":"Wasseraufbereitungsanlagen f\u00fcr Industrie, Gewerbe &amp; Labor","publisher":{"@id":"https:\/\/www.envirofalk.com\/fr\/#organization"},"potentialAction":[{"@type":"SearchAction","target":{"@type":"EntryPoint","urlTemplate":"https:\/\/www.envirofalk.com\/fr\/?s={search_term_string}"},"query-input":{"@type":"PropertyValueSpecification","valueRequired":true,"valueName":"search_term_string"}}],"inLanguage":"fr-FR"},{"@type":"Organization","@id":"https:\/\/www.envirofalk.com\/fr\/#organization","name":"EnviroFALK","url":"https:\/\/www.envirofalk.com\/fr\/","logo":{"@type":"ImageObject","inLanguage":"fr-FR","@id":"https:\/\/www.envirofalk.com\/fr\/#\/schema\/logo\/image\/","url":"https:\/\/www.envirofalk.com\/wp-content\/uploads\/2023\/01\/logo.svg","contentUrl":"https:\/\/www.envirofalk.com\/wp-content\/uploads\/2023\/01\/logo.svg","caption":"EnviroFALK"},"image":{"@id":"https:\/\/www.envirofalk.com\/fr\/#\/schema\/logo\/image\/"},"sameAs":["https:\/\/www.facebook.com\/envirofalk","https:\/\/www.linkedin.com\/company\/envirofalk-gmbh","https:\/\/www.youtube.com\/channel\/UCM1L-2K6cfBbP3aYgJGbVdA"],"description":"EnviroFALK Prozesswassertechnik ist Ihr Spezialist f\u00fcr ma\u00dfgeschneiderte Wasseraufbereitungsl\u00f6sungen in der Industrie. Wir bieten innovative Technologien f\u00fcr die Erzeugung und Aufbereitung von Prozesswasser, um h\u00f6chste Effizienz und Qualit\u00e4t in Ihren Produktionsprozessen zu gew\u00e4hrleisten. Mit jahrzehntelanger Erfahrung entwickeln wir nachhaltige und ressourcenschonende L\u00f6sungen, die exakt auf die Anforderungen unserer Kunden abgestimmt sind. Unsere Leistungen umfassen die Filtration, Enth\u00e4rtung, Entsalzung und R\u00fcckgewinnung von Wasser f\u00fcr verschiedenste Anwendungen \u2013 von der Metallverarbeitung bis zur Lebensmittelindustrie. Unsere Experten begleiten Sie von der Planung \u00fcber die Implementierung bis hin zum Service, um eine zuverl\u00e4ssige und wirtschaftliche Wasseraufbereitung sicherzustellen.","email":"info@envirofalk.com","telephone":"+49 2663 9908-0","legalName":"EnviroFALK GmbH","foundingDate":"1989-05-01"}]}},"_links":{"self":[{"href":"https:\/\/www.envirofalk.com\/fr\/wp-json\/wp\/v2\/pages\/8551","targetHints":{"allow":["GET"]}}],"collection":[{"href":"https:\/\/www.envirofalk.com\/fr\/wp-json\/wp\/v2\/pages"}],"about":[{"href":"https:\/\/www.envirofalk.com\/fr\/wp-json\/wp\/v2\/types\/page"}],"author":[{"embeddable":true,"href":"https:\/\/www.envirofalk.com\/fr\/wp-json\/wp\/v2\/users\/5"}],"replies":[{"embeddable":true,"href":"https:\/\/www.envirofalk.com\/fr\/wp-json\/wp\/v2\/comments?post=8551"}],"version-history":[{"count":5,"href":"https:\/\/www.envirofalk.com\/fr\/wp-json\/wp\/v2\/pages\/8551\/revisions"}],"predecessor-version":[{"id":16094,"href":"https:\/\/www.envirofalk.com\/fr\/wp-json\/wp\/v2\/pages\/8551\/revisions\/16094"}],"up":[{"embeddable":true,"href":"https:\/\/www.envirofalk.com\/fr\/wp-json\/wp\/v2\/pages\/8007"}],"wp:attachment":[{"href":"https:\/\/www.envirofalk.com\/fr\/wp-json\/wp\/v2\/media?parent=8551"}],"curies":[{"name":"wp","href":"https:\/\/api.w.org\/{rel}","templated":true}]}}