{"id":8417,"date":"2024-01-24T10:57:11","date_gmt":"2024-01-24T09:57:11","guid":{"rendered":"https:\/\/www.envirofalk.com\/connaissances-dexperts-sur-le-traitement-de-leau\/traitement-de-leau-de-laboratoire\/"},"modified":"2024-01-24T10:57:18","modified_gmt":"2024-01-24T09:57:18","slug":"traitement-de-leau-de-laboratoire","status":"publish","type":"page","link":"https:\/\/www.envirofalk.com\/fr\/connaissances-dexperts-sur-le-traitement-de-leau\/traitement-de-leau-de-laboratoire\/","title":{"rendered":"Traitement de l&rsquo;eau de laboratoire"},"content":{"rendered":"<div class=\"wpb-content-wrapper\"><p>[vc_section][vc_row full_width=\u00a0\u00bbstretch_row_content_no_spaces\u00a0\u00bb][vc_column]<div class=\"custom-top-banner img-box   has-icon\" style=\"background-image: url(https:\/\/www.envirofalk.com\/wp-content\/uploads\/2023\/08\/Pressemitteilungen_1920x640-fcfcc37a.webp)\"><div class=\"container relative\"><div class=\"text-box\"><div class=\"slideInRight animated\"><img loading=\"lazy\" decoding=\"async\" width=\"1\" height=\"1\" src=\"https:\/\/www.envirofalk.com\/wp-content\/uploads\/2023\/09\/Wasseraufbereitung_EnviroFALK_Logo.svg\" class=\"attachment-120x120 size-120x120\" alt=\"EnviroFALK-Logo Icon\" \/><p>Expertenwissen auf einen Blick<\/p><\/div><\/div><\/div><\/div>[\/vc_column][\/vc_row][vc_row el_class=\u00a0\u00bbbreadcrumbs-wrapper\u00a0\u00bb][vc_column]<div class=\"breadcrumbs\"><label><\/label> <a href=\"https:\/\/www.envirofalk.com\/fr\/\">Home<\/a><\/div>[\/vc_column][\/vc_row][\/vc_section][vc_section][vc_row css_animation=\u00a0\u00bbslideInUp\u00a0\u00bb el_class=\u00a0\u00bbtwo-columns-row tablet-row\u00a0\u00bb][vc_column width=\u00a0\u00bb3\/4&Prime;][vc_custom_heading text=\u00a0\u00bbTraitement de l&apos;eau de laboratoire\u00a0\u00bb font_container=\u00a0\u00bbtag:h1|text_align:left\u00a0\u00bb use_theme_fonts=\u00a0\u00bbyes\u00a0\u00bb][\/vc_column][vc_column width=\u00a0\u00bb1\/4&Prime;]<div class=\"quick-links sm wpb_content_element\" data-background=\"#ebebeb\"><div class=\"flexbox\"><a href=\"#\" target=\"_self\"><div class=\"icon default\"><img decoding=\"async\" src=\"https:\/\/www.envirofalk.com\/wp-content\/uploads\/2023\/05\/icon_service.svg\" class=\"attachment-full size-full\" alt=\"Person mit Headset Icon\" \/><\/div><div><h6>Service<\/h6><\/div><\/a><\/div><div class=\"flexbox\"><a href=\"#\" target=\"_self\"><div class=\"icon default\"><img decoding=\"async\" src=\"https:\/\/www.envirofalk.com\/wp-content\/uploads\/2023\/05\/icon_messen-events.svg\" class=\"attachment-full size-full\" alt=\"\" \/><\/div><div><h6>Messen & Events<\/h6><\/div><\/a><\/div><div class=\"flexbox\"><a href=\"#\" target=\"_self\"><div class=\"icon default\"><img decoding=\"async\" src=\"https:\/\/www.envirofalk.com\/wp-content\/uploads\/2023\/05\/icon_downloads.svg\" class=\"attachment-full size-full\" alt=\"Blatt Papier mit Pfeil nach unten\" \/><\/div><div><h6>Downloads<\/h6><\/div><\/a><\/div><div class=\"flexbox\"><a href=\"#\" target=\"_self\"><div class=\"icon default\"><img decoding=\"async\" src=\"https:\/\/www.envirofalk.com\/wp-content\/uploads\/2023\/05\/icon_kundenlosungen.svg\" class=\"attachment-full size-full\" alt=\"Gl\u00fchbirne Icon\" \/><\/div><div><h6>Kundenlosungen<\/h6><\/div><\/a><\/div><\/div>[\/vc_column][\/vc_row][\/vc_section][vc_section][vc_row css_animation=\u00a0\u00bbslideInUp\u00a0\u00bb el_class=\u00a0\u00bbtwo-columns-row tablet-row\u00a0\u00bb][vc_column width=\u00a0\u00bb1\/2&Prime;][vc_column_text]<\/p>\n<div class=\"ce_text block\">\n<h2>Traitement de l&rsquo;eau de laboratoire par EnviroFALK<\/h2>\n<p>&nbsp;<\/p>\n<p><strong>EnviroFALK fabrique des installations de traitement de l&rsquo;eau pour la production d&rsquo;eau de laboratoire. On parle \u00e9galement de traitement de l&rsquo;eau de laboratoire, car de l&rsquo;eau pure de diff\u00e9rentes qualit\u00e9s et quantit\u00e9s est utilis\u00e9e \u00e0 chaque fois pour des applications de laboratoire g\u00e9n\u00e9rales et sp\u00e9cifiques. L&rsquo;eau dite pure et ultrapure repr\u00e9sente un intrant important dans le quotidien des laboratoires. Comme par exemple dans les h\u00f4pitaux, les cliniques universitaires, les instituts, les laboratoires, les cabinets m\u00e9dicaux, les pharmacies et la technique m\u00e9dicale.<\/strong><\/p>\n<\/div>\n<p>[\/vc_column_text][\/vc_column][vc_column width=\u00a0\u00bb1\/2&Prime;][vc_single_image image=\u00a0\u00bb5007&Prime; img_size=\u00a0\u00bbfull\u00a0\u00bb][vc_column_text]<\/p>\n<h6>EnviroFALK GREEN-LINE osmose inverse avec EDI pour le traitement de l&rsquo;eau de laboratoire. Exemple de pr\u00e9sentation.<\/h6>\n<p>[\/vc_column_text][\/vc_column][\/vc_row][vc_row][vc_column][vc_column_text]<\/p>\n<div class=\"ce_text block\">\n<h2>Sc\u00e9narios d&rsquo;application du traitement de l&rsquo;eau de laboratoire<\/h2>\n<p>Le <a href=\"https:\/\/www.envirofalk.com\/de\/labor-medizintechnik\/anwendungen\/labor.html\">traitement de l&rsquo;eau en laboratoire<\/a> est n\u00e9cessaire pour un grand nombre de sc\u00e9narios utilisant de l&rsquo;eau pure ou ultra-pure. Parmi les applications g\u00e9n\u00e9rales en laboratoire, on trouve par exemple l&rsquo;alimentation des lave-vaisselle de laboratoire ou des autoclaves. Les applications sp\u00e9cifiques de laboratoire vont de l&rsquo;alimentation de syst\u00e8mes d&rsquo;eau ultra-pure, d&rsquo;automates d&rsquo;analyse \u00e0 l&rsquo;approvisionnement de salles blanches. Outre les installations de traitement de l&rsquo;eau de laboratoire de la s\u00e9rie GREEN-LINE, EnviroFALK propose des installations d&rsquo;\u00e9change d&rsquo;ions et des cartouches d&rsquo;\u00e9change d&rsquo;ions pour la production d&rsquo;eau enti\u00e8rement d\u00e9min\u00e9ralis\u00e9e (eau d\u00e9min\u00e9ralis\u00e9e), des installations d&rsquo;osmose inverse, des installations d&rsquo;eau pure et ultrapure pour l&rsquo;approvisionnement des services centraux de st\u00e9rilisation (St\u00e9rilisation centrale) avec leurs laveurs-d\u00e9sinfecteurs (LD et LD-E).<\/p>\n<p>Ce large choix permet \u00e0 l&rsquo;utilisateur d&rsquo;adapter pr\u00e9cis\u00e9ment le degr\u00e9 de puret\u00e9 de l&rsquo;eau \u00e0 ses besoins et d&rsquo;am\u00e9liorer ainsi la fiabilit\u00e9 de ses r\u00e9sultats et l&rsquo;efficacit\u00e9 de son laboratoire.<\/p>\n<\/div>\n<div class=\"ce_text block\">\n<h2><\/h2>\n<h2><\/h2>\n<h2>Planifier le traitement de l&rsquo;eau de laboratoire de mani\u00e8re \u00e9conomique<\/h2>\n<p>La mise \u00e0 disposition d&rsquo;une eau de laboratoire de haute qualit\u00e9 implique des co\u00fbts d&rsquo;investissement et d&rsquo;exploitation<strong>.<\/strong> La technique de traitement utilis\u00e9e est d\u00e9terminante pour une mise \u00e0 disposition \u00e9conomique et n\u00e9cessite une planification bien pens\u00e9e. Lors de la conception de votre installation de traitement d&rsquo;eau de laboratoire, les experts d&rsquo;EnviroFALK se basent donc sur de nombreux crit\u00e8res, tels que<\/p>\n<ul>\n<li>Quelle est la qualit\u00e9 de votre eau d&rsquo;alimentation ?<\/li>\n<li>Quels sont les besoins en eau de votre laboratoire ?<\/li>\n<li>De quelles qualit\u00e9s d&rsquo;eau avez-vous besoin et \u00e0 quel poste de travail ?<\/li>\n<li>Un traitement centralis\u00e9 ou d\u00e9centralis\u00e9 est-il judicieux dans votre laboratoire, compte tenu des frais d&rsquo;exploitation courants ?<\/li>\n<li>Quelles sont les techniques de proc\u00e9d\u00e9s optimales pour le traitement de l&rsquo;eau de votre laboratoire ? Exemple de l&rsquo;utilisation de l&rsquo;eau : Installation d&rsquo;\u00e9change d&rsquo;ions versus osmose inverse avec EDI.<\/li>\n<li>Quelles sont les normes et les r\u00e9glementations sur lesquelles se base votre laboratoire ?<\/li>\n<li>Vous souhaitez profiter des avantages d&rsquo;un entretien et d&rsquo;une maintenance r\u00e9guliers ?<\/li>\n<\/ul>\n<\/div>\n<div class=\"ce_text block\">\n<h2><\/h2>\n<h2><\/h2>\n<h2>Le meilleur service pour le traitement de l&rsquo;eau de laboratoire<\/h2>\n<p>Pour les laboratoires, les h\u00f4pitaux et les \u00e9quipements m\u00e9dicaux, EnviroFALK offre \u00e0 ses clients un service complet d&rsquo;un seul tenant &#8211; de la convention de service \u00e0 la r\u00e9g\u00e9n\u00e9ration des cartouches d&rsquo;\u00e9change d&rsquo;ions, en passant par les pi\u00e8ces de rechange d&rsquo;origine ainsi que les r\u00e9parations et les transformations. Sur demande, nos techniciens se chargent de la mise en service professionnelle de votre installation de traitement de l&rsquo;eau et s&rsquo;occupent, si n\u00e9cessaire, de la tuyauterie compl\u00e8te du laboratoire. Faites confiance aux experts d&rsquo;EnviroFALK pour le traitement de l&rsquo;eau de laboratoire.<\/p>\n<\/div>\n<p>[\/vc_column_text][\/vc_column][\/vc_row][\/vc_section][vc_row][vc_column][\/vc_column][\/vc_row]<\/p>\n<\/div>","protected":false},"excerpt":{"rendered":"<p>[vc_section][vc_row full_width=\u00a0\u00bbstretch_row_content_no_spaces\u00a0\u00bb][vc_column][\/vc_column][\/vc_row][vc_row el_class=\u00a0\u00bbbreadcrumbs-wrapper\u00a0\u00bb][vc_column][\/vc_column][\/vc_row][\/vc_section][vc_section][vc_row css_animation=\u00a0\u00bbslideInUp\u00a0\u00bb el_class=\u00a0\u00bbtwo-columns-row tablet-row\u00a0\u00bb][vc_column width=\u00a0\u00bb3\/4&Prime;][vc_custom_heading text=\u00a0\u00bbTraitement de l&apos;eau de laboratoire\u00a0\u00bb font_container=\u00a0\u00bbtag:h1|text_align:left\u00a0\u00bb use_theme_fonts=\u00a0\u00bbyes\u00a0\u00bb][\/vc_column][vc_column width=\u00a0\u00bb1\/4&Prime;][\/vc_column][\/vc_row][\/vc_section][vc_section][vc_row css_animation=\u00a0\u00bbslideInUp\u00a0\u00bb el_class=\u00a0\u00bbtwo-columns-row tablet-row\u00a0\u00bb][vc_column width=\u00a0\u00bb1\/2&Prime;][vc_column_text] Traitement de l&rsquo;eau de laboratoire par EnviroFALK &nbsp; EnviroFALK fabrique des installations de traitement de l&rsquo;eau pour la production d&rsquo;eau de laboratoire. On parle \u00e9galement de traitement de l&rsquo;eau de laboratoire, car de l&rsquo;eau pure de [&hellip;]<\/p>\n","protected":false},"author":5,"featured_media":0,"parent":8007,"menu_order":24,"comment_status":"closed","ping_status":"closed","template":"","meta":{"_acf_changed":false,"rs_blank_template":"","rs_page_bg_color":"","slide_template_v7":"","footnotes":""},"class_list":["post-8417","page","type-page","status-publish","hentry"],"acf":[],"yoast_head":"<!-- This site is optimized with the Yoast SEO Premium plugin v27.6 (Yoast SEO v27.6) - https:\/\/yoast.com\/product\/yoast-seo-premium-wordpress\/ -->\n<title>Traitement de l&#039;eau de laboratoire &#8211; EnviroFALK<\/title>\n<meta name=\"description\" content=\"EnviroFALK fabrique des installations de traitement de l&#039;eau pour la production d&#039;eau de laboratoire. On parle \u00e9galement de traitement de l&#039;eau de laboratoire, car de l&#039;eau pure de diff\u00e9rentes qualit\u00e9s et quantit\u00e9s est utilis\u00e9e \u00e0 chaque fois pour des applications de laboratoire g\u00e9n\u00e9rales et sp\u00e9cifiques.\" \/>\n<meta name=\"robots\" content=\"index, follow, max-snippet:-1, max-image-preview:large, max-video-preview:-1\" \/>\n<link rel=\"canonical\" href=\"https:\/\/www.envirofalk.com\/fr\/connaissances-dexperts-sur-le-traitement-de-leau\/traitement-de-leau-de-laboratoire\/\" \/>\n<meta property=\"og:locale\" content=\"fr_FR\" \/>\n<meta property=\"og:type\" content=\"article\" \/>\n<meta property=\"og:title\" content=\"Traitement de l&#039;eau de laboratoire\" \/>\n<meta property=\"og:description\" content=\"EnviroFALK fabrique des installations de traitement de l&#039;eau pour la production d&#039;eau de laboratoire. On parle \u00e9galement de traitement de l&#039;eau de laboratoire, car de l&#039;eau pure de diff\u00e9rentes qualit\u00e9s et quantit\u00e9s est utilis\u00e9e \u00e0 chaque fois pour des applications de laboratoire g\u00e9n\u00e9rales et sp\u00e9cifiques.\" \/>\n<meta property=\"og:url\" content=\"https:\/\/www.envirofalk.com\/fr\/connaissances-dexperts-sur-le-traitement-de-leau\/traitement-de-leau-de-laboratoire\/\" \/>\n<meta property=\"og:site_name\" content=\"EnviroFALK\" \/>\n<meta property=\"article:publisher\" content=\"https:\/\/www.facebook.com\/envirofalk\" \/>\n<meta property=\"article:modified_time\" content=\"2024-01-24T09:57:18+00:00\" \/>\n<meta name=\"twitter:card\" content=\"summary_large_image\" \/>\n<meta name=\"twitter:label1\" content=\"Dur\u00e9e de lecture estim\u00e9e\" \/>\n\t<meta name=\"twitter:data1\" content=\"4 minutes\" \/>\n<script type=\"application\/ld+json\" class=\"yoast-schema-graph\">{\"@context\":\"https:\\\/\\\/schema.org\",\"@graph\":[{\"@type\":\"WebPage\",\"@id\":\"https:\\\/\\\/www.envirofalk.com\\\/fr\\\/connaissances-dexperts-sur-le-traitement-de-leau\\\/traitement-de-leau-de-laboratoire\\\/\",\"url\":\"https:\\\/\\\/www.envirofalk.com\\\/fr\\\/connaissances-dexperts-sur-le-traitement-de-leau\\\/traitement-de-leau-de-laboratoire\\\/\",\"name\":\"Traitement de l'eau de laboratoire &#8211; EnviroFALK\",\"isPartOf\":{\"@id\":\"https:\\\/\\\/www.envirofalk.com\\\/fr\\\/#website\"},\"datePublished\":\"2024-01-24T09:57:11+00:00\",\"dateModified\":\"2024-01-24T09:57:18+00:00\",\"description\":\"EnviroFALK fabrique des installations de traitement de l'eau pour la production d'eau de laboratoire. On parle \u00e9galement de traitement de l'eau de laboratoire, car de l'eau pure de diff\u00e9rentes qualit\u00e9s et quantit\u00e9s est utilis\u00e9e \u00e0 chaque fois pour des applications de laboratoire g\u00e9n\u00e9rales et sp\u00e9cifiques.\",\"breadcrumb\":{\"@id\":\"https:\\\/\\\/www.envirofalk.com\\\/fr\\\/connaissances-dexperts-sur-le-traitement-de-leau\\\/traitement-de-leau-de-laboratoire\\\/#breadcrumb\"},\"inLanguage\":\"fr-FR\",\"potentialAction\":[{\"@type\":\"ReadAction\",\"target\":[\"https:\\\/\\\/www.envirofalk.com\\\/fr\\\/connaissances-dexperts-sur-le-traitement-de-leau\\\/traitement-de-leau-de-laboratoire\\\/\"]}]},{\"@type\":\"BreadcrumbList\",\"@id\":\"https:\\\/\\\/www.envirofalk.com\\\/fr\\\/connaissances-dexperts-sur-le-traitement-de-leau\\\/traitement-de-leau-de-laboratoire\\\/#breadcrumb\",\"itemListElement\":[{\"@type\":\"ListItem\",\"position\":1,\"name\":\"Home\",\"item\":\"https:\\\/\\\/www.envirofalk.com\\\/fr\\\/\"},{\"@type\":\"ListItem\",\"position\":2,\"name\":\"Connaissances d&#8217;experts sur le traitement de l&#8217;eau\",\"item\":\"https:\\\/\\\/www.envirofalk.com\\\/fr\\\/connaissances-dexperts-sur-le-traitement-de-leau\\\/\"},{\"@type\":\"ListItem\",\"position\":3,\"name\":\"Traitement de l&rsquo;eau de laboratoire\"}]},{\"@type\":\"WebSite\",\"@id\":\"https:\\\/\\\/www.envirofalk.com\\\/fr\\\/#website\",\"url\":\"https:\\\/\\\/www.envirofalk.com\\\/fr\\\/\",\"name\":\"EnviroFALK\",\"description\":\"Wasseraufbereitungsanlagen f\u00fcr Industrie, Gewerbe &amp; Labor\",\"publisher\":{\"@id\":\"https:\\\/\\\/www.envirofalk.com\\\/fr\\\/#organization\"},\"potentialAction\":[{\"@type\":\"SearchAction\",\"target\":{\"@type\":\"EntryPoint\",\"urlTemplate\":\"https:\\\/\\\/www.envirofalk.com\\\/fr\\\/?s={search_term_string}\"},\"query-input\":{\"@type\":\"PropertyValueSpecification\",\"valueRequired\":true,\"valueName\":\"search_term_string\"}}],\"inLanguage\":\"fr-FR\"},{\"@type\":\"Organization\",\"@id\":\"https:\\\/\\\/www.envirofalk.com\\\/fr\\\/#organization\",\"name\":\"EnviroFALK\",\"url\":\"https:\\\/\\\/www.envirofalk.com\\\/fr\\\/\",\"logo\":{\"@type\":\"ImageObject\",\"inLanguage\":\"fr-FR\",\"@id\":\"https:\\\/\\\/www.envirofalk.com\\\/fr\\\/#\\\/schema\\\/logo\\\/image\\\/\",\"url\":\"https:\\\/\\\/www.envirofalk.com\\\/wp-content\\\/uploads\\\/2023\\\/01\\\/logo.svg\",\"contentUrl\":\"https:\\\/\\\/www.envirofalk.com\\\/wp-content\\\/uploads\\\/2023\\\/01\\\/logo.svg\",\"caption\":\"EnviroFALK\"},\"image\":{\"@id\":\"https:\\\/\\\/www.envirofalk.com\\\/fr\\\/#\\\/schema\\\/logo\\\/image\\\/\"},\"sameAs\":[\"https:\\\/\\\/www.facebook.com\\\/envirofalk\",\"https:\\\/\\\/www.linkedin.com\\\/company\\\/envirofalk-gmbh\",\"https:\\\/\\\/www.youtube.com\\\/channel\\\/UCM1L-2K6cfBbP3aYgJGbVdA\"],\"description\":\"EnviroFALK Prozesswassertechnik ist Ihr Spezialist f\u00fcr ma\u00dfgeschneiderte Wasseraufbereitungsl\u00f6sungen in der Industrie. Wir bieten innovative Technologien f\u00fcr die Erzeugung und Aufbereitung von Prozesswasser, um h\u00f6chste Effizienz und Qualit\u00e4t in Ihren Produktionsprozessen zu gew\u00e4hrleisten. Mit jahrzehntelanger Erfahrung entwickeln wir nachhaltige und ressourcenschonende L\u00f6sungen, die exakt auf die Anforderungen unserer Kunden abgestimmt sind. Unsere Leistungen umfassen die Filtration, Enth\u00e4rtung, Entsalzung und R\u00fcckgewinnung von Wasser f\u00fcr verschiedenste Anwendungen \u2013 von der Metallverarbeitung bis zur Lebensmittelindustrie. Unsere Experten begleiten Sie von der Planung \u00fcber die Implementierung bis hin zum Service, um eine zuverl\u00e4ssige und wirtschaftliche Wasseraufbereitung sicherzustellen.\",\"email\":\"info@envirofalk.com\",\"telephone\":\"+49 2663 9908-0\",\"legalName\":\"EnviroFALK GmbH\",\"foundingDate\":\"1989-05-01\"}]}<\/script>\n<!-- \/ Yoast SEO Premium plugin. -->","yoast_head_json":{"title":"Traitement de l'eau de laboratoire &#8211; EnviroFALK","description":"EnviroFALK fabrique des installations de traitement de l'eau pour la production d'eau de laboratoire. On parle \u00e9galement de traitement de l'eau de laboratoire, car de l'eau pure de diff\u00e9rentes qualit\u00e9s et quantit\u00e9s est utilis\u00e9e \u00e0 chaque fois pour des applications de laboratoire g\u00e9n\u00e9rales et sp\u00e9cifiques.","robots":{"index":"index","follow":"follow","max-snippet":"max-snippet:-1","max-image-preview":"max-image-preview:large","max-video-preview":"max-video-preview:-1"},"canonical":"https:\/\/www.envirofalk.com\/fr\/connaissances-dexperts-sur-le-traitement-de-leau\/traitement-de-leau-de-laboratoire\/","og_locale":"fr_FR","og_type":"article","og_title":"Traitement de l'eau de laboratoire","og_description":"EnviroFALK fabrique des installations de traitement de l'eau pour la production d'eau de laboratoire. On parle \u00e9galement de traitement de l'eau de laboratoire, car de l'eau pure de diff\u00e9rentes qualit\u00e9s et quantit\u00e9s est utilis\u00e9e \u00e0 chaque fois pour des applications de laboratoire g\u00e9n\u00e9rales et sp\u00e9cifiques.","og_url":"https:\/\/www.envirofalk.com\/fr\/connaissances-dexperts-sur-le-traitement-de-leau\/traitement-de-leau-de-laboratoire\/","og_site_name":"EnviroFALK","article_publisher":"https:\/\/www.facebook.com\/envirofalk","article_modified_time":"2024-01-24T09:57:18+00:00","twitter_card":"summary_large_image","twitter_misc":{"Dur\u00e9e de lecture estim\u00e9e":"4 minutes"},"schema":{"@context":"https:\/\/schema.org","@graph":[{"@type":"WebPage","@id":"https:\/\/www.envirofalk.com\/fr\/connaissances-dexperts-sur-le-traitement-de-leau\/traitement-de-leau-de-laboratoire\/","url":"https:\/\/www.envirofalk.com\/fr\/connaissances-dexperts-sur-le-traitement-de-leau\/traitement-de-leau-de-laboratoire\/","name":"Traitement de l'eau de laboratoire &#8211; EnviroFALK","isPartOf":{"@id":"https:\/\/www.envirofalk.com\/fr\/#website"},"datePublished":"2024-01-24T09:57:11+00:00","dateModified":"2024-01-24T09:57:18+00:00","description":"EnviroFALK fabrique des installations de traitement de l'eau pour la production d'eau de laboratoire. On parle \u00e9galement de traitement de l'eau de laboratoire, car de l'eau pure de diff\u00e9rentes qualit\u00e9s et quantit\u00e9s est utilis\u00e9e \u00e0 chaque fois pour des applications de laboratoire g\u00e9n\u00e9rales et sp\u00e9cifiques.","breadcrumb":{"@id":"https:\/\/www.envirofalk.com\/fr\/connaissances-dexperts-sur-le-traitement-de-leau\/traitement-de-leau-de-laboratoire\/#breadcrumb"},"inLanguage":"fr-FR","potentialAction":[{"@type":"ReadAction","target":["https:\/\/www.envirofalk.com\/fr\/connaissances-dexperts-sur-le-traitement-de-leau\/traitement-de-leau-de-laboratoire\/"]}]},{"@type":"BreadcrumbList","@id":"https:\/\/www.envirofalk.com\/fr\/connaissances-dexperts-sur-le-traitement-de-leau\/traitement-de-leau-de-laboratoire\/#breadcrumb","itemListElement":[{"@type":"ListItem","position":1,"name":"Home","item":"https:\/\/www.envirofalk.com\/fr\/"},{"@type":"ListItem","position":2,"name":"Connaissances d&#8217;experts sur le traitement de l&#8217;eau","item":"https:\/\/www.envirofalk.com\/fr\/connaissances-dexperts-sur-le-traitement-de-leau\/"},{"@type":"ListItem","position":3,"name":"Traitement de l&rsquo;eau de laboratoire"}]},{"@type":"WebSite","@id":"https:\/\/www.envirofalk.com\/fr\/#website","url":"https:\/\/www.envirofalk.com\/fr\/","name":"EnviroFALK","description":"Wasseraufbereitungsanlagen f\u00fcr Industrie, Gewerbe &amp; Labor","publisher":{"@id":"https:\/\/www.envirofalk.com\/fr\/#organization"},"potentialAction":[{"@type":"SearchAction","target":{"@type":"EntryPoint","urlTemplate":"https:\/\/www.envirofalk.com\/fr\/?s={search_term_string}"},"query-input":{"@type":"PropertyValueSpecification","valueRequired":true,"valueName":"search_term_string"}}],"inLanguage":"fr-FR"},{"@type":"Organization","@id":"https:\/\/www.envirofalk.com\/fr\/#organization","name":"EnviroFALK","url":"https:\/\/www.envirofalk.com\/fr\/","logo":{"@type":"ImageObject","inLanguage":"fr-FR","@id":"https:\/\/www.envirofalk.com\/fr\/#\/schema\/logo\/image\/","url":"https:\/\/www.envirofalk.com\/wp-content\/uploads\/2023\/01\/logo.svg","contentUrl":"https:\/\/www.envirofalk.com\/wp-content\/uploads\/2023\/01\/logo.svg","caption":"EnviroFALK"},"image":{"@id":"https:\/\/www.envirofalk.com\/fr\/#\/schema\/logo\/image\/"},"sameAs":["https:\/\/www.facebook.com\/envirofalk","https:\/\/www.linkedin.com\/company\/envirofalk-gmbh","https:\/\/www.youtube.com\/channel\/UCM1L-2K6cfBbP3aYgJGbVdA"],"description":"EnviroFALK Prozesswassertechnik ist Ihr Spezialist f\u00fcr ma\u00dfgeschneiderte Wasseraufbereitungsl\u00f6sungen in der Industrie. Wir bieten innovative Technologien f\u00fcr die Erzeugung und Aufbereitung von Prozesswasser, um h\u00f6chste Effizienz und Qualit\u00e4t in Ihren Produktionsprozessen zu gew\u00e4hrleisten. Mit jahrzehntelanger Erfahrung entwickeln wir nachhaltige und ressourcenschonende L\u00f6sungen, die exakt auf die Anforderungen unserer Kunden abgestimmt sind. Unsere Leistungen umfassen die Filtration, Enth\u00e4rtung, Entsalzung und R\u00fcckgewinnung von Wasser f\u00fcr verschiedenste Anwendungen \u2013 von der Metallverarbeitung bis zur Lebensmittelindustrie. Unsere Experten begleiten Sie von der Planung \u00fcber die Implementierung bis hin zum Service, um eine zuverl\u00e4ssige und wirtschaftliche Wasseraufbereitung sicherzustellen.","email":"info@envirofalk.com","telephone":"+49 2663 9908-0","legalName":"EnviroFALK GmbH","foundingDate":"1989-05-01"}]}},"_links":{"self":[{"href":"https:\/\/www.envirofalk.com\/fr\/wp-json\/wp\/v2\/pages\/8417","targetHints":{"allow":["GET"]}}],"collection":[{"href":"https:\/\/www.envirofalk.com\/fr\/wp-json\/wp\/v2\/pages"}],"about":[{"href":"https:\/\/www.envirofalk.com\/fr\/wp-json\/wp\/v2\/types\/page"}],"author":[{"embeddable":true,"href":"https:\/\/www.envirofalk.com\/fr\/wp-json\/wp\/v2\/users\/5"}],"replies":[{"embeddable":true,"href":"https:\/\/www.envirofalk.com\/fr\/wp-json\/wp\/v2\/comments?post=8417"}],"version-history":[{"count":2,"href":"https:\/\/www.envirofalk.com\/fr\/wp-json\/wp\/v2\/pages\/8417\/revisions"}],"predecessor-version":[{"id":8474,"href":"https:\/\/www.envirofalk.com\/fr\/wp-json\/wp\/v2\/pages\/8417\/revisions\/8474"}],"up":[{"embeddable":true,"href":"https:\/\/www.envirofalk.com\/fr\/wp-json\/wp\/v2\/pages\/8007"}],"wp:attachment":[{"href":"https:\/\/www.envirofalk.com\/fr\/wp-json\/wp\/v2\/media?parent=8417"}],"curies":[{"name":"wp","href":"https:\/\/api.w.org\/{rel}","templated":true}]}}