{"id":8400,"date":"2024-01-24T10:57:10","date_gmt":"2024-01-24T09:57:10","guid":{"rendered":"https:\/\/www.envirofalk.com\/connaissances-dexperts-sur-le-traitement-de-leau\/filtre-a-bougies\/"},"modified":"2024-01-24T10:57:17","modified_gmt":"2024-01-24T09:57:17","slug":"filtre-a-bougies","status":"publish","type":"page","link":"https:\/\/www.envirofalk.com\/fr\/connaissances-dexperts-sur-le-traitement-de-leau\/filtre-a-bougies\/","title":{"rendered":"Filtre \u00e0 bougies"},"content":{"rendered":"<div class=\"wpb-content-wrapper\"><p>[vc_section][vc_row full_width=\u00a0\u00bbstretch_row_content_no_spaces\u00a0\u00bb][vc_column]<div class=\"custom-top-banner img-box   has-icon\" style=\"background-image: url(https:\/\/www.envirofalk.com\/wp-content\/uploads\/2023\/08\/Pressemitteilungen_1920x640-fcfcc37a.webp)\"><div class=\"container relative\"><div class=\"text-box\"><div class=\"slideInRight animated\"><img loading=\"lazy\" decoding=\"async\" width=\"1\" height=\"1\" src=\"https:\/\/www.envirofalk.com\/wp-content\/uploads\/2023\/09\/Wasseraufbereitung_EnviroFALK_Logo.svg\" class=\"attachment-120x120 size-120x120\" alt=\"EnviroFALK-Logo Icon\" \/><p>Expertenwissen auf einen Blick<\/p><\/div><\/div><\/div><\/div>[\/vc_column][\/vc_row][vc_row el_class=\u00a0\u00bbbreadcrumbs-wrapper\u00a0\u00bb][vc_column]<div class=\"breadcrumbs\"><label><\/label> <a href=\"https:\/\/www.envirofalk.com\/fr\/\">Home<\/a><\/div>[\/vc_column][\/vc_row][\/vc_section][vc_section][vc_row css_animation=\u00a0\u00bbslideInUp\u00a0\u00bb el_class=\u00a0\u00bbtwo-columns-row tablet-row\u00a0\u00bb][vc_column width=\u00a0\u00bb3\/4&Prime;][vc_custom_heading text=\u00a0\u00bbFiltre \u00e0 bougies\u00a0\u00bb font_container=\u00a0\u00bbtag:h1|text_align:left\u00a0\u00bb use_theme_fonts=\u00a0\u00bbyes\u00a0\u00bb][vc_column_text]<\/p>\n<h2>Filtre \u00e0 bougies. Pour faire sortir ce qui ne doit pas entrer.<\/h2>\n<p>[\/vc_column_text][\/vc_column][vc_column width=\u00a0\u00bb1\/4&Prime;]<div class=\"quick-links sm wpb_content_element\" data-background=\"#ebebeb\"><div class=\"flexbox\"><a href=\"#\" target=\"_self\"><div class=\"icon default\"><img decoding=\"async\" src=\"https:\/\/www.envirofalk.com\/wp-content\/uploads\/2023\/05\/icon_service.svg\" class=\"attachment-full size-full\" alt=\"Person mit Headset Icon\" \/><\/div><div><h6>Service<\/h6><\/div><\/a><\/div><div class=\"flexbox\"><a href=\"#\" target=\"_self\"><div class=\"icon default\"><img decoding=\"async\" src=\"https:\/\/www.envirofalk.com\/wp-content\/uploads\/2023\/05\/icon_messen-events.svg\" class=\"attachment-full size-full\" alt=\"\" \/><\/div><div><h6>Messen & Events<\/h6><\/div><\/a><\/div><div class=\"flexbox\"><a href=\"#\" target=\"_self\"><div class=\"icon default\"><img decoding=\"async\" src=\"https:\/\/www.envirofalk.com\/wp-content\/uploads\/2023\/05\/icon_downloads.svg\" class=\"attachment-full size-full\" alt=\"Blatt Papier mit Pfeil nach unten\" \/><\/div><div><h6>Downloads<\/h6><\/div><\/a><\/div><div class=\"flexbox\"><a href=\"#\" target=\"_self\"><div class=\"icon default\"><img decoding=\"async\" src=\"https:\/\/www.envirofalk.com\/wp-content\/uploads\/2023\/05\/icon_kundenlosungen.svg\" class=\"attachment-full size-full\" alt=\"Gl\u00fchbirne Icon\" \/><\/div><div><h6>Kundenlosungen<\/h6><\/div><\/a><\/div><\/div>[\/vc_column][\/vc_row][\/vc_section][vc_section][vc_row css_animation=\u00a0\u00bbslideInUp\u00a0\u00bb el_class=\u00a0\u00bbtwo-columns-row tablet-row\u00a0\u00bb][vc_column width=\u00a0\u00bb1\/2&Prime; el_class=\u00a0\u00bbarrows-list\u00a0\u00bb][vc_column_text]<\/p>\n<div class=\"ce_text block\"><\/div>\n<div class=\"ce_text block\">\n<p><strong>Les filtres \u00e0 bougies, \u00e9galement appel\u00e9s filtres interchangeables, filtres d&rsquo;objets ou filtres fins, sont des filtres de protection qui ne peuvent pas \u00eatre rinc\u00e9s \u00e0 contre-courant. Les filtres \u00e0 cartouche ont pour fonction de filtrer les impuret\u00e9s de l&rsquo;eau, comme les petites particules solides, les particules de rouille et les grains de sable.<\/strong>  Les filtres \u00e0 bougies sont des moyens de filtration poreux. Les impuret\u00e9s sont retenues dans le labyrinthe ou \u00e0 la surface des fibres enroul\u00e9es ou li\u00e9es thermiquement.<\/p>\n<p>Les filtres \u00e0 bougies doivent \u00eatre remplac\u00e9s r\u00e9guli\u00e8rement en fonction de la qualit\u00e9 de l&rsquo;eau brute. Le filtre \u00e0 bougies se compose d&rsquo;un bo\u00eetier de filtre et d&rsquo;une ou plusieurs bougies plac\u00e9es \u00e0 l&rsquo;int\u00e9rieur. Les bougies peuvent avoir diff\u00e9rentes structures. Outre la bougie enroul\u00e9e (filtre en profondeur), qui se compose d&rsquo;un fil enroul\u00e9 en mati\u00e8re synth\u00e9tique ou naturelle, il existe des bougies filtrantes construites comme des filtres \u00e0 membrane (filtre de surface).<\/p>\n<p><strong>Les filtres \u00e0 bougie EnviroFALK sont disponibles<\/strong><\/p>\n<ul>\n<li>en diff\u00e9rentes tailles<\/li>\n<li>D\u00e9bits et mat\u00e9riaux<\/li>\n<\/ul>\n<\/div>\n<p>[\/vc_column_text][\/vc_column][vc_column width=\u00a0\u00bb1\/2&Prime;][vc_single_image image=\u00a0\u00bb4996&Prime; img_size=\u00a0\u00bbfull\u00a0\u00bb][vc_column_text]<\/p>\n<h6>Filtre \u00e0 bougies EnviroFALK. Exemple de pr\u00e9sentation.<\/h6>\n<p>[\/vc_column_text][\/vc_column][\/vc_row][\/vc_section][vc_row][vc_column][\/vc_column][\/vc_row]<\/p>\n<\/div>","protected":false},"excerpt":{"rendered":"<p>[vc_section][vc_row full_width=\u00a0\u00bbstretch_row_content_no_spaces\u00a0\u00bb][vc_column][\/vc_column][\/vc_row][vc_row el_class=\u00a0\u00bbbreadcrumbs-wrapper\u00a0\u00bb][vc_column][\/vc_column][\/vc_row][\/vc_section][vc_section][vc_row css_animation=\u00a0\u00bbslideInUp\u00a0\u00bb el_class=\u00a0\u00bbtwo-columns-row tablet-row\u00a0\u00bb][vc_column width=\u00a0\u00bb3\/4&Prime;][vc_custom_heading text=\u00a0\u00bbFiltre \u00e0 bougies\u00a0\u00bb font_container=\u00a0\u00bbtag:h1|text_align:left\u00a0\u00bb use_theme_fonts=\u00a0\u00bbyes\u00a0\u00bb][vc_column_text] Filtre \u00e0 bougies. Pour faire sortir ce qui ne doit pas entrer. [\/vc_column_text][\/vc_column][vc_column width=\u00a0\u00bb1\/4&Prime;][\/vc_column][\/vc_row][\/vc_section][vc_section][vc_row css_animation=\u00a0\u00bbslideInUp\u00a0\u00bb el_class=\u00a0\u00bbtwo-columns-row tablet-row\u00a0\u00bb][vc_column width=\u00a0\u00bb1\/2&Prime; el_class=\u00a0\u00bbarrows-list\u00a0\u00bb][vc_column_text] Les filtres \u00e0 bougies, \u00e9galement appel\u00e9s filtres interchangeables, filtres d&rsquo;objets ou filtres fins, sont des filtres de protection qui ne peuvent pas \u00eatre rinc\u00e9s [&hellip;]<\/p>\n","protected":false},"author":5,"featured_media":0,"parent":8007,"menu_order":16,"comment_status":"closed","ping_status":"closed","template":"","meta":{"_acf_changed":false,"rs_blank_template":"","rs_page_bg_color":"","slide_template_v7":"","footnotes":""},"class_list":["post-8400","page","type-page","status-publish","hentry"],"acf":[],"yoast_head":"<!-- This site is optimized with the Yoast SEO Premium plugin v27.4 (Yoast SEO v27.4) - https:\/\/yoast.com\/product\/yoast-seo-premium-wordpress\/ -->\n<title>Filtre \u00e0 bougies &#8211; EnviroFALK<\/title>\n<meta name=\"description\" content=\"Les filtres \u00e0 cartouche ont pour fonction de filtrer les impuret\u00e9s de l&#039;eau, comme les petites particules solides, les particules de rouille et les grains de sable. Les filtres \u00e0 bougies sont des moyens de filtration poreux.\" \/>\n<meta name=\"robots\" content=\"index, follow, max-snippet:-1, max-image-preview:large, max-video-preview:-1\" \/>\n<link rel=\"canonical\" href=\"https:\/\/www.envirofalk.com\/fr\/connaissances-dexperts-sur-le-traitement-de-leau\/filtre-a-bougies\/\" \/>\n<meta property=\"og:locale\" content=\"fr_FR\" \/>\n<meta property=\"og:type\" content=\"article\" \/>\n<meta property=\"og:title\" content=\"Filtre \u00e0 bougies\" \/>\n<meta property=\"og:description\" content=\"Les filtres \u00e0 cartouche ont pour fonction de filtrer les impuret\u00e9s de l&#039;eau, comme les petites particules solides, les particules de rouille et les grains de sable. Les filtres \u00e0 bougies sont des moyens de filtration poreux.\" \/>\n<meta property=\"og:url\" content=\"https:\/\/www.envirofalk.com\/fr\/connaissances-dexperts-sur-le-traitement-de-leau\/filtre-a-bougies\/\" \/>\n<meta property=\"og:site_name\" content=\"EnviroFALK\" \/>\n<meta property=\"article:publisher\" content=\"https:\/\/www.facebook.com\/envirofalk\" \/>\n<meta property=\"article:modified_time\" content=\"2024-01-24T09:57:17+00:00\" \/>\n<meta name=\"twitter:card\" content=\"summary_large_image\" \/>\n<meta name=\"twitter:label1\" content=\"Dur\u00e9e de lecture estim\u00e9e\" \/>\n\t<meta name=\"twitter:data1\" content=\"2 minutes\" \/>\n<script type=\"application\/ld+json\" class=\"yoast-schema-graph\">{\"@context\":\"https:\\\/\\\/schema.org\",\"@graph\":[{\"@type\":\"WebPage\",\"@id\":\"https:\\\/\\\/www.envirofalk.com\\\/fr\\\/connaissances-dexperts-sur-le-traitement-de-leau\\\/filtre-a-bougies\\\/\",\"url\":\"https:\\\/\\\/www.envirofalk.com\\\/fr\\\/connaissances-dexperts-sur-le-traitement-de-leau\\\/filtre-a-bougies\\\/\",\"name\":\"Filtre \u00e0 bougies &#8211; EnviroFALK\",\"isPartOf\":{\"@id\":\"https:\\\/\\\/www.envirofalk.com\\\/fr\\\/#website\"},\"datePublished\":\"2024-01-24T09:57:10+00:00\",\"dateModified\":\"2024-01-24T09:57:17+00:00\",\"description\":\"Les filtres \u00e0 cartouche ont pour fonction de filtrer les impuret\u00e9s de l'eau, comme les petites particules solides, les particules de rouille et les grains de sable. Les filtres \u00e0 bougies sont des moyens de filtration poreux.\",\"breadcrumb\":{\"@id\":\"https:\\\/\\\/www.envirofalk.com\\\/fr\\\/connaissances-dexperts-sur-le-traitement-de-leau\\\/filtre-a-bougies\\\/#breadcrumb\"},\"inLanguage\":\"fr-FR\",\"potentialAction\":[{\"@type\":\"ReadAction\",\"target\":[\"https:\\\/\\\/www.envirofalk.com\\\/fr\\\/connaissances-dexperts-sur-le-traitement-de-leau\\\/filtre-a-bougies\\\/\"]}]},{\"@type\":\"BreadcrumbList\",\"@id\":\"https:\\\/\\\/www.envirofalk.com\\\/fr\\\/connaissances-dexperts-sur-le-traitement-de-leau\\\/filtre-a-bougies\\\/#breadcrumb\",\"itemListElement\":[{\"@type\":\"ListItem\",\"position\":1,\"name\":\"Home\",\"item\":\"https:\\\/\\\/www.envirofalk.com\\\/fr\\\/\"},{\"@type\":\"ListItem\",\"position\":2,\"name\":\"Connaissances d&#8217;experts sur le traitement de l&#8217;eau\",\"item\":\"https:\\\/\\\/www.envirofalk.com\\\/fr\\\/connaissances-dexperts-sur-le-traitement-de-leau\\\/\"},{\"@type\":\"ListItem\",\"position\":3,\"name\":\"Filtre \u00e0 bougies\"}]},{\"@type\":\"WebSite\",\"@id\":\"https:\\\/\\\/www.envirofalk.com\\\/fr\\\/#website\",\"url\":\"https:\\\/\\\/www.envirofalk.com\\\/fr\\\/\",\"name\":\"EnviroFALK\",\"description\":\"Wasseraufbereitungsanlagen f\u00fcr Industrie, Gewerbe &amp; Labor\",\"publisher\":{\"@id\":\"https:\\\/\\\/www.envirofalk.com\\\/fr\\\/#organization\"},\"potentialAction\":[{\"@type\":\"SearchAction\",\"target\":{\"@type\":\"EntryPoint\",\"urlTemplate\":\"https:\\\/\\\/www.envirofalk.com\\\/fr\\\/?s={search_term_string}\"},\"query-input\":{\"@type\":\"PropertyValueSpecification\",\"valueRequired\":true,\"valueName\":\"search_term_string\"}}],\"inLanguage\":\"fr-FR\"},{\"@type\":\"Organization\",\"@id\":\"https:\\\/\\\/www.envirofalk.com\\\/fr\\\/#organization\",\"name\":\"EnviroFALK\",\"url\":\"https:\\\/\\\/www.envirofalk.com\\\/fr\\\/\",\"logo\":{\"@type\":\"ImageObject\",\"inLanguage\":\"fr-FR\",\"@id\":\"https:\\\/\\\/www.envirofalk.com\\\/fr\\\/#\\\/schema\\\/logo\\\/image\\\/\",\"url\":\"https:\\\/\\\/www.envirofalk.com\\\/wp-content\\\/uploads\\\/2023\\\/01\\\/logo.svg\",\"contentUrl\":\"https:\\\/\\\/www.envirofalk.com\\\/wp-content\\\/uploads\\\/2023\\\/01\\\/logo.svg\",\"caption\":\"EnviroFALK\"},\"image\":{\"@id\":\"https:\\\/\\\/www.envirofalk.com\\\/fr\\\/#\\\/schema\\\/logo\\\/image\\\/\"},\"sameAs\":[\"https:\\\/\\\/www.facebook.com\\\/envirofalk\",\"https:\\\/\\\/www.linkedin.com\\\/company\\\/envirofalk-gmbh\",\"https:\\\/\\\/www.youtube.com\\\/channel\\\/UCM1L-2K6cfBbP3aYgJGbVdA\"],\"description\":\"EnviroFALK Prozesswassertechnik ist Ihr Spezialist f\u00fcr ma\u00dfgeschneiderte Wasseraufbereitungsl\u00f6sungen in der Industrie. Wir bieten innovative Technologien f\u00fcr die Erzeugung und Aufbereitung von Prozesswasser, um h\u00f6chste Effizienz und Qualit\u00e4t in Ihren Produktionsprozessen zu gew\u00e4hrleisten. Mit jahrzehntelanger Erfahrung entwickeln wir nachhaltige und ressourcenschonende L\u00f6sungen, die exakt auf die Anforderungen unserer Kunden abgestimmt sind. Unsere Leistungen umfassen die Filtration, Enth\u00e4rtung, Entsalzung und R\u00fcckgewinnung von Wasser f\u00fcr verschiedenste Anwendungen \u2013 von der Metallverarbeitung bis zur Lebensmittelindustrie. Unsere Experten begleiten Sie von der Planung \u00fcber die Implementierung bis hin zum Service, um eine zuverl\u00e4ssige und wirtschaftliche Wasseraufbereitung sicherzustellen.\",\"email\":\"info@envirofalk.com\",\"telephone\":\"+49 2663 9908-0\",\"legalName\":\"EnviroFALK GmbH\",\"foundingDate\":\"1989-05-01\"}]}<\/script>\n<!-- \/ Yoast SEO Premium plugin. -->","yoast_head_json":{"title":"Filtre \u00e0 bougies &#8211; EnviroFALK","description":"Les filtres \u00e0 cartouche ont pour fonction de filtrer les impuret\u00e9s de l'eau, comme les petites particules solides, les particules de rouille et les grains de sable. Les filtres \u00e0 bougies sont des moyens de filtration poreux.","robots":{"index":"index","follow":"follow","max-snippet":"max-snippet:-1","max-image-preview":"max-image-preview:large","max-video-preview":"max-video-preview:-1"},"canonical":"https:\/\/www.envirofalk.com\/fr\/connaissances-dexperts-sur-le-traitement-de-leau\/filtre-a-bougies\/","og_locale":"fr_FR","og_type":"article","og_title":"Filtre \u00e0 bougies","og_description":"Les filtres \u00e0 cartouche ont pour fonction de filtrer les impuret\u00e9s de l'eau, comme les petites particules solides, les particules de rouille et les grains de sable. Les filtres \u00e0 bougies sont des moyens de filtration poreux.","og_url":"https:\/\/www.envirofalk.com\/fr\/connaissances-dexperts-sur-le-traitement-de-leau\/filtre-a-bougies\/","og_site_name":"EnviroFALK","article_publisher":"https:\/\/www.facebook.com\/envirofalk","article_modified_time":"2024-01-24T09:57:17+00:00","twitter_card":"summary_large_image","twitter_misc":{"Dur\u00e9e de lecture estim\u00e9e":"2 minutes"},"schema":{"@context":"https:\/\/schema.org","@graph":[{"@type":"WebPage","@id":"https:\/\/www.envirofalk.com\/fr\/connaissances-dexperts-sur-le-traitement-de-leau\/filtre-a-bougies\/","url":"https:\/\/www.envirofalk.com\/fr\/connaissances-dexperts-sur-le-traitement-de-leau\/filtre-a-bougies\/","name":"Filtre \u00e0 bougies &#8211; EnviroFALK","isPartOf":{"@id":"https:\/\/www.envirofalk.com\/fr\/#website"},"datePublished":"2024-01-24T09:57:10+00:00","dateModified":"2024-01-24T09:57:17+00:00","description":"Les filtres \u00e0 cartouche ont pour fonction de filtrer les impuret\u00e9s de l'eau, comme les petites particules solides, les particules de rouille et les grains de sable. Les filtres \u00e0 bougies sont des moyens de filtration poreux.","breadcrumb":{"@id":"https:\/\/www.envirofalk.com\/fr\/connaissances-dexperts-sur-le-traitement-de-leau\/filtre-a-bougies\/#breadcrumb"},"inLanguage":"fr-FR","potentialAction":[{"@type":"ReadAction","target":["https:\/\/www.envirofalk.com\/fr\/connaissances-dexperts-sur-le-traitement-de-leau\/filtre-a-bougies\/"]}]},{"@type":"BreadcrumbList","@id":"https:\/\/www.envirofalk.com\/fr\/connaissances-dexperts-sur-le-traitement-de-leau\/filtre-a-bougies\/#breadcrumb","itemListElement":[{"@type":"ListItem","position":1,"name":"Home","item":"https:\/\/www.envirofalk.com\/fr\/"},{"@type":"ListItem","position":2,"name":"Connaissances d&#8217;experts sur le traitement de l&#8217;eau","item":"https:\/\/www.envirofalk.com\/fr\/connaissances-dexperts-sur-le-traitement-de-leau\/"},{"@type":"ListItem","position":3,"name":"Filtre \u00e0 bougies"}]},{"@type":"WebSite","@id":"https:\/\/www.envirofalk.com\/fr\/#website","url":"https:\/\/www.envirofalk.com\/fr\/","name":"EnviroFALK","description":"Wasseraufbereitungsanlagen f\u00fcr Industrie, Gewerbe &amp; Labor","publisher":{"@id":"https:\/\/www.envirofalk.com\/fr\/#organization"},"potentialAction":[{"@type":"SearchAction","target":{"@type":"EntryPoint","urlTemplate":"https:\/\/www.envirofalk.com\/fr\/?s={search_term_string}"},"query-input":{"@type":"PropertyValueSpecification","valueRequired":true,"valueName":"search_term_string"}}],"inLanguage":"fr-FR"},{"@type":"Organization","@id":"https:\/\/www.envirofalk.com\/fr\/#organization","name":"EnviroFALK","url":"https:\/\/www.envirofalk.com\/fr\/","logo":{"@type":"ImageObject","inLanguage":"fr-FR","@id":"https:\/\/www.envirofalk.com\/fr\/#\/schema\/logo\/image\/","url":"https:\/\/www.envirofalk.com\/wp-content\/uploads\/2023\/01\/logo.svg","contentUrl":"https:\/\/www.envirofalk.com\/wp-content\/uploads\/2023\/01\/logo.svg","caption":"EnviroFALK"},"image":{"@id":"https:\/\/www.envirofalk.com\/fr\/#\/schema\/logo\/image\/"},"sameAs":["https:\/\/www.facebook.com\/envirofalk","https:\/\/www.linkedin.com\/company\/envirofalk-gmbh","https:\/\/www.youtube.com\/channel\/UCM1L-2K6cfBbP3aYgJGbVdA"],"description":"EnviroFALK Prozesswassertechnik ist Ihr Spezialist f\u00fcr ma\u00dfgeschneiderte Wasseraufbereitungsl\u00f6sungen in der Industrie. Wir bieten innovative Technologien f\u00fcr die Erzeugung und Aufbereitung von Prozesswasser, um h\u00f6chste Effizienz und Qualit\u00e4t in Ihren Produktionsprozessen zu gew\u00e4hrleisten. Mit jahrzehntelanger Erfahrung entwickeln wir nachhaltige und ressourcenschonende L\u00f6sungen, die exakt auf die Anforderungen unserer Kunden abgestimmt sind. Unsere Leistungen umfassen die Filtration, Enth\u00e4rtung, Entsalzung und R\u00fcckgewinnung von Wasser f\u00fcr verschiedenste Anwendungen \u2013 von der Metallverarbeitung bis zur Lebensmittelindustrie. Unsere Experten begleiten Sie von der Planung \u00fcber die Implementierung bis hin zum Service, um eine zuverl\u00e4ssige und wirtschaftliche Wasseraufbereitung sicherzustellen.","email":"info@envirofalk.com","telephone":"+49 2663 9908-0","legalName":"EnviroFALK GmbH","foundingDate":"1989-05-01"}]}},"_links":{"self":[{"href":"https:\/\/www.envirofalk.com\/fr\/wp-json\/wp\/v2\/pages\/8400","targetHints":{"allow":["GET"]}}],"collection":[{"href":"https:\/\/www.envirofalk.com\/fr\/wp-json\/wp\/v2\/pages"}],"about":[{"href":"https:\/\/www.envirofalk.com\/fr\/wp-json\/wp\/v2\/types\/page"}],"author":[{"embeddable":true,"href":"https:\/\/www.envirofalk.com\/fr\/wp-json\/wp\/v2\/users\/5"}],"replies":[{"embeddable":true,"href":"https:\/\/www.envirofalk.com\/fr\/wp-json\/wp\/v2\/comments?post=8400"}],"version-history":[{"count":2,"href":"https:\/\/www.envirofalk.com\/fr\/wp-json\/wp\/v2\/pages\/8400\/revisions"}],"predecessor-version":[{"id":8449,"href":"https:\/\/www.envirofalk.com\/fr\/wp-json\/wp\/v2\/pages\/8400\/revisions\/8449"}],"up":[{"embeddable":true,"href":"https:\/\/www.envirofalk.com\/fr\/wp-json\/wp\/v2\/pages\/8007"}],"wp:attachment":[{"href":"https:\/\/www.envirofalk.com\/fr\/wp-json\/wp\/v2\/media?parent=8400"}],"curies":[{"name":"wp","href":"https:\/\/api.w.org\/{rel}","templated":true}]}}