{"id":8391,"date":"2024-01-24T10:57:10","date_gmt":"2024-01-24T09:57:10","guid":{"rendered":"https:\/\/www.envirofalk.com\/connaissances-dexperts-sur-le-traitement-de-leau\/nanofiltration\/"},"modified":"2024-01-24T10:57:16","modified_gmt":"2024-01-24T09:57:16","slug":"nanofiltration","status":"publish","type":"page","link":"https:\/\/www.envirofalk.com\/fr\/connaissances-dexperts-sur-le-traitement-de-leau\/nanofiltration\/","title":{"rendered":"Nanofiltration"},"content":{"rendered":"<div class=\"wpb-content-wrapper\"><p>[vc_section][vc_row full_width=\u00a0\u00bbstretch_row_content_no_spaces\u00a0\u00bb][vc_column]<div class=\"custom-top-banner img-box   has-icon\" style=\"background-image: url(https:\/\/www.envirofalk.com\/wp-content\/uploads\/2023\/08\/Pressemitteilungen_1920x640-fcfcc37a.webp)\"><div class=\"container relative\"><div class=\"text-box\"><div class=\"slideInRight animated\"><img loading=\"lazy\" decoding=\"async\" width=\"1\" height=\"1\" src=\"https:\/\/www.envirofalk.com\/wp-content\/uploads\/2023\/09\/Wasseraufbereitung_EnviroFALK_Logo.svg\" class=\"attachment-120x120 size-120x120\" alt=\"EnviroFALK-Logo Icon\" \/><p>Expertenwissen auf einen Blick<\/p><\/div><\/div><\/div><\/div>[\/vc_column][\/vc_row][vc_row el_class=\u00a0\u00bbbreadcrumbs-wrapper\u00a0\u00bb][vc_column]<div class=\"breadcrumbs\"><label><\/label> <a href=\"https:\/\/www.envirofalk.com\/fr\/\">Home<\/a><\/div>[\/vc_column][\/vc_row][\/vc_section][vc_section][vc_row css_animation=\u00a0\u00bbslideInUp\u00a0\u00bb el_class=\u00a0\u00bbtwo-columns-row tablet-row\u00a0\u00bb][vc_column width=\u00a0\u00bb3\/4&Prime;][vc_custom_heading text=\u00a0\u00bbNanofiltration\u00a0\u00bb font_container=\u00a0\u00bbtag:h1|text_align:left\u00a0\u00bb use_theme_fonts=\u00a0\u00bbyes\u00a0\u00bb][vc_column_text]<\/p>\n<h2>Retenir de mani\u00e8re fiable les particules de taille nanom\u00e9trique gr\u00e2ce \u00e0 la nanofiltration<\/h2>\n<p>[\/vc_column_text][\/vc_column][vc_column width=\u00a0\u00bb1\/4&Prime;]<div class=\"quick-links sm wpb_content_element\" data-background=\"#ebebeb\"><div class=\"flexbox\"><a href=\"#\" target=\"_self\"><div class=\"icon default\"><img decoding=\"async\" src=\"https:\/\/www.envirofalk.com\/wp-content\/uploads\/2023\/05\/icon_service.svg\" class=\"attachment-full size-full\" alt=\"Person mit Headset Icon\" \/><\/div><div><h6>Service<\/h6><\/div><\/a><\/div><div class=\"flexbox\"><a href=\"#\" target=\"_self\"><div class=\"icon default\"><img decoding=\"async\" src=\"https:\/\/www.envirofalk.com\/wp-content\/uploads\/2023\/05\/icon_messen-events.svg\" class=\"attachment-full size-full\" alt=\"\" \/><\/div><div><h6>Messen & Events<\/h6><\/div><\/a><\/div><div class=\"flexbox\"><a href=\"#\" target=\"_self\"><div class=\"icon default\"><img decoding=\"async\" src=\"https:\/\/www.envirofalk.com\/wp-content\/uploads\/2023\/05\/icon_downloads.svg\" class=\"attachment-full size-full\" alt=\"Blatt Papier mit Pfeil nach unten\" \/><\/div><div><h6>Downloads<\/h6><\/div><\/a><\/div><div class=\"flexbox\"><a href=\"#\" target=\"_self\"><div class=\"icon default\"><img decoding=\"async\" src=\"https:\/\/www.envirofalk.com\/wp-content\/uploads\/2023\/05\/icon_kundenlosungen.svg\" class=\"attachment-full size-full\" alt=\"Gl\u00fchbirne Icon\" \/><\/div><div><h6>Kundenlosungen<\/h6><\/div><\/a><\/div><\/div>[\/vc_column][\/vc_row][\/vc_section][vc_section][vc_row css_animation=\u00a0\u00bbslideInUp\u00a0\u00bb el_class=\u00a0\u00bbtwo-columns-row tablet-row\u00a0\u00bb][vc_column width=\u00a0\u00bb1\/2&Prime;][vc_column_text]<strong>La nanofiltration (en abr\u00e9g\u00e9 NF) est une technologie membranaire qui retient principalement les ions divalents et les grosses mol\u00e9cules. Elle doit son nom \u00e0 sa capacit\u00e9 de r\u00e9tention, qui est d&rsquo;environ un nanom\u00e8tre. Elle est notamment utilis\u00e9e pour l&rsquo;adoucissement partiel et la r\u00e9duction de la turbidit\u00e9 et de la coloration des eaux de surface. De ce fait, elle convient parfaitement comme traitement en amont dans le cadre de la production d&rsquo;eau de process.<\/strong><\/p>\n<p>Autre fait int\u00e9ressant : tant dans sa structure que dans son fonctionnement, elle ressemble au principe de l&rsquo;osmose inverse, bien que les taux de r\u00e9tention soient nettement plus faibles dans le cas de la nanofiltration. En revanche, elle utilise une faible pression d&rsquo;eau, raison pour laquelle cette technologie est souvent appel\u00e9e \u00ab\u00a0osmose inverse \u00e0 basse pression\u00a0\u00bb.<\/p>\n<p>Ces informations ne sont pas nouvelles pour vous, puisque vous utilisez vous-m\u00eame la nanofiltration pour vos applications ? Alors, passons directement aux choses s\u00e9rieuses : chez EnviroFALK, vous pouvez vous attendre \u00e0 des installations de nanofiltration hautement efficaces qui r\u00e9pondent \u00e0 vos exigences sur toute la ligne.[\/vc_column_text][\/vc_column][vc_column width=\u00a0\u00bb1\/2&Prime;][vc_single_image image=\u00a0\u00bb5017&Prime; img_size=\u00a0\u00bbfull\u00a0\u00bb][vc_column_text]<\/p>\n<h6>Nanofiltration EnviroFALK. Exemple de pr\u00e9sentation.<\/h6>\n<p>[\/vc_column_text][\/vc_column][\/vc_row][vc_row][vc_column el_class=\u00a0\u00bbarrows-list\u00a0\u00bb][vc_column_text]<\/p>\n<h2>Chez EnviroFALK, nous nous y connaissons en mati\u00e8re de nanofiltration !<\/h2>\n<p>Il existe de nombreux proc\u00e9d\u00e9s \u00e9prouv\u00e9s qui permettent de traiter l&rsquo;eau pour les processus les plus divers, notamment la nanofiltration (en abr\u00e9g\u00e9 NF). Cependant, il existe bien plus de fournisseurs d&rsquo;installations de traitement de l&rsquo;eau. Alors pourquoi choisir EnviroFALK ? Il y a plusieurs bonnes raisons \u00e0 cela ! Nos installations de traitement de l&rsquo;eau sont &#8230;<\/p>\n<ul>\n<li>con\u00e7u exactement selon vos besoins<\/li>\n<li>made in Germany<\/li>\n<li>extr\u00eamement efficace, durable et n\u00e9cessitant peu d&rsquo;entretien.<\/li>\n<\/ul>\n<p>Si vous avez besoin d&rsquo;installations de traitement de l&rsquo;eau qui utilisent entre autres la nanofiltration pour vos applications, vous pouvez toujours attendre de grandes choses d&rsquo;EnviroFALK ![\/vc_column_text][\/vc_column][\/vc_row][\/vc_section][vc_row][vc_column][\/vc_column][\/vc_row]<\/p>\n<\/div>","protected":false},"excerpt":{"rendered":"<p>[vc_section][vc_row full_width=\u00a0\u00bbstretch_row_content_no_spaces\u00a0\u00bb][vc_column][\/vc_column][\/vc_row][vc_row el_class=\u00a0\u00bbbreadcrumbs-wrapper\u00a0\u00bb][vc_column][\/vc_column][\/vc_row][\/vc_section][vc_section][vc_row css_animation=\u00a0\u00bbslideInUp\u00a0\u00bb el_class=\u00a0\u00bbtwo-columns-row tablet-row\u00a0\u00bb][vc_column width=\u00a0\u00bb3\/4&Prime;][vc_custom_heading text=\u00a0\u00bbNanofiltration\u00a0\u00bb font_container=\u00a0\u00bbtag:h1|text_align:left\u00a0\u00bb use_theme_fonts=\u00a0\u00bbyes\u00a0\u00bb][vc_column_text] Retenir de mani\u00e8re fiable les particules de taille nanom\u00e9trique gr\u00e2ce \u00e0 la nanofiltration [\/vc_column_text][\/vc_column][vc_column width=\u00a0\u00bb1\/4&Prime;][\/vc_column][\/vc_row][\/vc_section][vc_section][vc_row css_animation=\u00a0\u00bbslideInUp\u00a0\u00bb el_class=\u00a0\u00bbtwo-columns-row tablet-row\u00a0\u00bb][vc_column width=\u00a0\u00bb1\/2&Prime;][vc_column_text]La nanofiltration (en abr\u00e9g\u00e9 NF) est une technologie membranaire qui retient principalement les ions divalents et les grosses mol\u00e9cules. Elle doit son nom \u00e0 sa capacit\u00e9 de [&hellip;]<\/p>\n","protected":false},"author":5,"featured_media":0,"parent":8007,"menu_order":29,"comment_status":"closed","ping_status":"closed","template":"","meta":{"_acf_changed":false,"rs_blank_template":"","rs_page_bg_color":"","slide_template_v7":"","footnotes":""},"class_list":["post-8391","page","type-page","status-publish","hentry"],"acf":[],"yoast_head":"<!-- This site is optimized with the Yoast SEO Premium plugin v27.5 (Yoast SEO v27.5) - https:\/\/yoast.com\/product\/yoast-seo-premium-wordpress\/ -->\n<title>Nanofiltration &#8211; EnviroFALK<\/title>\n<meta name=\"description\" content=\"La nanofiltration (en abr\u00e9g\u00e9 NF) est une technologie membranaire qui retient principalement les ions divalents et les grosses mol\u00e9cules.\" \/>\n<meta name=\"robots\" content=\"index, follow, max-snippet:-1, max-image-preview:large, max-video-preview:-1\" \/>\n<link rel=\"canonical\" href=\"https:\/\/www.envirofalk.com\/fr\/connaissances-dexperts-sur-le-traitement-de-leau\/nanofiltration\/\" \/>\n<meta property=\"og:locale\" content=\"fr_FR\" \/>\n<meta property=\"og:type\" content=\"article\" \/>\n<meta property=\"og:title\" content=\"Nanofiltration\" \/>\n<meta property=\"og:description\" content=\"La nanofiltration (en abr\u00e9g\u00e9 NF) est une technologie membranaire qui retient principalement les ions divalents et les grosses mol\u00e9cules.\" \/>\n<meta property=\"og:url\" content=\"https:\/\/www.envirofalk.com\/fr\/connaissances-dexperts-sur-le-traitement-de-leau\/nanofiltration\/\" \/>\n<meta property=\"og:site_name\" content=\"EnviroFALK\" \/>\n<meta property=\"article:publisher\" content=\"https:\/\/www.facebook.com\/envirofalk\" \/>\n<meta property=\"article:modified_time\" content=\"2024-01-24T09:57:16+00:00\" \/>\n<meta name=\"twitter:card\" content=\"summary_large_image\" \/>\n<meta name=\"twitter:label1\" content=\"Dur\u00e9e de lecture estim\u00e9e\" \/>\n\t<meta name=\"twitter:data1\" content=\"3 minutes\" \/>\n<script type=\"application\/ld+json\" class=\"yoast-schema-graph\">{\"@context\":\"https:\\\/\\\/schema.org\",\"@graph\":[{\"@type\":\"WebPage\",\"@id\":\"https:\\\/\\\/www.envirofalk.com\\\/fr\\\/connaissances-dexperts-sur-le-traitement-de-leau\\\/nanofiltration\\\/\",\"url\":\"https:\\\/\\\/www.envirofalk.com\\\/fr\\\/connaissances-dexperts-sur-le-traitement-de-leau\\\/nanofiltration\\\/\",\"name\":\"Nanofiltration &#8211; EnviroFALK\",\"isPartOf\":{\"@id\":\"https:\\\/\\\/www.envirofalk.com\\\/fr\\\/#website\"},\"datePublished\":\"2024-01-24T09:57:10+00:00\",\"dateModified\":\"2024-01-24T09:57:16+00:00\",\"description\":\"La nanofiltration (en abr\u00e9g\u00e9 NF) est une technologie membranaire qui retient principalement les ions divalents et les grosses mol\u00e9cules.\",\"breadcrumb\":{\"@id\":\"https:\\\/\\\/www.envirofalk.com\\\/fr\\\/connaissances-dexperts-sur-le-traitement-de-leau\\\/nanofiltration\\\/#breadcrumb\"},\"inLanguage\":\"fr-FR\",\"potentialAction\":[{\"@type\":\"ReadAction\",\"target\":[\"https:\\\/\\\/www.envirofalk.com\\\/fr\\\/connaissances-dexperts-sur-le-traitement-de-leau\\\/nanofiltration\\\/\"]}]},{\"@type\":\"BreadcrumbList\",\"@id\":\"https:\\\/\\\/www.envirofalk.com\\\/fr\\\/connaissances-dexperts-sur-le-traitement-de-leau\\\/nanofiltration\\\/#breadcrumb\",\"itemListElement\":[{\"@type\":\"ListItem\",\"position\":1,\"name\":\"Home\",\"item\":\"https:\\\/\\\/www.envirofalk.com\\\/fr\\\/\"},{\"@type\":\"ListItem\",\"position\":2,\"name\":\"Connaissances d&#8217;experts sur le traitement de l&#8217;eau\",\"item\":\"https:\\\/\\\/www.envirofalk.com\\\/fr\\\/connaissances-dexperts-sur-le-traitement-de-leau\\\/\"},{\"@type\":\"ListItem\",\"position\":3,\"name\":\"Nanofiltration\"}]},{\"@type\":\"WebSite\",\"@id\":\"https:\\\/\\\/www.envirofalk.com\\\/fr\\\/#website\",\"url\":\"https:\\\/\\\/www.envirofalk.com\\\/fr\\\/\",\"name\":\"EnviroFALK\",\"description\":\"Wasseraufbereitungsanlagen f\u00fcr Industrie, Gewerbe &amp; Labor\",\"publisher\":{\"@id\":\"https:\\\/\\\/www.envirofalk.com\\\/fr\\\/#organization\"},\"potentialAction\":[{\"@type\":\"SearchAction\",\"target\":{\"@type\":\"EntryPoint\",\"urlTemplate\":\"https:\\\/\\\/www.envirofalk.com\\\/fr\\\/?s={search_term_string}\"},\"query-input\":{\"@type\":\"PropertyValueSpecification\",\"valueRequired\":true,\"valueName\":\"search_term_string\"}}],\"inLanguage\":\"fr-FR\"},{\"@type\":\"Organization\",\"@id\":\"https:\\\/\\\/www.envirofalk.com\\\/fr\\\/#organization\",\"name\":\"EnviroFALK\",\"url\":\"https:\\\/\\\/www.envirofalk.com\\\/fr\\\/\",\"logo\":{\"@type\":\"ImageObject\",\"inLanguage\":\"fr-FR\",\"@id\":\"https:\\\/\\\/www.envirofalk.com\\\/fr\\\/#\\\/schema\\\/logo\\\/image\\\/\",\"url\":\"https:\\\/\\\/www.envirofalk.com\\\/wp-content\\\/uploads\\\/2023\\\/01\\\/logo.svg\",\"contentUrl\":\"https:\\\/\\\/www.envirofalk.com\\\/wp-content\\\/uploads\\\/2023\\\/01\\\/logo.svg\",\"caption\":\"EnviroFALK\"},\"image\":{\"@id\":\"https:\\\/\\\/www.envirofalk.com\\\/fr\\\/#\\\/schema\\\/logo\\\/image\\\/\"},\"sameAs\":[\"https:\\\/\\\/www.facebook.com\\\/envirofalk\",\"https:\\\/\\\/www.linkedin.com\\\/company\\\/envirofalk-gmbh\",\"https:\\\/\\\/www.youtube.com\\\/channel\\\/UCM1L-2K6cfBbP3aYgJGbVdA\"],\"description\":\"EnviroFALK Prozesswassertechnik ist Ihr Spezialist f\u00fcr ma\u00dfgeschneiderte Wasseraufbereitungsl\u00f6sungen in der Industrie. Wir bieten innovative Technologien f\u00fcr die Erzeugung und Aufbereitung von Prozesswasser, um h\u00f6chste Effizienz und Qualit\u00e4t in Ihren Produktionsprozessen zu gew\u00e4hrleisten. Mit jahrzehntelanger Erfahrung entwickeln wir nachhaltige und ressourcenschonende L\u00f6sungen, die exakt auf die Anforderungen unserer Kunden abgestimmt sind. Unsere Leistungen umfassen die Filtration, Enth\u00e4rtung, Entsalzung und R\u00fcckgewinnung von Wasser f\u00fcr verschiedenste Anwendungen \u2013 von der Metallverarbeitung bis zur Lebensmittelindustrie. Unsere Experten begleiten Sie von der Planung \u00fcber die Implementierung bis hin zum Service, um eine zuverl\u00e4ssige und wirtschaftliche Wasseraufbereitung sicherzustellen.\",\"email\":\"info@envirofalk.com\",\"telephone\":\"+49 2663 9908-0\",\"legalName\":\"EnviroFALK GmbH\",\"foundingDate\":\"1989-05-01\"}]}<\/script>\n<!-- \/ Yoast SEO Premium plugin. -->","yoast_head_json":{"title":"Nanofiltration &#8211; EnviroFALK","description":"La nanofiltration (en abr\u00e9g\u00e9 NF) est une technologie membranaire qui retient principalement les ions divalents et les grosses mol\u00e9cules.","robots":{"index":"index","follow":"follow","max-snippet":"max-snippet:-1","max-image-preview":"max-image-preview:large","max-video-preview":"max-video-preview:-1"},"canonical":"https:\/\/www.envirofalk.com\/fr\/connaissances-dexperts-sur-le-traitement-de-leau\/nanofiltration\/","og_locale":"fr_FR","og_type":"article","og_title":"Nanofiltration","og_description":"La nanofiltration (en abr\u00e9g\u00e9 NF) est une technologie membranaire qui retient principalement les ions divalents et les grosses mol\u00e9cules.","og_url":"https:\/\/www.envirofalk.com\/fr\/connaissances-dexperts-sur-le-traitement-de-leau\/nanofiltration\/","og_site_name":"EnviroFALK","article_publisher":"https:\/\/www.facebook.com\/envirofalk","article_modified_time":"2024-01-24T09:57:16+00:00","twitter_card":"summary_large_image","twitter_misc":{"Dur\u00e9e de lecture estim\u00e9e":"3 minutes"},"schema":{"@context":"https:\/\/schema.org","@graph":[{"@type":"WebPage","@id":"https:\/\/www.envirofalk.com\/fr\/connaissances-dexperts-sur-le-traitement-de-leau\/nanofiltration\/","url":"https:\/\/www.envirofalk.com\/fr\/connaissances-dexperts-sur-le-traitement-de-leau\/nanofiltration\/","name":"Nanofiltration &#8211; EnviroFALK","isPartOf":{"@id":"https:\/\/www.envirofalk.com\/fr\/#website"},"datePublished":"2024-01-24T09:57:10+00:00","dateModified":"2024-01-24T09:57:16+00:00","description":"La nanofiltration (en abr\u00e9g\u00e9 NF) est une technologie membranaire qui retient principalement les ions divalents et les grosses mol\u00e9cules.","breadcrumb":{"@id":"https:\/\/www.envirofalk.com\/fr\/connaissances-dexperts-sur-le-traitement-de-leau\/nanofiltration\/#breadcrumb"},"inLanguage":"fr-FR","potentialAction":[{"@type":"ReadAction","target":["https:\/\/www.envirofalk.com\/fr\/connaissances-dexperts-sur-le-traitement-de-leau\/nanofiltration\/"]}]},{"@type":"BreadcrumbList","@id":"https:\/\/www.envirofalk.com\/fr\/connaissances-dexperts-sur-le-traitement-de-leau\/nanofiltration\/#breadcrumb","itemListElement":[{"@type":"ListItem","position":1,"name":"Home","item":"https:\/\/www.envirofalk.com\/fr\/"},{"@type":"ListItem","position":2,"name":"Connaissances d&#8217;experts sur le traitement de l&#8217;eau","item":"https:\/\/www.envirofalk.com\/fr\/connaissances-dexperts-sur-le-traitement-de-leau\/"},{"@type":"ListItem","position":3,"name":"Nanofiltration"}]},{"@type":"WebSite","@id":"https:\/\/www.envirofalk.com\/fr\/#website","url":"https:\/\/www.envirofalk.com\/fr\/","name":"EnviroFALK","description":"Wasseraufbereitungsanlagen f\u00fcr Industrie, Gewerbe &amp; Labor","publisher":{"@id":"https:\/\/www.envirofalk.com\/fr\/#organization"},"potentialAction":[{"@type":"SearchAction","target":{"@type":"EntryPoint","urlTemplate":"https:\/\/www.envirofalk.com\/fr\/?s={search_term_string}"},"query-input":{"@type":"PropertyValueSpecification","valueRequired":true,"valueName":"search_term_string"}}],"inLanguage":"fr-FR"},{"@type":"Organization","@id":"https:\/\/www.envirofalk.com\/fr\/#organization","name":"EnviroFALK","url":"https:\/\/www.envirofalk.com\/fr\/","logo":{"@type":"ImageObject","inLanguage":"fr-FR","@id":"https:\/\/www.envirofalk.com\/fr\/#\/schema\/logo\/image\/","url":"https:\/\/www.envirofalk.com\/wp-content\/uploads\/2023\/01\/logo.svg","contentUrl":"https:\/\/www.envirofalk.com\/wp-content\/uploads\/2023\/01\/logo.svg","caption":"EnviroFALK"},"image":{"@id":"https:\/\/www.envirofalk.com\/fr\/#\/schema\/logo\/image\/"},"sameAs":["https:\/\/www.facebook.com\/envirofalk","https:\/\/www.linkedin.com\/company\/envirofalk-gmbh","https:\/\/www.youtube.com\/channel\/UCM1L-2K6cfBbP3aYgJGbVdA"],"description":"EnviroFALK Prozesswassertechnik ist Ihr Spezialist f\u00fcr ma\u00dfgeschneiderte Wasseraufbereitungsl\u00f6sungen in der Industrie. Wir bieten innovative Technologien f\u00fcr die Erzeugung und Aufbereitung von Prozesswasser, um h\u00f6chste Effizienz und Qualit\u00e4t in Ihren Produktionsprozessen zu gew\u00e4hrleisten. Mit jahrzehntelanger Erfahrung entwickeln wir nachhaltige und ressourcenschonende L\u00f6sungen, die exakt auf die Anforderungen unserer Kunden abgestimmt sind. Unsere Leistungen umfassen die Filtration, Enth\u00e4rtung, Entsalzung und R\u00fcckgewinnung von Wasser f\u00fcr verschiedenste Anwendungen \u2013 von der Metallverarbeitung bis zur Lebensmittelindustrie. Unsere Experten begleiten Sie von der Planung \u00fcber die Implementierung bis hin zum Service, um eine zuverl\u00e4ssige und wirtschaftliche Wasseraufbereitung sicherzustellen.","email":"info@envirofalk.com","telephone":"+49 2663 9908-0","legalName":"EnviroFALK GmbH","foundingDate":"1989-05-01"}]}},"_links":{"self":[{"href":"https:\/\/www.envirofalk.com\/fr\/wp-json\/wp\/v2\/pages\/8391","targetHints":{"allow":["GET"]}}],"collection":[{"href":"https:\/\/www.envirofalk.com\/fr\/wp-json\/wp\/v2\/pages"}],"about":[{"href":"https:\/\/www.envirofalk.com\/fr\/wp-json\/wp\/v2\/types\/page"}],"author":[{"embeddable":true,"href":"https:\/\/www.envirofalk.com\/fr\/wp-json\/wp\/v2\/users\/5"}],"replies":[{"embeddable":true,"href":"https:\/\/www.envirofalk.com\/fr\/wp-json\/wp\/v2\/comments?post=8391"}],"version-history":[{"count":2,"href":"https:\/\/www.envirofalk.com\/fr\/wp-json\/wp\/v2\/pages\/8391\/revisions"}],"predecessor-version":[{"id":8435,"href":"https:\/\/www.envirofalk.com\/fr\/wp-json\/wp\/v2\/pages\/8391\/revisions\/8435"}],"up":[{"embeddable":true,"href":"https:\/\/www.envirofalk.com\/fr\/wp-json\/wp\/v2\/pages\/8007"}],"wp:attachment":[{"href":"https:\/\/www.envirofalk.com\/fr\/wp-json\/wp\/v2\/media?parent=8391"}],"curies":[{"name":"wp","href":"https:\/\/api.w.org\/{rel}","templated":true}]}}