{"id":8379,"date":"2024-01-24T10:57:09","date_gmt":"2024-01-24T09:57:09","guid":{"rendered":"https:\/\/www.envirofalk.com\/connaissances-dexperts-sur-le-traitement-de-leau\/systeme-de-circulation-deau-pure\/"},"modified":"2024-01-24T10:57:17","modified_gmt":"2024-01-24T09:57:17","slug":"systeme-de-circulation-deau-pure","status":"publish","type":"page","link":"https:\/\/www.envirofalk.com\/fr\/connaissances-dexperts-sur-le-traitement-de-leau\/systeme-de-circulation-deau-pure\/","title":{"rendered":"Syst\u00e8me de circulation d&rsquo;eau pure"},"content":{"rendered":"<div class=\"wpb-content-wrapper\"><p>[vc_section][vc_row full_width=\u00a0\u00bbstretch_row_content_no_spaces\u00a0\u00bb][vc_column]<div class=\"custom-top-banner img-box   has-icon\" style=\"background-image: url(https:\/\/www.envirofalk.com\/wp-content\/uploads\/2023\/08\/Pressemitteilungen_1920x640-fcfcc37a.webp)\"><div class=\"container relative\"><div class=\"text-box\"><div class=\"slideInRight animated\"><img loading=\"lazy\" decoding=\"async\" width=\"1\" height=\"1\" src=\"https:\/\/www.envirofalk.com\/wp-content\/uploads\/2023\/09\/Wasseraufbereitung_EnviroFALK_Logo.svg\" class=\"attachment-120x120 size-120x120\" alt=\"EnviroFALK-Logo Icon\" \/><p>Expertenwissen auf einen Blick<\/p><\/div><\/div><\/div><\/div>[\/vc_column][\/vc_row][vc_row el_class=\u00a0\u00bbbreadcrumbs-wrapper\u00a0\u00bb][vc_column]<div class=\"breadcrumbs\"><label><\/label> <a href=\"https:\/\/www.envirofalk.com\/fr\/\">Home<\/a><\/div>[\/vc_column][\/vc_row][\/vc_section][vc_section][vc_row css_animation=\u00a0\u00bbslideInUp\u00a0\u00bb el_class=\u00a0\u00bbtwo-columns-row tablet-row\u00a0\u00bb][vc_column width=\u00a0\u00bb3\/4&Prime;][vc_custom_heading text=\u00a0\u00bbDes \u00e9conomies cibl\u00e9es gr\u00e2ce \u00e0 un syst\u00e8me de circulation d&apos;eau pure\u00a0\u00bb font_container=\u00a0\u00bbtag:h1|text_align:left\u00a0\u00bb use_theme_fonts=\u00a0\u00bbyes\u00a0\u00bb][vc_column_text]<\/p>\n<h2>Vous souhaitez r\u00e9duire vos co\u00fbts d&rsquo;exploitation courants en eau et en \u00e9nergie ?<\/h2>\n<p>[\/vc_column_text][\/vc_column][vc_column width=\u00a0\u00bb1\/4&Prime;]<div class=\"quick-links sm wpb_content_element\" data-background=\"#ebebeb\"><div class=\"flexbox\"><a href=\"#\" target=\"_self\"><div class=\"icon default\"><img decoding=\"async\" src=\"https:\/\/www.envirofalk.com\/wp-content\/uploads\/2023\/05\/icon_service.svg\" class=\"attachment-full size-full\" alt=\"Person mit Headset Icon\" \/><\/div><div><h6>Service<\/h6><\/div><\/a><\/div><div class=\"flexbox\"><a href=\"#\" target=\"_self\"><div class=\"icon default\"><img decoding=\"async\" src=\"https:\/\/www.envirofalk.com\/wp-content\/uploads\/2023\/05\/icon_messen-events.svg\" class=\"attachment-full size-full\" alt=\"\" \/><\/div><div><h6>Messen & Events<\/h6><\/div><\/a><\/div><div class=\"flexbox\"><a href=\"#\" target=\"_self\"><div class=\"icon default\"><img decoding=\"async\" src=\"https:\/\/www.envirofalk.com\/wp-content\/uploads\/2023\/05\/icon_downloads.svg\" class=\"attachment-full size-full\" alt=\"Blatt Papier mit Pfeil nach unten\" \/><\/div><div><h6>Downloads<\/h6><\/div><\/a><\/div><div class=\"flexbox\"><a href=\"#\" target=\"_self\"><div class=\"icon default\"><img decoding=\"async\" src=\"https:\/\/www.envirofalk.com\/wp-content\/uploads\/2023\/05\/icon_kundenlosungen.svg\" class=\"attachment-full size-full\" alt=\"Gl\u00fchbirne Icon\" \/><\/div><div><h6>Kundenlosungen<\/h6><\/div><\/a><\/div><\/div>[\/vc_column][\/vc_row][\/vc_section][vc_section][vc_row css_animation=\u00a0\u00bbslideInUp\u00a0\u00bb el_class=\u00a0\u00bbtwo-columns-row tablet-row\u00a0\u00bb][vc_column width=\u00a0\u00bb1\/2&Prime;][vc_column_text]<strong>La solution pour une utilisation durable de l&rsquo;eau de process r\u00e9side dans le recyclage. Les circuits d&rsquo;eau ferm\u00e9s r\u00e9duisent la consommation d&rsquo;eau, permettent le recyclage des mat\u00e9riaux recyclables, minimisent la quantit\u00e9 d&rsquo;eaux us\u00e9es et consomment moins d&rsquo;\u00e9nergie.<\/strong><\/p>\n<p>Les installations de recyclage d&rsquo;eau pure EnviroFALK sont con\u00e7ues et fabriqu\u00e9es pour r\u00e9pondre exactement aux exigences de nettoyage et aux conditions sur site. Le traitement de l&rsquo;eau consiste par exemple en une pr\u00e9filtration, un adoucissement, une osmose inverse, un rayonnement UV, un \u00e9change d&rsquo;ions et une ultrafiltration. L&rsquo;\u00e9quipement et le fonctionnement de nos installations sont adaptables. Cela permet de concevoir avec pr\u00e9cision <a title=\"hydrog\u00e8ne vert\" href=\"https:\/\/www.envirofalk.com\/de\/Gruener_Wasserstoff.html\">nos installations d&rsquo;eau ultrapure, par exemple pour la production d&rsquo;hydrog\u00e8ne vert<\/a>. La technique compl\u00e8te de l&rsquo;eau de process est int\u00e9gr\u00e9e dans un bo\u00eetier ferm\u00e9, enti\u00e8rement pr\u00e9mont\u00e9, test\u00e9, pr\u00eat \u00e0 \u00eatre raccord\u00e9 et \u00e0 fonctionner.<\/p>\n<p>Vous souhaitez obtenir des conseils ? Appelez-nous. Apprenez \u00e0 nous conna\u00eetre, car nous sommes l\u00e0 pour vous ![\/vc_column_text][\/vc_column][vc_column width=\u00a0\u00bb1\/2&Prime;][vc_single_image image=\u00a0\u00bb938&Prime; img_size=\u00a0\u00bbfull\u00a0\u00bb][\/vc_column][\/vc_row][\/vc_section][vc_row][vc_column][\/vc_column][\/vc_row]<\/p>\n<\/div>","protected":false},"excerpt":{"rendered":"<p>[vc_section][vc_row full_width=\u00a0\u00bbstretch_row_content_no_spaces\u00a0\u00bb][vc_column][\/vc_column][\/vc_row][vc_row el_class=\u00a0\u00bbbreadcrumbs-wrapper\u00a0\u00bb][vc_column][\/vc_column][\/vc_row][\/vc_section][vc_section][vc_row css_animation=\u00a0\u00bbslideInUp\u00a0\u00bb el_class=\u00a0\u00bbtwo-columns-row tablet-row\u00a0\u00bb][vc_column width=\u00a0\u00bb3\/4&Prime;][vc_custom_heading text=\u00a0\u00bbDes \u00e9conomies cibl\u00e9es gr\u00e2ce \u00e0 un syst\u00e8me de circulation d&apos;eau pure\u00a0\u00bb font_container=\u00a0\u00bbtag:h1|text_align:left\u00a0\u00bb use_theme_fonts=\u00a0\u00bbyes\u00a0\u00bb][vc_column_text] Vous souhaitez r\u00e9duire vos co\u00fbts d&rsquo;exploitation courants en eau et en \u00e9nergie ? [\/vc_column_text][\/vc_column][vc_column width=\u00a0\u00bb1\/4&Prime;][\/vc_column][\/vc_row][\/vc_section][vc_section][vc_row css_animation=\u00a0\u00bbslideInUp\u00a0\u00bb el_class=\u00a0\u00bbtwo-columns-row tablet-row\u00a0\u00bb][vc_column width=\u00a0\u00bb1\/2&Prime;][vc_column_text]La solution pour une utilisation durable de l&rsquo;eau de process r\u00e9side dans le recyclage. Les circuits d&rsquo;eau [&hellip;]<\/p>\n","protected":false},"author":5,"featured_media":0,"parent":8007,"menu_order":32,"comment_status":"closed","ping_status":"closed","template":"","meta":{"_acf_changed":false,"rs_blank_template":"","rs_page_bg_color":"","slide_template_v7":"","footnotes":""},"class_list":["post-8379","page","type-page","status-publish","hentry"],"acf":[],"yoast_head":"<!-- This site is optimized with the Yoast SEO Premium plugin v27.5 (Yoast SEO v27.5) - https:\/\/yoast.com\/product\/yoast-seo-premium-wordpress\/ -->\n<title>Syst\u00e8me de circulation d&#039;eau pure &#8211; EnviroFALK<\/title>\n<meta name=\"description\" content=\"La solution pour une utilisation durable de l&#039;eau de process r\u00e9side dans le recyclage. Les circuits d&#039;eau ferm\u00e9s r\u00e9duisent la consommation d&#039;eau, permettent le recyclage des mat\u00e9riaux recyclables, minimisent la quantit\u00e9 d&#039;eaux us\u00e9es et consomment moins d&#039;\u00e9nergie.\" \/>\n<meta name=\"robots\" content=\"index, follow, max-snippet:-1, max-image-preview:large, max-video-preview:-1\" \/>\n<link rel=\"canonical\" href=\"https:\/\/www.envirofalk.com\/fr\/connaissances-dexperts-sur-le-traitement-de-leau\/systeme-de-circulation-deau-pure\/\" \/>\n<meta property=\"og:locale\" content=\"fr_FR\" \/>\n<meta property=\"og:type\" content=\"article\" \/>\n<meta property=\"og:title\" content=\"Syst\u00e8me de circulation d&#039;eau pure\" \/>\n<meta property=\"og:description\" content=\"La solution pour une utilisation durable de l&#039;eau de process r\u00e9side dans le recyclage. Les circuits d&#039;eau ferm\u00e9s r\u00e9duisent la consommation d&#039;eau, permettent le recyclage des mat\u00e9riaux recyclables, minimisent la quantit\u00e9 d&#039;eaux us\u00e9es et consomment moins d&#039;\u00e9nergie.\" \/>\n<meta property=\"og:url\" content=\"https:\/\/www.envirofalk.com\/fr\/connaissances-dexperts-sur-le-traitement-de-leau\/systeme-de-circulation-deau-pure\/\" \/>\n<meta property=\"og:site_name\" content=\"EnviroFALK\" \/>\n<meta property=\"article:publisher\" content=\"https:\/\/www.facebook.com\/envirofalk\" \/>\n<meta property=\"article:modified_time\" content=\"2024-01-24T09:57:17+00:00\" \/>\n<meta name=\"twitter:card\" content=\"summary_large_image\" \/>\n<meta name=\"twitter:label1\" content=\"Dur\u00e9e de lecture estim\u00e9e\" \/>\n\t<meta name=\"twitter:data1\" content=\"2 minutes\" \/>\n<script type=\"application\/ld+json\" class=\"yoast-schema-graph\">{\"@context\":\"https:\\\/\\\/schema.org\",\"@graph\":[{\"@type\":\"WebPage\",\"@id\":\"https:\\\/\\\/www.envirofalk.com\\\/fr\\\/connaissances-dexperts-sur-le-traitement-de-leau\\\/systeme-de-circulation-deau-pure\\\/\",\"url\":\"https:\\\/\\\/www.envirofalk.com\\\/fr\\\/connaissances-dexperts-sur-le-traitement-de-leau\\\/systeme-de-circulation-deau-pure\\\/\",\"name\":\"Syst\u00e8me de circulation d'eau pure &#8211; EnviroFALK\",\"isPartOf\":{\"@id\":\"https:\\\/\\\/www.envirofalk.com\\\/fr\\\/#website\"},\"datePublished\":\"2024-01-24T09:57:09+00:00\",\"dateModified\":\"2024-01-24T09:57:17+00:00\",\"description\":\"La solution pour une utilisation durable de l'eau de process r\u00e9side dans le recyclage. Les circuits d'eau ferm\u00e9s r\u00e9duisent la consommation d'eau, permettent le recyclage des mat\u00e9riaux recyclables, minimisent la quantit\u00e9 d'eaux us\u00e9es et consomment moins d'\u00e9nergie.\",\"breadcrumb\":{\"@id\":\"https:\\\/\\\/www.envirofalk.com\\\/fr\\\/connaissances-dexperts-sur-le-traitement-de-leau\\\/systeme-de-circulation-deau-pure\\\/#breadcrumb\"},\"inLanguage\":\"fr-FR\",\"potentialAction\":[{\"@type\":\"ReadAction\",\"target\":[\"https:\\\/\\\/www.envirofalk.com\\\/fr\\\/connaissances-dexperts-sur-le-traitement-de-leau\\\/systeme-de-circulation-deau-pure\\\/\"]}]},{\"@type\":\"BreadcrumbList\",\"@id\":\"https:\\\/\\\/www.envirofalk.com\\\/fr\\\/connaissances-dexperts-sur-le-traitement-de-leau\\\/systeme-de-circulation-deau-pure\\\/#breadcrumb\",\"itemListElement\":[{\"@type\":\"ListItem\",\"position\":1,\"name\":\"Home\",\"item\":\"https:\\\/\\\/www.envirofalk.com\\\/fr\\\/\"},{\"@type\":\"ListItem\",\"position\":2,\"name\":\"Connaissances d&#8217;experts sur le traitement de l&#8217;eau\",\"item\":\"https:\\\/\\\/www.envirofalk.com\\\/fr\\\/connaissances-dexperts-sur-le-traitement-de-leau\\\/\"},{\"@type\":\"ListItem\",\"position\":3,\"name\":\"Syst\u00e8me de circulation d&rsquo;eau pure\"}]},{\"@type\":\"WebSite\",\"@id\":\"https:\\\/\\\/www.envirofalk.com\\\/fr\\\/#website\",\"url\":\"https:\\\/\\\/www.envirofalk.com\\\/fr\\\/\",\"name\":\"EnviroFALK\",\"description\":\"Wasseraufbereitungsanlagen f\u00fcr Industrie, Gewerbe &amp; Labor\",\"publisher\":{\"@id\":\"https:\\\/\\\/www.envirofalk.com\\\/fr\\\/#organization\"},\"potentialAction\":[{\"@type\":\"SearchAction\",\"target\":{\"@type\":\"EntryPoint\",\"urlTemplate\":\"https:\\\/\\\/www.envirofalk.com\\\/fr\\\/?s={search_term_string}\"},\"query-input\":{\"@type\":\"PropertyValueSpecification\",\"valueRequired\":true,\"valueName\":\"search_term_string\"}}],\"inLanguage\":\"fr-FR\"},{\"@type\":\"Organization\",\"@id\":\"https:\\\/\\\/www.envirofalk.com\\\/fr\\\/#organization\",\"name\":\"EnviroFALK\",\"url\":\"https:\\\/\\\/www.envirofalk.com\\\/fr\\\/\",\"logo\":{\"@type\":\"ImageObject\",\"inLanguage\":\"fr-FR\",\"@id\":\"https:\\\/\\\/www.envirofalk.com\\\/fr\\\/#\\\/schema\\\/logo\\\/image\\\/\",\"url\":\"https:\\\/\\\/www.envirofalk.com\\\/wp-content\\\/uploads\\\/2023\\\/01\\\/logo.svg\",\"contentUrl\":\"https:\\\/\\\/www.envirofalk.com\\\/wp-content\\\/uploads\\\/2023\\\/01\\\/logo.svg\",\"caption\":\"EnviroFALK\"},\"image\":{\"@id\":\"https:\\\/\\\/www.envirofalk.com\\\/fr\\\/#\\\/schema\\\/logo\\\/image\\\/\"},\"sameAs\":[\"https:\\\/\\\/www.facebook.com\\\/envirofalk\",\"https:\\\/\\\/www.linkedin.com\\\/company\\\/envirofalk-gmbh\",\"https:\\\/\\\/www.youtube.com\\\/channel\\\/UCM1L-2K6cfBbP3aYgJGbVdA\"],\"description\":\"EnviroFALK Prozesswassertechnik ist Ihr Spezialist f\u00fcr ma\u00dfgeschneiderte Wasseraufbereitungsl\u00f6sungen in der Industrie. Wir bieten innovative Technologien f\u00fcr die Erzeugung und Aufbereitung von Prozesswasser, um h\u00f6chste Effizienz und Qualit\u00e4t in Ihren Produktionsprozessen zu gew\u00e4hrleisten. Mit jahrzehntelanger Erfahrung entwickeln wir nachhaltige und ressourcenschonende L\u00f6sungen, die exakt auf die Anforderungen unserer Kunden abgestimmt sind. Unsere Leistungen umfassen die Filtration, Enth\u00e4rtung, Entsalzung und R\u00fcckgewinnung von Wasser f\u00fcr verschiedenste Anwendungen \u2013 von der Metallverarbeitung bis zur Lebensmittelindustrie. Unsere Experten begleiten Sie von der Planung \u00fcber die Implementierung bis hin zum Service, um eine zuverl\u00e4ssige und wirtschaftliche Wasseraufbereitung sicherzustellen.\",\"email\":\"info@envirofalk.com\",\"telephone\":\"+49 2663 9908-0\",\"legalName\":\"EnviroFALK GmbH\",\"foundingDate\":\"1989-05-01\"}]}<\/script>\n<!-- \/ Yoast SEO Premium plugin. -->","yoast_head_json":{"title":"Syst\u00e8me de circulation d'eau pure &#8211; EnviroFALK","description":"La solution pour une utilisation durable de l'eau de process r\u00e9side dans le recyclage. Les circuits d'eau ferm\u00e9s r\u00e9duisent la consommation d'eau, permettent le recyclage des mat\u00e9riaux recyclables, minimisent la quantit\u00e9 d'eaux us\u00e9es et consomment moins d'\u00e9nergie.","robots":{"index":"index","follow":"follow","max-snippet":"max-snippet:-1","max-image-preview":"max-image-preview:large","max-video-preview":"max-video-preview:-1"},"canonical":"https:\/\/www.envirofalk.com\/fr\/connaissances-dexperts-sur-le-traitement-de-leau\/systeme-de-circulation-deau-pure\/","og_locale":"fr_FR","og_type":"article","og_title":"Syst\u00e8me de circulation d'eau pure","og_description":"La solution pour une utilisation durable de l'eau de process r\u00e9side dans le recyclage. Les circuits d'eau ferm\u00e9s r\u00e9duisent la consommation d'eau, permettent le recyclage des mat\u00e9riaux recyclables, minimisent la quantit\u00e9 d'eaux us\u00e9es et consomment moins d'\u00e9nergie.","og_url":"https:\/\/www.envirofalk.com\/fr\/connaissances-dexperts-sur-le-traitement-de-leau\/systeme-de-circulation-deau-pure\/","og_site_name":"EnviroFALK","article_publisher":"https:\/\/www.facebook.com\/envirofalk","article_modified_time":"2024-01-24T09:57:17+00:00","twitter_card":"summary_large_image","twitter_misc":{"Dur\u00e9e de lecture estim\u00e9e":"2 minutes"},"schema":{"@context":"https:\/\/schema.org","@graph":[{"@type":"WebPage","@id":"https:\/\/www.envirofalk.com\/fr\/connaissances-dexperts-sur-le-traitement-de-leau\/systeme-de-circulation-deau-pure\/","url":"https:\/\/www.envirofalk.com\/fr\/connaissances-dexperts-sur-le-traitement-de-leau\/systeme-de-circulation-deau-pure\/","name":"Syst\u00e8me de circulation d'eau pure &#8211; EnviroFALK","isPartOf":{"@id":"https:\/\/www.envirofalk.com\/fr\/#website"},"datePublished":"2024-01-24T09:57:09+00:00","dateModified":"2024-01-24T09:57:17+00:00","description":"La solution pour une utilisation durable de l'eau de process r\u00e9side dans le recyclage. Les circuits d'eau ferm\u00e9s r\u00e9duisent la consommation d'eau, permettent le recyclage des mat\u00e9riaux recyclables, minimisent la quantit\u00e9 d'eaux us\u00e9es et consomment moins d'\u00e9nergie.","breadcrumb":{"@id":"https:\/\/www.envirofalk.com\/fr\/connaissances-dexperts-sur-le-traitement-de-leau\/systeme-de-circulation-deau-pure\/#breadcrumb"},"inLanguage":"fr-FR","potentialAction":[{"@type":"ReadAction","target":["https:\/\/www.envirofalk.com\/fr\/connaissances-dexperts-sur-le-traitement-de-leau\/systeme-de-circulation-deau-pure\/"]}]},{"@type":"BreadcrumbList","@id":"https:\/\/www.envirofalk.com\/fr\/connaissances-dexperts-sur-le-traitement-de-leau\/systeme-de-circulation-deau-pure\/#breadcrumb","itemListElement":[{"@type":"ListItem","position":1,"name":"Home","item":"https:\/\/www.envirofalk.com\/fr\/"},{"@type":"ListItem","position":2,"name":"Connaissances d&#8217;experts sur le traitement de l&#8217;eau","item":"https:\/\/www.envirofalk.com\/fr\/connaissances-dexperts-sur-le-traitement-de-leau\/"},{"@type":"ListItem","position":3,"name":"Syst\u00e8me de circulation d&rsquo;eau pure"}]},{"@type":"WebSite","@id":"https:\/\/www.envirofalk.com\/fr\/#website","url":"https:\/\/www.envirofalk.com\/fr\/","name":"EnviroFALK","description":"Wasseraufbereitungsanlagen f\u00fcr Industrie, Gewerbe &amp; Labor","publisher":{"@id":"https:\/\/www.envirofalk.com\/fr\/#organization"},"potentialAction":[{"@type":"SearchAction","target":{"@type":"EntryPoint","urlTemplate":"https:\/\/www.envirofalk.com\/fr\/?s={search_term_string}"},"query-input":{"@type":"PropertyValueSpecification","valueRequired":true,"valueName":"search_term_string"}}],"inLanguage":"fr-FR"},{"@type":"Organization","@id":"https:\/\/www.envirofalk.com\/fr\/#organization","name":"EnviroFALK","url":"https:\/\/www.envirofalk.com\/fr\/","logo":{"@type":"ImageObject","inLanguage":"fr-FR","@id":"https:\/\/www.envirofalk.com\/fr\/#\/schema\/logo\/image\/","url":"https:\/\/www.envirofalk.com\/wp-content\/uploads\/2023\/01\/logo.svg","contentUrl":"https:\/\/www.envirofalk.com\/wp-content\/uploads\/2023\/01\/logo.svg","caption":"EnviroFALK"},"image":{"@id":"https:\/\/www.envirofalk.com\/fr\/#\/schema\/logo\/image\/"},"sameAs":["https:\/\/www.facebook.com\/envirofalk","https:\/\/www.linkedin.com\/company\/envirofalk-gmbh","https:\/\/www.youtube.com\/channel\/UCM1L-2K6cfBbP3aYgJGbVdA"],"description":"EnviroFALK Prozesswassertechnik ist Ihr Spezialist f\u00fcr ma\u00dfgeschneiderte Wasseraufbereitungsl\u00f6sungen in der Industrie. Wir bieten innovative Technologien f\u00fcr die Erzeugung und Aufbereitung von Prozesswasser, um h\u00f6chste Effizienz und Qualit\u00e4t in Ihren Produktionsprozessen zu gew\u00e4hrleisten. Mit jahrzehntelanger Erfahrung entwickeln wir nachhaltige und ressourcenschonende L\u00f6sungen, die exakt auf die Anforderungen unserer Kunden abgestimmt sind. Unsere Leistungen umfassen die Filtration, Enth\u00e4rtung, Entsalzung und R\u00fcckgewinnung von Wasser f\u00fcr verschiedenste Anwendungen \u2013 von der Metallverarbeitung bis zur Lebensmittelindustrie. Unsere Experten begleiten Sie von der Planung \u00fcber die Implementierung bis hin zum Service, um eine zuverl\u00e4ssige und wirtschaftliche Wasseraufbereitung sicherzustellen.","email":"info@envirofalk.com","telephone":"+49 2663 9908-0","legalName":"EnviroFALK GmbH","foundingDate":"1989-05-01"}]}},"_links":{"self":[{"href":"https:\/\/www.envirofalk.com\/fr\/wp-json\/wp\/v2\/pages\/8379","targetHints":{"allow":["GET"]}}],"collection":[{"href":"https:\/\/www.envirofalk.com\/fr\/wp-json\/wp\/v2\/pages"}],"about":[{"href":"https:\/\/www.envirofalk.com\/fr\/wp-json\/wp\/v2\/types\/page"}],"author":[{"embeddable":true,"href":"https:\/\/www.envirofalk.com\/fr\/wp-json\/wp\/v2\/users\/5"}],"replies":[{"embeddable":true,"href":"https:\/\/www.envirofalk.com\/fr\/wp-json\/wp\/v2\/comments?post=8379"}],"version-history":[{"count":2,"href":"https:\/\/www.envirofalk.com\/fr\/wp-json\/wp\/v2\/pages\/8379\/revisions"}],"predecessor-version":[{"id":8411,"href":"https:\/\/www.envirofalk.com\/fr\/wp-json\/wp\/v2\/pages\/8379\/revisions\/8411"}],"up":[{"embeddable":true,"href":"https:\/\/www.envirofalk.com\/fr\/wp-json\/wp\/v2\/pages\/8007"}],"wp:attachment":[{"href":"https:\/\/www.envirofalk.com\/fr\/wp-json\/wp\/v2\/media?parent=8379"}],"curies":[{"name":"wp","href":"https:\/\/api.w.org\/{rel}","templated":true}]}}