{"id":8329,"date":"2024-01-24T10:57:06","date_gmt":"2024-01-24T09:57:06","guid":{"rendered":"https:\/\/www.envirofalk.com\/connaissances-dexperts-sur-le-traitement-de-leau\/traitement-de-leau-de-refroidissement\/"},"modified":"2024-01-24T10:57:18","modified_gmt":"2024-01-24T09:57:18","slug":"traitement-de-leau-de-refroidissement","status":"publish","type":"page","link":"https:\/\/www.envirofalk.com\/fr\/connaissances-dexperts-sur-le-traitement-de-leau\/traitement-de-leau-de-refroidissement\/","title":{"rendered":"Traitement de l&rsquo;eau de refroidissement"},"content":{"rendered":"<div class=\"wpb-content-wrapper\"><p>[vc_section][vc_row full_width=\u00a0\u00bbstretch_row_content_no_spaces\u00a0\u00bb][vc_column]<div class=\"custom-top-banner img-box   has-icon\" style=\"background-image: url(https:\/\/www.envirofalk.com\/wp-content\/uploads\/2023\/08\/Pressemitteilungen_1920x640-fcfcc37a.webp)\"><div class=\"container relative\"><div class=\"text-box\"><div class=\"slideInRight animated\"><img loading=\"lazy\" decoding=\"async\" width=\"1\" height=\"1\" src=\"https:\/\/www.envirofalk.com\/wp-content\/uploads\/2023\/09\/Wasseraufbereitung_EnviroFALK_Logo.svg\" class=\"attachment-120x120 size-120x120\" alt=\"EnviroFALK-Logo Icon\" \/><p>Expertenwissen auf einen Blick<\/p><\/div><\/div><\/div><\/div>[\/vc_column][\/vc_row][vc_row el_class=\u00a0\u00bbbreadcrumbs-wrapper\u00a0\u00bb][vc_column]<div class=\"breadcrumbs\"><label><\/label> <a href=\"https:\/\/www.envirofalk.com\/fr\/\">Home<\/a><\/div>[\/vc_column][\/vc_row][\/vc_section][vc_section][vc_row css_animation=\u00a0\u00bbslideInUp\u00a0\u00bb el_class=\u00a0\u00bbtwo-columns-row tablet-row\u00a0\u00bb][vc_column width=\u00a0\u00bb3\/4&Prime;][vc_custom_heading text=\u00a0\u00bbTraitement de l&apos;eau de refroidissement\u00a0\u00bb font_container=\u00a0\u00bbtag:h1|text_align:left\u00a0\u00bb use_theme_fonts=\u00a0\u00bbyes\u00a0\u00bb][vc_column_text]<\/p>\n<h2>Traitement de l&rsquo;eau de refroidissement pour un fonctionnement s\u00fbr des syst\u00e8mes de refroidissement<\/h2>\n<p>[\/vc_column_text][\/vc_column][vc_column width=\u00a0\u00bb1\/4&Prime;]<div class=\"quick-links sm wpb_content_element\" data-background=\"#ebebeb\"><div class=\"flexbox\"><a href=\"#\" target=\"_self\"><div class=\"icon default\"><img decoding=\"async\" src=\"https:\/\/www.envirofalk.com\/wp-content\/uploads\/2023\/05\/icon_service.svg\" class=\"attachment-full size-full\" alt=\"Person mit Headset Icon\" \/><\/div><div><h6>Service<\/h6><\/div><\/a><\/div><div class=\"flexbox\"><a href=\"#\" target=\"_self\"><div class=\"icon default\"><img decoding=\"async\" src=\"https:\/\/www.envirofalk.com\/wp-content\/uploads\/2023\/05\/icon_messen-events.svg\" class=\"attachment-full size-full\" alt=\"\" \/><\/div><div><h6>Messen & Events<\/h6><\/div><\/a><\/div><div class=\"flexbox\"><a href=\"#\" target=\"_self\"><div class=\"icon default\"><img decoding=\"async\" src=\"https:\/\/www.envirofalk.com\/wp-content\/uploads\/2023\/05\/icon_downloads.svg\" class=\"attachment-full size-full\" alt=\"Blatt Papier mit Pfeil nach unten\" \/><\/div><div><h6>Downloads<\/h6><\/div><\/a><\/div><div class=\"flexbox\"><a href=\"#\" target=\"_self\"><div class=\"icon default\"><img decoding=\"async\" src=\"https:\/\/www.envirofalk.com\/wp-content\/uploads\/2023\/05\/icon_kundenlosungen.svg\" class=\"attachment-full size-full\" alt=\"Gl\u00fchbirne Icon\" \/><\/div><div><h6>Kundenlosungen<\/h6><\/div><\/a><\/div><\/div>[\/vc_column][\/vc_row][\/vc_section][vc_section][vc_row css_animation=\u00a0\u00bbslideInUp\u00a0\u00bb el_class=\u00a0\u00bbtwo-columns-row tablet-row\u00a0\u00bb][vc_column width=\u00a0\u00bb1\/2&Prime;][vc_column_text]<strong>Dans les circuits de refroidissement, de grandes quantit\u00e9s d&rsquo;eau sont n\u00e9cessaires pour la circulation et l&rsquo;\u00e9vaporation.<\/strong><\/p>\n<p>Pour \u00e9viter la corrosion, les d\u00e9p\u00f4ts et pour respecter les exigences chimiques et microbiologiques de l&rsquo;eau, le traitement et le conditionnement de l&rsquo;eau de refroidissement doivent \u00eatre adapt\u00e9s pr\u00e9cis\u00e9ment aux besoins en respectant les normes VDI 2047-2, 6022 et 3803.<\/p>\n<p>Les concepts de solutions intelligentes d&rsquo;EnviroFALK pour le traitement de l&rsquo;eau de refroidissement assurent une protection s\u00fbre du syst\u00e8me et une conduite optimis\u00e9e. Pour un fonctionnement \u00e9conomique et s\u00fbr du syst\u00e8me de refroidissement.[\/vc_column_text]<div class=\"btn-wrapper wpb_content_element\"><a href=\"https:\/\/www.envirofalk.com\/branchen\/wasseraufbereitung-fur-die-energieerzeugung\/\" target=\"_self\" class=\"custom-btn dark reverse \">Mehr erfahren: Anlagen zur K\u00fchlwasseraufbereitung<i class=\"icon-chevron-right\"><\/i><\/a><\/div>[\/vc_column][vc_column width=\u00a0\u00bb1\/2&Prime;][vc_single_image image=\u00a0\u00bb5004&Prime; img_size=\u00a0\u00bbfull\u00a0\u00bb][vc_column_text]<\/p>\n<h6>Traitement de l&rsquo;eau de refroidissement EnviroFALK. Exemple de pr\u00e9sentation.<\/h6>\n<p>[\/vc_column_text][\/vc_column][\/vc_row][\/vc_section][vc_row][vc_column][\/vc_column][\/vc_row]<\/p>\n<\/div>","protected":false},"excerpt":{"rendered":"<p>[vc_section][vc_row full_width=\u00a0\u00bbstretch_row_content_no_spaces\u00a0\u00bb][vc_column][\/vc_column][\/vc_row][vc_row el_class=\u00a0\u00bbbreadcrumbs-wrapper\u00a0\u00bb][vc_column][\/vc_column][\/vc_row][\/vc_section][vc_section][vc_row css_animation=\u00a0\u00bbslideInUp\u00a0\u00bb el_class=\u00a0\u00bbtwo-columns-row tablet-row\u00a0\u00bb][vc_column width=\u00a0\u00bb3\/4&Prime;][vc_custom_heading text=\u00a0\u00bbTraitement de l&apos;eau de refroidissement\u00a0\u00bb font_container=\u00a0\u00bbtag:h1|text_align:left\u00a0\u00bb use_theme_fonts=\u00a0\u00bbyes\u00a0\u00bb][vc_column_text] Traitement de l&rsquo;eau de refroidissement pour un fonctionnement s\u00fbr des syst\u00e8mes de refroidissement [\/vc_column_text][\/vc_column][vc_column width=\u00a0\u00bb1\/4&Prime;][\/vc_column][\/vc_row][\/vc_section][vc_section][vc_row css_animation=\u00a0\u00bbslideInUp\u00a0\u00bb el_class=\u00a0\u00bbtwo-columns-row tablet-row\u00a0\u00bb][vc_column width=\u00a0\u00bb1\/2&Prime;][vc_column_text]Dans les circuits de refroidissement, de grandes quantit\u00e9s d&rsquo;eau sont n\u00e9cessaires pour la circulation et l&rsquo;\u00e9vaporation. Pour \u00e9viter la corrosion, les d\u00e9p\u00f4ts et [&hellip;]<\/p>\n","protected":false},"author":5,"featured_media":0,"parent":8007,"menu_order":23,"comment_status":"closed","ping_status":"closed","template":"","meta":{"_acf_changed":false,"rs_blank_template":"","rs_page_bg_color":"","slide_template_v7":"","footnotes":""},"class_list":["post-8329","page","type-page","status-publish","hentry"],"acf":[],"yoast_head":"<!-- This site is optimized with the Yoast SEO Premium plugin v27.6 (Yoast SEO v27.6) - https:\/\/yoast.com\/product\/yoast-seo-premium-wordpress\/ -->\n<title>Traitement de l&#039;eau de refroidissement &#8211; EnviroFALK<\/title>\n<meta name=\"description\" content=\"Les concepts de solutions intelligentes d&#039;EnviroFALK pour le traitement de l&#039;eau de refroidissement assurent une protection s\u00fbre du syst\u00e8me et une conduite optimis\u00e9e. Pour un fonctionnement \u00e9conomique et s\u00fbr du syst\u00e8me de refroidissement\" \/>\n<meta name=\"robots\" content=\"index, follow, max-snippet:-1, max-image-preview:large, max-video-preview:-1\" \/>\n<link rel=\"canonical\" href=\"https:\/\/www.envirofalk.com\/fr\/connaissances-dexperts-sur-le-traitement-de-leau\/traitement-de-leau-de-refroidissement\/\" \/>\n<meta property=\"og:locale\" content=\"fr_FR\" \/>\n<meta property=\"og:type\" content=\"article\" \/>\n<meta property=\"og:title\" content=\"Traitement de l&#039;eau de refroidissement\" \/>\n<meta property=\"og:description\" content=\"Les concepts de solutions intelligentes d&#039;EnviroFALK pour le traitement de l&#039;eau de refroidissement assurent une protection s\u00fbre du syst\u00e8me et une conduite optimis\u00e9e. Pour un fonctionnement \u00e9conomique et s\u00fbr du syst\u00e8me de refroidissement\" \/>\n<meta property=\"og:url\" content=\"https:\/\/www.envirofalk.com\/fr\/connaissances-dexperts-sur-le-traitement-de-leau\/traitement-de-leau-de-refroidissement\/\" \/>\n<meta property=\"og:site_name\" content=\"EnviroFALK\" \/>\n<meta property=\"article:publisher\" content=\"https:\/\/www.facebook.com\/envirofalk\" \/>\n<meta property=\"article:modified_time\" content=\"2024-01-24T09:57:18+00:00\" \/>\n<meta name=\"twitter:card\" content=\"summary_large_image\" \/>\n<meta name=\"twitter:label1\" content=\"Dur\u00e9e de lecture estim\u00e9e\" \/>\n\t<meta name=\"twitter:data1\" content=\"2 minutes\" \/>\n<script type=\"application\/ld+json\" class=\"yoast-schema-graph\">{\"@context\":\"https:\\\/\\\/schema.org\",\"@graph\":[{\"@type\":\"WebPage\",\"@id\":\"https:\\\/\\\/www.envirofalk.com\\\/fr\\\/connaissances-dexperts-sur-le-traitement-de-leau\\\/traitement-de-leau-de-refroidissement\\\/\",\"url\":\"https:\\\/\\\/www.envirofalk.com\\\/fr\\\/connaissances-dexperts-sur-le-traitement-de-leau\\\/traitement-de-leau-de-refroidissement\\\/\",\"name\":\"Traitement de l'eau de refroidissement &#8211; EnviroFALK\",\"isPartOf\":{\"@id\":\"https:\\\/\\\/www.envirofalk.com\\\/fr\\\/#website\"},\"datePublished\":\"2024-01-24T09:57:06+00:00\",\"dateModified\":\"2024-01-24T09:57:18+00:00\",\"description\":\"Les concepts de solutions intelligentes d'EnviroFALK pour le traitement de l'eau de refroidissement assurent une protection s\u00fbre du syst\u00e8me et une conduite optimis\u00e9e. Pour un fonctionnement \u00e9conomique et s\u00fbr du syst\u00e8me de refroidissement\",\"breadcrumb\":{\"@id\":\"https:\\\/\\\/www.envirofalk.com\\\/fr\\\/connaissances-dexperts-sur-le-traitement-de-leau\\\/traitement-de-leau-de-refroidissement\\\/#breadcrumb\"},\"inLanguage\":\"fr-FR\",\"potentialAction\":[{\"@type\":\"ReadAction\",\"target\":[\"https:\\\/\\\/www.envirofalk.com\\\/fr\\\/connaissances-dexperts-sur-le-traitement-de-leau\\\/traitement-de-leau-de-refroidissement\\\/\"]}]},{\"@type\":\"BreadcrumbList\",\"@id\":\"https:\\\/\\\/www.envirofalk.com\\\/fr\\\/connaissances-dexperts-sur-le-traitement-de-leau\\\/traitement-de-leau-de-refroidissement\\\/#breadcrumb\",\"itemListElement\":[{\"@type\":\"ListItem\",\"position\":1,\"name\":\"Home\",\"item\":\"https:\\\/\\\/www.envirofalk.com\\\/fr\\\/\"},{\"@type\":\"ListItem\",\"position\":2,\"name\":\"Connaissances d&#8217;experts sur le traitement de l&#8217;eau\",\"item\":\"https:\\\/\\\/www.envirofalk.com\\\/fr\\\/connaissances-dexperts-sur-le-traitement-de-leau\\\/\"},{\"@type\":\"ListItem\",\"position\":3,\"name\":\"Traitement de l&rsquo;eau de refroidissement\"}]},{\"@type\":\"WebSite\",\"@id\":\"https:\\\/\\\/www.envirofalk.com\\\/fr\\\/#website\",\"url\":\"https:\\\/\\\/www.envirofalk.com\\\/fr\\\/\",\"name\":\"EnviroFALK\",\"description\":\"Wasseraufbereitungsanlagen f\u00fcr Industrie, Gewerbe &amp; Labor\",\"publisher\":{\"@id\":\"https:\\\/\\\/www.envirofalk.com\\\/fr\\\/#organization\"},\"potentialAction\":[{\"@type\":\"SearchAction\",\"target\":{\"@type\":\"EntryPoint\",\"urlTemplate\":\"https:\\\/\\\/www.envirofalk.com\\\/fr\\\/?s={search_term_string}\"},\"query-input\":{\"@type\":\"PropertyValueSpecification\",\"valueRequired\":true,\"valueName\":\"search_term_string\"}}],\"inLanguage\":\"fr-FR\"},{\"@type\":\"Organization\",\"@id\":\"https:\\\/\\\/www.envirofalk.com\\\/fr\\\/#organization\",\"name\":\"EnviroFALK\",\"url\":\"https:\\\/\\\/www.envirofalk.com\\\/fr\\\/\",\"logo\":{\"@type\":\"ImageObject\",\"inLanguage\":\"fr-FR\",\"@id\":\"https:\\\/\\\/www.envirofalk.com\\\/fr\\\/#\\\/schema\\\/logo\\\/image\\\/\",\"url\":\"https:\\\/\\\/www.envirofalk.com\\\/wp-content\\\/uploads\\\/2023\\\/01\\\/logo.svg\",\"contentUrl\":\"https:\\\/\\\/www.envirofalk.com\\\/wp-content\\\/uploads\\\/2023\\\/01\\\/logo.svg\",\"caption\":\"EnviroFALK\"},\"image\":{\"@id\":\"https:\\\/\\\/www.envirofalk.com\\\/fr\\\/#\\\/schema\\\/logo\\\/image\\\/\"},\"sameAs\":[\"https:\\\/\\\/www.facebook.com\\\/envirofalk\",\"https:\\\/\\\/www.linkedin.com\\\/company\\\/envirofalk-gmbh\",\"https:\\\/\\\/www.youtube.com\\\/channel\\\/UCM1L-2K6cfBbP3aYgJGbVdA\"],\"description\":\"EnviroFALK Prozesswassertechnik ist Ihr Spezialist f\u00fcr ma\u00dfgeschneiderte Wasseraufbereitungsl\u00f6sungen in der Industrie. Wir bieten innovative Technologien f\u00fcr die Erzeugung und Aufbereitung von Prozesswasser, um h\u00f6chste Effizienz und Qualit\u00e4t in Ihren Produktionsprozessen zu gew\u00e4hrleisten. Mit jahrzehntelanger Erfahrung entwickeln wir nachhaltige und ressourcenschonende L\u00f6sungen, die exakt auf die Anforderungen unserer Kunden abgestimmt sind. Unsere Leistungen umfassen die Filtration, Enth\u00e4rtung, Entsalzung und R\u00fcckgewinnung von Wasser f\u00fcr verschiedenste Anwendungen \u2013 von der Metallverarbeitung bis zur Lebensmittelindustrie. Unsere Experten begleiten Sie von der Planung \u00fcber die Implementierung bis hin zum Service, um eine zuverl\u00e4ssige und wirtschaftliche Wasseraufbereitung sicherzustellen.\",\"email\":\"info@envirofalk.com\",\"telephone\":\"+49 2663 9908-0\",\"legalName\":\"EnviroFALK GmbH\",\"foundingDate\":\"1989-05-01\"}]}<\/script>\n<!-- \/ Yoast SEO Premium plugin. -->","yoast_head_json":{"title":"Traitement de l'eau de refroidissement &#8211; EnviroFALK","description":"Les concepts de solutions intelligentes d'EnviroFALK pour le traitement de l'eau de refroidissement assurent une protection s\u00fbre du syst\u00e8me et une conduite optimis\u00e9e. Pour un fonctionnement \u00e9conomique et s\u00fbr du syst\u00e8me de refroidissement","robots":{"index":"index","follow":"follow","max-snippet":"max-snippet:-1","max-image-preview":"max-image-preview:large","max-video-preview":"max-video-preview:-1"},"canonical":"https:\/\/www.envirofalk.com\/fr\/connaissances-dexperts-sur-le-traitement-de-leau\/traitement-de-leau-de-refroidissement\/","og_locale":"fr_FR","og_type":"article","og_title":"Traitement de l'eau de refroidissement","og_description":"Les concepts de solutions intelligentes d'EnviroFALK pour le traitement de l'eau de refroidissement assurent une protection s\u00fbre du syst\u00e8me et une conduite optimis\u00e9e. Pour un fonctionnement \u00e9conomique et s\u00fbr du syst\u00e8me de refroidissement","og_url":"https:\/\/www.envirofalk.com\/fr\/connaissances-dexperts-sur-le-traitement-de-leau\/traitement-de-leau-de-refroidissement\/","og_site_name":"EnviroFALK","article_publisher":"https:\/\/www.facebook.com\/envirofalk","article_modified_time":"2024-01-24T09:57:18+00:00","twitter_card":"summary_large_image","twitter_misc":{"Dur\u00e9e de lecture estim\u00e9e":"2 minutes"},"schema":{"@context":"https:\/\/schema.org","@graph":[{"@type":"WebPage","@id":"https:\/\/www.envirofalk.com\/fr\/connaissances-dexperts-sur-le-traitement-de-leau\/traitement-de-leau-de-refroidissement\/","url":"https:\/\/www.envirofalk.com\/fr\/connaissances-dexperts-sur-le-traitement-de-leau\/traitement-de-leau-de-refroidissement\/","name":"Traitement de l'eau de refroidissement &#8211; EnviroFALK","isPartOf":{"@id":"https:\/\/www.envirofalk.com\/fr\/#website"},"datePublished":"2024-01-24T09:57:06+00:00","dateModified":"2024-01-24T09:57:18+00:00","description":"Les concepts de solutions intelligentes d'EnviroFALK pour le traitement de l'eau de refroidissement assurent une protection s\u00fbre du syst\u00e8me et une conduite optimis\u00e9e. Pour un fonctionnement \u00e9conomique et s\u00fbr du syst\u00e8me de refroidissement","breadcrumb":{"@id":"https:\/\/www.envirofalk.com\/fr\/connaissances-dexperts-sur-le-traitement-de-leau\/traitement-de-leau-de-refroidissement\/#breadcrumb"},"inLanguage":"fr-FR","potentialAction":[{"@type":"ReadAction","target":["https:\/\/www.envirofalk.com\/fr\/connaissances-dexperts-sur-le-traitement-de-leau\/traitement-de-leau-de-refroidissement\/"]}]},{"@type":"BreadcrumbList","@id":"https:\/\/www.envirofalk.com\/fr\/connaissances-dexperts-sur-le-traitement-de-leau\/traitement-de-leau-de-refroidissement\/#breadcrumb","itemListElement":[{"@type":"ListItem","position":1,"name":"Home","item":"https:\/\/www.envirofalk.com\/fr\/"},{"@type":"ListItem","position":2,"name":"Connaissances d&#8217;experts sur le traitement de l&#8217;eau","item":"https:\/\/www.envirofalk.com\/fr\/connaissances-dexperts-sur-le-traitement-de-leau\/"},{"@type":"ListItem","position":3,"name":"Traitement de l&rsquo;eau de refroidissement"}]},{"@type":"WebSite","@id":"https:\/\/www.envirofalk.com\/fr\/#website","url":"https:\/\/www.envirofalk.com\/fr\/","name":"EnviroFALK","description":"Wasseraufbereitungsanlagen f\u00fcr Industrie, Gewerbe &amp; Labor","publisher":{"@id":"https:\/\/www.envirofalk.com\/fr\/#organization"},"potentialAction":[{"@type":"SearchAction","target":{"@type":"EntryPoint","urlTemplate":"https:\/\/www.envirofalk.com\/fr\/?s={search_term_string}"},"query-input":{"@type":"PropertyValueSpecification","valueRequired":true,"valueName":"search_term_string"}}],"inLanguage":"fr-FR"},{"@type":"Organization","@id":"https:\/\/www.envirofalk.com\/fr\/#organization","name":"EnviroFALK","url":"https:\/\/www.envirofalk.com\/fr\/","logo":{"@type":"ImageObject","inLanguage":"fr-FR","@id":"https:\/\/www.envirofalk.com\/fr\/#\/schema\/logo\/image\/","url":"https:\/\/www.envirofalk.com\/wp-content\/uploads\/2023\/01\/logo.svg","contentUrl":"https:\/\/www.envirofalk.com\/wp-content\/uploads\/2023\/01\/logo.svg","caption":"EnviroFALK"},"image":{"@id":"https:\/\/www.envirofalk.com\/fr\/#\/schema\/logo\/image\/"},"sameAs":["https:\/\/www.facebook.com\/envirofalk","https:\/\/www.linkedin.com\/company\/envirofalk-gmbh","https:\/\/www.youtube.com\/channel\/UCM1L-2K6cfBbP3aYgJGbVdA"],"description":"EnviroFALK Prozesswassertechnik ist Ihr Spezialist f\u00fcr ma\u00dfgeschneiderte Wasseraufbereitungsl\u00f6sungen in der Industrie. Wir bieten innovative Technologien f\u00fcr die Erzeugung und Aufbereitung von Prozesswasser, um h\u00f6chste Effizienz und Qualit\u00e4t in Ihren Produktionsprozessen zu gew\u00e4hrleisten. Mit jahrzehntelanger Erfahrung entwickeln wir nachhaltige und ressourcenschonende L\u00f6sungen, die exakt auf die Anforderungen unserer Kunden abgestimmt sind. Unsere Leistungen umfassen die Filtration, Enth\u00e4rtung, Entsalzung und R\u00fcckgewinnung von Wasser f\u00fcr verschiedenste Anwendungen \u2013 von der Metallverarbeitung bis zur Lebensmittelindustrie. Unsere Experten begleiten Sie von der Planung \u00fcber die Implementierung bis hin zum Service, um eine zuverl\u00e4ssige und wirtschaftliche Wasseraufbereitung sicherzustellen.","email":"info@envirofalk.com","telephone":"+49 2663 9908-0","legalName":"EnviroFALK GmbH","foundingDate":"1989-05-01"}]}},"_links":{"self":[{"href":"https:\/\/www.envirofalk.com\/fr\/wp-json\/wp\/v2\/pages\/8329","targetHints":{"allow":["GET"]}}],"collection":[{"href":"https:\/\/www.envirofalk.com\/fr\/wp-json\/wp\/v2\/pages"}],"about":[{"href":"https:\/\/www.envirofalk.com\/fr\/wp-json\/wp\/v2\/types\/page"}],"author":[{"embeddable":true,"href":"https:\/\/www.envirofalk.com\/fr\/wp-json\/wp\/v2\/users\/5"}],"replies":[{"embeddable":true,"href":"https:\/\/www.envirofalk.com\/fr\/wp-json\/wp\/v2\/comments?post=8329"}],"version-history":[{"count":11,"href":"https:\/\/www.envirofalk.com\/fr\/wp-json\/wp\/v2\/pages\/8329\/revisions"}],"predecessor-version":[{"id":8564,"href":"https:\/\/www.envirofalk.com\/fr\/wp-json\/wp\/v2\/pages\/8329\/revisions\/8564"}],"up":[{"embeddable":true,"href":"https:\/\/www.envirofalk.com\/fr\/wp-json\/wp\/v2\/pages\/8007"}],"wp:attachment":[{"href":"https:\/\/www.envirofalk.com\/fr\/wp-json\/wp\/v2\/media?parent=8329"}],"curies":[{"name":"wp","href":"https:\/\/api.w.org\/{rel}","templated":true}]}}