{"id":8251,"date":"2024-01-24T10:55:17","date_gmt":"2024-01-24T09:55:17","guid":{"rendered":"https:\/\/www.envirofalk.com\/connaissances-dexperts-sur-le-traitement-de-leau\/purification-de-lelectrolyte\/"},"modified":"2024-01-24T10:55:21","modified_gmt":"2024-01-24T09:55:21","slug":"purification-de-lelectrolyte","status":"publish","type":"page","link":"https:\/\/www.envirofalk.com\/fr\/connaissances-dexperts-sur-le-traitement-de-leau\/purification-de-lelectrolyte\/","title":{"rendered":"Purification de l&rsquo;\u00e9lectrolyte"},"content":{"rendered":"<div class=\"wpb-content-wrapper\"><p>[vc_section][vc_row full_width=\u00a0\u00bbstretch_row_content_no_spaces\u00a0\u00bb][vc_column]<div class=\"custom-top-banner img-box   has-icon\" style=\"background-image: url(https:\/\/www.envirofalk.com\/wp-content\/uploads\/2023\/08\/Pressemitteilungen_1920x640-fcfcc37a.webp)\"><div class=\"container relative\"><div class=\"text-box\"><div class=\"slideInRight animated\"><img loading=\"lazy\" decoding=\"async\" width=\"1\" height=\"1\" src=\"https:\/\/www.envirofalk.com\/wp-content\/uploads\/2023\/09\/Wasseraufbereitung_EnviroFALK_Logo.svg\" class=\"attachment-120x120 size-120x120\" alt=\"EnviroFALK-Logo Icon\" \/><p>Expertenwissen auf einen Blick<\/p><\/div><\/div><\/div><\/div>[\/vc_column][\/vc_row][vc_row el_class=\u00a0\u00bbbreadcrumbs-wrapper\u00a0\u00bb][vc_column]<div class=\"breadcrumbs\"><label><\/label> <a href=\"https:\/\/www.envirofalk.com\/fr\/\">Home<\/a><\/div>[\/vc_column][\/vc_row][\/vc_section][vc_section][vc_row css_animation=\u00a0\u00bbslideInUp\u00a0\u00bb el_class=\u00a0\u00bbtwo-columns-row tablet-row\u00a0\u00bb][vc_column width=\u00a0\u00bb3\/4&Prime;][vc_custom_heading text=\u00a0\u00bbPurification de l&apos;\u00e9lectrolyte\u00a0\u00bb font_container=\u00a0\u00bbtag:h1|text_align:left\u00a0\u00bb use_theme_fonts=\u00a0\u00bbyes\u00a0\u00bb][vc_column_text]<\/p>\n<h2>S\u00e9paration des hydroxydes m\u00e9talliques<\/h2>\n<p>[\/vc_column_text][\/vc_column][vc_column width=\u00a0\u00bb1\/4&Prime;]<div class=\"quick-links sm wpb_content_element\" data-background=\"#ebebeb\"><div class=\"flexbox\"><a href=\"#\" target=\"_self\"><div class=\"icon default\"><img decoding=\"async\" src=\"https:\/\/www.envirofalk.com\/wp-content\/uploads\/2023\/05\/icon_service.svg\" class=\"attachment-full size-full\" alt=\"Person mit Headset Icon\" \/><\/div><div><h6>Service<\/h6><\/div><\/a><\/div><div class=\"flexbox\"><a href=\"#\" target=\"_self\"><div class=\"icon default\"><img decoding=\"async\" src=\"https:\/\/www.envirofalk.com\/wp-content\/uploads\/2023\/05\/icon_messen-events.svg\" class=\"attachment-full size-full\" alt=\"\" \/><\/div><div><h6>Messen & Events<\/h6><\/div><\/a><\/div><div class=\"flexbox\"><a href=\"#\" target=\"_self\"><div class=\"icon default\"><img decoding=\"async\" src=\"https:\/\/www.envirofalk.com\/wp-content\/uploads\/2023\/05\/icon_downloads.svg\" class=\"attachment-full size-full\" alt=\"Blatt Papier mit Pfeil nach unten\" \/><\/div><div><h6>Downloads<\/h6><\/div><\/a><\/div><div class=\"flexbox\"><a href=\"#\" target=\"_self\"><div class=\"icon default\"><img decoding=\"async\" src=\"https:\/\/www.envirofalk.com\/wp-content\/uploads\/2023\/05\/icon_kundenlosungen.svg\" class=\"attachment-full size-full\" alt=\"Gl\u00fchbirne Icon\" \/><\/div><div><h6>Kundenlosungen<\/h6><\/div><\/a><\/div><\/div>[\/vc_column][\/vc_row][\/vc_section][vc_section][vc_row css_animation=\u00a0\u00bbslideInUp\u00a0\u00bb el_class=\u00a0\u00bbtwo-columns-row tablet-row\u00a0\u00bb][vc_column][vc_column_text]<strong>EnviroFALK \u00e9tablit de nouvelles normes pour la s\u00e9paration des hydroxydes m\u00e9talliques gr\u00e2ce \u00e0 des syst\u00e8mes d&rsquo;ultrafiltration sp\u00e9cialement con\u00e7us.<\/strong><\/p>\n<p>L&rsquo;usinage \u00e9lectrochimique des m\u00e9taux (ECM) consiste \u00e0 d\u00e9tacher les ions m\u00e9talliques de la pi\u00e8ce \u00e0 usiner. Le mat\u00e9riau enlev\u00e9, qui se d\u00e9pose sous forme de boue d&rsquo;hydroxyde m\u00e9tallique, doit \u00eatre filtr\u00e9 de la solution d&rsquo;\u00e9lectrolyte.<\/p>\n<p><strong>M\u00e9thode conventionnelle : hydroxyde m\u00e9tallique sur filtre-presse \u00e0 chambres<\/strong><br \/>\nDans ce cas, la boue d&rsquo;hydroxyde m\u00e9tallique passe sur un filtre-presse \u00e0 chambres.<br \/>\nInconv\u00e9nient : la boue d&rsquo;hydroxyde m\u00e9tallique est si fine qu&rsquo;il ne se forme pas de g\u00e2teau de filtre dans le filtre-presse \u00e0 chambres, mais une masse peu \u00e9paisse qui entra\u00eene un nettoyage quotidien intensif du filtre-presse \u00e0 chambres d&rsquo;environ une heure. Ce nettoyage est effectu\u00e9 par du personnel suppl\u00e9mentaire ou par l&rsquo;op\u00e9rateur de la machine ECM, ce qui provoque un arr\u00eat quotidien de la production.<\/p>\n<p><strong>Concept de solution : S\u00e9paration des hydroxydes m\u00e9talliques par ultrafiltration<\/strong><br \/>\nL&rsquo;installation d&rsquo;ultrafiltration sp\u00e9cialement con\u00e7ue par EnviroFALK pour l&rsquo;\u00e9puration de l&rsquo;\u00e9lectrolyte, transporte l&rsquo;\u00e9lectrolyte contamin\u00e9 du r\u00e9servoir d&rsquo;impuret\u00e9s de l&rsquo;installation ECM et le fait passer en circuit ferm\u00e9 par les membranes capillaires sp\u00e9ciales de l&rsquo;ultrafiltration. Toutes les impuret\u00e9s sont alors \u00e9limin\u00e9es de l&rsquo;\u00e9lectrolyte. L&rsquo;\u00e9lectrolyte purifi\u00e9 est ensuite renvoy\u00e9 dans le r\u00e9servoir d&rsquo;eau propre de l&rsquo;installation ECM.<\/p>\n<p><strong>\u00c0 titre de comparaison,<\/strong> la membrane d&rsquo;ultrafiltration utilis\u00e9e pour purifier la solution d&rsquo;\u00e9lectrolyte dispose d&rsquo;un diam\u00e8tre de pores de 0,03 \u00b5m. Un filtre st\u00e9rile, tel qu&rsquo;il est souvent utilis\u00e9 dans le traitement de l&rsquo;eau, a une taille de pores de 0,2 \u00b5m.<\/p>\n<p>En fonction de la charge du processus, un rin\u00e7age des membranes d&rsquo;ultrafiltration est effectu\u00e9 \u00e0 intervalles r\u00e9guliers. La membrane est nettoy\u00e9e de mani\u00e8re enti\u00e8rement automatique, uniquement avec l&rsquo;\u00e9lectrolyte et de l&rsquo;air comprim\u00e9. Aucun produit chimique n&rsquo;est utilis\u00e9 pour ce processus de nettoyage sp\u00e9cial. L&rsquo;avantage : une \u00e9ventuelle contamination de l&rsquo;\u00e9lectrolyte par des produits chimiques \u00e9trangers est exclue.<\/p>\n<p>Les boues d&rsquo;hydroxyde m\u00e9tallique produites lors de cette \u00e9puration par membrane sont d\u00e9j\u00e0 nettement concentr\u00e9es par l&rsquo;ultrafiltration avant d&rsquo;\u00eatre \u00e9vacu\u00e9es dans un r\u00e9servoir \u00e0 fond pointu sp\u00e9cialement con\u00e7u \u00e0 cet effet pour une s\u00e9dimentation plus pouss\u00e9e. Dans la cuve \u00e0 fond pointu, les boues d&rsquo;hydroxyde m\u00e9tallique continuent de s&rsquo;\u00e9paissir et sont ensuite filtr\u00e9es par le filtre-presse \u00e0 chambres. Le filtre-presse \u00e0 chambres fonctionne en d\u00e9rivation, ce qui permet de d\u00e9composer lentement et en continu les boues d&rsquo;hydroxyde m\u00e9tallique du r\u00e9servoir \u00e0 fond pointu. Ce mode de conduite augmente l&rsquo;efficacit\u00e9 du filtre-presse \u00e0 chambres et permet d&rsquo;obtenir un excellent r\u00e9sultat de filtration. Le filtrat qui en r\u00e9sulte est ensuite r\u00e9introduit dans le r\u00e9servoir de saumure ECM dans un circuit ferm\u00e9. La boue d&rsquo;hydroxyde m\u00e9tallique qui en r\u00e9sulte peut \u00eatre \u00e9limin\u00e9e sous forme de g\u00e2teau de filtre r\u00e9sistant aux piq\u00fbres, il suffit g\u00e9n\u00e9ralement d&rsquo;ouvrir le filtre-presse \u00e0 chambres une fois par semaine.<\/p>\n<p><strong>Un palmar\u00e8s convaincant :<\/strong><br \/>\nDans le processus ECM, l&rsquo;installation d&rsquo;ultrafiltration garantit une qualit\u00e9 \u00e9lev\u00e9e et constante de l&rsquo;\u00e9lectrolyte. Au total, cela permet une utilisation \u00e9lev\u00e9e et constante de la machine ECM. Autre avantage : le nettoyage quotidien et intensif du filtre-presse \u00e0 chambres se r\u00e9duit \u00e0 un nettoyage hebdomadaire d&rsquo;environ 15 minutes. Les temps d&rsquo;arr\u00eat improductifs sont ainsi r\u00e9duits au minimum. En outre, les g\u00e2teaux de filtre d&rsquo;hydroxyde m\u00e9tallique r\u00e9sistants aux piq\u00fbres peuvent \u00eatre \u00e9limin\u00e9s beaucoup plus facilement et \u00e0 moindre co\u00fbt.<\/p>\n<p>[\/vc_column_text]<div class=\"btn-wrapper wpb_content_element\"><a href=\"https:\/\/www.envirofalk.com\/de\/industrie-gewerbe\/produkte\/elektrolytaufbereitung.html\" target=\"_self\" class=\"custom-btn dark reverse \">Mehr erfahren: EnvioFALK Ultrafiltrationsanlage zur Elektrolytaufbereitung<i class=\"icon-chevron-right\"><\/i><\/a><\/div>[\/vc_column][\/vc_row][\/vc_section][vc_row][vc_column][\/vc_column][\/vc_row]<\/p>\n<\/div>","protected":false},"excerpt":{"rendered":"<p>[vc_section][vc_row full_width=\u00a0\u00bbstretch_row_content_no_spaces\u00a0\u00bb][vc_column][\/vc_column][\/vc_row][vc_row el_class=\u00a0\u00bbbreadcrumbs-wrapper\u00a0\u00bb][vc_column][\/vc_column][\/vc_row][\/vc_section][vc_section][vc_row css_animation=\u00a0\u00bbslideInUp\u00a0\u00bb el_class=\u00a0\u00bbtwo-columns-row tablet-row\u00a0\u00bb][vc_column width=\u00a0\u00bb3\/4&Prime;][vc_custom_heading text=\u00a0\u00bbPurification de l&apos;\u00e9lectrolyte\u00a0\u00bb font_container=\u00a0\u00bbtag:h1|text_align:left\u00a0\u00bb use_theme_fonts=\u00a0\u00bbyes\u00a0\u00bb][vc_column_text] S\u00e9paration des hydroxydes m\u00e9talliques [\/vc_column_text][\/vc_column][vc_column width=\u00a0\u00bb1\/4&Prime;][\/vc_column][\/vc_row][\/vc_section][vc_section][vc_row css_animation=\u00a0\u00bbslideInUp\u00a0\u00bb el_class=\u00a0\u00bbtwo-columns-row tablet-row\u00a0\u00bb][vc_column][vc_column_text]EnviroFALK \u00e9tablit de nouvelles normes pour la s\u00e9paration des hydroxydes m\u00e9talliques gr\u00e2ce \u00e0 des syst\u00e8mes d&rsquo;ultrafiltration sp\u00e9cialement con\u00e7us. L&rsquo;usinage \u00e9lectrochimique des m\u00e9taux (ECM) consiste \u00e0 d\u00e9tacher les ions m\u00e9talliques de la pi\u00e8ce \u00e0 usiner. Le [&hellip;]<\/p>\n","protected":false},"author":5,"featured_media":0,"parent":8007,"menu_order":10,"comment_status":"closed","ping_status":"closed","template":"","meta":{"_acf_changed":false,"rs_blank_template":"","rs_page_bg_color":"","slide_template_v7":"","footnotes":""},"class_list":["post-8251","page","type-page","status-publish","hentry"],"acf":[],"yoast_head":"<!-- This site is optimized with the Yoast SEO Premium plugin v27.4 (Yoast SEO v27.4) - https:\/\/yoast.com\/product\/yoast-seo-premium-wordpress\/ -->\n<title>Purification de l&#039;\u00e9lectrolyte &#8211; EnviroFALK<\/title>\n<meta name=\"description\" content=\"L&#039;usinage \u00e9lectrochimique des m\u00e9taux (ECM) consiste \u00e0 d\u00e9tacher les ions m\u00e9talliques de la pi\u00e8ce \u00e0 usiner. Le mat\u00e9riau enlev\u00e9, qui se d\u00e9pose sous forme de boue d&#039;hydroxyde m\u00e9tallique, doit \u00eatre filtr\u00e9 de la solution d&#039;\u00e9lectrolyte.\" \/>\n<meta name=\"robots\" content=\"index, follow, max-snippet:-1, max-image-preview:large, max-video-preview:-1\" \/>\n<link rel=\"canonical\" href=\"https:\/\/www.envirofalk.com\/fr\/connaissances-dexperts-sur-le-traitement-de-leau\/purification-de-lelectrolyte\/\" \/>\n<meta property=\"og:locale\" content=\"fr_FR\" \/>\n<meta property=\"og:type\" content=\"article\" \/>\n<meta property=\"og:title\" content=\"Purification de l&#039;\u00e9lectrolyte\" \/>\n<meta property=\"og:description\" content=\"L&#039;usinage \u00e9lectrochimique des m\u00e9taux (ECM) consiste \u00e0 d\u00e9tacher les ions m\u00e9talliques de la pi\u00e8ce \u00e0 usiner. Le mat\u00e9riau enlev\u00e9, qui se d\u00e9pose sous forme de boue d&#039;hydroxyde m\u00e9tallique, doit \u00eatre filtr\u00e9 de la solution d&#039;\u00e9lectrolyte.\" \/>\n<meta property=\"og:url\" content=\"https:\/\/www.envirofalk.com\/fr\/connaissances-dexperts-sur-le-traitement-de-leau\/purification-de-lelectrolyte\/\" \/>\n<meta property=\"og:site_name\" content=\"EnviroFALK\" \/>\n<meta property=\"article:publisher\" content=\"https:\/\/www.facebook.com\/envirofalk\" \/>\n<meta property=\"article:modified_time\" content=\"2024-01-24T09:55:21+00:00\" \/>\n<meta name=\"twitter:card\" content=\"summary_large_image\" \/>\n<meta name=\"twitter:label1\" content=\"Dur\u00e9e de lecture estim\u00e9e\" \/>\n\t<meta name=\"twitter:data1\" content=\"4 minutes\" \/>\n<script type=\"application\/ld+json\" class=\"yoast-schema-graph\">{\"@context\":\"https:\\\/\\\/schema.org\",\"@graph\":[{\"@type\":\"WebPage\",\"@id\":\"https:\\\/\\\/www.envirofalk.com\\\/fr\\\/connaissances-dexperts-sur-le-traitement-de-leau\\\/purification-de-lelectrolyte\\\/\",\"url\":\"https:\\\/\\\/www.envirofalk.com\\\/fr\\\/connaissances-dexperts-sur-le-traitement-de-leau\\\/purification-de-lelectrolyte\\\/\",\"name\":\"Purification de l'\u00e9lectrolyte &#8211; EnviroFALK\",\"isPartOf\":{\"@id\":\"https:\\\/\\\/www.envirofalk.com\\\/fr\\\/#website\"},\"datePublished\":\"2024-01-24T09:55:17+00:00\",\"dateModified\":\"2024-01-24T09:55:21+00:00\",\"description\":\"L'usinage \u00e9lectrochimique des m\u00e9taux (ECM) consiste \u00e0 d\u00e9tacher les ions m\u00e9talliques de la pi\u00e8ce \u00e0 usiner. Le mat\u00e9riau enlev\u00e9, qui se d\u00e9pose sous forme de boue d'hydroxyde m\u00e9tallique, doit \u00eatre filtr\u00e9 de la solution d'\u00e9lectrolyte.\",\"breadcrumb\":{\"@id\":\"https:\\\/\\\/www.envirofalk.com\\\/fr\\\/connaissances-dexperts-sur-le-traitement-de-leau\\\/purification-de-lelectrolyte\\\/#breadcrumb\"},\"inLanguage\":\"fr-FR\",\"potentialAction\":[{\"@type\":\"ReadAction\",\"target\":[\"https:\\\/\\\/www.envirofalk.com\\\/fr\\\/connaissances-dexperts-sur-le-traitement-de-leau\\\/purification-de-lelectrolyte\\\/\"]}]},{\"@type\":\"BreadcrumbList\",\"@id\":\"https:\\\/\\\/www.envirofalk.com\\\/fr\\\/connaissances-dexperts-sur-le-traitement-de-leau\\\/purification-de-lelectrolyte\\\/#breadcrumb\",\"itemListElement\":[{\"@type\":\"ListItem\",\"position\":1,\"name\":\"Home\",\"item\":\"https:\\\/\\\/www.envirofalk.com\\\/fr\\\/\"},{\"@type\":\"ListItem\",\"position\":2,\"name\":\"Connaissances d&#8217;experts sur le traitement de l&#8217;eau\",\"item\":\"https:\\\/\\\/www.envirofalk.com\\\/fr\\\/connaissances-dexperts-sur-le-traitement-de-leau\\\/\"},{\"@type\":\"ListItem\",\"position\":3,\"name\":\"Purification de l&#8217;\u00e9lectrolyte\"}]},{\"@type\":\"WebSite\",\"@id\":\"https:\\\/\\\/www.envirofalk.com\\\/fr\\\/#website\",\"url\":\"https:\\\/\\\/www.envirofalk.com\\\/fr\\\/\",\"name\":\"EnviroFALK\",\"description\":\"Wasseraufbereitungsanlagen f\u00fcr Industrie, Gewerbe &amp; Labor\",\"publisher\":{\"@id\":\"https:\\\/\\\/www.envirofalk.com\\\/fr\\\/#organization\"},\"potentialAction\":[{\"@type\":\"SearchAction\",\"target\":{\"@type\":\"EntryPoint\",\"urlTemplate\":\"https:\\\/\\\/www.envirofalk.com\\\/fr\\\/?s={search_term_string}\"},\"query-input\":{\"@type\":\"PropertyValueSpecification\",\"valueRequired\":true,\"valueName\":\"search_term_string\"}}],\"inLanguage\":\"fr-FR\"},{\"@type\":\"Organization\",\"@id\":\"https:\\\/\\\/www.envirofalk.com\\\/fr\\\/#organization\",\"name\":\"EnviroFALK\",\"url\":\"https:\\\/\\\/www.envirofalk.com\\\/fr\\\/\",\"logo\":{\"@type\":\"ImageObject\",\"inLanguage\":\"fr-FR\",\"@id\":\"https:\\\/\\\/www.envirofalk.com\\\/fr\\\/#\\\/schema\\\/logo\\\/image\\\/\",\"url\":\"https:\\\/\\\/www.envirofalk.com\\\/wp-content\\\/uploads\\\/2023\\\/01\\\/logo.svg\",\"contentUrl\":\"https:\\\/\\\/www.envirofalk.com\\\/wp-content\\\/uploads\\\/2023\\\/01\\\/logo.svg\",\"caption\":\"EnviroFALK\"},\"image\":{\"@id\":\"https:\\\/\\\/www.envirofalk.com\\\/fr\\\/#\\\/schema\\\/logo\\\/image\\\/\"},\"sameAs\":[\"https:\\\/\\\/www.facebook.com\\\/envirofalk\",\"https:\\\/\\\/www.linkedin.com\\\/company\\\/envirofalk-gmbh\",\"https:\\\/\\\/www.youtube.com\\\/channel\\\/UCM1L-2K6cfBbP3aYgJGbVdA\"],\"description\":\"EnviroFALK Prozesswassertechnik ist Ihr Spezialist f\u00fcr ma\u00dfgeschneiderte Wasseraufbereitungsl\u00f6sungen in der Industrie. Wir bieten innovative Technologien f\u00fcr die Erzeugung und Aufbereitung von Prozesswasser, um h\u00f6chste Effizienz und Qualit\u00e4t in Ihren Produktionsprozessen zu gew\u00e4hrleisten. Mit jahrzehntelanger Erfahrung entwickeln wir nachhaltige und ressourcenschonende L\u00f6sungen, die exakt auf die Anforderungen unserer Kunden abgestimmt sind. Unsere Leistungen umfassen die Filtration, Enth\u00e4rtung, Entsalzung und R\u00fcckgewinnung von Wasser f\u00fcr verschiedenste Anwendungen \u2013 von der Metallverarbeitung bis zur Lebensmittelindustrie. Unsere Experten begleiten Sie von der Planung \u00fcber die Implementierung bis hin zum Service, um eine zuverl\u00e4ssige und wirtschaftliche Wasseraufbereitung sicherzustellen.\",\"email\":\"info@envirofalk.com\",\"telephone\":\"+49 2663 9908-0\",\"legalName\":\"EnviroFALK GmbH\",\"foundingDate\":\"1989-05-01\"}]}<\/script>\n<!-- \/ Yoast SEO Premium plugin. -->","yoast_head_json":{"title":"Purification de l'\u00e9lectrolyte &#8211; EnviroFALK","description":"L'usinage \u00e9lectrochimique des m\u00e9taux (ECM) consiste \u00e0 d\u00e9tacher les ions m\u00e9talliques de la pi\u00e8ce \u00e0 usiner. Le mat\u00e9riau enlev\u00e9, qui se d\u00e9pose sous forme de boue d'hydroxyde m\u00e9tallique, doit \u00eatre filtr\u00e9 de la solution d'\u00e9lectrolyte.","robots":{"index":"index","follow":"follow","max-snippet":"max-snippet:-1","max-image-preview":"max-image-preview:large","max-video-preview":"max-video-preview:-1"},"canonical":"https:\/\/www.envirofalk.com\/fr\/connaissances-dexperts-sur-le-traitement-de-leau\/purification-de-lelectrolyte\/","og_locale":"fr_FR","og_type":"article","og_title":"Purification de l'\u00e9lectrolyte","og_description":"L'usinage \u00e9lectrochimique des m\u00e9taux (ECM) consiste \u00e0 d\u00e9tacher les ions m\u00e9talliques de la pi\u00e8ce \u00e0 usiner. Le mat\u00e9riau enlev\u00e9, qui se d\u00e9pose sous forme de boue d'hydroxyde m\u00e9tallique, doit \u00eatre filtr\u00e9 de la solution d'\u00e9lectrolyte.","og_url":"https:\/\/www.envirofalk.com\/fr\/connaissances-dexperts-sur-le-traitement-de-leau\/purification-de-lelectrolyte\/","og_site_name":"EnviroFALK","article_publisher":"https:\/\/www.facebook.com\/envirofalk","article_modified_time":"2024-01-24T09:55:21+00:00","twitter_card":"summary_large_image","twitter_misc":{"Dur\u00e9e de lecture estim\u00e9e":"4 minutes"},"schema":{"@context":"https:\/\/schema.org","@graph":[{"@type":"WebPage","@id":"https:\/\/www.envirofalk.com\/fr\/connaissances-dexperts-sur-le-traitement-de-leau\/purification-de-lelectrolyte\/","url":"https:\/\/www.envirofalk.com\/fr\/connaissances-dexperts-sur-le-traitement-de-leau\/purification-de-lelectrolyte\/","name":"Purification de l'\u00e9lectrolyte &#8211; EnviroFALK","isPartOf":{"@id":"https:\/\/www.envirofalk.com\/fr\/#website"},"datePublished":"2024-01-24T09:55:17+00:00","dateModified":"2024-01-24T09:55:21+00:00","description":"L'usinage \u00e9lectrochimique des m\u00e9taux (ECM) consiste \u00e0 d\u00e9tacher les ions m\u00e9talliques de la pi\u00e8ce \u00e0 usiner. Le mat\u00e9riau enlev\u00e9, qui se d\u00e9pose sous forme de boue d'hydroxyde m\u00e9tallique, doit \u00eatre filtr\u00e9 de la solution d'\u00e9lectrolyte.","breadcrumb":{"@id":"https:\/\/www.envirofalk.com\/fr\/connaissances-dexperts-sur-le-traitement-de-leau\/purification-de-lelectrolyte\/#breadcrumb"},"inLanguage":"fr-FR","potentialAction":[{"@type":"ReadAction","target":["https:\/\/www.envirofalk.com\/fr\/connaissances-dexperts-sur-le-traitement-de-leau\/purification-de-lelectrolyte\/"]}]},{"@type":"BreadcrumbList","@id":"https:\/\/www.envirofalk.com\/fr\/connaissances-dexperts-sur-le-traitement-de-leau\/purification-de-lelectrolyte\/#breadcrumb","itemListElement":[{"@type":"ListItem","position":1,"name":"Home","item":"https:\/\/www.envirofalk.com\/fr\/"},{"@type":"ListItem","position":2,"name":"Connaissances d&#8217;experts sur le traitement de l&#8217;eau","item":"https:\/\/www.envirofalk.com\/fr\/connaissances-dexperts-sur-le-traitement-de-leau\/"},{"@type":"ListItem","position":3,"name":"Purification de l&#8217;\u00e9lectrolyte"}]},{"@type":"WebSite","@id":"https:\/\/www.envirofalk.com\/fr\/#website","url":"https:\/\/www.envirofalk.com\/fr\/","name":"EnviroFALK","description":"Wasseraufbereitungsanlagen f\u00fcr Industrie, Gewerbe &amp; Labor","publisher":{"@id":"https:\/\/www.envirofalk.com\/fr\/#organization"},"potentialAction":[{"@type":"SearchAction","target":{"@type":"EntryPoint","urlTemplate":"https:\/\/www.envirofalk.com\/fr\/?s={search_term_string}"},"query-input":{"@type":"PropertyValueSpecification","valueRequired":true,"valueName":"search_term_string"}}],"inLanguage":"fr-FR"},{"@type":"Organization","@id":"https:\/\/www.envirofalk.com\/fr\/#organization","name":"EnviroFALK","url":"https:\/\/www.envirofalk.com\/fr\/","logo":{"@type":"ImageObject","inLanguage":"fr-FR","@id":"https:\/\/www.envirofalk.com\/fr\/#\/schema\/logo\/image\/","url":"https:\/\/www.envirofalk.com\/wp-content\/uploads\/2023\/01\/logo.svg","contentUrl":"https:\/\/www.envirofalk.com\/wp-content\/uploads\/2023\/01\/logo.svg","caption":"EnviroFALK"},"image":{"@id":"https:\/\/www.envirofalk.com\/fr\/#\/schema\/logo\/image\/"},"sameAs":["https:\/\/www.facebook.com\/envirofalk","https:\/\/www.linkedin.com\/company\/envirofalk-gmbh","https:\/\/www.youtube.com\/channel\/UCM1L-2K6cfBbP3aYgJGbVdA"],"description":"EnviroFALK Prozesswassertechnik ist Ihr Spezialist f\u00fcr ma\u00dfgeschneiderte Wasseraufbereitungsl\u00f6sungen in der Industrie. Wir bieten innovative Technologien f\u00fcr die Erzeugung und Aufbereitung von Prozesswasser, um h\u00f6chste Effizienz und Qualit\u00e4t in Ihren Produktionsprozessen zu gew\u00e4hrleisten. Mit jahrzehntelanger Erfahrung entwickeln wir nachhaltige und ressourcenschonende L\u00f6sungen, die exakt auf die Anforderungen unserer Kunden abgestimmt sind. Unsere Leistungen umfassen die Filtration, Enth\u00e4rtung, Entsalzung und R\u00fcckgewinnung von Wasser f\u00fcr verschiedenste Anwendungen \u2013 von der Metallverarbeitung bis zur Lebensmittelindustrie. Unsere Experten begleiten Sie von der Planung \u00fcber die Implementierung bis hin zum Service, um eine zuverl\u00e4ssige und wirtschaftliche Wasseraufbereitung sicherzustellen.","email":"info@envirofalk.com","telephone":"+49 2663 9908-0","legalName":"EnviroFALK GmbH","foundingDate":"1989-05-01"}]}},"_links":{"self":[{"href":"https:\/\/www.envirofalk.com\/fr\/wp-json\/wp\/v2\/pages\/8251","targetHints":{"allow":["GET"]}}],"collection":[{"href":"https:\/\/www.envirofalk.com\/fr\/wp-json\/wp\/v2\/pages"}],"about":[{"href":"https:\/\/www.envirofalk.com\/fr\/wp-json\/wp\/v2\/types\/page"}],"author":[{"embeddable":true,"href":"https:\/\/www.envirofalk.com\/fr\/wp-json\/wp\/v2\/users\/5"}],"replies":[{"embeddable":true,"href":"https:\/\/www.envirofalk.com\/fr\/wp-json\/wp\/v2\/comments?post=8251"}],"version-history":[{"count":2,"href":"https:\/\/www.envirofalk.com\/fr\/wp-json\/wp\/v2\/pages\/8251\/revisions"}],"predecessor-version":[{"id":8282,"href":"https:\/\/www.envirofalk.com\/fr\/wp-json\/wp\/v2\/pages\/8251\/revisions\/8282"}],"up":[{"embeddable":true,"href":"https:\/\/www.envirofalk.com\/fr\/wp-json\/wp\/v2\/pages\/8007"}],"wp:attachment":[{"href":"https:\/\/www.envirofalk.com\/fr\/wp-json\/wp\/v2\/media?parent=8251"}],"curies":[{"name":"wp","href":"https:\/\/api.w.org\/{rel}","templated":true}]}}