{"id":8220,"date":"2024-01-24T10:55:15","date_gmt":"2024-01-24T09:55:15","guid":{"rendered":"https:\/\/www.envirofalk.com\/techniques-de-procedes-produits\/systemes-de-filtration-a-membrane\/"},"modified":"2026-02-04T09:43:26","modified_gmt":"2026-02-04T08:43:26","slug":"systemes-de-filtration-a-membrane","status":"publish","type":"page","link":"https:\/\/www.envirofalk.com\/fr\/techniques-de-procedes-produits\/systemes-de-filtration-a-membrane\/","title":{"rendered":"Syst\u00e8mes de filtration \u00e0 membrane"},"content":{"rendered":"<div class=\"wpb-content-wrapper\"><p>[vc_section][vc_row full_width=\u00a0\u00bbstretch_row_content_no_spaces\u00a0\u00bb][vc_column]<div class=\"custom-top-banner img-box   has-icon\" style=\"background-image: url(https:\/\/www.envirofalk.com\/wp-content\/uploads\/2023\/05\/banner-energieerzeugung.jpg)\"><div class=\"container relative\"><div class=\"text-box\"><div class=\"slideInRight animated\"><img loading=\"lazy\" decoding=\"async\" width=\"1\" height=\"1\" src=\"https:\/\/www.envirofalk.com\/wp-content\/uploads\/2023\/08\/Filtertechnik_Icon.svg\" class=\"attachment-120x120 size-120x120\" alt=\"Wasserfilter Icon\" \/><p>Syst\u00e8mes de filtration \u00e0 membrane<\/p><\/div><\/div><\/div><\/div>[\/vc_column][\/vc_row][vc_row el_class=\u00a0\u00bbbreadcrumbs-wrapper\u00a0\u00bb][vc_column]<div class=\"breadcrumbs\"><label><\/label> <a href=\"https:\/\/www.envirofalk.com\/fr\/\">Home<\/a><\/div>[\/vc_column][\/vc_row][\/vc_section][vc_section][vc_row css_animation=\u00a0\u00bbslideInUp\u00a0\u00bb el_class=\u00a0\u00bbtwo-columns-row tablet-row\u00a0\u00bb][vc_column width=\u00a0\u00bb3\/4&Prime;][vc_custom_heading text=\u00a0\u00bbSyst\u00e8mes de filtration sur membrane EnviroFALK\u00a0\u00bb font_container=\u00a0\u00bbtag:h1|text_align:left\u00a0\u00bb use_theme_fonts=\u00a0\u00bbyes\u00a0\u00bb][vc_column_text]Dans un monde o\u00f9 la qualit\u00e9 de l&rsquo;eau est cruciale, <strong>les syst\u00e8mes de filtration par membrane<\/strong> \u00e9tablissent de nouvelles normes. Cette technologie innovante permet d&rsquo;\u00e9liminer de mani\u00e8re fiable les micro-organismes, les particules et les impuret\u00e9s afin de garantir une eau tr\u00e8s pure. Du traitement de l&rsquo;eau potable \u00e0 l&rsquo;utilisation industrielle, les syst\u00e8mes de filtration membranaire d&rsquo;EnviroFALK offrent des solutions efficaces pour de multiples besoins. Misez sur une technologie de pointe et fa\u00e7onnez l&rsquo;avenir de la purification de l&rsquo;eau avec les syst\u00e8mes de filtration \u00e0 membrane d&rsquo;EnviroFALK ![\/vc_column_text][\/vc_column][vc_column width=\u00a0\u00bb1\/4&Prime;]<div class=\"online-consultant-box  wpb_content_element\"><div class=\"online-consultant\"><div><div class=\"person-info\"><h5>Philippe Anstett<\/h5><ul class=\"person-list\"><li><a href=\"tel:+41 41 740 44 24\">+41 41 740 44 24<\/a><\/li><\/ul><\/div><a href=\"https:\/\/www.envirofalk.com\/fr\/contact\/\" target=\"_self\" class=\"custom-btn \"><i class=\"icon-chevron-right\"><\/i>Vers le formulaire de contact<\/a><\/div><div class=\"relative\"><svg xmlns=\"http:\/\/www.w3.org\/2000\/svg\" viewBox=\"0 0 32.83 32.83\">\n\t\t\t\t\t\t\t\t\t<defs>\n\t\t\t\t\t\t\t\t\t\t<linearGradient id=\"gradient\" x1=\"0%\" y1=\"0%\" x2=\"0%\" y2=\"100%\" gradientTransform=\"rotate(-135)\">\n\t\t\t\t\t\t\t\t\t\t\t<stop offset=\"0%\" stop-color=\"#97be0d\"\/>\n\t\t\t\t\t\t\t\t\t\t\t\t<stop offset=\"100%\" stop-color=\"rgba(255, 255, 255, 0)\"\/>\n\t\t\t\t\t\t\t\t\t\t<\/linearGradient>\n\t\t\t\t\t\t\t\t\t<\/defs>\n\t\t\t\t\t\t\t\t\t<path class=\"wpb_animate_when_almost_visible circular-progress\" stroke=\"url(#gradient)\" stroke-width=\"1\" stroke-dasharray=\"100, 100\" fill=\"none\" d=\"M18,2.08a15.92,15.92,0,0,1,0,31.84h0A15.92,15.92,0,0,1,18,2.08\" transform=\"translate(-1.59 -1.58)\"\/>\n                            \t<\/svg><span><img loading=\"lazy\" decoding=\"async\" width=\"500\" height=\"500\" src=\"https:\/\/www.envirofalk.com\/wp-content\/uploads\/2024\/04\/Philippe-Anstett.png\" class=\"attachment-full size-full\" alt=\"\" srcset=\"https:\/\/www.envirofalk.com\/wp-content\/uploads\/2024\/04\/Philippe-Anstett.png 500w, https:\/\/www.envirofalk.com\/wp-content\/uploads\/2024\/04\/Philippe-Anstett-350x350.png 350w, https:\/\/www.envirofalk.com\/wp-content\/uploads\/2024\/04\/Philippe-Anstett-150x150.png 150w\" sizes=\"auto, (max-width: 500px) 100vw, 500px\" \/><\/span><\/div><\/div><\/div>[\/vc_column][\/vc_row][\/vc_section][vc_section][vc_row el_class=\u00a0\u00bbtablet-row vertical-center\u00a0\u00bb][vc_column css_animation=\u00a0\u00bbslideInLeft\u00a0\u00bb]<div class=\"teaser-boxes wpb_content_element\"><div><a href=\"https:\/\/www.envirofalk.com\/fr\/techniques-de-procedes-produits\/systemes-dosmose-inverse\/\" target=\"_self\"><figure class=\"img-box \" style=\"background-image: url(https:\/\/www.envirofalk.com\/wp-content\/uploads\/2023\/08\/Umkehrosmoseanlage_EnviroFALK_mit_Umkehrosmosemembranen.png)\"><\/figure><\/a><div class=\"text-box\"><h3 class=\"entry-title no-icon\"><a href=\"https:\/\/www.envirofalk.com\/fr\/techniques-de-procedes-produits\/systemes-dosmose-inverse\/\" target=\"_self\">Syst\u00e8mes d'osmose inverse<\/a><\/h3><div class=\"wpb_text_column\">L'eau d\u00e9min\u00e9ralis\u00e9e est indispensable \u00e0 de nombreux processus de fabrication dans l'industrie. Les applications en laboratoire et en technique m\u00e9dicale n\u00e9cessitent \u00e9galement de l'eau dessal\u00e9e. Par exemple pour alimenter les syst\u00e8mes d'eau ultrapure et les autoclaves ou pour rincer les r\u00e9cipients en verre.<\/div><\/div><\/div><div><a href=\"https:\/\/www.envirofalk.com\/fr\/techniques-de-procedes-produits\/systemes-dultrafiltration\/\" target=\"_self\"><figure class=\"img-box \" style=\"background-image: url(https:\/\/www.envirofalk.com\/wp-content\/uploads\/2023\/11\/Ultrafiltatrionsanlage_EnviroFALK_Wasseraufbereitung.png)\"><\/figure><\/a><div class=\"text-box\"><h3 class=\"entry-title no-icon\"><a href=\"https:\/\/www.envirofalk.com\/fr\/techniques-de-procedes-produits\/systemes-dultrafiltration\/\" target=\"_self\">Syst\u00e8mes d'ultrafiltration<\/a><\/h3><div class=\"wpb_text_column\">Une installation d'ultrafiltration permet d'\u00e9liminer m\u00eame les plus petites particules de salet\u00e9 de l'eau. L'ultrafiltration est donc le pr\u00e9traitement parfait pour les eaux brutes dont la charge en particules varie fortement selon les saisons.<\/div><\/div><\/div><div><a href=\"https:\/\/www.envirofalk.com\/fr\/techniques-de-procedes-produits\/electrodeionisation-edi\/\" target=\"_self\"><figure class=\"img-box \" style=\"background-image: url(https:\/\/www.envirofalk.com\/wp-content\/uploads\/2023\/10\/EnviroFALK_EDI_Wasseraufbereitungsanlage_Medizintechnik.png)\"><\/figure><\/a><div class=\"text-box\"><h3 class=\"entry-title no-icon\"><a href=\"https:\/\/www.envirofalk.com\/fr\/techniques-de-procedes-produits\/electrodeionisation-edi\/\" target=\"_self\">\u00c9lectrod\u00e9ionisation (EDI)<\/a><\/h3><div class=\"wpb_text_column\">Eau finement d\u00e9min\u00e9ralis\u00e9e par \u00e9lectrod\u00e9ionisation EnviroFALK (EDI)\nL'\u00e9lectrod\u00e9ionisation est souvent utilis\u00e9e apr\u00e8s une osmose inverse. L'eau partiellement d\u00e9min\u00e9ralis\u00e9e est alors \u00e0 nouveau trait\u00e9e et \"polie\". <\/div><\/div><\/div><div><a href=\"https:\/\/www.envirofalk.com\/fr\/techniques-de-procedes-produits\/systemes-de-microfiltration\/\" target=\"_self\"><figure class=\"img-box \" style=\"background-image: url(https:\/\/www.envirofalk.com\/wp-content\/uploads\/2023\/11\/Mikrofiltrationsanlage_fuer_Elektrolytaufbereitung.png)\"><\/figure><\/a><div class=\"text-box\"><h3 class=\"entry-title no-icon\"><a href=\"https:\/\/www.envirofalk.com\/fr\/techniques-de-procedes-produits\/systemes-de-microfiltration\/\" target=\"_self\">Microfiltration<\/a><\/h3><div class=\"wpb_text_column\">Les installations de microfiltration \u00e9liminent les impuret\u00e9s telles que les huiles, les graisses et les particules des solutions de processus et garantissent, selon le domaine d'application, une longue dur\u00e9e de vie des bains et une qualit\u00e9 \u00e9lev\u00e9e et constante des produits.<\/div><\/div><\/div><div><a href=\"https:\/\/www.envirofalk.com\/fr\/techniques-de-procedes-produits\/installations-de-nanofiltration\/\" target=\"_self\"><figure class=\"img-box \" style=\"background-image: url(https:\/\/www.envirofalk.com\/wp-content\/uploads\/2023\/05\/Nanofiltrationsanlagen.png)\"><\/figure><\/a><div class=\"text-box\"><h3 class=\"entry-title no-icon\"><a href=\"https:\/\/www.envirofalk.com\/fr\/techniques-de-procedes-produits\/installations-de-nanofiltration\/\" target=\"_self\">Installations de nanofiltration<\/a><\/h3><div class=\"wpb_text_column\">Vous avez besoin d'une eau exempte d'impuret\u00e9s telles que des bact\u00e9ries, des sels dissous, des pesticides et des prot\u00e9ines ? Vous souhaitez \u00e9liminer totalement ou partiellement les substances ind\u00e9sirables ? Alors vous \u00eates \u00e0 la bonne adresse avec nos installations de nanofiltration pour l'adoucissement partiel et la r\u00e9duction de la turbidit\u00e9 et de la coloration des eaux de surface.<\/div><\/div><\/div><div><a href=\"https:\/\/www.envirofalk.com\/fr\/techniques-de-procedes-produits\/traitement-de-lelectrolyte\/\" target=\"_self\"><figure class=\"img-box \" style=\"background-image: url(https:\/\/www.envirofalk.com\/wp-content\/uploads\/2023\/11\/EnviroFALK_Anlage_Elektrolytaufbereitung_Wasseraufbereitung.png)\"><\/figure><\/a><div class=\"text-box\"><h3 class=\"entry-title no-icon\"><a href=\"https:\/\/www.envirofalk.com\/fr\/techniques-de-procedes-produits\/traitement-de-lelectrolyte\/\" target=\"_self\">Traitement de l'\u00e9lectrolyte<\/a><\/h3><div class=\"wpb_text_column\">L'usinage \u00e9lectrochimique des m\u00e9taux (ECM) est souvent utilis\u00e9 pour les mat\u00e9riaux difficiles \u00e0 usiner, les formes ou les pi\u00e8ces compliqu\u00e9es. En particulier pour les pi\u00e8ces de grande valeur, comme les aubes de turbine, les buses d'injection, les moules d'injection ou les implants m\u00e9dicaux.<\/div><\/div><\/div><div><a href=\"https:\/\/www.envirofalk.com\/fr\/techniques-de-procedes-produits\/degazage-par-membrane\/\" target=\"_self\"><figure class=\"img-box \" style=\"background-image: url(https:\/\/www.envirofalk.com\/wp-content\/uploads\/2023\/11\/Membranentgasung_Umkehrosmose_Nahaufnahme.jpg)\"><\/figure><\/a><div class=\"text-box\"><h3 class=\"entry-title no-icon\"><a href=\"https:\/\/www.envirofalk.com\/fr\/techniques-de-procedes-produits\/degazage-par-membrane\/\" target=\"_self\">D\u00e9gazage par membrane<\/a><\/h3><div class=\"wpb_text_column\">Le gaz carbonique et l'oxyg\u00e8ne provoquent une forte conductivit\u00e9 dans l'eau. Le d\u00e9gazage par membrane sert \u00e0 \u00e9liminer le gaz carbonique et l'oxyg\u00e8ne dissous. Pour ce faire, on utilise des membranes poreuses hydrophobes qui sont imperm\u00e9ables \u00e0 l'eau, mais qui laissent passer les gaz.<\/div><\/div><\/div><\/div>[\/vc_column][\/vc_row][\/vc_section]<\/p>\n<\/div>","protected":false},"excerpt":{"rendered":"<p>[vc_section][vc_row full_width=\u00a0\u00bbstretch_row_content_no_spaces\u00a0\u00bb][vc_column][\/vc_column][\/vc_row][vc_row el_class=\u00a0\u00bbbreadcrumbs-wrapper\u00a0\u00bb][vc_column][\/vc_column][\/vc_row][\/vc_section][vc_section][vc_row css_animation=\u00a0\u00bbslideInUp\u00a0\u00bb el_class=\u00a0\u00bbtwo-columns-row tablet-row\u00a0\u00bb][vc_column width=\u00a0\u00bb3\/4&Prime;][vc_custom_heading text=\u00a0\u00bbSyst\u00e8mes de filtration sur membrane EnviroFALK\u00a0\u00bb font_container=\u00a0\u00bbtag:h1|text_align:left\u00a0\u00bb use_theme_fonts=\u00a0\u00bbyes\u00a0\u00bb][vc_column_text]Dans un monde o\u00f9 la qualit\u00e9 de l&rsquo;eau est cruciale, les syst\u00e8mes de filtration par membrane \u00e9tablissent de nouvelles normes. Cette technologie innovante permet d&rsquo;\u00e9liminer de mani\u00e8re fiable les micro-organismes, les particules et les impuret\u00e9s afin de garantir une eau tr\u00e8s [&hellip;]<\/p>\n","protected":false},"author":5,"featured_media":0,"parent":7520,"menu_order":18,"comment_status":"closed","ping_status":"closed","template":"","meta":{"_acf_changed":false,"rs_blank_template":"","rs_page_bg_color":"","slide_template_v7":"","footnotes":""},"class_list":["post-8220","page","type-page","status-publish","hentry"],"acf":[],"yoast_head":"<!-- This site is optimized with the Yoast SEO Premium plugin v27.3 (Yoast SEO v27.3) - https:\/\/yoast.com\/product\/yoast-seo-premium-wordpress\/ -->\n<title>Syst\u00e8mes de filtration \u00e0 membrane &#8211; EnviroFALK<\/title>\n<meta name=\"description\" content=\"Syst\u00e8mes d&#039;osmose inverse ? Contactez votre expert EnviroFALK d\u00e8s aujourd&#039;hui pour en savoir plus sur &quot;l&#039;osmoseur inverse&quot; et &quot;l&#039;osmose inverse en g\u00e9n\u00e9ral&quot;. Ce qu&#039;il en est du proc\u00e9d\u00e9 d&#039;osmose inverse \u00e9galement appel\u00e9 &quot;osmose inverse - Reverse Osmose (Reverse Osmosis System)&quot;. Si vous souhaitez avoir un aper\u00e7u du fonctionnement d&#039;un syst\u00e8me d&#039;osmose inverse EnviroFALK, vous \u00eates \u00e0 la bonne adresse.\" \/>\n<meta name=\"robots\" content=\"index, follow, max-snippet:-1, max-image-preview:large, max-video-preview:-1\" \/>\n<link rel=\"canonical\" href=\"https:\/\/www.envirofalk.com\/fr\/techniques-de-procedes-produits\/systemes-de-filtration-a-membrane\/\" \/>\n<meta property=\"og:locale\" content=\"fr_FR\" \/>\n<meta property=\"og:type\" content=\"article\" \/>\n<meta property=\"og:title\" content=\"Syst\u00e8mes de filtration \u00e0 membrane\" \/>\n<meta property=\"og:description\" content=\"Syst\u00e8mes d&#039;osmose inverse ? Contactez votre expert EnviroFALK d\u00e8s aujourd&#039;hui pour en savoir plus sur &quot;l&#039;osmoseur inverse&quot; et &quot;l&#039;osmose inverse en g\u00e9n\u00e9ral&quot;. Ce qu&#039;il en est du proc\u00e9d\u00e9 d&#039;osmose inverse \u00e9galement appel\u00e9 &quot;osmose inverse - Reverse Osmose (Reverse Osmosis System)&quot;. Si vous souhaitez avoir un aper\u00e7u du fonctionnement d&#039;un syst\u00e8me d&#039;osmose inverse EnviroFALK, vous \u00eates \u00e0 la bonne adresse.\" \/>\n<meta property=\"og:url\" content=\"https:\/\/www.envirofalk.com\/fr\/techniques-de-procedes-produits\/systemes-de-filtration-a-membrane\/\" \/>\n<meta property=\"og:site_name\" content=\"EnviroFALK\" \/>\n<meta property=\"article:publisher\" content=\"https:\/\/www.facebook.com\/envirofalk\" \/>\n<meta property=\"article:modified_time\" content=\"2026-02-04T08:43:26+00:00\" \/>\n<meta name=\"twitter:card\" content=\"summary_large_image\" \/>\n<meta name=\"twitter:label1\" content=\"Dur\u00e9e de lecture estim\u00e9e\" \/>\n\t<meta name=\"twitter:data1\" content=\"2 minutes\" \/>\n<script type=\"application\/ld+json\" class=\"yoast-schema-graph\">{\"@context\":\"https:\\\/\\\/schema.org\",\"@graph\":[{\"@type\":\"WebPage\",\"@id\":\"https:\\\/\\\/www.envirofalk.com\\\/fr\\\/techniques-de-procedes-produits\\\/systemes-de-filtration-a-membrane\\\/\",\"url\":\"https:\\\/\\\/www.envirofalk.com\\\/fr\\\/techniques-de-procedes-produits\\\/systemes-de-filtration-a-membrane\\\/\",\"name\":\"Syst\u00e8mes de filtration \u00e0 membrane &#8211; EnviroFALK\",\"isPartOf\":{\"@id\":\"https:\\\/\\\/www.envirofalk.com\\\/#website\"},\"datePublished\":\"2024-01-24T09:55:15+00:00\",\"dateModified\":\"2026-02-04T08:43:26+00:00\",\"description\":\"Syst\u00e8mes d'osmose inverse ? Contactez votre expert EnviroFALK d\u00e8s aujourd'hui pour en savoir plus sur \\\"l'osmoseur inverse\\\" et \\\"l'osmose inverse en g\u00e9n\u00e9ral\\\". Ce qu'il en est du proc\u00e9d\u00e9 d'osmose inverse \u00e9galement appel\u00e9 \\\"osmose inverse - Reverse Osmose (Reverse Osmosis System)\\\". Si vous souhaitez avoir un aper\u00e7u du fonctionnement d'un syst\u00e8me d'osmose inverse EnviroFALK, vous \u00eates \u00e0 la bonne adresse.\",\"breadcrumb\":{\"@id\":\"https:\\\/\\\/www.envirofalk.com\\\/fr\\\/techniques-de-procedes-produits\\\/systemes-de-filtration-a-membrane\\\/#breadcrumb\"},\"inLanguage\":\"fr-FR\",\"potentialAction\":[{\"@type\":\"ReadAction\",\"target\":[\"https:\\\/\\\/www.envirofalk.com\\\/fr\\\/techniques-de-procedes-produits\\\/systemes-de-filtration-a-membrane\\\/\"]}]},{\"@type\":\"BreadcrumbList\",\"@id\":\"https:\\\/\\\/www.envirofalk.com\\\/fr\\\/techniques-de-procedes-produits\\\/systemes-de-filtration-a-membrane\\\/#breadcrumb\",\"itemListElement\":[{\"@type\":\"ListItem\",\"position\":1,\"name\":\"Home\",\"item\":\"https:\\\/\\\/www.envirofalk.com\\\/fr\\\/\"},{\"@type\":\"ListItem\",\"position\":2,\"name\":\"Techniques de proc\u00e9d\u00e9s &amp; produits\",\"item\":\"https:\\\/\\\/www.envirofalk.com\\\/fr\\\/techniques-de-procedes-produits\\\/\"},{\"@type\":\"ListItem\",\"position\":3,\"name\":\"Syst\u00e8mes de filtration \u00e0 membrane\"}]},{\"@type\":\"WebSite\",\"@id\":\"https:\\\/\\\/www.envirofalk.com\\\/#website\",\"url\":\"https:\\\/\\\/www.envirofalk.com\\\/\",\"name\":\"EnviroFALK\",\"description\":\"Wasseraufbereitungsanlagen f\u00fcr Industrie, Gewerbe &amp; Labor\",\"publisher\":{\"@id\":\"https:\\\/\\\/www.envirofalk.com\\\/#organization\"},\"potentialAction\":[{\"@type\":\"SearchAction\",\"target\":{\"@type\":\"EntryPoint\",\"urlTemplate\":\"https:\\\/\\\/www.envirofalk.com\\\/?s={search_term_string}\"},\"query-input\":{\"@type\":\"PropertyValueSpecification\",\"valueRequired\":true,\"valueName\":\"search_term_string\"}}],\"inLanguage\":\"fr-FR\"},{\"@type\":\"Organization\",\"@id\":\"https:\\\/\\\/www.envirofalk.com\\\/#organization\",\"name\":\"EnviroFALK\",\"url\":\"https:\\\/\\\/www.envirofalk.com\\\/\",\"logo\":{\"@type\":\"ImageObject\",\"inLanguage\":\"fr-FR\",\"@id\":\"https:\\\/\\\/www.envirofalk.com\\\/#\\\/schema\\\/logo\\\/image\\\/\",\"url\":\"https:\\\/\\\/www.envirofalk.com\\\/wp-content\\\/uploads\\\/2023\\\/01\\\/logo.svg\",\"contentUrl\":\"https:\\\/\\\/www.envirofalk.com\\\/wp-content\\\/uploads\\\/2023\\\/01\\\/logo.svg\",\"caption\":\"EnviroFALK\"},\"image\":{\"@id\":\"https:\\\/\\\/www.envirofalk.com\\\/#\\\/schema\\\/logo\\\/image\\\/\"},\"sameAs\":[\"https:\\\/\\\/www.facebook.com\\\/envirofalk\",\"https:\\\/\\\/www.linkedin.com\\\/company\\\/envirofalk-gmbh\",\"https:\\\/\\\/www.youtube.com\\\/channel\\\/UCM1L-2K6cfBbP3aYgJGbVdA\"],\"description\":\"EnviroFALK Prozesswassertechnik ist Ihr Spezialist f\u00fcr ma\u00dfgeschneiderte Wasseraufbereitungsl\u00f6sungen in der Industrie. Wir bieten innovative Technologien f\u00fcr die Erzeugung und Aufbereitung von Prozesswasser, um h\u00f6chste Effizienz und Qualit\u00e4t in Ihren Produktionsprozessen zu gew\u00e4hrleisten. Mit jahrzehntelanger Erfahrung entwickeln wir nachhaltige und ressourcenschonende L\u00f6sungen, die exakt auf die Anforderungen unserer Kunden abgestimmt sind. Unsere Leistungen umfassen die Filtration, Enth\u00e4rtung, Entsalzung und R\u00fcckgewinnung von Wasser f\u00fcr verschiedenste Anwendungen \u2013 von der Metallverarbeitung bis zur Lebensmittelindustrie. Unsere Experten begleiten Sie von der Planung \u00fcber die Implementierung bis hin zum Service, um eine zuverl\u00e4ssige und wirtschaftliche Wasseraufbereitung sicherzustellen.\",\"email\":\"info@envirofalk.com\",\"telephone\":\"+49 2663 9908-0\",\"legalName\":\"EnviroFALK GmbH\",\"foundingDate\":\"1989-05-01\"}]}<\/script>\n<!-- \/ Yoast SEO Premium plugin. -->","yoast_head_json":{"title":"Syst\u00e8mes de filtration \u00e0 membrane &#8211; EnviroFALK","description":"Syst\u00e8mes d'osmose inverse ? Contactez votre expert EnviroFALK d\u00e8s aujourd'hui pour en savoir plus sur \"l'osmoseur inverse\" et \"l'osmose inverse en g\u00e9n\u00e9ral\". Ce qu'il en est du proc\u00e9d\u00e9 d'osmose inverse \u00e9galement appel\u00e9 \"osmose inverse - Reverse Osmose (Reverse Osmosis System)\". Si vous souhaitez avoir un aper\u00e7u du fonctionnement d'un syst\u00e8me d'osmose inverse EnviroFALK, vous \u00eates \u00e0 la bonne adresse.","robots":{"index":"index","follow":"follow","max-snippet":"max-snippet:-1","max-image-preview":"max-image-preview:large","max-video-preview":"max-video-preview:-1"},"canonical":"https:\/\/www.envirofalk.com\/fr\/techniques-de-procedes-produits\/systemes-de-filtration-a-membrane\/","og_locale":"fr_FR","og_type":"article","og_title":"Syst\u00e8mes de filtration \u00e0 membrane","og_description":"Syst\u00e8mes d'osmose inverse ? Contactez votre expert EnviroFALK d\u00e8s aujourd'hui pour en savoir plus sur \"l'osmoseur inverse\" et \"l'osmose inverse en g\u00e9n\u00e9ral\". Ce qu'il en est du proc\u00e9d\u00e9 d'osmose inverse \u00e9galement appel\u00e9 \"osmose inverse - Reverse Osmose (Reverse Osmosis System)\". Si vous souhaitez avoir un aper\u00e7u du fonctionnement d'un syst\u00e8me d'osmose inverse EnviroFALK, vous \u00eates \u00e0 la bonne adresse.","og_url":"https:\/\/www.envirofalk.com\/fr\/techniques-de-procedes-produits\/systemes-de-filtration-a-membrane\/","og_site_name":"EnviroFALK","article_publisher":"https:\/\/www.facebook.com\/envirofalk","article_modified_time":"2026-02-04T08:43:26+00:00","twitter_card":"summary_large_image","twitter_misc":{"Dur\u00e9e de lecture estim\u00e9e":"2 minutes"},"schema":{"@context":"https:\/\/schema.org","@graph":[{"@type":"WebPage","@id":"https:\/\/www.envirofalk.com\/fr\/techniques-de-procedes-produits\/systemes-de-filtration-a-membrane\/","url":"https:\/\/www.envirofalk.com\/fr\/techniques-de-procedes-produits\/systemes-de-filtration-a-membrane\/","name":"Syst\u00e8mes de filtration \u00e0 membrane &#8211; EnviroFALK","isPartOf":{"@id":"https:\/\/www.envirofalk.com\/#website"},"datePublished":"2024-01-24T09:55:15+00:00","dateModified":"2026-02-04T08:43:26+00:00","description":"Syst\u00e8mes d'osmose inverse ? Contactez votre expert EnviroFALK d\u00e8s aujourd'hui pour en savoir plus sur \"l'osmoseur inverse\" et \"l'osmose inverse en g\u00e9n\u00e9ral\". Ce qu'il en est du proc\u00e9d\u00e9 d'osmose inverse \u00e9galement appel\u00e9 \"osmose inverse - Reverse Osmose (Reverse Osmosis System)\". Si vous souhaitez avoir un aper\u00e7u du fonctionnement d'un syst\u00e8me d'osmose inverse EnviroFALK, vous \u00eates \u00e0 la bonne adresse.","breadcrumb":{"@id":"https:\/\/www.envirofalk.com\/fr\/techniques-de-procedes-produits\/systemes-de-filtration-a-membrane\/#breadcrumb"},"inLanguage":"fr-FR","potentialAction":[{"@type":"ReadAction","target":["https:\/\/www.envirofalk.com\/fr\/techniques-de-procedes-produits\/systemes-de-filtration-a-membrane\/"]}]},{"@type":"BreadcrumbList","@id":"https:\/\/www.envirofalk.com\/fr\/techniques-de-procedes-produits\/systemes-de-filtration-a-membrane\/#breadcrumb","itemListElement":[{"@type":"ListItem","position":1,"name":"Home","item":"https:\/\/www.envirofalk.com\/fr\/"},{"@type":"ListItem","position":2,"name":"Techniques de proc\u00e9d\u00e9s &amp; produits","item":"https:\/\/www.envirofalk.com\/fr\/techniques-de-procedes-produits\/"},{"@type":"ListItem","position":3,"name":"Syst\u00e8mes de filtration \u00e0 membrane"}]},{"@type":"WebSite","@id":"https:\/\/www.envirofalk.com\/#website","url":"https:\/\/www.envirofalk.com\/","name":"EnviroFALK","description":"Wasseraufbereitungsanlagen f\u00fcr Industrie, Gewerbe &amp; Labor","publisher":{"@id":"https:\/\/www.envirofalk.com\/#organization"},"potentialAction":[{"@type":"SearchAction","target":{"@type":"EntryPoint","urlTemplate":"https:\/\/www.envirofalk.com\/?s={search_term_string}"},"query-input":{"@type":"PropertyValueSpecification","valueRequired":true,"valueName":"search_term_string"}}],"inLanguage":"fr-FR"},{"@type":"Organization","@id":"https:\/\/www.envirofalk.com\/#organization","name":"EnviroFALK","url":"https:\/\/www.envirofalk.com\/","logo":{"@type":"ImageObject","inLanguage":"fr-FR","@id":"https:\/\/www.envirofalk.com\/#\/schema\/logo\/image\/","url":"https:\/\/www.envirofalk.com\/wp-content\/uploads\/2023\/01\/logo.svg","contentUrl":"https:\/\/www.envirofalk.com\/wp-content\/uploads\/2023\/01\/logo.svg","caption":"EnviroFALK"},"image":{"@id":"https:\/\/www.envirofalk.com\/#\/schema\/logo\/image\/"},"sameAs":["https:\/\/www.facebook.com\/envirofalk","https:\/\/www.linkedin.com\/company\/envirofalk-gmbh","https:\/\/www.youtube.com\/channel\/UCM1L-2K6cfBbP3aYgJGbVdA"],"description":"EnviroFALK Prozesswassertechnik ist Ihr Spezialist f\u00fcr ma\u00dfgeschneiderte Wasseraufbereitungsl\u00f6sungen in der Industrie. Wir bieten innovative Technologien f\u00fcr die Erzeugung und Aufbereitung von Prozesswasser, um h\u00f6chste Effizienz und Qualit\u00e4t in Ihren Produktionsprozessen zu gew\u00e4hrleisten. Mit jahrzehntelanger Erfahrung entwickeln wir nachhaltige und ressourcenschonende L\u00f6sungen, die exakt auf die Anforderungen unserer Kunden abgestimmt sind. Unsere Leistungen umfassen die Filtration, Enth\u00e4rtung, Entsalzung und R\u00fcckgewinnung von Wasser f\u00fcr verschiedenste Anwendungen \u2013 von der Metallverarbeitung bis zur Lebensmittelindustrie. Unsere Experten begleiten Sie von der Planung \u00fcber die Implementierung bis hin zum Service, um eine zuverl\u00e4ssige und wirtschaftliche Wasseraufbereitung sicherzustellen.","email":"info@envirofalk.com","telephone":"+49 2663 9908-0","legalName":"EnviroFALK GmbH","foundingDate":"1989-05-01"}]}},"_links":{"self":[{"href":"https:\/\/www.envirofalk.com\/fr\/wp-json\/wp\/v2\/pages\/8220","targetHints":{"allow":["GET"]}}],"collection":[{"href":"https:\/\/www.envirofalk.com\/fr\/wp-json\/wp\/v2\/pages"}],"about":[{"href":"https:\/\/www.envirofalk.com\/fr\/wp-json\/wp\/v2\/types\/page"}],"author":[{"embeddable":true,"href":"https:\/\/www.envirofalk.com\/fr\/wp-json\/wp\/v2\/users\/5"}],"replies":[{"embeddable":true,"href":"https:\/\/www.envirofalk.com\/fr\/wp-json\/wp\/v2\/comments?post=8220"}],"version-history":[{"count":7,"href":"https:\/\/www.envirofalk.com\/fr\/wp-json\/wp\/v2\/pages\/8220\/revisions"}],"predecessor-version":[{"id":26678,"href":"https:\/\/www.envirofalk.com\/fr\/wp-json\/wp\/v2\/pages\/8220\/revisions\/26678"}],"up":[{"embeddable":true,"href":"https:\/\/www.envirofalk.com\/fr\/wp-json\/wp\/v2\/pages\/7520"}],"wp:attachment":[{"href":"https:\/\/www.envirofalk.com\/fr\/wp-json\/wp\/v2\/media?parent=8220"}],"curies":[{"name":"wp","href":"https:\/\/api.w.org\/{rel}","templated":true}]}}