{"id":8154,"date":"2024-01-24T10:55:11","date_gmt":"2024-01-24T09:55:11","guid":{"rendered":"https:\/\/www.envirofalk.com\/connaissances-dexperts-sur-le-traitement-de-leau\/systeme-deau-di-station-de-traitement-des-eaux-di\/"},"modified":"2024-01-24T10:55:19","modified_gmt":"2024-01-24T09:55:19","slug":"systeme-deau-di-station-de-traitement-des-eaux-di","status":"publish","type":"page","link":"https:\/\/www.envirofalk.com\/fr\/connaissances-dexperts-sur-le-traitement-de-leau\/systeme-deau-di-station-de-traitement-des-eaux-di\/","title":{"rendered":"Syst\u00e8me d&rsquo;eau DI \/ Station de traitement des eaux DI"},"content":{"rendered":"<div class=\"wpb-content-wrapper\"><p>[vc_section][vc_row full_width=\u00a0\u00bbstretch_row_content_no_spaces\u00a0\u00bb][vc_column]<div class=\"custom-top-banner img-box   has-icon\" style=\"background-image: url(https:\/\/www.envirofalk.com\/wp-content\/uploads\/2023\/08\/Pressemitteilungen_1920x640-fcfcc37a.webp)\"><div class=\"container relative\"><div class=\"text-box\"><div class=\"slideInRight animated\"><img loading=\"lazy\" decoding=\"async\" width=\"1\" height=\"1\" src=\"https:\/\/www.envirofalk.com\/wp-content\/uploads\/2023\/09\/Wasseraufbereitung_EnviroFALK_Logo.svg\" class=\"attachment-120x120 size-120x120\" alt=\"EnviroFALK-Logo Icon\" \/><p>Expertenwissen auf einen Blick<\/p><\/div><\/div><\/div><\/div>[\/vc_column][\/vc_row][vc_row el_class=\u00a0\u00bbbreadcrumbs-wrapper\u00a0\u00bb][vc_column]<div class=\"breadcrumbs\"><label><\/label> <a href=\"https:\/\/www.envirofalk.com\/fr\/\">Home<\/a><\/div>[\/vc_column][\/vc_row][\/vc_section][vc_section][vc_row css_animation=\u00a0\u00bbslideInUp\u00a0\u00bb el_class=\u00a0\u00bbtwo-columns-row tablet-row\u00a0\u00bb][vc_column width=\u00a0\u00bb3\/4&Prime;][vc_custom_heading text=\u00a0\u00bbSyst\u00e8me d&apos;eau DI \/ Station de traitement des eaux DI\u00a0\u00bb font_container=\u00a0\u00bbtag:h1|text_align:left\u00a0\u00bb use_theme_fonts=\u00a0\u00bbyes\u00a0\u00bb][vc_column_text]<\/p>\n<h2>De l&rsquo;eau d\u00e9min\u00e9ralis\u00e9e pour de nombreux domaines d&rsquo;application<\/h2>\n<p>[\/vc_column_text][\/vc_column][vc_column width=\u00a0\u00bb1\/4&Prime;]<div class=\"quick-links sm wpb_content_element\" data-background=\"#ebebeb\"><div class=\"flexbox\"><a href=\"#\" target=\"_self\"><div class=\"icon default\"><img decoding=\"async\" src=\"https:\/\/www.envirofalk.com\/wp-content\/uploads\/2023\/05\/icon_service.svg\" class=\"attachment-full size-full\" alt=\"Person mit Headset Icon\" \/><\/div><div><h6>Service<\/h6><\/div><\/a><\/div><div class=\"flexbox\"><a href=\"#\" target=\"_self\"><div class=\"icon default\"><img decoding=\"async\" src=\"https:\/\/www.envirofalk.com\/wp-content\/uploads\/2023\/05\/icon_messen-events.svg\" class=\"attachment-full size-full\" alt=\"\" \/><\/div><div><h6>Messen & Events<\/h6><\/div><\/a><\/div><div class=\"flexbox\"><a href=\"#\" target=\"_self\"><div class=\"icon default\"><img decoding=\"async\" src=\"https:\/\/www.envirofalk.com\/wp-content\/uploads\/2023\/05\/icon_downloads.svg\" class=\"attachment-full size-full\" alt=\"Blatt Papier mit Pfeil nach unten\" \/><\/div><div><h6>Downloads<\/h6><\/div><\/a><\/div><div class=\"flexbox\"><a href=\"#\" target=\"_self\"><div class=\"icon default\"><img decoding=\"async\" src=\"https:\/\/www.envirofalk.com\/wp-content\/uploads\/2023\/05\/icon_kundenlosungen.svg\" class=\"attachment-full size-full\" alt=\"Gl\u00fchbirne Icon\" \/><\/div><div><h6>Kundenlosungen<\/h6><\/div><\/a><\/div><\/div>[\/vc_column][\/vc_row][\/vc_section][vc_section][vc_row css_animation=\u00a0\u00bbslideInUp\u00a0\u00bb el_class=\u00a0\u00bbtwo-columns-row tablet-row\u00a0\u00bb][vc_column width=\u00a0\u00bb1\/2&Prime;][vc_column_text]<strong>Les experts d&rsquo;EnviroFALK fabriquent des installations de traitement de l&rsquo;eau, comme par exemple le syst\u00e8me DI Water, qui est parfaitement adapt\u00e9 aux domaines d&rsquo;application individuels. Le terme DI water signifie deionized water, c&rsquo;est-\u00e0-dire eau d\u00e9sionis\u00e9e ou d\u00e9min\u00e9ralis\u00e9e. Dans le langage courant, on parle souvent en allemand d&rsquo;<a title=\"Eau d\u00e9min\u00e9ralis\u00e9e\" href=\"https:\/\/www.envirofalk.com\/expertenwissen-wasseraufbereitung\/ve-wasser\/\">eau<\/a> d\u00e9min\u00e9ralis\u00e9e ou, en abr\u00e9g\u00e9, d&rsquo;<a title=\"Eau d\u00e9min\u00e9ralis\u00e9e\" href=\"https:\/\/www.envirofalk.com\/expertenwissen-wasseraufbereitung\/ve-wasser\/\">eau d\u00e9<\/a> min\u00e9ralis\u00e9e.<\/strong><\/p>\n<p>Un syst\u00e8me DI Water est utilis\u00e9 pour le traitement de l&rsquo;eau enti\u00e8rement d\u00e9min\u00e9ralis\u00e9e pour des applications industrielles. En outre, DI Water est n\u00e9cessaire pour les domaines d&rsquo;application dans les laboratoires, les h\u00f4pitaux et la technique m\u00e9dicale.<\/p>\n<h2>Station de traitement de l&rsquo;eau DI : Installations de d\u00e9min\u00e9ralisation de l&rsquo;eau<\/h2>\n<p>Dans une usine de traitement de l&rsquo;eau appel\u00e9e DI Water Treatment Plant, l&rsquo;eau de surface ou l&rsquo;eau de puits est souvent trait\u00e9e en cas de pics importants de la demande industrielle en eau d\u00e9min\u00e9ralis\u00e9e.<\/p>\n<p>Mais comment s&rsquo;effectue concr\u00e8tement le traitement de l&rsquo;eau DI ? L&rsquo;eau potable contient des sels en concentration variable, compos\u00e9s d&rsquo;ions m\u00e9talliques (cations) et d&rsquo;un reste d&rsquo;acide (anions). Pour \u00e9liminer \u00e0 la fois les cations et les anions, des r\u00e9sines \u00e9changeuses d&rsquo;ions sp\u00e9ciales sont ajout\u00e9es \u00e0 l&rsquo;eau dans le syst\u00e8me DI Water. Un \u00e9changeur de cations fixe s\u00e9lectivement les cations tels que les ions sodium, les ions calcium et les ions potassium et lib\u00e8re en contrepartie des ions H+ dans l&rsquo;eau. En revanche, un \u00e9changeur d&rsquo;anions fixe s\u00e9lectivement les anions, par exemple les ions sulfate et les ions chlorure, et lib\u00e8re en \u00e9change des ions OH dans l&rsquo;eau. Le r\u00e9sultat de cet \u00e9change est un H2O presque pur &#8211; c&rsquo;est-\u00e0-dire de l&rsquo;eau enti\u00e8rement d\u00e9min\u00e9ralis\u00e9e.[\/vc_column_text][\/vc_column][vc_column width=\u00a0\u00bb1\/2&Prime;][vc_single_image image=\u00a0\u00bb4941&Prime; img_size=\u00a0\u00bbfull\u00a0\u00bb][vc_column_text]<\/p>\n<h6>Station de traitement des eaux EnviroFALK DI. Exemple de pr\u00e9sentation.<\/h6>\n<p>[\/vc_column_text][\/vc_column][\/vc_row][vc_row][vc_column][vc_column_text el_class=\u00a0\u00bbarrows-list\u00a0\u00bb]<\/p>\n<h2>De l&rsquo;usine de traitement de l&rsquo;eau DI \u00e0 de multiples domaines d&rsquo;application<\/h2>\n<p>Une station de traitement d&rsquo;eau DI sert \u00e0 traiter l&rsquo;eau d\u00e9min\u00e9ralis\u00e9e pour alimenter de multiples applications industrielles. Par exemple<\/p>\n<ul>\n<li>comme fluide caloporteur dans le circuit de refroidissement des centrales \u00e9lectriques<\/li>\n<li>pour les installations de nettoyage des m\u00e9taux<\/li>\n<li>pour l&rsquo;humidification de l&rsquo;air<\/li>\n<li>pour les bains de rin\u00e7age ou les bains galvaniques<\/li>\n<li>ou pour alimenter des chaudi\u00e8res \u00e0 vapeur et des turbines \u00e0 vapeur.<\/li>\n<\/ul>\n<p>En outre, l&rsquo;eau d\u00e9min\u00e9ralis\u00e9e est utilis\u00e9e dans les h\u00f4pitaux, les laboratoires et la technique m\u00e9dicale.<\/p>\n<p>EnviroFALK vous donne des conseils complets sur toutes les questions relatives \u00e0 un syst\u00e8me d&rsquo;eau DI\/une station de traitement d&rsquo;eau DI. Au-del\u00e0 du conseil, de la planification et de la construction d&rsquo;installations de traitement de l&rsquo;eau compactes ou individuelles, nous proposons un service complet : Nous r\u00e9g\u00e9n\u00e9rons les r\u00e9sines \u00e9changeuses d&rsquo;ions dans notre propre station de r\u00e9g\u00e9n\u00e9ration et garantissons ainsi la meilleure eau d\u00e9min\u00e9ralis\u00e9e. Bien entendu, nous nous chargeons \u00e9galement du montage et de la mise en service de votre installation de traitement de l&rsquo;eau.[\/vc_column_text][\/vc_column][\/vc_row][\/vc_section]<\/p>\n<\/div>","protected":false},"excerpt":{"rendered":"<p>[vc_section][vc_row full_width=\u00a0\u00bbstretch_row_content_no_spaces\u00a0\u00bb][vc_column][\/vc_column][\/vc_row][vc_row el_class=\u00a0\u00bbbreadcrumbs-wrapper\u00a0\u00bb][vc_column][\/vc_column][\/vc_row][\/vc_section][vc_section][vc_row css_animation=\u00a0\u00bbslideInUp\u00a0\u00bb el_class=\u00a0\u00bbtwo-columns-row tablet-row\u00a0\u00bb][vc_column width=\u00a0\u00bb3\/4&Prime;][vc_custom_heading text=\u00a0\u00bbSyst\u00e8me d&apos;eau DI \/ Station de traitement des eaux DI\u00a0\u00bb font_container=\u00a0\u00bbtag:h1|text_align:left\u00a0\u00bb use_theme_fonts=\u00a0\u00bbyes\u00a0\u00bb][vc_column_text] De l&rsquo;eau d\u00e9min\u00e9ralis\u00e9e pour de nombreux domaines d&rsquo;application [\/vc_column_text][\/vc_column][vc_column width=\u00a0\u00bb1\/4&Prime;][\/vc_column][\/vc_row][\/vc_section][vc_section][vc_row css_animation=\u00a0\u00bbslideInUp\u00a0\u00bb el_class=\u00a0\u00bbtwo-columns-row tablet-row\u00a0\u00bb][vc_column width=\u00a0\u00bb1\/2&Prime;][vc_column_text]Les experts d&rsquo;EnviroFALK fabriquent des installations de traitement de l&rsquo;eau, comme par exemple le syst\u00e8me DI Water, qui est parfaitement adapt\u00e9 aux domaines [&hellip;]<\/p>\n","protected":false},"author":4,"featured_media":0,"parent":8007,"menu_order":6,"comment_status":"closed","ping_status":"closed","template":"","meta":{"_acf_changed":false,"rs_blank_template":"","rs_page_bg_color":"","slide_template_v7":"","footnotes":""},"class_list":["post-8154","page","type-page","status-publish","hentry"],"acf":[],"yoast_head":"<!-- This site is optimized with the Yoast SEO Premium plugin v27.6 (Yoast SEO v27.6) - https:\/\/yoast.com\/product\/yoast-seo-premium-wordpress\/ -->\n<title>Syst\u00e8me d&#039;eau DI \/ Station de traitement des eaux DI &#8211; EnviroFALK<\/title>\n<meta name=\"description\" content=\"Le terme DI water signifie deionized water, c&#039;est-\u00e0-dire eau d\u00e9sionis\u00e9e ou d\u00e9min\u00e9ralis\u00e9e. Dans le langage courant, on parle souvent en allemand d&#039;eau d\u00e9min\u00e9ralis\u00e9e ou, en abr\u00e9g\u00e9, d&#039;eau d\u00e9min\u00e9ralis\u00e9e. Un syst\u00e8me DI Water est utilis\u00e9 pour le traitement de l&#039;eau enti\u00e8rement d\u00e9min\u00e9ralis\u00e9e pour des applications industrielles. En outre, DI Water est n\u00e9cessaire pour les domaines d&#039;application dans les laboratoires, les h\u00f4pitaux et la technique m\u00e9dicale.\" \/>\n<meta name=\"robots\" content=\"index, follow, max-snippet:-1, max-image-preview:large, max-video-preview:-1\" \/>\n<link rel=\"canonical\" href=\"https:\/\/www.envirofalk.com\/fr\/connaissances-dexperts-sur-le-traitement-de-leau\/systeme-deau-di-station-de-traitement-des-eaux-di\/\" \/>\n<meta property=\"og:locale\" content=\"fr_FR\" \/>\n<meta property=\"og:type\" content=\"article\" \/>\n<meta property=\"og:title\" content=\"Syst\u00e8me d&#039;eau DI \/ Station de traitement des eaux DI\" \/>\n<meta property=\"og:description\" content=\"Le terme DI water signifie deionized water, c&#039;est-\u00e0-dire eau d\u00e9sionis\u00e9e ou d\u00e9min\u00e9ralis\u00e9e. Dans le langage courant, on parle souvent en allemand d&#039;eau d\u00e9min\u00e9ralis\u00e9e ou, en abr\u00e9g\u00e9, d&#039;eau d\u00e9min\u00e9ralis\u00e9e. Un syst\u00e8me DI Water est utilis\u00e9 pour le traitement de l&#039;eau enti\u00e8rement d\u00e9min\u00e9ralis\u00e9e pour des applications industrielles. En outre, DI Water est n\u00e9cessaire pour les domaines d&#039;application dans les laboratoires, les h\u00f4pitaux et la technique m\u00e9dicale.\" \/>\n<meta property=\"og:url\" content=\"https:\/\/www.envirofalk.com\/fr\/connaissances-dexperts-sur-le-traitement-de-leau\/systeme-deau-di-station-de-traitement-des-eaux-di\/\" \/>\n<meta property=\"og:site_name\" content=\"EnviroFALK\" \/>\n<meta property=\"article:publisher\" content=\"https:\/\/www.facebook.com\/envirofalk\" \/>\n<meta property=\"article:modified_time\" content=\"2024-01-24T09:55:19+00:00\" \/>\n<meta name=\"twitter:card\" content=\"summary_large_image\" \/>\n<meta name=\"twitter:label1\" content=\"Dur\u00e9e de lecture estim\u00e9e\" \/>\n\t<meta name=\"twitter:data1\" content=\"4 minutes\" \/>\n<script type=\"application\/ld+json\" class=\"yoast-schema-graph\">{\"@context\":\"https:\\\/\\\/schema.org\",\"@graph\":[{\"@type\":\"WebPage\",\"@id\":\"https:\\\/\\\/www.envirofalk.com\\\/fr\\\/connaissances-dexperts-sur-le-traitement-de-leau\\\/systeme-deau-di-station-de-traitement-des-eaux-di\\\/\",\"url\":\"https:\\\/\\\/www.envirofalk.com\\\/fr\\\/connaissances-dexperts-sur-le-traitement-de-leau\\\/systeme-deau-di-station-de-traitement-des-eaux-di\\\/\",\"name\":\"Syst\u00e8me d'eau DI \\\/ Station de traitement des eaux DI &#8211; EnviroFALK\",\"isPartOf\":{\"@id\":\"https:\\\/\\\/www.envirofalk.com\\\/fr\\\/#website\"},\"datePublished\":\"2024-01-24T09:55:11+00:00\",\"dateModified\":\"2024-01-24T09:55:19+00:00\",\"description\":\"Le terme DI water signifie deionized water, c'est-\u00e0-dire eau d\u00e9sionis\u00e9e ou d\u00e9min\u00e9ralis\u00e9e. Dans le langage courant, on parle souvent en allemand d'eau d\u00e9min\u00e9ralis\u00e9e ou, en abr\u00e9g\u00e9, d'eau d\u00e9min\u00e9ralis\u00e9e. Un syst\u00e8me DI Water est utilis\u00e9 pour le traitement de l'eau enti\u00e8rement d\u00e9min\u00e9ralis\u00e9e pour des applications industrielles. En outre, DI Water est n\u00e9cessaire pour les domaines d'application dans les laboratoires, les h\u00f4pitaux et la technique m\u00e9dicale.\",\"breadcrumb\":{\"@id\":\"https:\\\/\\\/www.envirofalk.com\\\/fr\\\/connaissances-dexperts-sur-le-traitement-de-leau\\\/systeme-deau-di-station-de-traitement-des-eaux-di\\\/#breadcrumb\"},\"inLanguage\":\"fr-FR\",\"potentialAction\":[{\"@type\":\"ReadAction\",\"target\":[\"https:\\\/\\\/www.envirofalk.com\\\/fr\\\/connaissances-dexperts-sur-le-traitement-de-leau\\\/systeme-deau-di-station-de-traitement-des-eaux-di\\\/\"]}]},{\"@type\":\"BreadcrumbList\",\"@id\":\"https:\\\/\\\/www.envirofalk.com\\\/fr\\\/connaissances-dexperts-sur-le-traitement-de-leau\\\/systeme-deau-di-station-de-traitement-des-eaux-di\\\/#breadcrumb\",\"itemListElement\":[{\"@type\":\"ListItem\",\"position\":1,\"name\":\"Home\",\"item\":\"https:\\\/\\\/www.envirofalk.com\\\/fr\\\/\"},{\"@type\":\"ListItem\",\"position\":2,\"name\":\"Connaissances d&#8217;experts sur le traitement de l&#8217;eau\",\"item\":\"https:\\\/\\\/www.envirofalk.com\\\/fr\\\/connaissances-dexperts-sur-le-traitement-de-leau\\\/\"},{\"@type\":\"ListItem\",\"position\":3,\"name\":\"Syst\u00e8me d&rsquo;eau DI \\\/ Station de traitement des eaux DI\"}]},{\"@type\":\"WebSite\",\"@id\":\"https:\\\/\\\/www.envirofalk.com\\\/fr\\\/#website\",\"url\":\"https:\\\/\\\/www.envirofalk.com\\\/fr\\\/\",\"name\":\"EnviroFALK\",\"description\":\"Wasseraufbereitungsanlagen f\u00fcr Industrie, Gewerbe &amp; Labor\",\"publisher\":{\"@id\":\"https:\\\/\\\/www.envirofalk.com\\\/fr\\\/#organization\"},\"potentialAction\":[{\"@type\":\"SearchAction\",\"target\":{\"@type\":\"EntryPoint\",\"urlTemplate\":\"https:\\\/\\\/www.envirofalk.com\\\/fr\\\/?s={search_term_string}\"},\"query-input\":{\"@type\":\"PropertyValueSpecification\",\"valueRequired\":true,\"valueName\":\"search_term_string\"}}],\"inLanguage\":\"fr-FR\"},{\"@type\":\"Organization\",\"@id\":\"https:\\\/\\\/www.envirofalk.com\\\/fr\\\/#organization\",\"name\":\"EnviroFALK\",\"url\":\"https:\\\/\\\/www.envirofalk.com\\\/fr\\\/\",\"logo\":{\"@type\":\"ImageObject\",\"inLanguage\":\"fr-FR\",\"@id\":\"https:\\\/\\\/www.envirofalk.com\\\/fr\\\/#\\\/schema\\\/logo\\\/image\\\/\",\"url\":\"https:\\\/\\\/www.envirofalk.com\\\/wp-content\\\/uploads\\\/2023\\\/01\\\/logo.svg\",\"contentUrl\":\"https:\\\/\\\/www.envirofalk.com\\\/wp-content\\\/uploads\\\/2023\\\/01\\\/logo.svg\",\"caption\":\"EnviroFALK\"},\"image\":{\"@id\":\"https:\\\/\\\/www.envirofalk.com\\\/fr\\\/#\\\/schema\\\/logo\\\/image\\\/\"},\"sameAs\":[\"https:\\\/\\\/www.facebook.com\\\/envirofalk\",\"https:\\\/\\\/www.linkedin.com\\\/company\\\/envirofalk-gmbh\",\"https:\\\/\\\/www.youtube.com\\\/channel\\\/UCM1L-2K6cfBbP3aYgJGbVdA\"],\"description\":\"EnviroFALK Prozesswassertechnik ist Ihr Spezialist f\u00fcr ma\u00dfgeschneiderte Wasseraufbereitungsl\u00f6sungen in der Industrie. Wir bieten innovative Technologien f\u00fcr die Erzeugung und Aufbereitung von Prozesswasser, um h\u00f6chste Effizienz und Qualit\u00e4t in Ihren Produktionsprozessen zu gew\u00e4hrleisten. Mit jahrzehntelanger Erfahrung entwickeln wir nachhaltige und ressourcenschonende L\u00f6sungen, die exakt auf die Anforderungen unserer Kunden abgestimmt sind. Unsere Leistungen umfassen die Filtration, Enth\u00e4rtung, Entsalzung und R\u00fcckgewinnung von Wasser f\u00fcr verschiedenste Anwendungen \u2013 von der Metallverarbeitung bis zur Lebensmittelindustrie. Unsere Experten begleiten Sie von der Planung \u00fcber die Implementierung bis hin zum Service, um eine zuverl\u00e4ssige und wirtschaftliche Wasseraufbereitung sicherzustellen.\",\"email\":\"info@envirofalk.com\",\"telephone\":\"+49 2663 9908-0\",\"legalName\":\"EnviroFALK GmbH\",\"foundingDate\":\"1989-05-01\"}]}<\/script>\n<!-- \/ Yoast SEO Premium plugin. -->","yoast_head_json":{"title":"Syst\u00e8me d'eau DI \/ Station de traitement des eaux DI &#8211; EnviroFALK","description":"Le terme DI water signifie deionized water, c'est-\u00e0-dire eau d\u00e9sionis\u00e9e ou d\u00e9min\u00e9ralis\u00e9e. Dans le langage courant, on parle souvent en allemand d'eau d\u00e9min\u00e9ralis\u00e9e ou, en abr\u00e9g\u00e9, d'eau d\u00e9min\u00e9ralis\u00e9e. Un syst\u00e8me DI Water est utilis\u00e9 pour le traitement de l'eau enti\u00e8rement d\u00e9min\u00e9ralis\u00e9e pour des applications industrielles. En outre, DI Water est n\u00e9cessaire pour les domaines d'application dans les laboratoires, les h\u00f4pitaux et la technique m\u00e9dicale.","robots":{"index":"index","follow":"follow","max-snippet":"max-snippet:-1","max-image-preview":"max-image-preview:large","max-video-preview":"max-video-preview:-1"},"canonical":"https:\/\/www.envirofalk.com\/fr\/connaissances-dexperts-sur-le-traitement-de-leau\/systeme-deau-di-station-de-traitement-des-eaux-di\/","og_locale":"fr_FR","og_type":"article","og_title":"Syst\u00e8me d'eau DI \/ Station de traitement des eaux DI","og_description":"Le terme DI water signifie deionized water, c'est-\u00e0-dire eau d\u00e9sionis\u00e9e ou d\u00e9min\u00e9ralis\u00e9e. Dans le langage courant, on parle souvent en allemand d'eau d\u00e9min\u00e9ralis\u00e9e ou, en abr\u00e9g\u00e9, d'eau d\u00e9min\u00e9ralis\u00e9e. Un syst\u00e8me DI Water est utilis\u00e9 pour le traitement de l'eau enti\u00e8rement d\u00e9min\u00e9ralis\u00e9e pour des applications industrielles. En outre, DI Water est n\u00e9cessaire pour les domaines d'application dans les laboratoires, les h\u00f4pitaux et la technique m\u00e9dicale.","og_url":"https:\/\/www.envirofalk.com\/fr\/connaissances-dexperts-sur-le-traitement-de-leau\/systeme-deau-di-station-de-traitement-des-eaux-di\/","og_site_name":"EnviroFALK","article_publisher":"https:\/\/www.facebook.com\/envirofalk","article_modified_time":"2024-01-24T09:55:19+00:00","twitter_card":"summary_large_image","twitter_misc":{"Dur\u00e9e de lecture estim\u00e9e":"4 minutes"},"schema":{"@context":"https:\/\/schema.org","@graph":[{"@type":"WebPage","@id":"https:\/\/www.envirofalk.com\/fr\/connaissances-dexperts-sur-le-traitement-de-leau\/systeme-deau-di-station-de-traitement-des-eaux-di\/","url":"https:\/\/www.envirofalk.com\/fr\/connaissances-dexperts-sur-le-traitement-de-leau\/systeme-deau-di-station-de-traitement-des-eaux-di\/","name":"Syst\u00e8me d'eau DI \/ Station de traitement des eaux DI &#8211; EnviroFALK","isPartOf":{"@id":"https:\/\/www.envirofalk.com\/fr\/#website"},"datePublished":"2024-01-24T09:55:11+00:00","dateModified":"2024-01-24T09:55:19+00:00","description":"Le terme DI water signifie deionized water, c'est-\u00e0-dire eau d\u00e9sionis\u00e9e ou d\u00e9min\u00e9ralis\u00e9e. Dans le langage courant, on parle souvent en allemand d'eau d\u00e9min\u00e9ralis\u00e9e ou, en abr\u00e9g\u00e9, d'eau d\u00e9min\u00e9ralis\u00e9e. Un syst\u00e8me DI Water est utilis\u00e9 pour le traitement de l'eau enti\u00e8rement d\u00e9min\u00e9ralis\u00e9e pour des applications industrielles. En outre, DI Water est n\u00e9cessaire pour les domaines d'application dans les laboratoires, les h\u00f4pitaux et la technique m\u00e9dicale.","breadcrumb":{"@id":"https:\/\/www.envirofalk.com\/fr\/connaissances-dexperts-sur-le-traitement-de-leau\/systeme-deau-di-station-de-traitement-des-eaux-di\/#breadcrumb"},"inLanguage":"fr-FR","potentialAction":[{"@type":"ReadAction","target":["https:\/\/www.envirofalk.com\/fr\/connaissances-dexperts-sur-le-traitement-de-leau\/systeme-deau-di-station-de-traitement-des-eaux-di\/"]}]},{"@type":"BreadcrumbList","@id":"https:\/\/www.envirofalk.com\/fr\/connaissances-dexperts-sur-le-traitement-de-leau\/systeme-deau-di-station-de-traitement-des-eaux-di\/#breadcrumb","itemListElement":[{"@type":"ListItem","position":1,"name":"Home","item":"https:\/\/www.envirofalk.com\/fr\/"},{"@type":"ListItem","position":2,"name":"Connaissances d&#8217;experts sur le traitement de l&#8217;eau","item":"https:\/\/www.envirofalk.com\/fr\/connaissances-dexperts-sur-le-traitement-de-leau\/"},{"@type":"ListItem","position":3,"name":"Syst\u00e8me d&rsquo;eau DI \/ Station de traitement des eaux DI"}]},{"@type":"WebSite","@id":"https:\/\/www.envirofalk.com\/fr\/#website","url":"https:\/\/www.envirofalk.com\/fr\/","name":"EnviroFALK","description":"Wasseraufbereitungsanlagen f\u00fcr Industrie, Gewerbe &amp; Labor","publisher":{"@id":"https:\/\/www.envirofalk.com\/fr\/#organization"},"potentialAction":[{"@type":"SearchAction","target":{"@type":"EntryPoint","urlTemplate":"https:\/\/www.envirofalk.com\/fr\/?s={search_term_string}"},"query-input":{"@type":"PropertyValueSpecification","valueRequired":true,"valueName":"search_term_string"}}],"inLanguage":"fr-FR"},{"@type":"Organization","@id":"https:\/\/www.envirofalk.com\/fr\/#organization","name":"EnviroFALK","url":"https:\/\/www.envirofalk.com\/fr\/","logo":{"@type":"ImageObject","inLanguage":"fr-FR","@id":"https:\/\/www.envirofalk.com\/fr\/#\/schema\/logo\/image\/","url":"https:\/\/www.envirofalk.com\/wp-content\/uploads\/2023\/01\/logo.svg","contentUrl":"https:\/\/www.envirofalk.com\/wp-content\/uploads\/2023\/01\/logo.svg","caption":"EnviroFALK"},"image":{"@id":"https:\/\/www.envirofalk.com\/fr\/#\/schema\/logo\/image\/"},"sameAs":["https:\/\/www.facebook.com\/envirofalk","https:\/\/www.linkedin.com\/company\/envirofalk-gmbh","https:\/\/www.youtube.com\/channel\/UCM1L-2K6cfBbP3aYgJGbVdA"],"description":"EnviroFALK Prozesswassertechnik ist Ihr Spezialist f\u00fcr ma\u00dfgeschneiderte Wasseraufbereitungsl\u00f6sungen in der Industrie. Wir bieten innovative Technologien f\u00fcr die Erzeugung und Aufbereitung von Prozesswasser, um h\u00f6chste Effizienz und Qualit\u00e4t in Ihren Produktionsprozessen zu gew\u00e4hrleisten. Mit jahrzehntelanger Erfahrung entwickeln wir nachhaltige und ressourcenschonende L\u00f6sungen, die exakt auf die Anforderungen unserer Kunden abgestimmt sind. Unsere Leistungen umfassen die Filtration, Enth\u00e4rtung, Entsalzung und R\u00fcckgewinnung von Wasser f\u00fcr verschiedenste Anwendungen \u2013 von der Metallverarbeitung bis zur Lebensmittelindustrie. Unsere Experten begleiten Sie von der Planung \u00fcber die Implementierung bis hin zum Service, um eine zuverl\u00e4ssige und wirtschaftliche Wasseraufbereitung sicherzustellen.","email":"info@envirofalk.com","telephone":"+49 2663 9908-0","legalName":"EnviroFALK GmbH","foundingDate":"1989-05-01"}]}},"_links":{"self":[{"href":"https:\/\/www.envirofalk.com\/fr\/wp-json\/wp\/v2\/pages\/8154","targetHints":{"allow":["GET"]}}],"collection":[{"href":"https:\/\/www.envirofalk.com\/fr\/wp-json\/wp\/v2\/pages"}],"about":[{"href":"https:\/\/www.envirofalk.com\/fr\/wp-json\/wp\/v2\/types\/page"}],"author":[{"embeddable":true,"href":"https:\/\/www.envirofalk.com\/fr\/wp-json\/wp\/v2\/users\/4"}],"replies":[{"embeddable":true,"href":"https:\/\/www.envirofalk.com\/fr\/wp-json\/wp\/v2\/comments?post=8154"}],"version-history":[{"count":2,"href":"https:\/\/www.envirofalk.com\/fr\/wp-json\/wp\/v2\/pages\/8154\/revisions"}],"predecessor-version":[{"id":8192,"href":"https:\/\/www.envirofalk.com\/fr\/wp-json\/wp\/v2\/pages\/8154\/revisions\/8192"}],"up":[{"embeddable":true,"href":"https:\/\/www.envirofalk.com\/fr\/wp-json\/wp\/v2\/pages\/8007"}],"wp:attachment":[{"href":"https:\/\/www.envirofalk.com\/fr\/wp-json\/wp\/v2\/media?parent=8154"}],"curies":[{"name":"wp","href":"https:\/\/api.w.org\/{rel}","templated":true}]}}