{"id":8140,"date":"2024-01-24T10:55:10","date_gmt":"2024-01-24T09:55:10","guid":{"rendered":"https:\/\/www.envirofalk.com\/entreprise\/nos-sites\/envirofalk-ag-suisse\/"},"modified":"2024-06-26T12:03:16","modified_gmt":"2024-06-26T10:03:16","slug":"envirofalk-ag-suisse","status":"publish","type":"page","link":"https:\/\/www.envirofalk.com\/fr\/entreprise\/nos-sites\/envirofalk-ag-suisse\/","title":{"rendered":"EnviroFALK AG &#8211; Suisse"},"content":{"rendered":"<div class=\"wpb-content-wrapper\"><p>[vc_section][vc_row full_width=\u00a0\u00bbstretch_row_content_no_spaces\u00a0\u00bb][vc_column]<div class=\"custom-top-banner img-box   has-icon\" style=\"background-image: url(https:\/\/www.envirofalk.com\/wp-content\/uploads\/2023\/11\/Schweiz.webp)\"><div class=\"container relative\"><div class=\"text-box\"><div class=\"slideInRight animated\"><img loading=\"lazy\" decoding=\"async\" width=\"1\" height=\"1\" src=\"https:\/\/www.envirofalk.com\/wp-content\/uploads\/2023\/09\/Wasseraufbereitung_EnviroFALK_Logo.svg\" class=\"attachment-120x120 size-120x120\" alt=\"EnviroFALK-Logo Icon\" \/><p>Toujours pr\u00e8s de chez vous, nos <strong>sites<\/strong><\/p><\/div><\/div><\/div><\/div>[\/vc_column][\/vc_row][vc_row el_class=\u00a0\u00bbbreadcrumbs-wrapper\u00a0\u00bb][vc_column]<div class=\"breadcrumbs\"><label><\/label> <a href=\"https:\/\/www.envirofalk.com\/fr\/\">Home<\/a><\/div>[\/vc_column][\/vc_row][\/vc_section][vc_section][vc_row full_height=\u00a0\u00bbyes\u00a0\u00bb css_animation=\u00a0\u00bbslideInUp\u00a0\u00bb el_class=\u00a0\u00bbtwo-columns-row tablet-row align-top\u00a0\u00bb el_id=\u00a0\u00bbcontact\u00a0\u00bb][vc_column width=\u00a0\u00bb2\/3&Prime;][vc_custom_heading text=\u00a0\u00bbEnviroFALK AG &#8211; Suisse\u00a0\u00bb font_container=\u00a0\u00bbtag:h1|text_align:left\u00a0\u00bb use_theme_fonts=\u00a0\u00bbyes\u00a0\u00bb][vc_column_text]<\/p>\n<h3>Votre partenaire pour le traitement professionnel de l&rsquo;eau : EnviroFALK AG Suisse<\/h3>\n<p>Si l&rsquo;eau de process de la plus haute qualit\u00e9 est absolument n\u00e9cessaire pour vos applications industrielles, vous \u00eates \u00e0 la bonne adresse chez EnviroFALK. Pourquoi ? Parce qu&rsquo;en mati\u00e8re de <strong>traitement de l&rsquo;eau ou de traitement de l&rsquo;eau de process<\/strong>, nous vous offrons plus que du standard. En concertation avec vous, nous concevons<strong> des installations de traitement de l&rsquo;eau<\/strong> hautement efficaces et durables &#8211; et ce aussi bien <strong>en Allemagne qu&rsquo;\u00e0 l&rsquo;int\u00e9rieur de la Suisse<\/strong>. En tant que client, vous en profitez \u00e0 plus d&rsquo;un titre. En effet, en plus de l&rsquo;installation de votre <strong>solution individuelle de technologie d&rsquo;eau de process<\/strong>, nos clients en Suisse peuvent \u00e9galement nous faire enti\u00e8rement confiance en ce qui concerne la maintenance ainsi que la mise \u00e0 disposition et la r\u00e9g\u00e9n\u00e9ration des cartouches d&rsquo;\u00e9change d&rsquo;ions ![\/vc_column_text][vc_custom_heading text=\u00a0\u00bbNos services\u00a0\u00bb use_theme_fonts=\u00a0\u00bbyes\u00a0\u00bb css=\u00a0\u00bb.vc_custom_1699281572125{padding-bottom: 30px !important;}\u00a0\u00bb]<div class=\"quick-links default wpb_content_element\" data-background=\"\"><div class=\"flexbox\"><a href=\"https:\/\/www.envirofalk.com\/fr\/echangeur-dions-regeneration\/\" target=\"_self\"><div class=\"icon lg\"><img decoding=\"async\" src=\"https:\/\/www.envirofalk.com\/wp-content\/uploads\/2023\/08\/Wasseraufbereitung_Ionenaustauscher_Icon.svg\" class=\"attachment-full size-full\" alt=\"\" \/><\/div><div><h4>Service de r\u00e9g\u00e9n\u00e9ration pour \u00e9changeurs d'ions<\/h4><\/div><\/a><\/div><div class=\"flexbox\"><a href=\"https:\/\/www.envirofalk.com\/fr\/techniques-de-procedes-produits\/traitement-individuel-de-leau\/\" target=\"_self\"><div class=\"icon lg\"><img decoding=\"async\" src=\"https:\/\/www.envirofalk.com\/wp-content\/uploads\/2023\/08\/Individueller_Anlagenbau_2_Icon.svg\" class=\"attachment-full size-full\" alt=\"Wasseraufbereitungsanlage Icon\" \/><\/div><div><h4>Conseil pour les syst\u00e8mes de traitement de l'eau<\/h4><\/div><\/a><\/div><div class=\"flexbox\"><a href=\"https:\/\/www.envirofalk.com\/fr\/service\/\" target=\"_self\"><div class=\"icon lg\"><img decoding=\"async\" src=\"https:\/\/www.envirofalk.com\/wp-content\/uploads\/2023\/05\/icon_service.svg\" class=\"attachment-full size-full\" alt=\"Person mit Headset Icon\" \/><\/div><div><h4>Service et entretien<\/h4><\/div><\/a><\/div><\/div>[\/vc_column][vc_column width=\u00a0\u00bb1\/3&Prime; el_class=\u00a0\u00bbhas-bg\u00a0\u00bb]<div class=\"online-consultant-box  wpb_content_element\"><div class=\"online-consultant\"><div><div class=\"person-info\"><h5>Henri Altorfer<\/h5><ul class=\"person-list\"><li><a href=\"tel:+41 41 7404459\">+41 41 7404459<\/a><\/li><\/ul><\/div><a href=\"#beratung\" target=\"_self\" class=\"custom-btn show-modal\"><i class=\"icon-chevron-right\"><\/i>Vers la consultation en ligne<\/a><\/div><div class=\"relative\"><svg xmlns=\"http:\/\/www.w3.org\/2000\/svg\" viewBox=\"0 0 32.83 32.83\">\n\t\t\t\t\t\t\t\t\t<defs>\n\t\t\t\t\t\t\t\t\t\t<linearGradient id=\"gradient\" x1=\"0%\" y1=\"0%\" x2=\"0%\" y2=\"100%\" gradientTransform=\"rotate(-135)\">\n\t\t\t\t\t\t\t\t\t\t\t<stop offset=\"0%\" stop-color=\"#97be0d\"\/>\n\t\t\t\t\t\t\t\t\t\t\t\t<stop offset=\"100%\" stop-color=\"rgba(255, 255, 255, 0)\"\/>\n\t\t\t\t\t\t\t\t\t\t<\/linearGradient>\n\t\t\t\t\t\t\t\t\t<\/defs>\n\t\t\t\t\t\t\t\t\t<path class=\"wpb_animate_when_almost_visible circular-progress\" stroke=\"url(#gradient)\" stroke-width=\"1\" stroke-dasharray=\"100, 100\" fill=\"none\" d=\"M18,2.08a15.92,15.92,0,0,1,0,31.84h0A15.92,15.92,0,0,1,18,2.08\" transform=\"translate(-1.59 -1.58)\"\/>\n                            \t<\/svg><span><img loading=\"lazy\" decoding=\"async\" width=\"800\" height=\"800\" src=\"https:\/\/www.envirofalk.com\/wp-content\/uploads\/2023\/08\/Henri-Altorfer_Ansprechpartner.png\" class=\"attachment-full size-full\" alt=\"Mitarbeiter Henri Altorfer\" srcset=\"https:\/\/www.envirofalk.com\/wp-content\/uploads\/2023\/08\/Henri-Altorfer_Ansprechpartner.png 800w, https:\/\/www.envirofalk.com\/wp-content\/uploads\/2023\/08\/Henri-Altorfer_Ansprechpartner-350x350.png 350w, https:\/\/www.envirofalk.com\/wp-content\/uploads\/2023\/08\/Henri-Altorfer_Ansprechpartner-150x150.png 150w, https:\/\/www.envirofalk.com\/wp-content\/uploads\/2023\/08\/Henri-Altorfer_Ansprechpartner-768x768.png 768w\" sizes=\"auto, (max-width: 800px) 100vw, 800px\" \/><\/span><\/div><\/div><\/div>[vc_column_text]<\/p>\n<div class=\"address\">\n<h3 style=\"text-align: center;\">EnviroFALK AG<br \/>\nSuisse<\/h3>\n<div class=\"address\">\n<div class=\"street\" style=\"text-align: center;\">B\u00f6sch 27<\/div>\n<div class=\"city\" style=\"text-align: center;\">6331 H\u00fcnenberg<\/div>\n<\/div>\n<div class=\"phone\" style=\"text-align: center;\">T\u00e9l. <a href=\"tel:+41%2041%20740%2044%2014\">+41 41 740 44 14<\/a><\/div>\n<div class=\"fax\" style=\"text-align: center;\">Fax +41 41 740 44 15<\/div>\n<\/div>\n<p>[\/vc_column_text][vc_raw_html]W3dzX2RzZ3ZvX21hcHMgbmFtZT0iU2Nod2VpeiJd[\/vc_raw_html][\/vc_column][\/vc_row][\/vc_section][vc_section parallax=\u00a0\u00bbcontent-moving\u00a0\u00bb css=\u00a0\u00bb.vc_custom_1699281713616{background-image: url(https:\/\/www.envirofalk.com\/wp-content\/uploads\/2023\/08\/Wasseraufbereitungsanlage_Reinigung_Oberflaechentechnik.jpg?id=498) !important;background-position: center !important;background-repeat: no-repeat !important;background-size: cover !important;}\u00a0\u00bb][vc_row el_class=\u00a0\u00bbtablet-row reverse vertical-center\u00a0\u00bb][vc_column css_animation=\u00a0\u00bbslideInRight\u00a0\u00bb width=\u00a0\u00bb1\/4&Prime;][\/vc_column][vc_column css_animation=\u00a0\u00bbfadeInLeft\u00a0\u00bb width=\u00a0\u00bb3\/4&Prime; css=\u00a0\u00bb.vc_custom_1697097162005{padding-top: 20px !important;padding-right: 20px !important;padding-bottom: 20px !important;padding-left: 20px !important;}\u00a0\u00bb el_class=\u00a0\u00bbhas-bg\u00a0\u00bb][vc_column_text el_class=\u00a0\u00bbarrows-list\u00a0\u00bb]<\/p>\n<h2>Traitement de l&rsquo;eau en Suisse avec EnviroFALK &#8211; vos avantages en un coup d&rsquo;\u0153il<\/h2>\n<ul>\n<li>Dans le domaine du traitement de l&rsquo;eau, les collaborateurs d&rsquo;<strong>EnviroFALK en Suisse<\/strong> ont une exp\u00e9rience de plus de 30 ans. Cela signifie que chez nous, vous \u00eates conseill\u00e9 par des experts absolus !<\/li>\n<li>Nous connaissons parfaitement vos exigences sp\u00e9cifiques en mati\u00e8re d&rsquo;<strong>eau de process<\/strong> &#8211; qu&rsquo;il s&rsquo;agisse de secteurs industriels s\u00e9lectionn\u00e9s, d&rsquo;h\u00f4pitaux ou de laboratoires &#8211; et pouvons ainsi vous pr\u00e9senter des solutions qui r\u00e9pondent exactement \u00e0 vos besoins.<\/li>\n<li>Comme pour nos concepts de solutions pour vos <strong>installations de traitement de l&rsquo;eau<\/strong>, nous ne faisons pas les choses \u00e0 moiti\u00e9 pour notre offre de services ! Au lieu de cela, nous proposons \u00e0 nos clients en Suisse une gamme compl\u00e8te de produits et de services. Un simple appel suffit pour que notre service de colisage vienne chercher vos cartouches \u00e9changeuses d&rsquo;<strong>ions<\/strong> et vous les restitue apr\u00e8s leur traitement ou leur r\u00e9g\u00e9n\u00e9ration &#8211; il n&rsquo;y a pas plus simple !<\/li>\n<\/ul>\n<p>Comme vous pouvez le constater : Avec <strong>EnviroFALK AG Suisse<\/strong>, vous avez \u00e0 vos c\u00f4t\u00e9s un partenaire comp\u00e9tent et exp\u00e9riment\u00e9, qui s&rsquo;occupe de votre eau de process de A \u00e0 Z. Pour que vous ayez l&rsquo;esprit libre pour vous concentrer sur votre activit\u00e9 principale ![\/vc_column_text][\/vc_column][\/vc_row][\/vc_section][vc_section][\/vc_section]<\/p>\n<\/div>","protected":false},"excerpt":{"rendered":"<p>[vc_section][vc_row full_width=\u00a0\u00bbstretch_row_content_no_spaces\u00a0\u00bb][vc_column][\/vc_column][\/vc_row][vc_row el_class=\u00a0\u00bbbreadcrumbs-wrapper\u00a0\u00bb][vc_column][\/vc_column][\/vc_row][\/vc_section][vc_section][vc_row full_height=\u00a0\u00bbyes\u00a0\u00bb css_animation=\u00a0\u00bbslideInUp\u00a0\u00bb el_class=\u00a0\u00bbtwo-columns-row tablet-row align-top\u00a0\u00bb el_id=\u00a0\u00bbcontact\u00a0\u00bb][vc_column width=\u00a0\u00bb2\/3&Prime;][vc_custom_heading text=\u00a0\u00bbEnviroFALK AG &#8211; Suisse\u00a0\u00bb font_container=\u00a0\u00bbtag:h1|text_align:left\u00a0\u00bb use_theme_fonts=\u00a0\u00bbyes\u00a0\u00bb][vc_column_text] Votre partenaire pour le traitement professionnel de l&rsquo;eau : EnviroFALK AG Suisse Si l&rsquo;eau de process de la plus haute qualit\u00e9 est absolument n\u00e9cessaire pour vos applications industrielles, vous \u00eates \u00e0 la bonne adresse chez EnviroFALK. Pourquoi ? Parce [&hellip;]<\/p>\n","protected":false},"author":5,"featured_media":0,"parent":8063,"menu_order":10,"comment_status":"closed","ping_status":"closed","template":"","meta":{"_acf_changed":false,"rs_blank_template":"","rs_page_bg_color":"","slide_template_v7":"","footnotes":""},"class_list":["post-8140","page","type-page","status-publish","hentry"],"acf":[],"yoast_head":"<!-- This site is optimized with the Yoast SEO Premium plugin v27.4 (Yoast SEO v27.4) - https:\/\/yoast.com\/product\/yoast-seo-premium-wordpress\/ -->\n<title>EnviroFALK AG - Suisse &#8211; EnviroFALK<\/title>\n<meta name=\"robots\" content=\"index, follow, max-snippet:-1, max-image-preview:large, max-video-preview:-1\" \/>\n<link rel=\"canonical\" href=\"https:\/\/www.envirofalk.com\/fr\/entreprise\/nos-sites\/envirofalk-ag-suisse\/\" \/>\n<meta property=\"og:locale\" content=\"fr_FR\" \/>\n<meta property=\"og:type\" content=\"article\" \/>\n<meta property=\"og:title\" content=\"EnviroFALK AG - Suisse\" \/>\n<meta property=\"og:description\" content=\"[vc_section][vc_row full_width=\u00a0\u00bbstretch_row_content_no_spaces\u00a0\u00bb][vc_column][\/vc_column][\/vc_row][vc_row el_class=\u00a0\u00bbbreadcrumbs-wrapper\u00a0\u00bb][vc_column][\/vc_column][\/vc_row][\/vc_section][vc_section][vc_row full_height=\u00a0\u00bbyes\u00a0\u00bb css_animation=\u00a0\u00bbslideInUp\u00a0\u00bb el_class=\u00a0\u00bbtwo-columns-row tablet-row align-top\u00a0\u00bb el_id=\u00a0\u00bbcontact\u00a0\u00bb][vc_column width=\u00a0\u00bb2\/3&Prime;][vc_custom_heading text=\u00a0\u00bbEnviroFALK AG &#8211; Suisse\u00a0\u00bb font_container=\u00a0\u00bbtag:h1|text_align:left\u00a0\u00bb use_theme_fonts=\u00a0\u00bbyes\u00a0\u00bb][vc_column_text] Votre partenaire pour le traitement professionnel de l&rsquo;eau : EnviroFALK AG Suisse Si l&rsquo;eau de process de la plus haute qualit\u00e9 est absolument n\u00e9cessaire pour vos applications industrielles, vous \u00eates \u00e0 la bonne adresse chez EnviroFALK. Pourquoi ? Parce [&hellip;]\" \/>\n<meta property=\"og:url\" content=\"https:\/\/www.envirofalk.com\/fr\/entreprise\/nos-sites\/envirofalk-ag-suisse\/\" \/>\n<meta property=\"og:site_name\" content=\"EnviroFALK\" \/>\n<meta property=\"article:publisher\" content=\"https:\/\/www.facebook.com\/envirofalk\" \/>\n<meta property=\"article:modified_time\" content=\"2024-06-26T10:03:16+00:00\" \/>\n<meta name=\"twitter:card\" content=\"summary_large_image\" \/>\n<meta name=\"twitter:label1\" content=\"Dur\u00e9e de lecture estim\u00e9e\" \/>\n\t<meta name=\"twitter:data1\" content=\"3 minutes\" \/>\n<script type=\"application\/ld+json\" class=\"yoast-schema-graph\">{\"@context\":\"https:\\\/\\\/schema.org\",\"@graph\":[{\"@type\":\"WebPage\",\"@id\":\"https:\\\/\\\/www.envirofalk.com\\\/fr\\\/entreprise\\\/nos-sites\\\/envirofalk-ag-suisse\\\/\",\"url\":\"https:\\\/\\\/www.envirofalk.com\\\/fr\\\/entreprise\\\/nos-sites\\\/envirofalk-ag-suisse\\\/\",\"name\":\"EnviroFALK AG - Suisse &#8211; EnviroFALK\",\"isPartOf\":{\"@id\":\"https:\\\/\\\/www.envirofalk.com\\\/fr\\\/#website\"},\"datePublished\":\"2024-01-24T09:55:10+00:00\",\"dateModified\":\"2024-06-26T10:03:16+00:00\",\"breadcrumb\":{\"@id\":\"https:\\\/\\\/www.envirofalk.com\\\/fr\\\/entreprise\\\/nos-sites\\\/envirofalk-ag-suisse\\\/#breadcrumb\"},\"inLanguage\":\"fr-FR\",\"potentialAction\":[{\"@type\":\"ReadAction\",\"target\":[\"https:\\\/\\\/www.envirofalk.com\\\/fr\\\/entreprise\\\/nos-sites\\\/envirofalk-ag-suisse\\\/\"]}]},{\"@type\":\"BreadcrumbList\",\"@id\":\"https:\\\/\\\/www.envirofalk.com\\\/fr\\\/entreprise\\\/nos-sites\\\/envirofalk-ag-suisse\\\/#breadcrumb\",\"itemListElement\":[{\"@type\":\"ListItem\",\"position\":1,\"name\":\"Home\",\"item\":\"https:\\\/\\\/www.envirofalk.com\\\/fr\\\/\"},{\"@type\":\"ListItem\",\"position\":2,\"name\":\"Entreprise\",\"item\":\"https:\\\/\\\/www.envirofalk.com\\\/fr\\\/entreprise\\\/\"},{\"@type\":\"ListItem\",\"position\":3,\"name\":\"Nos sites\",\"item\":\"https:\\\/\\\/www.envirofalk.com\\\/fr\\\/entreprise\\\/nos-sites\\\/\"},{\"@type\":\"ListItem\",\"position\":4,\"name\":\"EnviroFALK AG &#8211; Suisse\"}]},{\"@type\":\"WebSite\",\"@id\":\"https:\\\/\\\/www.envirofalk.com\\\/fr\\\/#website\",\"url\":\"https:\\\/\\\/www.envirofalk.com\\\/fr\\\/\",\"name\":\"EnviroFALK\",\"description\":\"Wasseraufbereitungsanlagen f\u00fcr Industrie, Gewerbe &amp; Labor\",\"publisher\":{\"@id\":\"https:\\\/\\\/www.envirofalk.com\\\/fr\\\/#organization\"},\"potentialAction\":[{\"@type\":\"SearchAction\",\"target\":{\"@type\":\"EntryPoint\",\"urlTemplate\":\"https:\\\/\\\/www.envirofalk.com\\\/fr\\\/?s={search_term_string}\"},\"query-input\":{\"@type\":\"PropertyValueSpecification\",\"valueRequired\":true,\"valueName\":\"search_term_string\"}}],\"inLanguage\":\"fr-FR\"},{\"@type\":\"Organization\",\"@id\":\"https:\\\/\\\/www.envirofalk.com\\\/fr\\\/#organization\",\"name\":\"EnviroFALK\",\"url\":\"https:\\\/\\\/www.envirofalk.com\\\/fr\\\/\",\"logo\":{\"@type\":\"ImageObject\",\"inLanguage\":\"fr-FR\",\"@id\":\"https:\\\/\\\/www.envirofalk.com\\\/fr\\\/#\\\/schema\\\/logo\\\/image\\\/\",\"url\":\"https:\\\/\\\/www.envirofalk.com\\\/wp-content\\\/uploads\\\/2023\\\/01\\\/logo.svg\",\"contentUrl\":\"https:\\\/\\\/www.envirofalk.com\\\/wp-content\\\/uploads\\\/2023\\\/01\\\/logo.svg\",\"caption\":\"EnviroFALK\"},\"image\":{\"@id\":\"https:\\\/\\\/www.envirofalk.com\\\/fr\\\/#\\\/schema\\\/logo\\\/image\\\/\"},\"sameAs\":[\"https:\\\/\\\/www.facebook.com\\\/envirofalk\",\"https:\\\/\\\/www.linkedin.com\\\/company\\\/envirofalk-gmbh\",\"https:\\\/\\\/www.youtube.com\\\/channel\\\/UCM1L-2K6cfBbP3aYgJGbVdA\"],\"description\":\"EnviroFALK Prozesswassertechnik ist Ihr Spezialist f\u00fcr ma\u00dfgeschneiderte Wasseraufbereitungsl\u00f6sungen in der Industrie. Wir bieten innovative Technologien f\u00fcr die Erzeugung und Aufbereitung von Prozesswasser, um h\u00f6chste Effizienz und Qualit\u00e4t in Ihren Produktionsprozessen zu gew\u00e4hrleisten. Mit jahrzehntelanger Erfahrung entwickeln wir nachhaltige und ressourcenschonende L\u00f6sungen, die exakt auf die Anforderungen unserer Kunden abgestimmt sind. Unsere Leistungen umfassen die Filtration, Enth\u00e4rtung, Entsalzung und R\u00fcckgewinnung von Wasser f\u00fcr verschiedenste Anwendungen \u2013 von der Metallverarbeitung bis zur Lebensmittelindustrie. Unsere Experten begleiten Sie von der Planung \u00fcber die Implementierung bis hin zum Service, um eine zuverl\u00e4ssige und wirtschaftliche Wasseraufbereitung sicherzustellen.\",\"email\":\"info@envirofalk.com\",\"telephone\":\"+49 2663 9908-0\",\"legalName\":\"EnviroFALK GmbH\",\"foundingDate\":\"1989-05-01\"}]}<\/script>\n<!-- \/ Yoast SEO Premium plugin. -->","yoast_head_json":{"title":"EnviroFALK AG - Suisse &#8211; EnviroFALK","robots":{"index":"index","follow":"follow","max-snippet":"max-snippet:-1","max-image-preview":"max-image-preview:large","max-video-preview":"max-video-preview:-1"},"canonical":"https:\/\/www.envirofalk.com\/fr\/entreprise\/nos-sites\/envirofalk-ag-suisse\/","og_locale":"fr_FR","og_type":"article","og_title":"EnviroFALK AG - Suisse","og_description":"[vc_section][vc_row full_width=\u00a0\u00bbstretch_row_content_no_spaces\u00a0\u00bb][vc_column][\/vc_column][\/vc_row][vc_row el_class=\u00a0\u00bbbreadcrumbs-wrapper\u00a0\u00bb][vc_column][\/vc_column][\/vc_row][\/vc_section][vc_section][vc_row full_height=\u00a0\u00bbyes\u00a0\u00bb css_animation=\u00a0\u00bbslideInUp\u00a0\u00bb el_class=\u00a0\u00bbtwo-columns-row tablet-row align-top\u00a0\u00bb el_id=\u00a0\u00bbcontact\u00a0\u00bb][vc_column width=\u00a0\u00bb2\/3&Prime;][vc_custom_heading text=\u00a0\u00bbEnviroFALK AG &#8211; Suisse\u00a0\u00bb font_container=\u00a0\u00bbtag:h1|text_align:left\u00a0\u00bb use_theme_fonts=\u00a0\u00bbyes\u00a0\u00bb][vc_column_text] Votre partenaire pour le traitement professionnel de l&rsquo;eau : EnviroFALK AG Suisse Si l&rsquo;eau de process de la plus haute qualit\u00e9 est absolument n\u00e9cessaire pour vos applications industrielles, vous \u00eates \u00e0 la bonne adresse chez EnviroFALK. Pourquoi ? Parce [&hellip;]","og_url":"https:\/\/www.envirofalk.com\/fr\/entreprise\/nos-sites\/envirofalk-ag-suisse\/","og_site_name":"EnviroFALK","article_publisher":"https:\/\/www.facebook.com\/envirofalk","article_modified_time":"2024-06-26T10:03:16+00:00","twitter_card":"summary_large_image","twitter_misc":{"Dur\u00e9e de lecture estim\u00e9e":"3 minutes"},"schema":{"@context":"https:\/\/schema.org","@graph":[{"@type":"WebPage","@id":"https:\/\/www.envirofalk.com\/fr\/entreprise\/nos-sites\/envirofalk-ag-suisse\/","url":"https:\/\/www.envirofalk.com\/fr\/entreprise\/nos-sites\/envirofalk-ag-suisse\/","name":"EnviroFALK AG - Suisse &#8211; EnviroFALK","isPartOf":{"@id":"https:\/\/www.envirofalk.com\/fr\/#website"},"datePublished":"2024-01-24T09:55:10+00:00","dateModified":"2024-06-26T10:03:16+00:00","breadcrumb":{"@id":"https:\/\/www.envirofalk.com\/fr\/entreprise\/nos-sites\/envirofalk-ag-suisse\/#breadcrumb"},"inLanguage":"fr-FR","potentialAction":[{"@type":"ReadAction","target":["https:\/\/www.envirofalk.com\/fr\/entreprise\/nos-sites\/envirofalk-ag-suisse\/"]}]},{"@type":"BreadcrumbList","@id":"https:\/\/www.envirofalk.com\/fr\/entreprise\/nos-sites\/envirofalk-ag-suisse\/#breadcrumb","itemListElement":[{"@type":"ListItem","position":1,"name":"Home","item":"https:\/\/www.envirofalk.com\/fr\/"},{"@type":"ListItem","position":2,"name":"Entreprise","item":"https:\/\/www.envirofalk.com\/fr\/entreprise\/"},{"@type":"ListItem","position":3,"name":"Nos sites","item":"https:\/\/www.envirofalk.com\/fr\/entreprise\/nos-sites\/"},{"@type":"ListItem","position":4,"name":"EnviroFALK AG &#8211; Suisse"}]},{"@type":"WebSite","@id":"https:\/\/www.envirofalk.com\/fr\/#website","url":"https:\/\/www.envirofalk.com\/fr\/","name":"EnviroFALK","description":"Wasseraufbereitungsanlagen f\u00fcr Industrie, Gewerbe &amp; Labor","publisher":{"@id":"https:\/\/www.envirofalk.com\/fr\/#organization"},"potentialAction":[{"@type":"SearchAction","target":{"@type":"EntryPoint","urlTemplate":"https:\/\/www.envirofalk.com\/fr\/?s={search_term_string}"},"query-input":{"@type":"PropertyValueSpecification","valueRequired":true,"valueName":"search_term_string"}}],"inLanguage":"fr-FR"},{"@type":"Organization","@id":"https:\/\/www.envirofalk.com\/fr\/#organization","name":"EnviroFALK","url":"https:\/\/www.envirofalk.com\/fr\/","logo":{"@type":"ImageObject","inLanguage":"fr-FR","@id":"https:\/\/www.envirofalk.com\/fr\/#\/schema\/logo\/image\/","url":"https:\/\/www.envirofalk.com\/wp-content\/uploads\/2023\/01\/logo.svg","contentUrl":"https:\/\/www.envirofalk.com\/wp-content\/uploads\/2023\/01\/logo.svg","caption":"EnviroFALK"},"image":{"@id":"https:\/\/www.envirofalk.com\/fr\/#\/schema\/logo\/image\/"},"sameAs":["https:\/\/www.facebook.com\/envirofalk","https:\/\/www.linkedin.com\/company\/envirofalk-gmbh","https:\/\/www.youtube.com\/channel\/UCM1L-2K6cfBbP3aYgJGbVdA"],"description":"EnviroFALK Prozesswassertechnik ist Ihr Spezialist f\u00fcr ma\u00dfgeschneiderte Wasseraufbereitungsl\u00f6sungen in der Industrie. Wir bieten innovative Technologien f\u00fcr die Erzeugung und Aufbereitung von Prozesswasser, um h\u00f6chste Effizienz und Qualit\u00e4t in Ihren Produktionsprozessen zu gew\u00e4hrleisten. Mit jahrzehntelanger Erfahrung entwickeln wir nachhaltige und ressourcenschonende L\u00f6sungen, die exakt auf die Anforderungen unserer Kunden abgestimmt sind. Unsere Leistungen umfassen die Filtration, Enth\u00e4rtung, Entsalzung und R\u00fcckgewinnung von Wasser f\u00fcr verschiedenste Anwendungen \u2013 von der Metallverarbeitung bis zur Lebensmittelindustrie. Unsere Experten begleiten Sie von der Planung \u00fcber die Implementierung bis hin zum Service, um eine zuverl\u00e4ssige und wirtschaftliche Wasseraufbereitung sicherzustellen.","email":"info@envirofalk.com","telephone":"+49 2663 9908-0","legalName":"EnviroFALK GmbH","foundingDate":"1989-05-01"}]}},"_links":{"self":[{"href":"https:\/\/www.envirofalk.com\/fr\/wp-json\/wp\/v2\/pages\/8140","targetHints":{"allow":["GET"]}}],"collection":[{"href":"https:\/\/www.envirofalk.com\/fr\/wp-json\/wp\/v2\/pages"}],"about":[{"href":"https:\/\/www.envirofalk.com\/fr\/wp-json\/wp\/v2\/types\/page"}],"author":[{"embeddable":true,"href":"https:\/\/www.envirofalk.com\/fr\/wp-json\/wp\/v2\/users\/5"}],"replies":[{"embeddable":true,"href":"https:\/\/www.envirofalk.com\/fr\/wp-json\/wp\/v2\/comments?post=8140"}],"version-history":[{"count":12,"href":"https:\/\/www.envirofalk.com\/fr\/wp-json\/wp\/v2\/pages\/8140\/revisions"}],"predecessor-version":[{"id":16157,"href":"https:\/\/www.envirofalk.com\/fr\/wp-json\/wp\/v2\/pages\/8140\/revisions\/16157"}],"up":[{"embeddable":true,"href":"https:\/\/www.envirofalk.com\/fr\/wp-json\/wp\/v2\/pages\/8063"}],"wp:attachment":[{"href":"https:\/\/www.envirofalk.com\/fr\/wp-json\/wp\/v2\/media?parent=8140"}],"curies":[{"name":"wp","href":"https:\/\/api.w.org\/{rel}","templated":true}]}}