{"id":8124,"date":"2024-01-24T10:55:07","date_gmt":"2024-01-24T09:55:07","guid":{"rendered":"https:\/\/www.envirofalk.com\/mentions-legales\/"},"modified":"2024-07-31T10:33:36","modified_gmt":"2024-07-31T08:33:36","slug":"mentions-legales","status":"publish","type":"page","link":"https:\/\/www.envirofalk.com\/fr\/mentions-legales\/","title":{"rendered":"Mentions l\u00e9gales"},"content":{"rendered":"<div class=\"wpb-content-wrapper\"><p>[vc_section][vc_row full_width=\u00a0\u00bbstretch_row_content_no_spaces\u00a0\u00bb][vc_column]<div class=\"custom-top-banner img-box   has-icon\" style=\"background-image: url(https:\/\/www.envirofalk.com\/wp-content\/uploads\/2023\/08\/Wasseraufbereitungsanlage_Metall-Industrie.jpg)\"><div class=\"container relative\"><div class=\"text-box\"><div class=\"slideInRight animated\"><img loading=\"lazy\" decoding=\"async\" width=\"1\" height=\"1\" src=\"https:\/\/www.envirofalk.com\/wp-content\/uploads\/2023\/09\/Wasseraufbereitung_EnviroFALK_Logo.svg\" class=\"attachment-120x120 size-120x120\" alt=\"EnviroFALK-Logo Icon\" \/><p><strong>Mentions l\u00e9gales<\/strong><\/p><\/div><\/div><\/div><\/div>[\/vc_column][\/vc_row][\/vc_section][vc_section][vc_row css_animation=\u00a0\u00bbslideInUp\u00a0\u00bb el_class=\u00a0\u00bbtwo-columns-row tablet-row\u00a0\u00bb][vc_column width=\u00a0\u00bb1\/4&Prime;][vc_column_text css=\u00a0\u00bb\u00a0\u00bb]EnviroFALK GmbH<br \/>\nTechnique de l&rsquo;eau de process<br \/>\nZone industrielle de Sainscheid<br \/>\n7, rue Gutenberg<br \/>\n56457 Westerburg<br \/>\nAllemagne<\/p>\n<h3>Directeur g\u00e9n\u00e9ral<\/h3>\n<p>Peter Leyendecker (porte-parole)<br \/>\nLutz Bohmerich<\/p>\n<p>T\u00e9l. +49 2663 9908-0<br \/>\nFax +49 2663 9908-50<br \/>\n<a href=\"mailto:info@envirofalk.com\">info@envirofalk.com<\/a><\/p>\n<p>Tribunal de commerce : Montabaur HRB 3599<br \/>\nNum\u00e9ro d&rsquo;identification de la taxe sur le chiffre d&rsquo;affaires : DE 147 999 452<\/p>\n<p>Westerwald Bank eG<br \/>\nIBAN : DE46 5739 1800 0060 1145 01<br \/>\nBIC : GENODE51WW1<\/p>\n<p>Commerzbank AG<br \/>\nIBAN : DE11 5114 0029 0373 7434 00<br \/>\nBIC : COBADEFFXXX<\/p>\n<h3>Programmierung\/Webentwicklung<\/h3>\n<p><strong><a href=\"https:\/\/www.winning-solutions.de\/\" target=\"_blank\" rel=\"noopener noreferrer nofollow\">Winning Solutions<\/a> &#8211; <a href=\"https:\/\/www.winning-solutions.de\/wordpress-webseiten-wartung\/\" target=\"_blank\" rel=\"noopener noreferrer nofollow\">WordPress Wartung<\/a> &amp; <a href=\"https:\/\/www.winning-solutions.de\/webdesign-wordpress\/\" target=\"_blank\" rel=\"noopener noreferrer nofollow\">WordPress Webdesign<\/a><\/strong><br \/>\nBienenst\u00fcck 34<br \/>\n56072 Koblenz[\/vc_column_text][\/vc_column][vc_column width=\u00a0\u00bb3\/4&Prime;][vc_column_text]<strong>Responsabilit\u00e9 du contenu<\/strong><\/p>\n<p>Bien que nous nous efforcions d&rsquo;assurer l&rsquo;actualit\u00e9, l&rsquo;exhaustivit\u00e9 et l&rsquo;exactitude du contenu de nos pages, nous ne pouvons pas le garantir.<\/p>\n<p>Conform\u00e9ment \u00e0 l&rsquo;article 7, paragraphe 1 de la loi allemande sur les t\u00e9l\u00e9services (TDG), nous sommes, en tant que prestataire de services, responsables de nos propres contenus sur nos pages selon les lois g\u00e9n\u00e9rales.<\/p>\n<p>Il n&rsquo;existe cependant pas d&rsquo;obligation de surveiller les informations \u00e9trang\u00e8res transmises ou enregistr\u00e9es (\u00a7\u00a7 8-10 TDG). D\u00e8s que nous aurons connaissance de violations de la loi, nous retirerons imm\u00e9diatement les contenus concern\u00e9s. Une telle responsabilit\u00e9 n&rsquo;est toutefois engag\u00e9e qu&rsquo;\u00e0 partir du moment o\u00f9 les violations concr\u00e8tes de la loi sont connues.<\/p>\n<p><strong>Responsabilit\u00e9 pour les liens<\/strong><\/p>\n<p>Nos pages contiennent des liens vers des sites web externes de tiers. Nous n&rsquo;avons aucune influence sur le contenu de ces sites web li\u00e9s. Le fournisseur ou l&rsquo;exploitant respectif est toujours responsable de l&rsquo;exactitude des contenus, raison pour laquelle nous n&rsquo;assumons aucune garantie \u00e0 cet \u00e9gard.<\/p>\n<p>Nous avons contr\u00f4l\u00e9 les sites web \u00e9trangers au moment de la cr\u00e9ation des liens afin de d\u00e9tecter d&rsquo;\u00e9ventuelles violations de la loi. Au moment de la cr\u00e9ation du lien, aucune violation de la loi n&rsquo;a \u00e9t\u00e9 constat\u00e9e. Nous ne pouvons pas v\u00e9rifier en permanence tous les contenus des pages auxquelles nous renvoyons sans indices r\u00e9els d&rsquo;une infraction \u00e0 la loi. Si nous prenons connaissance de violations de la loi, nous supprimerons imm\u00e9diatement les liens concern\u00e9s.<\/p>\n<p><strong>Droit d&rsquo;auteur<\/strong><\/p>\n<p>Les contenus et les \u0153uvres cr\u00e9\u00e9s par l&rsquo;exploitant de ce site Internet sont soumis au droit d&rsquo;auteur allemand. Toutes les contributions de tiers sont identifi\u00e9es comme telles. La reproduction, le traitement, la diffusion et toute forme d&rsquo;exploitation en dehors des limites du droit d&rsquo;auteur requi\u00e8rent l&rsquo;accord \u00e9crit de l&rsquo;auteur ou du cr\u00e9ateur concern\u00e9. Les copies de ces pages ne sont autoris\u00e9es qu&rsquo;\u00e0 des fins priv\u00e9es, et non \u00e0 des fins commerciales.<\/p>\n<p><strong>Protection des donn\u00e9es<\/strong><\/p>\n<p>Nous ne pouvons pas garantir la s\u00e9curit\u00e9 de la transmission de donn\u00e9es sur Internet, en particulier lors de la transmission de donn\u00e9es par e-mail, il existe un risque d&rsquo;acc\u00e8s par des tiers.<\/p>\n<p>En cas de collecte de donn\u00e9es personnelles sur nos pages, la divulgation de ces donn\u00e9es par l&rsquo;utilisateur se fait toujours sur une base volontaire. L&rsquo;utilisation et le paiement de tous les services propos\u00e9s sont \u00e9galement autoris\u00e9s sans indication de telles donn\u00e9es ou en indiquant des donn\u00e9es anonymes ou un pseudonyme, dans la mesure o\u00f9 cela est techniquement possible et raisonnable.<\/p>\n<p>L&rsquo;utilisation des donn\u00e9es de contact publi\u00e9es dans les mentions l\u00e9gales par des tiers \u00e0 des fins publicitaires est express\u00e9ment interdite. L&rsquo;exploitant se r\u00e9serve express\u00e9ment le droit d&rsquo;engager des poursuites judiciaires en cas d&rsquo;envoi de mat\u00e9riel publicitaire ou d&rsquo;information non sollicit\u00e9.<\/p>\n<p>Cette offre utilise Google Analytics pour une \u00e9valuation statistique anonyme des flux de visiteurs.<\/p>\n<p><strong>Validit\u00e9 juridique de la pr\u00e9sente clause de non-responsabilit\u00e9<\/strong><\/p>\n<p>Si certaines dispositions ou formulations de cette clause de non-responsabilit\u00e9 sont ou deviennent caduques, le contenu et la validit\u00e9 des autres dispositions n&rsquo;en sont pas affect\u00e9s.<\/p>\n<p><strong>Cr\u00e9dit photo<\/strong><\/p>\n<p>EnviroFALK, Adobe Stock, Fotolia, I-Stock, Shutterstock, images de produits de fabricants<\/p>\n<p>Source : <a href=\"https:\/\/www.anwalt-seiten.de\/\" target=\"_blank\" rel=\"noopener noreferrer nofollow\">anwalt-seiten.de<\/a><\/p>\n<p><a href=\"\/fr\/declaration-de-confidentialite\/\">Vers la d\u00e9claration de protection des donn\u00e9es.<\/a>[\/vc_column_text][\/vc_column][\/vc_row][\/vc_section]<\/p>\n<\/div>","protected":false},"excerpt":{"rendered":"<p>[vc_section][vc_row full_width=\u00a0\u00bbstretch_row_content_no_spaces\u00a0\u00bb][vc_column][\/vc_column][\/vc_row][\/vc_section][vc_section][vc_row css_animation=\u00a0\u00bbslideInUp\u00a0\u00bb el_class=\u00a0\u00bbtwo-columns-row tablet-row\u00a0\u00bb][vc_column width=\u00a0\u00bb1\/4&Prime;][vc_column_text css=\u00a0\u00bb\u00a0\u00bb]EnviroFALK GmbH Technique de l&rsquo;eau de process Zone industrielle de Sainscheid 7, rue Gutenberg 56457 Westerburg Allemagne Directeur g\u00e9n\u00e9ral Peter Leyendecker (porte-parole) Lutz Bohmerich T\u00e9l. +49 2663 9908-0 Fax +49 2663 9908-50 info@envirofalk.com Tribunal de commerce : Montabaur HRB 3599 Num\u00e9ro d&rsquo;identification de la taxe sur le chiffre d&rsquo;affaires [&hellip;]<\/p>\n","protected":false},"author":3,"featured_media":0,"parent":0,"menu_order":22,"comment_status":"closed","ping_status":"closed","template":"","meta":{"_acf_changed":false,"rs_blank_template":"","rs_page_bg_color":"","slide_template_v7":"","footnotes":""},"class_list":["post-8124","page","type-page","status-publish","hentry"],"acf":[],"yoast_head":"<!-- This site is optimized with the Yoast SEO Premium plugin v27.5 (Yoast SEO v27.5) - https:\/\/yoast.com\/product\/yoast-seo-premium-wordpress\/ -->\n<title>Mentions l\u00e9gales &#8211; EnviroFALK<\/title>\n<meta name=\"robots\" content=\"index, follow, max-snippet:-1, max-image-preview:large, max-video-preview:-1\" \/>\n<link rel=\"canonical\" href=\"https:\/\/www.envirofalk.com\/fr\/mentions-legales\/\" \/>\n<meta property=\"og:locale\" content=\"fr_FR\" \/>\n<meta property=\"og:type\" content=\"article\" \/>\n<meta property=\"og:title\" content=\"Mentions l\u00e9gales\" \/>\n<meta property=\"og:description\" content=\"[vc_section][vc_row full_width=\u00a0\u00bbstretch_row_content_no_spaces\u00a0\u00bb][vc_column][\/vc_column][\/vc_row][\/vc_section][vc_section][vc_row css_animation=\u00a0\u00bbslideInUp\u00a0\u00bb el_class=\u00a0\u00bbtwo-columns-row tablet-row\u00a0\u00bb][vc_column width=\u00a0\u00bb1\/4&Prime;][vc_column_text css=\u00a0\u00bb\u00a0\u00bb]EnviroFALK GmbH Technique de l&rsquo;eau de process Zone industrielle de Sainscheid 7, rue Gutenberg 56457 Westerburg Allemagne Directeur g\u00e9n\u00e9ral Peter Leyendecker (porte-parole) Lutz Bohmerich T\u00e9l. +49 2663 9908-0 Fax +49 2663 9908-50 info@envirofalk.com Tribunal de commerce : Montabaur HRB 3599 Num\u00e9ro d&rsquo;identification de la taxe sur le chiffre d&rsquo;affaires [&hellip;]\" \/>\n<meta property=\"og:url\" content=\"https:\/\/www.envirofalk.com\/fr\/mentions-legales\/\" \/>\n<meta property=\"og:site_name\" content=\"EnviroFALK\" \/>\n<meta property=\"article:publisher\" content=\"https:\/\/www.facebook.com\/envirofalk\" \/>\n<meta property=\"article:modified_time\" content=\"2024-07-31T08:33:36+00:00\" \/>\n<meta name=\"twitter:card\" content=\"summary_large_image\" \/>\n<meta name=\"twitter:label1\" content=\"Dur\u00e9e de lecture estim\u00e9e\" \/>\n\t<meta name=\"twitter:data1\" content=\"4 minutes\" \/>\n<script type=\"application\/ld+json\" class=\"yoast-schema-graph\">{\"@context\":\"https:\\\/\\\/schema.org\",\"@graph\":[{\"@type\":\"WebPage\",\"@id\":\"https:\\\/\\\/www.envirofalk.com\\\/fr\\\/mentions-legales\\\/\",\"url\":\"https:\\\/\\\/www.envirofalk.com\\\/fr\\\/mentions-legales\\\/\",\"name\":\"Mentions l\u00e9gales &#8211; EnviroFALK\",\"isPartOf\":{\"@id\":\"https:\\\/\\\/www.envirofalk.com\\\/fr\\\/#website\"},\"datePublished\":\"2024-01-24T09:55:07+00:00\",\"dateModified\":\"2024-07-31T08:33:36+00:00\",\"breadcrumb\":{\"@id\":\"https:\\\/\\\/www.envirofalk.com\\\/fr\\\/mentions-legales\\\/#breadcrumb\"},\"inLanguage\":\"fr-FR\",\"potentialAction\":[{\"@type\":\"ReadAction\",\"target\":[\"https:\\\/\\\/www.envirofalk.com\\\/fr\\\/mentions-legales\\\/\"]}]},{\"@type\":\"BreadcrumbList\",\"@id\":\"https:\\\/\\\/www.envirofalk.com\\\/fr\\\/mentions-legales\\\/#breadcrumb\",\"itemListElement\":[{\"@type\":\"ListItem\",\"position\":1,\"name\":\"Home\",\"item\":\"https:\\\/\\\/www.envirofalk.com\\\/fr\\\/\"},{\"@type\":\"ListItem\",\"position\":2,\"name\":\"Mentions l\u00e9gales\"}]},{\"@type\":\"WebSite\",\"@id\":\"https:\\\/\\\/www.envirofalk.com\\\/fr\\\/#website\",\"url\":\"https:\\\/\\\/www.envirofalk.com\\\/fr\\\/\",\"name\":\"EnviroFALK\",\"description\":\"Wasseraufbereitungsanlagen f\u00fcr Industrie, Gewerbe &amp; Labor\",\"publisher\":{\"@id\":\"https:\\\/\\\/www.envirofalk.com\\\/fr\\\/#organization\"},\"potentialAction\":[{\"@type\":\"SearchAction\",\"target\":{\"@type\":\"EntryPoint\",\"urlTemplate\":\"https:\\\/\\\/www.envirofalk.com\\\/fr\\\/?s={search_term_string}\"},\"query-input\":{\"@type\":\"PropertyValueSpecification\",\"valueRequired\":true,\"valueName\":\"search_term_string\"}}],\"inLanguage\":\"fr-FR\"},{\"@type\":\"Organization\",\"@id\":\"https:\\\/\\\/www.envirofalk.com\\\/fr\\\/#organization\",\"name\":\"EnviroFALK\",\"url\":\"https:\\\/\\\/www.envirofalk.com\\\/fr\\\/\",\"logo\":{\"@type\":\"ImageObject\",\"inLanguage\":\"fr-FR\",\"@id\":\"https:\\\/\\\/www.envirofalk.com\\\/fr\\\/#\\\/schema\\\/logo\\\/image\\\/\",\"url\":\"https:\\\/\\\/www.envirofalk.com\\\/wp-content\\\/uploads\\\/2023\\\/01\\\/logo.svg\",\"contentUrl\":\"https:\\\/\\\/www.envirofalk.com\\\/wp-content\\\/uploads\\\/2023\\\/01\\\/logo.svg\",\"caption\":\"EnviroFALK\"},\"image\":{\"@id\":\"https:\\\/\\\/www.envirofalk.com\\\/fr\\\/#\\\/schema\\\/logo\\\/image\\\/\"},\"sameAs\":[\"https:\\\/\\\/www.facebook.com\\\/envirofalk\",\"https:\\\/\\\/www.linkedin.com\\\/company\\\/envirofalk-gmbh\",\"https:\\\/\\\/www.youtube.com\\\/channel\\\/UCM1L-2K6cfBbP3aYgJGbVdA\"],\"description\":\"EnviroFALK Prozesswassertechnik ist Ihr Spezialist f\u00fcr ma\u00dfgeschneiderte Wasseraufbereitungsl\u00f6sungen in der Industrie. Wir bieten innovative Technologien f\u00fcr die Erzeugung und Aufbereitung von Prozesswasser, um h\u00f6chste Effizienz und Qualit\u00e4t in Ihren Produktionsprozessen zu gew\u00e4hrleisten. Mit jahrzehntelanger Erfahrung entwickeln wir nachhaltige und ressourcenschonende L\u00f6sungen, die exakt auf die Anforderungen unserer Kunden abgestimmt sind. Unsere Leistungen umfassen die Filtration, Enth\u00e4rtung, Entsalzung und R\u00fcckgewinnung von Wasser f\u00fcr verschiedenste Anwendungen \u2013 von der Metallverarbeitung bis zur Lebensmittelindustrie. Unsere Experten begleiten Sie von der Planung \u00fcber die Implementierung bis hin zum Service, um eine zuverl\u00e4ssige und wirtschaftliche Wasseraufbereitung sicherzustellen.\",\"email\":\"info@envirofalk.com\",\"telephone\":\"+49 2663 9908-0\",\"legalName\":\"EnviroFALK GmbH\",\"foundingDate\":\"1989-05-01\"}]}<\/script>\n<!-- \/ Yoast SEO Premium plugin. -->","yoast_head_json":{"title":"Mentions l\u00e9gales &#8211; EnviroFALK","robots":{"index":"index","follow":"follow","max-snippet":"max-snippet:-1","max-image-preview":"max-image-preview:large","max-video-preview":"max-video-preview:-1"},"canonical":"https:\/\/www.envirofalk.com\/fr\/mentions-legales\/","og_locale":"fr_FR","og_type":"article","og_title":"Mentions l\u00e9gales","og_description":"[vc_section][vc_row full_width=\u00a0\u00bbstretch_row_content_no_spaces\u00a0\u00bb][vc_column][\/vc_column][\/vc_row][\/vc_section][vc_section][vc_row css_animation=\u00a0\u00bbslideInUp\u00a0\u00bb el_class=\u00a0\u00bbtwo-columns-row tablet-row\u00a0\u00bb][vc_column width=\u00a0\u00bb1\/4&Prime;][vc_column_text css=\u00a0\u00bb\u00a0\u00bb]EnviroFALK GmbH Technique de l&rsquo;eau de process Zone industrielle de Sainscheid 7, rue Gutenberg 56457 Westerburg Allemagne Directeur g\u00e9n\u00e9ral Peter Leyendecker (porte-parole) Lutz Bohmerich T\u00e9l. +49 2663 9908-0 Fax +49 2663 9908-50 info@envirofalk.com Tribunal de commerce : Montabaur HRB 3599 Num\u00e9ro d&rsquo;identification de la taxe sur le chiffre d&rsquo;affaires [&hellip;]","og_url":"https:\/\/www.envirofalk.com\/fr\/mentions-legales\/","og_site_name":"EnviroFALK","article_publisher":"https:\/\/www.facebook.com\/envirofalk","article_modified_time":"2024-07-31T08:33:36+00:00","twitter_card":"summary_large_image","twitter_misc":{"Dur\u00e9e de lecture estim\u00e9e":"4 minutes"},"schema":{"@context":"https:\/\/schema.org","@graph":[{"@type":"WebPage","@id":"https:\/\/www.envirofalk.com\/fr\/mentions-legales\/","url":"https:\/\/www.envirofalk.com\/fr\/mentions-legales\/","name":"Mentions l\u00e9gales &#8211; EnviroFALK","isPartOf":{"@id":"https:\/\/www.envirofalk.com\/fr\/#website"},"datePublished":"2024-01-24T09:55:07+00:00","dateModified":"2024-07-31T08:33:36+00:00","breadcrumb":{"@id":"https:\/\/www.envirofalk.com\/fr\/mentions-legales\/#breadcrumb"},"inLanguage":"fr-FR","potentialAction":[{"@type":"ReadAction","target":["https:\/\/www.envirofalk.com\/fr\/mentions-legales\/"]}]},{"@type":"BreadcrumbList","@id":"https:\/\/www.envirofalk.com\/fr\/mentions-legales\/#breadcrumb","itemListElement":[{"@type":"ListItem","position":1,"name":"Home","item":"https:\/\/www.envirofalk.com\/fr\/"},{"@type":"ListItem","position":2,"name":"Mentions l\u00e9gales"}]},{"@type":"WebSite","@id":"https:\/\/www.envirofalk.com\/fr\/#website","url":"https:\/\/www.envirofalk.com\/fr\/","name":"EnviroFALK","description":"Wasseraufbereitungsanlagen f\u00fcr Industrie, Gewerbe &amp; Labor","publisher":{"@id":"https:\/\/www.envirofalk.com\/fr\/#organization"},"potentialAction":[{"@type":"SearchAction","target":{"@type":"EntryPoint","urlTemplate":"https:\/\/www.envirofalk.com\/fr\/?s={search_term_string}"},"query-input":{"@type":"PropertyValueSpecification","valueRequired":true,"valueName":"search_term_string"}}],"inLanguage":"fr-FR"},{"@type":"Organization","@id":"https:\/\/www.envirofalk.com\/fr\/#organization","name":"EnviroFALK","url":"https:\/\/www.envirofalk.com\/fr\/","logo":{"@type":"ImageObject","inLanguage":"fr-FR","@id":"https:\/\/www.envirofalk.com\/fr\/#\/schema\/logo\/image\/","url":"https:\/\/www.envirofalk.com\/wp-content\/uploads\/2023\/01\/logo.svg","contentUrl":"https:\/\/www.envirofalk.com\/wp-content\/uploads\/2023\/01\/logo.svg","caption":"EnviroFALK"},"image":{"@id":"https:\/\/www.envirofalk.com\/fr\/#\/schema\/logo\/image\/"},"sameAs":["https:\/\/www.facebook.com\/envirofalk","https:\/\/www.linkedin.com\/company\/envirofalk-gmbh","https:\/\/www.youtube.com\/channel\/UCM1L-2K6cfBbP3aYgJGbVdA"],"description":"EnviroFALK Prozesswassertechnik ist Ihr Spezialist f\u00fcr ma\u00dfgeschneiderte Wasseraufbereitungsl\u00f6sungen in der Industrie. Wir bieten innovative Technologien f\u00fcr die Erzeugung und Aufbereitung von Prozesswasser, um h\u00f6chste Effizienz und Qualit\u00e4t in Ihren Produktionsprozessen zu gew\u00e4hrleisten. Mit jahrzehntelanger Erfahrung entwickeln wir nachhaltige und ressourcenschonende L\u00f6sungen, die exakt auf die Anforderungen unserer Kunden abgestimmt sind. Unsere Leistungen umfassen die Filtration, Enth\u00e4rtung, Entsalzung und R\u00fcckgewinnung von Wasser f\u00fcr verschiedenste Anwendungen \u2013 von der Metallverarbeitung bis zur Lebensmittelindustrie. Unsere Experten begleiten Sie von der Planung \u00fcber die Implementierung bis hin zum Service, um eine zuverl\u00e4ssige und wirtschaftliche Wasseraufbereitung sicherzustellen.","email":"info@envirofalk.com","telephone":"+49 2663 9908-0","legalName":"EnviroFALK GmbH","foundingDate":"1989-05-01"}]}},"_links":{"self":[{"href":"https:\/\/www.envirofalk.com\/fr\/wp-json\/wp\/v2\/pages\/8124","targetHints":{"allow":["GET"]}}],"collection":[{"href":"https:\/\/www.envirofalk.com\/fr\/wp-json\/wp\/v2\/pages"}],"about":[{"href":"https:\/\/www.envirofalk.com\/fr\/wp-json\/wp\/v2\/types\/page"}],"author":[{"embeddable":true,"href":"https:\/\/www.envirofalk.com\/fr\/wp-json\/wp\/v2\/users\/3"}],"replies":[{"embeddable":true,"href":"https:\/\/www.envirofalk.com\/fr\/wp-json\/wp\/v2\/comments?post=8124"}],"version-history":[{"count":14,"href":"https:\/\/www.envirofalk.com\/fr\/wp-json\/wp\/v2\/pages\/8124\/revisions"}],"predecessor-version":[{"id":17057,"href":"https:\/\/www.envirofalk.com\/fr\/wp-json\/wp\/v2\/pages\/8124\/revisions\/17057"}],"wp:attachment":[{"href":"https:\/\/www.envirofalk.com\/fr\/wp-json\/wp\/v2\/media?parent=8124"}],"curies":[{"name":"wp","href":"https:\/\/api.w.org\/{rel}","templated":true}]}}