{"id":8063,"date":"2024-01-24T10:54:39","date_gmt":"2024-01-24T09:54:39","guid":{"rendered":"https:\/\/www.envirofalk.com\/entreprise\/nos-sites\/"},"modified":"2024-06-26T08:34:23","modified_gmt":"2024-06-26T06:34:23","slug":"nos-sites","status":"publish","type":"page","link":"https:\/\/www.envirofalk.com\/fr\/entreprise\/nos-sites\/","title":{"rendered":"Nos sites"},"content":{"rendered":"<div class=\"wpb-content-wrapper\"><p>[vc_section][vc_row full_width=\u00a0\u00bbstretch_row_content_no_spaces\u00a0\u00bb][vc_column]<div class=\"custom-top-banner img-box   has-icon\" style=\"background-image: url(https:\/\/www.envirofalk.com\/wp-content\/uploads\/2023\/08\/EnviroFALK_Mitarbeiter_Wasseraufbereitungsanlage.jpg)\"><div class=\"container relative\"><div class=\"text-box\"><div class=\"slideInRight animated\"><img decoding=\"async\" width=\"1\" height=\"1\" src=\"https:\/\/www.envirofalk.com\/wp-content\/uploads\/2023\/09\/Wasseraufbereitung_EnviroFALK_Logo.svg\" class=\"attachment-120x120 size-120x120\" alt=\"EnviroFALK-Logo Icon\" \/><p>Nos <strong>sites<\/strong><\/p><\/div><\/div><\/div><\/div>[\/vc_column][\/vc_row][vc_row el_class=\u00a0\u00bbbreadcrumbs-wrapper\u00a0\u00bb][vc_column]<div class=\"breadcrumbs\"><label><\/label> <a href=\"https:\/\/www.envirofalk.com\/fr\/\">Home<\/a><\/div>[\/vc_column][\/vc_row][\/vc_section][vc_section][vc_row css_animation=\u00a0\u00bbslideInUp\u00a0\u00bb el_class=\u00a0\u00bbtablet-row\u00a0\u00bb][vc_column width=\u00a0\u00bb3\/4&Prime;][vc_custom_heading text=\u00a0\u00bbSites EnviroFALK &#8211; nous sommes pr\u00e8s de chez vous !\u00a0\u00bb font_container=\u00a0\u00bbtag:h1|text_align:left\u00a0\u00bb use_theme_fonts=\u00a0\u00bbyes\u00a0\u00bb][vc_column_text]Un bon service et la proximit\u00e9 avec le client vont de pair chez EnviroFALK. Vous avez besoin de pi\u00e8ces de rechange et d&rsquo;usure pour vos installations de traitement de l&rsquo;eau ?<br \/>\nVous souhaitez faire r\u00e9g\u00e9n\u00e9rer vos cartouches \u00e9changeuses d&rsquo;ions ? Nous nous ferons un plaisir de vous conseiller personnellement ou directement sur place.<\/p>\n<p>Utilisez notre outil de recherche de site pour trouver le bureau EnviroFALK le plus proche de chez vous.<\/p>\n<p>Apprenez \u00e0 nous conna\u00eetre, car nous sommes l\u00e0 pour vous ![\/vc_column_text][\/vc_column][vc_column width=\u00a0\u00bb1\/4&Prime;]<div class=\"online-consultant-box  wpb_content_element\"><div class=\"online-consultant\"><div><div class=\"person-info\"><h5>Christina Hanxleden<\/h5><ul class=\"person-list\"><li><a href=\"tel:+49 2663 9908-0\">+49 2663 9908-0<\/a><\/li><\/ul><\/div><a href=\"#beratung\" target=\"_self\" class=\"custom-btn show-modal\"><i class=\"icon-chevron-right\"><\/i>\u00c9crivez-nous !<\/a><\/div><div class=\"relative\"><svg xmlns=\"http:\/\/www.w3.org\/2000\/svg\" viewBox=\"0 0 32.83 32.83\">\n\t\t\t\t\t\t\t\t\t<defs>\n\t\t\t\t\t\t\t\t\t\t<linearGradient id=\"gradient\" x1=\"0%\" y1=\"0%\" x2=\"0%\" y2=\"100%\" gradientTransform=\"rotate(-135)\">\n\t\t\t\t\t\t\t\t\t\t\t<stop offset=\"0%\" stop-color=\"#97be0d\"\/>\n\t\t\t\t\t\t\t\t\t\t\t\t<stop offset=\"100%\" stop-color=\"rgba(255, 255, 255, 0)\"\/>\n\t\t\t\t\t\t\t\t\t\t<\/linearGradient>\n\t\t\t\t\t\t\t\t\t<\/defs>\n\t\t\t\t\t\t\t\t\t<path class=\"wpb_animate_when_almost_visible circular-progress\" stroke=\"url(#gradient)\" stroke-width=\"1\" stroke-dasharray=\"100, 100\" fill=\"none\" d=\"M18,2.08a15.92,15.92,0,0,1,0,31.84h0A15.92,15.92,0,0,1,18,2.08\" transform=\"translate(-1.59 -1.58)\"\/>\n                            \t<\/svg><span><img decoding=\"async\" width=\"800\" height=\"800\" src=\"https:\/\/www.envirofalk.com\/wp-content\/uploads\/2023\/08\/Christina_Hanxleden_Kontakt_EnviroFALK.png\" class=\"attachment-full size-full\" alt=\"Mitarbeiterin Christina Hanxleden\" srcset=\"https:\/\/www.envirofalk.com\/wp-content\/uploads\/2023\/08\/Christina_Hanxleden_Kontakt_EnviroFALK.png 800w, https:\/\/www.envirofalk.com\/wp-content\/uploads\/2023\/08\/Christina_Hanxleden_Kontakt_EnviroFALK-350x350.png 350w, https:\/\/www.envirofalk.com\/wp-content\/uploads\/2023\/08\/Christina_Hanxleden_Kontakt_EnviroFALK-150x150.png 150w, https:\/\/www.envirofalk.com\/wp-content\/uploads\/2023\/08\/Christina_Hanxleden_Kontakt_EnviroFALK-768x768.png 768w\" sizes=\"(max-width: 800px) 100vw, 800px\" \/><\/span><\/div><\/div><\/div>[\/vc_column][\/vc_row][vc_row][vc_column css_animation=\u00a0\u00bbfadeInUpBig\u00a0\u00bb]<div class=\"teaser-boxes wpb_content_element\"><div><a href=\"https:\/\/www.envirofalk.com\/fr\/entreprise\/nos-sites\/succursale-de-berlin\/\" target=\"_self\"><figure class=\"img-box \" style=\"background-image: url(https:\/\/www.envirofalk.com\/wp-content\/uploads\/2023\/11\/EnviroFALK_Berlin_Wasseraufbereitung.webp)\"><\/figure><\/a><div class=\"text-box\"><h3 class=\"entry-title no-icon\"><a href=\"https:\/\/www.envirofalk.com\/fr\/entreprise\/nos-sites\/succursale-de-berlin\/\" target=\"_self\">Succursale de Berlin<\/a><\/h3><div class=\"wpb_text_column\">EnviroFALK GmbH - Niederlassung Berlin\nHelmholtzstra\u00dfe 2 \u2013 9,\n10587 Berlin\n<\/div><\/div><\/div><div><a href=\"https:\/\/www.envirofalk.com\/fr\/entreprise\/nos-sites\/succursale-nord\/\" target=\"_self\"><figure class=\"img-box \" style=\"background-image: url(https:\/\/www.envirofalk.com\/wp-content\/uploads\/2023\/11\/EF_Hamburg_1920x640_1-e802f924.webp)\"><\/figure><\/a><div class=\"text-box\"><h3 class=\"entry-title no-icon\"><a href=\"https:\/\/www.envirofalk.com\/fr\/entreprise\/nos-sites\/succursale-nord\/\" target=\"_self\">Succursale Nord<\/a><\/h3><div class=\"wpb_text_column\">EnviroFALK GmbH - Niederlassung Nord\nWalter-Schmedemann-Stra\u00dfe 1 A,\n22419 Hamburg\n<\/div><\/div><\/div><div><a href=\"https:\/\/www.envirofalk.com\/fr\/entreprise\/nos-sites\/succursale-du-bade-wurtemberg\/\" target=\"_self\"><figure class=\"img-box \" style=\"background-image: url(https:\/\/www.envirofalk.com\/wp-content\/uploads\/2023\/11\/EF_Baden_Wuerttemberg2_1920x640-c9eada29.webp)\"><\/figure><\/a><div class=\"text-box\"><h3 class=\"entry-title no-icon\"><a href=\"https:\/\/www.envirofalk.com\/fr\/entreprise\/nos-sites\/succursale-du-bade-wurtemberg\/\" target=\"_self\">Succursale du Bade-Wurtemberg<\/a><\/h3><div class=\"wpb_text_column\">EnviroFALK GmbH - Niederlassung Baden-W\u00fcrttemberg\nAm Wald 9,\n78727 Oberndorf\n<\/div><\/div><\/div><\/div><div class=\"teaser-boxes wpb_content_element\"><div><a href=\"https:\/\/www.envirofalk.com\/fr\/entreprise\/nos-sites\/succursale-de-iena\/\" target=\"_self\"><figure class=\"img-box \" style=\"background-image: url(https:\/\/www.envirofalk.com\/wp-content\/uploads\/2023\/11\/Jena.webp)\"><\/figure><\/a><div class=\"text-box\"><h3 class=\"entry-title no-icon\"><a href=\"https:\/\/www.envirofalk.com\/fr\/entreprise\/nos-sites\/succursale-de-iena\/\" target=\"_self\">Succursale de I\u00e9na<\/a><\/h3><div class=\"wpb_text_column\">EnviroFALK GmbH - Niederlassung Jena\nWiesenstrasse 26,\n07749 Jena\n\n<\/div><\/div><\/div><div><a href=\"https:\/\/www.envirofalk.com\/fr\/entreprise\/nos-sites\/succursale-de-baviere\/\" target=\"_self\"><figure class=\"img-box \" style=\"background-image: url(https:\/\/www.envirofalk.com\/wp-content\/uploads\/2023\/08\/EnviroFALK_Firmengebaeude_Bayern.jpg)\"><\/figure><\/a><div class=\"text-box\"><h3 class=\"entry-title no-icon\"><a href=\"https:\/\/www.envirofalk.com\/fr\/entreprise\/nos-sites\/succursale-de-baviere\/\" target=\"_self\">Succursale de Bavi\u00e8re<\/a><\/h3><div class=\"wpb_text_column\">EnviroFALK GmbH - Niederlassung Bayern\nAm Laffgraben 8,\n85778 Haimhausen\n<\/div><\/div><\/div><div><a href=\"https:\/\/www.envirofalk.com\/fr\/entreprise\/nos-sites\/base-de-regeneration-de-wuerzburg\/\" target=\"_self\"><figure class=\"img-box \" style=\"background-image: url(https:\/\/www.envirofalk.com\/wp-content\/uploads\/2023\/05\/Regeneration_Wasseraufbereitung_Wuerzburg_News.jpg)\"><\/figure><\/a><div class=\"text-box\"><h3 class=\"entry-title no-icon\"><a href=\"https:\/\/www.envirofalk.com\/fr\/entreprise\/nos-sites\/base-de-regeneration-de-wuerzburg\/\" target=\"_self\">Base de r\u00e9g\u00e9n\u00e9ration de W\u00fcrzburg<\/a><\/h3><div class=\"wpb_text_column\">EnviroFALK GmbH - Regenerationsst\u00fctzpunkt W\u00fcrzburg\nRingstra\u00dfe 15,\n97270 Kist\n<\/div><\/div><\/div><\/div><div class=\"teaser-boxes wpb_content_element\"><div><a href=\"https:\/\/www.envirofalk.com\/fr\/entreprise\/nos-sites\/envirofalk-gmbh-point-de-service-de-fuerth\/\" target=\"_self\"><figure class=\"img-box \" style=\"background-image: url(https:\/\/www.envirofalk.com\/wp-content\/uploads\/2023\/11\/Montage-Inbetriebnahme-fb43c09b.webp)\"><\/figure><\/a><div class=\"text-box\"><h3 class=\"entry-title no-icon\"><a href=\"https:\/\/www.envirofalk.com\/fr\/entreprise\/nos-sites\/envirofalk-gmbh-point-de-service-de-fuerth\/\" target=\"_self\">Point d'assistance de F\u00fcrth<\/a><\/h3><div class=\"wpb_text_column\">EnviroFALK GmbH - Service-St\u00fctzpunkt F\u00fcrth\nDaimlerstra\u00dfe 8,\n90766 F\u00fcrth\n\n<\/div><\/div><\/div><div><a href=\"https:\/\/www.envirofalk.com\/fr\/entreprise\/nos-sites\/succursale-de-cologne\/\" target=\"_self\"><figure class=\"img-box \" style=\"background-image: url(https:\/\/www.envirofalk.com\/wp-content\/uploads\/2023\/11\/EF_NL_Koeln_1920x640_h-21034fe2.webp)\"><\/figure><\/a><div class=\"text-box\"><h3 class=\"entry-title no-icon\"><a href=\"https:\/\/www.envirofalk.com\/fr\/entreprise\/nos-sites\/succursale-de-cologne\/\" target=\"_self\">Succursale de Cologne<\/a><\/h3><div class=\"wpb_text_column\">EnviroFALK GmbH - Niederlassung K\u00f6ln\nHerseler Stra\u00dfe 3,\n50389 Wesseling\n<\/div><\/div><\/div><div><a href=\"https:\/\/www.envirofalk.com\/fr\/entreprise\/nos-sites\/succursale-de-bielefeld\/\" target=\"_self\"><figure class=\"img-box \" style=\"background-image: url(https:\/\/www.envirofalk.com\/wp-content\/uploads\/2023\/12\/EF_Bielefeld_7_lr-cd3665df.webp)\"><\/figure><\/a><div class=\"text-box\"><h3 class=\"entry-title no-icon\"><a href=\"https:\/\/www.envirofalk.com\/fr\/entreprise\/nos-sites\/succursale-de-bielefeld\/\" target=\"_self\">Succursale de Bielefeld<\/a><\/h3><div class=\"wpb_text_column\">EnviroFALK GmbH - Niederlassung Bielefeld\nPaderborner Stra\u00dfe 315\/4,\n33689 Bielefeld\n<\/div><\/div><\/div><\/div><div class=\"teaser-boxes wpb_content_element\"><div><a href=\"https:\/\/www.envirofalk.com\/fr\/entreprise\/nos-sites\/afs-solutions-gmbh-envirofalk-succursale-de-seevetal\/\" target=\"_self\"><figure class=\"img-box \" style=\"background-image: url(https:\/\/www.envirofalk.com\/wp-content\/uploads\/2023\/11\/EnviroFALK_Wassertechnologie_Standort.jpg)\"><\/figure><\/a><div class=\"text-box\"><h3 class=\"entry-title no-icon\"><a href=\"https:\/\/www.envirofalk.com\/fr\/entreprise\/nos-sites\/afs-solutions-gmbh-envirofalk-succursale-de-seevetal\/\" target=\"_self\">AFS Solutions GmbH - Agence EnviroFALK de Seevetal<\/a><\/h3><div class=\"wpb_text_column\">AFS Solutions GmbH - EnviroFALK Niederlassung Seevetal\nAn der Reitbahn 1a,\n21218 Seevetal-Hittfeld\n\n<\/div><\/div><\/div><div><a href=\"https:\/\/www.envirofalk.com\/fr\/entreprise\/nos-sites\/envirofalk-ag-suisse\/\" target=\"_self\"><figure class=\"img-box \" style=\"background-image: url(https:\/\/www.envirofalk.com\/wp-content\/uploads\/2023\/11\/Schweiz.webp)\"><\/figure><\/a><div class=\"text-box\"><h3 class=\"entry-title no-icon\"><a href=\"https:\/\/www.envirofalk.com\/fr\/entreprise\/nos-sites\/envirofalk-ag-suisse\/\" target=\"_self\">EnviroFALK AG - Suisse<\/a><\/h3><div class=\"wpb_text_column\">EnviroFALK AG - Schweiz\nB\u00f6sch 27,\n6331 H\u00fcnenberg\n<\/div><\/div><\/div><\/div>[\/vc_column][\/vc_row][\/vc_section]<\/p>\n<\/div>","protected":false},"excerpt":{"rendered":"<p>[vc_section][vc_row full_width=\u00a0\u00bbstretch_row_content_no_spaces\u00a0\u00bb][vc_column][\/vc_column][\/vc_row][vc_row el_class=\u00a0\u00bbbreadcrumbs-wrapper\u00a0\u00bb][vc_column][\/vc_column][\/vc_row][\/vc_section][vc_section][vc_row css_animation=\u00a0\u00bbslideInUp\u00a0\u00bb el_class=\u00a0\u00bbtablet-row\u00a0\u00bb][vc_column width=\u00a0\u00bb3\/4&Prime;][vc_custom_heading text=\u00a0\u00bbSites EnviroFALK &#8211; nous sommes pr\u00e8s de chez vous !\u00a0\u00bb font_container=\u00a0\u00bbtag:h1|text_align:left\u00a0\u00bb use_theme_fonts=\u00a0\u00bbyes\u00a0\u00bb][vc_column_text]Un bon service et la proximit\u00e9 avec le client vont de pair chez EnviroFALK. Vous avez besoin de pi\u00e8ces de rechange et d&rsquo;usure pour vos installations de traitement de l&rsquo;eau ? Vous souhaitez faire r\u00e9g\u00e9n\u00e9rer vos cartouches \u00e9changeuses [&hellip;]<\/p>\n","protected":false},"author":3,"featured_media":0,"parent":7948,"menu_order":2,"comment_status":"closed","ping_status":"closed","template":"","meta":{"_acf_changed":false,"rs_blank_template":"","rs_page_bg_color":"","slide_template_v7":"","footnotes":""},"class_list":["post-8063","page","type-page","status-publish","hentry"],"acf":[],"yoast_head":"<!-- This site is optimized with the Yoast SEO Premium plugin v27.3 (Yoast SEO v27.3) - https:\/\/yoast.com\/product\/yoast-seo-premium-wordpress\/ -->\n<title>Nos sites &#8211; EnviroFALK<\/title>\n<meta name=\"robots\" content=\"index, follow, max-snippet:-1, max-image-preview:large, max-video-preview:-1\" \/>\n<link rel=\"canonical\" href=\"https:\/\/www.envirofalk.com\/fr\/entreprise\/nos-sites\/\" \/>\n<meta property=\"og:locale\" content=\"fr_FR\" \/>\n<meta property=\"og:type\" content=\"article\" \/>\n<meta property=\"og:title\" content=\"Nos sites\" \/>\n<meta property=\"og:description\" content=\"[vc_section][vc_row full_width=\u00a0\u00bbstretch_row_content_no_spaces\u00a0\u00bb][vc_column][\/vc_column][\/vc_row][vc_row el_class=\u00a0\u00bbbreadcrumbs-wrapper\u00a0\u00bb][vc_column][\/vc_column][\/vc_row][\/vc_section][vc_section][vc_row css_animation=\u00a0\u00bbslideInUp\u00a0\u00bb el_class=\u00a0\u00bbtablet-row\u00a0\u00bb][vc_column width=\u00a0\u00bb3\/4&Prime;][vc_custom_heading text=\u00a0\u00bbSites EnviroFALK &#8211; nous sommes pr\u00e8s de chez vous !\u00a0\u00bb font_container=\u00a0\u00bbtag:h1|text_align:left\u00a0\u00bb use_theme_fonts=\u00a0\u00bbyes\u00a0\u00bb][vc_column_text]Un bon service et la proximit\u00e9 avec le client vont de pair chez EnviroFALK. Vous avez besoin de pi\u00e8ces de rechange et d&rsquo;usure pour vos installations de traitement de l&rsquo;eau ? Vous souhaitez faire r\u00e9g\u00e9n\u00e9rer vos cartouches \u00e9changeuses [&hellip;]\" \/>\n<meta property=\"og:url\" content=\"https:\/\/www.envirofalk.com\/fr\/entreprise\/nos-sites\/\" \/>\n<meta property=\"og:site_name\" content=\"EnviroFALK\" \/>\n<meta property=\"article:publisher\" content=\"https:\/\/www.facebook.com\/envirofalk\" \/>\n<meta property=\"article:modified_time\" content=\"2024-06-26T06:34:23+00:00\" \/>\n<meta name=\"twitter:card\" content=\"summary_large_image\" \/>\n<meta name=\"twitter:label1\" content=\"Dur\u00e9e de lecture estim\u00e9e\" \/>\n\t<meta name=\"twitter:data1\" content=\"2 minutes\" \/>\n<script type=\"application\/ld+json\" class=\"yoast-schema-graph\">{\"@context\":\"https:\\\/\\\/schema.org\",\"@graph\":[{\"@type\":\"WebPage\",\"@id\":\"https:\\\/\\\/www.envirofalk.com\\\/fr\\\/entreprise\\\/nos-sites\\\/\",\"url\":\"https:\\\/\\\/www.envirofalk.com\\\/fr\\\/entreprise\\\/nos-sites\\\/\",\"name\":\"Nos sites &#8211; EnviroFALK\",\"isPartOf\":{\"@id\":\"https:\\\/\\\/www.envirofalk.com\\\/#website\"},\"datePublished\":\"2024-01-24T09:54:39+00:00\",\"dateModified\":\"2024-06-26T06:34:23+00:00\",\"breadcrumb\":{\"@id\":\"https:\\\/\\\/www.envirofalk.com\\\/fr\\\/entreprise\\\/nos-sites\\\/#breadcrumb\"},\"inLanguage\":\"fr-FR\",\"potentialAction\":[{\"@type\":\"ReadAction\",\"target\":[\"https:\\\/\\\/www.envirofalk.com\\\/fr\\\/entreprise\\\/nos-sites\\\/\"]}]},{\"@type\":\"BreadcrumbList\",\"@id\":\"https:\\\/\\\/www.envirofalk.com\\\/fr\\\/entreprise\\\/nos-sites\\\/#breadcrumb\",\"itemListElement\":[{\"@type\":\"ListItem\",\"position\":1,\"name\":\"Home\",\"item\":\"https:\\\/\\\/www.envirofalk.com\\\/fr\\\/\"},{\"@type\":\"ListItem\",\"position\":2,\"name\":\"Entreprise\",\"item\":\"https:\\\/\\\/www.envirofalk.com\\\/fr\\\/entreprise\\\/\"},{\"@type\":\"ListItem\",\"position\":3,\"name\":\"Nos sites\"}]},{\"@type\":\"WebSite\",\"@id\":\"https:\\\/\\\/www.envirofalk.com\\\/#website\",\"url\":\"https:\\\/\\\/www.envirofalk.com\\\/\",\"name\":\"EnviroFALK\",\"description\":\"Wasseraufbereitungsanlagen f\u00fcr Industrie, Gewerbe &amp; Labor\",\"publisher\":{\"@id\":\"https:\\\/\\\/www.envirofalk.com\\\/#organization\"},\"potentialAction\":[{\"@type\":\"SearchAction\",\"target\":{\"@type\":\"EntryPoint\",\"urlTemplate\":\"https:\\\/\\\/www.envirofalk.com\\\/?s={search_term_string}\"},\"query-input\":{\"@type\":\"PropertyValueSpecification\",\"valueRequired\":true,\"valueName\":\"search_term_string\"}}],\"inLanguage\":\"fr-FR\"},{\"@type\":\"Organization\",\"@id\":\"https:\\\/\\\/www.envirofalk.com\\\/#organization\",\"name\":\"EnviroFALK\",\"url\":\"https:\\\/\\\/www.envirofalk.com\\\/\",\"logo\":{\"@type\":\"ImageObject\",\"inLanguage\":\"fr-FR\",\"@id\":\"https:\\\/\\\/www.envirofalk.com\\\/#\\\/schema\\\/logo\\\/image\\\/\",\"url\":\"https:\\\/\\\/www.envirofalk.com\\\/wp-content\\\/uploads\\\/2023\\\/01\\\/logo.svg\",\"contentUrl\":\"https:\\\/\\\/www.envirofalk.com\\\/wp-content\\\/uploads\\\/2023\\\/01\\\/logo.svg\",\"caption\":\"EnviroFALK\"},\"image\":{\"@id\":\"https:\\\/\\\/www.envirofalk.com\\\/#\\\/schema\\\/logo\\\/image\\\/\"},\"sameAs\":[\"https:\\\/\\\/www.facebook.com\\\/envirofalk\",\"https:\\\/\\\/www.linkedin.com\\\/company\\\/envirofalk-gmbh\",\"https:\\\/\\\/www.youtube.com\\\/channel\\\/UCM1L-2K6cfBbP3aYgJGbVdA\"],\"description\":\"EnviroFALK Prozesswassertechnik ist Ihr Spezialist f\u00fcr ma\u00dfgeschneiderte Wasseraufbereitungsl\u00f6sungen in der Industrie. Wir bieten innovative Technologien f\u00fcr die Erzeugung und Aufbereitung von Prozesswasser, um h\u00f6chste Effizienz und Qualit\u00e4t in Ihren Produktionsprozessen zu gew\u00e4hrleisten. Mit jahrzehntelanger Erfahrung entwickeln wir nachhaltige und ressourcenschonende L\u00f6sungen, die exakt auf die Anforderungen unserer Kunden abgestimmt sind. Unsere Leistungen umfassen die Filtration, Enth\u00e4rtung, Entsalzung und R\u00fcckgewinnung von Wasser f\u00fcr verschiedenste Anwendungen \u2013 von der Metallverarbeitung bis zur Lebensmittelindustrie. Unsere Experten begleiten Sie von der Planung \u00fcber die Implementierung bis hin zum Service, um eine zuverl\u00e4ssige und wirtschaftliche Wasseraufbereitung sicherzustellen.\",\"email\":\"info@envirofalk.com\",\"telephone\":\"+49 2663 9908-0\",\"legalName\":\"EnviroFALK GmbH\",\"foundingDate\":\"1989-05-01\"}]}<\/script>\n<!-- \/ Yoast SEO Premium plugin. -->","yoast_head_json":{"title":"Nos sites &#8211; EnviroFALK","robots":{"index":"index","follow":"follow","max-snippet":"max-snippet:-1","max-image-preview":"max-image-preview:large","max-video-preview":"max-video-preview:-1"},"canonical":"https:\/\/www.envirofalk.com\/fr\/entreprise\/nos-sites\/","og_locale":"fr_FR","og_type":"article","og_title":"Nos sites","og_description":"[vc_section][vc_row full_width=\u00a0\u00bbstretch_row_content_no_spaces\u00a0\u00bb][vc_column][\/vc_column][\/vc_row][vc_row el_class=\u00a0\u00bbbreadcrumbs-wrapper\u00a0\u00bb][vc_column][\/vc_column][\/vc_row][\/vc_section][vc_section][vc_row css_animation=\u00a0\u00bbslideInUp\u00a0\u00bb el_class=\u00a0\u00bbtablet-row\u00a0\u00bb][vc_column width=\u00a0\u00bb3\/4&Prime;][vc_custom_heading text=\u00a0\u00bbSites EnviroFALK &#8211; nous sommes pr\u00e8s de chez vous !\u00a0\u00bb font_container=\u00a0\u00bbtag:h1|text_align:left\u00a0\u00bb use_theme_fonts=\u00a0\u00bbyes\u00a0\u00bb][vc_column_text]Un bon service et la proximit\u00e9 avec le client vont de pair chez EnviroFALK. Vous avez besoin de pi\u00e8ces de rechange et d&rsquo;usure pour vos installations de traitement de l&rsquo;eau ? Vous souhaitez faire r\u00e9g\u00e9n\u00e9rer vos cartouches \u00e9changeuses [&hellip;]","og_url":"https:\/\/www.envirofalk.com\/fr\/entreprise\/nos-sites\/","og_site_name":"EnviroFALK","article_publisher":"https:\/\/www.facebook.com\/envirofalk","article_modified_time":"2024-06-26T06:34:23+00:00","twitter_card":"summary_large_image","twitter_misc":{"Dur\u00e9e de lecture estim\u00e9e":"2 minutes"},"schema":{"@context":"https:\/\/schema.org","@graph":[{"@type":"WebPage","@id":"https:\/\/www.envirofalk.com\/fr\/entreprise\/nos-sites\/","url":"https:\/\/www.envirofalk.com\/fr\/entreprise\/nos-sites\/","name":"Nos sites &#8211; EnviroFALK","isPartOf":{"@id":"https:\/\/www.envirofalk.com\/#website"},"datePublished":"2024-01-24T09:54:39+00:00","dateModified":"2024-06-26T06:34:23+00:00","breadcrumb":{"@id":"https:\/\/www.envirofalk.com\/fr\/entreprise\/nos-sites\/#breadcrumb"},"inLanguage":"fr-FR","potentialAction":[{"@type":"ReadAction","target":["https:\/\/www.envirofalk.com\/fr\/entreprise\/nos-sites\/"]}]},{"@type":"BreadcrumbList","@id":"https:\/\/www.envirofalk.com\/fr\/entreprise\/nos-sites\/#breadcrumb","itemListElement":[{"@type":"ListItem","position":1,"name":"Home","item":"https:\/\/www.envirofalk.com\/fr\/"},{"@type":"ListItem","position":2,"name":"Entreprise","item":"https:\/\/www.envirofalk.com\/fr\/entreprise\/"},{"@type":"ListItem","position":3,"name":"Nos sites"}]},{"@type":"WebSite","@id":"https:\/\/www.envirofalk.com\/#website","url":"https:\/\/www.envirofalk.com\/","name":"EnviroFALK","description":"Wasseraufbereitungsanlagen f\u00fcr Industrie, Gewerbe &amp; Labor","publisher":{"@id":"https:\/\/www.envirofalk.com\/#organization"},"potentialAction":[{"@type":"SearchAction","target":{"@type":"EntryPoint","urlTemplate":"https:\/\/www.envirofalk.com\/?s={search_term_string}"},"query-input":{"@type":"PropertyValueSpecification","valueRequired":true,"valueName":"search_term_string"}}],"inLanguage":"fr-FR"},{"@type":"Organization","@id":"https:\/\/www.envirofalk.com\/#organization","name":"EnviroFALK","url":"https:\/\/www.envirofalk.com\/","logo":{"@type":"ImageObject","inLanguage":"fr-FR","@id":"https:\/\/www.envirofalk.com\/#\/schema\/logo\/image\/","url":"https:\/\/www.envirofalk.com\/wp-content\/uploads\/2023\/01\/logo.svg","contentUrl":"https:\/\/www.envirofalk.com\/wp-content\/uploads\/2023\/01\/logo.svg","caption":"EnviroFALK"},"image":{"@id":"https:\/\/www.envirofalk.com\/#\/schema\/logo\/image\/"},"sameAs":["https:\/\/www.facebook.com\/envirofalk","https:\/\/www.linkedin.com\/company\/envirofalk-gmbh","https:\/\/www.youtube.com\/channel\/UCM1L-2K6cfBbP3aYgJGbVdA"],"description":"EnviroFALK Prozesswassertechnik ist Ihr Spezialist f\u00fcr ma\u00dfgeschneiderte Wasseraufbereitungsl\u00f6sungen in der Industrie. Wir bieten innovative Technologien f\u00fcr die Erzeugung und Aufbereitung von Prozesswasser, um h\u00f6chste Effizienz und Qualit\u00e4t in Ihren Produktionsprozessen zu gew\u00e4hrleisten. Mit jahrzehntelanger Erfahrung entwickeln wir nachhaltige und ressourcenschonende L\u00f6sungen, die exakt auf die Anforderungen unserer Kunden abgestimmt sind. Unsere Leistungen umfassen die Filtration, Enth\u00e4rtung, Entsalzung und R\u00fcckgewinnung von Wasser f\u00fcr verschiedenste Anwendungen \u2013 von der Metallverarbeitung bis zur Lebensmittelindustrie. Unsere Experten begleiten Sie von der Planung \u00fcber die Implementierung bis hin zum Service, um eine zuverl\u00e4ssige und wirtschaftliche Wasseraufbereitung sicherzustellen.","email":"info@envirofalk.com","telephone":"+49 2663 9908-0","legalName":"EnviroFALK GmbH","foundingDate":"1989-05-01"}]}},"_links":{"self":[{"href":"https:\/\/www.envirofalk.com\/fr\/wp-json\/wp\/v2\/pages\/8063","targetHints":{"allow":["GET"]}}],"collection":[{"href":"https:\/\/www.envirofalk.com\/fr\/wp-json\/wp\/v2\/pages"}],"about":[{"href":"https:\/\/www.envirofalk.com\/fr\/wp-json\/wp\/v2\/types\/page"}],"author":[{"embeddable":true,"href":"https:\/\/www.envirofalk.com\/fr\/wp-json\/wp\/v2\/users\/3"}],"replies":[{"embeddable":true,"href":"https:\/\/www.envirofalk.com\/fr\/wp-json\/wp\/v2\/comments?post=8063"}],"version-history":[{"count":6,"href":"https:\/\/www.envirofalk.com\/fr\/wp-json\/wp\/v2\/pages\/8063\/revisions"}],"predecessor-version":[{"id":16056,"href":"https:\/\/www.envirofalk.com\/fr\/wp-json\/wp\/v2\/pages\/8063\/revisions\/16056"}],"up":[{"embeddable":true,"href":"https:\/\/www.envirofalk.com\/fr\/wp-json\/wp\/v2\/pages\/7948"}],"wp:attachment":[{"href":"https:\/\/www.envirofalk.com\/fr\/wp-json\/wp\/v2\/media?parent=8063"}],"curies":[{"name":"wp","href":"https:\/\/api.w.org\/{rel}","templated":true}]}}