{"id":8029,"date":"2024-01-24T10:54:38","date_gmt":"2024-01-24T09:54:38","guid":{"rendered":"https:\/\/www.envirofalk.com\/centre-dinformation\/"},"modified":"2024-06-14T11:36:47","modified_gmt":"2024-06-14T09:36:47","slug":"centre-dinformation","status":"publish","type":"page","link":"https:\/\/www.envirofalk.com\/fr\/centre-dinformation\/","title":{"rendered":"Centre d&rsquo;information"},"content":{"rendered":"<div class=\"wpb-content-wrapper\"><p>[vc_section][vc_row full_width=\u00a0\u00bbstretch_row_content_no_spaces\u00a0\u00bb][vc_column]<div class=\"custom-top-banner img-box   \" style=\"background-image: url(https:\/\/www.envirofalk.com\/wp-content\/uploads\/2023\/05\/banner-branchen.jpg)\"><div class=\"container relative\"><div class=\"text-box\"><\/div><\/div><\/div>[\/vc_column][\/vc_row][vc_row el_class=\u00a0\u00bbbreadcrumbs-wrapper\u00a0\u00bb][vc_column]<div class=\"breadcrumbs\"><label><\/label> <a href=\"https:\/\/www.envirofalk.com\/fr\/\">Home<\/a><\/div>[\/vc_column][\/vc_row][\/vc_section][vc_section][vc_row css_animation=\u00a0\u00bbslideInUp\u00a0\u00bb el_class=\u00a0\u00bbtablet-row\u00a0\u00bb][vc_column width=\u00a0\u00bb3\/4&Prime;][vc_custom_heading source=\u00a0\u00bbpost_title\u00a0\u00bb font_container=\u00a0\u00bbtag:h1|text_align:left\u00a0\u00bb use_theme_fonts=\u00a0\u00bbyes\u00a0\u00bb][\/vc_column][vc_column width=\u00a0\u00bb1\/4&Prime;][\/vc_column][\/vc_row][vc_row][vc_column css_animation=\u00a0\u00bbfadeInUpBig\u00a0\u00bb]<div class=\"teaser-boxes wpb_content_element\"><div><a href=\"https:\/\/www.envirofalk.com\/fr\/connaissances-dexperts-sur-le-traitement-de-leau\/\" target=\"_self\"><figure class=\"img-box \" style=\"background-image: url(https:\/\/www.envirofalk.com\/wp-content\/uploads\/2023\/09\/Wasserwissen.jpg)\"><\/figure><\/a><div class=\"text-box\"><img loading=\"lazy\" decoding=\"async\" width=\"1\" height=\"1\" src=\"https:\/\/www.envirofalk.com\/wp-content\/uploads\/2023\/05\/icon_kundenlosungen.svg\" class=\"attachment-120x120 size-120x120\" alt=\"Gl\u00fchbirne Icon\" \/><h3 class=\"entry-title \"><a href=\"https:\/\/www.envirofalk.com\/fr\/connaissances-dexperts-sur-le-traitement-de-leau\/\" target=\"_self\">Connaissances d'experts sur le traitement de l'eau<\/a><\/h3><div class=\"wpb_text_column\">Vous avez des questions sur nos proc\u00e9dures et nos techniques ? Vous trouverez ici les r\u00e9ponses. Plongez dans le monde du traitement de l'eau\n<\/div><\/div><\/div><div><a href=\"https:\/\/www.envirofalk.com\/fr\/centre-dinformation\/videos\/\" target=\"_self\"><figure class=\"img-box \" style=\"background-image: url(https:\/\/www.envirofalk.com\/wp-content\/uploads\/2023\/09\/Infocenter_Videos.jpg)\"><\/figure><\/a><div class=\"text-box\"><img loading=\"lazy\" decoding=\"async\" width=\"1\" height=\"1\" src=\"https:\/\/www.envirofalk.com\/wp-content\/uploads\/2023\/05\/Optische_Industrie_Reinigung_Icon.svg\" class=\"attachment-120x120 size-120x120\" alt=\"\" \/><h3 class=\"entry-title \"><a href=\"https:\/\/www.envirofalk.com\/fr\/centre-dinformation\/videos\/\" target=\"_self\">Vid\u00e9os<\/a><\/h3><div class=\"wpb_text_column\">D\u00e9couvrez notre \u00e9quipe, les nouveaut\u00e9s techniques et d'autres \u00e9v\u00e9nements en images anim\u00e9es.<\/div><\/div><\/div><div><a href=\"https:\/\/www.envirofalk.com\/fr\/centre-dinformation\/telechargements\/\" target=\"_self\"><figure class=\"img-box \" style=\"background-image: url(https:\/\/www.envirofalk.com\/wp-content\/uploads\/2023\/09\/Infocenter-Downloads.jpg)\"><\/figure><\/a><div class=\"text-box\"><img loading=\"lazy\" decoding=\"async\" width=\"1\" height=\"1\" src=\"https:\/\/www.envirofalk.com\/wp-content\/uploads\/2023\/08\/Wasseraufbereitung_Touchscreen_Icon.svg\" class=\"attachment-120x120 size-120x120\" alt=\"\" \/><h3 class=\"entry-title \"><a href=\"https:\/\/www.envirofalk.com\/fr\/centre-dinformation\/telechargements\/\" target=\"_self\">T\u00e9l\u00e9chargements<\/a><\/h3><div class=\"wpb_text_column\">Pouvons-nous vous aider \u00e0 ce stade en vous fournissant de plus amples informations ? Nous le faisons volontiers. Dans notre zone de t\u00e9l\u00e9chargement, vous trouverez du mat\u00e9riel d'information utile sur le traitement de l'eau.<\/div><\/div><\/div><div><a href=\"https:\/\/www.envirofalk.com\/fr\/centre-dinformation\/communiques-de-presse\/\" target=\"_self\"><figure class=\"img-box \" style=\"background-image: url(https:\/\/www.envirofalk.com\/wp-content\/uploads\/2023\/09\/News_Pressebereich.jpg)\"><\/figure><\/a><div class=\"text-box\"><img loading=\"lazy\" decoding=\"async\" width=\"1\" height=\"1\" src=\"https:\/\/www.envirofalk.com\/wp-content\/uploads\/2023\/08\/News_Icon.svg\" class=\"attachment-120x120 size-120x120\" alt=\"Newsletter Icon\" \/><h3 class=\"entry-title \"><a href=\"https:\/\/www.envirofalk.com\/fr\/centre-dinformation\/communiques-de-presse\/\" target=\"_self\">Communiqu\u00e9s de presse<\/a><\/h3><div class=\"wpb_text_column\">Nous vous tenons ici toujours au courant des derniers d\u00e9veloppements, des \u00e9v\u00e9nements passionnants et des informations importantes concernant notre entreprise. <\/div><\/div><\/div><div><a href=\"https:\/\/www.envirofalk.com\/fr\/clients-solutions\/\" target=\"_self\"><figure class=\"img-box \" style=\"background-image: url(https:\/\/www.envirofalk.com\/wp-content\/uploads\/2023\/08\/Stellenanzeige_Technischer_Einkaeufer_EnviroFALK.jpg)\"><\/figure><\/a><div class=\"text-box\"><img loading=\"lazy\" decoding=\"async\" width=\"1\" height=\"1\" src=\"https:\/\/www.envirofalk.com\/wp-content\/uploads\/2023\/05\/icon_kontakt.svg\" class=\"attachment-120x120 size-120x120\" alt=\"Person mit Headset und zwei Sprechblasen Icon\" \/><h3 class=\"entry-title \"><a href=\"https:\/\/www.envirofalk.com\/fr\/clients-solutions\/\" target=\"_self\"> Clients & solutions<\/a><\/h3><div class=\"wpb_text_column\">Nombre de nos clients comptent parmi les entreprises et institutions de premier plan. Les industries, les h\u00f4pitaux et les laboratoires font confiance \u00e0 la technologie de traitement de l'eau d'EnviroFALK depuis des ann\u00e9es. <\/div><\/div><\/div><div><a href=\"https:\/\/www.envirofalk.com\/fr\/salons-et-evenements\/\" target=\"_self\"><figure class=\"img-box \" style=\"background-image: url(https:\/\/www.envirofalk.com\/wp-content\/uploads\/2023\/09\/Infocenter_MessenVeranstaltungen.jpg)\"><\/figure><\/a><div class=\"text-box\"><img loading=\"lazy\" decoding=\"async\" width=\"1\" height=\"1\" src=\"https:\/\/www.envirofalk.com\/wp-content\/uploads\/2023\/05\/icon_messen-events.svg\" class=\"attachment-120x120 size-120x120\" alt=\"\" \/><h3 class=\"entry-title \"><a href=\"https:\/\/www.envirofalk.com\/fr\/salons-et-evenements\/\" target=\"_self\">Salons et \u00e9v\u00e9nements<\/a><\/h3><div class=\"wpb_text_column\">Lorsqu'il s'agit de solutions pour votre traitement de l'eau, vous d\u00e9couvrirez un v\u00e9ritable enthousiasme lors de nos salons et \u00e9v\u00e9nements, dans le cadre d'un entretien personnel. Apprenez \u00e0 nous conna\u00eetre !<\/div><\/div><\/div><\/div>[\/vc_column][\/vc_row][\/vc_section]<\/p>\n<\/div>","protected":false},"excerpt":{"rendered":"<p>[vc_section][vc_row full_width=\u00a0\u00bbstretch_row_content_no_spaces\u00a0\u00bb][vc_column][\/vc_column][\/vc_row][vc_row el_class=\u00a0\u00bbbreadcrumbs-wrapper\u00a0\u00bb][vc_column][\/vc_column][\/vc_row][\/vc_section][vc_section][vc_row css_animation=\u00a0\u00bbslideInUp\u00a0\u00bb el_class=\u00a0\u00bbtablet-row\u00a0\u00bb][vc_column width=\u00a0\u00bb3\/4&Prime;][vc_custom_heading source=\u00a0\u00bbpost_title\u00a0\u00bb font_container=\u00a0\u00bbtag:h1|text_align:left\u00a0\u00bb use_theme_fonts=\u00a0\u00bbyes\u00a0\u00bb][\/vc_column][vc_column width=\u00a0\u00bb1\/4&Prime;][\/vc_column][\/vc_row][vc_row][vc_column css_animation=\u00a0\u00bbfadeInUpBig\u00a0\u00bb][\/vc_column][\/vc_row][\/vc_section]<\/p>\n","protected":false},"author":3,"featured_media":0,"parent":0,"menu_order":15,"comment_status":"closed","ping_status":"closed","template":"","meta":{"_acf_changed":false,"rs_blank_template":"","rs_page_bg_color":"","slide_template_v7":"","footnotes":""},"class_list":["post-8029","page","type-page","status-publish","hentry"],"acf":[],"yoast_head":"<!-- This site is optimized with the Yoast SEO Premium plugin v27.5 (Yoast SEO v27.5) - https:\/\/yoast.com\/product\/yoast-seo-premium-wordpress\/ -->\n<title>Centre d&#039;information &#8211; EnviroFALK<\/title>\n<meta name=\"description\" content=\"Vous avez des questions sur nos proc\u00e9dures et nos techniques ? Vous trouverez des r\u00e9ponses ici. Plongez dans le monde du traitement de l&#039;eau\" \/>\n<meta name=\"robots\" content=\"index, follow, max-snippet:-1, max-image-preview:large, max-video-preview:-1\" \/>\n<link rel=\"canonical\" href=\"https:\/\/www.envirofalk.com\/fr\/centre-dinformation\/\" \/>\n<meta property=\"og:locale\" content=\"fr_FR\" \/>\n<meta property=\"og:type\" content=\"article\" \/>\n<meta property=\"og:title\" content=\"Centre d&#039;information\" \/>\n<meta property=\"og:description\" content=\"Vous avez des questions sur nos proc\u00e9dures et nos techniques ? Vous trouverez des r\u00e9ponses ici. Plongez dans le monde du traitement de l&#039;eau\" \/>\n<meta property=\"og:url\" content=\"https:\/\/www.envirofalk.com\/fr\/centre-dinformation\/\" \/>\n<meta property=\"og:site_name\" content=\"EnviroFALK\" \/>\n<meta property=\"article:publisher\" content=\"https:\/\/www.facebook.com\/envirofalk\" \/>\n<meta property=\"article:modified_time\" content=\"2024-06-14T09:36:47+00:00\" \/>\n<meta name=\"twitter:card\" content=\"summary_large_image\" \/>\n<meta name=\"twitter:label1\" content=\"Dur\u00e9e de lecture estim\u00e9e\" \/>\n\t<meta name=\"twitter:data1\" content=\"1 minute\" \/>\n<script type=\"application\/ld+json\" class=\"yoast-schema-graph\">{\"@context\":\"https:\\\/\\\/schema.org\",\"@graph\":[{\"@type\":\"WebPage\",\"@id\":\"https:\\\/\\\/www.envirofalk.com\\\/fr\\\/centre-dinformation\\\/\",\"url\":\"https:\\\/\\\/www.envirofalk.com\\\/fr\\\/centre-dinformation\\\/\",\"name\":\"Centre d'information &#8211; EnviroFALK\",\"isPartOf\":{\"@id\":\"https:\\\/\\\/www.envirofalk.com\\\/fr\\\/#website\"},\"datePublished\":\"2024-01-24T09:54:38+00:00\",\"dateModified\":\"2024-06-14T09:36:47+00:00\",\"description\":\"Vous avez des questions sur nos proc\u00e9dures et nos techniques ? Vous trouverez des r\u00e9ponses ici. Plongez dans le monde du traitement de l'eau\",\"breadcrumb\":{\"@id\":\"https:\\\/\\\/www.envirofalk.com\\\/fr\\\/centre-dinformation\\\/#breadcrumb\"},\"inLanguage\":\"fr-FR\",\"potentialAction\":[{\"@type\":\"ReadAction\",\"target\":[\"https:\\\/\\\/www.envirofalk.com\\\/fr\\\/centre-dinformation\\\/\"]}]},{\"@type\":\"BreadcrumbList\",\"@id\":\"https:\\\/\\\/www.envirofalk.com\\\/fr\\\/centre-dinformation\\\/#breadcrumb\",\"itemListElement\":[{\"@type\":\"ListItem\",\"position\":1,\"name\":\"Home\",\"item\":\"https:\\\/\\\/www.envirofalk.com\\\/fr\\\/\"},{\"@type\":\"ListItem\",\"position\":2,\"name\":\"Centre d&#8217;information\"}]},{\"@type\":\"WebSite\",\"@id\":\"https:\\\/\\\/www.envirofalk.com\\\/fr\\\/#website\",\"url\":\"https:\\\/\\\/www.envirofalk.com\\\/fr\\\/\",\"name\":\"EnviroFALK\",\"description\":\"Wasseraufbereitungsanlagen f\u00fcr Industrie, Gewerbe &amp; Labor\",\"publisher\":{\"@id\":\"https:\\\/\\\/www.envirofalk.com\\\/fr\\\/#organization\"},\"potentialAction\":[{\"@type\":\"SearchAction\",\"target\":{\"@type\":\"EntryPoint\",\"urlTemplate\":\"https:\\\/\\\/www.envirofalk.com\\\/fr\\\/?s={search_term_string}\"},\"query-input\":{\"@type\":\"PropertyValueSpecification\",\"valueRequired\":true,\"valueName\":\"search_term_string\"}}],\"inLanguage\":\"fr-FR\"},{\"@type\":\"Organization\",\"@id\":\"https:\\\/\\\/www.envirofalk.com\\\/fr\\\/#organization\",\"name\":\"EnviroFALK\",\"url\":\"https:\\\/\\\/www.envirofalk.com\\\/fr\\\/\",\"logo\":{\"@type\":\"ImageObject\",\"inLanguage\":\"fr-FR\",\"@id\":\"https:\\\/\\\/www.envirofalk.com\\\/fr\\\/#\\\/schema\\\/logo\\\/image\\\/\",\"url\":\"https:\\\/\\\/www.envirofalk.com\\\/wp-content\\\/uploads\\\/2023\\\/01\\\/logo.svg\",\"contentUrl\":\"https:\\\/\\\/www.envirofalk.com\\\/wp-content\\\/uploads\\\/2023\\\/01\\\/logo.svg\",\"caption\":\"EnviroFALK\"},\"image\":{\"@id\":\"https:\\\/\\\/www.envirofalk.com\\\/fr\\\/#\\\/schema\\\/logo\\\/image\\\/\"},\"sameAs\":[\"https:\\\/\\\/www.facebook.com\\\/envirofalk\",\"https:\\\/\\\/www.linkedin.com\\\/company\\\/envirofalk-gmbh\",\"https:\\\/\\\/www.youtube.com\\\/channel\\\/UCM1L-2K6cfBbP3aYgJGbVdA\"],\"description\":\"EnviroFALK Prozesswassertechnik ist Ihr Spezialist f\u00fcr ma\u00dfgeschneiderte Wasseraufbereitungsl\u00f6sungen in der Industrie. Wir bieten innovative Technologien f\u00fcr die Erzeugung und Aufbereitung von Prozesswasser, um h\u00f6chste Effizienz und Qualit\u00e4t in Ihren Produktionsprozessen zu gew\u00e4hrleisten. Mit jahrzehntelanger Erfahrung entwickeln wir nachhaltige und ressourcenschonende L\u00f6sungen, die exakt auf die Anforderungen unserer Kunden abgestimmt sind. Unsere Leistungen umfassen die Filtration, Enth\u00e4rtung, Entsalzung und R\u00fcckgewinnung von Wasser f\u00fcr verschiedenste Anwendungen \u2013 von der Metallverarbeitung bis zur Lebensmittelindustrie. Unsere Experten begleiten Sie von der Planung \u00fcber die Implementierung bis hin zum Service, um eine zuverl\u00e4ssige und wirtschaftliche Wasseraufbereitung sicherzustellen.\",\"email\":\"info@envirofalk.com\",\"telephone\":\"+49 2663 9908-0\",\"legalName\":\"EnviroFALK GmbH\",\"foundingDate\":\"1989-05-01\"}]}<\/script>\n<!-- \/ Yoast SEO Premium plugin. -->","yoast_head_json":{"title":"Centre d'information &#8211; EnviroFALK","description":"Vous avez des questions sur nos proc\u00e9dures et nos techniques ? Vous trouverez des r\u00e9ponses ici. Plongez dans le monde du traitement de l'eau","robots":{"index":"index","follow":"follow","max-snippet":"max-snippet:-1","max-image-preview":"max-image-preview:large","max-video-preview":"max-video-preview:-1"},"canonical":"https:\/\/www.envirofalk.com\/fr\/centre-dinformation\/","og_locale":"fr_FR","og_type":"article","og_title":"Centre d'information","og_description":"Vous avez des questions sur nos proc\u00e9dures et nos techniques ? Vous trouverez des r\u00e9ponses ici. Plongez dans le monde du traitement de l'eau","og_url":"https:\/\/www.envirofalk.com\/fr\/centre-dinformation\/","og_site_name":"EnviroFALK","article_publisher":"https:\/\/www.facebook.com\/envirofalk","article_modified_time":"2024-06-14T09:36:47+00:00","twitter_card":"summary_large_image","twitter_misc":{"Dur\u00e9e de lecture estim\u00e9e":"1 minute"},"schema":{"@context":"https:\/\/schema.org","@graph":[{"@type":"WebPage","@id":"https:\/\/www.envirofalk.com\/fr\/centre-dinformation\/","url":"https:\/\/www.envirofalk.com\/fr\/centre-dinformation\/","name":"Centre d'information &#8211; EnviroFALK","isPartOf":{"@id":"https:\/\/www.envirofalk.com\/fr\/#website"},"datePublished":"2024-01-24T09:54:38+00:00","dateModified":"2024-06-14T09:36:47+00:00","description":"Vous avez des questions sur nos proc\u00e9dures et nos techniques ? Vous trouverez des r\u00e9ponses ici. Plongez dans le monde du traitement de l'eau","breadcrumb":{"@id":"https:\/\/www.envirofalk.com\/fr\/centre-dinformation\/#breadcrumb"},"inLanguage":"fr-FR","potentialAction":[{"@type":"ReadAction","target":["https:\/\/www.envirofalk.com\/fr\/centre-dinformation\/"]}]},{"@type":"BreadcrumbList","@id":"https:\/\/www.envirofalk.com\/fr\/centre-dinformation\/#breadcrumb","itemListElement":[{"@type":"ListItem","position":1,"name":"Home","item":"https:\/\/www.envirofalk.com\/fr\/"},{"@type":"ListItem","position":2,"name":"Centre d&#8217;information"}]},{"@type":"WebSite","@id":"https:\/\/www.envirofalk.com\/fr\/#website","url":"https:\/\/www.envirofalk.com\/fr\/","name":"EnviroFALK","description":"Wasseraufbereitungsanlagen f\u00fcr Industrie, Gewerbe &amp; Labor","publisher":{"@id":"https:\/\/www.envirofalk.com\/fr\/#organization"},"potentialAction":[{"@type":"SearchAction","target":{"@type":"EntryPoint","urlTemplate":"https:\/\/www.envirofalk.com\/fr\/?s={search_term_string}"},"query-input":{"@type":"PropertyValueSpecification","valueRequired":true,"valueName":"search_term_string"}}],"inLanguage":"fr-FR"},{"@type":"Organization","@id":"https:\/\/www.envirofalk.com\/fr\/#organization","name":"EnviroFALK","url":"https:\/\/www.envirofalk.com\/fr\/","logo":{"@type":"ImageObject","inLanguage":"fr-FR","@id":"https:\/\/www.envirofalk.com\/fr\/#\/schema\/logo\/image\/","url":"https:\/\/www.envirofalk.com\/wp-content\/uploads\/2023\/01\/logo.svg","contentUrl":"https:\/\/www.envirofalk.com\/wp-content\/uploads\/2023\/01\/logo.svg","caption":"EnviroFALK"},"image":{"@id":"https:\/\/www.envirofalk.com\/fr\/#\/schema\/logo\/image\/"},"sameAs":["https:\/\/www.facebook.com\/envirofalk","https:\/\/www.linkedin.com\/company\/envirofalk-gmbh","https:\/\/www.youtube.com\/channel\/UCM1L-2K6cfBbP3aYgJGbVdA"],"description":"EnviroFALK Prozesswassertechnik ist Ihr Spezialist f\u00fcr ma\u00dfgeschneiderte Wasseraufbereitungsl\u00f6sungen in der Industrie. Wir bieten innovative Technologien f\u00fcr die Erzeugung und Aufbereitung von Prozesswasser, um h\u00f6chste Effizienz und Qualit\u00e4t in Ihren Produktionsprozessen zu gew\u00e4hrleisten. Mit jahrzehntelanger Erfahrung entwickeln wir nachhaltige und ressourcenschonende L\u00f6sungen, die exakt auf die Anforderungen unserer Kunden abgestimmt sind. Unsere Leistungen umfassen die Filtration, Enth\u00e4rtung, Entsalzung und R\u00fcckgewinnung von Wasser f\u00fcr verschiedenste Anwendungen \u2013 von der Metallverarbeitung bis zur Lebensmittelindustrie. Unsere Experten begleiten Sie von der Planung \u00fcber die Implementierung bis hin zum Service, um eine zuverl\u00e4ssige und wirtschaftliche Wasseraufbereitung sicherzustellen.","email":"info@envirofalk.com","telephone":"+49 2663 9908-0","legalName":"EnviroFALK GmbH","foundingDate":"1989-05-01"}]}},"_links":{"self":[{"href":"https:\/\/www.envirofalk.com\/fr\/wp-json\/wp\/v2\/pages\/8029","targetHints":{"allow":["GET"]}}],"collection":[{"href":"https:\/\/www.envirofalk.com\/fr\/wp-json\/wp\/v2\/pages"}],"about":[{"href":"https:\/\/www.envirofalk.com\/fr\/wp-json\/wp\/v2\/types\/page"}],"author":[{"embeddable":true,"href":"https:\/\/www.envirofalk.com\/fr\/wp-json\/wp\/v2\/users\/3"}],"replies":[{"embeddable":true,"href":"https:\/\/www.envirofalk.com\/fr\/wp-json\/wp\/v2\/comments?post=8029"}],"version-history":[{"count":3,"href":"https:\/\/www.envirofalk.com\/fr\/wp-json\/wp\/v2\/pages\/8029\/revisions"}],"predecessor-version":[{"id":15755,"href":"https:\/\/www.envirofalk.com\/fr\/wp-json\/wp\/v2\/pages\/8029\/revisions\/15755"}],"wp:attachment":[{"href":"https:\/\/www.envirofalk.com\/fr\/wp-json\/wp\/v2\/media?parent=8029"}],"curies":[{"name":"wp","href":"https:\/\/api.w.org\/{rel}","templated":true}]}}