{"id":8025,"date":"2024-01-24T10:54:37","date_gmt":"2024-01-24T09:54:37","guid":{"rendered":"https:\/\/www.envirofalk.com\/resines-vierges\/"},"modified":"2026-02-04T10:14:19","modified_gmt":"2026-02-04T09:14:19","slug":"resines-vierges","status":"publish","type":"page","link":"https:\/\/www.envirofalk.com\/fr\/resines-vierges\/","title":{"rendered":"R\u00e9sines vierges"},"content":{"rendered":"<div class=\"wpb-content-wrapper\"><p>[vc_section][vc_row full_width=\u00a0\u00bbstretch_row_content_no_spaces\u00a0\u00bb][vc_column]<div class=\"custom-top-banner img-box   has-icon\" style=\"background-image: url(https:\/\/www.envirofalk.com\/wp-content\/uploads\/2023\/11\/Header_Regeneration_Industrie_Branchen_1920x640_h-b9d4fabd.webp)\"><div class=\"container relative\"><div class=\"text-box\"><div class=\"slideInRight animated\"><img loading=\"lazy\" decoding=\"async\" width=\"1\" height=\"1\" src=\"https:\/\/www.envirofalk.com\/wp-content\/uploads\/2023\/08\/Filtertechnik_Icon.svg\" class=\"attachment-120x120 size-120x120\" alt=\"Wasserfilter Icon\" \/><p>R\u00e9sines <strong>vierges<\/strong> de haute qualit\u00e9<\/p><\/div><\/div><\/div><\/div>[\/vc_column][\/vc_row][vc_row el_class=\u00a0\u00bbbreadcrumbs-wrapper\u00a0\u00bb][vc_column]<div class=\"breadcrumbs\"><label><\/label> <a href=\"https:\/\/www.envirofalk.com\/fr\/\">Home<\/a><\/div>[\/vc_column][\/vc_row][\/vc_section][vc_section][vc_row css_animation=\u00a0\u00bbslideInUp\u00a0\u00bb el_class=\u00a0\u00bbtwo-columns-row tablet-row\u00a0\u00bb][vc_column width=\u00a0\u00bb3\/4&Prime;][vc_custom_heading text=\u00a0\u00bbDes r\u00e9sines vierges de la meilleure qualit\u00e9 sont disponibles chez EnviroFALK\u00a0\u00bb font_container=\u00a0\u00bbtag:h1|text_align:left\u00a0\u00bb use_theme_fonts=\u00a0\u00bbyes\u00a0\u00bb][vc_column_text]Avec plus de 30 ans d&rsquo;exp\u00e9rience, personne chez EnviroFALK n&rsquo;est en mesure de nous battre aussi rapidement en mati\u00e8re de traitement de l&rsquo;eau. Ainsi, nous ne sommes pas seulement connus pour nos installations de traitement de l&rsquo;eau, mais aussi pour nos r\u00e9sines \u00e9changeuses d&rsquo;ions de haute qualit\u00e9. [\/vc_column_text][\/vc_column][vc_column width=\u00a0\u00bb1\/4&Prime;]<div class=\"online-consultant-box  wpb_content_element\"><div class=\"online-consultant\"><div><div class=\"person-info\"><h5>Roxane Kamm\u00fcller<\/h5><ul class=\"person-list\"><li><a href=\"tel:+41 41 7404413\">+41 41 7404413<\/a><\/li><\/ul><\/div><\/div><div class=\"relative\"><svg xmlns=\"http:\/\/www.w3.org\/2000\/svg\" viewBox=\"0 0 32.83 32.83\">\n\t\t\t\t\t\t\t\t\t<defs>\n\t\t\t\t\t\t\t\t\t\t<linearGradient id=\"gradient\" x1=\"0%\" y1=\"0%\" x2=\"0%\" y2=\"100%\" gradientTransform=\"rotate(-135)\">\n\t\t\t\t\t\t\t\t\t\t\t<stop offset=\"0%\" stop-color=\"#97be0d\"\/>\n\t\t\t\t\t\t\t\t\t\t\t\t<stop offset=\"100%\" stop-color=\"rgba(255, 255, 255, 0)\"\/>\n\t\t\t\t\t\t\t\t\t\t<\/linearGradient>\n\t\t\t\t\t\t\t\t\t<\/defs>\n\t\t\t\t\t\t\t\t\t<path class=\"wpb_animate_when_almost_visible circular-progress\" stroke=\"url(#gradient)\" stroke-width=\"1\" stroke-dasharray=\"100, 100\" fill=\"none\" d=\"M18,2.08a15.92,15.92,0,0,1,0,31.84h0A15.92,15.92,0,0,1,18,2.08\" transform=\"translate(-1.59 -1.58)\"\/>\n                            \t<\/svg><span><img loading=\"lazy\" decoding=\"async\" width=\"500\" height=\"500\" src=\"https:\/\/www.envirofalk.com\/wp-content\/uploads\/2024\/04\/Roxane_Kammueller-1.png\" class=\"attachment-full size-full\" alt=\"\" srcset=\"https:\/\/www.envirofalk.com\/wp-content\/uploads\/2024\/04\/Roxane_Kammueller-1.png 500w, https:\/\/www.envirofalk.com\/wp-content\/uploads\/2024\/04\/Roxane_Kammueller-1-350x350.png 350w, https:\/\/www.envirofalk.com\/wp-content\/uploads\/2024\/04\/Roxane_Kammueller-1-150x150.png 150w\" sizes=\"auto, (max-width: 500px) 100vw, 500px\" \/><\/span><\/div><\/div><\/div>[\/vc_column][\/vc_row][\/vc_section][vc_section][vc_row el_class=\u00a0\u00bbtablet-row vertical-center\u00a0\u00bb][vc_column css_animation=\u00a0\u00bbslideInLeft\u00a0\u00bb width=\u00a0\u00bb1\/2&Prime;][vc_column_text]<\/p>\n<h2>R\u00e9sines \u00e9changeuses d&rsquo;ions et applications : parfaitement adapt\u00e9es l&rsquo;une \u00e0 l&rsquo;autre<\/h2>\n<p>Chez EnviroFALK, nous savons : Les processus industriels et commerciaux, les h\u00f4pitaux, les laboratoires, la technologie m\u00e9dicale et les cuisines professionnelles &#8211; tous ont des exigences et des directives sp\u00e9cifiques en ce qui concerne l&rsquo;eau dessal\u00e9e. C&rsquo;est aussi la raison pour laquelle EnviroFALK propose une r\u00e9sine sp\u00e9ciale ou un m\u00e9lange de r\u00e9sines parfaitement adapt\u00e9 \u00e0 chaque application. Nous ne laissons rien au hasard, nous savons exactement quelles r\u00e9sines \u00e9changeuses d&rsquo;ions sont les mieux adapt\u00e9es \u00e0 quelles applications. En vous adressant \u00e0 EnviroFALK, vous pouvez donc \u00eatre s\u00fbr d&rsquo;une chose : nos r\u00e9sines \u00e9changeuses d&rsquo;ions sont aussi individuelles que vos domaines d&rsquo;application sont pr\u00e9cis ![\/vc_column_text][\/vc_column][vc_column css_animation=\u00a0\u00bbslideInRight\u00a0\u00bb width=\u00a0\u00bb1\/2&Prime;]<div class=\"bg-image img-box\" style=\"background-image: url(https:\/\/www.envirofalk.com\/wp-content\/uploads\/2023\/02\/bg-about.gif)\"><img loading=\"lazy\" decoding=\"async\" width=\"689\" height=\"567\" src=\"https:\/\/www.envirofalk.com\/wp-content\/uploads\/2023\/08\/RS100_Envi_GreenLINE_Ionenaustauscher_Kunststoff.png\" class=\"attachment-full size-full\" alt=\"acht Ionenaustauscher verschiedener Gr\u00f6\u00dfen\" srcset=\"https:\/\/www.envirofalk.com\/wp-content\/uploads\/2023\/08\/RS100_Envi_GreenLINE_Ionenaustauscher_Kunststoff.png 689w, https:\/\/www.envirofalk.com\/wp-content\/uploads\/2023\/08\/RS100_Envi_GreenLINE_Ionenaustauscher_Kunststoff-350x288.png 350w\" sizes=\"auto, (max-width: 689px) 100vw, 689px\" \/><\/div>[\/vc_column][\/vc_row][\/vc_section][vc_section parallax=\u00a0\u00bbcontent-moving\u00a0\u00bb css=\u00a0\u00bb.vc_custom_1700063037426{background-image: url(https:\/\/www.envirofalk.com\/wp-content\/uploads\/2023\/08\/Wasseraufbereitungspatronen_VE_Wasser.jpg?id=500) !important;background-position: center !important;background-repeat: no-repeat !important;background-size: cover !important;}\u00a0\u00bb][vc_row el_class=\u00a0\u00bbtablet-row reverse vertical-center\u00a0\u00bb][vc_column css_animation=\u00a0\u00bbslideInRight\u00a0\u00bb width=\u00a0\u00bb1\/4&Prime;][\/vc_column][vc_column css_animation=\u00a0\u00bbfadeInLeft\u00a0\u00bb width=\u00a0\u00bb3\/4&Prime; css=\u00a0\u00bb.vc_custom_1697097162005{padding-top: 20px !important;padding-right: 20px !important;padding-bottom: 20px !important;padding-left: 20px !important;}\u00a0\u00bb el_class=\u00a0\u00bbhas-bg\u00a0\u00bb][vc_column_text el_class=\u00a0\u00bbarrows-list\u00a0\u00bb]<\/p>\n<h2>En ce qui concerne les r\u00e9sines \u00e9changeuses d&rsquo;ions, nous recommandons<\/h2>\n<ul>\n<li><strong>\u00e9changeurs d&rsquo;ions \u00e0 lit m\u00e9lang\u00e9 ultra-purs pour les applications analytiques en laboratoire<\/strong><\/li>\n<li><strong>r\u00e9sines \u00e0 lit m\u00e9lang\u00e9 de haute puret\u00e9 pour les processus de lavage et de rev\u00eatement dans les industries m\u00e9dicale et optique<\/strong><\/li>\n<li><strong>r\u00e9sines sp\u00e9ciales \u00e0 lit m\u00e9lang\u00e9 pour l&rsquo;industrie m\u00e9tallurgique pour le traitement de solutions aqueuses<\/strong><\/li>\n<li><strong>r\u00e9sines sp\u00e9ciales \u00e0 lit m\u00e9lang\u00e9 pour le remplissage d&rsquo;eau de chauffage<\/strong><\/li>\n<li><strong>R\u00e9sines anioniques pour augmenter le pH<\/strong><\/li>\n<li><strong>R\u00e9sines cationiques pour l&rsquo;adoucissement de l&rsquo;eau<\/strong><\/li>\n<li><strong>R\u00e9sines s\u00e9lectives pour le traitement des eaux us\u00e9es contenant des m\u00e9taux<\/strong><\/li>\n<\/ul>\n<p>[\/vc_column_text][\/vc_column][\/vc_row][\/vc_section][vc_section el_class=\u00a0\u00bbimg-box top-center\u00a0\u00bb css=\u00a0\u00bb.vc_custom_1691421205622{background-image: url(https:\/\/www.envirofalk.com\/wp-content\/uploads\/2023\/05\/banner-cta.png?id=184) !important;}\u00a0\u00bb el_id=\u00a0\u00bbkunden-und-loesungen\u00a0\u00bb][vc_row][vc_column css_animation=\u00a0\u00bbfadeInLeft\u00a0\u00bb][vc_raw_html]PGRpdiBpZD0iYWJjIj48L2Rpdj4=[\/vc_raw_html]<div class=\"pos_default cta-wrapper wpb_content_element\"><div class=\"text-box\"><div class=\"relative\"><h2 class=\"entry-title\">Nous vous livrons votre\/vos cartouche(s) reconditionn\u00e9e(s)<\/h2><p>M\u00eame la meilleure r\u00e9sine \u00e9changeuse d'ions finit par s'\u00e9puiser et n\u00e9cessite une r\u00e9g\u00e9n\u00e9ration professionnelle... Notre mobile de r\u00e9g\u00e9n\u00e9ration vient chercher vos r\u00e9sines \u00e9changeuses d'ions et vous les restitue trait\u00e9es apr\u00e8s une r\u00e9g\u00e9n\u00e9ration par type.<\/p><a href=\"https:\/\/www.envirofalk.com\/verfahrenstechniken\/ionenaustauscher\/regenerationsservice\/\" target=\"_self\" class=\"custom-btn outline light reverse\">Notre service de r\u00e9g\u00e9n\u00e9ration<i class=\"icon-chevron-right\"><\/i><\/a><\/div><\/div><figure class=\"img-box\" style=\"background-image: url(https:\/\/www.envirofalk.com\/wp-content\/uploads\/2023\/09\/Standorte_EnvioFALK.jpg)\"><\/figure><\/div>[\/vc_column][\/vc_row][\/vc_section][vc_section el_id=\u00a0\u00bbdownloads\u00a0\u00bb][vc_row el_class=\u00a0\u00bbtablet-row\u00a0\u00bb][vc_column css_animation=\u00a0\u00bbslideInRight\u00a0\u00bb el_class=\u00a0\u00bbhas-bg\u00a0\u00bb][vc_column_text]<\/p>\n<h3>Cela pourrait aussi vous int\u00e9resser<\/h3>\n<p>[\/vc_column_text]<div class=\"quick-links default wpb_content_element\" data-background=\"\"><div class=\"flexbox\"><a href=\"https:\/\/www.envirofalk.com\/fr\/service\/\" target=\"_self\"><div class=\"icon default\"><img decoding=\"async\" src=\"https:\/\/www.envirofalk.com\/wp-content\/uploads\/2023\/05\/icon_serviceangebot.svg\" class=\"attachment-full size-full\" alt=\"Zange mit Zahnrad\" \/><\/div><div><h4>Offre de services<\/h4><p>Dans le domaine de la production d'\u00e9nergie, nous proposons des services allant de la plus petite pi\u00e8ce de rechange au gros entretien des installations<\/p><\/div><\/a><\/div><div class=\"flexbox\"><a href=\"https:\/\/www.envirofalk.com\/fr\/clients-solutions\/\" target=\"_self\"><div class=\"icon default\"><img decoding=\"async\" src=\"https:\/\/www.envirofalk.com\/wp-content\/uploads\/2023\/05\/icon_kundenlosungen.svg\" class=\"attachment-full size-full\" alt=\"Gl\u00fchbirne Icon\" \/><\/div><div><h4>Clients et solutions<\/h4><p>Nombre de nos clients comptent parmi les leaders de leur secteur et font confiance aux syst\u00e8mes de traitement de l'eau EnviroFALK depuis des ann\u00e9es.<\/p><\/div><\/a><\/div><div class=\"flexbox\"><a href=\"https:\/\/www.envirofalk.com\/fr\/salons-et-evenements\/\" target=\"_blank\"><div class=\"icon default\"><img decoding=\"async\" src=\"https:\/\/www.envirofalk.com\/wp-content\/uploads\/2023\/05\/icon_messen-events.svg\" class=\"attachment-full size-full\" alt=\"\" \/><\/div><div><h4>Salons et \u00e9v\u00e9nements<\/h4><p>Lorsqu'il s'agit de solutions pour votre traitement de l'eau, vous d\u00e9couvrirez un v\u00e9ritable enthousiasme lors de nos salons et \u00e9v\u00e9nements, dans le cadre d'un entretien personnel. Apprenez \u00e0 nous conna\u00eetre !<\/p><\/div><\/a><\/div><\/div>[\/vc_column][\/vc_row][\/vc_section]<\/p>\n<\/div>","protected":false},"excerpt":{"rendered":"<p>[vc_section][vc_row full_width=\u00a0\u00bbstretch_row_content_no_spaces\u00a0\u00bb][vc_column][\/vc_column][\/vc_row][vc_row el_class=\u00a0\u00bbbreadcrumbs-wrapper\u00a0\u00bb][vc_column][\/vc_column][\/vc_row][\/vc_section][vc_section][vc_row css_animation=\u00a0\u00bbslideInUp\u00a0\u00bb el_class=\u00a0\u00bbtwo-columns-row tablet-row\u00a0\u00bb][vc_column width=\u00a0\u00bb3\/4&Prime;][vc_custom_heading text=\u00a0\u00bbDes r\u00e9sines vierges de la meilleure qualit\u00e9 sont disponibles chez EnviroFALK\u00a0\u00bb font_container=\u00a0\u00bbtag:h1|text_align:left\u00a0\u00bb use_theme_fonts=\u00a0\u00bbyes\u00a0\u00bb][vc_column_text]Avec plus de 30 ans d&rsquo;exp\u00e9rience, personne chez EnviroFALK n&rsquo;est en mesure de nous battre aussi rapidement en mati\u00e8re de traitement de l&rsquo;eau. Ainsi, nous ne sommes pas seulement connus pour nos installations de traitement de [&hellip;]<\/p>\n","protected":false},"author":1,"featured_media":0,"parent":0,"menu_order":17,"comment_status":"closed","ping_status":"closed","template":"","meta":{"_acf_changed":false,"rs_blank_template":"","rs_page_bg_color":"","slide_template_v7":"","footnotes":""},"class_list":["post-8025","page","type-page","status-publish","hentry"],"acf":[],"yoast_head":"<!-- This site is optimized with the Yoast SEO Premium plugin v27.6 (Yoast SEO v27.6) - https:\/\/yoast.com\/product\/yoast-seo-premium-wordpress\/ -->\n<title>R\u00e9sines vierges &#8211; EnviroFALK<\/title>\n<meta name=\"robots\" content=\"index, follow, max-snippet:-1, max-image-preview:large, max-video-preview:-1\" \/>\n<link rel=\"canonical\" href=\"https:\/\/www.envirofalk.com\/fr\/resines-vierges\/\" \/>\n<meta property=\"og:locale\" content=\"fr_FR\" \/>\n<meta property=\"og:type\" content=\"article\" \/>\n<meta property=\"og:title\" content=\"R\u00e9sines vierges\" \/>\n<meta property=\"og:description\" content=\"[vc_section][vc_row full_width=\u00a0\u00bbstretch_row_content_no_spaces\u00a0\u00bb][vc_column][\/vc_column][\/vc_row][vc_row el_class=\u00a0\u00bbbreadcrumbs-wrapper\u00a0\u00bb][vc_column][\/vc_column][\/vc_row][\/vc_section][vc_section][vc_row css_animation=\u00a0\u00bbslideInUp\u00a0\u00bb el_class=\u00a0\u00bbtwo-columns-row tablet-row\u00a0\u00bb][vc_column width=\u00a0\u00bb3\/4&Prime;][vc_custom_heading text=\u00a0\u00bbDes r\u00e9sines vierges de la meilleure qualit\u00e9 sont disponibles chez EnviroFALK\u00a0\u00bb font_container=\u00a0\u00bbtag:h1|text_align:left\u00a0\u00bb use_theme_fonts=\u00a0\u00bbyes\u00a0\u00bb][vc_column_text]Avec plus de 30 ans d&rsquo;exp\u00e9rience, personne chez EnviroFALK n&rsquo;est en mesure de nous battre aussi rapidement en mati\u00e8re de traitement de l&rsquo;eau. Ainsi, nous ne sommes pas seulement connus pour nos installations de traitement de [&hellip;]\" \/>\n<meta property=\"og:url\" content=\"https:\/\/www.envirofalk.com\/fr\/resines-vierges\/\" \/>\n<meta property=\"og:site_name\" content=\"EnviroFALK\" \/>\n<meta property=\"article:publisher\" content=\"https:\/\/www.facebook.com\/envirofalk\" \/>\n<meta property=\"article:modified_time\" content=\"2026-02-04T09:14:19+00:00\" \/>\n<meta name=\"twitter:card\" content=\"summary_large_image\" \/>\n<meta name=\"twitter:label1\" content=\"Dur\u00e9e de lecture estim\u00e9e\" \/>\n\t<meta name=\"twitter:data1\" content=\"3 minutes\" \/>\n<script type=\"application\/ld+json\" class=\"yoast-schema-graph\">{\"@context\":\"https:\\\/\\\/schema.org\",\"@graph\":[{\"@type\":\"WebPage\",\"@id\":\"https:\\\/\\\/www.envirofalk.com\\\/fr\\\/resines-vierges\\\/\",\"url\":\"https:\\\/\\\/www.envirofalk.com\\\/fr\\\/resines-vierges\\\/\",\"name\":\"R\u00e9sines vierges &#8211; EnviroFALK\",\"isPartOf\":{\"@id\":\"https:\\\/\\\/www.envirofalk.com\\\/fr\\\/#website\"},\"datePublished\":\"2024-01-24T09:54:37+00:00\",\"dateModified\":\"2026-02-04T09:14:19+00:00\",\"breadcrumb\":{\"@id\":\"https:\\\/\\\/www.envirofalk.com\\\/fr\\\/resines-vierges\\\/#breadcrumb\"},\"inLanguage\":\"fr-FR\",\"potentialAction\":[{\"@type\":\"ReadAction\",\"target\":[\"https:\\\/\\\/www.envirofalk.com\\\/fr\\\/resines-vierges\\\/\"]}]},{\"@type\":\"BreadcrumbList\",\"@id\":\"https:\\\/\\\/www.envirofalk.com\\\/fr\\\/resines-vierges\\\/#breadcrumb\",\"itemListElement\":[{\"@type\":\"ListItem\",\"position\":1,\"name\":\"Home\",\"item\":\"https:\\\/\\\/www.envirofalk.com\\\/fr\\\/\"},{\"@type\":\"ListItem\",\"position\":2,\"name\":\"R\u00e9sines vierges\"}]},{\"@type\":\"WebSite\",\"@id\":\"https:\\\/\\\/www.envirofalk.com\\\/fr\\\/#website\",\"url\":\"https:\\\/\\\/www.envirofalk.com\\\/fr\\\/\",\"name\":\"EnviroFALK\",\"description\":\"Wasseraufbereitungsanlagen f\u00fcr Industrie, Gewerbe &amp; Labor\",\"publisher\":{\"@id\":\"https:\\\/\\\/www.envirofalk.com\\\/fr\\\/#organization\"},\"potentialAction\":[{\"@type\":\"SearchAction\",\"target\":{\"@type\":\"EntryPoint\",\"urlTemplate\":\"https:\\\/\\\/www.envirofalk.com\\\/fr\\\/?s={search_term_string}\"},\"query-input\":{\"@type\":\"PropertyValueSpecification\",\"valueRequired\":true,\"valueName\":\"search_term_string\"}}],\"inLanguage\":\"fr-FR\"},{\"@type\":\"Organization\",\"@id\":\"https:\\\/\\\/www.envirofalk.com\\\/fr\\\/#organization\",\"name\":\"EnviroFALK\",\"url\":\"https:\\\/\\\/www.envirofalk.com\\\/fr\\\/\",\"logo\":{\"@type\":\"ImageObject\",\"inLanguage\":\"fr-FR\",\"@id\":\"https:\\\/\\\/www.envirofalk.com\\\/fr\\\/#\\\/schema\\\/logo\\\/image\\\/\",\"url\":\"https:\\\/\\\/www.envirofalk.com\\\/wp-content\\\/uploads\\\/2023\\\/01\\\/logo.svg\",\"contentUrl\":\"https:\\\/\\\/www.envirofalk.com\\\/wp-content\\\/uploads\\\/2023\\\/01\\\/logo.svg\",\"caption\":\"EnviroFALK\"},\"image\":{\"@id\":\"https:\\\/\\\/www.envirofalk.com\\\/fr\\\/#\\\/schema\\\/logo\\\/image\\\/\"},\"sameAs\":[\"https:\\\/\\\/www.facebook.com\\\/envirofalk\",\"https:\\\/\\\/www.linkedin.com\\\/company\\\/envirofalk-gmbh\",\"https:\\\/\\\/www.youtube.com\\\/channel\\\/UCM1L-2K6cfBbP3aYgJGbVdA\"],\"description\":\"EnviroFALK Prozesswassertechnik ist Ihr Spezialist f\u00fcr ma\u00dfgeschneiderte Wasseraufbereitungsl\u00f6sungen in der Industrie. Wir bieten innovative Technologien f\u00fcr die Erzeugung und Aufbereitung von Prozesswasser, um h\u00f6chste Effizienz und Qualit\u00e4t in Ihren Produktionsprozessen zu gew\u00e4hrleisten. Mit jahrzehntelanger Erfahrung entwickeln wir nachhaltige und ressourcenschonende L\u00f6sungen, die exakt auf die Anforderungen unserer Kunden abgestimmt sind. Unsere Leistungen umfassen die Filtration, Enth\u00e4rtung, Entsalzung und R\u00fcckgewinnung von Wasser f\u00fcr verschiedenste Anwendungen \u2013 von der Metallverarbeitung bis zur Lebensmittelindustrie. Unsere Experten begleiten Sie von der Planung \u00fcber die Implementierung bis hin zum Service, um eine zuverl\u00e4ssige und wirtschaftliche Wasseraufbereitung sicherzustellen.\",\"email\":\"info@envirofalk.com\",\"telephone\":\"+49 2663 9908-0\",\"legalName\":\"EnviroFALK GmbH\",\"foundingDate\":\"1989-05-01\"}]}<\/script>\n<!-- \/ Yoast SEO Premium plugin. -->","yoast_head_json":{"title":"R\u00e9sines vierges &#8211; EnviroFALK","robots":{"index":"index","follow":"follow","max-snippet":"max-snippet:-1","max-image-preview":"max-image-preview:large","max-video-preview":"max-video-preview:-1"},"canonical":"https:\/\/www.envirofalk.com\/fr\/resines-vierges\/","og_locale":"fr_FR","og_type":"article","og_title":"R\u00e9sines vierges","og_description":"[vc_section][vc_row full_width=\u00a0\u00bbstretch_row_content_no_spaces\u00a0\u00bb][vc_column][\/vc_column][\/vc_row][vc_row el_class=\u00a0\u00bbbreadcrumbs-wrapper\u00a0\u00bb][vc_column][\/vc_column][\/vc_row][\/vc_section][vc_section][vc_row css_animation=\u00a0\u00bbslideInUp\u00a0\u00bb el_class=\u00a0\u00bbtwo-columns-row tablet-row\u00a0\u00bb][vc_column width=\u00a0\u00bb3\/4&Prime;][vc_custom_heading text=\u00a0\u00bbDes r\u00e9sines vierges de la meilleure qualit\u00e9 sont disponibles chez EnviroFALK\u00a0\u00bb font_container=\u00a0\u00bbtag:h1|text_align:left\u00a0\u00bb use_theme_fonts=\u00a0\u00bbyes\u00a0\u00bb][vc_column_text]Avec plus de 30 ans d&rsquo;exp\u00e9rience, personne chez EnviroFALK n&rsquo;est en mesure de nous battre aussi rapidement en mati\u00e8re de traitement de l&rsquo;eau. Ainsi, nous ne sommes pas seulement connus pour nos installations de traitement de [&hellip;]","og_url":"https:\/\/www.envirofalk.com\/fr\/resines-vierges\/","og_site_name":"EnviroFALK","article_publisher":"https:\/\/www.facebook.com\/envirofalk","article_modified_time":"2026-02-04T09:14:19+00:00","twitter_card":"summary_large_image","twitter_misc":{"Dur\u00e9e de lecture estim\u00e9e":"3 minutes"},"schema":{"@context":"https:\/\/schema.org","@graph":[{"@type":"WebPage","@id":"https:\/\/www.envirofalk.com\/fr\/resines-vierges\/","url":"https:\/\/www.envirofalk.com\/fr\/resines-vierges\/","name":"R\u00e9sines vierges &#8211; EnviroFALK","isPartOf":{"@id":"https:\/\/www.envirofalk.com\/fr\/#website"},"datePublished":"2024-01-24T09:54:37+00:00","dateModified":"2026-02-04T09:14:19+00:00","breadcrumb":{"@id":"https:\/\/www.envirofalk.com\/fr\/resines-vierges\/#breadcrumb"},"inLanguage":"fr-FR","potentialAction":[{"@type":"ReadAction","target":["https:\/\/www.envirofalk.com\/fr\/resines-vierges\/"]}]},{"@type":"BreadcrumbList","@id":"https:\/\/www.envirofalk.com\/fr\/resines-vierges\/#breadcrumb","itemListElement":[{"@type":"ListItem","position":1,"name":"Home","item":"https:\/\/www.envirofalk.com\/fr\/"},{"@type":"ListItem","position":2,"name":"R\u00e9sines vierges"}]},{"@type":"WebSite","@id":"https:\/\/www.envirofalk.com\/fr\/#website","url":"https:\/\/www.envirofalk.com\/fr\/","name":"EnviroFALK","description":"Wasseraufbereitungsanlagen f\u00fcr Industrie, Gewerbe &amp; Labor","publisher":{"@id":"https:\/\/www.envirofalk.com\/fr\/#organization"},"potentialAction":[{"@type":"SearchAction","target":{"@type":"EntryPoint","urlTemplate":"https:\/\/www.envirofalk.com\/fr\/?s={search_term_string}"},"query-input":{"@type":"PropertyValueSpecification","valueRequired":true,"valueName":"search_term_string"}}],"inLanguage":"fr-FR"},{"@type":"Organization","@id":"https:\/\/www.envirofalk.com\/fr\/#organization","name":"EnviroFALK","url":"https:\/\/www.envirofalk.com\/fr\/","logo":{"@type":"ImageObject","inLanguage":"fr-FR","@id":"https:\/\/www.envirofalk.com\/fr\/#\/schema\/logo\/image\/","url":"https:\/\/www.envirofalk.com\/wp-content\/uploads\/2023\/01\/logo.svg","contentUrl":"https:\/\/www.envirofalk.com\/wp-content\/uploads\/2023\/01\/logo.svg","caption":"EnviroFALK"},"image":{"@id":"https:\/\/www.envirofalk.com\/fr\/#\/schema\/logo\/image\/"},"sameAs":["https:\/\/www.facebook.com\/envirofalk","https:\/\/www.linkedin.com\/company\/envirofalk-gmbh","https:\/\/www.youtube.com\/channel\/UCM1L-2K6cfBbP3aYgJGbVdA"],"description":"EnviroFALK Prozesswassertechnik ist Ihr Spezialist f\u00fcr ma\u00dfgeschneiderte Wasseraufbereitungsl\u00f6sungen in der Industrie. Wir bieten innovative Technologien f\u00fcr die Erzeugung und Aufbereitung von Prozesswasser, um h\u00f6chste Effizienz und Qualit\u00e4t in Ihren Produktionsprozessen zu gew\u00e4hrleisten. Mit jahrzehntelanger Erfahrung entwickeln wir nachhaltige und ressourcenschonende L\u00f6sungen, die exakt auf die Anforderungen unserer Kunden abgestimmt sind. Unsere Leistungen umfassen die Filtration, Enth\u00e4rtung, Entsalzung und R\u00fcckgewinnung von Wasser f\u00fcr verschiedenste Anwendungen \u2013 von der Metallverarbeitung bis zur Lebensmittelindustrie. Unsere Experten begleiten Sie von der Planung \u00fcber die Implementierung bis hin zum Service, um eine zuverl\u00e4ssige und wirtschaftliche Wasseraufbereitung sicherzustellen.","email":"info@envirofalk.com","telephone":"+49 2663 9908-0","legalName":"EnviroFALK GmbH","foundingDate":"1989-05-01"}]}},"_links":{"self":[{"href":"https:\/\/www.envirofalk.com\/fr\/wp-json\/wp\/v2\/pages\/8025","targetHints":{"allow":["GET"]}}],"collection":[{"href":"https:\/\/www.envirofalk.com\/fr\/wp-json\/wp\/v2\/pages"}],"about":[{"href":"https:\/\/www.envirofalk.com\/fr\/wp-json\/wp\/v2\/types\/page"}],"author":[{"embeddable":true,"href":"https:\/\/www.envirofalk.com\/fr\/wp-json\/wp\/v2\/users\/1"}],"replies":[{"embeddable":true,"href":"https:\/\/www.envirofalk.com\/fr\/wp-json\/wp\/v2\/comments?post=8025"}],"version-history":[{"count":5,"href":"https:\/\/www.envirofalk.com\/fr\/wp-json\/wp\/v2\/pages\/8025\/revisions"}],"predecessor-version":[{"id":26705,"href":"https:\/\/www.envirofalk.com\/fr\/wp-json\/wp\/v2\/pages\/8025\/revisions\/26705"}],"wp:attachment":[{"href":"https:\/\/www.envirofalk.com\/fr\/wp-json\/wp\/v2\/media?parent=8025"}],"curies":[{"name":"wp","href":"https:\/\/api.w.org\/{rel}","templated":true}]}}