{"id":7975,"date":"2024-01-24T10:54:36","date_gmt":"2024-01-24T09:54:36","guid":{"rendered":"https:\/\/www.envirofalk.com\/carriere\/prestations-pour-les-employes\/"},"modified":"2024-06-26T09:05:09","modified_gmt":"2024-06-26T07:05:09","slug":"prestations-pour-les-employes","status":"publish","type":"page","link":"https:\/\/www.envirofalk.com\/fr\/carriere\/prestations-pour-les-employes\/","title":{"rendered":"Prestations pour les employ\u00e9s"},"content":{"rendered":"<div class=\"wpb-content-wrapper\"><p>[vc_section][vc_row full_width=\u00a0\u00bbstretch_row_content_no_spaces\u00a0\u00bb][vc_column]<div class=\"custom-top-banner img-box   has-icon\" style=\"background-image: url(https:\/\/www.envirofalk.com\/wp-content\/uploads\/2023\/08\/EnviroFALK_Mitarbeiter_Wasseraufbereitungsanlage.jpg)\"><div class=\"container relative\"><div class=\"text-box\"><div class=\"slideInRight animated\"><img loading=\"lazy\" decoding=\"async\" width=\"1\" height=\"1\" src=\"https:\/\/www.envirofalk.com\/wp-content\/uploads\/2023\/09\/Wasseraufbereitung_EnviroFALK_Logo.svg\" class=\"attachment-120x120 size-120x120\" alt=\"EnviroFALK-Logo Icon\" \/><p>Avantages et prestations suppl\u00e9mentaires pour <strong>employ\u00e9<\/strong><\/p><\/div><\/div><\/div><\/div>[\/vc_column][\/vc_row][vc_row el_class=\u00a0\u00bbbreadcrumbs-wrapper\u00a0\u00bb][vc_column]<div class=\"breadcrumbs\"><label><\/label> <a href=\"https:\/\/www.envirofalk.com\/fr\/\">Home<\/a><\/div>[\/vc_column][\/vc_row][\/vc_section][vc_section][vc_row css_animation=\u00a0\u00bbslideInUp\u00a0\u00bb el_class=\u00a0\u00bbtablet-row\u00a0\u00bb][vc_column width=\u00a0\u00bb3\/4&Prime;][vc_custom_heading text=\u00a0\u00bbNous vous disons merci !\u00a0\u00bb font_container=\u00a0\u00bbtag:h1|text_align:left\u00a0\u00bb use_theme_fonts=\u00a0\u00bbyes\u00a0\u00bb][vc_column_text]Sous le credo \u00ab\u00a0Utiliser l&rsquo;eau intelligemment\u00a0\u00bb, nos collaborateurs ont fait de nous ce que nous sommes aujourd&rsquo;hui. Les experts en installations de traitement de l&rsquo;eau pour des secteurs industriels s\u00e9lectionn\u00e9s, des entreprises commerciales, des laboratoires, des h\u00f4pitaux et des techniques m\u00e9dicales. Nous vous en remercions en vous proposant un vaste ensemble de prestations suppl\u00e9mentaires.[\/vc_column_text][\/vc_column][vc_column width=\u00a0\u00bb1\/4&Prime;]<div class=\"online-consultant-box  wpb_content_element\"><div class=\"online-consultant\"><div><div class=\"person-info\"><h5>Susanne Pfendesack<\/h5><ul class=\"person-list\"><li><a href=\"tel:+49 2663 9908-94\">+49 2663 9908-94<\/a><\/li><\/ul><\/div><a href=\"#beratung\" target=\"_self\" class=\"custom-btn show-modal\"><i class=\"icon-chevron-right\"><\/i>Demandez maintenant !<\/a><\/div><div class=\"relative\"><svg xmlns=\"http:\/\/www.w3.org\/2000\/svg\" viewBox=\"0 0 32.83 32.83\">\n\t\t\t\t\t\t\t\t\t<defs>\n\t\t\t\t\t\t\t\t\t\t<linearGradient id=\"gradient\" x1=\"0%\" y1=\"0%\" x2=\"0%\" y2=\"100%\" gradientTransform=\"rotate(-135)\">\n\t\t\t\t\t\t\t\t\t\t\t<stop offset=\"0%\" stop-color=\"#97be0d\"\/>\n\t\t\t\t\t\t\t\t\t\t\t\t<stop offset=\"100%\" stop-color=\"rgba(255, 255, 255, 0)\"\/>\n\t\t\t\t\t\t\t\t\t\t<\/linearGradient>\n\t\t\t\t\t\t\t\t\t<\/defs>\n\t\t\t\t\t\t\t\t\t<path class=\"wpb_animate_when_almost_visible circular-progress\" stroke=\"url(#gradient)\" stroke-width=\"1\" stroke-dasharray=\"100, 100\" fill=\"none\" d=\"M18,2.08a15.92,15.92,0,0,1,0,31.84h0A15.92,15.92,0,0,1,18,2.08\" transform=\"translate(-1.59 -1.58)\"\/>\n                            \t<\/svg><span><img loading=\"lazy\" decoding=\"async\" width=\"800\" height=\"800\" src=\"https:\/\/www.envirofalk.com\/wp-content\/uploads\/2023\/07\/Susanne_Pfendesack_Jobs_EnviroFALK.png\" class=\"attachment-full size-full\" alt=\"Mitarbeiterin Susanne Pfendesack\" srcset=\"https:\/\/www.envirofalk.com\/wp-content\/uploads\/2023\/07\/Susanne_Pfendesack_Jobs_EnviroFALK.png 800w, https:\/\/www.envirofalk.com\/wp-content\/uploads\/2023\/07\/Susanne_Pfendesack_Jobs_EnviroFALK-350x350.png 350w, https:\/\/www.envirofalk.com\/wp-content\/uploads\/2023\/07\/Susanne_Pfendesack_Jobs_EnviroFALK-150x150.png 150w, https:\/\/www.envirofalk.com\/wp-content\/uploads\/2023\/07\/Susanne_Pfendesack_Jobs_EnviroFALK-768x768.png 768w\" sizes=\"auto, (max-width: 800px) 100vw, 800px\" \/><\/span><\/div><\/div><\/div>[\/vc_column][\/vc_row][vc_row][vc_column css_animation=\u00a0\u00bbfadeInUpBig\u00a0\u00bb]<div class=\"teaser-boxes wpb_content_element\"><div><a href=\"#\" target=\"_self\"><figure class=\"img-box \" style=\"background-image: url(https:\/\/www.envirofalk.com\/wp-content\/uploads\/2023\/09\/EF_Leistungen_Seminar_910x500-c1d6a700.webp)\"><\/figure><\/a><div class=\"text-box\"><h3 class=\"entry-title no-icon\"><a href=\"#\" target=\"_self\">Une formation continue qui enthousiasme<\/a><\/h3><div class=\"wpb_text_column\">B\u00e9n\u00e9ficiez de possibilit\u00e9s de formation individuelle, y compris notre programme de formation interne et des s\u00e9minaires professionnels externes. Nous proposons \u00e9galement des cours d'anglais adapt\u00e9s \u00e0 tous les niveaux afin de garantir votre r\u00e9ussite professionnelle.<\/div><\/div><\/div><div><a href=\"#\" target=\"_self\"><figure class=\"img-box \" style=\"background-image: url(https:\/\/www.envirofalk.com\/wp-content\/uploads\/2023\/09\/Firmenfeier_EnviroFALK.jpg)\"><\/figure><\/a><div class=\"text-box\"><h3 class=\"entry-title no-icon\"><a href=\"#\" target=\"_self\">Un facteur de bien-\u00eatre qui cr\u00e9e des liens<\/a><\/h3><div class=\"wpb_text_column\">Chez nous, l'\u00e9quilibre parfait entre famille et travail est au centre de nos pr\u00e9occupations. Dans le Westerwald, nous sommes connus pour notre sens de la f\u00eate, que ce soit pour les f\u00eates annuelles, les f\u00eates d'\u00e9t\u00e9 ou les anniversaires. Et n'oubliez pas qu'\u00e0 l'\u00e9poque de No\u00ebl, nos apprentis nous g\u00e2tent avec de d\u00e9licieuses gaufres faites maison. Un plaisir pour tous les sens !<\/div><\/div><\/div><div><a href=\"#\" target=\"_self\"><figure class=\"img-box \" style=\"background-image: url(https:\/\/www.envirofalk.com\/wp-content\/uploads\/2023\/09\/Leistungen_Mitarbeiter.jpg)\"><\/figure><\/a><div class=\"text-box\"><h3 class=\"entry-title no-icon\"><a href=\"#\" target=\"_self\">Des activit\u00e9s sportives qui maintiennent en forme<\/a><\/h3><div class=\"wpb_text_column\">Avec JobRad, vous \u00eates mobile de mani\u00e8re intelligente et \u00e9conomique - aussi bien sur le chemin du travail que pendant vos loisirs. Vous pouvez financer facilement le v\u00e9lo de vos r\u00eaves via votre fiche de paie mensuelle et \u00e9conomiser de l'argent gr\u00e2ce aux avantages fiscaux. Mais ce n'est pas tout : chez nous, la course d'entreprise n'est pas seulement une question de course, mais aussi d'esprit d'\u00e9quipe et de beaucoup de plaisir. Alors, enfilez vos chaussures de course et participez !<\/div><\/div><\/div><div><a href=\"#\" target=\"_self\"><figure class=\"img-box \" style=\"background-image: url(https:\/\/www.envirofalk.com\/wp-content\/uploads\/2023\/09\/EF_Leistungen_Salat_910x500-0e49ed7c.webp)\"><\/figure><\/a><div class=\"text-box\"><h3 class=\"entry-title no-icon\"><a href=\"#\" target=\"_self\">Tout simplement d\u00e9licieux, le plaisir sain des pauses<\/a><\/h3><div class=\"wpb_text_column\">Chez nous, nous cuisinons des produits frais deux fois par semaine, ce qui vous permet de choisir votre d\u00e9jeuner pr\u00e9f\u00e9r\u00e9 parmi diff\u00e9rents menus. Le mercredi apr\u00e8s-midi, nous vous proposons un snack sain avec des fruits croquants et de d\u00e9licieux l\u00e9gumes provenant directement de notre agriculteur bio. Et pour les moments de plaisir, une s\u00e9lection de sp\u00e9cialit\u00e9s de caf\u00e9 ainsi que de l'eau gratuite vous attendent.<\/div><\/div><\/div><div><a href=\"#\" target=\"_self\"><figure class=\"img-box \" style=\"background-image: url(https:\/\/www.envirofalk.com\/wp-content\/uploads\/2023\/09\/Leistungen_EnviroFALK_Altersvorsorge.jpg)\"><\/figure><\/a><div class=\"text-box\"><h3 class=\"entry-title no-icon\"><a href=\"#\" target=\"_self\">Des prestations qui couvrent<\/a><\/h3><div class=\"wpb_text_column\">Gr\u00e2ce \u00e0 notre pr\u00e9voyance vieillesse d'entreprise, nous nous occupons de la protection de nos collaborateurs - pour la s\u00e9curit\u00e9 financi\u00e8re d'une retraite bien m\u00e9rit\u00e9e. Ici, vous serez conseill\u00e9 et soutenu par des sp\u00e9cialistes comp\u00e9tents !<\/div><\/div><\/div><div><a href=\"https:\/\/www.envirofalk.com\/fr\/entreprise\/nos-valeurs\/\" target=\"_self\"><figure class=\"img-box \" style=\"background-image: url(https:\/\/www.envirofalk.com\/wp-content\/uploads\/2023\/09\/EF_Leistungen_Werte.jpg)\"><\/figure><\/a><div class=\"text-box\"><h3 class=\"entry-title no-icon\"><a href=\"https:\/\/www.envirofalk.com\/fr\/entreprise\/nos-valeurs\/\" target=\"_self\">Le respect et la serviabilit\u00e9 qui unissent<\/a><\/h3><div class=\"wpb_text_column\">Dans notre entreprise, nous appr\u00e9cions la diversit\u00e9 sous toutes ses formes. Nous sommes une \u00e9quipe de personnes qui mettent la main \u00e0 la p\u00e2te, r\u00e9solvent les probl\u00e8mes, ont des talents multiples et sont toujours disponibles en tant qu'interlocuteurs fiables. Nous sommes des pr\u00e9curseurs et parfois m\u00eame des pompiers en cas d'urgence. Mais nous sommes avant tout des coll\u00e8gues serviables et solidaires. En savoir plus sur nos valeurs.<\/div><\/div><\/div><\/div>[\/vc_column][\/vc_row][vc_row][vc_column css_animation=\u00a0\u00bbfadeInLeft\u00a0\u00bb]<div class=\"pos_default cta-wrapper wpb_content_element\"><div class=\"text-box\"><div class=\"relative\"><h2 class=\"entry-title\">Services suppl\u00e9mentaires dans les bureaux d'EnviroFALK<\/h2><p>Les avantages et les prestations suppl\u00e9mentaires peuvent \u00eatre structur\u00e9s diff\u00e9remment dans nos succursales EnviroFALK \u00e0 l'\u00e9chelle nationale, en plus de notre site principal \u00e0 Westerburg. Nous nous ferons un plaisir de discuter avec vous des avantages concrets lors du processus de candidature.<\/p><a href=\"https:\/\/www.envirofalk.com\/fr\/carriere\/\" target=\"_self\" class=\"custom-btn outline light reverse\">Vers les offres d'emploi<i class=\"icon-chevron-right\"><\/i><\/a><\/div><\/div><figure class=\"img-box\" style=\"background-image: url(https:\/\/www.envirofalk.com\/wp-content\/uploads\/2023\/08\/Serviceteam_Wasseraufbereitung_Deutschland.jpg)\"><\/figure><\/div>[\/vc_column][\/vc_row][\/vc_section]<\/p>\n<\/div>","protected":false},"excerpt":{"rendered":"<p>[vc_section][vc_row full_width=\u00a0\u00bbstretch_row_content_no_spaces\u00a0\u00bb][vc_column][\/vc_column][\/vc_row][vc_row el_class=\u00a0\u00bbbreadcrumbs-wrapper\u00a0\u00bb][vc_column][\/vc_column][\/vc_row][\/vc_section][vc_section][vc_row css_animation=\u00a0\u00bbslideInUp\u00a0\u00bb el_class=\u00a0\u00bbtablet-row\u00a0\u00bb][vc_column width=\u00a0\u00bb3\/4&Prime;][vc_custom_heading text=\u00a0\u00bbNous vous disons merci !\u00a0\u00bb font_container=\u00a0\u00bbtag:h1|text_align:left\u00a0\u00bb use_theme_fonts=\u00a0\u00bbyes\u00a0\u00bb][vc_column_text]Sous le credo \u00ab\u00a0Utiliser l&rsquo;eau intelligemment\u00a0\u00bb, nos collaborateurs ont fait de nous ce que nous sommes aujourd&rsquo;hui. Les experts en installations de traitement de l&rsquo;eau pour des secteurs industriels s\u00e9lectionn\u00e9s, des entreprises commerciales, des laboratoires, des h\u00f4pitaux et des techniques m\u00e9dicales. Nous vous [&hellip;]<\/p>\n","protected":false},"author":3,"featured_media":0,"parent":7463,"menu_order":0,"comment_status":"closed","ping_status":"closed","template":"","meta":{"_acf_changed":false,"rs_blank_template":"","rs_page_bg_color":"","slide_template_v7":"","footnotes":""},"class_list":["post-7975","page","type-page","status-publish","hentry"],"acf":[],"yoast_head":"<!-- This site is optimized with the Yoast SEO Premium plugin v27.4 (Yoast SEO v27.4) - https:\/\/yoast.com\/product\/yoast-seo-premium-wordpress\/ -->\n<title>Prestations pour les employ\u00e9s &#8211; EnviroFALK<\/title>\n<meta name=\"robots\" content=\"index, follow, max-snippet:-1, max-image-preview:large, max-video-preview:-1\" \/>\n<link rel=\"canonical\" href=\"https:\/\/www.envirofalk.com\/fr\/carriere\/prestations-pour-les-employes\/\" \/>\n<meta property=\"og:locale\" content=\"fr_FR\" \/>\n<meta property=\"og:type\" content=\"article\" \/>\n<meta property=\"og:title\" content=\"Prestations pour les employ\u00e9s\" \/>\n<meta property=\"og:description\" content=\"[vc_section][vc_row full_width=\u00a0\u00bbstretch_row_content_no_spaces\u00a0\u00bb][vc_column][\/vc_column][\/vc_row][vc_row el_class=\u00a0\u00bbbreadcrumbs-wrapper\u00a0\u00bb][vc_column][\/vc_column][\/vc_row][\/vc_section][vc_section][vc_row css_animation=\u00a0\u00bbslideInUp\u00a0\u00bb el_class=\u00a0\u00bbtablet-row\u00a0\u00bb][vc_column width=\u00a0\u00bb3\/4&Prime;][vc_custom_heading text=\u00a0\u00bbNous vous disons merci !\u00a0\u00bb font_container=\u00a0\u00bbtag:h1|text_align:left\u00a0\u00bb use_theme_fonts=\u00a0\u00bbyes\u00a0\u00bb][vc_column_text]Sous le credo \u00ab\u00a0Utiliser l&rsquo;eau intelligemment\u00a0\u00bb, nos collaborateurs ont fait de nous ce que nous sommes aujourd&rsquo;hui. Les experts en installations de traitement de l&rsquo;eau pour des secteurs industriels s\u00e9lectionn\u00e9s, des entreprises commerciales, des laboratoires, des h\u00f4pitaux et des techniques m\u00e9dicales. Nous vous [&hellip;]\" \/>\n<meta property=\"og:url\" content=\"https:\/\/www.envirofalk.com\/fr\/carriere\/prestations-pour-les-employes\/\" \/>\n<meta property=\"og:site_name\" content=\"EnviroFALK\" \/>\n<meta property=\"article:publisher\" content=\"https:\/\/www.facebook.com\/envirofalk\" \/>\n<meta property=\"article:modified_time\" content=\"2024-06-26T07:05:09+00:00\" \/>\n<meta name=\"twitter:card\" content=\"summary_large_image\" \/>\n<meta name=\"twitter:label1\" content=\"Dur\u00e9e de lecture estim\u00e9e\" \/>\n\t<meta name=\"twitter:data1\" content=\"1 minute\" \/>\n<script type=\"application\/ld+json\" class=\"yoast-schema-graph\">{\"@context\":\"https:\\\/\\\/schema.org\",\"@graph\":[{\"@type\":\"WebPage\",\"@id\":\"https:\\\/\\\/www.envirofalk.com\\\/fr\\\/carriere\\\/prestations-pour-les-employes\\\/\",\"url\":\"https:\\\/\\\/www.envirofalk.com\\\/fr\\\/carriere\\\/prestations-pour-les-employes\\\/\",\"name\":\"Prestations pour les employ\u00e9s &#8211; EnviroFALK\",\"isPartOf\":{\"@id\":\"https:\\\/\\\/www.envirofalk.com\\\/fr\\\/#website\"},\"datePublished\":\"2024-01-24T09:54:36+00:00\",\"dateModified\":\"2024-06-26T07:05:09+00:00\",\"breadcrumb\":{\"@id\":\"https:\\\/\\\/www.envirofalk.com\\\/fr\\\/carriere\\\/prestations-pour-les-employes\\\/#breadcrumb\"},\"inLanguage\":\"fr-FR\",\"potentialAction\":[{\"@type\":\"ReadAction\",\"target\":[\"https:\\\/\\\/www.envirofalk.com\\\/fr\\\/carriere\\\/prestations-pour-les-employes\\\/\"]}]},{\"@type\":\"BreadcrumbList\",\"@id\":\"https:\\\/\\\/www.envirofalk.com\\\/fr\\\/carriere\\\/prestations-pour-les-employes\\\/#breadcrumb\",\"itemListElement\":[{\"@type\":\"ListItem\",\"position\":1,\"name\":\"Home\",\"item\":\"https:\\\/\\\/www.envirofalk.com\\\/fr\\\/slidetest\\\/\"},{\"@type\":\"ListItem\",\"position\":2,\"name\":\"Carri\u00e8re\",\"item\":\"https:\\\/\\\/www.envirofalk.com\\\/fr\\\/carriere\\\/\"},{\"@type\":\"ListItem\",\"position\":3,\"name\":\"Prestations pour les employ\u00e9s\"}]},{\"@type\":\"WebSite\",\"@id\":\"https:\\\/\\\/www.envirofalk.com\\\/fr\\\/#website\",\"url\":\"https:\\\/\\\/www.envirofalk.com\\\/fr\\\/\",\"name\":\"EnviroFALK\",\"description\":\"Wasseraufbereitungsanlagen f\u00fcr Industrie, Gewerbe &amp; Labor\",\"publisher\":{\"@id\":\"https:\\\/\\\/www.envirofalk.com\\\/fr\\\/#organization\"},\"potentialAction\":[{\"@type\":\"SearchAction\",\"target\":{\"@type\":\"EntryPoint\",\"urlTemplate\":\"https:\\\/\\\/www.envirofalk.com\\\/fr\\\/?s={search_term_string}\"},\"query-input\":{\"@type\":\"PropertyValueSpecification\",\"valueRequired\":true,\"valueName\":\"search_term_string\"}}],\"inLanguage\":\"fr-FR\"},{\"@type\":\"Organization\",\"@id\":\"https:\\\/\\\/www.envirofalk.com\\\/fr\\\/#organization\",\"name\":\"EnviroFALK\",\"url\":\"https:\\\/\\\/www.envirofalk.com\\\/fr\\\/\",\"logo\":{\"@type\":\"ImageObject\",\"inLanguage\":\"fr-FR\",\"@id\":\"https:\\\/\\\/www.envirofalk.com\\\/fr\\\/#\\\/schema\\\/logo\\\/image\\\/\",\"url\":\"https:\\\/\\\/www.envirofalk.com\\\/wp-content\\\/uploads\\\/2023\\\/01\\\/logo.svg\",\"contentUrl\":\"https:\\\/\\\/www.envirofalk.com\\\/wp-content\\\/uploads\\\/2023\\\/01\\\/logo.svg\",\"caption\":\"EnviroFALK\"},\"image\":{\"@id\":\"https:\\\/\\\/www.envirofalk.com\\\/fr\\\/#\\\/schema\\\/logo\\\/image\\\/\"},\"sameAs\":[\"https:\\\/\\\/www.facebook.com\\\/envirofalk\",\"https:\\\/\\\/www.linkedin.com\\\/company\\\/envirofalk-gmbh\",\"https:\\\/\\\/www.youtube.com\\\/channel\\\/UCM1L-2K6cfBbP3aYgJGbVdA\"],\"description\":\"EnviroFALK Prozesswassertechnik ist Ihr Spezialist f\u00fcr ma\u00dfgeschneiderte Wasseraufbereitungsl\u00f6sungen in der Industrie. Wir bieten innovative Technologien f\u00fcr die Erzeugung und Aufbereitung von Prozesswasser, um h\u00f6chste Effizienz und Qualit\u00e4t in Ihren Produktionsprozessen zu gew\u00e4hrleisten. Mit jahrzehntelanger Erfahrung entwickeln wir nachhaltige und ressourcenschonende L\u00f6sungen, die exakt auf die Anforderungen unserer Kunden abgestimmt sind. Unsere Leistungen umfassen die Filtration, Enth\u00e4rtung, Entsalzung und R\u00fcckgewinnung von Wasser f\u00fcr verschiedenste Anwendungen \u2013 von der Metallverarbeitung bis zur Lebensmittelindustrie. Unsere Experten begleiten Sie von der Planung \u00fcber die Implementierung bis hin zum Service, um eine zuverl\u00e4ssige und wirtschaftliche Wasseraufbereitung sicherzustellen.\",\"email\":\"info@envirofalk.com\",\"telephone\":\"+49 2663 9908-0\",\"legalName\":\"EnviroFALK GmbH\",\"foundingDate\":\"1989-05-01\"}]}<\/script>\n<!-- \/ Yoast SEO Premium plugin. -->","yoast_head_json":{"title":"Prestations pour les employ\u00e9s &#8211; EnviroFALK","robots":{"index":"index","follow":"follow","max-snippet":"max-snippet:-1","max-image-preview":"max-image-preview:large","max-video-preview":"max-video-preview:-1"},"canonical":"https:\/\/www.envirofalk.com\/fr\/carriere\/prestations-pour-les-employes\/","og_locale":"fr_FR","og_type":"article","og_title":"Prestations pour les employ\u00e9s","og_description":"[vc_section][vc_row full_width=\u00a0\u00bbstretch_row_content_no_spaces\u00a0\u00bb][vc_column][\/vc_column][\/vc_row][vc_row el_class=\u00a0\u00bbbreadcrumbs-wrapper\u00a0\u00bb][vc_column][\/vc_column][\/vc_row][\/vc_section][vc_section][vc_row css_animation=\u00a0\u00bbslideInUp\u00a0\u00bb el_class=\u00a0\u00bbtablet-row\u00a0\u00bb][vc_column width=\u00a0\u00bb3\/4&Prime;][vc_custom_heading text=\u00a0\u00bbNous vous disons merci !\u00a0\u00bb font_container=\u00a0\u00bbtag:h1|text_align:left\u00a0\u00bb use_theme_fonts=\u00a0\u00bbyes\u00a0\u00bb][vc_column_text]Sous le credo \u00ab\u00a0Utiliser l&rsquo;eau intelligemment\u00a0\u00bb, nos collaborateurs ont fait de nous ce que nous sommes aujourd&rsquo;hui. Les experts en installations de traitement de l&rsquo;eau pour des secteurs industriels s\u00e9lectionn\u00e9s, des entreprises commerciales, des laboratoires, des h\u00f4pitaux et des techniques m\u00e9dicales. Nous vous [&hellip;]","og_url":"https:\/\/www.envirofalk.com\/fr\/carriere\/prestations-pour-les-employes\/","og_site_name":"EnviroFALK","article_publisher":"https:\/\/www.facebook.com\/envirofalk","article_modified_time":"2024-06-26T07:05:09+00:00","twitter_card":"summary_large_image","twitter_misc":{"Dur\u00e9e de lecture estim\u00e9e":"1 minute"},"schema":{"@context":"https:\/\/schema.org","@graph":[{"@type":"WebPage","@id":"https:\/\/www.envirofalk.com\/fr\/carriere\/prestations-pour-les-employes\/","url":"https:\/\/www.envirofalk.com\/fr\/carriere\/prestations-pour-les-employes\/","name":"Prestations pour les employ\u00e9s &#8211; EnviroFALK","isPartOf":{"@id":"https:\/\/www.envirofalk.com\/fr\/#website"},"datePublished":"2024-01-24T09:54:36+00:00","dateModified":"2024-06-26T07:05:09+00:00","breadcrumb":{"@id":"https:\/\/www.envirofalk.com\/fr\/carriere\/prestations-pour-les-employes\/#breadcrumb"},"inLanguage":"fr-FR","potentialAction":[{"@type":"ReadAction","target":["https:\/\/www.envirofalk.com\/fr\/carriere\/prestations-pour-les-employes\/"]}]},{"@type":"BreadcrumbList","@id":"https:\/\/www.envirofalk.com\/fr\/carriere\/prestations-pour-les-employes\/#breadcrumb","itemListElement":[{"@type":"ListItem","position":1,"name":"Home","item":"https:\/\/www.envirofalk.com\/fr\/slidetest\/"},{"@type":"ListItem","position":2,"name":"Carri\u00e8re","item":"https:\/\/www.envirofalk.com\/fr\/carriere\/"},{"@type":"ListItem","position":3,"name":"Prestations pour les employ\u00e9s"}]},{"@type":"WebSite","@id":"https:\/\/www.envirofalk.com\/fr\/#website","url":"https:\/\/www.envirofalk.com\/fr\/","name":"EnviroFALK","description":"Wasseraufbereitungsanlagen f\u00fcr Industrie, Gewerbe &amp; Labor","publisher":{"@id":"https:\/\/www.envirofalk.com\/fr\/#organization"},"potentialAction":[{"@type":"SearchAction","target":{"@type":"EntryPoint","urlTemplate":"https:\/\/www.envirofalk.com\/fr\/?s={search_term_string}"},"query-input":{"@type":"PropertyValueSpecification","valueRequired":true,"valueName":"search_term_string"}}],"inLanguage":"fr-FR"},{"@type":"Organization","@id":"https:\/\/www.envirofalk.com\/fr\/#organization","name":"EnviroFALK","url":"https:\/\/www.envirofalk.com\/fr\/","logo":{"@type":"ImageObject","inLanguage":"fr-FR","@id":"https:\/\/www.envirofalk.com\/fr\/#\/schema\/logo\/image\/","url":"https:\/\/www.envirofalk.com\/wp-content\/uploads\/2023\/01\/logo.svg","contentUrl":"https:\/\/www.envirofalk.com\/wp-content\/uploads\/2023\/01\/logo.svg","caption":"EnviroFALK"},"image":{"@id":"https:\/\/www.envirofalk.com\/fr\/#\/schema\/logo\/image\/"},"sameAs":["https:\/\/www.facebook.com\/envirofalk","https:\/\/www.linkedin.com\/company\/envirofalk-gmbh","https:\/\/www.youtube.com\/channel\/UCM1L-2K6cfBbP3aYgJGbVdA"],"description":"EnviroFALK Prozesswassertechnik ist Ihr Spezialist f\u00fcr ma\u00dfgeschneiderte Wasseraufbereitungsl\u00f6sungen in der Industrie. Wir bieten innovative Technologien f\u00fcr die Erzeugung und Aufbereitung von Prozesswasser, um h\u00f6chste Effizienz und Qualit\u00e4t in Ihren Produktionsprozessen zu gew\u00e4hrleisten. Mit jahrzehntelanger Erfahrung entwickeln wir nachhaltige und ressourcenschonende L\u00f6sungen, die exakt auf die Anforderungen unserer Kunden abgestimmt sind. Unsere Leistungen umfassen die Filtration, Enth\u00e4rtung, Entsalzung und R\u00fcckgewinnung von Wasser f\u00fcr verschiedenste Anwendungen \u2013 von der Metallverarbeitung bis zur Lebensmittelindustrie. Unsere Experten begleiten Sie von der Planung \u00fcber die Implementierung bis hin zum Service, um eine zuverl\u00e4ssige und wirtschaftliche Wasseraufbereitung sicherzustellen.","email":"info@envirofalk.com","telephone":"+49 2663 9908-0","legalName":"EnviroFALK GmbH","foundingDate":"1989-05-01"}]}},"_links":{"self":[{"href":"https:\/\/www.envirofalk.com\/fr\/wp-json\/wp\/v2\/pages\/7975","targetHints":{"allow":["GET"]}}],"collection":[{"href":"https:\/\/www.envirofalk.com\/fr\/wp-json\/wp\/v2\/pages"}],"about":[{"href":"https:\/\/www.envirofalk.com\/fr\/wp-json\/wp\/v2\/types\/page"}],"author":[{"embeddable":true,"href":"https:\/\/www.envirofalk.com\/fr\/wp-json\/wp\/v2\/users\/3"}],"replies":[{"embeddable":true,"href":"https:\/\/www.envirofalk.com\/fr\/wp-json\/wp\/v2\/comments?post=7975"}],"version-history":[{"count":5,"href":"https:\/\/www.envirofalk.com\/fr\/wp-json\/wp\/v2\/pages\/7975\/revisions"}],"predecessor-version":[{"id":16067,"href":"https:\/\/www.envirofalk.com\/fr\/wp-json\/wp\/v2\/pages\/7975\/revisions\/16067"}],"up":[{"embeddable":true,"href":"https:\/\/www.envirofalk.com\/fr\/wp-json\/wp\/v2\/pages\/7463"}],"wp:attachment":[{"href":"https:\/\/www.envirofalk.com\/fr\/wp-json\/wp\/v2\/media?parent=7975"}],"curies":[{"name":"wp","href":"https:\/\/api.w.org\/{rel}","templated":true}]}}