{"id":7969,"date":"2024-01-24T10:54:35","date_gmt":"2024-01-24T09:54:35","guid":{"rendered":"https:\/\/www.envirofalk.com\/traitement-des-eaux-usees-pour-les-echangeurs-dions-selectifs\/"},"modified":"2024-01-24T10:54:38","modified_gmt":"2024-01-24T09:54:38","slug":"traitement-des-eaux-usees-pour-les-echangeurs-dions-selectifs","status":"publish","type":"page","link":"https:\/\/www.envirofalk.com\/fr\/connaissances-dexperts-sur-le-traitement-de-leau\/traitement-des-eaux-usees-pour-les-echangeurs-dions-selectifs\/","title":{"rendered":"Traitement des eaux us\u00e9es pour les \u00e9changeurs d&rsquo;ions s\u00e9lectifs"},"content":{"rendered":"<div class=\"wpb-content-wrapper\"><p>[vc_section][vc_row full_width=\u00a0\u00bbstretch_row_content_no_spaces\u00a0\u00bb][vc_column]<div class=\"custom-top-banner img-box   has-icon\" style=\"background-image: url(https:\/\/www.envirofalk.com\/wp-content\/uploads\/2023\/08\/Pressemitteilungen_1920x640-fcfcc37a.webp)\"><div class=\"container relative\"><div class=\"text-box\"><div class=\"slideInRight animated\"><img loading=\"lazy\" decoding=\"async\" width=\"1\" height=\"1\" src=\"https:\/\/www.envirofalk.com\/wp-content\/uploads\/2023\/09\/Wasseraufbereitung_EnviroFALK_Logo.svg\" class=\"attachment-120x120 size-120x120\" alt=\"EnviroFALK-Logo Icon\" \/><p>Expertenwissen auf einen Blick<\/p><\/div><\/div><\/div><\/div>[\/vc_column][\/vc_row][vc_row el_class=\u00a0\u00bbbreadcrumbs-wrapper\u00a0\u00bb][vc_column]<div class=\"breadcrumbs\"><label><\/label> <a href=\"https:\/\/www.envirofalk.com\/fr\/\">Home<\/a><\/div>[\/vc_column][\/vc_row][\/vc_section][vc_section][vc_row css_animation=\u00a0\u00bbslideInUp\u00a0\u00bb el_class=\u00a0\u00bbtwo-columns-row tablet-row\u00a0\u00bb][vc_column width=\u00a0\u00bb3\/4&Prime;][vc_custom_heading text=\u00a0\u00bbTraitement des eaux us\u00e9es pour les \u00e9changeurs d&apos;ions s\u00e9lectifs\u00a0\u00bb font_container=\u00a0\u00bbtag:h1|text_align:left\u00a0\u00bb use_theme_fonts=\u00a0\u00bbyes\u00a0\u00bb][vc_column_text]<\/p>\n<h2>\u00c9change d&rsquo;ions s\u00e9lectif et traitement des eaux us\u00e9es<\/h2>\n<p>[\/vc_column_text][\/vc_column][vc_column width=\u00a0\u00bb1\/4&Prime;]<div class=\"quick-links sm wpb_content_element\" data-background=\"#ebebeb\"><div class=\"flexbox\"><a href=\"#\" target=\"_self\"><div class=\"icon default\"><img decoding=\"async\" src=\"https:\/\/www.envirofalk.com\/wp-content\/uploads\/2023\/05\/icon_service.svg\" class=\"attachment-full size-full\" alt=\"Person mit Headset Icon\" \/><\/div><div><h6>Service<\/h6><\/div><\/a><\/div><div class=\"flexbox\"><a href=\"#\" target=\"_self\"><div class=\"icon default\"><img decoding=\"async\" src=\"https:\/\/www.envirofalk.com\/wp-content\/uploads\/2023\/05\/icon_messen-events.svg\" class=\"attachment-full size-full\" alt=\"\" \/><\/div><div><h6>Messen & Events<\/h6><\/div><\/a><\/div><div class=\"flexbox\"><a href=\"#\" target=\"_self\"><div class=\"icon default\"><img decoding=\"async\" src=\"https:\/\/www.envirofalk.com\/wp-content\/uploads\/2023\/05\/icon_downloads.svg\" class=\"attachment-full size-full\" alt=\"Blatt Papier mit Pfeil nach unten\" \/><\/div><div><h6>Downloads<\/h6><\/div><\/a><\/div><div class=\"flexbox\"><a href=\"#\" target=\"_self\"><div class=\"icon default\"><img decoding=\"async\" src=\"https:\/\/www.envirofalk.com\/wp-content\/uploads\/2023\/05\/icon_kundenlosungen.svg\" class=\"attachment-full size-full\" alt=\"Gl\u00fchbirne Icon\" \/><\/div><div><h6>Kundenlosungen<\/h6><\/div><\/a><\/div><\/div>[\/vc_column][\/vc_row][\/vc_section][vc_section][vc_row css_animation=\u00a0\u00bbslideInUp\u00a0\u00bb el_class=\u00a0\u00bbtwo-columns-row tablet-row\u00a0\u00bb][vc_column width=\u00a0\u00bb1\/2&Prime;][vc_column_text]<strong>Les \u00e9changeurs d&rsquo;ions s\u00e9lectifs sont des \u00e9changeurs d&rsquo;ions qui \u00e9liminent de mani\u00e8re s\u00e9lective les m\u00e9taux lourds dissous dans l&rsquo;eau claire. La r\u00e9g\u00e9n\u00e9ration exigeante et complexe des \u00e9changeurs d&rsquo;ions s\u00e9lectifs n\u00e9cessite une installation de traitement des eaux us\u00e9es sp\u00e9cifique.<\/strong><\/p>\n<p>Le centre de r\u00e9g\u00e9n\u00e9ration EnviroFALK dispose de nombreux bacs de stockage, de vastes bassins de traitement par lots et de bacs \u00e0 boues.<\/p>\n<p>Les boues produites sont d\u00e9shydrat\u00e9es par des filtres-presses \u00e0 chambres. Ensuite, les eaux claires qui en r\u00e9sultent sont \u00e9vacu\u00e9es vers les \u00e9gouts de la ville via des routes d&rsquo;\u00e9change s\u00e9lectif. Bien entendu, conform\u00e9ment \u00e0 la loi sur l&rsquo;eau (WHG).[\/vc_column_text]<div class=\"btn-wrapper wpb_content_element\"><a href=\"https:\/\/www.envirofalk.com\/verfahrenstechniken\/ionenaustauscher\/anwendungsbereiche\/\" target=\"_blank\" class=\"custom-btn dark reverse \">Mehr erfahren: Regeneration Selektivaustauscher<i class=\"icon-chevron-right\"><\/i><\/a><\/div>[\/vc_column][vc_column width=\u00a0\u00bb1\/2&Prime;][vc_single_image image=\u00a0\u00bb4902&Prime; img_size=\u00a0\u00bbfull\u00a0\u00bb][vc_column_text]<\/p>\n<h6>Filtre-presse \u00e0 chambres EnviroFALK pour le traitement des eaux us\u00e9es des \u00e9changeurs d&rsquo;ions s\u00e9lectifs.<\/h6>\n<p>[\/vc_column_text][\/vc_column][\/vc_row][\/vc_section][vc_row][vc_column][\/vc_column][\/vc_row]<\/p>\n<\/div>","protected":false},"excerpt":{"rendered":"<p>[vc_section][vc_row full_width=\u00a0\u00bbstretch_row_content_no_spaces\u00a0\u00bb][vc_column][\/vc_column][\/vc_row][vc_row el_class=\u00a0\u00bbbreadcrumbs-wrapper\u00a0\u00bb][vc_column][\/vc_column][\/vc_row][\/vc_section][vc_section][vc_row css_animation=\u00a0\u00bbslideInUp\u00a0\u00bb el_class=\u00a0\u00bbtwo-columns-row tablet-row\u00a0\u00bb][vc_column width=\u00a0\u00bb3\/4&Prime;][vc_custom_heading text=\u00a0\u00bbTraitement des eaux us\u00e9es pour les \u00e9changeurs d&apos;ions s\u00e9lectifs\u00a0\u00bb font_container=\u00a0\u00bbtag:h1|text_align:left\u00a0\u00bb use_theme_fonts=\u00a0\u00bbyes\u00a0\u00bb][vc_column_text] \u00c9change d&rsquo;ions s\u00e9lectif et traitement des eaux us\u00e9es [\/vc_column_text][\/vc_column][vc_column width=\u00a0\u00bb1\/4&Prime;][\/vc_column][\/vc_row][\/vc_section][vc_section][vc_row css_animation=\u00a0\u00bbslideInUp\u00a0\u00bb el_class=\u00a0\u00bbtwo-columns-row tablet-row\u00a0\u00bb][vc_column width=\u00a0\u00bb1\/2&Prime;][vc_column_text]Les \u00e9changeurs d&rsquo;ions s\u00e9lectifs sont des \u00e9changeurs d&rsquo;ions qui \u00e9liminent de mani\u00e8re s\u00e9lective les m\u00e9taux lourds dissous dans l&rsquo;eau claire. La r\u00e9g\u00e9n\u00e9ration exigeante et [&hellip;]<\/p>\n","protected":false},"author":1,"featured_media":18566,"parent":8007,"menu_order":2,"comment_status":"closed","ping_status":"closed","template":"","meta":{"_acf_changed":false,"rs_blank_template":"","rs_page_bg_color":"","slide_template_v7":"","footnotes":""},"class_list":["post-7969","page","type-page","status-publish","has-post-thumbnail","hentry"],"acf":[],"yoast_head":"<!-- This site is optimized with the Yoast SEO Premium plugin v27.5 (Yoast SEO v27.5) - https:\/\/yoast.com\/product\/yoast-seo-premium-wordpress\/ -->\n<title>Traitement des eaux us\u00e9es pour les \u00e9changeurs d&#039;ions s\u00e9lectifs &#8211; EnviroFALK<\/title>\n<meta name=\"description\" content=\"Les \u00e9changeurs d&#039;ions s\u00e9lectifs sont des \u00e9changeurs d&#039;ions qui \u00e9liminent de mani\u00e8re s\u00e9lective les m\u00e9taux lourds dissous dans l&#039;eau claire. La r\u00e9g\u00e9n\u00e9ration exigeante et complexe des \u00e9changeurs d&#039;ions s\u00e9lectifs n\u00e9cessite une installation de traitement des eaux us\u00e9es sp\u00e9cifique.\" \/>\n<meta name=\"robots\" content=\"index, follow, max-snippet:-1, max-image-preview:large, max-video-preview:-1\" \/>\n<link rel=\"canonical\" href=\"https:\/\/www.envirofalk.com\/fr\/connaissances-dexperts-sur-le-traitement-de-leau\/traitement-des-eaux-usees-pour-les-echangeurs-dions-selectifs\/\" \/>\n<meta property=\"og:locale\" content=\"fr_FR\" \/>\n<meta property=\"og:type\" content=\"article\" \/>\n<meta property=\"og:title\" content=\"Traitement des eaux us\u00e9es pour les \u00e9changeurs d&#039;ions s\u00e9lectifs\" \/>\n<meta property=\"og:description\" content=\"Les \u00e9changeurs d&#039;ions s\u00e9lectifs sont des \u00e9changeurs d&#039;ions qui \u00e9liminent de mani\u00e8re s\u00e9lective les m\u00e9taux lourds dissous dans l&#039;eau claire. La r\u00e9g\u00e9n\u00e9ration exigeante et complexe des \u00e9changeurs d&#039;ions s\u00e9lectifs n\u00e9cessite une installation de traitement des eaux us\u00e9es sp\u00e9cifique.\" \/>\n<meta property=\"og:url\" content=\"https:\/\/www.envirofalk.com\/fr\/connaissances-dexperts-sur-le-traitement-de-leau\/traitement-des-eaux-usees-pour-les-echangeurs-dions-selectifs\/\" \/>\n<meta property=\"og:site_name\" content=\"EnviroFALK\" \/>\n<meta property=\"article:publisher\" content=\"https:\/\/www.facebook.com\/envirofalk\" \/>\n<meta property=\"article:modified_time\" content=\"2024-01-24T09:54:38+00:00\" \/>\n<meta name=\"twitter:card\" content=\"summary_large_image\" \/>\n<meta name=\"twitter:label1\" content=\"Dur\u00e9e de lecture estim\u00e9e\" \/>\n\t<meta name=\"twitter:data1\" content=\"2 minutes\" \/>\n<script type=\"application\/ld+json\" class=\"yoast-schema-graph\">{\"@context\":\"https:\\\/\\\/schema.org\",\"@graph\":[{\"@type\":\"WebPage\",\"@id\":\"https:\\\/\\\/www.envirofalk.com\\\/fr\\\/connaissances-dexperts-sur-le-traitement-de-leau\\\/traitement-des-eaux-usees-pour-les-echangeurs-dions-selectifs\\\/\",\"url\":\"https:\\\/\\\/www.envirofalk.com\\\/fr\\\/connaissances-dexperts-sur-le-traitement-de-leau\\\/traitement-des-eaux-usees-pour-les-echangeurs-dions-selectifs\\\/\",\"name\":\"Traitement des eaux us\u00e9es pour les \u00e9changeurs d'ions s\u00e9lectifs &#8211; EnviroFALK\",\"isPartOf\":{\"@id\":\"https:\\\/\\\/www.envirofalk.com\\\/fr\\\/#website\"},\"primaryImageOfPage\":{\"@id\":\"https:\\\/\\\/www.envirofalk.com\\\/fr\\\/connaissances-dexperts-sur-le-traitement-de-leau\\\/traitement-des-eaux-usees-pour-les-echangeurs-dions-selectifs\\\/#primaryimage\"},\"image\":{\"@id\":\"https:\\\/\\\/www.envirofalk.com\\\/fr\\\/connaissances-dexperts-sur-le-traitement-de-leau\\\/traitement-des-eaux-usees-pour-les-echangeurs-dions-selectifs\\\/#primaryimage\"},\"thumbnailUrl\":\"https:\\\/\\\/www.envirofalk.com\\\/wp-content\\\/uploads\\\/2024\\\/12\\\/RS496_EF_Regenerierstation_DSC_9734_hpr-scaled.jpg\",\"datePublished\":\"2024-01-24T09:54:35+00:00\",\"dateModified\":\"2024-01-24T09:54:38+00:00\",\"description\":\"Les \u00e9changeurs d'ions s\u00e9lectifs sont des \u00e9changeurs d'ions qui \u00e9liminent de mani\u00e8re s\u00e9lective les m\u00e9taux lourds dissous dans l'eau claire. La r\u00e9g\u00e9n\u00e9ration exigeante et complexe des \u00e9changeurs d'ions s\u00e9lectifs n\u00e9cessite une installation de traitement des eaux us\u00e9es sp\u00e9cifique.\",\"breadcrumb\":{\"@id\":\"https:\\\/\\\/www.envirofalk.com\\\/fr\\\/connaissances-dexperts-sur-le-traitement-de-leau\\\/traitement-des-eaux-usees-pour-les-echangeurs-dions-selectifs\\\/#breadcrumb\"},\"inLanguage\":\"fr-FR\",\"potentialAction\":[{\"@type\":\"ReadAction\",\"target\":[\"https:\\\/\\\/www.envirofalk.com\\\/fr\\\/connaissances-dexperts-sur-le-traitement-de-leau\\\/traitement-des-eaux-usees-pour-les-echangeurs-dions-selectifs\\\/\"]}]},{\"@type\":\"ImageObject\",\"inLanguage\":\"fr-FR\",\"@id\":\"https:\\\/\\\/www.envirofalk.com\\\/fr\\\/connaissances-dexperts-sur-le-traitement-de-leau\\\/traitement-des-eaux-usees-pour-les-echangeurs-dions-selectifs\\\/#primaryimage\",\"url\":\"https:\\\/\\\/www.envirofalk.com\\\/wp-content\\\/uploads\\\/2024\\\/12\\\/RS496_EF_Regenerierstation_DSC_9734_hpr-scaled.jpg\",\"contentUrl\":\"https:\\\/\\\/www.envirofalk.com\\\/wp-content\\\/uploads\\\/2024\\\/12\\\/RS496_EF_Regenerierstation_DSC_9734_hpr-scaled.jpg\",\"width\":2560,\"height\":1797,\"caption\":\"Regenerationsstation, EnviroFALK\"},{\"@type\":\"BreadcrumbList\",\"@id\":\"https:\\\/\\\/www.envirofalk.com\\\/fr\\\/connaissances-dexperts-sur-le-traitement-de-leau\\\/traitement-des-eaux-usees-pour-les-echangeurs-dions-selectifs\\\/#breadcrumb\",\"itemListElement\":[{\"@type\":\"ListItem\",\"position\":1,\"name\":\"Home\",\"item\":\"https:\\\/\\\/www.envirofalk.com\\\/fr\\\/\"},{\"@type\":\"ListItem\",\"position\":2,\"name\":\"Traitement des eaux us\u00e9es pour les \u00e9changeurs d&#8217;ions s\u00e9lectifs\"}]},{\"@type\":\"WebSite\",\"@id\":\"https:\\\/\\\/www.envirofalk.com\\\/fr\\\/#website\",\"url\":\"https:\\\/\\\/www.envirofalk.com\\\/fr\\\/\",\"name\":\"EnviroFALK\",\"description\":\"Wasseraufbereitungsanlagen f\u00fcr Industrie, Gewerbe &amp; Labor\",\"publisher\":{\"@id\":\"https:\\\/\\\/www.envirofalk.com\\\/fr\\\/#organization\"},\"potentialAction\":[{\"@type\":\"SearchAction\",\"target\":{\"@type\":\"EntryPoint\",\"urlTemplate\":\"https:\\\/\\\/www.envirofalk.com\\\/fr\\\/?s={search_term_string}\"},\"query-input\":{\"@type\":\"PropertyValueSpecification\",\"valueRequired\":true,\"valueName\":\"search_term_string\"}}],\"inLanguage\":\"fr-FR\"},{\"@type\":\"Organization\",\"@id\":\"https:\\\/\\\/www.envirofalk.com\\\/fr\\\/#organization\",\"name\":\"EnviroFALK\",\"url\":\"https:\\\/\\\/www.envirofalk.com\\\/fr\\\/\",\"logo\":{\"@type\":\"ImageObject\",\"inLanguage\":\"fr-FR\",\"@id\":\"https:\\\/\\\/www.envirofalk.com\\\/fr\\\/#\\\/schema\\\/logo\\\/image\\\/\",\"url\":\"https:\\\/\\\/www.envirofalk.com\\\/wp-content\\\/uploads\\\/2023\\\/01\\\/logo.svg\",\"contentUrl\":\"https:\\\/\\\/www.envirofalk.com\\\/wp-content\\\/uploads\\\/2023\\\/01\\\/logo.svg\",\"caption\":\"EnviroFALK\"},\"image\":{\"@id\":\"https:\\\/\\\/www.envirofalk.com\\\/fr\\\/#\\\/schema\\\/logo\\\/image\\\/\"},\"sameAs\":[\"https:\\\/\\\/www.facebook.com\\\/envirofalk\",\"https:\\\/\\\/www.linkedin.com\\\/company\\\/envirofalk-gmbh\",\"https:\\\/\\\/www.youtube.com\\\/channel\\\/UCM1L-2K6cfBbP3aYgJGbVdA\"],\"description\":\"EnviroFALK Prozesswassertechnik ist Ihr Spezialist f\u00fcr ma\u00dfgeschneiderte Wasseraufbereitungsl\u00f6sungen in der Industrie. Wir bieten innovative Technologien f\u00fcr die Erzeugung und Aufbereitung von Prozesswasser, um h\u00f6chste Effizienz und Qualit\u00e4t in Ihren Produktionsprozessen zu gew\u00e4hrleisten. Mit jahrzehntelanger Erfahrung entwickeln wir nachhaltige und ressourcenschonende L\u00f6sungen, die exakt auf die Anforderungen unserer Kunden abgestimmt sind. Unsere Leistungen umfassen die Filtration, Enth\u00e4rtung, Entsalzung und R\u00fcckgewinnung von Wasser f\u00fcr verschiedenste Anwendungen \u2013 von der Metallverarbeitung bis zur Lebensmittelindustrie. Unsere Experten begleiten Sie von der Planung \u00fcber die Implementierung bis hin zum Service, um eine zuverl\u00e4ssige und wirtschaftliche Wasseraufbereitung sicherzustellen.\",\"email\":\"info@envirofalk.com\",\"telephone\":\"+49 2663 9908-0\",\"legalName\":\"EnviroFALK GmbH\",\"foundingDate\":\"1989-05-01\"}]}<\/script>\n<!-- \/ Yoast SEO Premium plugin. -->","yoast_head_json":{"title":"Traitement des eaux us\u00e9es pour les \u00e9changeurs d'ions s\u00e9lectifs &#8211; EnviroFALK","description":"Les \u00e9changeurs d'ions s\u00e9lectifs sont des \u00e9changeurs d'ions qui \u00e9liminent de mani\u00e8re s\u00e9lective les m\u00e9taux lourds dissous dans l'eau claire. La r\u00e9g\u00e9n\u00e9ration exigeante et complexe des \u00e9changeurs d'ions s\u00e9lectifs n\u00e9cessite une installation de traitement des eaux us\u00e9es sp\u00e9cifique.","robots":{"index":"index","follow":"follow","max-snippet":"max-snippet:-1","max-image-preview":"max-image-preview:large","max-video-preview":"max-video-preview:-1"},"canonical":"https:\/\/www.envirofalk.com\/fr\/connaissances-dexperts-sur-le-traitement-de-leau\/traitement-des-eaux-usees-pour-les-echangeurs-dions-selectifs\/","og_locale":"fr_FR","og_type":"article","og_title":"Traitement des eaux us\u00e9es pour les \u00e9changeurs d'ions s\u00e9lectifs","og_description":"Les \u00e9changeurs d'ions s\u00e9lectifs sont des \u00e9changeurs d'ions qui \u00e9liminent de mani\u00e8re s\u00e9lective les m\u00e9taux lourds dissous dans l'eau claire. La r\u00e9g\u00e9n\u00e9ration exigeante et complexe des \u00e9changeurs d'ions s\u00e9lectifs n\u00e9cessite une installation de traitement des eaux us\u00e9es sp\u00e9cifique.","og_url":"https:\/\/www.envirofalk.com\/fr\/connaissances-dexperts-sur-le-traitement-de-leau\/traitement-des-eaux-usees-pour-les-echangeurs-dions-selectifs\/","og_site_name":"EnviroFALK","article_publisher":"https:\/\/www.facebook.com\/envirofalk","article_modified_time":"2024-01-24T09:54:38+00:00","twitter_card":"summary_large_image","twitter_misc":{"Dur\u00e9e de lecture estim\u00e9e":"2 minutes"},"schema":{"@context":"https:\/\/schema.org","@graph":[{"@type":"WebPage","@id":"https:\/\/www.envirofalk.com\/fr\/connaissances-dexperts-sur-le-traitement-de-leau\/traitement-des-eaux-usees-pour-les-echangeurs-dions-selectifs\/","url":"https:\/\/www.envirofalk.com\/fr\/connaissances-dexperts-sur-le-traitement-de-leau\/traitement-des-eaux-usees-pour-les-echangeurs-dions-selectifs\/","name":"Traitement des eaux us\u00e9es pour les \u00e9changeurs d'ions s\u00e9lectifs &#8211; EnviroFALK","isPartOf":{"@id":"https:\/\/www.envirofalk.com\/fr\/#website"},"primaryImageOfPage":{"@id":"https:\/\/www.envirofalk.com\/fr\/connaissances-dexperts-sur-le-traitement-de-leau\/traitement-des-eaux-usees-pour-les-echangeurs-dions-selectifs\/#primaryimage"},"image":{"@id":"https:\/\/www.envirofalk.com\/fr\/connaissances-dexperts-sur-le-traitement-de-leau\/traitement-des-eaux-usees-pour-les-echangeurs-dions-selectifs\/#primaryimage"},"thumbnailUrl":"https:\/\/www.envirofalk.com\/wp-content\/uploads\/2024\/12\/RS496_EF_Regenerierstation_DSC_9734_hpr-scaled.jpg","datePublished":"2024-01-24T09:54:35+00:00","dateModified":"2024-01-24T09:54:38+00:00","description":"Les \u00e9changeurs d'ions s\u00e9lectifs sont des \u00e9changeurs d'ions qui \u00e9liminent de mani\u00e8re s\u00e9lective les m\u00e9taux lourds dissous dans l'eau claire. La r\u00e9g\u00e9n\u00e9ration exigeante et complexe des \u00e9changeurs d'ions s\u00e9lectifs n\u00e9cessite une installation de traitement des eaux us\u00e9es sp\u00e9cifique.","breadcrumb":{"@id":"https:\/\/www.envirofalk.com\/fr\/connaissances-dexperts-sur-le-traitement-de-leau\/traitement-des-eaux-usees-pour-les-echangeurs-dions-selectifs\/#breadcrumb"},"inLanguage":"fr-FR","potentialAction":[{"@type":"ReadAction","target":["https:\/\/www.envirofalk.com\/fr\/connaissances-dexperts-sur-le-traitement-de-leau\/traitement-des-eaux-usees-pour-les-echangeurs-dions-selectifs\/"]}]},{"@type":"ImageObject","inLanguage":"fr-FR","@id":"https:\/\/www.envirofalk.com\/fr\/connaissances-dexperts-sur-le-traitement-de-leau\/traitement-des-eaux-usees-pour-les-echangeurs-dions-selectifs\/#primaryimage","url":"https:\/\/www.envirofalk.com\/wp-content\/uploads\/2024\/12\/RS496_EF_Regenerierstation_DSC_9734_hpr-scaled.jpg","contentUrl":"https:\/\/www.envirofalk.com\/wp-content\/uploads\/2024\/12\/RS496_EF_Regenerierstation_DSC_9734_hpr-scaled.jpg","width":2560,"height":1797,"caption":"Regenerationsstation, EnviroFALK"},{"@type":"BreadcrumbList","@id":"https:\/\/www.envirofalk.com\/fr\/connaissances-dexperts-sur-le-traitement-de-leau\/traitement-des-eaux-usees-pour-les-echangeurs-dions-selectifs\/#breadcrumb","itemListElement":[{"@type":"ListItem","position":1,"name":"Home","item":"https:\/\/www.envirofalk.com\/fr\/"},{"@type":"ListItem","position":2,"name":"Traitement des eaux us\u00e9es pour les \u00e9changeurs d&#8217;ions s\u00e9lectifs"}]},{"@type":"WebSite","@id":"https:\/\/www.envirofalk.com\/fr\/#website","url":"https:\/\/www.envirofalk.com\/fr\/","name":"EnviroFALK","description":"Wasseraufbereitungsanlagen f\u00fcr Industrie, Gewerbe &amp; Labor","publisher":{"@id":"https:\/\/www.envirofalk.com\/fr\/#organization"},"potentialAction":[{"@type":"SearchAction","target":{"@type":"EntryPoint","urlTemplate":"https:\/\/www.envirofalk.com\/fr\/?s={search_term_string}"},"query-input":{"@type":"PropertyValueSpecification","valueRequired":true,"valueName":"search_term_string"}}],"inLanguage":"fr-FR"},{"@type":"Organization","@id":"https:\/\/www.envirofalk.com\/fr\/#organization","name":"EnviroFALK","url":"https:\/\/www.envirofalk.com\/fr\/","logo":{"@type":"ImageObject","inLanguage":"fr-FR","@id":"https:\/\/www.envirofalk.com\/fr\/#\/schema\/logo\/image\/","url":"https:\/\/www.envirofalk.com\/wp-content\/uploads\/2023\/01\/logo.svg","contentUrl":"https:\/\/www.envirofalk.com\/wp-content\/uploads\/2023\/01\/logo.svg","caption":"EnviroFALK"},"image":{"@id":"https:\/\/www.envirofalk.com\/fr\/#\/schema\/logo\/image\/"},"sameAs":["https:\/\/www.facebook.com\/envirofalk","https:\/\/www.linkedin.com\/company\/envirofalk-gmbh","https:\/\/www.youtube.com\/channel\/UCM1L-2K6cfBbP3aYgJGbVdA"],"description":"EnviroFALK Prozesswassertechnik ist Ihr Spezialist f\u00fcr ma\u00dfgeschneiderte Wasseraufbereitungsl\u00f6sungen in der Industrie. Wir bieten innovative Technologien f\u00fcr die Erzeugung und Aufbereitung von Prozesswasser, um h\u00f6chste Effizienz und Qualit\u00e4t in Ihren Produktionsprozessen zu gew\u00e4hrleisten. Mit jahrzehntelanger Erfahrung entwickeln wir nachhaltige und ressourcenschonende L\u00f6sungen, die exakt auf die Anforderungen unserer Kunden abgestimmt sind. Unsere Leistungen umfassen die Filtration, Enth\u00e4rtung, Entsalzung und R\u00fcckgewinnung von Wasser f\u00fcr verschiedenste Anwendungen \u2013 von der Metallverarbeitung bis zur Lebensmittelindustrie. Unsere Experten begleiten Sie von der Planung \u00fcber die Implementierung bis hin zum Service, um eine zuverl\u00e4ssige und wirtschaftliche Wasseraufbereitung sicherzustellen.","email":"info@envirofalk.com","telephone":"+49 2663 9908-0","legalName":"EnviroFALK GmbH","foundingDate":"1989-05-01"}]}},"_links":{"self":[{"href":"https:\/\/www.envirofalk.com\/fr\/wp-json\/wp\/v2\/pages\/7969","targetHints":{"allow":["GET"]}}],"collection":[{"href":"https:\/\/www.envirofalk.com\/fr\/wp-json\/wp\/v2\/pages"}],"about":[{"href":"https:\/\/www.envirofalk.com\/fr\/wp-json\/wp\/v2\/types\/page"}],"author":[{"embeddable":true,"href":"https:\/\/www.envirofalk.com\/fr\/wp-json\/wp\/v2\/users\/1"}],"replies":[{"embeddable":true,"href":"https:\/\/www.envirofalk.com\/fr\/wp-json\/wp\/v2\/comments?post=7969"}],"version-history":[{"count":5,"href":"https:\/\/www.envirofalk.com\/fr\/wp-json\/wp\/v2\/pages\/7969\/revisions"}],"predecessor-version":[{"id":8048,"href":"https:\/\/www.envirofalk.com\/fr\/wp-json\/wp\/v2\/pages\/7969\/revisions\/8048"}],"up":[{"embeddable":true,"href":"https:\/\/www.envirofalk.com\/fr\/wp-json\/wp\/v2\/pages\/8007"}],"wp:featuredmedia":[{"embeddable":true,"href":"https:\/\/www.envirofalk.com\/fr\/wp-json\/wp\/v2\/media\/18566"}],"wp:attachment":[{"href":"https:\/\/www.envirofalk.com\/fr\/wp-json\/wp\/v2\/media?parent=7969"}],"curies":[{"name":"wp","href":"https:\/\/api.w.org\/{rel}","templated":true}]}}