{"id":7907,"date":"2024-01-24T10:54:32","date_gmt":"2024-01-24T09:54:32","guid":{"rendered":"https:\/\/www.envirofalk.com\/service\/formation-pour-les-utilisateurs\/"},"modified":"2026-02-04T10:22:58","modified_gmt":"2026-02-04T09:22:58","slug":"formation-pour-les-utilisateurs","status":"publish","type":"page","link":"https:\/\/www.envirofalk.com\/fr\/service\/formation-pour-les-utilisateurs\/","title":{"rendered":"Formation pour les utilisateurs"},"content":{"rendered":"<div class=\"wpb-content-wrapper\"><p>[vc_section][vc_row full_width=\u00a0\u00bbstretch_row_content_no_spaces\u00a0\u00bb][vc_column]<div class=\"custom-top-banner img-box   has-icon\" style=\"background-image: url(https:\/\/www.envirofalk.com\/wp-content\/uploads\/2023\/10\/Schulung.jpg)\"><div class=\"container relative\"><div class=\"text-box\"><div class=\"slideInRight animated\"><img loading=\"lazy\" decoding=\"async\" width=\"1\" height=\"1\" src=\"https:\/\/www.envirofalk.com\/wp-content\/uploads\/2023\/05\/icon_kundenlosungen.svg\" class=\"attachment-120x120 size-120x120\" alt=\"Gl\u00fchbirne Icon\" \/><p><strong>Traitement de l'eau <\/strong> comprendre d\u00e8s le d\u00e9but<\/p><\/div><\/div><\/div><\/div>[\/vc_column][\/vc_row][vc_row el_class=\u00a0\u00bbbreadcrumbs-wrapper\u00a0\u00bb][vc_column]<div class=\"breadcrumbs\"><label><\/label> <a href=\"https:\/\/www.envirofalk.com\/fr\/\">Home<\/a><\/div>[\/vc_column][\/vc_row][\/vc_section][vc_section][vc_row css_animation=\u00a0\u00bbslideInUp\u00a0\u00bb el_class=\u00a0\u00bbtwo-columns-row tablet-row\u00a0\u00bb][vc_column width=\u00a0\u00bb3\/4&Prime;][vc_custom_heading source=\u00a0\u00bbpost_title\u00a0\u00bb font_container=\u00a0\u00bbtag:h1|text_align:left\u00a0\u00bb use_theme_fonts=\u00a0\u00bbyes\u00a0\u00bb][\/vc_column][vc_column width=\u00a0\u00bb1\/4&Prime;]<div class=\"online-consultant-box  wpb_content_element\"><div class=\"online-consultant\"><div><div class=\"person-info\"><h5>Gabriel Wigishoff<\/h5><ul class=\"person-list\"><li><a href=\"tel:+41 41 740 44 32\">+41 41 740 44 32<\/a><\/li><\/ul><\/div><a href=\"#beratung\" target=\"_self\" class=\"custom-btn show-modal\"><i class=\"icon-chevron-right\"><\/i>Vers la consultation en ligne<\/a><\/div><div class=\"relative\"><svg xmlns=\"http:\/\/www.w3.org\/2000\/svg\" viewBox=\"0 0 32.83 32.83\">\n\t\t\t\t\t\t\t\t\t<defs>\n\t\t\t\t\t\t\t\t\t\t<linearGradient id=\"gradient\" x1=\"0%\" y1=\"0%\" x2=\"0%\" y2=\"100%\" gradientTransform=\"rotate(-135)\">\n\t\t\t\t\t\t\t\t\t\t\t<stop offset=\"0%\" stop-color=\"#97be0d\"\/>\n\t\t\t\t\t\t\t\t\t\t\t\t<stop offset=\"100%\" stop-color=\"rgba(255, 255, 255, 0)\"\/>\n\t\t\t\t\t\t\t\t\t\t<\/linearGradient>\n\t\t\t\t\t\t\t\t\t<\/defs>\n\t\t\t\t\t\t\t\t\t<path class=\"wpb_animate_when_almost_visible circular-progress\" stroke=\"url(#gradient)\" stroke-width=\"1\" stroke-dasharray=\"100, 100\" fill=\"none\" d=\"M18,2.08a15.92,15.92,0,0,1,0,31.84h0A15.92,15.92,0,0,1,18,2.08\" transform=\"translate(-1.59 -1.58)\"\/>\n                            \t<\/svg><span><img loading=\"lazy\" decoding=\"async\" width=\"2560\" height=\"3836\" src=\"https:\/\/www.envirofalk.com\/wp-content\/uploads\/2025\/11\/Gabriel_Wigishoff_FG-e1764234116437.png\" class=\"attachment-full size-full\" alt=\"\" \/><\/span><\/div><\/div><\/div>[\/vc_column][\/vc_row][\/vc_section][vc_section][vc_row el_class=\u00a0\u00bbtablet-row vertical-center\u00a0\u00bb][vc_column css_animation=\u00a0\u00bbslideInLeft\u00a0\u00bb width=\u00a0\u00bb1\/2&Prime;][vc_column_text]<\/p>\n<h2>Formation des op\u00e9rateurs<\/h2>\n<p>Bien entendu, la formation des op\u00e9rateurs fait partie de notre offre de services. Contactez-nous et nous \u00e9laborerons ensemble un concept de formation et d&rsquo;initiation pour vos collaborateurs \u00e0 l&rsquo;utilisation de notre traitement de l&rsquo;eau. Pour cela, notre salle de formation moderne \u00e0 Westerburg est id\u00e9ale, ou nous pouvons vous former sur place, directement dans l&rsquo;entreprise, sur l&rsquo;installation de traitement de l&rsquo;eau. Nous nous ferons un plaisir d&rsquo;adapter les th\u00e8mes \u00e0 votre domaine d&rsquo;application sp\u00e9cifique.[\/vc_column_text][\/vc_column][vc_column css_animation=\u00a0\u00bbslideInRight\u00a0\u00bb width=\u00a0\u00bb1\/2&Prime;][vc_single_image image=\u00a0\u00bb6753&Prime; img_size=\u00a0\u00bbfull\u00a0\u00bb alignment=\u00a0\u00bbcenter\u00a0\u00bb][\/vc_column][\/vc_row][\/vc_section][vc_section][vc_row el_class=\u00a0\u00bbtablet-row reverse vertical-center\u00a0\u00bb][vc_column css_animation=\u00a0\u00bbslideInLeft\u00a0\u00bb width=\u00a0\u00bb1\/2&Prime;][vc_single_image image=\u00a0\u00bb6753&Prime; img_size=\u00a0\u00bbfull\u00a0\u00bb alignment=\u00a0\u00bbcenter\u00a0\u00bb][\/vc_column][vc_column css_animation=\u00a0\u00bbslideInRight\u00a0\u00bb width=\u00a0\u00bb1\/2&Prime;][vc_column_text]<\/p>\n<h2>Tests d&rsquo;acceptation en usine<\/h2>\n<p>Gr\u00e2ce \u00e0 nos tests d&rsquo;acceptation en usine ( <strong>FAT)<\/strong>, vous pouvez vous assurer que nous avons r\u00e9pondu \u00e0 toutes vos exigences techniques et de qualit\u00e9, et ce avant que votre installation de traitement de l&rsquo;eau ne quitte nos locaux. Profitez de l&rsquo;occasion et d\u00e9couvrez en m\u00eame temps le \u00ab\u00a0lieu de naissance\u00a0\u00bb de votre installation chez nous \u00e0 Westerburg.[\/vc_column_text][\/vc_column][\/vc_row][\/vc_section][vc_section][vc_row][vc_column css_animation=\u00a0\u00bbfadeInUp\u00a0\u00bb][vc_tta_accordion section_title_tag=\u00a0\u00bbh5&Prime; c_icon=\u00a0\u00bbchevron\u00a0\u00bb c_position=\u00a0\u00bbright\u00a0\u00bb active_section=\u00a0\u00bb\u00a0\u00bb no_fill=\u00a0\u00bbtrue\u00a0\u00bb collapsible_all=\u00a0\u00bbtrue\u00a0\u00bb title=\u00a0\u00bbVos avantages avec nos formations\u00a0\u00bb][vc_tta_section title=\u00a0\u00bbProgrammes d&rsquo;entra\u00eenement con\u00e7us individuellement\u00a0\u00bb tab_id=\u00a0\u00bbtab-1b51d-7c3d\u00a0\u00bb][vc_column_text]Nous vous proposons volontiers des programmes de formation pour vos collaborateurs : Adapt\u00e9s individuellement \u00e0 leurs exigences. Bien entendu, les situations de travail quotidiennes ne sont pas oubli\u00e9es. En effet, vous pouvez ainsi \u00eatre s\u00fbr que votre installation de traitement de l&rsquo;eau fonctionne de mani\u00e8re optimale.[\/vc_column_text][\/vc_tta_section][vc_tta_section title=\u00a0\u00bbS\u00e9minaire sp\u00e9cialis\u00e9 Rencontre d&rsquo;experts\u00a0\u00bb tab_id=\u00a0\u00bbtab-2b51d-7c3d\u00a0\u00bb][vc_column_text]Dans le cadre de la s\u00e9rie de manifestations EnviroFALK Experten-Treff, des intervenants comp\u00e9tents transmettent des connaissances pr\u00e9cieuses sur la t\u00e2che d&rsquo;utiliser l&rsquo;eau de mani\u00e8re intelligente. Les participants apprennent des informations importantes sur les techniques de proc\u00e9d\u00e9s et sur la mani\u00e8re d&rsquo;optimiser les processus dans leur propre entreprise. Parmi les nombreux th\u00e8mes abord\u00e9s, on trouve par exemple les technologies membranaires et les techniques de filtration, le traitement de l&rsquo;eau d\u00e9min\u00e9ralis\u00e9e et le recyclage, le traitement des eaux de rin\u00e7age, le recyclage des bains de traitement, l&rsquo;\u00e9lectrod\u00e9ionisation (EDI), le recyclage intelligent des rin\u00e7ages \u00e0 l&rsquo;eau d\u00e9min\u00e9ralis\u00e9e.[\/vc_column_text][\/vc_tta_section][vc_tta_section title=\u00a0\u00bbFAT &#8211; Test d&rsquo;acceptation en usine\u00a0\u00bb tab_id=\u00a0\u00bbtab-3b51d-7c3d\u00a0\u00bb][vc_column_text]Le FAT (Factory Acceptance Test) est un \u00e9l\u00e9ment facultatif de notre processus de qualification. Gr\u00e2ce \u00e0 notre contr\u00f4le, vous pouvez \u00eatre s\u00fbr que votre nouvelle installation de traitement de l&rsquo;eau EnviroFALK correspond exactement \u00e0 vos attentes. Selon l&rsquo;accord et le contrat, une FAT peut \u00eatre organis\u00e9e avec ou sans test de fonctionnement. La r\u00e9ception de votre installation de traitement de l&rsquo;eau se fait donc selon des crit\u00e8res de r\u00e9ception bien d\u00e9finis. Lors d&rsquo;une r\u00e9ception avec test de fonctionnement, les fonctions de base des syst\u00e8mes m\u00e9caniques et \u00e9lectriques sont contr\u00f4l\u00e9es. Chaque contr\u00f4le se base sur les sp\u00e9cifications du cahier des charges et, le cas \u00e9ch\u00e9ant, sur d&rsquo;autres modifications ou adaptations convenues lors de la conclusion du contrat. Apr\u00e8s r\u00e9ception r\u00e9ussie, votre installation de traitement de l&rsquo;eau est emball\u00e9e selon les sp\u00e9cifications d&rsquo;exp\u00e9dition et pr\u00e9par\u00e9e pour l&rsquo;enl\u00e8vement.[\/vc_column_text][\/vc_tta_section][vc_tta_section title=\u00a0\u00bbEn savoir plus sur nos offres de formation.\u00a0\u00bb tab_id=\u00a0\u00bbtab-4b51d-7c3d\u00a0\u00bb][vc_column_text]Programme de formation EnviorFALK : pour une exploitation s\u00fbre et efficace de votre installation de traitement de l&rsquo;eau. Contactez-nous. Car nous sommes l\u00e0 pour vous.[\/vc_column_text][\/vc_tta_section][vc_tta_section title=\u00a0\u00bbVous avez besoin de s\u00e9curit\u00e9 ?\u00a0\u00bb tab_id=\u00a0\u00bbtab-5b51d-7c3d\u00a0\u00bb][vc_column_text]Plus de 30 ans d&rsquo;exp\u00e9rience et d&rsquo;expertise intersectorielle, des partenariats \u00e0 long terme et une \u00e9quipe de service sp\u00e9cialement form\u00e9e sur des sites dans toute l&rsquo;Allemagne et la Suisse convainquent chaque jour de nombreux clients de renom avec des marques fascinantes. Autant de signes de confiance. Nous savons ce que nous faisons et nous le faisons correctement et consciencieusement. Nous nous concentrons sur ce qui vous fait avancer en tant qu&rsquo;entreprise. Pour que vous soyez du c\u00f4t\u00e9 de la s\u00e9curit\u00e9.[\/vc_column_text][\/vc_tta_section][\/vc_tta_accordion][\/vc_column][\/vc_row][\/vc_section]<\/p>\n<\/div>","protected":false},"excerpt":{"rendered":"<p>[vc_section][vc_row full_width=\u00a0\u00bbstretch_row_content_no_spaces\u00a0\u00bb][vc_column][\/vc_column][\/vc_row][vc_row el_class=\u00a0\u00bbbreadcrumbs-wrapper\u00a0\u00bb][vc_column][\/vc_column][\/vc_row][\/vc_section][vc_section][vc_row css_animation=\u00a0\u00bbslideInUp\u00a0\u00bb el_class=\u00a0\u00bbtwo-columns-row tablet-row\u00a0\u00bb][vc_column width=\u00a0\u00bb3\/4&Prime;][vc_custom_heading source=\u00a0\u00bbpost_title\u00a0\u00bb font_container=\u00a0\u00bbtag:h1|text_align:left\u00a0\u00bb use_theme_fonts=\u00a0\u00bbyes\u00a0\u00bb][\/vc_column][vc_column width=\u00a0\u00bb1\/4&Prime;][\/vc_column][\/vc_row][\/vc_section][vc_section][vc_row el_class=\u00a0\u00bbtablet-row vertical-center\u00a0\u00bb][vc_column css_animation=\u00a0\u00bbslideInLeft\u00a0\u00bb width=\u00a0\u00bb1\/2&Prime;][vc_column_text] Formation des op\u00e9rateurs Bien entendu, la formation des op\u00e9rateurs fait partie de notre offre de services. Contactez-nous et nous \u00e9laborerons ensemble un concept de formation et d&rsquo;initiation pour vos collaborateurs \u00e0 l&rsquo;utilisation de notre traitement de l&rsquo;eau. Pour cela, notre [&hellip;]<\/p>\n","protected":false},"author":3,"featured_media":0,"parent":7587,"menu_order":5,"comment_status":"closed","ping_status":"closed","template":"","meta":{"_acf_changed":false,"rs_blank_template":"","rs_page_bg_color":"","slide_template_v7":"","footnotes":""},"class_list":["post-7907","page","type-page","status-publish","hentry"],"acf":[],"yoast_head":"<!-- This site is optimized with the Yoast SEO Premium plugin v27.4 (Yoast SEO v27.4) - https:\/\/yoast.com\/product\/yoast-seo-premium-wordpress\/ -->\n<title>Formation pour les utilisateurs &#8211; EnviroFALK<\/title>\n<meta name=\"description\" content=\"Concepts de formation et d&#039;initiation pour vos collaborateurs \u00e0 l&#039;utilisation de notre traitement de l&#039;eau.\" \/>\n<meta name=\"robots\" content=\"index, follow, max-snippet:-1, max-image-preview:large, max-video-preview:-1\" \/>\n<link rel=\"canonical\" href=\"https:\/\/www.envirofalk.com\/fr\/service\/formation-pour-les-utilisateurs\/\" \/>\n<meta property=\"og:locale\" content=\"fr_FR\" \/>\n<meta property=\"og:type\" content=\"article\" \/>\n<meta property=\"og:title\" content=\"Formation pour les utilisateurs\" \/>\n<meta property=\"og:description\" content=\"Concepts de formation et d&#039;initiation pour vos collaborateurs \u00e0 l&#039;utilisation de notre traitement de l&#039;eau.\" \/>\n<meta property=\"og:url\" content=\"https:\/\/www.envirofalk.com\/fr\/service\/formation-pour-les-utilisateurs\/\" \/>\n<meta property=\"og:site_name\" content=\"EnviroFALK\" \/>\n<meta property=\"article:publisher\" content=\"https:\/\/www.facebook.com\/envirofalk\" \/>\n<meta property=\"article:modified_time\" content=\"2026-02-04T09:22:58+00:00\" \/>\n<meta name=\"twitter:card\" content=\"summary_large_image\" \/>\n<meta name=\"twitter:label1\" content=\"Dur\u00e9e de lecture estim\u00e9e\" \/>\n\t<meta name=\"twitter:data1\" content=\"5 minutes\" \/>\n<script type=\"application\/ld+json\" class=\"yoast-schema-graph\">{\"@context\":\"https:\\\/\\\/schema.org\",\"@graph\":[{\"@type\":\"WebPage\",\"@id\":\"https:\\\/\\\/www.envirofalk.com\\\/fr\\\/service\\\/formation-pour-les-utilisateurs\\\/\",\"url\":\"https:\\\/\\\/www.envirofalk.com\\\/fr\\\/service\\\/formation-pour-les-utilisateurs\\\/\",\"name\":\"Formation pour les utilisateurs &#8211; EnviroFALK\",\"isPartOf\":{\"@id\":\"https:\\\/\\\/www.envirofalk.com\\\/fr\\\/#website\"},\"datePublished\":\"2024-01-24T09:54:32+00:00\",\"dateModified\":\"2026-02-04T09:22:58+00:00\",\"description\":\"Concepts de formation et d'initiation pour vos collaborateurs \u00e0 l'utilisation de notre traitement de l'eau.\",\"breadcrumb\":{\"@id\":\"https:\\\/\\\/www.envirofalk.com\\\/fr\\\/service\\\/formation-pour-les-utilisateurs\\\/#breadcrumb\"},\"inLanguage\":\"fr-FR\",\"potentialAction\":[{\"@type\":\"ReadAction\",\"target\":[\"https:\\\/\\\/www.envirofalk.com\\\/fr\\\/service\\\/formation-pour-les-utilisateurs\\\/\"]}]},{\"@type\":\"BreadcrumbList\",\"@id\":\"https:\\\/\\\/www.envirofalk.com\\\/fr\\\/service\\\/formation-pour-les-utilisateurs\\\/#breadcrumb\",\"itemListElement\":[{\"@type\":\"ListItem\",\"position\":1,\"name\":\"Home\",\"item\":\"https:\\\/\\\/www.envirofalk.com\\\/fr\\\/slidetest\\\/\"},{\"@type\":\"ListItem\",\"position\":2,\"name\":\"Service\",\"item\":\"https:\\\/\\\/www.envirofalk.com\\\/fr\\\/service\\\/\"},{\"@type\":\"ListItem\",\"position\":3,\"name\":\"Formation pour les utilisateurs\"}]},{\"@type\":\"WebSite\",\"@id\":\"https:\\\/\\\/www.envirofalk.com\\\/fr\\\/#website\",\"url\":\"https:\\\/\\\/www.envirofalk.com\\\/fr\\\/\",\"name\":\"EnviroFALK\",\"description\":\"Wasseraufbereitungsanlagen f\u00fcr Industrie, Gewerbe &amp; Labor\",\"publisher\":{\"@id\":\"https:\\\/\\\/www.envirofalk.com\\\/fr\\\/#organization\"},\"potentialAction\":[{\"@type\":\"SearchAction\",\"target\":{\"@type\":\"EntryPoint\",\"urlTemplate\":\"https:\\\/\\\/www.envirofalk.com\\\/fr\\\/?s={search_term_string}\"},\"query-input\":{\"@type\":\"PropertyValueSpecification\",\"valueRequired\":true,\"valueName\":\"search_term_string\"}}],\"inLanguage\":\"fr-FR\"},{\"@type\":\"Organization\",\"@id\":\"https:\\\/\\\/www.envirofalk.com\\\/fr\\\/#organization\",\"name\":\"EnviroFALK\",\"url\":\"https:\\\/\\\/www.envirofalk.com\\\/fr\\\/\",\"logo\":{\"@type\":\"ImageObject\",\"inLanguage\":\"fr-FR\",\"@id\":\"https:\\\/\\\/www.envirofalk.com\\\/fr\\\/#\\\/schema\\\/logo\\\/image\\\/\",\"url\":\"https:\\\/\\\/www.envirofalk.com\\\/wp-content\\\/uploads\\\/2023\\\/01\\\/logo.svg\",\"contentUrl\":\"https:\\\/\\\/www.envirofalk.com\\\/wp-content\\\/uploads\\\/2023\\\/01\\\/logo.svg\",\"caption\":\"EnviroFALK\"},\"image\":{\"@id\":\"https:\\\/\\\/www.envirofalk.com\\\/fr\\\/#\\\/schema\\\/logo\\\/image\\\/\"},\"sameAs\":[\"https:\\\/\\\/www.facebook.com\\\/envirofalk\",\"https:\\\/\\\/www.linkedin.com\\\/company\\\/envirofalk-gmbh\",\"https:\\\/\\\/www.youtube.com\\\/channel\\\/UCM1L-2K6cfBbP3aYgJGbVdA\"],\"description\":\"EnviroFALK Prozesswassertechnik ist Ihr Spezialist f\u00fcr ma\u00dfgeschneiderte Wasseraufbereitungsl\u00f6sungen in der Industrie. Wir bieten innovative Technologien f\u00fcr die Erzeugung und Aufbereitung von Prozesswasser, um h\u00f6chste Effizienz und Qualit\u00e4t in Ihren Produktionsprozessen zu gew\u00e4hrleisten. Mit jahrzehntelanger Erfahrung entwickeln wir nachhaltige und ressourcenschonende L\u00f6sungen, die exakt auf die Anforderungen unserer Kunden abgestimmt sind. Unsere Leistungen umfassen die Filtration, Enth\u00e4rtung, Entsalzung und R\u00fcckgewinnung von Wasser f\u00fcr verschiedenste Anwendungen \u2013 von der Metallverarbeitung bis zur Lebensmittelindustrie. Unsere Experten begleiten Sie von der Planung \u00fcber die Implementierung bis hin zum Service, um eine zuverl\u00e4ssige und wirtschaftliche Wasseraufbereitung sicherzustellen.\",\"email\":\"info@envirofalk.com\",\"telephone\":\"+49 2663 9908-0\",\"legalName\":\"EnviroFALK GmbH\",\"foundingDate\":\"1989-05-01\"}]}<\/script>\n<!-- \/ Yoast SEO Premium plugin. -->","yoast_head_json":{"title":"Formation pour les utilisateurs &#8211; EnviroFALK","description":"Concepts de formation et d'initiation pour vos collaborateurs \u00e0 l'utilisation de notre traitement de l'eau.","robots":{"index":"index","follow":"follow","max-snippet":"max-snippet:-1","max-image-preview":"max-image-preview:large","max-video-preview":"max-video-preview:-1"},"canonical":"https:\/\/www.envirofalk.com\/fr\/service\/formation-pour-les-utilisateurs\/","og_locale":"fr_FR","og_type":"article","og_title":"Formation pour les utilisateurs","og_description":"Concepts de formation et d'initiation pour vos collaborateurs \u00e0 l'utilisation de notre traitement de l'eau.","og_url":"https:\/\/www.envirofalk.com\/fr\/service\/formation-pour-les-utilisateurs\/","og_site_name":"EnviroFALK","article_publisher":"https:\/\/www.facebook.com\/envirofalk","article_modified_time":"2026-02-04T09:22:58+00:00","twitter_card":"summary_large_image","twitter_misc":{"Dur\u00e9e de lecture estim\u00e9e":"5 minutes"},"schema":{"@context":"https:\/\/schema.org","@graph":[{"@type":"WebPage","@id":"https:\/\/www.envirofalk.com\/fr\/service\/formation-pour-les-utilisateurs\/","url":"https:\/\/www.envirofalk.com\/fr\/service\/formation-pour-les-utilisateurs\/","name":"Formation pour les utilisateurs &#8211; EnviroFALK","isPartOf":{"@id":"https:\/\/www.envirofalk.com\/fr\/#website"},"datePublished":"2024-01-24T09:54:32+00:00","dateModified":"2026-02-04T09:22:58+00:00","description":"Concepts de formation et d'initiation pour vos collaborateurs \u00e0 l'utilisation de notre traitement de l'eau.","breadcrumb":{"@id":"https:\/\/www.envirofalk.com\/fr\/service\/formation-pour-les-utilisateurs\/#breadcrumb"},"inLanguage":"fr-FR","potentialAction":[{"@type":"ReadAction","target":["https:\/\/www.envirofalk.com\/fr\/service\/formation-pour-les-utilisateurs\/"]}]},{"@type":"BreadcrumbList","@id":"https:\/\/www.envirofalk.com\/fr\/service\/formation-pour-les-utilisateurs\/#breadcrumb","itemListElement":[{"@type":"ListItem","position":1,"name":"Home","item":"https:\/\/www.envirofalk.com\/fr\/slidetest\/"},{"@type":"ListItem","position":2,"name":"Service","item":"https:\/\/www.envirofalk.com\/fr\/service\/"},{"@type":"ListItem","position":3,"name":"Formation pour les utilisateurs"}]},{"@type":"WebSite","@id":"https:\/\/www.envirofalk.com\/fr\/#website","url":"https:\/\/www.envirofalk.com\/fr\/","name":"EnviroFALK","description":"Wasseraufbereitungsanlagen f\u00fcr Industrie, Gewerbe &amp; Labor","publisher":{"@id":"https:\/\/www.envirofalk.com\/fr\/#organization"},"potentialAction":[{"@type":"SearchAction","target":{"@type":"EntryPoint","urlTemplate":"https:\/\/www.envirofalk.com\/fr\/?s={search_term_string}"},"query-input":{"@type":"PropertyValueSpecification","valueRequired":true,"valueName":"search_term_string"}}],"inLanguage":"fr-FR"},{"@type":"Organization","@id":"https:\/\/www.envirofalk.com\/fr\/#organization","name":"EnviroFALK","url":"https:\/\/www.envirofalk.com\/fr\/","logo":{"@type":"ImageObject","inLanguage":"fr-FR","@id":"https:\/\/www.envirofalk.com\/fr\/#\/schema\/logo\/image\/","url":"https:\/\/www.envirofalk.com\/wp-content\/uploads\/2023\/01\/logo.svg","contentUrl":"https:\/\/www.envirofalk.com\/wp-content\/uploads\/2023\/01\/logo.svg","caption":"EnviroFALK"},"image":{"@id":"https:\/\/www.envirofalk.com\/fr\/#\/schema\/logo\/image\/"},"sameAs":["https:\/\/www.facebook.com\/envirofalk","https:\/\/www.linkedin.com\/company\/envirofalk-gmbh","https:\/\/www.youtube.com\/channel\/UCM1L-2K6cfBbP3aYgJGbVdA"],"description":"EnviroFALK Prozesswassertechnik ist Ihr Spezialist f\u00fcr ma\u00dfgeschneiderte Wasseraufbereitungsl\u00f6sungen in der Industrie. Wir bieten innovative Technologien f\u00fcr die Erzeugung und Aufbereitung von Prozesswasser, um h\u00f6chste Effizienz und Qualit\u00e4t in Ihren Produktionsprozessen zu gew\u00e4hrleisten. Mit jahrzehntelanger Erfahrung entwickeln wir nachhaltige und ressourcenschonende L\u00f6sungen, die exakt auf die Anforderungen unserer Kunden abgestimmt sind. Unsere Leistungen umfassen die Filtration, Enth\u00e4rtung, Entsalzung und R\u00fcckgewinnung von Wasser f\u00fcr verschiedenste Anwendungen \u2013 von der Metallverarbeitung bis zur Lebensmittelindustrie. Unsere Experten begleiten Sie von der Planung \u00fcber die Implementierung bis hin zum Service, um eine zuverl\u00e4ssige und wirtschaftliche Wasseraufbereitung sicherzustellen.","email":"info@envirofalk.com","telephone":"+49 2663 9908-0","legalName":"EnviroFALK GmbH","foundingDate":"1989-05-01"}]}},"_links":{"self":[{"href":"https:\/\/www.envirofalk.com\/fr\/wp-json\/wp\/v2\/pages\/7907","targetHints":{"allow":["GET"]}}],"collection":[{"href":"https:\/\/www.envirofalk.com\/fr\/wp-json\/wp\/v2\/pages"}],"about":[{"href":"https:\/\/www.envirofalk.com\/fr\/wp-json\/wp\/v2\/types\/page"}],"author":[{"embeddable":true,"href":"https:\/\/www.envirofalk.com\/fr\/wp-json\/wp\/v2\/users\/3"}],"replies":[{"embeddable":true,"href":"https:\/\/www.envirofalk.com\/fr\/wp-json\/wp\/v2\/comments?post=7907"}],"version-history":[{"count":10,"href":"https:\/\/www.envirofalk.com\/fr\/wp-json\/wp\/v2\/pages\/7907\/revisions"}],"predecessor-version":[{"id":26718,"href":"https:\/\/www.envirofalk.com\/fr\/wp-json\/wp\/v2\/pages\/7907\/revisions\/26718"}],"up":[{"embeddable":true,"href":"https:\/\/www.envirofalk.com\/fr\/wp-json\/wp\/v2\/pages\/7587"}],"wp:attachment":[{"href":"https:\/\/www.envirofalk.com\/fr\/wp-json\/wp\/v2\/media?parent=7907"}],"curies":[{"name":"wp","href":"https:\/\/api.w.org\/{rel}","templated":true}]}}