{"id":7887,"date":"2024-01-24T10:54:31","date_gmt":"2024-01-24T09:54:31","guid":{"rendered":"https:\/\/www.envirofalk.com\/techniques-de-procedes-produits\/traitement-individuel-de-leau\/"},"modified":"2026-02-04T09:19:05","modified_gmt":"2026-02-04T08:19:05","slug":"traitement-individuel-de-leau","status":"publish","type":"page","link":"https:\/\/www.envirofalk.com\/fr\/techniques-de-procedes-produits\/traitement-individuel-de-leau\/","title":{"rendered":"Traitement individuel de l&rsquo;eau"},"content":{"rendered":"<div class=\"wpb-content-wrapper\"><p>[vc_section][vc_row full_width=\u00a0\u00bbstretch_row_content_no_spaces\u00a0\u00bb][vc_column]<div class=\"custom-top-banner img-box   has-icon\" style=\"background-image: url(https:\/\/www.envirofalk.com\/wp-content\/uploads\/2023\/05\/banner-energieerzeugung.jpg)\"><div class=\"container relative\"><div class=\"text-box\"><div class=\"slideInRight animated\"><img decoding=\"async\" width=\"1\" height=\"1\" src=\"https:\/\/www.envirofalk.com\/wp-content\/uploads\/2023\/08\/Wasseraufbereitung_Umkehrosmose_Icon.svg\" class=\"attachment-120x120 size-120x120\" alt=\"\" \/><p>Individualis\u00e9s <strong>syst\u00e8mes de traitement de l'eau<\/strong><\/p><\/div><\/div><\/div><\/div>[\/vc_column][\/vc_row][vc_row el_class=\u00a0\u00bbbreadcrumbs-wrapper\u00a0\u00bb][vc_column]<div class=\"breadcrumbs\"><label><\/label> <a href=\"https:\/\/www.envirofalk.com\/fr\/\">Home<\/a><\/div>[\/vc_column][\/vc_row][\/vc_section][vc_section][vc_row][vc_column width=\u00a0\u00bb3\/4&Prime;][vc_custom_heading source=\u00a0\u00bbpost_title\u00a0\u00bb font_container=\u00a0\u00bbtag:h1|text_align:left\u00a0\u00bb use_theme_fonts=\u00a0\u00bbyes\u00a0\u00bb][vc_column_text]<\/p>\n<div class=\"ce_row row column first\">\n<p>Vous avez besoin d&rsquo;installations de traitement de l&rsquo;eau <strong>sp\u00e9cialement adapt\u00e9es \u00e0 vos domaines d&rsquo;application ?<\/strong> Qu&rsquo;il s&rsquo;agisse d&rsquo;un espace limit\u00e9, d&rsquo;une tuyauterie sp\u00e9ciale, de solutions de num\u00e9risation et d&rsquo;automatisation sp\u00e9cifiques, nos <strong>installations de traitement de l&rsquo;eau sur mesure<\/strong> nous permettent de r\u00e9pondre \u00e0 <strong>des prescriptions d&rsquo;usine aux multiples facettes.<\/strong> Pour que vous puissiez utiliser la pr\u00e9cieuse ressource qu&rsquo;est l&rsquo;eau de mani\u00e8re durable, s\u00fbre et en r\u00e9duisant la consommation d&rsquo;\u00e9nergie.<\/p>\n<\/div>\n<p>[\/vc_column_text][\/vc_column][vc_column width=\u00a0\u00bb1\/4&Prime;]<div class=\"online-consultant-box  wpb_content_element\"><div class=\"online-consultant\"><div><div class=\"person-info\"><h5>Philippe Anstett<\/h5><ul class=\"person-list\"><li><a href=\"tel:+41 41 7404424\">+41 41 7404424<\/a><\/li><\/ul><\/div><a href=\"#beratung\" target=\"_self\" class=\"custom-btn show-modal\"><i class=\"icon-chevron-right\"><\/i>Vers la consultation en ligne<\/a><\/div><div class=\"relative\"><svg xmlns=\"http:\/\/www.w3.org\/2000\/svg\" viewBox=\"0 0 32.83 32.83\">\n\t\t\t\t\t\t\t\t\t<defs>\n\t\t\t\t\t\t\t\t\t\t<linearGradient id=\"gradient\" x1=\"0%\" y1=\"0%\" x2=\"0%\" y2=\"100%\" gradientTransform=\"rotate(-135)\">\n\t\t\t\t\t\t\t\t\t\t\t<stop offset=\"0%\" stop-color=\"#97be0d\"\/>\n\t\t\t\t\t\t\t\t\t\t\t\t<stop offset=\"100%\" stop-color=\"rgba(255, 255, 255, 0)\"\/>\n\t\t\t\t\t\t\t\t\t\t<\/linearGradient>\n\t\t\t\t\t\t\t\t\t<\/defs>\n\t\t\t\t\t\t\t\t\t<path class=\"wpb_animate_when_almost_visible circular-progress\" stroke=\"url(#gradient)\" stroke-width=\"1\" stroke-dasharray=\"100, 100\" fill=\"none\" d=\"M18,2.08a15.92,15.92,0,0,1,0,31.84h0A15.92,15.92,0,0,1,18,2.08\" transform=\"translate(-1.59 -1.58)\"\/>\n                            \t<\/svg><span><img decoding=\"async\" width=\"800\" height=\"800\" src=\"https:\/\/www.envirofalk.com\/wp-content\/uploads\/2023\/08\/Philippe-Anstett_Ansprechpartner.png\" class=\"attachment-full size-full\" alt=\"Mitarbeiter Philippe Anstett\" srcset=\"https:\/\/www.envirofalk.com\/wp-content\/uploads\/2023\/08\/Philippe-Anstett_Ansprechpartner.png 800w, https:\/\/www.envirofalk.com\/wp-content\/uploads\/2023\/08\/Philippe-Anstett_Ansprechpartner-350x350.png 350w, https:\/\/www.envirofalk.com\/wp-content\/uploads\/2023\/08\/Philippe-Anstett_Ansprechpartner-150x150.png 150w, https:\/\/www.envirofalk.com\/wp-content\/uploads\/2023\/08\/Philippe-Anstett_Ansprechpartner-768x768.png 768w\" sizes=\"(max-width: 800px) 100vw, 800px\" \/><\/span><\/div><\/div><\/div>[\/vc_column][\/vc_row][vc_row css_animation=\u00a0\u00bbslideInUp\u00a0\u00bb el_class=\u00a0\u00bbtwo-columns-row tablet-row\u00a0\u00bb][vc_column width=\u00a0\u00bb1\/2&Prime;][vc_column_text]<\/p>\n<h2>EnviroFALK, les experts des syst\u00e8mes de traitement de l&rsquo;eau sur mesure<\/h2>\n<p>Les personnes qui s&rsquo;adressent directement aux experts d&rsquo;EnviroFALK pour le traitement personnalis\u00e9 de l&rsquo;eau sont tr\u00e8s intelligentes. Pour vous aussi, nous concevons volontiers une installation de traitement de l&rsquo;eau sur mesure qui r\u00e9pond sur toute la ligne \u00e0 vos exigences individuelles.<\/p>\n<p>En tant que fabricant d&rsquo;installations de traitement de l&rsquo;eau, c&rsquo;est l&rsquo;exigence que nous nous imposons &#8211; \u00eatre \u00e0 100 % au service de nos clients ! Apr\u00e8s tout, nous voulons ce qu&rsquo;il y a de mieux pour votre traitement d&rsquo;eau de process, d&rsquo;eau pure et d&rsquo;eau ultrapure ![\/vc_column_text][\/vc_column][vc_column width=\u00a0\u00bb1\/2&Prime;]<div class=\"bg-image img-box\" style=\"background-image: url(https:\/\/www.envirofalk.com\/wp-content\/uploads\/2023\/02\/bg-about.gif)\"><img decoding=\"async\" width=\"910\" height=\"478\" src=\"https:\/\/www.envirofalk.com\/wp-content\/uploads\/2023\/08\/Umkehrosmoseanlage_EnviroFALK_mit_Umkehrosmosemembranen.png\" class=\"attachment-full size-full\" alt=\"\" srcset=\"https:\/\/www.envirofalk.com\/wp-content\/uploads\/2023\/08\/Umkehrosmoseanlage_EnviroFALK_mit_Umkehrosmosemembranen.png 910w, https:\/\/www.envirofalk.com\/wp-content\/uploads\/2023\/08\/Umkehrosmoseanlage_EnviroFALK_mit_Umkehrosmosemembranen-350x184.png 350w, https:\/\/www.envirofalk.com\/wp-content\/uploads\/2023\/08\/Umkehrosmoseanlage_EnviroFALK_mit_Umkehrosmosemembranen-768x403.png 768w\" sizes=\"(max-width: 910px) 100vw, 910px\" \/><\/div>[\/vc_column][\/vc_row][vc_row css_animation=\u00a0\u00bbslideInUp\u00a0\u00bb el_class=\u00a0\u00bbtwo-columns-row tablet-row\u00a0\u00bb][vc_column width=\u00a0\u00bb1\/2&Prime;]<div class=\"bg-image img-box\" style=\"background-image: url(https:\/\/www.envirofalk.com\/wp-content\/uploads\/2023\/02\/bg-about.gif)\"><img decoding=\"async\" width=\"1200\" height=\"881\" src=\"https:\/\/www.envirofalk.com\/wp-content\/uploads\/2023\/10\/Reinstwasser_Kreislaufanlage_Envirofalk.png\" class=\"attachment-full size-full\" alt=\"Wasseraufbereitungsanlage mit sechs Ionenaustauschern\" srcset=\"https:\/\/www.envirofalk.com\/wp-content\/uploads\/2023\/10\/Reinstwasser_Kreislaufanlage_Envirofalk.png 1200w, https:\/\/www.envirofalk.com\/wp-content\/uploads\/2023\/10\/Reinstwasser_Kreislaufanlage_Envirofalk-350x257.png 350w, https:\/\/www.envirofalk.com\/wp-content\/uploads\/2023\/10\/Reinstwasser_Kreislaufanlage_Envirofalk-1024x752.png 1024w, https:\/\/www.envirofalk.com\/wp-content\/uploads\/2023\/10\/Reinstwasser_Kreislaufanlage_Envirofalk-768x564.png 768w\" sizes=\"(max-width: 1200px) 100vw, 1200px\" \/><\/div>[\/vc_column][vc_column width=\u00a0\u00bb1\/2&Prime;][vc_column_text]<\/p>\n<h2>Tout en un &#8211; des installations de traitement de l&rsquo;eau sur mesure made in germany<\/h2>\n<p>Notre propre fabrication en atelier nous permet de proposer des solutions de traitement de l&rsquo;eau personnalis\u00e9es tout en garantissant les normes de qualit\u00e9 les plus \u00e9lev\u00e9es. Pour ce faire, nous misons sur une technique d&rsquo;automatisation parfaitement adapt\u00e9e qui, gr\u00e2ce \u00e0 notre conception interne EMSR, peut garantir des exigences sp\u00e9cifiques des clients de tout type.<\/p>\n<p>[\/vc_column_text][\/vc_column][\/vc_row][\/vc_section][vc_section][vc_row][vc_column][vc_tta_accordion section_title_tag=\u00a0\u00bbh5&Prime; c_icon=\u00a0\u00bbchevron\u00a0\u00bb c_position=\u00a0\u00bbright\u00a0\u00bb active_section=\u00a0\u00bb\u00a0\u00bb no_fill=\u00a0\u00bbtrue\u00a0\u00bb collapsible_all=\u00a0\u00bbtrue\u00a0\u00bb title=\u00a0\u00bbEn savoir plus sur le traitement de l&rsquo;eau sur mesure\u00a0\u00bb][vc_tta_section title=\u00a0\u00bbQuels sont les avantages des syst\u00e8mes de traitement de l&rsquo;eau personnalis\u00e9s ?\u00a0\u00bb tab_id=\u00a0\u00bb1698765230266-6ea72452-bc64&Prime;][vc_column_text]Vous avez besoin d&rsquo;<strong>installations de traitement de l&rsquo;eau<\/strong> sp\u00e9cialement adapt\u00e9es \u00e0 vos domaines d&rsquo;application ? Cela tombe bien, car <strong>les installations de traitement de l&rsquo;eau EnviroFALK sont hautement personnalisables sur demande<\/strong>. Tuyauterie ? Volontiers aussi en PP par proc\u00e9d\u00e9 de soudage infrarouge (IR) ou en PVDF par proc\u00e9d\u00e9 de soudage sans bourrelet ni rainure (WNF). Un espace limit\u00e9 ? Nous utilisons chaque centim\u00e8tre disponible pour l&rsquo;installation de traitement chez vous. Profitez des nombreuses possibilit\u00e9s de personnalisation de votre nouvelle installation de traitement de l&rsquo;eau.[\/vc_column_text][\/vc_tta_section][vc_tta_section title=\u00a0\u00bbComment se d\u00e9roulent les tests de r\u00e9ception en usine (Factory Acceptance Tests, FAT) pour les installations de traitement de l&rsquo;eau ?\u00a0\u00bb tab_id=\u00a0\u00bb1698765230286-d425ee36-fa7c\u00a0\u00bb][vc_column_text]Vous voulez \u00eatre s\u00fbr que votre installation de traitement de l&rsquo;eau r\u00e9pond \u00e0 toutes les exigences techniques et de qualit\u00e9 ? Lors de nos r\u00e9ceptions en usine, comme les Factory Acceptance Tests (FAT), nous v\u00e9rifions avec vous, \u00e9tape par \u00e9tape, les processus de qualification. Pour une interaction parfaite entre votre nouveau syst\u00e8me de traitement de l&rsquo;eau EnviroFALK et votre domaine d&rsquo;application.[\/vc_column_text][\/vc_tta_section][vc_tta_section title=\u00a0\u00bbVous avez besoin d&rsquo;installations de traitement de l&rsquo;eau con\u00e7ues pour r\u00e9pondre exactement \u00e0 vos besoins ?\u00a0\u00bb tab_id=\u00a0\u00bb1698765230301-0ce0312b-3adc\u00a0\u00bb][vc_column_text]<strong>Nous concevons des installations de traitement de l&rsquo;eau qui r\u00e9pondent exactement \u00e0 vos besoins. <\/strong>Pour vos besoins \u00e9galement, nous mettons \u00e0 votre disposition une installation de traitement de l&rsquo;eau tr\u00e8s efficace qui r\u00e9pond \u00e0 vos exigences sur toute la ligne. Que vous ayez besoin d&rsquo;<strong>eau de process, d&rsquo;eau pure ou d&rsquo;eau ultrapure<\/strong> dans l&rsquo;industrie, les laboratoires ou la technique m\u00e9dicale, peu importe : gr\u00e2ce \u00e0 notre vaste exp\u00e9rience, nous proposons l&rsquo;installation de traitement d&rsquo;eau parfaite pour chaque besoin. En d&rsquo;autres termes, <strong>chez EnviroFALK, nous ne connaissons pas de \u00ab\u00a0pas possible\u00a0\u00bb !<\/strong>[\/vc_column_text][\/vc_tta_section][\/vc_tta_accordion][\/vc_column][\/vc_row][\/vc_section]<\/p>\n<\/div>","protected":false},"excerpt":{"rendered":"<p>[vc_section][vc_row full_width=\u00a0\u00bbstretch_row_content_no_spaces\u00a0\u00bb][vc_column][\/vc_column][\/vc_row][vc_row el_class=\u00a0\u00bbbreadcrumbs-wrapper\u00a0\u00bb][vc_column][\/vc_column][\/vc_row][\/vc_section][vc_section][vc_row][vc_column width=\u00a0\u00bb3\/4&Prime;][vc_custom_heading source=\u00a0\u00bbpost_title\u00a0\u00bb font_container=\u00a0\u00bbtag:h1|text_align:left\u00a0\u00bb use_theme_fonts=\u00a0\u00bbyes\u00a0\u00bb][vc_column_text] Vous avez besoin d&rsquo;installations de traitement de l&rsquo;eau sp\u00e9cialement adapt\u00e9es \u00e0 vos domaines d&rsquo;application ? Qu&rsquo;il s&rsquo;agisse d&rsquo;un espace limit\u00e9, d&rsquo;une tuyauterie sp\u00e9ciale, de solutions de num\u00e9risation et d&rsquo;automatisation sp\u00e9cifiques, nos installations de traitement de l&rsquo;eau sur mesure nous permettent de r\u00e9pondre \u00e0 des prescriptions d&rsquo;usine aux multiples [&hellip;]<\/p>\n","protected":false},"author":3,"featured_media":0,"parent":7520,"menu_order":15,"comment_status":"closed","ping_status":"closed","template":"","meta":{"_acf_changed":false,"rs_blank_template":"","rs_page_bg_color":"","slide_template_v7":"","footnotes":""},"class_list":["post-7887","page","type-page","status-publish","hentry"],"acf":[],"yoast_head":"<!-- This site is optimized with the Yoast SEO Premium plugin v27.3 (Yoast SEO v27.3) - https:\/\/yoast.com\/product\/yoast-seo-premium-wordpress\/ -->\n<title>Traitement individuel de l&#039;eau &#8211; EnviroFALK<\/title>\n<meta name=\"description\" content=\"Traitement individuel de l&#039;eau, tout sp\u00e9cialement adapt\u00e9 \u00e0 vos domaines d&#039;application, qu&#039;il s&#039;agisse d&#039;eau ultrapure, de recyclage ou d&#039;ultrafiltration.\" \/>\n<meta name=\"robots\" content=\"index, follow, max-snippet:-1, max-image-preview:large, max-video-preview:-1\" \/>\n<link rel=\"canonical\" href=\"https:\/\/www.envirofalk.com\/fr\/techniques-de-procedes-produits\/traitement-individuel-de-leau\/\" \/>\n<meta property=\"og:locale\" content=\"fr_FR\" \/>\n<meta property=\"og:type\" content=\"article\" \/>\n<meta property=\"og:title\" content=\"Traitement individuel de l&#039;eau\" \/>\n<meta property=\"og:description\" content=\"Traitement individuel de l&#039;eau, tout sp\u00e9cialement adapt\u00e9 \u00e0 vos domaines d&#039;application, qu&#039;il s&#039;agisse d&#039;eau ultrapure, de recyclage ou d&#039;ultrafiltration.\" \/>\n<meta property=\"og:url\" content=\"https:\/\/www.envirofalk.com\/fr\/techniques-de-procedes-produits\/traitement-individuel-de-leau\/\" \/>\n<meta property=\"og:site_name\" content=\"EnviroFALK\" \/>\n<meta property=\"article:publisher\" content=\"https:\/\/www.facebook.com\/envirofalk\" \/>\n<meta property=\"article:modified_time\" content=\"2026-02-04T08:19:05+00:00\" \/>\n<meta name=\"twitter:card\" content=\"summary_large_image\" \/>\n<meta name=\"twitter:label1\" content=\"Dur\u00e9e de lecture estim\u00e9e\" \/>\n\t<meta name=\"twitter:data1\" content=\"5 minutes\" \/>\n<script type=\"application\/ld+json\" class=\"yoast-schema-graph\">{\"@context\":\"https:\\\/\\\/schema.org\",\"@graph\":[{\"@type\":\"WebPage\",\"@id\":\"https:\\\/\\\/www.envirofalk.com\\\/fr\\\/techniques-de-procedes-produits\\\/traitement-individuel-de-leau\\\/\",\"url\":\"https:\\\/\\\/www.envirofalk.com\\\/fr\\\/techniques-de-procedes-produits\\\/traitement-individuel-de-leau\\\/\",\"name\":\"Traitement individuel de l'eau &#8211; EnviroFALK\",\"isPartOf\":{\"@id\":\"https:\\\/\\\/www.envirofalk.com\\\/#website\"},\"datePublished\":\"2024-01-24T09:54:31+00:00\",\"dateModified\":\"2026-02-04T08:19:05+00:00\",\"description\":\"Traitement individuel de l'eau, tout sp\u00e9cialement adapt\u00e9 \u00e0 vos domaines d'application, qu'il s'agisse d'eau ultrapure, de recyclage ou d'ultrafiltration.\",\"breadcrumb\":{\"@id\":\"https:\\\/\\\/www.envirofalk.com\\\/fr\\\/techniques-de-procedes-produits\\\/traitement-individuel-de-leau\\\/#breadcrumb\"},\"inLanguage\":\"fr-FR\",\"potentialAction\":[{\"@type\":\"ReadAction\",\"target\":[\"https:\\\/\\\/www.envirofalk.com\\\/fr\\\/techniques-de-procedes-produits\\\/traitement-individuel-de-leau\\\/\"]}]},{\"@type\":\"BreadcrumbList\",\"@id\":\"https:\\\/\\\/www.envirofalk.com\\\/fr\\\/techniques-de-procedes-produits\\\/traitement-individuel-de-leau\\\/#breadcrumb\",\"itemListElement\":[{\"@type\":\"ListItem\",\"position\":1,\"name\":\"Home\",\"item\":\"https:\\\/\\\/www.envirofalk.com\\\/fr\\\/\"},{\"@type\":\"ListItem\",\"position\":2,\"name\":\"Techniques de proc\u00e9d\u00e9s &amp; produits\",\"item\":\"https:\\\/\\\/www.envirofalk.com\\\/fr\\\/techniques-de-procedes-produits\\\/\"},{\"@type\":\"ListItem\",\"position\":3,\"name\":\"Traitement individuel de l&#8217;eau\"}]},{\"@type\":\"WebSite\",\"@id\":\"https:\\\/\\\/www.envirofalk.com\\\/#website\",\"url\":\"https:\\\/\\\/www.envirofalk.com\\\/\",\"name\":\"EnviroFALK\",\"description\":\"Wasseraufbereitungsanlagen f\u00fcr Industrie, Gewerbe &amp; Labor\",\"publisher\":{\"@id\":\"https:\\\/\\\/www.envirofalk.com\\\/#organization\"},\"potentialAction\":[{\"@type\":\"SearchAction\",\"target\":{\"@type\":\"EntryPoint\",\"urlTemplate\":\"https:\\\/\\\/www.envirofalk.com\\\/?s={search_term_string}\"},\"query-input\":{\"@type\":\"PropertyValueSpecification\",\"valueRequired\":true,\"valueName\":\"search_term_string\"}}],\"inLanguage\":\"fr-FR\"},{\"@type\":\"Organization\",\"@id\":\"https:\\\/\\\/www.envirofalk.com\\\/#organization\",\"name\":\"EnviroFALK\",\"url\":\"https:\\\/\\\/www.envirofalk.com\\\/\",\"logo\":{\"@type\":\"ImageObject\",\"inLanguage\":\"fr-FR\",\"@id\":\"https:\\\/\\\/www.envirofalk.com\\\/#\\\/schema\\\/logo\\\/image\\\/\",\"url\":\"https:\\\/\\\/www.envirofalk.com\\\/wp-content\\\/uploads\\\/2023\\\/01\\\/logo.svg\",\"contentUrl\":\"https:\\\/\\\/www.envirofalk.com\\\/wp-content\\\/uploads\\\/2023\\\/01\\\/logo.svg\",\"caption\":\"EnviroFALK\"},\"image\":{\"@id\":\"https:\\\/\\\/www.envirofalk.com\\\/#\\\/schema\\\/logo\\\/image\\\/\"},\"sameAs\":[\"https:\\\/\\\/www.facebook.com\\\/envirofalk\",\"https:\\\/\\\/www.linkedin.com\\\/company\\\/envirofalk-gmbh\",\"https:\\\/\\\/www.youtube.com\\\/channel\\\/UCM1L-2K6cfBbP3aYgJGbVdA\"],\"description\":\"EnviroFALK Prozesswassertechnik ist Ihr Spezialist f\u00fcr ma\u00dfgeschneiderte Wasseraufbereitungsl\u00f6sungen in der Industrie. Wir bieten innovative Technologien f\u00fcr die Erzeugung und Aufbereitung von Prozesswasser, um h\u00f6chste Effizienz und Qualit\u00e4t in Ihren Produktionsprozessen zu gew\u00e4hrleisten. Mit jahrzehntelanger Erfahrung entwickeln wir nachhaltige und ressourcenschonende L\u00f6sungen, die exakt auf die Anforderungen unserer Kunden abgestimmt sind. Unsere Leistungen umfassen die Filtration, Enth\u00e4rtung, Entsalzung und R\u00fcckgewinnung von Wasser f\u00fcr verschiedenste Anwendungen \u2013 von der Metallverarbeitung bis zur Lebensmittelindustrie. Unsere Experten begleiten Sie von der Planung \u00fcber die Implementierung bis hin zum Service, um eine zuverl\u00e4ssige und wirtschaftliche Wasseraufbereitung sicherzustellen.\",\"email\":\"info@envirofalk.com\",\"telephone\":\"+49 2663 9908-0\",\"legalName\":\"EnviroFALK GmbH\",\"foundingDate\":\"1989-05-01\"}]}<\/script>\n<!-- \/ Yoast SEO Premium plugin. -->","yoast_head_json":{"title":"Traitement individuel de l'eau &#8211; EnviroFALK","description":"Traitement individuel de l'eau, tout sp\u00e9cialement adapt\u00e9 \u00e0 vos domaines d'application, qu'il s'agisse d'eau ultrapure, de recyclage ou d'ultrafiltration.","robots":{"index":"index","follow":"follow","max-snippet":"max-snippet:-1","max-image-preview":"max-image-preview:large","max-video-preview":"max-video-preview:-1"},"canonical":"https:\/\/www.envirofalk.com\/fr\/techniques-de-procedes-produits\/traitement-individuel-de-leau\/","og_locale":"fr_FR","og_type":"article","og_title":"Traitement individuel de l'eau","og_description":"Traitement individuel de l'eau, tout sp\u00e9cialement adapt\u00e9 \u00e0 vos domaines d'application, qu'il s'agisse d'eau ultrapure, de recyclage ou d'ultrafiltration.","og_url":"https:\/\/www.envirofalk.com\/fr\/techniques-de-procedes-produits\/traitement-individuel-de-leau\/","og_site_name":"EnviroFALK","article_publisher":"https:\/\/www.facebook.com\/envirofalk","article_modified_time":"2026-02-04T08:19:05+00:00","twitter_card":"summary_large_image","twitter_misc":{"Dur\u00e9e de lecture estim\u00e9e":"5 minutes"},"schema":{"@context":"https:\/\/schema.org","@graph":[{"@type":"WebPage","@id":"https:\/\/www.envirofalk.com\/fr\/techniques-de-procedes-produits\/traitement-individuel-de-leau\/","url":"https:\/\/www.envirofalk.com\/fr\/techniques-de-procedes-produits\/traitement-individuel-de-leau\/","name":"Traitement individuel de l'eau &#8211; EnviroFALK","isPartOf":{"@id":"https:\/\/www.envirofalk.com\/#website"},"datePublished":"2024-01-24T09:54:31+00:00","dateModified":"2026-02-04T08:19:05+00:00","description":"Traitement individuel de l'eau, tout sp\u00e9cialement adapt\u00e9 \u00e0 vos domaines d'application, qu'il s'agisse d'eau ultrapure, de recyclage ou d'ultrafiltration.","breadcrumb":{"@id":"https:\/\/www.envirofalk.com\/fr\/techniques-de-procedes-produits\/traitement-individuel-de-leau\/#breadcrumb"},"inLanguage":"fr-FR","potentialAction":[{"@type":"ReadAction","target":["https:\/\/www.envirofalk.com\/fr\/techniques-de-procedes-produits\/traitement-individuel-de-leau\/"]}]},{"@type":"BreadcrumbList","@id":"https:\/\/www.envirofalk.com\/fr\/techniques-de-procedes-produits\/traitement-individuel-de-leau\/#breadcrumb","itemListElement":[{"@type":"ListItem","position":1,"name":"Home","item":"https:\/\/www.envirofalk.com\/fr\/"},{"@type":"ListItem","position":2,"name":"Techniques de proc\u00e9d\u00e9s &amp; produits","item":"https:\/\/www.envirofalk.com\/fr\/techniques-de-procedes-produits\/"},{"@type":"ListItem","position":3,"name":"Traitement individuel de l&#8217;eau"}]},{"@type":"WebSite","@id":"https:\/\/www.envirofalk.com\/#website","url":"https:\/\/www.envirofalk.com\/","name":"EnviroFALK","description":"Wasseraufbereitungsanlagen f\u00fcr Industrie, Gewerbe &amp; Labor","publisher":{"@id":"https:\/\/www.envirofalk.com\/#organization"},"potentialAction":[{"@type":"SearchAction","target":{"@type":"EntryPoint","urlTemplate":"https:\/\/www.envirofalk.com\/?s={search_term_string}"},"query-input":{"@type":"PropertyValueSpecification","valueRequired":true,"valueName":"search_term_string"}}],"inLanguage":"fr-FR"},{"@type":"Organization","@id":"https:\/\/www.envirofalk.com\/#organization","name":"EnviroFALK","url":"https:\/\/www.envirofalk.com\/","logo":{"@type":"ImageObject","inLanguage":"fr-FR","@id":"https:\/\/www.envirofalk.com\/#\/schema\/logo\/image\/","url":"https:\/\/www.envirofalk.com\/wp-content\/uploads\/2023\/01\/logo.svg","contentUrl":"https:\/\/www.envirofalk.com\/wp-content\/uploads\/2023\/01\/logo.svg","caption":"EnviroFALK"},"image":{"@id":"https:\/\/www.envirofalk.com\/#\/schema\/logo\/image\/"},"sameAs":["https:\/\/www.facebook.com\/envirofalk","https:\/\/www.linkedin.com\/company\/envirofalk-gmbh","https:\/\/www.youtube.com\/channel\/UCM1L-2K6cfBbP3aYgJGbVdA"],"description":"EnviroFALK Prozesswassertechnik ist Ihr Spezialist f\u00fcr ma\u00dfgeschneiderte Wasseraufbereitungsl\u00f6sungen in der Industrie. Wir bieten innovative Technologien f\u00fcr die Erzeugung und Aufbereitung von Prozesswasser, um h\u00f6chste Effizienz und Qualit\u00e4t in Ihren Produktionsprozessen zu gew\u00e4hrleisten. Mit jahrzehntelanger Erfahrung entwickeln wir nachhaltige und ressourcenschonende L\u00f6sungen, die exakt auf die Anforderungen unserer Kunden abgestimmt sind. Unsere Leistungen umfassen die Filtration, Enth\u00e4rtung, Entsalzung und R\u00fcckgewinnung von Wasser f\u00fcr verschiedenste Anwendungen \u2013 von der Metallverarbeitung bis zur Lebensmittelindustrie. Unsere Experten begleiten Sie von der Planung \u00fcber die Implementierung bis hin zum Service, um eine zuverl\u00e4ssige und wirtschaftliche Wasseraufbereitung sicherzustellen.","email":"info@envirofalk.com","telephone":"+49 2663 9908-0","legalName":"EnviroFALK GmbH","foundingDate":"1989-05-01"}]}},"_links":{"self":[{"href":"https:\/\/www.envirofalk.com\/fr\/wp-json\/wp\/v2\/pages\/7887","targetHints":{"allow":["GET"]}}],"collection":[{"href":"https:\/\/www.envirofalk.com\/fr\/wp-json\/wp\/v2\/pages"}],"about":[{"href":"https:\/\/www.envirofalk.com\/fr\/wp-json\/wp\/v2\/types\/page"}],"author":[{"embeddable":true,"href":"https:\/\/www.envirofalk.com\/fr\/wp-json\/wp\/v2\/users\/3"}],"replies":[{"embeddable":true,"href":"https:\/\/www.envirofalk.com\/fr\/wp-json\/wp\/v2\/comments?post=7887"}],"version-history":[{"count":10,"href":"https:\/\/www.envirofalk.com\/fr\/wp-json\/wp\/v2\/pages\/7887\/revisions"}],"predecessor-version":[{"id":26673,"href":"https:\/\/www.envirofalk.com\/fr\/wp-json\/wp\/v2\/pages\/7887\/revisions\/26673"}],"up":[{"embeddable":true,"href":"https:\/\/www.envirofalk.com\/fr\/wp-json\/wp\/v2\/pages\/7520"}],"wp:attachment":[{"href":"https:\/\/www.envirofalk.com\/fr\/wp-json\/wp\/v2\/media?parent=7887"}],"curies":[{"name":"wp","href":"https:\/\/api.w.org\/{rel}","templated":true}]}}