{"id":7886,"date":"2024-01-24T10:54:30","date_gmt":"2024-01-24T09:54:30","guid":{"rendered":"https:\/\/www.envirofalk.com\/telechargements\/"},"modified":"2024-06-26T11:18:19","modified_gmt":"2024-06-26T09:18:19","slug":"telechargements","status":"publish","type":"page","link":"https:\/\/www.envirofalk.com\/fr\/centre-dinformation\/telechargements\/","title":{"rendered":"T\u00e9l\u00e9chargements"},"content":{"rendered":"<div class=\"wpb-content-wrapper\"><p>[vc_section][vc_row full_width=\u00a0\u00bbstretch_row_content_no_spaces\u00a0\u00bb][vc_column]<div class=\"custom-top-banner img-box   has-icon\" style=\"background-image: url(https:\/\/www.envirofalk.com\/wp-content\/uploads\/2023\/12\/Downloads_Header.jpg)\"><div class=\"container relative\"><div class=\"text-box\"><div class=\"slideInRight animated\"><img loading=\"lazy\" decoding=\"async\" width=\"1\" height=\"1\" src=\"https:\/\/www.envirofalk.com\/wp-content\/uploads\/2023\/09\/Wasseraufbereitung_EnviroFALK_Logo.svg\" class=\"attachment-120x120 size-120x120\" alt=\"EnviroFALK-Logo Icon\" \/><p><strong>T\u00e9l\u00e9chargements<\/strong><\/p><\/div><\/div><\/div><\/div>[\/vc_column][\/vc_row][vc_row el_class=\u00a0\u00bbbreadcrumbs-wrapper\u00a0\u00bb][vc_column]<div class=\"breadcrumbs\"><label><\/label> <a href=\"https:\/\/www.envirofalk.com\/fr\/\">Home<\/a><\/div>[\/vc_column][\/vc_row][\/vc_section][vc_section][vc_row css_animation=\u00a0\u00bbslideInUp\u00a0\u00bb el_class=\u00a0\u00bbtwo-columns-row tablet-row\u00a0\u00bb][vc_column width=\u00a0\u00bb3\/4&Prime;][vc_custom_heading source=\u00a0\u00bbpost_title\u00a0\u00bb font_container=\u00a0\u00bbtag:h1|text_align:left\u00a0\u00bb use_theme_fonts=\u00a0\u00bbyes\u00a0\u00bb][\/vc_column][vc_column width=\u00a0\u00bb1\/4&Prime;]<div class=\"online-consultant-box  wpb_content_element\"><div class=\"online-consultant\"><div><div class=\"person-info\"><h5>Marion Wolf<\/h5><ul class=\"person-list\"><li><a href=\"tel:+49 2663 9908-87\">+49 2663 9908-87<\/a><\/li><\/ul><\/div><a href=\"#beratung\" target=\"_self\" class=\"custom-btn show-modal\"><i class=\"icon-chevron-right\"><\/i>Votre contact<\/a><\/div><div class=\"relative\"><svg xmlns=\"http:\/\/www.w3.org\/2000\/svg\" viewBox=\"0 0 32.83 32.83\">\n\t\t\t\t\t\t\t\t\t<defs>\n\t\t\t\t\t\t\t\t\t\t<linearGradient id=\"gradient\" x1=\"0%\" y1=\"0%\" x2=\"0%\" y2=\"100%\" gradientTransform=\"rotate(-135)\">\n\t\t\t\t\t\t\t\t\t\t\t<stop offset=\"0%\" stop-color=\"#97be0d\"\/>\n\t\t\t\t\t\t\t\t\t\t\t\t<stop offset=\"100%\" stop-color=\"rgba(255, 255, 255, 0)\"\/>\n\t\t\t\t\t\t\t\t\t\t<\/linearGradient>\n\t\t\t\t\t\t\t\t\t<\/defs>\n\t\t\t\t\t\t\t\t\t<path class=\"wpb_animate_when_almost_visible circular-progress\" stroke=\"url(#gradient)\" stroke-width=\"1\" stroke-dasharray=\"100, 100\" fill=\"none\" d=\"M18,2.08a15.92,15.92,0,0,1,0,31.84h0A15.92,15.92,0,0,1,18,2.08\" transform=\"translate(-1.59 -1.58)\"\/>\n                            \t<\/svg><span><img loading=\"lazy\" decoding=\"async\" width=\"800\" height=\"800\" src=\"https:\/\/www.envirofalk.com\/wp-content\/uploads\/2023\/08\/Marion-Wolf_Ansprechpartner.png\" class=\"attachment-full size-full\" alt=\"Mitarbeiterin Marion Wolf\" srcset=\"https:\/\/www.envirofalk.com\/wp-content\/uploads\/2023\/08\/Marion-Wolf_Ansprechpartner.png 800w, https:\/\/www.envirofalk.com\/wp-content\/uploads\/2023\/08\/Marion-Wolf_Ansprechpartner-350x350.png 350w, https:\/\/www.envirofalk.com\/wp-content\/uploads\/2023\/08\/Marion-Wolf_Ansprechpartner-150x150.png 150w, https:\/\/www.envirofalk.com\/wp-content\/uploads\/2023\/08\/Marion-Wolf_Ansprechpartner-768x768.png 768w\" sizes=\"auto, (max-width: 800px) 100vw, 800px\" \/><\/span><\/div><\/div><\/div>[\/vc_column][\/vc_row][vc_row equal_height=\u00a0\u00bbyes\u00a0\u00bb css_animation=\u00a0\u00bbfadeInUp\u00a0\u00bb][vc_column css_animation=\u00a0\u00bbnone\u00a0\u00bb width=\u00a0\u00bb1\/3&Prime;]<div class=\"custom-content-image wpb_content_element top\"><figure class=\"img-box\" style=\"background-image: url(https:\/\/www.envirofalk.com\/wp-content\/uploads\/2023\/12\/Thumbnail_Download_PP_Werkzeugbau.jpg)\"><img loading=\"lazy\" decoding=\"async\" width=\"1\" height=\"1\" src=\"https:\/\/www.envirofalk.com\/wp-content\/uploads\/2023\/05\/Schleifwasser_Aufbereitung_Icon.svg\" class=\"attachment-120x120 size-120x120\" alt=\"Schleifger\u00e4t mit Schleifwasser Icon\" \/><\/figure><div class=\"text-box\"><h3>Brochure des produits Aquaform<\/h3><div class=\"wpb_text_column arrows-list\"><p>Solutions de traitement de l&rsquo;eau pour l&rsquo;outillage et la fabrication de moules<\/p>\n<\/div><a href=\"https:\/\/www.envirofalk.com\/wp-content\/uploads\/2023\/09\/Faltflyer_AQUAform_de.pdf\" target=\"_blank\" class=\"custom-btn outline\">Download<i class=\"icon-chevron-right\"><\/i><\/a><\/div><\/div>[\/vc_column][vc_column width=\u00a0\u00bb1\/3&Prime;]<div class=\"custom-content-image wpb_content_element top\"><figure class=\"img-box\" style=\"background-image: url(https:\/\/www.envirofalk.com\/wp-content\/uploads\/2023\/12\/Thumbnail_Download_GK_Gahotech_Multi.jpg)\"><img loading=\"lazy\" decoding=\"async\" width=\"1\" height=\"1\" src=\"https:\/\/www.envirofalk.com\/wp-content\/uploads\/2023\/05\/Wasseraufbereitung_Industriekueche_Icon.svg\" class=\"attachment-120x120 size-120x120\" alt=\"Teller mit Besteck Icon\" \/><\/figure><div class=\"text-box\"><h3>Gahotech Multi<\/h3><div class=\"wpb_text_column arrows-list\"><p>Installation MULTIfunction &#8211; un syst\u00e8me pour toute la cuisine.<\/p>\n<\/div><a href=\"https:\/\/www.envirofalk.com\/wp-content\/uploads\/2023\/10\/Gahotech_Multi_2023_Faltflyer_web.pdf\" target=\"_blank\" class=\"custom-btn outline\">Download<i class=\"icon-chevron-right\"><\/i><\/a><\/div><\/div>[\/vc_column][vc_column width=\u00a0\u00bb1\/3&Prime;]<div class=\"custom-content-image wpb_content_element top\"><figure class=\"img-box\" style=\"background-image: url(https:\/\/www.envirofalk.com\/wp-content\/uploads\/2023\/12\/Thumbnail_Download_PP_Heizungswasser.jpg)\"><img loading=\"lazy\" decoding=\"async\" width=\"1\" height=\"1\" src=\"https:\/\/www.envirofalk.com\/wp-content\/uploads\/2023\/05\/Wasseraufbereitung_Heizungskreislauf_Icon.svg\" class=\"attachment-120x120 size-120x120\" alt=\"Heizung Icon\" \/><\/figure><div class=\"text-box\"><h3>Gamme de produits pour le traitement de l'eau de chauffage<\/h3><div class=\"wpb_text_column arrows-list\"><p>Traitement optimal de l&rsquo;eau de chauffage pour chaque circuit<\/p>\n<\/div><a href=\"https:\/\/www.envirofalk.com\/wp-content\/uploads\/2023\/10\/Heizungswasser_Produktprogramm.pdf\" target=\"_blank\" class=\"custom-btn outline\">Download<i class=\"icon-chevron-right\"><\/i><\/a><\/div><\/div>[\/vc_column][\/vc_row][vc_row css_animation=\u00a0\u00bbfadeInUp\u00a0\u00bb][vc_column css_animation=\u00a0\u00bbnone\u00a0\u00bb width=\u00a0\u00bb1\/3&Prime;]<div class=\"custom-content-image wpb_content_element top\"><figure class=\"img-box\" style=\"background-image: url(https:\/\/www.envirofalk.com\/wp-content\/uploads\/2023\/12\/Thumbnail_Download_Energiererzeugung.jpg)\"><img loading=\"lazy\" decoding=\"async\" width=\"1\" height=\"1\" src=\"https:\/\/www.envirofalk.com\/wp-content\/uploads\/2023\/05\/Wasseraufbereitung_Energieerzeugung_Icon.svg\" class=\"attachment-120x120 size-120x120\" alt=\"Atomkraftwerk Icon\" \/><\/figure><div class=\"text-box\"><h3>S\u00e9curit\u00e9 d'approvisionnement dans la production d'\u00e9nergie<\/h3><div class=\"wpb_text_column arrows-list\"><p>Traitement de l&rsquo;eau pour l&rsquo;alimentation des chaudi\u00e8res<\/p>\n<\/div><a href=\"https:\/\/www.envirofalk.com\/wp-content\/uploads\/2023\/05\/Schuetzenswert.pdf\" target=\"_blank\" class=\"custom-btn outline\">Download<i class=\"icon-chevron-right\"><\/i><\/a><\/div><\/div>[\/vc_column][vc_column width=\u00a0\u00bb1\/3&Prime;]<div class=\"custom-content-image wpb_content_element top\"><figure class=\"img-box\" style=\"background-image: url(https:\/\/www.envirofalk.com\/wp-content\/uploads\/2023\/12\/Thumbnail_Download_Aufbau_Kesselspeisewasser.jpg)\"><img loading=\"lazy\" decoding=\"async\" width=\"1\" height=\"1\" src=\"https:\/\/www.envirofalk.com\/wp-content\/uploads\/2023\/05\/Wasseraufbereitung_Energieerzeugung_Icon.svg\" class=\"attachment-120x120 size-120x120\" alt=\"Atomkraftwerk Icon\" \/><\/figure><div class=\"text-box\"><h3>Exemple de traitement de l'eau d'alimentation d'une chaudi\u00e8re<\/h3><div class=\"wpb_text_column arrows-list\"><p>Exemple d&rsquo;une installation d&rsquo;eau de process con\u00e7ue individuellement<\/p>\n<\/div><a href=\"https:\/\/www.envirofalk.com\/wp-content\/uploads\/2023\/11\/Regenerationsflyer-2023_web.pdf\" target=\"_blank\" class=\"custom-btn outline\">Download<i class=\"icon-chevron-right\"><\/i><\/a><\/div><\/div>[\/vc_column][vc_column width=\u00a0\u00bb1\/3&Prime;]<div class=\"custom-content-image wpb_content_element top\"><figure class=\"img-box\" style=\"background-image: url(https:\/\/www.envirofalk.com\/wp-content\/uploads\/2023\/12\/Thumbnail_Download_Regenerationsservice_Ionenaustauscher.jpg)\"><img loading=\"lazy\" decoding=\"async\" width=\"1\" height=\"1\" src=\"https:\/\/www.envirofalk.com\/wp-content\/uploads\/2023\/08\/Wasseraufbereitung_Ionenaustauscher_Icon.svg\" class=\"attachment-120x120 size-120x120\" alt=\"\" \/><\/figure><div class=\"text-box\"><h3>Service de r\u00e9g\u00e9n\u00e9ration des cartouches \u00e9changeuses d'ions<\/h3><div class=\"wpb_text_column arrows-list\"><p>Nous s\u00e9parons et r\u00e9g\u00e9n\u00e9rons les r\u00e9sines \u00e9changeuses d&rsquo;ions strictement en fonction du secteur et du domaine d&rsquo;application.<\/p>\n<\/div><a href=\"https:\/\/www.envirofalk.com\/wp-content\/uploads\/2023\/11\/Regenerationsflyer-2023_web.pdf\" target=\"_blank\" class=\"custom-btn outline\">Download<i class=\"icon-chevron-right\"><\/i><\/a><\/div><\/div>[\/vc_column][\/vc_row][vc_row css_animation=\u00a0\u00bbfadeInUp\u00a0\u00bb][vc_column css_animation=\u00a0\u00bbnone\u00a0\u00bb width=\u00a0\u00bb1\/3&Prime;]<div class=\"custom-content-image wpb_content_element top\"><figure class=\"img-box\" style=\"background-image: url(https:\/\/www.envirofalk.com\/wp-content\/uploads\/2023\/12\/Thumbnail_Download_Wassermanegement_Gesundheitswesen.jpg)\"><img loading=\"lazy\" decoding=\"async\" width=\"1\" height=\"1\" src=\"https:\/\/www.envirofalk.com\/wp-content\/uploads\/2023\/08\/Wasseraufbereitung_Labor_Reagenzglas_Icon.svg\" class=\"attachment-120x120 size-120x120\" alt=\"Erlenmeyerkolben Icon\" \/><\/figure><div class=\"text-box\"><h3>Gestion de l'eau dans le secteur de la sant\u00e9<\/h3><div class=\"wpb_text_column arrows-list\"><p>Gestion globale de l&rsquo;eau dans les soins de sant\u00e9 et les h\u00f4pitaux<\/p>\n<\/div><a href=\"https:\/\/www.envirofalk.com\/wp-content\/uploads\/2023\/08\/Wassermangement_Gesundheitswesen.pdf\" target=\"_blank\" class=\"custom-btn outline\">Download<i class=\"icon-chevron-right\"><\/i><\/a><\/div><\/div>[\/vc_column][vc_column width=\u00a0\u00bb1\/3&Prime;]<div class=\"custom-content-image wpb_content_element top\"><figure class=\"img-box\" style=\"background-image: url(https:\/\/www.envirofalk.com\/wp-content\/uploads\/2023\/12\/Thumbnail_Download_GreenPURE_Halios.jpg)\"><img loading=\"lazy\" decoding=\"async\" width=\"1\" height=\"1\" src=\"https:\/\/www.envirofalk.com\/wp-content\/uploads\/2023\/08\/Wasseraufbereitung_Labor_Reagenzglas_Icon.svg\" class=\"attachment-120x120 size-120x120\" alt=\"Erlenmeyerkolben Icon\" \/><\/figure><div class=\"text-box\"><h3>Envi GreenPURE Halios<\/h3><div class=\"wpb_text_column arrows-list\"><p>Syst\u00e8me d&rsquo;eau ultrapure avec distributeur externe pour un raccordement direct \u00e0 la<br \/>\nR\u00e9seau d&rsquo;eau potable.<\/p>\n<\/div><a href=\"https:\/\/www.envirofalk.com\/wp-content\/uploads\/2023\/12\/EnviroFALK_Halios_Produktbroschuere_A4.pdf\" target=\"_blank\" class=\"custom-btn outline\">Download<i class=\"icon-chevron-right\"><\/i><\/a><\/div><\/div>[\/vc_column][vc_column width=\u00a0\u00bb1\/3&Prime;]<div class=\"custom-content-image wpb_content_element top\"><figure class=\"img-box\" style=\"background-image: url(https:\/\/www.envirofalk.com\/wp-content\/uploads\/2023\/12\/Thumbnail_Download_Waterexpert.jpg)\"><img loading=\"lazy\" decoding=\"async\" width=\"1\" height=\"1\" src=\"https:\/\/www.envirofalk.com\/wp-content\/uploads\/2023\/10\/Waterexpert_Router_Icon.svg\" class=\"attachment-120x120 size-120x120\" alt=\"Router Icon\" \/><\/figure><div class=\"text-box\"><h3>Brochure d'information Waterexpert<\/h3><div class=\"wpb_text_column arrows-list\"><p>Une technique intelligente pour le support en direct de vos installations de traitement de l&rsquo;eau.<\/p>\n<\/div><a href=\"https:\/\/www.envirofalk.com\/wp-content\/uploads\/2023\/10\/EnviroFALK_Waterexpert_Broschuere-A4.pdf\" target=\"_blank\" class=\"custom-btn outline\">Download<i class=\"icon-chevron-right\"><\/i><\/a><\/div><\/div>[\/vc_column][\/vc_row][\/vc_section][vc_row][vc_column][\/vc_column][\/vc_row]<\/p>\n<\/div>","protected":false},"excerpt":{"rendered":"<p>[vc_section][vc_row full_width=\u00a0\u00bbstretch_row_content_no_spaces\u00a0\u00bb][vc_column][\/vc_column][\/vc_row][vc_row el_class=\u00a0\u00bbbreadcrumbs-wrapper\u00a0\u00bb][vc_column][\/vc_column][\/vc_row][\/vc_section][vc_section][vc_row css_animation=\u00a0\u00bbslideInUp\u00a0\u00bb el_class=\u00a0\u00bbtwo-columns-row tablet-row\u00a0\u00bb][vc_column width=\u00a0\u00bb3\/4&Prime;][vc_custom_heading source=\u00a0\u00bbpost_title\u00a0\u00bb font_container=\u00a0\u00bbtag:h1|text_align:left\u00a0\u00bb use_theme_fonts=\u00a0\u00bbyes\u00a0\u00bb][\/vc_column][vc_column width=\u00a0\u00bb1\/4&Prime;][\/vc_column][\/vc_row][vc_row equal_height=\u00a0\u00bbyes\u00a0\u00bb css_animation=\u00a0\u00bbfadeInUp\u00a0\u00bb][vc_column css_animation=\u00a0\u00bbnone\u00a0\u00bb width=\u00a0\u00bb1\/3&Prime;][\/vc_column][vc_column width=\u00a0\u00bb1\/3&Prime;][\/vc_column][vc_column width=\u00a0\u00bb1\/3&Prime;][\/vc_column][\/vc_row][vc_row css_animation=\u00a0\u00bbfadeInUp\u00a0\u00bb][vc_column css_animation=\u00a0\u00bbnone\u00a0\u00bb width=\u00a0\u00bb1\/3&Prime;][\/vc_column][vc_column width=\u00a0\u00bb1\/3&Prime;][\/vc_column][vc_column width=\u00a0\u00bb1\/3&Prime;][\/vc_column][\/vc_row][vc_row css_animation=\u00a0\u00bbfadeInUp\u00a0\u00bb][vc_column css_animation=\u00a0\u00bbnone\u00a0\u00bb width=\u00a0\u00bb1\/3&Prime;][\/vc_column][vc_column width=\u00a0\u00bb1\/3&Prime;][\/vc_column][vc_column width=\u00a0\u00bb1\/3&Prime;][\/vc_column][\/vc_row][\/vc_section][vc_row][vc_column][\/vc_column][\/vc_row]<\/p>\n","protected":false},"author":3,"featured_media":0,"parent":8029,"menu_order":1,"comment_status":"closed","ping_status":"closed","template":"","meta":{"_acf_changed":false,"rs_blank_template":"","rs_page_bg_color":"","slide_template_v7":"","footnotes":""},"class_list":["post-7886","page","type-page","status-publish","hentry"],"acf":[],"yoast_head":"<!-- This site is optimized with the Yoast SEO Premium plugin v27.4 (Yoast SEO v27.4) - https:\/\/yoast.com\/product\/yoast-seo-premium-wordpress\/ -->\n<title>T\u00e9l\u00e9chargements &#8211; EnviroFALK<\/title>\n<meta name=\"description\" content=\"Dans notre zone de t\u00e9l\u00e9chargement, vous trouverez du mat\u00e9riel d&#039;information utile sur le traitement de l&#039;eau.\" \/>\n<meta name=\"robots\" content=\"index, follow, max-snippet:-1, max-image-preview:large, max-video-preview:-1\" \/>\n<link rel=\"canonical\" href=\"https:\/\/www.envirofalk.com\/fr\/centre-dinformation\/telechargements\/\" \/>\n<meta property=\"og:locale\" content=\"fr_FR\" \/>\n<meta property=\"og:type\" content=\"article\" \/>\n<meta property=\"og:title\" content=\"T\u00e9l\u00e9chargements\" \/>\n<meta property=\"og:description\" content=\"Dans notre zone de t\u00e9l\u00e9chargement, vous trouverez du mat\u00e9riel d&#039;information utile sur le traitement de l&#039;eau.\" \/>\n<meta property=\"og:url\" content=\"https:\/\/www.envirofalk.com\/fr\/centre-dinformation\/telechargements\/\" \/>\n<meta property=\"og:site_name\" content=\"EnviroFALK\" \/>\n<meta property=\"article:publisher\" content=\"https:\/\/www.facebook.com\/envirofalk\" \/>\n<meta property=\"article:modified_time\" content=\"2024-06-26T09:18:19+00:00\" \/>\n<meta name=\"twitter:card\" content=\"summary_large_image\" \/>\n<meta name=\"twitter:label1\" content=\"Dur\u00e9e de lecture estim\u00e9e\" \/>\n\t<meta name=\"twitter:data1\" content=\"6 minutes\" \/>\n<script type=\"application\/ld+json\" class=\"yoast-schema-graph\">{\"@context\":\"https:\\\/\\\/schema.org\",\"@graph\":[{\"@type\":\"WebPage\",\"@id\":\"https:\\\/\\\/www.envirofalk.com\\\/fr\\\/centre-dinformation\\\/telechargements\\\/\",\"url\":\"https:\\\/\\\/www.envirofalk.com\\\/fr\\\/centre-dinformation\\\/telechargements\\\/\",\"name\":\"T\u00e9l\u00e9chargements &#8211; EnviroFALK\",\"isPartOf\":{\"@id\":\"https:\\\/\\\/www.envirofalk.com\\\/fr\\\/#website\"},\"datePublished\":\"2024-01-24T09:54:30+00:00\",\"dateModified\":\"2024-06-26T09:18:19+00:00\",\"description\":\"Dans notre zone de t\u00e9l\u00e9chargement, vous trouverez du mat\u00e9riel d'information utile sur le traitement de l'eau.\",\"breadcrumb\":{\"@id\":\"https:\\\/\\\/www.envirofalk.com\\\/fr\\\/centre-dinformation\\\/telechargements\\\/#breadcrumb\"},\"inLanguage\":\"fr-FR\",\"potentialAction\":[{\"@type\":\"ReadAction\",\"target\":[\"https:\\\/\\\/www.envirofalk.com\\\/fr\\\/centre-dinformation\\\/telechargements\\\/\"]}]},{\"@type\":\"BreadcrumbList\",\"@id\":\"https:\\\/\\\/www.envirofalk.com\\\/fr\\\/centre-dinformation\\\/telechargements\\\/#breadcrumb\",\"itemListElement\":[{\"@type\":\"ListItem\",\"position\":1,\"name\":\"Home\",\"item\":\"https:\\\/\\\/www.envirofalk.com\\\/fr\\\/\"},{\"@type\":\"ListItem\",\"position\":2,\"name\":\"Centre d&#8217;information\",\"item\":\"https:\\\/\\\/www.envirofalk.com\\\/fr\\\/centre-dinformation\\\/\"},{\"@type\":\"ListItem\",\"position\":3,\"name\":\"T\u00e9l\u00e9chargements\"}]},{\"@type\":\"WebSite\",\"@id\":\"https:\\\/\\\/www.envirofalk.com\\\/fr\\\/#website\",\"url\":\"https:\\\/\\\/www.envirofalk.com\\\/fr\\\/\",\"name\":\"EnviroFALK\",\"description\":\"Wasseraufbereitungsanlagen f\u00fcr Industrie, Gewerbe &amp; Labor\",\"publisher\":{\"@id\":\"https:\\\/\\\/www.envirofalk.com\\\/fr\\\/#organization\"},\"potentialAction\":[{\"@type\":\"SearchAction\",\"target\":{\"@type\":\"EntryPoint\",\"urlTemplate\":\"https:\\\/\\\/www.envirofalk.com\\\/fr\\\/?s={search_term_string}\"},\"query-input\":{\"@type\":\"PropertyValueSpecification\",\"valueRequired\":true,\"valueName\":\"search_term_string\"}}],\"inLanguage\":\"fr-FR\"},{\"@type\":\"Organization\",\"@id\":\"https:\\\/\\\/www.envirofalk.com\\\/fr\\\/#organization\",\"name\":\"EnviroFALK\",\"url\":\"https:\\\/\\\/www.envirofalk.com\\\/fr\\\/\",\"logo\":{\"@type\":\"ImageObject\",\"inLanguage\":\"fr-FR\",\"@id\":\"https:\\\/\\\/www.envirofalk.com\\\/fr\\\/#\\\/schema\\\/logo\\\/image\\\/\",\"url\":\"https:\\\/\\\/www.envirofalk.com\\\/wp-content\\\/uploads\\\/2023\\\/01\\\/logo.svg\",\"contentUrl\":\"https:\\\/\\\/www.envirofalk.com\\\/wp-content\\\/uploads\\\/2023\\\/01\\\/logo.svg\",\"caption\":\"EnviroFALK\"},\"image\":{\"@id\":\"https:\\\/\\\/www.envirofalk.com\\\/fr\\\/#\\\/schema\\\/logo\\\/image\\\/\"},\"sameAs\":[\"https:\\\/\\\/www.facebook.com\\\/envirofalk\",\"https:\\\/\\\/www.linkedin.com\\\/company\\\/envirofalk-gmbh\",\"https:\\\/\\\/www.youtube.com\\\/channel\\\/UCM1L-2K6cfBbP3aYgJGbVdA\"],\"description\":\"EnviroFALK Prozesswassertechnik ist Ihr Spezialist f\u00fcr ma\u00dfgeschneiderte Wasseraufbereitungsl\u00f6sungen in der Industrie. Wir bieten innovative Technologien f\u00fcr die Erzeugung und Aufbereitung von Prozesswasser, um h\u00f6chste Effizienz und Qualit\u00e4t in Ihren Produktionsprozessen zu gew\u00e4hrleisten. Mit jahrzehntelanger Erfahrung entwickeln wir nachhaltige und ressourcenschonende L\u00f6sungen, die exakt auf die Anforderungen unserer Kunden abgestimmt sind. Unsere Leistungen umfassen die Filtration, Enth\u00e4rtung, Entsalzung und R\u00fcckgewinnung von Wasser f\u00fcr verschiedenste Anwendungen \u2013 von der Metallverarbeitung bis zur Lebensmittelindustrie. Unsere Experten begleiten Sie von der Planung \u00fcber die Implementierung bis hin zum Service, um eine zuverl\u00e4ssige und wirtschaftliche Wasseraufbereitung sicherzustellen.\",\"email\":\"info@envirofalk.com\",\"telephone\":\"+49 2663 9908-0\",\"legalName\":\"EnviroFALK GmbH\",\"foundingDate\":\"1989-05-01\"}]}<\/script>\n<!-- \/ Yoast SEO Premium plugin. -->","yoast_head_json":{"title":"T\u00e9l\u00e9chargements &#8211; EnviroFALK","description":"Dans notre zone de t\u00e9l\u00e9chargement, vous trouverez du mat\u00e9riel d'information utile sur le traitement de l'eau.","robots":{"index":"index","follow":"follow","max-snippet":"max-snippet:-1","max-image-preview":"max-image-preview:large","max-video-preview":"max-video-preview:-1"},"canonical":"https:\/\/www.envirofalk.com\/fr\/centre-dinformation\/telechargements\/","og_locale":"fr_FR","og_type":"article","og_title":"T\u00e9l\u00e9chargements","og_description":"Dans notre zone de t\u00e9l\u00e9chargement, vous trouverez du mat\u00e9riel d'information utile sur le traitement de l'eau.","og_url":"https:\/\/www.envirofalk.com\/fr\/centre-dinformation\/telechargements\/","og_site_name":"EnviroFALK","article_publisher":"https:\/\/www.facebook.com\/envirofalk","article_modified_time":"2024-06-26T09:18:19+00:00","twitter_card":"summary_large_image","twitter_misc":{"Dur\u00e9e de lecture estim\u00e9e":"6 minutes"},"schema":{"@context":"https:\/\/schema.org","@graph":[{"@type":"WebPage","@id":"https:\/\/www.envirofalk.com\/fr\/centre-dinformation\/telechargements\/","url":"https:\/\/www.envirofalk.com\/fr\/centre-dinformation\/telechargements\/","name":"T\u00e9l\u00e9chargements &#8211; EnviroFALK","isPartOf":{"@id":"https:\/\/www.envirofalk.com\/fr\/#website"},"datePublished":"2024-01-24T09:54:30+00:00","dateModified":"2024-06-26T09:18:19+00:00","description":"Dans notre zone de t\u00e9l\u00e9chargement, vous trouverez du mat\u00e9riel d'information utile sur le traitement de l'eau.","breadcrumb":{"@id":"https:\/\/www.envirofalk.com\/fr\/centre-dinformation\/telechargements\/#breadcrumb"},"inLanguage":"fr-FR","potentialAction":[{"@type":"ReadAction","target":["https:\/\/www.envirofalk.com\/fr\/centre-dinformation\/telechargements\/"]}]},{"@type":"BreadcrumbList","@id":"https:\/\/www.envirofalk.com\/fr\/centre-dinformation\/telechargements\/#breadcrumb","itemListElement":[{"@type":"ListItem","position":1,"name":"Home","item":"https:\/\/www.envirofalk.com\/fr\/"},{"@type":"ListItem","position":2,"name":"Centre d&#8217;information","item":"https:\/\/www.envirofalk.com\/fr\/centre-dinformation\/"},{"@type":"ListItem","position":3,"name":"T\u00e9l\u00e9chargements"}]},{"@type":"WebSite","@id":"https:\/\/www.envirofalk.com\/fr\/#website","url":"https:\/\/www.envirofalk.com\/fr\/","name":"EnviroFALK","description":"Wasseraufbereitungsanlagen f\u00fcr Industrie, Gewerbe &amp; Labor","publisher":{"@id":"https:\/\/www.envirofalk.com\/fr\/#organization"},"potentialAction":[{"@type":"SearchAction","target":{"@type":"EntryPoint","urlTemplate":"https:\/\/www.envirofalk.com\/fr\/?s={search_term_string}"},"query-input":{"@type":"PropertyValueSpecification","valueRequired":true,"valueName":"search_term_string"}}],"inLanguage":"fr-FR"},{"@type":"Organization","@id":"https:\/\/www.envirofalk.com\/fr\/#organization","name":"EnviroFALK","url":"https:\/\/www.envirofalk.com\/fr\/","logo":{"@type":"ImageObject","inLanguage":"fr-FR","@id":"https:\/\/www.envirofalk.com\/fr\/#\/schema\/logo\/image\/","url":"https:\/\/www.envirofalk.com\/wp-content\/uploads\/2023\/01\/logo.svg","contentUrl":"https:\/\/www.envirofalk.com\/wp-content\/uploads\/2023\/01\/logo.svg","caption":"EnviroFALK"},"image":{"@id":"https:\/\/www.envirofalk.com\/fr\/#\/schema\/logo\/image\/"},"sameAs":["https:\/\/www.facebook.com\/envirofalk","https:\/\/www.linkedin.com\/company\/envirofalk-gmbh","https:\/\/www.youtube.com\/channel\/UCM1L-2K6cfBbP3aYgJGbVdA"],"description":"EnviroFALK Prozesswassertechnik ist Ihr Spezialist f\u00fcr ma\u00dfgeschneiderte Wasseraufbereitungsl\u00f6sungen in der Industrie. Wir bieten innovative Technologien f\u00fcr die Erzeugung und Aufbereitung von Prozesswasser, um h\u00f6chste Effizienz und Qualit\u00e4t in Ihren Produktionsprozessen zu gew\u00e4hrleisten. Mit jahrzehntelanger Erfahrung entwickeln wir nachhaltige und ressourcenschonende L\u00f6sungen, die exakt auf die Anforderungen unserer Kunden abgestimmt sind. Unsere Leistungen umfassen die Filtration, Enth\u00e4rtung, Entsalzung und R\u00fcckgewinnung von Wasser f\u00fcr verschiedenste Anwendungen \u2013 von der Metallverarbeitung bis zur Lebensmittelindustrie. Unsere Experten begleiten Sie von der Planung \u00fcber die Implementierung bis hin zum Service, um eine zuverl\u00e4ssige und wirtschaftliche Wasseraufbereitung sicherzustellen.","email":"info@envirofalk.com","telephone":"+49 2663 9908-0","legalName":"EnviroFALK GmbH","foundingDate":"1989-05-01"}]}},"_links":{"self":[{"href":"https:\/\/www.envirofalk.com\/fr\/wp-json\/wp\/v2\/pages\/7886","targetHints":{"allow":["GET"]}}],"collection":[{"href":"https:\/\/www.envirofalk.com\/fr\/wp-json\/wp\/v2\/pages"}],"about":[{"href":"https:\/\/www.envirofalk.com\/fr\/wp-json\/wp\/v2\/types\/page"}],"author":[{"embeddable":true,"href":"https:\/\/www.envirofalk.com\/fr\/wp-json\/wp\/v2\/users\/3"}],"replies":[{"embeddable":true,"href":"https:\/\/www.envirofalk.com\/fr\/wp-json\/wp\/v2\/comments?post=7886"}],"version-history":[{"count":15,"href":"https:\/\/www.envirofalk.com\/fr\/wp-json\/wp\/v2\/pages\/7886\/revisions"}],"predecessor-version":[{"id":16131,"href":"https:\/\/www.envirofalk.com\/fr\/wp-json\/wp\/v2\/pages\/7886\/revisions\/16131"}],"up":[{"embeddable":true,"href":"https:\/\/www.envirofalk.com\/fr\/wp-json\/wp\/v2\/pages\/8029"}],"wp:attachment":[{"href":"https:\/\/www.envirofalk.com\/fr\/wp-json\/wp\/v2\/media?parent=7886"}],"curies":[{"name":"wp","href":"https:\/\/api.w.org\/{rel}","templated":true}]}}