{"id":7691,"date":"2024-01-24T10:54:11","date_gmt":"2024-01-24T09:54:11","guid":{"rendered":"https:\/\/www.envirofalk.com\/techniques-de-procedes-produits\/desinfection\/"},"modified":"2026-02-04T10:06:58","modified_gmt":"2026-02-04T09:06:58","slug":"desinfection","status":"publish","type":"page","link":"https:\/\/www.envirofalk.com\/fr\/techniques-de-procedes-produits\/desinfection\/","title":{"rendered":"D\u00e9sinfection"},"content":{"rendered":"<div class=\"wpb-content-wrapper\"><p>[vc_section][vc_row full_width=\u00a0\u00bbstretch_row_content_no_spaces\u00a0\u00bb][vc_column]<div class=\"custom-top-banner img-box   has-icon\" style=\"background-image: url(https:\/\/www.envirofalk.com\/wp-content\/uploads\/2023\/05\/banner-energieerzeugung.jpg)\"><div class=\"container relative\"><div class=\"text-box\"><div class=\"slideInRight animated\"><img loading=\"lazy\" decoding=\"async\" width=\"1\" height=\"1\" src=\"https:\/\/www.envirofalk.com\/wp-content\/uploads\/2023\/08\/Filtertechnik_Icon.svg\" class=\"attachment-120x120 size-120x120\" alt=\"Wasserfilter Icon\" \/><p>Une <strong>d\u00e9sinfection<\/strong> bien pens\u00e9e pour \u00e9viter la contamination par des germes<\/p><\/div><\/div><\/div><\/div>[\/vc_column][\/vc_row][vc_row el_class=\u00a0\u00bbbreadcrumbs-wrapper\u00a0\u00bb][vc_column]<div class=\"breadcrumbs\"><label><\/label> <a href=\"https:\/\/www.envirofalk.com\/fr\/\">Home<\/a><\/div>[\/vc_column][\/vc_row][\/vc_section][vc_section][vc_row css_animation=\u00a0\u00bbslideInUp\u00a0\u00bb el_class=\u00a0\u00bbtwo-columns-row tablet-row\u00a0\u00bb][vc_column width=\u00a0\u00bb3\/4&Prime;][vc_custom_heading text=\u00a0\u00bbD\u00e9sinfection &#8211; pour une protection efficace\u00a0\u00bb font_container=\u00a0\u00bbtag:h1|text_align:left\u00a0\u00bb use_theme_fonts=\u00a0\u00bbyes\u00a0\u00bb][vc_column_text]<strong>R\u00e9utiliser l&rsquo;eau plusieurs fois tout en s&rsquo;assurant qu&rsquo;il n&rsquo;y a pas de germes n\u00e9cessite une d\u00e9sinfection bien pens\u00e9e.<\/strong><\/p>\n<p>Au pr\u00e9alable, nos experts r\u00e9alisent une analyse approfondie de l&rsquo;efficacit\u00e9 et de la durabilit\u00e9. EnviroFALK propose diff\u00e9rentes possibilit\u00e9s de d\u00e9sinfection en fonction de l&rsquo;application.[\/vc_column_text][\/vc_column][vc_column width=\u00a0\u00bb1\/4&Prime;]<div class=\"online-consultant-box  wpb_content_element\"><div class=\"online-consultant\"><div><div class=\"person-info\"><h5>Gabriel Wigishoff<\/h5><ul class=\"person-list\"><li><a href=\"tel:+41 41 740 44 32\">+41 41 740 44 32<\/a><\/li><\/ul><\/div><\/div><div class=\"relative\"><svg xmlns=\"http:\/\/www.w3.org\/2000\/svg\" viewBox=\"0 0 32.83 32.83\">\n\t\t\t\t\t\t\t\t\t<defs>\n\t\t\t\t\t\t\t\t\t\t<linearGradient id=\"gradient\" x1=\"0%\" y1=\"0%\" x2=\"0%\" y2=\"100%\" gradientTransform=\"rotate(-135)\">\n\t\t\t\t\t\t\t\t\t\t\t<stop offset=\"0%\" stop-color=\"#97be0d\"\/>\n\t\t\t\t\t\t\t\t\t\t\t\t<stop offset=\"100%\" stop-color=\"rgba(255, 255, 255, 0)\"\/>\n\t\t\t\t\t\t\t\t\t\t<\/linearGradient>\n\t\t\t\t\t\t\t\t\t<\/defs>\n\t\t\t\t\t\t\t\t\t<path class=\"wpb_animate_when_almost_visible circular-progress\" stroke=\"url(#gradient)\" stroke-width=\"1\" stroke-dasharray=\"100, 100\" fill=\"none\" d=\"M18,2.08a15.92,15.92,0,0,1,0,31.84h0A15.92,15.92,0,0,1,18,2.08\" transform=\"translate(-1.59 -1.58)\"\/>\n                            \t<\/svg><span><img loading=\"lazy\" decoding=\"async\" width=\"2560\" height=\"3836\" src=\"https:\/\/www.envirofalk.com\/wp-content\/uploads\/2025\/11\/Gabriel_Wigishoff_FG-e1764234116437.png\" class=\"attachment-full size-full\" alt=\"\" \/><\/span><\/div><\/div><\/div>[\/vc_column][\/vc_row][\/vc_section][vc_section][vc_row el_class=\u00a0\u00bbtablet-row vertical-center\u00a0\u00bb][vc_column css_animation=\u00a0\u00bbslideInLeft\u00a0\u00bb width=\u00a0\u00bb1\/2&Prime;][vc_column_text]<\/p>\n<h2>St\u00e9rilisation par UV &#8211; rayonnement UV et effet antibact\u00e9rien<\/h2>\n<p>Dans le traitement de l&rsquo;eau, la d\u00e9sinfection par UV est largement utilis\u00e9e comme bact\u00e9ricide. Les UV d\u00e9truisent l&rsquo;ADN, les membranes cellulaires ainsi que les enzymes des micro-organismes en formant des radicaux libres dans l&rsquo;eau. Le processus se d\u00e9roule par le passage contr\u00f4l\u00e9 de l&rsquo;eau pr\u00e9trait\u00e9e dans une chambre d&rsquo;irradiation. Le rayonnement UV d&rsquo;une longueur d&rsquo;onde de 254 nm est particuli\u00e8rement efficace pour l&rsquo;effet antibact\u00e9rien.[\/vc_column_text][\/vc_column][vc_column css_animation=\u00a0\u00bbslideInRight\u00a0\u00bb width=\u00a0\u00bb1\/2&Prime;]<div class=\"bg-image img-box\" style=\"background-image: url(https:\/\/www.envirofalk.com\/wp-content\/uploads\/2023\/02\/bg-about.gif)\"><img loading=\"lazy\" decoding=\"async\" width=\"300\" height=\"300\" src=\"https:\/\/www.envirofalk.com\/wp-content\/uploads\/2023\/08\/RS9952_UV_Anlage.png\" class=\"attachment-full size-full\" alt=\"\" srcset=\"https:\/\/www.envirofalk.com\/wp-content\/uploads\/2023\/08\/RS9952_UV_Anlage.png 300w, https:\/\/www.envirofalk.com\/wp-content\/uploads\/2023\/08\/RS9952_UV_Anlage-150x150.png 150w\" sizes=\"auto, (max-width: 300px) 100vw, 300px\" \/><\/div>[\/vc_column][\/vc_row][vc_row equal_height=\u00a0\u00bbyes\u00a0\u00bb content_placement=\u00a0\u00bbtop\u00a0\u00bb][vc_column width=\u00a0\u00bb1\/2&Prime;][vc_column_text]<\/p>\n<h2>Oxydation par UV &#8211; le rayonnement UV comme oxydant efficace<\/h2>\n<p>Lors de l&rsquo;oxydation par UV de compos\u00e9s organiques, le rayonnement UV d&rsquo;une longueur d&rsquo;onde de 185 nm se montre le plus efficace, car il d\u00e9compose les grandes mol\u00e9cules organiques en composants ionis\u00e9s plus petits, qui sont ensuite souvent \u00e9limin\u00e9s par un \u00e9changeur d&rsquo;ions plac\u00e9 en aval. Le rayonnement UV \u00e0 185 nm agit comme un oxydant efficace dans le traitement de l&rsquo;eau et est souvent utilis\u00e9 dans la production d&rsquo;eau de haute puret\u00e9.[\/vc_column_text][\/vc_column][vc_column width=\u00a0\u00bb1\/2&Prime;][vc_column_text]<\/p>\n<h2>D\u00e9sinfection chimique &#8211; D\u00e9sinfection chimique de l&rsquo;eau<\/h2>\n<p>L&rsquo;efficacit\u00e9 d&rsquo;une d\u00e9sinfection chimique de l&rsquo;eau d\u00e9pend notamment de la nature du proc\u00e9d\u00e9 et des substances actives utilis\u00e9es. Nos experts d\u00e9terminent les produits d&rsquo;exploitation optimaux et leur dosage pour votre d\u00e9sinfection de l&rsquo;eau. Cela permet de lutter durablement contre les germes et les virus et d&rsquo;\u00e9viter la formation d&rsquo;un nouveau biofilm. Bien entendu, nous n&rsquo;utilisons pour les installations de traitement de l&rsquo;eau EnviroFALK que des produits qui ont fait leurs preuves \u00e0 maintes reprises dans notre groupe d&rsquo;entreprises.[\/vc_column_text][\/vc_column][\/vc_row][vc_row][vc_column]<div class=\"posts-wrapper wpb_content_element\"><div class=\"top-box wpb_content_element text-center\"><h2 class=\"entry-title\">Produits EnviroFALK pour la d\u00e9sinfection<\/h2><\/div><div class=\"all-products flexbox has-slider\" data-posts=\"3\" data-cat-id=\"0\" data-tag-id=\"0\" data-exclude-tag=\"IN\"><div id=\"post-23795\" class=\"produkt post-23795 type-produkt status-publish has-post-thumbnail hentry produkt_kategorie-gamme-de-produits produkt_kategorie-echangeur-dions produkt_kategorie-accessoires\"><a href=\"https:\/\/www.envirofalk.com\/fr\/produkte\/envi-greenline-c-20-d\/\" target=\"_self\"><div class=\"icon\"><img decoding=\"async\" src=\"https:\/\/www.envirofalk.com\/wp-content\/uploads\/2025\/05\/GreenLINE_C20-scaled.png\" alt=\"Bild\"><\/div><\/a><div class=\"text-box\"><h3 class=\"entry-title\"><a href=\"https:\/\/www.envirofalk.com\/fr\/produkte\/envi-greenline-c-20-d\/\" target=\"_self\">Envi GreenLINE C 20 D<\/a><\/h3><p>\r\nEnvi GreenLINE\r\nC 20 D\r\nConductim\u00e8tre avec affichage LED, fonctionnant sur piles et cellule de mesure \u00e0 visser int\u00e9gr\u00e9e\r\nIndicateur LED compact...<\/p><ul class=\"params-list\"><\/ul><\/div><\/div><div id=\"post-23804\" class=\"produkt post-23804 type-produkt status-publish has-post-thumbnail hentry produkt_kategorie-gamme-de-produits produkt_kategorie-echangeur-dions\"><a href=\"https:\/\/www.envirofalk.com\/fr\/produkte\/envi-greenline-analog\/\" target=\"_self\"><div class=\"icon\"><img decoding=\"async\" src=\"https:\/\/www.envirofalk.com\/wp-content\/uploads\/2025\/05\/GreenLINE-analog.png\" alt=\"Bild\"><\/div><\/a><div class=\"text-box\"><h3 class=\"entry-title\"><a href=\"https:\/\/www.envirofalk.com\/fr\/produkte\/envi-greenline-analog\/\" target=\"_self\">Envi GreenLINE analog<\/a><\/h3><p>\r\nEnvi GreenLINE\r\nanalog\r\nLe conductim\u00e8tre analogique est mont\u00e9 sur une pi\u00e8ce en T (PP) et peut \u00eatre raccord\u00e9 directement sur tous...<\/p><ul class=\"params-list\"><\/ul><\/div><\/div><div id=\"post-23813\" class=\"produkt post-23813 type-produkt status-publish has-post-thumbnail hentry produkt_kategorie-gamme-de-produits produkt_kategorie-echangeur-dions produkt_kategorie-accessoires\"><a href=\"https:\/\/www.envirofalk.com\/fr\/produkte\/envi-greenline-digital-200\/\" target=\"_self\"><div class=\"icon\"><img decoding=\"async\" src=\"https:\/\/www.envirofalk.com\/wp-content\/uploads\/2023\/08\/RS10075_GreenLINE_digital_200.png\" alt=\"Bild\"><\/div><\/a><div class=\"text-box\"><h3 class=\"entry-title\"><a href=\"https:\/\/www.envirofalk.com\/fr\/produkte\/envi-greenline-digital-200\/\" target=\"_self\">Envi GreenLINE digital 200-0.1\/200-1.0<\/a><\/h3><p>\r\nEnvi GreenLINE\r\ndigital 200-0.1\/200-1.0\r\nLe conductim\u00e8tre num\u00e9rique est int\u00e9gr\u00e9 dans un bo\u00eetier en saillie de qualit\u00e9 sup\u00e9rieure et permet un montage...<\/p><ul class=\"params-list\"><\/ul><\/div><\/div><\/div><div class=\"slider-controls news-slider-controls\"><\/div><div class=\"not-found\"><h3>Keine Eintr\u00e4ge gefunden<\/h3><\/div><\/div>[\/vc_column][\/vc_row][\/vc_section]<\/p>\n<\/div>","protected":false},"excerpt":{"rendered":"<p>[vc_section][vc_row full_width=\u00a0\u00bbstretch_row_content_no_spaces\u00a0\u00bb][vc_column][\/vc_column][\/vc_row][vc_row el_class=\u00a0\u00bbbreadcrumbs-wrapper\u00a0\u00bb][vc_column][\/vc_column][\/vc_row][\/vc_section][vc_section][vc_row css_animation=\u00a0\u00bbslideInUp\u00a0\u00bb el_class=\u00a0\u00bbtwo-columns-row tablet-row\u00a0\u00bb][vc_column width=\u00a0\u00bb3\/4&Prime;][vc_custom_heading text=\u00a0\u00bbD\u00e9sinfection &#8211; pour une protection efficace\u00a0\u00bb font_container=\u00a0\u00bbtag:h1|text_align:left\u00a0\u00bb use_theme_fonts=\u00a0\u00bbyes\u00a0\u00bb][vc_column_text]R\u00e9utiliser l&rsquo;eau plusieurs fois tout en s&rsquo;assurant qu&rsquo;il n&rsquo;y a pas de germes n\u00e9cessite une d\u00e9sinfection bien pens\u00e9e. Au pr\u00e9alable, nos experts r\u00e9alisent une analyse approfondie de l&rsquo;efficacit\u00e9 et de la durabilit\u00e9. EnviroFALK propose diff\u00e9rentes possibilit\u00e9s de d\u00e9sinfection en fonction de [&hellip;]<\/p>\n","protected":false},"author":3,"featured_media":0,"parent":7520,"menu_order":12,"comment_status":"closed","ping_status":"closed","template":"","meta":{"_acf_changed":false,"rs_blank_template":"","rs_page_bg_color":"","slide_template_v7":"","footnotes":""},"class_list":["post-7691","page","type-page","status-publish","hentry"],"acf":[],"yoast_head":"<!-- This site is optimized with the Yoast SEO Premium plugin v27.5 (Yoast SEO v27.5) - https:\/\/yoast.com\/product\/yoast-seo-premium-wordpress\/ -->\n<title>D\u00e9sinfection &#8211; EnviroFALK<\/title>\n<meta name=\"description\" content=\"St\u00e9rilisation par UV par d\u00e9sinfection. Pour une protection efficace de votre eau de process\" \/>\n<meta name=\"robots\" content=\"index, follow, max-snippet:-1, max-image-preview:large, max-video-preview:-1\" \/>\n<link rel=\"canonical\" href=\"https:\/\/www.envirofalk.com\/fr\/techniques-de-procedes-produits\/desinfection\/\" \/>\n<meta property=\"og:locale\" content=\"fr_FR\" \/>\n<meta property=\"og:type\" content=\"article\" \/>\n<meta property=\"og:title\" content=\"D\u00e9sinfection\" \/>\n<meta property=\"og:description\" content=\"St\u00e9rilisation par UV par d\u00e9sinfection. Pour une protection efficace de votre eau de process\" \/>\n<meta property=\"og:url\" content=\"https:\/\/www.envirofalk.com\/fr\/techniques-de-procedes-produits\/desinfection\/\" \/>\n<meta property=\"og:site_name\" content=\"EnviroFALK\" \/>\n<meta property=\"article:publisher\" content=\"https:\/\/www.facebook.com\/envirofalk\" \/>\n<meta property=\"article:modified_time\" content=\"2026-02-04T09:06:58+00:00\" \/>\n<meta name=\"twitter:card\" content=\"summary_large_image\" \/>\n<meta name=\"twitter:label1\" content=\"Dur\u00e9e de lecture estim\u00e9e\" \/>\n\t<meta name=\"twitter:data1\" content=\"3 minutes\" \/>\n<script type=\"application\/ld+json\" class=\"yoast-schema-graph\">{\"@context\":\"https:\\\/\\\/schema.org\",\"@graph\":[{\"@type\":\"WebPage\",\"@id\":\"https:\\\/\\\/www.envirofalk.com\\\/fr\\\/techniques-de-procedes-produits\\\/desinfection\\\/\",\"url\":\"https:\\\/\\\/www.envirofalk.com\\\/fr\\\/techniques-de-procedes-produits\\\/desinfection\\\/\",\"name\":\"D\u00e9sinfection &#8211; EnviroFALK\",\"isPartOf\":{\"@id\":\"https:\\\/\\\/www.envirofalk.com\\\/fr\\\/#website\"},\"datePublished\":\"2024-01-24T09:54:11+00:00\",\"dateModified\":\"2026-02-04T09:06:58+00:00\",\"description\":\"St\u00e9rilisation par UV par d\u00e9sinfection. Pour une protection efficace de votre eau de process\",\"breadcrumb\":{\"@id\":\"https:\\\/\\\/www.envirofalk.com\\\/fr\\\/techniques-de-procedes-produits\\\/desinfection\\\/#breadcrumb\"},\"inLanguage\":\"fr-FR\",\"potentialAction\":[{\"@type\":\"ReadAction\",\"target\":[\"https:\\\/\\\/www.envirofalk.com\\\/fr\\\/techniques-de-procedes-produits\\\/desinfection\\\/\"]}]},{\"@type\":\"BreadcrumbList\",\"@id\":\"https:\\\/\\\/www.envirofalk.com\\\/fr\\\/techniques-de-procedes-produits\\\/desinfection\\\/#breadcrumb\",\"itemListElement\":[{\"@type\":\"ListItem\",\"position\":1,\"name\":\"Home\",\"item\":\"https:\\\/\\\/www.envirofalk.com\\\/fr\\\/\"},{\"@type\":\"ListItem\",\"position\":2,\"name\":\"Techniques de proc\u00e9d\u00e9s &amp; produits\",\"item\":\"https:\\\/\\\/www.envirofalk.com\\\/fr\\\/techniques-de-procedes-produits\\\/\"},{\"@type\":\"ListItem\",\"position\":3,\"name\":\"D\u00e9sinfection\"}]},{\"@type\":\"WebSite\",\"@id\":\"https:\\\/\\\/www.envirofalk.com\\\/fr\\\/#website\",\"url\":\"https:\\\/\\\/www.envirofalk.com\\\/fr\\\/\",\"name\":\"EnviroFALK\",\"description\":\"Wasseraufbereitungsanlagen f\u00fcr Industrie, Gewerbe &amp; Labor\",\"publisher\":{\"@id\":\"https:\\\/\\\/www.envirofalk.com\\\/fr\\\/#organization\"},\"potentialAction\":[{\"@type\":\"SearchAction\",\"target\":{\"@type\":\"EntryPoint\",\"urlTemplate\":\"https:\\\/\\\/www.envirofalk.com\\\/fr\\\/?s={search_term_string}\"},\"query-input\":{\"@type\":\"PropertyValueSpecification\",\"valueRequired\":true,\"valueName\":\"search_term_string\"}}],\"inLanguage\":\"fr-FR\"},{\"@type\":\"Organization\",\"@id\":\"https:\\\/\\\/www.envirofalk.com\\\/fr\\\/#organization\",\"name\":\"EnviroFALK\",\"url\":\"https:\\\/\\\/www.envirofalk.com\\\/fr\\\/\",\"logo\":{\"@type\":\"ImageObject\",\"inLanguage\":\"fr-FR\",\"@id\":\"https:\\\/\\\/www.envirofalk.com\\\/fr\\\/#\\\/schema\\\/logo\\\/image\\\/\",\"url\":\"https:\\\/\\\/www.envirofalk.com\\\/wp-content\\\/uploads\\\/2023\\\/01\\\/logo.svg\",\"contentUrl\":\"https:\\\/\\\/www.envirofalk.com\\\/wp-content\\\/uploads\\\/2023\\\/01\\\/logo.svg\",\"caption\":\"EnviroFALK\"},\"image\":{\"@id\":\"https:\\\/\\\/www.envirofalk.com\\\/fr\\\/#\\\/schema\\\/logo\\\/image\\\/\"},\"sameAs\":[\"https:\\\/\\\/www.facebook.com\\\/envirofalk\",\"https:\\\/\\\/www.linkedin.com\\\/company\\\/envirofalk-gmbh\",\"https:\\\/\\\/www.youtube.com\\\/channel\\\/UCM1L-2K6cfBbP3aYgJGbVdA\"],\"description\":\"EnviroFALK Prozesswassertechnik ist Ihr Spezialist f\u00fcr ma\u00dfgeschneiderte Wasseraufbereitungsl\u00f6sungen in der Industrie. Wir bieten innovative Technologien f\u00fcr die Erzeugung und Aufbereitung von Prozesswasser, um h\u00f6chste Effizienz und Qualit\u00e4t in Ihren Produktionsprozessen zu gew\u00e4hrleisten. Mit jahrzehntelanger Erfahrung entwickeln wir nachhaltige und ressourcenschonende L\u00f6sungen, die exakt auf die Anforderungen unserer Kunden abgestimmt sind. Unsere Leistungen umfassen die Filtration, Enth\u00e4rtung, Entsalzung und R\u00fcckgewinnung von Wasser f\u00fcr verschiedenste Anwendungen \u2013 von der Metallverarbeitung bis zur Lebensmittelindustrie. Unsere Experten begleiten Sie von der Planung \u00fcber die Implementierung bis hin zum Service, um eine zuverl\u00e4ssige und wirtschaftliche Wasseraufbereitung sicherzustellen.\",\"email\":\"info@envirofalk.com\",\"telephone\":\"+49 2663 9908-0\",\"legalName\":\"EnviroFALK GmbH\",\"foundingDate\":\"1989-05-01\"}]}<\/script>\n<!-- \/ Yoast SEO Premium plugin. -->","yoast_head_json":{"title":"D\u00e9sinfection &#8211; EnviroFALK","description":"St\u00e9rilisation par UV par d\u00e9sinfection. Pour une protection efficace de votre eau de process","robots":{"index":"index","follow":"follow","max-snippet":"max-snippet:-1","max-image-preview":"max-image-preview:large","max-video-preview":"max-video-preview:-1"},"canonical":"https:\/\/www.envirofalk.com\/fr\/techniques-de-procedes-produits\/desinfection\/","og_locale":"fr_FR","og_type":"article","og_title":"D\u00e9sinfection","og_description":"St\u00e9rilisation par UV par d\u00e9sinfection. Pour une protection efficace de votre eau de process","og_url":"https:\/\/www.envirofalk.com\/fr\/techniques-de-procedes-produits\/desinfection\/","og_site_name":"EnviroFALK","article_publisher":"https:\/\/www.facebook.com\/envirofalk","article_modified_time":"2026-02-04T09:06:58+00:00","twitter_card":"summary_large_image","twitter_misc":{"Dur\u00e9e de lecture estim\u00e9e":"3 minutes"},"schema":{"@context":"https:\/\/schema.org","@graph":[{"@type":"WebPage","@id":"https:\/\/www.envirofalk.com\/fr\/techniques-de-procedes-produits\/desinfection\/","url":"https:\/\/www.envirofalk.com\/fr\/techniques-de-procedes-produits\/desinfection\/","name":"D\u00e9sinfection &#8211; EnviroFALK","isPartOf":{"@id":"https:\/\/www.envirofalk.com\/fr\/#website"},"datePublished":"2024-01-24T09:54:11+00:00","dateModified":"2026-02-04T09:06:58+00:00","description":"St\u00e9rilisation par UV par d\u00e9sinfection. Pour une protection efficace de votre eau de process","breadcrumb":{"@id":"https:\/\/www.envirofalk.com\/fr\/techniques-de-procedes-produits\/desinfection\/#breadcrumb"},"inLanguage":"fr-FR","potentialAction":[{"@type":"ReadAction","target":["https:\/\/www.envirofalk.com\/fr\/techniques-de-procedes-produits\/desinfection\/"]}]},{"@type":"BreadcrumbList","@id":"https:\/\/www.envirofalk.com\/fr\/techniques-de-procedes-produits\/desinfection\/#breadcrumb","itemListElement":[{"@type":"ListItem","position":1,"name":"Home","item":"https:\/\/www.envirofalk.com\/fr\/"},{"@type":"ListItem","position":2,"name":"Techniques de proc\u00e9d\u00e9s &amp; produits","item":"https:\/\/www.envirofalk.com\/fr\/techniques-de-procedes-produits\/"},{"@type":"ListItem","position":3,"name":"D\u00e9sinfection"}]},{"@type":"WebSite","@id":"https:\/\/www.envirofalk.com\/fr\/#website","url":"https:\/\/www.envirofalk.com\/fr\/","name":"EnviroFALK","description":"Wasseraufbereitungsanlagen f\u00fcr Industrie, Gewerbe &amp; Labor","publisher":{"@id":"https:\/\/www.envirofalk.com\/fr\/#organization"},"potentialAction":[{"@type":"SearchAction","target":{"@type":"EntryPoint","urlTemplate":"https:\/\/www.envirofalk.com\/fr\/?s={search_term_string}"},"query-input":{"@type":"PropertyValueSpecification","valueRequired":true,"valueName":"search_term_string"}}],"inLanguage":"fr-FR"},{"@type":"Organization","@id":"https:\/\/www.envirofalk.com\/fr\/#organization","name":"EnviroFALK","url":"https:\/\/www.envirofalk.com\/fr\/","logo":{"@type":"ImageObject","inLanguage":"fr-FR","@id":"https:\/\/www.envirofalk.com\/fr\/#\/schema\/logo\/image\/","url":"https:\/\/www.envirofalk.com\/wp-content\/uploads\/2023\/01\/logo.svg","contentUrl":"https:\/\/www.envirofalk.com\/wp-content\/uploads\/2023\/01\/logo.svg","caption":"EnviroFALK"},"image":{"@id":"https:\/\/www.envirofalk.com\/fr\/#\/schema\/logo\/image\/"},"sameAs":["https:\/\/www.facebook.com\/envirofalk","https:\/\/www.linkedin.com\/company\/envirofalk-gmbh","https:\/\/www.youtube.com\/channel\/UCM1L-2K6cfBbP3aYgJGbVdA"],"description":"EnviroFALK Prozesswassertechnik ist Ihr Spezialist f\u00fcr ma\u00dfgeschneiderte Wasseraufbereitungsl\u00f6sungen in der Industrie. Wir bieten innovative Technologien f\u00fcr die Erzeugung und Aufbereitung von Prozesswasser, um h\u00f6chste Effizienz und Qualit\u00e4t in Ihren Produktionsprozessen zu gew\u00e4hrleisten. Mit jahrzehntelanger Erfahrung entwickeln wir nachhaltige und ressourcenschonende L\u00f6sungen, die exakt auf die Anforderungen unserer Kunden abgestimmt sind. Unsere Leistungen umfassen die Filtration, Enth\u00e4rtung, Entsalzung und R\u00fcckgewinnung von Wasser f\u00fcr verschiedenste Anwendungen \u2013 von der Metallverarbeitung bis zur Lebensmittelindustrie. Unsere Experten begleiten Sie von der Planung \u00fcber die Implementierung bis hin zum Service, um eine zuverl\u00e4ssige und wirtschaftliche Wasseraufbereitung sicherzustellen.","email":"info@envirofalk.com","telephone":"+49 2663 9908-0","legalName":"EnviroFALK GmbH","foundingDate":"1989-05-01"}]}},"_links":{"self":[{"href":"https:\/\/www.envirofalk.com\/fr\/wp-json\/wp\/v2\/pages\/7691","targetHints":{"allow":["GET"]}}],"collection":[{"href":"https:\/\/www.envirofalk.com\/fr\/wp-json\/wp\/v2\/pages"}],"about":[{"href":"https:\/\/www.envirofalk.com\/fr\/wp-json\/wp\/v2\/types\/page"}],"author":[{"embeddable":true,"href":"https:\/\/www.envirofalk.com\/fr\/wp-json\/wp\/v2\/users\/3"}],"replies":[{"embeddable":true,"href":"https:\/\/www.envirofalk.com\/fr\/wp-json\/wp\/v2\/comments?post=7691"}],"version-history":[{"count":5,"href":"https:\/\/www.envirofalk.com\/fr\/wp-json\/wp\/v2\/pages\/7691\/revisions"}],"predecessor-version":[{"id":26689,"href":"https:\/\/www.envirofalk.com\/fr\/wp-json\/wp\/v2\/pages\/7691\/revisions\/26689"}],"up":[{"embeddable":true,"href":"https:\/\/www.envirofalk.com\/fr\/wp-json\/wp\/v2\/pages\/7520"}],"wp:attachment":[{"href":"https:\/\/www.envirofalk.com\/fr\/wp-json\/wp\/v2\/media?parent=7691"}],"curies":[{"name":"wp","href":"https:\/\/api.w.org\/{rel}","templated":true}]}}