{"id":7615,"date":"2024-01-24T10:54:05","date_gmt":"2024-01-24T09:54:05","guid":{"rendered":"https:\/\/www.envirofalk.com\/techniques-de-procedes-produits\/installations-de-nanofiltration\/"},"modified":"2026-02-04T09:53:58","modified_gmt":"2026-02-04T08:53:58","slug":"installations-de-nanofiltration","status":"publish","type":"page","link":"https:\/\/www.envirofalk.com\/fr\/techniques-de-procedes-produits\/installations-de-nanofiltration\/","title":{"rendered":"Installations de nanofiltration"},"content":{"rendered":"<div class=\"wpb-content-wrapper\"><p>[vc_section][vc_row full_width=\u00a0\u00bbstretch_row_content_no_spaces\u00a0\u00bb][vc_column]<div class=\"custom-top-banner img-box   has-icon\" style=\"background-image: url(https:\/\/www.envirofalk.com\/wp-content\/uploads\/2023\/05\/banner-energieerzeugung.jpg)\"><div class=\"container relative\"><div class=\"text-box\"><div class=\"slideInRight animated\"><img loading=\"lazy\" decoding=\"async\" width=\"1\" height=\"1\" src=\"https:\/\/www.envirofalk.com\/wp-content\/uploads\/2023\/08\/Wasseraufbereitung_Umkehrosmose_Icon.svg\" class=\"attachment-120x120 size-120x120\" alt=\"\" \/><p>Eau exempte de particules <strong>syst\u00e8mes de nanofiltration<\/strong><\/p><\/div><\/div><\/div><\/div>[\/vc_column][\/vc_row][vc_row el_class=\u00a0\u00bbbreadcrumbs-wrapper\u00a0\u00bb][vc_column]<div class=\"breadcrumbs\"><label><\/label> <a href=\"https:\/\/www.envirofalk.com\/fr\/\">Home<\/a><\/div>[\/vc_column][\/vc_row][\/vc_section][vc_section][vc_row css_animation=\u00a0\u00bbslideInUp\u00a0\u00bb el_class=\u00a0\u00bbtwo-columns-row tablet-row\u00a0\u00bb][vc_column width=\u00a0\u00bb3\/4&Prime;][vc_custom_heading text=\u00a0\u00bbRetenir les ions, les mol\u00e9cules et les particules avec les syst\u00e8mes de nanofiltration EnviroFALK\u00a0\u00bb font_container=\u00a0\u00bbtag:h1|text_align:left\u00a0\u00bb use_theme_fonts=\u00a0\u00bbyes\u00a0\u00bb][vc_column_text]Vous avez besoin d&rsquo;<strong>une eau exempte d&rsquo;impuret\u00e9s telles que des bact\u00e9ries, des sels dissous, des pesticides et des prot\u00e9ines ? <\/strong>Vous souhaitez \u00e9liminer tout ou partie des ingr\u00e9dients ind\u00e9sirables ? Alors vous \u00eates \u00e0 la bonne adresse avec nos <strong>installations de nanofiltration <\/strong>pour l&rsquo;<strong> adoucissement partiel <\/strong>et la<strong> r\u00e9duction <\/strong>de la <strong>turbidit\u00e9 <\/strong>et<strong> de la coloration des eaux de surface<\/strong>. En effet, les syst\u00e8mes de nanofiltration EnviroFALK permettent de retenir des particules de l&rsquo;ordre du nanom\u00e8tre !<\/p>\n<p>Profitez d&rsquo;une <strong>exp\u00e9rience de plus de 30 ans !<\/strong><br \/>\n[\/vc_column_text][\/vc_column][vc_column width=\u00a0\u00bb1\/4&Prime;]<div class=\"online-consultant-box  wpb_content_element\"><div class=\"online-consultant\"><div><div class=\"person-info\"><h5>Philippe Anstett<\/h5><ul class=\"person-list\"><li><a href=\"tel:+41 41 740 44 24\">+41 41 740 44 24<\/a><\/li><\/ul><\/div><a href=\"https:\/\/www.envirofalk.com\/fr\/contact\/\" target=\"_self\" class=\"custom-btn \"><i class=\"icon-chevron-right\"><\/i>Vers le formulaire de contact<\/a><\/div><div class=\"relative\"><svg xmlns=\"http:\/\/www.w3.org\/2000\/svg\" viewBox=\"0 0 32.83 32.83\">\n\t\t\t\t\t\t\t\t\t<defs>\n\t\t\t\t\t\t\t\t\t\t<linearGradient id=\"gradient\" x1=\"0%\" y1=\"0%\" x2=\"0%\" y2=\"100%\" gradientTransform=\"rotate(-135)\">\n\t\t\t\t\t\t\t\t\t\t\t<stop offset=\"0%\" stop-color=\"#97be0d\"\/>\n\t\t\t\t\t\t\t\t\t\t\t\t<stop offset=\"100%\" stop-color=\"rgba(255, 255, 255, 0)\"\/>\n\t\t\t\t\t\t\t\t\t\t<\/linearGradient>\n\t\t\t\t\t\t\t\t\t<\/defs>\n\t\t\t\t\t\t\t\t\t<path class=\"wpb_animate_when_almost_visible circular-progress\" stroke=\"url(#gradient)\" stroke-width=\"1\" stroke-dasharray=\"100, 100\" fill=\"none\" d=\"M18,2.08a15.92,15.92,0,0,1,0,31.84h0A15.92,15.92,0,0,1,18,2.08\" transform=\"translate(-1.59 -1.58)\"\/>\n                            \t<\/svg><span><img loading=\"lazy\" decoding=\"async\" width=\"500\" height=\"500\" src=\"https:\/\/www.envirofalk.com\/wp-content\/uploads\/2024\/04\/Philippe-Anstett.png\" class=\"attachment-full size-full\" alt=\"\" srcset=\"https:\/\/www.envirofalk.com\/wp-content\/uploads\/2024\/04\/Philippe-Anstett.png 500w, https:\/\/www.envirofalk.com\/wp-content\/uploads\/2024\/04\/Philippe-Anstett-350x350.png 350w, https:\/\/www.envirofalk.com\/wp-content\/uploads\/2024\/04\/Philippe-Anstett-150x150.png 150w\" sizes=\"auto, (max-width: 500px) 100vw, 500px\" \/><\/span><\/div><\/div><\/div>[\/vc_column][\/vc_row][\/vc_section][vc_section][vc_row el_class=\u00a0\u00bbtablet-row vertical-center\u00a0\u00bb][vc_column css_animation=\u00a0\u00bbslideInLeft\u00a0\u00bb width=\u00a0\u00bb1\/2&Prime;][vc_column_text css=\u00a0\u00bb\u00a0\u00bb]<\/p>\n<h2>EnviroFALK, les experts pour vos installations de nanofiltration<\/h2>\n<p>Les personnes qui s&rsquo;adressent directement aux experts d&rsquo;EnviroFALK en mati\u00e8re de nanofiltration sont tr\u00e8s intelligentes. Pour vous aussi, nous concevons volontiers une installation de nanofiltration hautement efficace qui r\u00e9pond sur toute la ligne \u00e0 vos exigences individuelles.<\/p>\n<p>En tant que fabricant d&rsquo;installations de nanofiltration, c&rsquo;est l&rsquo;exigence que nous nous imposons &#8211; \u00eatre \u00e0 100 % \u00e0 la disposition de nos clients !<\/p>\n<p>Nous sommes \u00e9galement l&rsquo;interlocuteur id\u00e9al lorsqu&rsquo;il s&rsquo;agit de retenir <strong>toutes les substances dissoutes<\/strong>. Alors misez avec nous sur le proc\u00e9d\u00e9 suivant le plus raffin\u00e9, l&rsquo;<a class=\"chem_internallink\" title=\"Osmose inverse\" href=\"https:\/\/www.chemeurope.com\/fr\/\" target=\"_blank\" rel=\"noopener noreferrer nofollow\">osmose inverse<\/a>.<\/p>\n<p>Apr\u00e8s tout, nous voulons ce qu&rsquo;il y a de mieux pour votre traitement d&rsquo;eau de process ![\/vc_column_text][\/vc_column][vc_column css_animation=\u00a0\u00bbslideInRight\u00a0\u00bb width=\u00a0\u00bb1\/2&Prime;]<div class=\"bg-image img-box\" style=\"background-image: url(https:\/\/www.envirofalk.com\/wp-content\/uploads\/2023\/02\/bg-about.gif)\"><img loading=\"lazy\" decoding=\"async\" width=\"636\" height=\"350\" src=\"https:\/\/www.envirofalk.com\/wp-content\/uploads\/2023\/05\/Nanofiltrationsanlagen.png\" class=\"attachment-full size-full\" alt=\"Nanofiltrationsanlage\" srcset=\"https:\/\/www.envirofalk.com\/wp-content\/uploads\/2023\/05\/Nanofiltrationsanlagen.png 636w, https:\/\/www.envirofalk.com\/wp-content\/uploads\/2023\/05\/Nanofiltrationsanlagen-350x193.png 350w\" sizes=\"auto, (max-width: 636px) 100vw, 636px\" \/><\/div>[\/vc_column][\/vc_row][vc_row][vc_column][vc_tta_accordion section_title_tag=\u00a0\u00bbh5&Prime; c_icon=\u00a0\u00bbchevron\u00a0\u00bb c_position=\u00a0\u00bbright\u00a0\u00bb active_section=\u00a0\u00bb\u00a0\u00bb no_fill=\u00a0\u00bbtrue\u00a0\u00bb collapsible_all=\u00a0\u00bbtrue\u00a0\u00bb title=\u00a0\u00bbEn savoir plus sur la nanofiltration\u00a0\u00bb][vc_tta_section title=\u00a0\u00bbQu&rsquo;entend-on par installation de nanofiltration et quelle est sa fonction ?\u00a0\u00bb tab_id=\u00a0\u00bb1694684192118-7ec1d2fe-6e35&Prime;][vc_column_text]<strong>Les installations de nanofiltration sont utilis\u00e9es pour l&rsquo;adoucissement partiel et la r\u00e9duction de la turbidit\u00e9 et de la coloration des eaux de surface<\/strong>. La nanofiltration doit son nom \u00e0 sa <strong>capacit\u00e9 de r\u00e9tention,<\/strong> qui est d&rsquo;<strong>environ un nanom\u00e8tre<\/strong>.<\/p>\n<p>La nanofiltration est une technologie membranaire qui retient principalement les ions divalents, les mol\u00e9cules dissoutes et les petites particules. Elle est similaire \u00e0 l&rsquo;osmose inverse, tant dans sa conception que dans son fonctionnement.[\/vc_column_text][\/vc_tta_section][vc_tta_section title=\u00a0\u00bbQuelle est l&rsquo;efficacit\u00e9 des installations de nanofiltration ?\u00a0\u00bb tab_id=\u00a0\u00bb1694684192137-68f566a5-4d6a\u00a0\u00bb][vc_column_text]Les installations de nanofiltration sont souvent utilis\u00e9es pour <strong>r\u00e9cup\u00e9ration de solutions de nettoyage ou pour colorer l&rsquo;eau avec des colorants. La nanofiltration se distingue \u00e9galement dans la r\u00e9cup\u00e9ration des eaux us\u00e9es industrielles.<\/strong><\/p>\n<p>Vous souhaitez en savoir plus sur les syst\u00e8mes de nanofiltration EnviroFALK ? Un clic suffit <strong>Nanofiltration<\/strong>[\/vc_column_text][\/vc_tta_section][vc_tta_section title=\u00a0\u00bbEn mati\u00e8re de nanofiltration, vous souhaitez \u00eatre conseill\u00e9 par un expert ?\u00a0\u00bb tab_id=\u00a0\u00bb1694688113004-4453ec2a-e8a6&Prime;][vc_column_text]La <strong>nanofiltration<\/strong> (en abr\u00e9g\u00e9 <strong>NF<\/strong>) est une technologie membranaire qui retient principalement les ions divalents et les grosses mol\u00e9cules. Elle doit son nom \u00e0 sa capacit\u00e9 de r\u00e9tention, qui est d&rsquo;environ un nanom\u00e8tre. Elle est notamment utilis\u00e9e pour l&rsquo;adoucissement partiel et la r\u00e9duction de la turbidit\u00e9 et de la coloration des eaux de surface. De ce fait, elle convient parfaitement comme traitement en amont dans le cadre de la production d&rsquo;eau de process.<\/p>\n<p><strong>Pour en savoir plus sur nos installations de nanofiltration, contactez nos experts. Appelez-nous. Parce que nous sommes l\u00e0 pour vous !<\/strong><\/p>\n<p>[\/vc_column_text][\/vc_tta_section][\/vc_tta_accordion][\/vc_column][\/vc_row][\/vc_section]<\/p>\n<\/div>","protected":false},"excerpt":{"rendered":"<p>[vc_section][vc_row full_width=\u00a0\u00bbstretch_row_content_no_spaces\u00a0\u00bb][vc_column][\/vc_column][\/vc_row][vc_row el_class=\u00a0\u00bbbreadcrumbs-wrapper\u00a0\u00bb][vc_column][\/vc_column][\/vc_row][\/vc_section][vc_section][vc_row css_animation=\u00a0\u00bbslideInUp\u00a0\u00bb el_class=\u00a0\u00bbtwo-columns-row tablet-row\u00a0\u00bb][vc_column width=\u00a0\u00bb3\/4&Prime;][vc_custom_heading text=\u00a0\u00bbRetenir les ions, les mol\u00e9cules et les particules avec les syst\u00e8mes de nanofiltration EnviroFALK\u00a0\u00bb font_container=\u00a0\u00bbtag:h1|text_align:left\u00a0\u00bb use_theme_fonts=\u00a0\u00bbyes\u00a0\u00bb][vc_column_text]Vous avez besoin d&rsquo;une eau exempte d&rsquo;impuret\u00e9s telles que des bact\u00e9ries, des sels dissous, des pesticides et des prot\u00e9ines ? Vous souhaitez \u00e9liminer tout ou partie des ingr\u00e9dients ind\u00e9sirables ? Alors vous \u00eates [&hellip;]<\/p>\n","protected":false},"author":3,"featured_media":0,"parent":7520,"menu_order":6,"comment_status":"closed","ping_status":"closed","template":"","meta":{"_acf_changed":false,"rs_blank_template":"","rs_page_bg_color":"","slide_template_v7":"","footnotes":""},"class_list":["post-7615","page","type-page","status-publish","hentry"],"acf":[],"yoast_head":"<!-- This site is optimized with the Yoast SEO Premium plugin v27.5 (Yoast SEO v27.5) - https:\/\/yoast.com\/product\/yoast-seo-premium-wordpress\/ -->\n<title>Installations de nanofiltration &#8211; EnviroFALK<\/title>\n<meta name=\"description\" content=\"Les installations de nanofiltration vous garantissent une eau exempte d&#039;impuret\u00e9s telles que bact\u00e9ries, sels dissous, pesticides et prot\u00e9ines. Vous souhaitez \u00e9liminer tout ou partie des ingr\u00e9dients ind\u00e9sirables ? Alors vous \u00eates \u00e0 la bonne adresse avec nos installations de nanofiltration pour l&#039;adoucissement partiel et la r\u00e9duction de la turbidit\u00e9 et de la coloration des eaux de surface. En effet, les syst\u00e8mes de nanofiltration EnviroFALK permettent de retenir des particules de l&#039;ordre du nanom\u00e8tre !\" \/>\n<meta name=\"robots\" content=\"index, follow, max-snippet:-1, max-image-preview:large, max-video-preview:-1\" \/>\n<link rel=\"canonical\" href=\"https:\/\/www.envirofalk.com\/fr\/techniques-de-procedes-produits\/installations-de-nanofiltration\/\" \/>\n<meta property=\"og:locale\" content=\"fr_FR\" \/>\n<meta property=\"og:type\" content=\"article\" \/>\n<meta property=\"og:title\" content=\"Installations de nanofiltration\" \/>\n<meta property=\"og:description\" content=\"Les installations de nanofiltration vous garantissent une eau exempte d&#039;impuret\u00e9s telles que bact\u00e9ries, sels dissous, pesticides et prot\u00e9ines. Vous souhaitez \u00e9liminer tout ou partie des ingr\u00e9dients ind\u00e9sirables ? Alors vous \u00eates \u00e0 la bonne adresse avec nos installations de nanofiltration pour l&#039;adoucissement partiel et la r\u00e9duction de la turbidit\u00e9 et de la coloration des eaux de surface. En effet, les syst\u00e8mes de nanofiltration EnviroFALK permettent de retenir des particules de l&#039;ordre du nanom\u00e8tre !\" \/>\n<meta property=\"og:url\" content=\"https:\/\/www.envirofalk.com\/fr\/techniques-de-procedes-produits\/installations-de-nanofiltration\/\" \/>\n<meta property=\"og:site_name\" content=\"EnviroFALK\" \/>\n<meta property=\"article:publisher\" content=\"https:\/\/www.facebook.com\/envirofalk\" \/>\n<meta property=\"article:modified_time\" content=\"2026-02-04T08:53:58+00:00\" \/>\n<meta name=\"twitter:card\" content=\"summary_large_image\" \/>\n<meta name=\"twitter:label1\" content=\"Dur\u00e9e de lecture estim\u00e9e\" \/>\n\t<meta name=\"twitter:data1\" content=\"4 minutes\" \/>\n<script type=\"application\/ld+json\" class=\"yoast-schema-graph\">{\"@context\":\"https:\\\/\\\/schema.org\",\"@graph\":[{\"@type\":\"WebPage\",\"@id\":\"https:\\\/\\\/www.envirofalk.com\\\/fr\\\/techniques-de-procedes-produits\\\/installations-de-nanofiltration\\\/\",\"url\":\"https:\\\/\\\/www.envirofalk.com\\\/fr\\\/techniques-de-procedes-produits\\\/installations-de-nanofiltration\\\/\",\"name\":\"Installations de nanofiltration &#8211; EnviroFALK\",\"isPartOf\":{\"@id\":\"https:\\\/\\\/www.envirofalk.com\\\/fr\\\/#website\"},\"datePublished\":\"2024-01-24T09:54:05+00:00\",\"dateModified\":\"2026-02-04T08:53:58+00:00\",\"description\":\"Les installations de nanofiltration vous garantissent une eau exempte d'impuret\u00e9s telles que bact\u00e9ries, sels dissous, pesticides et prot\u00e9ines. Vous souhaitez \u00e9liminer tout ou partie des ingr\u00e9dients ind\u00e9sirables ? Alors vous \u00eates \u00e0 la bonne adresse avec nos installations de nanofiltration pour l'adoucissement partiel et la r\u00e9duction de la turbidit\u00e9 et de la coloration des eaux de surface. En effet, les syst\u00e8mes de nanofiltration EnviroFALK permettent de retenir des particules de l'ordre du nanom\u00e8tre !\",\"breadcrumb\":{\"@id\":\"https:\\\/\\\/www.envirofalk.com\\\/fr\\\/techniques-de-procedes-produits\\\/installations-de-nanofiltration\\\/#breadcrumb\"},\"inLanguage\":\"fr-FR\",\"potentialAction\":[{\"@type\":\"ReadAction\",\"target\":[\"https:\\\/\\\/www.envirofalk.com\\\/fr\\\/techniques-de-procedes-produits\\\/installations-de-nanofiltration\\\/\"]}]},{\"@type\":\"BreadcrumbList\",\"@id\":\"https:\\\/\\\/www.envirofalk.com\\\/fr\\\/techniques-de-procedes-produits\\\/installations-de-nanofiltration\\\/#breadcrumb\",\"itemListElement\":[{\"@type\":\"ListItem\",\"position\":1,\"name\":\"Home\",\"item\":\"https:\\\/\\\/www.envirofalk.com\\\/fr\\\/\"},{\"@type\":\"ListItem\",\"position\":2,\"name\":\"Techniques de proc\u00e9d\u00e9s &amp; produits\",\"item\":\"https:\\\/\\\/www.envirofalk.com\\\/fr\\\/techniques-de-procedes-produits\\\/\"},{\"@type\":\"ListItem\",\"position\":3,\"name\":\"Installations de nanofiltration\"}]},{\"@type\":\"WebSite\",\"@id\":\"https:\\\/\\\/www.envirofalk.com\\\/fr\\\/#website\",\"url\":\"https:\\\/\\\/www.envirofalk.com\\\/fr\\\/\",\"name\":\"EnviroFALK\",\"description\":\"Wasseraufbereitungsanlagen f\u00fcr Industrie, Gewerbe &amp; Labor\",\"publisher\":{\"@id\":\"https:\\\/\\\/www.envirofalk.com\\\/fr\\\/#organization\"},\"potentialAction\":[{\"@type\":\"SearchAction\",\"target\":{\"@type\":\"EntryPoint\",\"urlTemplate\":\"https:\\\/\\\/www.envirofalk.com\\\/fr\\\/?s={search_term_string}\"},\"query-input\":{\"@type\":\"PropertyValueSpecification\",\"valueRequired\":true,\"valueName\":\"search_term_string\"}}],\"inLanguage\":\"fr-FR\"},{\"@type\":\"Organization\",\"@id\":\"https:\\\/\\\/www.envirofalk.com\\\/fr\\\/#organization\",\"name\":\"EnviroFALK\",\"url\":\"https:\\\/\\\/www.envirofalk.com\\\/fr\\\/\",\"logo\":{\"@type\":\"ImageObject\",\"inLanguage\":\"fr-FR\",\"@id\":\"https:\\\/\\\/www.envirofalk.com\\\/fr\\\/#\\\/schema\\\/logo\\\/image\\\/\",\"url\":\"https:\\\/\\\/www.envirofalk.com\\\/wp-content\\\/uploads\\\/2023\\\/01\\\/logo.svg\",\"contentUrl\":\"https:\\\/\\\/www.envirofalk.com\\\/wp-content\\\/uploads\\\/2023\\\/01\\\/logo.svg\",\"caption\":\"EnviroFALK\"},\"image\":{\"@id\":\"https:\\\/\\\/www.envirofalk.com\\\/fr\\\/#\\\/schema\\\/logo\\\/image\\\/\"},\"sameAs\":[\"https:\\\/\\\/www.facebook.com\\\/envirofalk\",\"https:\\\/\\\/www.linkedin.com\\\/company\\\/envirofalk-gmbh\",\"https:\\\/\\\/www.youtube.com\\\/channel\\\/UCM1L-2K6cfBbP3aYgJGbVdA\"],\"description\":\"EnviroFALK Prozesswassertechnik ist Ihr Spezialist f\u00fcr ma\u00dfgeschneiderte Wasseraufbereitungsl\u00f6sungen in der Industrie. Wir bieten innovative Technologien f\u00fcr die Erzeugung und Aufbereitung von Prozesswasser, um h\u00f6chste Effizienz und Qualit\u00e4t in Ihren Produktionsprozessen zu gew\u00e4hrleisten. Mit jahrzehntelanger Erfahrung entwickeln wir nachhaltige und ressourcenschonende L\u00f6sungen, die exakt auf die Anforderungen unserer Kunden abgestimmt sind. Unsere Leistungen umfassen die Filtration, Enth\u00e4rtung, Entsalzung und R\u00fcckgewinnung von Wasser f\u00fcr verschiedenste Anwendungen \u2013 von der Metallverarbeitung bis zur Lebensmittelindustrie. Unsere Experten begleiten Sie von der Planung \u00fcber die Implementierung bis hin zum Service, um eine zuverl\u00e4ssige und wirtschaftliche Wasseraufbereitung sicherzustellen.\",\"email\":\"info@envirofalk.com\",\"telephone\":\"+49 2663 9908-0\",\"legalName\":\"EnviroFALK GmbH\",\"foundingDate\":\"1989-05-01\"}]}<\/script>\n<!-- \/ Yoast SEO Premium plugin. -->","yoast_head_json":{"title":"Installations de nanofiltration &#8211; EnviroFALK","description":"Les installations de nanofiltration vous garantissent une eau exempte d'impuret\u00e9s telles que bact\u00e9ries, sels dissous, pesticides et prot\u00e9ines. Vous souhaitez \u00e9liminer tout ou partie des ingr\u00e9dients ind\u00e9sirables ? Alors vous \u00eates \u00e0 la bonne adresse avec nos installations de nanofiltration pour l'adoucissement partiel et la r\u00e9duction de la turbidit\u00e9 et de la coloration des eaux de surface. En effet, les syst\u00e8mes de nanofiltration EnviroFALK permettent de retenir des particules de l'ordre du nanom\u00e8tre !","robots":{"index":"index","follow":"follow","max-snippet":"max-snippet:-1","max-image-preview":"max-image-preview:large","max-video-preview":"max-video-preview:-1"},"canonical":"https:\/\/www.envirofalk.com\/fr\/techniques-de-procedes-produits\/installations-de-nanofiltration\/","og_locale":"fr_FR","og_type":"article","og_title":"Installations de nanofiltration","og_description":"Les installations de nanofiltration vous garantissent une eau exempte d'impuret\u00e9s telles que bact\u00e9ries, sels dissous, pesticides et prot\u00e9ines. Vous souhaitez \u00e9liminer tout ou partie des ingr\u00e9dients ind\u00e9sirables ? Alors vous \u00eates \u00e0 la bonne adresse avec nos installations de nanofiltration pour l'adoucissement partiel et la r\u00e9duction de la turbidit\u00e9 et de la coloration des eaux de surface. En effet, les syst\u00e8mes de nanofiltration EnviroFALK permettent de retenir des particules de l'ordre du nanom\u00e8tre !","og_url":"https:\/\/www.envirofalk.com\/fr\/techniques-de-procedes-produits\/installations-de-nanofiltration\/","og_site_name":"EnviroFALK","article_publisher":"https:\/\/www.facebook.com\/envirofalk","article_modified_time":"2026-02-04T08:53:58+00:00","twitter_card":"summary_large_image","twitter_misc":{"Dur\u00e9e de lecture estim\u00e9e":"4 minutes"},"schema":{"@context":"https:\/\/schema.org","@graph":[{"@type":"WebPage","@id":"https:\/\/www.envirofalk.com\/fr\/techniques-de-procedes-produits\/installations-de-nanofiltration\/","url":"https:\/\/www.envirofalk.com\/fr\/techniques-de-procedes-produits\/installations-de-nanofiltration\/","name":"Installations de nanofiltration &#8211; EnviroFALK","isPartOf":{"@id":"https:\/\/www.envirofalk.com\/fr\/#website"},"datePublished":"2024-01-24T09:54:05+00:00","dateModified":"2026-02-04T08:53:58+00:00","description":"Les installations de nanofiltration vous garantissent une eau exempte d'impuret\u00e9s telles que bact\u00e9ries, sels dissous, pesticides et prot\u00e9ines. Vous souhaitez \u00e9liminer tout ou partie des ingr\u00e9dients ind\u00e9sirables ? Alors vous \u00eates \u00e0 la bonne adresse avec nos installations de nanofiltration pour l'adoucissement partiel et la r\u00e9duction de la turbidit\u00e9 et de la coloration des eaux de surface. En effet, les syst\u00e8mes de nanofiltration EnviroFALK permettent de retenir des particules de l'ordre du nanom\u00e8tre !","breadcrumb":{"@id":"https:\/\/www.envirofalk.com\/fr\/techniques-de-procedes-produits\/installations-de-nanofiltration\/#breadcrumb"},"inLanguage":"fr-FR","potentialAction":[{"@type":"ReadAction","target":["https:\/\/www.envirofalk.com\/fr\/techniques-de-procedes-produits\/installations-de-nanofiltration\/"]}]},{"@type":"BreadcrumbList","@id":"https:\/\/www.envirofalk.com\/fr\/techniques-de-procedes-produits\/installations-de-nanofiltration\/#breadcrumb","itemListElement":[{"@type":"ListItem","position":1,"name":"Home","item":"https:\/\/www.envirofalk.com\/fr\/"},{"@type":"ListItem","position":2,"name":"Techniques de proc\u00e9d\u00e9s &amp; produits","item":"https:\/\/www.envirofalk.com\/fr\/techniques-de-procedes-produits\/"},{"@type":"ListItem","position":3,"name":"Installations de nanofiltration"}]},{"@type":"WebSite","@id":"https:\/\/www.envirofalk.com\/fr\/#website","url":"https:\/\/www.envirofalk.com\/fr\/","name":"EnviroFALK","description":"Wasseraufbereitungsanlagen f\u00fcr Industrie, Gewerbe &amp; Labor","publisher":{"@id":"https:\/\/www.envirofalk.com\/fr\/#organization"},"potentialAction":[{"@type":"SearchAction","target":{"@type":"EntryPoint","urlTemplate":"https:\/\/www.envirofalk.com\/fr\/?s={search_term_string}"},"query-input":{"@type":"PropertyValueSpecification","valueRequired":true,"valueName":"search_term_string"}}],"inLanguage":"fr-FR"},{"@type":"Organization","@id":"https:\/\/www.envirofalk.com\/fr\/#organization","name":"EnviroFALK","url":"https:\/\/www.envirofalk.com\/fr\/","logo":{"@type":"ImageObject","inLanguage":"fr-FR","@id":"https:\/\/www.envirofalk.com\/fr\/#\/schema\/logo\/image\/","url":"https:\/\/www.envirofalk.com\/wp-content\/uploads\/2023\/01\/logo.svg","contentUrl":"https:\/\/www.envirofalk.com\/wp-content\/uploads\/2023\/01\/logo.svg","caption":"EnviroFALK"},"image":{"@id":"https:\/\/www.envirofalk.com\/fr\/#\/schema\/logo\/image\/"},"sameAs":["https:\/\/www.facebook.com\/envirofalk","https:\/\/www.linkedin.com\/company\/envirofalk-gmbh","https:\/\/www.youtube.com\/channel\/UCM1L-2K6cfBbP3aYgJGbVdA"],"description":"EnviroFALK Prozesswassertechnik ist Ihr Spezialist f\u00fcr ma\u00dfgeschneiderte Wasseraufbereitungsl\u00f6sungen in der Industrie. Wir bieten innovative Technologien f\u00fcr die Erzeugung und Aufbereitung von Prozesswasser, um h\u00f6chste Effizienz und Qualit\u00e4t in Ihren Produktionsprozessen zu gew\u00e4hrleisten. Mit jahrzehntelanger Erfahrung entwickeln wir nachhaltige und ressourcenschonende L\u00f6sungen, die exakt auf die Anforderungen unserer Kunden abgestimmt sind. Unsere Leistungen umfassen die Filtration, Enth\u00e4rtung, Entsalzung und R\u00fcckgewinnung von Wasser f\u00fcr verschiedenste Anwendungen \u2013 von der Metallverarbeitung bis zur Lebensmittelindustrie. Unsere Experten begleiten Sie von der Planung \u00fcber die Implementierung bis hin zum Service, um eine zuverl\u00e4ssige und wirtschaftliche Wasseraufbereitung sicherzustellen.","email":"info@envirofalk.com","telephone":"+49 2663 9908-0","legalName":"EnviroFALK GmbH","foundingDate":"1989-05-01"}]}},"_links":{"self":[{"href":"https:\/\/www.envirofalk.com\/fr\/wp-json\/wp\/v2\/pages\/7615","targetHints":{"allow":["GET"]}}],"collection":[{"href":"https:\/\/www.envirofalk.com\/fr\/wp-json\/wp\/v2\/pages"}],"about":[{"href":"https:\/\/www.envirofalk.com\/fr\/wp-json\/wp\/v2\/types\/page"}],"author":[{"embeddable":true,"href":"https:\/\/www.envirofalk.com\/fr\/wp-json\/wp\/v2\/users\/3"}],"replies":[{"embeddable":true,"href":"https:\/\/www.envirofalk.com\/fr\/wp-json\/wp\/v2\/comments?post=7615"}],"version-history":[{"count":10,"href":"https:\/\/www.envirofalk.com\/fr\/wp-json\/wp\/v2\/pages\/7615\/revisions"}],"predecessor-version":[{"id":26684,"href":"https:\/\/www.envirofalk.com\/fr\/wp-json\/wp\/v2\/pages\/7615\/revisions\/26684"}],"up":[{"embeddable":true,"href":"https:\/\/www.envirofalk.com\/fr\/wp-json\/wp\/v2\/pages\/7520"}],"wp:attachment":[{"href":"https:\/\/www.envirofalk.com\/fr\/wp-json\/wp\/v2\/media?parent=7615"}],"curies":[{"name":"wp","href":"https:\/\/api.w.org\/{rel}","templated":true}]}}