{"id":7587,"date":"2024-01-24T10:53:41","date_gmt":"2024-01-24T09:53:41","guid":{"rendered":"https:\/\/www.envirofalk.com\/service\/"},"modified":"2024-06-14T08:43:52","modified_gmt":"2024-06-14T06:43:52","slug":"service","status":"publish","type":"page","link":"https:\/\/www.envirofalk.com\/fr\/service\/","title":{"rendered":"Service"},"content":{"rendered":"<div class=\"wpb-content-wrapper\"><p>[vc_section][vc_row full_width=\u00a0\u00bbstretch_row_content_no_spaces\u00a0\u00bb][vc_column]<div class=\"custom-top-banner img-box   has-icon\" style=\"background-image: url(https:\/\/www.envirofalk.com\/wp-content\/uploads\/2023\/08\/Serviceteam_Wasseraufbereitung_Deutschland.jpg)\"><div class=\"container relative\"><div class=\"text-box\"><div class=\"slideInRight animated\"><img loading=\"lazy\" decoding=\"async\" width=\"1\" height=\"1\" src=\"https:\/\/www.envirofalk.com\/wp-content\/uploads\/2023\/05\/icon_service.svg\" class=\"attachment-120x120 size-120x120\" alt=\"Person mit Headset Icon\" \/><p>Votre traitement de l'eau m\u00e9rite un <strong>service<\/strong> de premi\u00e8re classe<\/p><\/div><\/div><\/div><\/div>[\/vc_column][\/vc_row][vc_row el_class=\u00a0\u00bbbreadcrumbs-wrapper\u00a0\u00bb][vc_column]<div class=\"breadcrumbs\"><label><\/label> <a href=\"https:\/\/www.envirofalk.com\/fr\/\">Home<\/a><\/div>[\/vc_column][\/vc_row][\/vc_section][vc_section][vc_row css_animation=\u00a0\u00bbslideInUp\u00a0\u00bb el_class=\u00a0\u00bbtablet-row\u00a0\u00bb][vc_column width=\u00a0\u00bb3\/4&Prime;][vc_custom_heading source=\u00a0\u00bbpost_title\u00a0\u00bb font_container=\u00a0\u00bbtag:h1|text_align:left\u00a0\u00bb use_theme_fonts=\u00a0\u00bbyes\u00a0\u00bb][vc_column_text]Vous avez opt\u00e9 pour une installation de traitement de l&rsquo;eau de premi\u00e8re qualit\u00e9. Un service de premi\u00e8re classe va donc de soi.<\/p>\n<p>Plus de 50 techniciens de service form\u00e9s sont quotidiennement \u00e0 votre service et montent, entretiennent ou r\u00e9parent les installations de traitement de l&rsquo;eau de tous les fabricants. L&rsquo;\u00e9quipe de service peut vous joindre tr\u00e8s rapidement depuis nos 9 sites au total, r\u00e9partis sur l&rsquo;ensemble du territoire allemand et en Suisse.<\/p>\n<p>Des trajets courts, cela signifie une s\u00e9curit\u00e9 maximale. Si jamais \u00e7a coince, nous sommes proches de vous et pouvons vous joindre dans les plus brefs d\u00e9lais. Toujours \u00e0 bord de notre flotte de service : toutes les pi\u00e8ces de rechange et les consommables courants.<\/p>\n<p><strong>Que pouvons-nous faire de plus pour vous ? D\u00e9couvrez notre offre de services de premier ordre :<\/strong>[\/vc_column_text][\/vc_column][vc_column width=\u00a0\u00bb1\/4&Prime;][\/vc_column][\/vc_row][vc_row][vc_column css_animation=\u00a0\u00bbfadeInUpBig\u00a0\u00bb]<div class=\"teaser-boxes wpb_content_element\"><div><a href=\"https:\/\/www.envirofalk.com\/fr\/service\/pieces-de-rechange-et-consommables\/\" target=\"_self\"><figure class=\"img-box \" style=\"background-image: url(https:\/\/www.envirofalk.com\/wp-content\/uploads\/2023\/10\/Header_Ersatzteile_Wasseraufbereitung.jpg)\"><\/figure><\/a><div class=\"text-box\"><img loading=\"lazy\" decoding=\"async\" width=\"1\" height=\"1\" src=\"https:\/\/www.envirofalk.com\/wp-content\/uploads\/2023\/08\/Individueller_Anlagenbau_2_Icon.svg\" class=\"attachment-120x120 size-120x120\" alt=\"Wasseraufbereitungsanlage Icon\" \/><h3 class=\"entry-title \"><a href=\"https:\/\/www.envirofalk.com\/fr\/service\/pieces-de-rechange-et-consommables\/\" target=\"_self\">Pi\u00e8ces de rechange et consommables<\/a><\/h3><div class=\"wpb_text_column\">Jour apr\u00e8s jour, une installation de traitement de l'eau est appel\u00e9e \u00e0 fournir des performances maximales. Pour une fonctionnalit\u00e9 totale, il est essentiel que tous les composants interagissent de mani\u00e8re optimale. Profitez des pi\u00e8ces de rechange et des consommables d'origine EnviroFALK de la meilleure qualit\u00e9 !<\/div><\/div><\/div><div><a href=\"https:\/\/www.envirofalk.com\/fr\/service\/assistance-en-direct-water-expert\/\" target=\"_self\"><figure class=\"img-box \" style=\"background-image: url(https:\/\/www.envirofalk.com\/wp-content\/uploads\/2023\/10\/Waterexpert_Smartglasses_Anwendung.jpg)\"><\/figure><\/a><div class=\"text-box\"><img loading=\"lazy\" decoding=\"async\" width=\"1\" height=\"1\" src=\"https:\/\/www.envirofalk.com\/wp-content\/uploads\/2023\/10\/Waterexpert_Router_Icon.svg\" class=\"attachment-120x120 size-120x120\" alt=\"Router Icon\" \/><h3 class=\"entry-title \"><a href=\"https:\/\/www.envirofalk.com\/fr\/service\/assistance-en-direct-water-expert\/\" target=\"_self\">Assistance en direct Water Expert<\/a><\/h3><div class=\"wpb_text_column\"> Notre WaterExpert est \u00e0 vos c\u00f4t\u00e9s pour assurer le suivi de vos installations de traitement de l'eau au plus haut niveau. Nous vous proposons une assistance en direct, des diagnostics rapides des installations, des propositions de solutions sur mesure et l'aide comp\u00e9tente de nos experts. <\/div><\/div><\/div><div><a href=\"https:\/\/www.envirofalk.com\/fr\/service\/montage-et-mise-en-service\/\" target=\"_self\"><figure class=\"img-box \" style=\"background-image: url(https:\/\/www.envirofalk.com\/wp-content\/uploads\/2023\/10\/2_EnviroFALK_Montage_Solebehaelter_ret-e9345705.webp)\"><\/figure><\/a><div class=\"text-box\"><img loading=\"lazy\" decoding=\"async\" width=\"1\" height=\"1\" src=\"https:\/\/www.envirofalk.com\/wp-content\/uploads\/2023\/05\/icon_serviceangebot.svg\" class=\"attachment-120x120 size-120x120\" alt=\"Zange mit Zahnrad\" \/><h3 class=\"entry-title \"><a href=\"https:\/\/www.envirofalk.com\/fr\/service\/montage-et-mise-en-service\/\" target=\"_self\">Montage et mise en service<\/a><\/h3><div class=\"wpb_text_column\">Notre \u00e9quipe de service, compos\u00e9e de plus de 50 techniciens de service sp\u00e9cialement form\u00e9s et r\u00e9partis sur des sites en Allemagne et en Suisse, s'occupe du montage et de la mise en service de vos installations de traitement de l'eau, y compris celles d'autres fabricants.<\/div><\/div><\/div><div><a href=\"https:\/\/www.envirofalk.com\/fr\/service\/gestion-globale-de-leau\/\" target=\"_self\"><figure class=\"img-box \" style=\"background-image: url(https:\/\/www.envirofalk.com\/wp-content\/uploads\/2023\/08\/Service_Aufbereitungsanlage.jpg)\"><\/figure><\/a><div class=\"text-box\"><img loading=\"lazy\" decoding=\"async\" width=\"1\" height=\"1\" src=\"https:\/\/www.envirofalk.com\/wp-content\/uploads\/2023\/05\/icon_serviceangebot.svg\" class=\"attachment-120x120 size-120x120\" alt=\"Zange mit Zahnrad\" \/><h3 class=\"entry-title \"><a href=\"https:\/\/www.envirofalk.com\/fr\/service\/gestion-globale-de-leau\/\" target=\"_self\">Gestion globale de l'eau<\/a><\/h3><div class=\"wpb_text_column\">EnviroFALK propose, sur demande, la gestion compl\u00e8te des installations de traitement et d'\u00e9puration de l'eau et des eaux us\u00e9es. Concentrez-vous simplement sur votre processus de production et nous nous chargeons de la gestion op\u00e9rationnelle des installations techniques de l'eau. <\/div><\/div><\/div><div><a href=\"https:\/\/www.envirofalk.com\/fr\/service\/traitement-de-leau-en-conteneur\/\" target=\"_self\"><figure class=\"img-box \" style=\"background-image: url(https:\/\/www.envirofalk.com\/wp-content\/uploads\/2023\/10\/EnviroFALK_Wasseraufbereitung_Container_Aktivkohle.webp)\"><\/figure><\/a><div class=\"text-box\"><img loading=\"lazy\" decoding=\"async\" width=\"1\" height=\"1\" src=\"https:\/\/www.envirofalk.com\/wp-content\/uploads\/2023\/08\/Wasseraufbereitung_Wasser_Kreislauffuehrung.svg\" class=\"attachment-120x120 size-120x120\" alt=\"Wassertropfen mit Recyclingzeichen Icon\" \/><h3 class=\"entry-title \"><a href=\"https:\/\/www.envirofalk.com\/fr\/service\/traitement-de-leau-en-conteneur\/\" target=\"_self\">Traitement de l'eau en conteneur<\/a><\/h3><div class=\"wpb_text_column\">Le traitement de l'eau int\u00e9gr\u00e9 au conteneur est souvent utilis\u00e9 pour produire de l'eau de process en cas d'urgence ou de pics de demande. En outre, la solution du conteneur est souvent utilis\u00e9e pour l'approvisionnement temporaire - par exemple lors de r\u00e9parations ou de r\u00e9novations d'installations.<\/div><\/div><\/div><div><a href=\"https:\/\/www.envirofalk.com\/fr\/techniques-de-procedes-produits\/traitement-de-leau-en-location\/\" target=\"_self\"><figure class=\"img-box \" style=\"background-image: url(https:\/\/www.envirofalk.com\/wp-content\/uploads\/2023\/05\/banner-branchen.jpg)\"><\/figure><\/a><div class=\"text-box\"><img loading=\"lazy\" decoding=\"async\" width=\"1\" height=\"1\" src=\"https:\/\/www.envirofalk.com\/wp-content\/uploads\/2023\/08\/Mietanlagen_Icon.svg\" class=\"attachment-120x120 size-120x120\" alt=\"Schild mit der Aufschrift Rent Icon\" \/><h3 class=\"entry-title \"><a href=\"https:\/\/www.envirofalk.com\/fr\/techniques-de-procedes-produits\/traitement-de-leau-en-location\/\" target=\"_self\">Traitement de l'eau en location<\/a><\/h3><div class=\"wpb_text_column\">EnviroFALK propose des installations de traitement de l'eau personnalis\u00e9es en location. Pour ce faire, nous disposons d'un vaste stock de modules d'installations les plus divers, qui nous permettent d'agir rapidement et de nous adapter de mani\u00e8re optimale aux conditions locales. <\/div><\/div><\/div><div><a href=\"https:\/\/www.envirofalk.com\/fr\/service\/appels-doffres\/\" target=\"_self\"><figure class=\"img-box \" style=\"background-image: url(https:\/\/www.envirofalk.com\/wp-content\/uploads\/2023\/09\/Wasserwissen.jpg)\"><\/figure><\/a><div class=\"text-box\"><img loading=\"lazy\" decoding=\"async\" width=\"1\" height=\"1\" src=\"https:\/\/www.envirofalk.com\/wp-content\/uploads\/2023\/08\/Wasservorbehandlung_2_Icon.svg\" class=\"attachment-120x120 size-120x120\" alt=\"Hand h\u00e4lt Wassertropfen Icon\" \/><h3 class=\"entry-title \"><a href=\"https:\/\/www.envirofalk.com\/fr\/service\/appels-doffres\/\" target=\"_self\">Soutien lors d'appels d'offres<\/a><\/h3><div class=\"wpb_text_column\">La base de notre succ\u00e8s r\u00e9side dans la pr\u00e9cision. Nous vous soutenons rapidement et de mani\u00e8re cibl\u00e9e en vous fournissant des cahiers des charges (CC) d\u00e9taill\u00e9s et exhaustifs, si vous le souhaitez au format GAEB. <\/div><\/div><\/div><div><a href=\"https:\/\/www.envirofalk.com\/fr\/service\/formation-pour-les-utilisateurs\/\" target=\"_self\"><figure class=\"img-box \" style=\"background-image: url(https:\/\/www.envirofalk.com\/wp-content\/uploads\/2023\/10\/Schulung.jpg)\"><\/figure><\/a><div class=\"text-box\"><img loading=\"lazy\" decoding=\"async\" width=\"1\" height=\"1\" src=\"https:\/\/www.envirofalk.com\/wp-content\/uploads\/2023\/05\/icon_kundenlosungen.svg\" class=\"attachment-120x120 size-120x120\" alt=\"Gl\u00fchbirne Icon\" \/><h3 class=\"entry-title \"><a href=\"https:\/\/www.envirofalk.com\/fr\/service\/formation-pour-les-utilisateurs\/\" target=\"_self\">Formation pour les utilisateurs<\/a><\/h3><div class=\"wpb_text_column\">La formation des op\u00e9rateurs fait bien entendu partie de notre offre de services. Contactez-nous et nous \u00e9laborerons ensemble un concept de formation et d'initiation pour vos collaborateurs \u00e0 l'utilisation de notre traitement de l'eau. <\/div><\/div><\/div><\/div>[\/vc_column][\/vc_row][\/vc_section]<\/p>\n<\/div>","protected":false},"excerpt":{"rendered":"<p>[vc_section][vc_row full_width=\u00a0\u00bbstretch_row_content_no_spaces\u00a0\u00bb][vc_column][\/vc_column][\/vc_row][vc_row el_class=\u00a0\u00bbbreadcrumbs-wrapper\u00a0\u00bb][vc_column][\/vc_column][\/vc_row][\/vc_section][vc_section][vc_row css_animation=\u00a0\u00bbslideInUp\u00a0\u00bb el_class=\u00a0\u00bbtablet-row\u00a0\u00bb][vc_column width=\u00a0\u00bb3\/4&Prime;][vc_custom_heading source=\u00a0\u00bbpost_title\u00a0\u00bb font_container=\u00a0\u00bbtag:h1|text_align:left\u00a0\u00bb use_theme_fonts=\u00a0\u00bbyes\u00a0\u00bb][vc_column_text]Vous avez opt\u00e9 pour une installation de traitement de l&rsquo;eau de premi\u00e8re qualit\u00e9. Un service de premi\u00e8re classe va donc de soi. Plus de 50 techniciens de service form\u00e9s sont quotidiennement \u00e0 votre service et montent, entretiennent ou r\u00e9parent les installations de traitement de l&rsquo;eau de tous [&hellip;]<\/p>\n","protected":false},"author":3,"featured_media":0,"parent":0,"menu_order":8,"comment_status":"closed","ping_status":"closed","template":"","meta":{"_acf_changed":false,"rs_blank_template":"","rs_page_bg_color":"","slide_template_v7":"","footnotes":""},"class_list":["post-7587","page","type-page","status-publish","hentry"],"acf":[],"yoast_head":"<!-- This site is optimized with the Yoast SEO Premium plugin v27.5 (Yoast SEO v27.5) - https:\/\/yoast.com\/product\/yoast-seo-premium-wordpress\/ -->\n<title>Service &#8211; EnviroFALK<\/title>\n<meta name=\"description\" content=\"Vous avez choisi un syst\u00e8me de traitement de l&#039;eau EnviroFALK de premi\u00e8re classe. Un service de premi\u00e8re classe va donc de soi.\" \/>\n<meta name=\"robots\" content=\"index, follow, max-snippet:-1, max-image-preview:large, max-video-preview:-1\" \/>\n<link rel=\"canonical\" href=\"https:\/\/www.envirofalk.com\/fr\/service\/\" \/>\n<meta property=\"og:locale\" content=\"fr_FR\" \/>\n<meta property=\"og:type\" content=\"article\" \/>\n<meta property=\"og:title\" content=\"Service\" \/>\n<meta property=\"og:description\" content=\"Vous avez choisi un syst\u00e8me de traitement de l&#039;eau EnviroFALK de premi\u00e8re classe. Un service de premi\u00e8re classe va donc de soi.\" \/>\n<meta property=\"og:url\" content=\"https:\/\/www.envirofalk.com\/fr\/service\/\" \/>\n<meta property=\"og:site_name\" content=\"EnviroFALK\" \/>\n<meta property=\"article:publisher\" content=\"https:\/\/www.facebook.com\/envirofalk\" \/>\n<meta property=\"article:modified_time\" content=\"2024-06-14T06:43:52+00:00\" \/>\n<meta name=\"twitter:card\" content=\"summary_large_image\" \/>\n<meta name=\"twitter:label1\" content=\"Dur\u00e9e de lecture estim\u00e9e\" \/>\n\t<meta name=\"twitter:data1\" content=\"2 minutes\" \/>\n<script type=\"application\/ld+json\" class=\"yoast-schema-graph\">{\"@context\":\"https:\\\/\\\/schema.org\",\"@graph\":[{\"@type\":\"WebPage\",\"@id\":\"https:\\\/\\\/www.envirofalk.com\\\/fr\\\/service\\\/\",\"url\":\"https:\\\/\\\/www.envirofalk.com\\\/fr\\\/service\\\/\",\"name\":\"Service &#8211; EnviroFALK\",\"isPartOf\":{\"@id\":\"https:\\\/\\\/www.envirofalk.com\\\/fr\\\/#website\"},\"datePublished\":\"2024-01-24T09:53:41+00:00\",\"dateModified\":\"2024-06-14T06:43:52+00:00\",\"description\":\"Vous avez choisi un syst\u00e8me de traitement de l'eau EnviroFALK de premi\u00e8re classe. Un service de premi\u00e8re classe va donc de soi.\",\"breadcrumb\":{\"@id\":\"https:\\\/\\\/www.envirofalk.com\\\/fr\\\/service\\\/#breadcrumb\"},\"inLanguage\":\"fr-FR\",\"potentialAction\":[{\"@type\":\"ReadAction\",\"target\":[\"https:\\\/\\\/www.envirofalk.com\\\/fr\\\/service\\\/\"]}]},{\"@type\":\"BreadcrumbList\",\"@id\":\"https:\\\/\\\/www.envirofalk.com\\\/fr\\\/service\\\/#breadcrumb\",\"itemListElement\":[{\"@type\":\"ListItem\",\"position\":1,\"name\":\"Home\",\"item\":\"https:\\\/\\\/www.envirofalk.com\\\/fr\\\/\"},{\"@type\":\"ListItem\",\"position\":2,\"name\":\"Service\"}]},{\"@type\":\"WebSite\",\"@id\":\"https:\\\/\\\/www.envirofalk.com\\\/fr\\\/#website\",\"url\":\"https:\\\/\\\/www.envirofalk.com\\\/fr\\\/\",\"name\":\"EnviroFALK\",\"description\":\"Wasseraufbereitungsanlagen f\u00fcr Industrie, Gewerbe &amp; Labor\",\"publisher\":{\"@id\":\"https:\\\/\\\/www.envirofalk.com\\\/fr\\\/#organization\"},\"potentialAction\":[{\"@type\":\"SearchAction\",\"target\":{\"@type\":\"EntryPoint\",\"urlTemplate\":\"https:\\\/\\\/www.envirofalk.com\\\/fr\\\/?s={search_term_string}\"},\"query-input\":{\"@type\":\"PropertyValueSpecification\",\"valueRequired\":true,\"valueName\":\"search_term_string\"}}],\"inLanguage\":\"fr-FR\"},{\"@type\":\"Organization\",\"@id\":\"https:\\\/\\\/www.envirofalk.com\\\/fr\\\/#organization\",\"name\":\"EnviroFALK\",\"url\":\"https:\\\/\\\/www.envirofalk.com\\\/fr\\\/\",\"logo\":{\"@type\":\"ImageObject\",\"inLanguage\":\"fr-FR\",\"@id\":\"https:\\\/\\\/www.envirofalk.com\\\/fr\\\/#\\\/schema\\\/logo\\\/image\\\/\",\"url\":\"https:\\\/\\\/www.envirofalk.com\\\/wp-content\\\/uploads\\\/2023\\\/01\\\/logo.svg\",\"contentUrl\":\"https:\\\/\\\/www.envirofalk.com\\\/wp-content\\\/uploads\\\/2023\\\/01\\\/logo.svg\",\"caption\":\"EnviroFALK\"},\"image\":{\"@id\":\"https:\\\/\\\/www.envirofalk.com\\\/fr\\\/#\\\/schema\\\/logo\\\/image\\\/\"},\"sameAs\":[\"https:\\\/\\\/www.facebook.com\\\/envirofalk\",\"https:\\\/\\\/www.linkedin.com\\\/company\\\/envirofalk-gmbh\",\"https:\\\/\\\/www.youtube.com\\\/channel\\\/UCM1L-2K6cfBbP3aYgJGbVdA\"],\"description\":\"EnviroFALK Prozesswassertechnik ist Ihr Spezialist f\u00fcr ma\u00dfgeschneiderte Wasseraufbereitungsl\u00f6sungen in der Industrie. Wir bieten innovative Technologien f\u00fcr die Erzeugung und Aufbereitung von Prozesswasser, um h\u00f6chste Effizienz und Qualit\u00e4t in Ihren Produktionsprozessen zu gew\u00e4hrleisten. Mit jahrzehntelanger Erfahrung entwickeln wir nachhaltige und ressourcenschonende L\u00f6sungen, die exakt auf die Anforderungen unserer Kunden abgestimmt sind. Unsere Leistungen umfassen die Filtration, Enth\u00e4rtung, Entsalzung und R\u00fcckgewinnung von Wasser f\u00fcr verschiedenste Anwendungen \u2013 von der Metallverarbeitung bis zur Lebensmittelindustrie. Unsere Experten begleiten Sie von der Planung \u00fcber die Implementierung bis hin zum Service, um eine zuverl\u00e4ssige und wirtschaftliche Wasseraufbereitung sicherzustellen.\",\"email\":\"info@envirofalk.com\",\"telephone\":\"+49 2663 9908-0\",\"legalName\":\"EnviroFALK GmbH\",\"foundingDate\":\"1989-05-01\"}]}<\/script>\n<!-- \/ Yoast SEO Premium plugin. -->","yoast_head_json":{"title":"Service &#8211; EnviroFALK","description":"Vous avez choisi un syst\u00e8me de traitement de l'eau EnviroFALK de premi\u00e8re classe. Un service de premi\u00e8re classe va donc de soi.","robots":{"index":"index","follow":"follow","max-snippet":"max-snippet:-1","max-image-preview":"max-image-preview:large","max-video-preview":"max-video-preview:-1"},"canonical":"https:\/\/www.envirofalk.com\/fr\/service\/","og_locale":"fr_FR","og_type":"article","og_title":"Service","og_description":"Vous avez choisi un syst\u00e8me de traitement de l'eau EnviroFALK de premi\u00e8re classe. Un service de premi\u00e8re classe va donc de soi.","og_url":"https:\/\/www.envirofalk.com\/fr\/service\/","og_site_name":"EnviroFALK","article_publisher":"https:\/\/www.facebook.com\/envirofalk","article_modified_time":"2024-06-14T06:43:52+00:00","twitter_card":"summary_large_image","twitter_misc":{"Dur\u00e9e de lecture estim\u00e9e":"2 minutes"},"schema":{"@context":"https:\/\/schema.org","@graph":[{"@type":"WebPage","@id":"https:\/\/www.envirofalk.com\/fr\/service\/","url":"https:\/\/www.envirofalk.com\/fr\/service\/","name":"Service &#8211; EnviroFALK","isPartOf":{"@id":"https:\/\/www.envirofalk.com\/fr\/#website"},"datePublished":"2024-01-24T09:53:41+00:00","dateModified":"2024-06-14T06:43:52+00:00","description":"Vous avez choisi un syst\u00e8me de traitement de l'eau EnviroFALK de premi\u00e8re classe. Un service de premi\u00e8re classe va donc de soi.","breadcrumb":{"@id":"https:\/\/www.envirofalk.com\/fr\/service\/#breadcrumb"},"inLanguage":"fr-FR","potentialAction":[{"@type":"ReadAction","target":["https:\/\/www.envirofalk.com\/fr\/service\/"]}]},{"@type":"BreadcrumbList","@id":"https:\/\/www.envirofalk.com\/fr\/service\/#breadcrumb","itemListElement":[{"@type":"ListItem","position":1,"name":"Home","item":"https:\/\/www.envirofalk.com\/fr\/"},{"@type":"ListItem","position":2,"name":"Service"}]},{"@type":"WebSite","@id":"https:\/\/www.envirofalk.com\/fr\/#website","url":"https:\/\/www.envirofalk.com\/fr\/","name":"EnviroFALK","description":"Wasseraufbereitungsanlagen f\u00fcr Industrie, Gewerbe &amp; Labor","publisher":{"@id":"https:\/\/www.envirofalk.com\/fr\/#organization"},"potentialAction":[{"@type":"SearchAction","target":{"@type":"EntryPoint","urlTemplate":"https:\/\/www.envirofalk.com\/fr\/?s={search_term_string}"},"query-input":{"@type":"PropertyValueSpecification","valueRequired":true,"valueName":"search_term_string"}}],"inLanguage":"fr-FR"},{"@type":"Organization","@id":"https:\/\/www.envirofalk.com\/fr\/#organization","name":"EnviroFALK","url":"https:\/\/www.envirofalk.com\/fr\/","logo":{"@type":"ImageObject","inLanguage":"fr-FR","@id":"https:\/\/www.envirofalk.com\/fr\/#\/schema\/logo\/image\/","url":"https:\/\/www.envirofalk.com\/wp-content\/uploads\/2023\/01\/logo.svg","contentUrl":"https:\/\/www.envirofalk.com\/wp-content\/uploads\/2023\/01\/logo.svg","caption":"EnviroFALK"},"image":{"@id":"https:\/\/www.envirofalk.com\/fr\/#\/schema\/logo\/image\/"},"sameAs":["https:\/\/www.facebook.com\/envirofalk","https:\/\/www.linkedin.com\/company\/envirofalk-gmbh","https:\/\/www.youtube.com\/channel\/UCM1L-2K6cfBbP3aYgJGbVdA"],"description":"EnviroFALK Prozesswassertechnik ist Ihr Spezialist f\u00fcr ma\u00dfgeschneiderte Wasseraufbereitungsl\u00f6sungen in der Industrie. Wir bieten innovative Technologien f\u00fcr die Erzeugung und Aufbereitung von Prozesswasser, um h\u00f6chste Effizienz und Qualit\u00e4t in Ihren Produktionsprozessen zu gew\u00e4hrleisten. Mit jahrzehntelanger Erfahrung entwickeln wir nachhaltige und ressourcenschonende L\u00f6sungen, die exakt auf die Anforderungen unserer Kunden abgestimmt sind. Unsere Leistungen umfassen die Filtration, Enth\u00e4rtung, Entsalzung und R\u00fcckgewinnung von Wasser f\u00fcr verschiedenste Anwendungen \u2013 von der Metallverarbeitung bis zur Lebensmittelindustrie. Unsere Experten begleiten Sie von der Planung \u00fcber die Implementierung bis hin zum Service, um eine zuverl\u00e4ssige und wirtschaftliche Wasseraufbereitung sicherzustellen.","email":"info@envirofalk.com","telephone":"+49 2663 9908-0","legalName":"EnviroFALK GmbH","foundingDate":"1989-05-01"}]}},"_links":{"self":[{"href":"https:\/\/www.envirofalk.com\/fr\/wp-json\/wp\/v2\/pages\/7587","targetHints":{"allow":["GET"]}}],"collection":[{"href":"https:\/\/www.envirofalk.com\/fr\/wp-json\/wp\/v2\/pages"}],"about":[{"href":"https:\/\/www.envirofalk.com\/fr\/wp-json\/wp\/v2\/types\/page"}],"author":[{"embeddable":true,"href":"https:\/\/www.envirofalk.com\/fr\/wp-json\/wp\/v2\/users\/3"}],"replies":[{"embeddable":true,"href":"https:\/\/www.envirofalk.com\/fr\/wp-json\/wp\/v2\/comments?post=7587"}],"version-history":[{"count":4,"href":"https:\/\/www.envirofalk.com\/fr\/wp-json\/wp\/v2\/pages\/7587\/revisions"}],"predecessor-version":[{"id":15723,"href":"https:\/\/www.envirofalk.com\/fr\/wp-json\/wp\/v2\/pages\/7587\/revisions\/15723"}],"wp:attachment":[{"href":"https:\/\/www.envirofalk.com\/fr\/wp-json\/wp\/v2\/media?parent=7587"}],"curies":[{"name":"wp","href":"https:\/\/api.w.org\/{rel}","templated":true}]}}