{"id":7520,"date":"2024-01-24T10:53:33","date_gmt":"2024-01-24T09:53:33","guid":{"rendered":"https:\/\/www.envirofalk.com\/techniques-de-procedes-produits\/"},"modified":"2024-06-13T10:04:49","modified_gmt":"2024-06-13T08:04:49","slug":"techniques-de-procedes-produits","status":"publish","type":"page","link":"https:\/\/www.envirofalk.com\/fr\/techniques-de-procedes-produits\/","title":{"rendered":"Techniques de proc\u00e9d\u00e9s &amp; produits"},"content":{"rendered":"<div class=\"wpb-content-wrapper\"><p>[vc_section][vc_row full_width=\u00a0\u00bbstretch_row_content_no_spaces\u00a0\u00bb][vc_column]<div class=\"custom-top-banner img-box   \" style=\"background-image: url(https:\/\/www.envirofalk.com\/wp-content\/uploads\/2023\/05\/banner-branchen.jpg)\"><div class=\"container relative\"><div class=\"text-box\"><\/div><\/div><\/div>[\/vc_column][\/vc_row][vc_row el_class=\u00a0\u00bbbreadcrumbs-wrapper\u00a0\u00bb][vc_column]<div class=\"breadcrumbs\"><label><\/label> <a href=\"https:\/\/www.envirofalk.com\/fr\/\">Home<\/a><\/div>[\/vc_column][\/vc_row][\/vc_section][vc_section][vc_row css_animation=\u00a0\u00bbslideInUp\u00a0\u00bb el_class=\u00a0\u00bbtwo-columns-row tablet-row\u00a0\u00bb][vc_column width=\u00a0\u00bb3\/4&Prime;][vc_custom_heading source=\u00a0\u00bbpost_title\u00a0\u00bb font_container=\u00a0\u00bbtag:h1|text_align:left\u00a0\u00bb use_theme_fonts=\u00a0\u00bbyes\u00a0\u00bb][vc_column_text]Qu&rsquo;il s&rsquo;agisse d&rsquo;une installation compacte ou d&rsquo;une installation de traitement de l&rsquo;eau individualis\u00e9e, d&rsquo;un espace limit\u00e9, d&rsquo;une installation en conteneur ou en location, d&rsquo;une tuyauterie sp\u00e9ciale, nous avons la solution parfaite. Chez EnviroFALK, vous \u00eates conseill\u00e9 par des experts qui connaissent parfaitement vos domaines d&rsquo;application sp\u00e9cifiques.[\/vc_column_text][\/vc_column][vc_column width=\u00a0\u00bb1\/4&Prime;][\/vc_column][\/vc_row][vc_row][vc_column css_animation=\u00a0\u00bbfadeInUpBig\u00a0\u00bb]<div class=\"teaser-boxes wpb_content_element\"><div><a href=\"https:\/\/www.envirofalk.com\/fr\/techniques-de-procedes-produits\/traitement-individuel-de-leau\/\" target=\"_self\"><figure class=\"img-box \" style=\"background-image: url(https:\/\/www.envirofalk.com\/wp-content\/uploads\/2023\/10\/Bild_2023-10-02_120023512.jpg)\"><\/figure><\/a><div class=\"text-box\"><img decoding=\"async\" width=\"1\" height=\"1\" src=\"https:\/\/www.envirofalk.com\/wp-content\/uploads\/2023\/08\/Wasservorbehandlung_2_Icon.svg\" class=\"attachment-120x120 size-120x120\" alt=\"Hand h\u00e4lt Wassertropfen Icon\" \/><h3 class=\"entry-title \"><a href=\"https:\/\/www.envirofalk.com\/fr\/techniques-de-procedes-produits\/traitement-individuel-de-leau\/\" target=\"_self\">Traitement individuel de l'eau<\/a><\/h3><div class=\"wpb_text_column\">Qu'il s'agisse d'un espace limit\u00e9, d'une tuyauterie sp\u00e9ciale, de solutions de num\u00e9risation et d'automatisation sp\u00e9cifiques, nos installations de traitement de l'eau sur mesure nous permettent de r\u00e9pondre \u00e0 des prescriptions d'usine aux multiples facettes. <\/div><\/div><\/div><div><a href=\"https:\/\/www.envirofalk.com\/fr\/techniques-de-procedes-produits\/technique-de-filtration\/\" target=\"_self\"><figure class=\"img-box \" style=\"background-image: url(https:\/\/www.envirofalk.com\/wp-content\/uploads\/2023\/12\/Filteranlage_EnviGreenFILL_Thumbnail.jpg)\"><\/figure><\/a><div class=\"text-box\"><img decoding=\"async\" width=\"1\" height=\"1\" src=\"https:\/\/www.envirofalk.com\/wp-content\/uploads\/2023\/08\/Filtertechnik_Icon.svg\" class=\"attachment-120x120 size-120x120\" alt=\"Wasserfilter Icon\" \/><h3 class=\"entry-title \"><a href=\"https:\/\/www.envirofalk.com\/fr\/techniques-de-procedes-produits\/technique-de-filtration\/\" target=\"_self\">Technique de filtration<\/a><\/h3><div class=\"wpb_text_column\">La qualit\u00e9 de l'eau pure commence ici : Nos syst\u00e8mes de filtration innovants et nos installations de filtration sous pression efficaces offrent des solutions sur mesure pour les exigences les plus \u00e9lev\u00e9es. <\/div><\/div><\/div><div><a href=\"https:\/\/www.envirofalk.com\/fr\/techniques-de-procedes-produits\/adoucisseurs-deau\/\" target=\"_self\"><figure class=\"img-box \" style=\"background-image: url(https:\/\/www.envirofalk.com\/wp-content\/uploads\/2023\/12\/Enthaertung_EnviGreenSOFT_Thumbnail.jpg)\"><\/figure><\/a><div class=\"text-box\"><img decoding=\"async\" width=\"1\" height=\"1\" src=\"https:\/\/www.envirofalk.com\/wp-content\/uploads\/2023\/08\/Wasservorbehandlung_3_Icon.svg\" class=\"attachment-120x120 size-120x120\" alt=\"Hand h\u00e4lt Wassertropfen Icon\" \/><h3 class=\"entry-title \"><a href=\"https:\/\/www.envirofalk.com\/fr\/techniques-de-procedes-produits\/adoucisseurs-deau\/\" target=\"_self\">Adoucisseurs d'eau<\/a><\/h3><div class=\"wpb_text_column\">L'eau dure est un facteur de dommage dans la production industrielle ? Nos adoucisseurs offrent la solution : compacts ou adapt\u00e9s individuellement, ils garantissent une protection optimale.<\/div><\/div><\/div><div><a href=\"https:\/\/www.envirofalk.com\/fr\/techniques-de-procedes-produits\/systemes-de-filtration-a-membrane\/\" target=\"_self\"><figure class=\"img-box \" style=\"background-image: url(https:\/\/www.envirofalk.com\/wp-content\/uploads\/2023\/12\/Membranfiltatrionsanlage_EnviGreenPURE_Thumbnail.jpg)\"><\/figure><\/a><div class=\"text-box\"><img decoding=\"async\" width=\"1\" height=\"1\" src=\"https:\/\/www.envirofalk.com\/wp-content\/uploads\/2023\/08\/Wasseraufbereitung_Umkehrosmose_Icon.svg\" class=\"attachment-120x120 size-120x120\" alt=\"\" \/><h3 class=\"entry-title \"><a href=\"https:\/\/www.envirofalk.com\/fr\/techniques-de-procedes-produits\/systemes-de-filtration-a-membrane\/\" target=\"_self\">Syst\u00e8mes de filtration \u00e0 membrane<\/a><\/h3><div class=\"wpb_text_column\">Dans un monde o\u00f9 la qualit\u00e9 de l'eau est cruciale, les syst\u00e8mes de filtration membranaire \u00e9tablissent de nouvelles normes. Cette technologie innovante permet d'\u00e9liminer de mani\u00e8re fiable les micro-organismes, les particules et les impuret\u00e9s pour garantir une eau pure. <\/div><\/div><\/div><div><a href=\"https:\/\/www.envirofalk.com\/fr\/techniques-de-procedes-produits\/technique-de-recyclage\/\" target=\"_self\"><figure class=\"img-box \" style=\"background-image: url(https:\/\/www.envirofalk.com\/wp-content\/uploads\/2023\/12\/Kreislaufanlage_EnviGreenPURE_Thumbnail.jpg)\"><\/figure><\/a><div class=\"text-box\"><img decoding=\"async\" width=\"1\" height=\"1\" src=\"https:\/\/www.envirofalk.com\/wp-content\/uploads\/2023\/08\/Wasseraufbereitung_Wasser_Kreislauffuehrung.svg\" class=\"attachment-120x120 size-120x120\" alt=\"Wassertropfen mit Recyclingzeichen Icon\" \/><h3 class=\"entry-title \"><a href=\"https:\/\/www.envirofalk.com\/fr\/techniques-de-procedes-produits\/technique-de-recyclage\/\" target=\"_self\">Technique de recyclage<\/a><\/h3><div class=\"wpb_text_column\">Faites un grand pas vers l'avenir avec votre entreprise et faites confiance aux syst\u00e8mes de recyclage d'eau pure et aux syst\u00e8mes de recyclage d'eau de rin\u00e7age d'EnviroFALK.<\/div><\/div><\/div><div><a href=\"https:\/\/www.envirofalk.com\/fr\/techniques-de-procedes-produits\/adoucisseurs-deau\/\" target=\"_self\"><figure class=\"img-box \" style=\"background-image: url(https:\/\/www.envirofalk.com\/wp-content\/uploads\/2023\/12\/Ionenaustauscher_EnviGreenLINE_Thumbnail.jpg)\"><\/figure><\/a><div class=\"text-box\"><img decoding=\"async\" width=\"1\" height=\"1\" src=\"https:\/\/www.envirofalk.com\/wp-content\/uploads\/2023\/08\/Wasseraufbereitung_Ionenaustauscher_Icon.svg\" class=\"attachment-120x120 size-120x120\" alt=\"\" \/><h3 class=\"entry-title \"><a href=\"https:\/\/www.envirofalk.com\/fr\/techniques-de-procedes-produits\/adoucisseurs-deau\/\" target=\"_self\">\u00c9changeur d'ions & r\u00e9g\u00e9n\u00e9ration<\/a><\/h3><div class=\"wpb_text_column\">Nos r\u00e9sines \u00e9changeuses d'ions, qui se trouvent \u00e0 l'int\u00e9rieur des cartouches et qui assurent la d\u00e9min\u00e9ralisation, sont aussi adapt\u00e9es que vos domaines d'application sont individuels.<\/div><\/div><\/div><div><a href=\"https:\/\/www.envirofalk.com\/fr\/techniques-de-procedes-produits\/systemes-deau-pure-et-ultrapure\/\" target=\"_self\"><figure class=\"img-box \" style=\"background-image: url(https:\/\/www.envirofalk.com\/wp-content\/uploads\/2023\/12\/Reinstwassersystem_EnviGreenPURE_Thumbnail.jpg)\"><\/figure><\/a><div class=\"text-box\"><img decoding=\"async\" width=\"1\" height=\"1\" src=\"https:\/\/www.envirofalk.com\/wp-content\/uploads\/2023\/08\/Wasseraufbereitung_Ionenaustauscher_Icon.svg\" class=\"attachment-120x120 size-120x120\" alt=\"\" \/><h3 class=\"entry-title \"><a href=\"https:\/\/www.envirofalk.com\/fr\/techniques-de-procedes-produits\/systemes-deau-pure-et-ultrapure\/\" target=\"_self\">Syst\u00e8mes d'eau pure et ultrapure<\/a><\/h3><div class=\"wpb_text_column\">Il existe de nombreux syst\u00e8mes d'eau pure et ultrapure pour le post-traitement de l'eau ultrapure en laboratoire. Mais aucun ne ressemble \u00e0 celui-ci. Tout \u00e0 fait selon notre slogan \"Utiliser l'eau intelligemment\".<\/div><\/div><\/div><div><a href=\"https:\/\/www.envirofalk.com\/fr\/techniques-de-procedes-produits\/adoucisseurs-deau\/\" target=\"_self\"><figure class=\"img-box \" style=\"background-image: url(https:\/\/www.envirofalk.com\/wp-content\/uploads\/2023\/12\/Desinfektion_EnviGreenPARTS_Thumbnail.jpg)\"><\/figure><\/a><div class=\"text-box\"><img decoding=\"async\" width=\"1\" height=\"1\" src=\"https:\/\/www.envirofalk.com\/wp-content\/uploads\/2023\/08\/Desinfektion_Icon.svg\" class=\"attachment-120x120 size-120x120\" alt=\"\" \/><h3 class=\"entry-title \"><a href=\"https:\/\/www.envirofalk.com\/fr\/techniques-de-procedes-produits\/adoucisseurs-deau\/\" target=\"_self\">D\u00e9sinfection <\/a><\/h3><div class=\"wpb_text_column\">Dans le traitement de l'eau, la d\u00e9sinfection par UV est largement utilis\u00e9e comme bact\u00e9ricide. La lumi\u00e8re UV d\u00e9truit l'ADN, les membranes cellulaires ainsi que les enzymes des micro-organismes en formant des radicaux libres dans l'eau. <\/div><\/div><\/div><div><a href=\"https:\/\/www.envirofalk.com\/fr\/techniques-de-procedes-produits\/installations-deau-pure-et-ultrapure\/\" target=\"_self\"><figure class=\"img-box \" style=\"background-image: url(https:\/\/www.envirofalk.com\/wp-content\/uploads\/2023\/05\/banner-energieerzeugung.jpg)\"><\/figure><\/a><div class=\"text-box\"><img decoding=\"async\" width=\"1\" height=\"1\" src=\"https:\/\/www.envirofalk.com\/wp-content\/uploads\/2023\/08\/Desinfektion_Icon.svg\" class=\"attachment-120x120 size-120x120\" alt=\"\" \/><h3 class=\"entry-title \"><a href=\"https:\/\/www.envirofalk.com\/fr\/techniques-de-procedes-produits\/installations-deau-pure-et-ultrapure\/\" target=\"_self\">Installations d'eau pure et ultrapure<\/a><\/h3><div class=\"wpb_text_column\">Les exigences pos\u00e9es \u00e0 la qualit\u00e9 de l'eau pure et ultrapure sont tr\u00e8s sp\u00e9cifiques. En effet, les propri\u00e9t\u00e9s de l'eau ont une influence directe sur la qualit\u00e9 des produits finis ou des applications qui en r\u00e9sultent.<\/div><\/div><\/div><\/div>[\/vc_column][\/vc_row][\/vc_section][vc_section el_class=\u00a0\u00bbimg-box\u00a0\u00bb css=\u00a0\u00bb.vc_custom_1683150271160{background-image: url(https:\/\/www.envirofalk.com\/wp-content\/uploads\/2023\/05\/banner-cta.png?id=184) !important;}\u00a0\u00bb][vc_row][vc_column css_animation=\u00a0\u00bbfadeInLeft\u00a0\u00bb]<div class=\"pos_default cta-wrapper wpb_content_element\"><div class=\"text-box\"><div class=\"relative\"><h2 class=\"entry-title\">Vous n'avez pas trouv\u00e9 ce que vous cherchiez ?<\/h2><p>Ensemble, nous trouverons une solution et d\u00e9velopperons pour vous l'installation de traitement de l'eau optimale. N'h\u00e9sitez pas \u00e0 vous laisser convaincre lors d'un entretien personnel !<\/p><a href=\"https:\/\/www.envirofalk.com\/fr\/contact\/\" target=\"_self\" class=\"custom-btn outline light reverse\">En savoir plus<i class=\"icon-chevron-right\"><\/i><\/a><\/div><\/div><figure class=\"img-box\" style=\"background-image: url(https:\/\/www.envirofalk.com\/wp-content\/uploads\/2023\/11\/Regenerationsservice.jpg)\"><\/figure><\/div>[\/vc_column][\/vc_row][\/vc_section]<\/p>\n<\/div>","protected":false},"excerpt":{"rendered":"<p>[vc_section][vc_row full_width=\u00a0\u00bbstretch_row_content_no_spaces\u00a0\u00bb][vc_column][\/vc_column][\/vc_row][vc_row el_class=\u00a0\u00bbbreadcrumbs-wrapper\u00a0\u00bb][vc_column][\/vc_column][\/vc_row][\/vc_section][vc_section][vc_row css_animation=\u00a0\u00bbslideInUp\u00a0\u00bb el_class=\u00a0\u00bbtwo-columns-row tablet-row\u00a0\u00bb][vc_column width=\u00a0\u00bb3\/4&Prime;][vc_custom_heading source=\u00a0\u00bbpost_title\u00a0\u00bb font_container=\u00a0\u00bbtag:h1|text_align:left\u00a0\u00bb use_theme_fonts=\u00a0\u00bbyes\u00a0\u00bb][vc_column_text]Qu&rsquo;il s&rsquo;agisse d&rsquo;une installation compacte ou d&rsquo;une installation de traitement de l&rsquo;eau individualis\u00e9e, d&rsquo;un espace limit\u00e9, d&rsquo;une installation en conteneur ou en location, d&rsquo;une tuyauterie sp\u00e9ciale, nous avons la solution parfaite. Chez EnviroFALK, vous \u00eates conseill\u00e9 par des experts qui connaissent parfaitement vos domaines d&rsquo;application sp\u00e9cifiques.[\/vc_column_text][\/vc_column][vc_column [&hellip;]<\/p>\n","protected":false},"author":3,"featured_media":20299,"parent":0,"menu_order":29,"comment_status":"closed","ping_status":"closed","template":"","meta":{"_acf_changed":false,"rs_blank_template":"","rs_page_bg_color":"","slide_template_v7":"","footnotes":""},"class_list":["post-7520","page","type-page","status-publish","has-post-thumbnail","hentry"],"acf":[],"yoast_head":"<!-- This site is optimized with the Yoast SEO Premium plugin v27.3 (Yoast SEO v27.3) - https:\/\/yoast.com\/product\/yoast-seo-premium-wordpress\/ -->\n<title>Techniques de proc\u00e9d\u00e9s &amp; produits &#8211; EnviroFALK<\/title>\n<meta name=\"description\" content=\"Qu&#039;il s&#039;agisse d&#039;une installation compacte ou d&#039;une installation de traitement de l&#039;eau personnalis\u00e9e, nous avons la solution parfaite pour votre eau de process.\" \/>\n<meta name=\"robots\" content=\"index, follow, max-snippet:-1, max-image-preview:large, max-video-preview:-1\" \/>\n<link rel=\"canonical\" href=\"https:\/\/www.envirofalk.com\/fr\/techniques-de-procedes-produits\/\" \/>\n<meta property=\"og:locale\" content=\"fr_FR\" \/>\n<meta property=\"og:type\" content=\"article\" \/>\n<meta property=\"og:title\" content=\"Techniques de proc\u00e9d\u00e9s &amp; produits\" \/>\n<meta property=\"og:description\" content=\"Qu&#039;il s&#039;agisse d&#039;une installation compacte ou d&#039;une installation de traitement de l&#039;eau personnalis\u00e9e, nous avons la solution parfaite pour votre eau de process.\" \/>\n<meta property=\"og:url\" content=\"https:\/\/www.envirofalk.com\/fr\/techniques-de-procedes-produits\/\" \/>\n<meta property=\"og:site_name\" content=\"EnviroFALK\" \/>\n<meta property=\"article:publisher\" content=\"https:\/\/www.facebook.com\/envirofalk\" \/>\n<meta property=\"article:modified_time\" content=\"2024-06-13T08:04:49+00:00\" \/>\n<meta name=\"twitter:card\" content=\"summary_large_image\" \/>\n<meta name=\"twitter:label1\" content=\"Dur\u00e9e de lecture estim\u00e9e\" \/>\n\t<meta name=\"twitter:data1\" content=\"1 minute\" \/>\n<script type=\"application\/ld+json\" class=\"yoast-schema-graph\">{\"@context\":\"https:\\\/\\\/schema.org\",\"@graph\":[{\"@type\":\"WebPage\",\"@id\":\"https:\\\/\\\/www.envirofalk.com\\\/fr\\\/techniques-de-procedes-produits\\\/\",\"url\":\"https:\\\/\\\/www.envirofalk.com\\\/fr\\\/techniques-de-procedes-produits\\\/\",\"name\":\"Techniques de proc\u00e9d\u00e9s &amp; produits &#8211; EnviroFALK\",\"isPartOf\":{\"@id\":\"https:\\\/\\\/www.envirofalk.com\\\/#website\"},\"primaryImageOfPage\":{\"@id\":\"https:\\\/\\\/www.envirofalk.com\\\/fr\\\/techniques-de-procedes-produits\\\/#primaryimage\"},\"image\":{\"@id\":\"https:\\\/\\\/www.envirofalk.com\\\/fr\\\/techniques-de-procedes-produits\\\/#primaryimage\"},\"thumbnailUrl\":\"https:\\\/\\\/www.envirofalk.com\\\/wp-content\\\/uploads\\\/2025\\\/04\\\/Anlagenverbund_Kompaktanlagen.webp\",\"datePublished\":\"2024-01-24T09:53:33+00:00\",\"dateModified\":\"2024-06-13T08:04:49+00:00\",\"description\":\"Qu'il s'agisse d'une installation compacte ou d'une installation de traitement de l'eau personnalis\u00e9e, nous avons la solution parfaite pour votre eau de process.\",\"breadcrumb\":{\"@id\":\"https:\\\/\\\/www.envirofalk.com\\\/fr\\\/techniques-de-procedes-produits\\\/#breadcrumb\"},\"inLanguage\":\"fr-FR\",\"potentialAction\":[{\"@type\":\"ReadAction\",\"target\":[\"https:\\\/\\\/www.envirofalk.com\\\/fr\\\/techniques-de-procedes-produits\\\/\"]}]},{\"@type\":\"ImageObject\",\"inLanguage\":\"fr-FR\",\"@id\":\"https:\\\/\\\/www.envirofalk.com\\\/fr\\\/techniques-de-procedes-produits\\\/#primaryimage\",\"url\":\"https:\\\/\\\/www.envirofalk.com\\\/wp-content\\\/uploads\\\/2025\\\/04\\\/Anlagenverbund_Kompaktanlagen.webp\",\"contentUrl\":\"https:\\\/\\\/www.envirofalk.com\\\/wp-content\\\/uploads\\\/2025\\\/04\\\/Anlagenverbund_Kompaktanlagen.webp\",\"width\":1843,\"height\":1037},{\"@type\":\"BreadcrumbList\",\"@id\":\"https:\\\/\\\/www.envirofalk.com\\\/fr\\\/techniques-de-procedes-produits\\\/#breadcrumb\",\"itemListElement\":[{\"@type\":\"ListItem\",\"position\":1,\"name\":\"Home\",\"item\":\"https:\\\/\\\/www.envirofalk.com\\\/fr\\\/\"},{\"@type\":\"ListItem\",\"position\":2,\"name\":\"Techniques de proc\u00e9d\u00e9s &amp; produits\"}]},{\"@type\":\"WebSite\",\"@id\":\"https:\\\/\\\/www.envirofalk.com\\\/#website\",\"url\":\"https:\\\/\\\/www.envirofalk.com\\\/\",\"name\":\"EnviroFALK\",\"description\":\"Wasseraufbereitungsanlagen f\u00fcr Industrie, Gewerbe &amp; Labor\",\"publisher\":{\"@id\":\"https:\\\/\\\/www.envirofalk.com\\\/#organization\"},\"potentialAction\":[{\"@type\":\"SearchAction\",\"target\":{\"@type\":\"EntryPoint\",\"urlTemplate\":\"https:\\\/\\\/www.envirofalk.com\\\/?s={search_term_string}\"},\"query-input\":{\"@type\":\"PropertyValueSpecification\",\"valueRequired\":true,\"valueName\":\"search_term_string\"}}],\"inLanguage\":\"fr-FR\"},{\"@type\":\"Organization\",\"@id\":\"https:\\\/\\\/www.envirofalk.com\\\/#organization\",\"name\":\"EnviroFALK\",\"url\":\"https:\\\/\\\/www.envirofalk.com\\\/\",\"logo\":{\"@type\":\"ImageObject\",\"inLanguage\":\"fr-FR\",\"@id\":\"https:\\\/\\\/www.envirofalk.com\\\/#\\\/schema\\\/logo\\\/image\\\/\",\"url\":\"https:\\\/\\\/www.envirofalk.com\\\/wp-content\\\/uploads\\\/2023\\\/01\\\/logo.svg\",\"contentUrl\":\"https:\\\/\\\/www.envirofalk.com\\\/wp-content\\\/uploads\\\/2023\\\/01\\\/logo.svg\",\"caption\":\"EnviroFALK\"},\"image\":{\"@id\":\"https:\\\/\\\/www.envirofalk.com\\\/#\\\/schema\\\/logo\\\/image\\\/\"},\"sameAs\":[\"https:\\\/\\\/www.facebook.com\\\/envirofalk\",\"https:\\\/\\\/www.linkedin.com\\\/company\\\/envirofalk-gmbh\",\"https:\\\/\\\/www.youtube.com\\\/channel\\\/UCM1L-2K6cfBbP3aYgJGbVdA\"],\"description\":\"EnviroFALK Prozesswassertechnik ist Ihr Spezialist f\u00fcr ma\u00dfgeschneiderte Wasseraufbereitungsl\u00f6sungen in der Industrie. Wir bieten innovative Technologien f\u00fcr die Erzeugung und Aufbereitung von Prozesswasser, um h\u00f6chste Effizienz und Qualit\u00e4t in Ihren Produktionsprozessen zu gew\u00e4hrleisten. Mit jahrzehntelanger Erfahrung entwickeln wir nachhaltige und ressourcenschonende L\u00f6sungen, die exakt auf die Anforderungen unserer Kunden abgestimmt sind. Unsere Leistungen umfassen die Filtration, Enth\u00e4rtung, Entsalzung und R\u00fcckgewinnung von Wasser f\u00fcr verschiedenste Anwendungen \u2013 von der Metallverarbeitung bis zur Lebensmittelindustrie. Unsere Experten begleiten Sie von der Planung \u00fcber die Implementierung bis hin zum Service, um eine zuverl\u00e4ssige und wirtschaftliche Wasseraufbereitung sicherzustellen.\",\"email\":\"info@envirofalk.com\",\"telephone\":\"+49 2663 9908-0\",\"legalName\":\"EnviroFALK GmbH\",\"foundingDate\":\"1989-05-01\"}]}<\/script>\n<!-- \/ Yoast SEO Premium plugin. -->","yoast_head_json":{"title":"Techniques de proc\u00e9d\u00e9s &amp; produits &#8211; EnviroFALK","description":"Qu'il s'agisse d'une installation compacte ou d'une installation de traitement de l'eau personnalis\u00e9e, nous avons la solution parfaite pour votre eau de process.","robots":{"index":"index","follow":"follow","max-snippet":"max-snippet:-1","max-image-preview":"max-image-preview:large","max-video-preview":"max-video-preview:-1"},"canonical":"https:\/\/www.envirofalk.com\/fr\/techniques-de-procedes-produits\/","og_locale":"fr_FR","og_type":"article","og_title":"Techniques de proc\u00e9d\u00e9s &amp; produits","og_description":"Qu'il s'agisse d'une installation compacte ou d'une installation de traitement de l'eau personnalis\u00e9e, nous avons la solution parfaite pour votre eau de process.","og_url":"https:\/\/www.envirofalk.com\/fr\/techniques-de-procedes-produits\/","og_site_name":"EnviroFALK","article_publisher":"https:\/\/www.facebook.com\/envirofalk","article_modified_time":"2024-06-13T08:04:49+00:00","twitter_card":"summary_large_image","twitter_misc":{"Dur\u00e9e de lecture estim\u00e9e":"1 minute"},"schema":{"@context":"https:\/\/schema.org","@graph":[{"@type":"WebPage","@id":"https:\/\/www.envirofalk.com\/fr\/techniques-de-procedes-produits\/","url":"https:\/\/www.envirofalk.com\/fr\/techniques-de-procedes-produits\/","name":"Techniques de proc\u00e9d\u00e9s &amp; produits &#8211; EnviroFALK","isPartOf":{"@id":"https:\/\/www.envirofalk.com\/#website"},"primaryImageOfPage":{"@id":"https:\/\/www.envirofalk.com\/fr\/techniques-de-procedes-produits\/#primaryimage"},"image":{"@id":"https:\/\/www.envirofalk.com\/fr\/techniques-de-procedes-produits\/#primaryimage"},"thumbnailUrl":"https:\/\/www.envirofalk.com\/wp-content\/uploads\/2025\/04\/Anlagenverbund_Kompaktanlagen.webp","datePublished":"2024-01-24T09:53:33+00:00","dateModified":"2024-06-13T08:04:49+00:00","description":"Qu'il s'agisse d'une installation compacte ou d'une installation de traitement de l'eau personnalis\u00e9e, nous avons la solution parfaite pour votre eau de process.","breadcrumb":{"@id":"https:\/\/www.envirofalk.com\/fr\/techniques-de-procedes-produits\/#breadcrumb"},"inLanguage":"fr-FR","potentialAction":[{"@type":"ReadAction","target":["https:\/\/www.envirofalk.com\/fr\/techniques-de-procedes-produits\/"]}]},{"@type":"ImageObject","inLanguage":"fr-FR","@id":"https:\/\/www.envirofalk.com\/fr\/techniques-de-procedes-produits\/#primaryimage","url":"https:\/\/www.envirofalk.com\/wp-content\/uploads\/2025\/04\/Anlagenverbund_Kompaktanlagen.webp","contentUrl":"https:\/\/www.envirofalk.com\/wp-content\/uploads\/2025\/04\/Anlagenverbund_Kompaktanlagen.webp","width":1843,"height":1037},{"@type":"BreadcrumbList","@id":"https:\/\/www.envirofalk.com\/fr\/techniques-de-procedes-produits\/#breadcrumb","itemListElement":[{"@type":"ListItem","position":1,"name":"Home","item":"https:\/\/www.envirofalk.com\/fr\/"},{"@type":"ListItem","position":2,"name":"Techniques de proc\u00e9d\u00e9s &amp; produits"}]},{"@type":"WebSite","@id":"https:\/\/www.envirofalk.com\/#website","url":"https:\/\/www.envirofalk.com\/","name":"EnviroFALK","description":"Wasseraufbereitungsanlagen f\u00fcr Industrie, Gewerbe &amp; Labor","publisher":{"@id":"https:\/\/www.envirofalk.com\/#organization"},"potentialAction":[{"@type":"SearchAction","target":{"@type":"EntryPoint","urlTemplate":"https:\/\/www.envirofalk.com\/?s={search_term_string}"},"query-input":{"@type":"PropertyValueSpecification","valueRequired":true,"valueName":"search_term_string"}}],"inLanguage":"fr-FR"},{"@type":"Organization","@id":"https:\/\/www.envirofalk.com\/#organization","name":"EnviroFALK","url":"https:\/\/www.envirofalk.com\/","logo":{"@type":"ImageObject","inLanguage":"fr-FR","@id":"https:\/\/www.envirofalk.com\/#\/schema\/logo\/image\/","url":"https:\/\/www.envirofalk.com\/wp-content\/uploads\/2023\/01\/logo.svg","contentUrl":"https:\/\/www.envirofalk.com\/wp-content\/uploads\/2023\/01\/logo.svg","caption":"EnviroFALK"},"image":{"@id":"https:\/\/www.envirofalk.com\/#\/schema\/logo\/image\/"},"sameAs":["https:\/\/www.facebook.com\/envirofalk","https:\/\/www.linkedin.com\/company\/envirofalk-gmbh","https:\/\/www.youtube.com\/channel\/UCM1L-2K6cfBbP3aYgJGbVdA"],"description":"EnviroFALK Prozesswassertechnik ist Ihr Spezialist f\u00fcr ma\u00dfgeschneiderte Wasseraufbereitungsl\u00f6sungen in der Industrie. Wir bieten innovative Technologien f\u00fcr die Erzeugung und Aufbereitung von Prozesswasser, um h\u00f6chste Effizienz und Qualit\u00e4t in Ihren Produktionsprozessen zu gew\u00e4hrleisten. Mit jahrzehntelanger Erfahrung entwickeln wir nachhaltige und ressourcenschonende L\u00f6sungen, die exakt auf die Anforderungen unserer Kunden abgestimmt sind. Unsere Leistungen umfassen die Filtration, Enth\u00e4rtung, Entsalzung und R\u00fcckgewinnung von Wasser f\u00fcr verschiedenste Anwendungen \u2013 von der Metallverarbeitung bis zur Lebensmittelindustrie. Unsere Experten begleiten Sie von der Planung \u00fcber die Implementierung bis hin zum Service, um eine zuverl\u00e4ssige und wirtschaftliche Wasseraufbereitung sicherzustellen.","email":"info@envirofalk.com","telephone":"+49 2663 9908-0","legalName":"EnviroFALK GmbH","foundingDate":"1989-05-01"}]}},"_links":{"self":[{"href":"https:\/\/www.envirofalk.com\/fr\/wp-json\/wp\/v2\/pages\/7520","targetHints":{"allow":["GET"]}}],"collection":[{"href":"https:\/\/www.envirofalk.com\/fr\/wp-json\/wp\/v2\/pages"}],"about":[{"href":"https:\/\/www.envirofalk.com\/fr\/wp-json\/wp\/v2\/types\/page"}],"author":[{"embeddable":true,"href":"https:\/\/www.envirofalk.com\/fr\/wp-json\/wp\/v2\/users\/3"}],"replies":[{"embeddable":true,"href":"https:\/\/www.envirofalk.com\/fr\/wp-json\/wp\/v2\/comments?post=7520"}],"version-history":[{"count":14,"href":"https:\/\/www.envirofalk.com\/fr\/wp-json\/wp\/v2\/pages\/7520\/revisions"}],"predecessor-version":[{"id":15650,"href":"https:\/\/www.envirofalk.com\/fr\/wp-json\/wp\/v2\/pages\/7520\/revisions\/15650"}],"wp:featuredmedia":[{"embeddable":true,"href":"https:\/\/www.envirofalk.com\/fr\/wp-json\/wp\/v2\/media\/20299"}],"wp:attachment":[{"href":"https:\/\/www.envirofalk.com\/fr\/wp-json\/wp\/v2\/media?parent=7520"}],"curies":[{"name":"wp","href":"https:\/\/api.w.org\/{rel}","templated":true}]}}