{"id":8818,"date":"2024-01-24T10:57:36","date_gmt":"2024-01-24T09:57:36","guid":{"rendered":"https:\/\/www.envirofalk.com\/our-locations\/envirofalk-gmbh-service-center-fuerth\/"},"modified":"2024-02-06T10:49:45","modified_gmt":"2024-02-06T09:49:45","slug":"envirofalk-gmbh-service-center-fuerth","status":"publish","type":"page","link":"https:\/\/www.envirofalk.com\/en\/the-company\/our-locations\/envirofalk-gmbh-service-center-fuerth\/","title":{"rendered":"EnviroFALK GmbH &#8211; Service center F\u00fcrth"},"content":{"rendered":"<div class=\"wpb-content-wrapper\"><p>[vc_section][vc_row full_width=&#8221;stretch_row_content_no_spaces&#8221;][vc_column]<div class=\"custom-top-banner img-box   has-icon\" style=\"background-image: url(https:\/\/www.envirofalk.com\/wp-content\/uploads\/2023\/11\/Montage-Inbetriebnahme-fb43c09b-1.webp)\"><div class=\"container relative\"><div class=\"text-box\"><div class=\"slideInRight animated\"><img loading=\"lazy\" decoding=\"async\" width=\"1\" height=\"1\" src=\"https:\/\/www.envirofalk.com\/wp-content\/uploads\/2023\/09\/Wasseraufbereitung_EnviroFALK_Logo.svg\" class=\"attachment-120x120 size-120x120\" alt=\"EnviroFALK-Logo Icon\" \/><p>Always close to you, our <strong>locations<\/strong><\/p><\/div><\/div><\/div><\/div>[\/vc_column][\/vc_row][vc_row el_class=&#8221;breadcrumbs-wrapper&#8221;][vc_column]<div class=\"breadcrumbs\"><label><\/label> <a href=\"https:\/\/www.envirofalk.com\/en\/\">Home<\/a><\/div>[\/vc_column][\/vc_row][\/vc_section][vc_section][vc_row full_height=&#8221;yes&#8221; css_animation=&#8221;slideInUp&#8221; el_class=&#8221;two-columns-row tablet-row align-top&#8221; el_id=&#8221;contact person&#8221;][vc_column width=&#8221;2\/3&#8243;][vc_custom_heading text=&#8221;EnviroFALK GmbH &#8211; Service center F\u00fcrth&#8221; font_container=&#8221;tag:h1|text_align:left&#8221; use_theme_fonts=&#8221;yes&#8221;][vc_column_text]Professional application advice, reliable timing, flawless work and proximity to our northern German customers: The best advice and service has many facets. After all, water treatment systems are not just about technology, but also about trust and reliability. This naturally includes the regeneration of ion exchanger cartridges &#8211; of all common brands &#8211; through the convenient pick-up and delivery service.[\/vc_column_text][vc_custom_heading text=&#8221;Our services&#8221; use_theme_fonts=&#8221;yes&#8221; css=&#8221;.vc_custom_1699281572125{padding-bottom: 30px !important;}&#8221;]<div class=\"quick-links default wpb_content_element\" data-background=\"\"><div class=\"flexbox\"><a href=\"https:\/\/envirofalk.com\/en\/ion-exchanger-regeneration\/\" target=\"_self\"><div class=\"icon lg\"><img decoding=\"async\" src=\"https:\/\/www.envirofalk.com\/wp-content\/uploads\/2023\/05\/icon_serviceangebot.svg\" class=\"attachment-full size-full\" alt=\"Zange mit Zahnrad\" \/><\/div><div><h4>Assembly and commissioning of your water treatment systems<\/h4><\/div><\/a><\/div><div class=\"flexbox\"><a href=\"https:\/\/envirofalk.com\/en\/service\/\" target=\"_self\"><div class=\"icon lg\"><img decoding=\"async\" src=\"https:\/\/www.envirofalk.com\/wp-content\/uploads\/2023\/05\/icon_service.svg\" class=\"attachment-full size-full\" alt=\"Person mit Headset Icon\" \/><\/div><div><h4>Service and maintenance<\/h4><\/div><\/a><\/div><\/div>[\/vc_column][vc_column width=&#8221;1\/3&#8243; el_class=&#8221;has-bg&#8221;][vc_column_text]<\/p>\n<div class=\"address\">\n<h3 style=\"text-align: center;\">EnviroFALK GmbH<br \/>\nService center F\u00fcrth<\/h3>\n<div class=\"address\">\n<div class=\"street\" style=\"text-align: center;\">Daimlerstrasse 8<\/div>\n<div class=\"city\" style=\"text-align: center;\">90766 F\u00fcrth<\/div>\n<\/div>\n<div class=\"phone\" style=\"text-align: center;\">Tel. <a href=\"tel:+49%202663%209908-702\">+49 2663 9908-702<\/a><\/div>\n<\/div>\n<p>[\/vc_column_text][vc_raw_html]W3dzX2RzZ3ZvX21hcHMgbmFtZT0iRnVlcnRoIl0=[\/vc_raw_html][\/vc_column][\/vc_row][\/vc_section][vc_section parallax=&#8221;content-moving&#8221; css=&#8221;.vc_custom_1699281713616{background-image: url(https:\/\/www.envirofalk.com\/wp-content\/uploads\/2023\/08\/Wasseraufbereitungsanlage_Reinigung_Oberflaechentechnik.jpg?id=498) !important;background-position: center !important;background-repeat: no-repeat !important;background-size: cover !important;}&#8221;][vc_row el_class=&#8221;tablet-row reverse vertical-center&#8221;][vc_column css_animation=&#8221;slideInRight&#8221; width=&#8221;1\/4&#8243;][\/vc_column][vc_column css_animation=&#8221;fadeInLeft&#8221; width=&#8221;3\/4&#8243; css=&#8221;.vc_custom_1697097162005{padding-top: 20px !important;padding-right: 20px !important;padding-bottom: 20px !important;padding-left: 20px !important;}&#8221; el_class=&#8221;has-bg&#8221;][vc_column_text el_class=&#8221;arrows-list&#8221;]<\/p>\n<h2>What makes our EnviroFALK service center in F\u00fcrth so unique:<\/h2>\n<ul>\n<li>Our EnviroFALK service center in F\u00fcrth takes care of the installation and commissioning of your water treatment systems.<\/li>\n<li>We only leave when your new water treatment system is running smoothly and, of course, we make sure that it stays that way.<\/li>\n<li>If things don&#8217;t work out as they should, we will be on site in no time at all.<\/li>\n<li>We also take care of the maintenance of water treatment systems that do not have the EnviroFALK logo.<\/li>\n<li>Precise fault diagnosis, optimum solution proposals and competent implementation: call us if you need technical support.<\/li>\n<\/ul>\n<p>[\/vc_column_text][\/vc_column][\/vc_row][\/vc_section][vc_section][\/vc_section]<\/p>\n<\/div>","protected":false},"excerpt":{"rendered":"<p>[vc_section][vc_row full_width=&#8221;stretch_row_content_no_spaces&#8221;][vc_column][\/vc_column][\/vc_row][vc_row el_class=&#8221;breadcrumbs-wrapper&#8221;][vc_column][\/vc_column][\/vc_row][\/vc_section][vc_section][vc_row full_height=&#8221;yes&#8221; css_animation=&#8221;slideInUp&#8221; el_class=&#8221;two-columns-row tablet-row align-top&#8221; el_id=&#8221;contact person&#8221;][vc_column width=&#8221;2\/3&#8243;][vc_custom_heading text=&#8221;EnviroFALK GmbH &#8211; Service center F\u00fcrth&#8221; font_container=&#8221;tag:h1|text_align:left&#8221; use_theme_fonts=&#8221;yes&#8221;][vc_column_text]Professional application advice, reliable timing, flawless work and proximity to our northern German customers: The best advice and service has many facets. After all, water treatment systems are not just about technology, but also about trust and [&hellip;]<\/p>\n","protected":false},"author":5,"featured_media":0,"parent":8008,"menu_order":4,"comment_status":"closed","ping_status":"closed","template":"","meta":{"_acf_changed":false,"rs_blank_template":"","rs_page_bg_color":"","slide_template_v7":"","footnotes":""},"class_list":["post-8818","page","type-page","status-publish","hentry"],"acf":[],"yoast_head":"<!-- This site is optimized with the Yoast SEO Premium plugin v27.5 (Yoast SEO v27.5) - https:\/\/yoast.com\/product\/yoast-seo-premium-wordpress\/ -->\n<title>EnviroFALK GmbH - Service center F\u00fcrth &#8211; EnviroFALK<\/title>\n<meta name=\"robots\" content=\"index, follow, max-snippet:-1, max-image-preview:large, max-video-preview:-1\" \/>\n<link rel=\"canonical\" href=\"https:\/\/www.envirofalk.com\/en\/the-company\/our-locations\/envirofalk-gmbh-service-center-fuerth\/\" \/>\n<meta property=\"og:locale\" content=\"en_US\" \/>\n<meta property=\"og:type\" content=\"article\" \/>\n<meta property=\"og:title\" content=\"EnviroFALK GmbH - Service center F\u00fcrth\" \/>\n<meta property=\"og:description\" content=\"[vc_section][vc_row full_width=&#8221;stretch_row_content_no_spaces&#8221;][vc_column][\/vc_column][\/vc_row][vc_row el_class=&#8221;breadcrumbs-wrapper&#8221;][vc_column][\/vc_column][\/vc_row][\/vc_section][vc_section][vc_row full_height=&#8221;yes&#8221; css_animation=&#8221;slideInUp&#8221; el_class=&#8221;two-columns-row tablet-row align-top&#8221; el_id=&#8221;contact person&#8221;][vc_column width=&#8221;2\/3&#8243;][vc_custom_heading text=&#8221;EnviroFALK GmbH &#8211; Service center F\u00fcrth&#8221; font_container=&#8221;tag:h1|text_align:left&#8221; use_theme_fonts=&#8221;yes&#8221;][vc_column_text]Professional application advice, reliable timing, flawless work and proximity to our northern German customers: The best advice and service has many facets. After all, water treatment systems are not just about technology, but also about trust and [&hellip;]\" \/>\n<meta property=\"og:url\" content=\"https:\/\/www.envirofalk.com\/en\/the-company\/our-locations\/envirofalk-gmbh-service-center-fuerth\/\" \/>\n<meta property=\"og:site_name\" content=\"EnviroFALK\" \/>\n<meta property=\"article:publisher\" content=\"https:\/\/www.facebook.com\/envirofalk\" \/>\n<meta property=\"article:modified_time\" content=\"2024-02-06T09:49:45+00:00\" \/>\n<meta name=\"twitter:card\" content=\"summary_large_image\" \/>\n<meta name=\"twitter:label1\" content=\"Est. reading time\" \/>\n\t<meta name=\"twitter:data1\" content=\"2 minutes\" \/>\n<script type=\"application\/ld+json\" class=\"yoast-schema-graph\">{\"@context\":\"https:\\\/\\\/schema.org\",\"@graph\":[{\"@type\":\"WebPage\",\"@id\":\"https:\\\/\\\/www.envirofalk.com\\\/en\\\/the-company\\\/our-locations\\\/envirofalk-gmbh-service-center-fuerth\\\/\",\"url\":\"https:\\\/\\\/www.envirofalk.com\\\/en\\\/the-company\\\/our-locations\\\/envirofalk-gmbh-service-center-fuerth\\\/\",\"name\":\"EnviroFALK GmbH - Service center F\u00fcrth &#8211; EnviroFALK\",\"isPartOf\":{\"@id\":\"https:\\\/\\\/www.envirofalk.com\\\/en\\\/#website\"},\"datePublished\":\"2024-01-24T09:57:36+00:00\",\"dateModified\":\"2024-02-06T09:49:45+00:00\",\"breadcrumb\":{\"@id\":\"https:\\\/\\\/www.envirofalk.com\\\/en\\\/the-company\\\/our-locations\\\/envirofalk-gmbh-service-center-fuerth\\\/#breadcrumb\"},\"inLanguage\":\"en-US\",\"potentialAction\":[{\"@type\":\"ReadAction\",\"target\":[\"https:\\\/\\\/www.envirofalk.com\\\/en\\\/the-company\\\/our-locations\\\/envirofalk-gmbh-service-center-fuerth\\\/\"]}]},{\"@type\":\"BreadcrumbList\",\"@id\":\"https:\\\/\\\/www.envirofalk.com\\\/en\\\/the-company\\\/our-locations\\\/envirofalk-gmbh-service-center-fuerth\\\/#breadcrumb\",\"itemListElement\":[{\"@type\":\"ListItem\",\"position\":1,\"name\":\"Home\",\"item\":\"https:\\\/\\\/www.envirofalk.com\\\/en\\\/\"},{\"@type\":\"ListItem\",\"position\":2,\"name\":\"The company\",\"item\":\"https:\\\/\\\/www.envirofalk.com\\\/en\\\/the-company\\\/\"},{\"@type\":\"ListItem\",\"position\":3,\"name\":\"Our locations\",\"item\":\"https:\\\/\\\/www.envirofalk.com\\\/en\\\/the-company\\\/our-locations\\\/\"},{\"@type\":\"ListItem\",\"position\":4,\"name\":\"EnviroFALK GmbH &#8211; Service center F\u00fcrth\"}]},{\"@type\":\"WebSite\",\"@id\":\"https:\\\/\\\/www.envirofalk.com\\\/en\\\/#website\",\"url\":\"https:\\\/\\\/www.envirofalk.com\\\/en\\\/\",\"name\":\"EnviroFALK\",\"description\":\"Water treatment systems for industry, trade &amp; laboratory\",\"publisher\":{\"@id\":\"https:\\\/\\\/www.envirofalk.com\\\/en\\\/#organization\"},\"potentialAction\":[{\"@type\":\"SearchAction\",\"target\":{\"@type\":\"EntryPoint\",\"urlTemplate\":\"https:\\\/\\\/www.envirofalk.com\\\/en\\\/?s={search_term_string}\"},\"query-input\":{\"@type\":\"PropertyValueSpecification\",\"valueRequired\":true,\"valueName\":\"search_term_string\"}}],\"inLanguage\":\"en-US\"},{\"@type\":\"Organization\",\"@id\":\"https:\\\/\\\/www.envirofalk.com\\\/en\\\/#organization\",\"name\":\"EnviroFALK\",\"url\":\"https:\\\/\\\/www.envirofalk.com\\\/en\\\/\",\"logo\":{\"@type\":\"ImageObject\",\"inLanguage\":\"en-US\",\"@id\":\"https:\\\/\\\/www.envirofalk.com\\\/en\\\/#\\\/schema\\\/logo\\\/image\\\/\",\"url\":\"https:\\\/\\\/www.envirofalk.com\\\/wp-content\\\/uploads\\\/2023\\\/01\\\/logo.svg\",\"contentUrl\":\"https:\\\/\\\/www.envirofalk.com\\\/wp-content\\\/uploads\\\/2023\\\/01\\\/logo.svg\",\"caption\":\"EnviroFALK\"},\"image\":{\"@id\":\"https:\\\/\\\/www.envirofalk.com\\\/en\\\/#\\\/schema\\\/logo\\\/image\\\/\"},\"sameAs\":[\"https:\\\/\\\/www.facebook.com\\\/envirofalk\",\"https:\\\/\\\/www.linkedin.com\\\/company\\\/envirofalk-gmbh\",\"https:\\\/\\\/www.youtube.com\\\/channel\\\/UCM1L-2K6cfBbP3aYgJGbVdA\"],\"description\":\"EnviroFALK Prozesswassertechnik ist Ihr Spezialist f\u00fcr ma\u00dfgeschneiderte Wasseraufbereitungsl\u00f6sungen in der Industrie. Wir bieten innovative Technologien f\u00fcr die Erzeugung und Aufbereitung von Prozesswasser, um h\u00f6chste Effizienz und Qualit\u00e4t in Ihren Produktionsprozessen zu gew\u00e4hrleisten. Mit jahrzehntelanger Erfahrung entwickeln wir nachhaltige und ressourcenschonende L\u00f6sungen, die exakt auf die Anforderungen unserer Kunden abgestimmt sind. Unsere Leistungen umfassen die Filtration, Enth\u00e4rtung, Entsalzung und R\u00fcckgewinnung von Wasser f\u00fcr verschiedenste Anwendungen \u2013 von der Metallverarbeitung bis zur Lebensmittelindustrie. Unsere Experten begleiten Sie von der Planung \u00fcber die Implementierung bis hin zum Service, um eine zuverl\u00e4ssige und wirtschaftliche Wasseraufbereitung sicherzustellen.\",\"email\":\"info@envirofalk.com\",\"telephone\":\"+49 2663 9908-0\",\"legalName\":\"EnviroFALK GmbH\",\"foundingDate\":\"1989-05-01\"}]}<\/script>\n<!-- \/ Yoast SEO Premium plugin. -->","yoast_head_json":{"title":"EnviroFALK GmbH - Service center F\u00fcrth &#8211; EnviroFALK","robots":{"index":"index","follow":"follow","max-snippet":"max-snippet:-1","max-image-preview":"max-image-preview:large","max-video-preview":"max-video-preview:-1"},"canonical":"https:\/\/www.envirofalk.com\/en\/the-company\/our-locations\/envirofalk-gmbh-service-center-fuerth\/","og_locale":"en_US","og_type":"article","og_title":"EnviroFALK GmbH - Service center F\u00fcrth","og_description":"[vc_section][vc_row full_width=&#8221;stretch_row_content_no_spaces&#8221;][vc_column][\/vc_column][\/vc_row][vc_row el_class=&#8221;breadcrumbs-wrapper&#8221;][vc_column][\/vc_column][\/vc_row][\/vc_section][vc_section][vc_row full_height=&#8221;yes&#8221; css_animation=&#8221;slideInUp&#8221; el_class=&#8221;two-columns-row tablet-row align-top&#8221; el_id=&#8221;contact person&#8221;][vc_column width=&#8221;2\/3&#8243;][vc_custom_heading text=&#8221;EnviroFALK GmbH &#8211; Service center F\u00fcrth&#8221; font_container=&#8221;tag:h1|text_align:left&#8221; use_theme_fonts=&#8221;yes&#8221;][vc_column_text]Professional application advice, reliable timing, flawless work and proximity to our northern German customers: The best advice and service has many facets. After all, water treatment systems are not just about technology, but also about trust and [&hellip;]","og_url":"https:\/\/www.envirofalk.com\/en\/the-company\/our-locations\/envirofalk-gmbh-service-center-fuerth\/","og_site_name":"EnviroFALK","article_publisher":"https:\/\/www.facebook.com\/envirofalk","article_modified_time":"2024-02-06T09:49:45+00:00","twitter_card":"summary_large_image","twitter_misc":{"Est. reading time":"2 minutes"},"schema":{"@context":"https:\/\/schema.org","@graph":[{"@type":"WebPage","@id":"https:\/\/www.envirofalk.com\/en\/the-company\/our-locations\/envirofalk-gmbh-service-center-fuerth\/","url":"https:\/\/www.envirofalk.com\/en\/the-company\/our-locations\/envirofalk-gmbh-service-center-fuerth\/","name":"EnviroFALK GmbH - Service center F\u00fcrth &#8211; EnviroFALK","isPartOf":{"@id":"https:\/\/www.envirofalk.com\/en\/#website"},"datePublished":"2024-01-24T09:57:36+00:00","dateModified":"2024-02-06T09:49:45+00:00","breadcrumb":{"@id":"https:\/\/www.envirofalk.com\/en\/the-company\/our-locations\/envirofalk-gmbh-service-center-fuerth\/#breadcrumb"},"inLanguage":"en-US","potentialAction":[{"@type":"ReadAction","target":["https:\/\/www.envirofalk.com\/en\/the-company\/our-locations\/envirofalk-gmbh-service-center-fuerth\/"]}]},{"@type":"BreadcrumbList","@id":"https:\/\/www.envirofalk.com\/en\/the-company\/our-locations\/envirofalk-gmbh-service-center-fuerth\/#breadcrumb","itemListElement":[{"@type":"ListItem","position":1,"name":"Home","item":"https:\/\/www.envirofalk.com\/en\/"},{"@type":"ListItem","position":2,"name":"The company","item":"https:\/\/www.envirofalk.com\/en\/the-company\/"},{"@type":"ListItem","position":3,"name":"Our locations","item":"https:\/\/www.envirofalk.com\/en\/the-company\/our-locations\/"},{"@type":"ListItem","position":4,"name":"EnviroFALK GmbH &#8211; Service center F\u00fcrth"}]},{"@type":"WebSite","@id":"https:\/\/www.envirofalk.com\/en\/#website","url":"https:\/\/www.envirofalk.com\/en\/","name":"EnviroFALK","description":"Water treatment systems for industry, trade &amp; laboratory","publisher":{"@id":"https:\/\/www.envirofalk.com\/en\/#organization"},"potentialAction":[{"@type":"SearchAction","target":{"@type":"EntryPoint","urlTemplate":"https:\/\/www.envirofalk.com\/en\/?s={search_term_string}"},"query-input":{"@type":"PropertyValueSpecification","valueRequired":true,"valueName":"search_term_string"}}],"inLanguage":"en-US"},{"@type":"Organization","@id":"https:\/\/www.envirofalk.com\/en\/#organization","name":"EnviroFALK","url":"https:\/\/www.envirofalk.com\/en\/","logo":{"@type":"ImageObject","inLanguage":"en-US","@id":"https:\/\/www.envirofalk.com\/en\/#\/schema\/logo\/image\/","url":"https:\/\/www.envirofalk.com\/wp-content\/uploads\/2023\/01\/logo.svg","contentUrl":"https:\/\/www.envirofalk.com\/wp-content\/uploads\/2023\/01\/logo.svg","caption":"EnviroFALK"},"image":{"@id":"https:\/\/www.envirofalk.com\/en\/#\/schema\/logo\/image\/"},"sameAs":["https:\/\/www.facebook.com\/envirofalk","https:\/\/www.linkedin.com\/company\/envirofalk-gmbh","https:\/\/www.youtube.com\/channel\/UCM1L-2K6cfBbP3aYgJGbVdA"],"description":"EnviroFALK Prozesswassertechnik ist Ihr Spezialist f\u00fcr ma\u00dfgeschneiderte Wasseraufbereitungsl\u00f6sungen in der Industrie. Wir bieten innovative Technologien f\u00fcr die Erzeugung und Aufbereitung von Prozesswasser, um h\u00f6chste Effizienz und Qualit\u00e4t in Ihren Produktionsprozessen zu gew\u00e4hrleisten. Mit jahrzehntelanger Erfahrung entwickeln wir nachhaltige und ressourcenschonende L\u00f6sungen, die exakt auf die Anforderungen unserer Kunden abgestimmt sind. Unsere Leistungen umfassen die Filtration, Enth\u00e4rtung, Entsalzung und R\u00fcckgewinnung von Wasser f\u00fcr verschiedenste Anwendungen \u2013 von der Metallverarbeitung bis zur Lebensmittelindustrie. Unsere Experten begleiten Sie von der Planung \u00fcber die Implementierung bis hin zum Service, um eine zuverl\u00e4ssige und wirtschaftliche Wasseraufbereitung sicherzustellen.","email":"info@envirofalk.com","telephone":"+49 2663 9908-0","legalName":"EnviroFALK GmbH","foundingDate":"1989-05-01"}]}},"_links":{"self":[{"href":"https:\/\/www.envirofalk.com\/en\/wp-json\/wp\/v2\/pages\/8818","targetHints":{"allow":["GET"]}}],"collection":[{"href":"https:\/\/www.envirofalk.com\/en\/wp-json\/wp\/v2\/pages"}],"about":[{"href":"https:\/\/www.envirofalk.com\/en\/wp-json\/wp\/v2\/types\/page"}],"author":[{"embeddable":true,"href":"https:\/\/www.envirofalk.com\/en\/wp-json\/wp\/v2\/users\/5"}],"replies":[{"embeddable":true,"href":"https:\/\/www.envirofalk.com\/en\/wp-json\/wp\/v2\/comments?post=8818"}],"version-history":[{"count":4,"href":"https:\/\/www.envirofalk.com\/en\/wp-json\/wp\/v2\/pages\/8818\/revisions"}],"predecessor-version":[{"id":11383,"href":"https:\/\/www.envirofalk.com\/en\/wp-json\/wp\/v2\/pages\/8818\/revisions\/11383"}],"up":[{"embeddable":true,"href":"https:\/\/www.envirofalk.com\/en\/wp-json\/wp\/v2\/pages\/8008"}],"wp:attachment":[{"href":"https:\/\/www.envirofalk.com\/en\/wp-json\/wp\/v2\/media?parent=8818"}],"curies":[{"name":"wp","href":"https:\/\/api.w.org\/{rel}","templated":true}]}}