{"id":8596,"date":"2024-01-24T10:57:25","date_gmt":"2024-01-24T09:57:25","guid":{"rendered":"https:\/\/www.envirofalk.com\/envirowater-group\/"},"modified":"2024-02-07T13:18:12","modified_gmt":"2024-02-07T12:18:12","slug":"envirowater-group","status":"publish","type":"page","link":"https:\/\/www.envirofalk.com\/en\/envirowater-group\/","title":{"rendered":"EnviroWater Group"},"content":{"rendered":"<div class=\"wpb-content-wrapper\"><p>[vc_section][vc_row full_width=&#8221;stretch_row_content_no_spaces&#8221;][vc_column]<div class=\"custom-top-banner img-box   has-icon\" style=\"background-image: url(https:\/\/www.envirofalk.com\/wp-content\/uploads\/2023\/08\/EnviroWaterGroup_Spezialistennetzwerk_Wasserbehandlung.jpg)\"><div class=\"container relative\"><div class=\"text-box\"><div class=\"slideInRight animated\"><img decoding=\"async\" width=\"1\" height=\"1\" src=\"https:\/\/www.envirofalk.com\/wp-content\/uploads\/2023\/09\/Wasseraufbereitung_EnviroWater_Logo.svg\" class=\"attachment-120x120 size-120x120\" alt=\"\" \/><p>EnviroFALK is a company of the <strong>EnviroWater Group<\/strong><\/p><\/div><\/div><\/div><\/div>[\/vc_column][\/vc_row][vc_row el_class=&#8221;breadcrumbs-wrapper&#8221;][vc_column]<div class=\"breadcrumbs\"><label><\/label> <a href=\"https:\/\/www.envirofalk.com\/en\/\">Home<\/a><\/div>[\/vc_column][\/vc_row][\/vc_section][vc_section css=&#8221;.vc_custom_1695821270556{margin-top: -20px !important;}&#8221;][vc_row el_class=&#8221;tablet-row vertical-center&#8221;][vc_column css_animation=&#8221;slideInLeft&#8221; width=&#8221;1\/2&#8243;][vc_custom_heading source=&#8221;post_title&#8221; font_container=&#8221;tag:h1|text_align:left&#8221; use_theme_fonts=&#8221;yes&#8221;][vc_column_text]<\/p>\n<h2>Competence that is unique!<\/h2>\n<p>[\/vc_column_text][vc_column_text]<\/p>\n<div class=\"ce_row row column first\">\n<p class=\"ce_headline \"><strong><span style=\"font-size: 16px;\">The EnviroWater Group combines the expertise of several companies to form a network of specialists for the treatment of industrial water, process water and wastewater.<\/span><\/strong><\/p>\n<\/div>\n<p>We provide you with solutions to supply water as efficiently and resource-friendly as possible in exactly the quality you need. We will show you how to make water safely available for your business and at the same time treat it with the least possible impact on the environment.[\/vc_column_text][\/vc_column][vc_column css_animation=&#8221;slideInRight&#8221; width=&#8221;1\/2&#8243;]<div class=\"bg-image img-box\" style=\"background-image: url(https:\/\/www.envirofalk.com\/wp-content\/uploads\/2023\/02\/bg-about.gif)\"><img decoding=\"async\" width=\"2268\" height=\"1701\" src=\"https:\/\/www.envirofalk.com\/wp-content\/uploads\/2023\/09\/Logo_EnviroWaterGroup.png\" class=\"attachment-full size-full\" alt=\"EnviroWATER Group Logo mit Kreis\" srcset=\"https:\/\/www.envirofalk.com\/wp-content\/uploads\/2023\/09\/Logo_EnviroWaterGroup.png 2268w, https:\/\/www.envirofalk.com\/wp-content\/uploads\/2023\/09\/Logo_EnviroWaterGroup-350x263.png 350w, https:\/\/www.envirofalk.com\/wp-content\/uploads\/2023\/09\/Logo_EnviroWaterGroup-1024x768.png 1024w, https:\/\/www.envirofalk.com\/wp-content\/uploads\/2023\/09\/Logo_EnviroWaterGroup-768x576.png 768w, https:\/\/www.envirofalk.com\/wp-content\/uploads\/2023\/09\/Logo_EnviroWaterGroup-1536x1152.png 1536w, https:\/\/www.envirofalk.com\/wp-content\/uploads\/2023\/09\/Logo_EnviroWaterGroup-2048x1536.png 2048w\" sizes=\"(max-width: 2268px) 100vw, 2268px\" \/><\/div>[\/vc_column][\/vc_row][\/vc_section][vc_section][vc_row][vc_column][vc_column_text]<\/p>\n<h2 style=\"text-align: center;\">Benefit from our network of specialists<\/h2>\n<p style=\"text-align: center;\">Together, we implement individual solutions for the treatment of fresh water, ultrapure water, process water, waste water and water recycling for the sustainable and efficient use of water for industry, commercial operations, swimming pools and spas.<\/p>\n<p>[\/vc_column_text][\/vc_column][\/vc_row][vc_row el_class=&#8221;tablet-row reverse vertical-center&#8221;][vc_column css_animation=&#8221;slideInLeft&#8221; width=&#8221;1\/3&#8243; el_class=&#8221;has-bg&#8221;][vc_single_image image=&#8221;1617&#8243; img_size=&#8221;full&#8221; alignment=&#8221;center&#8221; onclick=&#8221;custom_link&#8221; img_link_target=&#8221;_blank&#8221; link=&#8221;https:\/\/www.envirochemie.com\/de\/&#8221;][vc_column_text]System solutions Circulating water, cooling water, boiler water and waste water[\/vc_column_text]<div class=\"btn-wrapper wpb_content_element\"><a href=\"https:\/\/www.envirochemie.com\/en\/\" target=\"_blank\" class=\"custom-btn dark reverse \">To the website<i class=\"icon-chevron-right\"><\/i><\/a><\/div>[\/vc_column][vc_column css_animation=&#8221;slideInUp&#8221; width=&#8221;1\/3&#8243; el_class=&#8221;has-bg&#8221;][vc_single_image image=&#8221;1619&#8243; img_size=&#8221;full&#8221; alignment=&#8221;center&#8221;][vc_column_text]Process water for industry, hospitals and laboratories[\/vc_column_text]<div class=\"btn-wrapper wpb_content_element\"><a href=\"https:\/\/www.envirofalk.com\/en\/\" target=\"_blank\" class=\"custom-btn dark reverse \">To the website<i class=\"icon-chevron-right\"><\/i><\/a><\/div>[\/vc_column][vc_column css_animation=&#8221;slideInRight&#8221; width=&#8221;1\/3&#8243; el_class=&#8221;has-bg&#8221;][vc_single_image image=&#8221;1618&#8243; img_size=&#8221;full&#8221; alignment=&#8221;center&#8221; onclick=&#8221;custom_link&#8221; img_link_target=&#8221;_blank&#8221; link=&#8221;https:\/\/enviroprocess.com\/en&#8221;][vc_column_text]Water technology for swimming pools and spas[\/vc_column_text]<div class=\"btn-wrapper wpb_content_element\"><a href=\"https:\/\/enviroprocess.com\/en\" target=\"_blank\" class=\"custom-btn dark reverse \">To the website<i class=\"icon-chevron-right\"><\/i><\/a><\/div>[\/vc_column][\/vc_row][\/vc_section]<\/p>\n<\/div>","protected":false},"excerpt":{"rendered":"<p>[vc_section][vc_row full_width=&#8221;stretch_row_content_no_spaces&#8221;][vc_column][\/vc_column][\/vc_row][vc_row el_class=&#8221;breadcrumbs-wrapper&#8221;][vc_column][\/vc_column][\/vc_row][\/vc_section][vc_section css=&#8221;.vc_custom_1695821270556{margin-top: -20px !important;}&#8221;][vc_row el_class=&#8221;tablet-row vertical-center&#8221;][vc_column css_animation=&#8221;slideInLeft&#8221; width=&#8221;1\/2&#8243;][vc_custom_heading source=&#8221;post_title&#8221; font_container=&#8221;tag:h1|text_align:left&#8221; use_theme_fonts=&#8221;yes&#8221;][vc_column_text] Competence that is unique! [\/vc_column_text][vc_column_text] The EnviroWater Group combines the expertise of several companies to form a network of specialists for the treatment of industrial water, process water and wastewater. We provide you with solutions to supply water as efficiently and resource-friendly [&hellip;]<\/p>\n","protected":false},"author":3,"featured_media":0,"parent":0,"menu_order":18,"comment_status":"closed","ping_status":"closed","template":"","meta":{"_acf_changed":false,"rs_blank_template":"","rs_page_bg_color":"","slide_template_v7":"","footnotes":""},"class_list":["post-8596","page","type-page","status-publish","hentry"],"acf":[],"yoast_head":"<!-- This site is optimized with the Yoast SEO Premium plugin v27.3 (Yoast SEO v27.3) - https:\/\/yoast.com\/product\/yoast-seo-premium-wordpress\/ -->\n<title>EnviroWater Group &#8211; EnviroFALK<\/title>\n<meta name=\"description\" content=\"The EnviroWater Group unites several companies to form a network for the treatment of industrial water, process water and wastewater.\" \/>\n<meta name=\"robots\" content=\"index, follow, max-snippet:-1, max-image-preview:large, max-video-preview:-1\" \/>\n<link rel=\"canonical\" href=\"https:\/\/www.envirofalk.com\/en\/envirowater-group\/\" \/>\n<meta property=\"og:locale\" content=\"en_US\" \/>\n<meta property=\"og:type\" content=\"article\" \/>\n<meta property=\"og:title\" content=\"EnviroWater Group\" \/>\n<meta property=\"og:description\" content=\"The EnviroWater Group unites several companies to form a network for the treatment of industrial water, process water and wastewater.\" \/>\n<meta property=\"og:url\" content=\"https:\/\/www.envirofalk.com\/en\/envirowater-group\/\" \/>\n<meta property=\"og:site_name\" content=\"EnviroFALK\" \/>\n<meta property=\"article:publisher\" content=\"https:\/\/www.facebook.com\/envirofalk\" \/>\n<meta property=\"article:modified_time\" content=\"2024-02-07T12:18:12+00:00\" \/>\n<meta name=\"twitter:card\" content=\"summary_large_image\" \/>\n<meta name=\"twitter:label1\" content=\"Est. reading time\" \/>\n\t<meta name=\"twitter:data1\" content=\"3 minutes\" \/>\n<script type=\"application\/ld+json\" class=\"yoast-schema-graph\">{\"@context\":\"https:\\\/\\\/schema.org\",\"@graph\":[{\"@type\":\"WebPage\",\"@id\":\"https:\\\/\\\/www.envirofalk.com\\\/en\\\/envirowater-group\\\/\",\"url\":\"https:\\\/\\\/www.envirofalk.com\\\/en\\\/envirowater-group\\\/\",\"name\":\"EnviroWater Group &#8211; EnviroFALK\",\"isPartOf\":{\"@id\":\"https:\\\/\\\/www.envirofalk.com\\\/#website\"},\"datePublished\":\"2024-01-24T09:57:25+00:00\",\"dateModified\":\"2024-02-07T12:18:12+00:00\",\"description\":\"The EnviroWater Group unites several companies to form a network for the treatment of industrial water, process water and wastewater.\",\"breadcrumb\":{\"@id\":\"https:\\\/\\\/www.envirofalk.com\\\/en\\\/envirowater-group\\\/#breadcrumb\"},\"inLanguage\":\"en-US\",\"potentialAction\":[{\"@type\":\"ReadAction\",\"target\":[\"https:\\\/\\\/www.envirofalk.com\\\/en\\\/envirowater-group\\\/\"]}]},{\"@type\":\"BreadcrumbList\",\"@id\":\"https:\\\/\\\/www.envirofalk.com\\\/en\\\/envirowater-group\\\/#breadcrumb\",\"itemListElement\":[{\"@type\":\"ListItem\",\"position\":1,\"name\":\"Home\",\"item\":\"https:\\\/\\\/www.envirofalk.com\\\/en\\\/\"},{\"@type\":\"ListItem\",\"position\":2,\"name\":\"EnviroWater Group\"}]},{\"@type\":\"WebSite\",\"@id\":\"https:\\\/\\\/www.envirofalk.com\\\/#website\",\"url\":\"https:\\\/\\\/www.envirofalk.com\\\/\",\"name\":\"EnviroFALK\",\"description\":\"Water treatment systems for industry, trade &amp; laboratory\",\"publisher\":{\"@id\":\"https:\\\/\\\/www.envirofalk.com\\\/#organization\"},\"potentialAction\":[{\"@type\":\"SearchAction\",\"target\":{\"@type\":\"EntryPoint\",\"urlTemplate\":\"https:\\\/\\\/www.envirofalk.com\\\/?s={search_term_string}\"},\"query-input\":{\"@type\":\"PropertyValueSpecification\",\"valueRequired\":true,\"valueName\":\"search_term_string\"}}],\"inLanguage\":\"en-US\"},{\"@type\":\"Organization\",\"@id\":\"https:\\\/\\\/www.envirofalk.com\\\/#organization\",\"name\":\"EnviroFALK\",\"url\":\"https:\\\/\\\/www.envirofalk.com\\\/\",\"logo\":{\"@type\":\"ImageObject\",\"inLanguage\":\"en-US\",\"@id\":\"https:\\\/\\\/www.envirofalk.com\\\/#\\\/schema\\\/logo\\\/image\\\/\",\"url\":\"https:\\\/\\\/www.envirofalk.com\\\/wp-content\\\/uploads\\\/2023\\\/01\\\/logo.svg\",\"contentUrl\":\"https:\\\/\\\/www.envirofalk.com\\\/wp-content\\\/uploads\\\/2023\\\/01\\\/logo.svg\",\"caption\":\"EnviroFALK\"},\"image\":{\"@id\":\"https:\\\/\\\/www.envirofalk.com\\\/#\\\/schema\\\/logo\\\/image\\\/\"},\"sameAs\":[\"https:\\\/\\\/www.facebook.com\\\/envirofalk\",\"https:\\\/\\\/www.linkedin.com\\\/company\\\/envirofalk-gmbh\",\"https:\\\/\\\/www.youtube.com\\\/channel\\\/UCM1L-2K6cfBbP3aYgJGbVdA\"],\"description\":\"EnviroFALK Prozesswassertechnik ist Ihr Spezialist f\u00fcr ma\u00dfgeschneiderte Wasseraufbereitungsl\u00f6sungen in der Industrie. Wir bieten innovative Technologien f\u00fcr die Erzeugung und Aufbereitung von Prozesswasser, um h\u00f6chste Effizienz und Qualit\u00e4t in Ihren Produktionsprozessen zu gew\u00e4hrleisten. Mit jahrzehntelanger Erfahrung entwickeln wir nachhaltige und ressourcenschonende L\u00f6sungen, die exakt auf die Anforderungen unserer Kunden abgestimmt sind. Unsere Leistungen umfassen die Filtration, Enth\u00e4rtung, Entsalzung und R\u00fcckgewinnung von Wasser f\u00fcr verschiedenste Anwendungen \u2013 von der Metallverarbeitung bis zur Lebensmittelindustrie. Unsere Experten begleiten Sie von der Planung \u00fcber die Implementierung bis hin zum Service, um eine zuverl\u00e4ssige und wirtschaftliche Wasseraufbereitung sicherzustellen.\",\"email\":\"info@envirofalk.com\",\"telephone\":\"+49 2663 9908-0\",\"legalName\":\"EnviroFALK GmbH\",\"foundingDate\":\"1989-05-01\"}]}<\/script>\n<!-- \/ Yoast SEO Premium plugin. -->","yoast_head_json":{"title":"EnviroWater Group &#8211; EnviroFALK","description":"The EnviroWater Group unites several companies to form a network for the treatment of industrial water, process water and wastewater.","robots":{"index":"index","follow":"follow","max-snippet":"max-snippet:-1","max-image-preview":"max-image-preview:large","max-video-preview":"max-video-preview:-1"},"canonical":"https:\/\/www.envirofalk.com\/en\/envirowater-group\/","og_locale":"en_US","og_type":"article","og_title":"EnviroWater Group","og_description":"The EnviroWater Group unites several companies to form a network for the treatment of industrial water, process water and wastewater.","og_url":"https:\/\/www.envirofalk.com\/en\/envirowater-group\/","og_site_name":"EnviroFALK","article_publisher":"https:\/\/www.facebook.com\/envirofalk","article_modified_time":"2024-02-07T12:18:12+00:00","twitter_card":"summary_large_image","twitter_misc":{"Est. reading time":"3 minutes"},"schema":{"@context":"https:\/\/schema.org","@graph":[{"@type":"WebPage","@id":"https:\/\/www.envirofalk.com\/en\/envirowater-group\/","url":"https:\/\/www.envirofalk.com\/en\/envirowater-group\/","name":"EnviroWater Group &#8211; EnviroFALK","isPartOf":{"@id":"https:\/\/www.envirofalk.com\/#website"},"datePublished":"2024-01-24T09:57:25+00:00","dateModified":"2024-02-07T12:18:12+00:00","description":"The EnviroWater Group unites several companies to form a network for the treatment of industrial water, process water and wastewater.","breadcrumb":{"@id":"https:\/\/www.envirofalk.com\/en\/envirowater-group\/#breadcrumb"},"inLanguage":"en-US","potentialAction":[{"@type":"ReadAction","target":["https:\/\/www.envirofalk.com\/en\/envirowater-group\/"]}]},{"@type":"BreadcrumbList","@id":"https:\/\/www.envirofalk.com\/en\/envirowater-group\/#breadcrumb","itemListElement":[{"@type":"ListItem","position":1,"name":"Home","item":"https:\/\/www.envirofalk.com\/en\/"},{"@type":"ListItem","position":2,"name":"EnviroWater Group"}]},{"@type":"WebSite","@id":"https:\/\/www.envirofalk.com\/#website","url":"https:\/\/www.envirofalk.com\/","name":"EnviroFALK","description":"Water treatment systems for industry, trade &amp; laboratory","publisher":{"@id":"https:\/\/www.envirofalk.com\/#organization"},"potentialAction":[{"@type":"SearchAction","target":{"@type":"EntryPoint","urlTemplate":"https:\/\/www.envirofalk.com\/?s={search_term_string}"},"query-input":{"@type":"PropertyValueSpecification","valueRequired":true,"valueName":"search_term_string"}}],"inLanguage":"en-US"},{"@type":"Organization","@id":"https:\/\/www.envirofalk.com\/#organization","name":"EnviroFALK","url":"https:\/\/www.envirofalk.com\/","logo":{"@type":"ImageObject","inLanguage":"en-US","@id":"https:\/\/www.envirofalk.com\/#\/schema\/logo\/image\/","url":"https:\/\/www.envirofalk.com\/wp-content\/uploads\/2023\/01\/logo.svg","contentUrl":"https:\/\/www.envirofalk.com\/wp-content\/uploads\/2023\/01\/logo.svg","caption":"EnviroFALK"},"image":{"@id":"https:\/\/www.envirofalk.com\/#\/schema\/logo\/image\/"},"sameAs":["https:\/\/www.facebook.com\/envirofalk","https:\/\/www.linkedin.com\/company\/envirofalk-gmbh","https:\/\/www.youtube.com\/channel\/UCM1L-2K6cfBbP3aYgJGbVdA"],"description":"EnviroFALK Prozesswassertechnik ist Ihr Spezialist f\u00fcr ma\u00dfgeschneiderte Wasseraufbereitungsl\u00f6sungen in der Industrie. Wir bieten innovative Technologien f\u00fcr die Erzeugung und Aufbereitung von Prozesswasser, um h\u00f6chste Effizienz und Qualit\u00e4t in Ihren Produktionsprozessen zu gew\u00e4hrleisten. Mit jahrzehntelanger Erfahrung entwickeln wir nachhaltige und ressourcenschonende L\u00f6sungen, die exakt auf die Anforderungen unserer Kunden abgestimmt sind. Unsere Leistungen umfassen die Filtration, Enth\u00e4rtung, Entsalzung und R\u00fcckgewinnung von Wasser f\u00fcr verschiedenste Anwendungen \u2013 von der Metallverarbeitung bis zur Lebensmittelindustrie. Unsere Experten begleiten Sie von der Planung \u00fcber die Implementierung bis hin zum Service, um eine zuverl\u00e4ssige und wirtschaftliche Wasseraufbereitung sicherzustellen.","email":"info@envirofalk.com","telephone":"+49 2663 9908-0","legalName":"EnviroFALK GmbH","foundingDate":"1989-05-01"}]}},"_links":{"self":[{"href":"https:\/\/www.envirofalk.com\/en\/wp-json\/wp\/v2\/pages\/8596","targetHints":{"allow":["GET"]}}],"collection":[{"href":"https:\/\/www.envirofalk.com\/en\/wp-json\/wp\/v2\/pages"}],"about":[{"href":"https:\/\/www.envirofalk.com\/en\/wp-json\/wp\/v2\/types\/page"}],"author":[{"embeddable":true,"href":"https:\/\/www.envirofalk.com\/en\/wp-json\/wp\/v2\/users\/3"}],"replies":[{"embeddable":true,"href":"https:\/\/www.envirofalk.com\/en\/wp-json\/wp\/v2\/comments?post=8596"}],"version-history":[{"count":14,"href":"https:\/\/www.envirofalk.com\/en\/wp-json\/wp\/v2\/pages\/8596\/revisions"}],"predecessor-version":[{"id":11606,"href":"https:\/\/www.envirofalk.com\/en\/wp-json\/wp\/v2\/pages\/8596\/revisions\/11606"}],"wp:attachment":[{"href":"https:\/\/www.envirofalk.com\/en\/wp-json\/wp\/v2\/media?parent=8596"}],"curies":[{"name":"wp","href":"https:\/\/api.w.org\/{rel}","templated":true}]}}