{"id":8366,"date":"2024-01-24T10:57:08","date_gmt":"2024-01-24T09:57:08","guid":{"rendered":"https:\/\/www.envirofalk.com\/expert-knowledge-of-water-treatment\/cartridge-filter\/"},"modified":"2024-01-24T10:57:17","modified_gmt":"2024-01-24T09:57:17","slug":"cartridge-filter","status":"publish","type":"page","link":"https:\/\/www.envirofalk.com\/en\/expert-knowledge-of-water-treatment\/cartridge-filter\/","title":{"rendered":"Cartridge filter"},"content":{"rendered":"<div class=\"wpb-content-wrapper\"><p>[vc_section][vc_row full_width=&#8221;stretch_row_content_no_spaces&#8221;][vc_column]<div class=\"custom-top-banner img-box   has-icon\" style=\"background-image: url(https:\/\/www.envirofalk.com\/wp-content\/uploads\/2023\/08\/Pressemitteilungen_1920x640-fcfcc37a.webp)\"><div class=\"container relative\"><div class=\"text-box\"><div class=\"slideInRight animated\"><img loading=\"lazy\" decoding=\"async\" width=\"1\" height=\"1\" src=\"https:\/\/www.envirofalk.com\/wp-content\/uploads\/2023\/09\/Wasseraufbereitung_EnviroFALK_Logo.svg\" class=\"attachment-120x120 size-120x120\" alt=\"EnviroFALK-Logo Icon\" \/><p>Expertenwissen auf einen Blick<\/p><\/div><\/div><\/div><\/div>[\/vc_column][\/vc_row][vc_row el_class=&#8221;breadcrumbs-wrapper&#8221;][vc_column]<div class=\"breadcrumbs\"><label><\/label> <a href=\"https:\/\/www.envirofalk.com\/en\/\">Home<\/a><\/div>[\/vc_column][\/vc_row][\/vc_section][vc_section][vc_row css_animation=&#8221;slideInUp&#8221; el_class=&#8221;two-columns-row tablet-row&#8221;][vc_column width=&#8221;3\/4&#8243;][vc_custom_heading text=&#8221;Cartridge filter&#8221; font_container=&#8221;tag:h1|text_align:left&#8221; use_theme_fonts=&#8221;yes&#8221;][vc_column_text]<\/p>\n<h2>Cartridge filter. So that what doesn&#8217;t belong in goes out.<\/h2>\n<p>[\/vc_column_text][\/vc_column][vc_column width=&#8221;1\/4&#8243;]<div class=\"quick-links sm wpb_content_element\" data-background=\"#ebebeb\"><div class=\"flexbox\"><a href=\"#\" target=\"_self\"><div class=\"icon default\"><img decoding=\"async\" src=\"https:\/\/www.envirofalk.com\/wp-content\/uploads\/2023\/05\/icon_service.svg\" class=\"attachment-full size-full\" alt=\"Person mit Headset Icon\" \/><\/div><div><h6>Service<\/h6><\/div><\/a><\/div><div class=\"flexbox\"><a href=\"#\" target=\"_self\"><div class=\"icon default\"><img decoding=\"async\" src=\"https:\/\/www.envirofalk.com\/wp-content\/uploads\/2023\/05\/icon_messen-events.svg\" class=\"attachment-full size-full\" alt=\"\" \/><\/div><div><h6>Messen & Events<\/h6><\/div><\/a><\/div><div class=\"flexbox\"><a href=\"#\" target=\"_self\"><div class=\"icon default\"><img decoding=\"async\" src=\"https:\/\/www.envirofalk.com\/wp-content\/uploads\/2023\/05\/icon_downloads.svg\" class=\"attachment-full size-full\" alt=\"Blatt Papier mit Pfeil nach unten\" \/><\/div><div><h6>Downloads<\/h6><\/div><\/a><\/div><div class=\"flexbox\"><a href=\"#\" target=\"_self\"><div class=\"icon default\"><img decoding=\"async\" src=\"https:\/\/www.envirofalk.com\/wp-content\/uploads\/2023\/05\/icon_kundenlosungen.svg\" class=\"attachment-full size-full\" alt=\"Gl\u00fchbirne Icon\" \/><\/div><div><h6>Kundenlosungen<\/h6><\/div><\/a><\/div><\/div>[\/vc_column][\/vc_row][\/vc_section][vc_section][vc_row css_animation=&#8221;slideInUp&#8221; el_class=&#8221;two-columns-row tablet-row&#8221;][vc_column width=&#8221;1\/2&#8243; el_class=&#8221;arrows-list&#8221;][vc_column_text]<\/p>\n<div class=\"ce_text block\"><\/div>\n<div class=\"ce_text block\">\n<p><strong>Cartridge filters, also known as spin-on filters, object filters or fine filters, are protective filters that cannot be backwashed. Cartridge filters have the task of filtering impurities from the water, such as small solid particles, rust particles and grains of sand.<\/strong>  Cartridge filters are porous filter media. The impurities are retained in the labyrinth or on the surface of the coiled or thermally bonded fibers.<\/p>\n<p>Cartridge filters must be replaced regularly depending on the raw water quality. The cartridge filter consists of a filter housing and one or more cartridges inserted in it. The candles can have different structures. In addition to the so-called wound cartridge (depth filter), which consists of a wound thread made of synthetic or natural material, filter cartridges constructed as membrane filters (surface filters) are also available.<\/p>\n<p><strong>EnviroFALK cartridge filters are available<\/strong><\/p>\n<ul>\n<li>in various sizes<\/li>\n<li>Flow rates and material designs<\/li>\n<\/ul>\n<\/div>\n<p>[\/vc_column_text][\/vc_column][vc_column width=&#8221;1\/2&#8243;][vc_single_image image=&#8221;4996&#8243; img_size=&#8221;full&#8221;][vc_column_text]<\/p>\n<h6>EnviroFALK cartridge filter. Exemplary representation.<\/h6>\n<p>[\/vc_column_text][\/vc_column][\/vc_row][\/vc_section][vc_row][vc_column][\/vc_column][\/vc_row]<\/p>\n<\/div>","protected":false},"excerpt":{"rendered":"<p>[vc_section][vc_row full_width=&#8221;stretch_row_content_no_spaces&#8221;][vc_column][\/vc_column][\/vc_row][vc_row el_class=&#8221;breadcrumbs-wrapper&#8221;][vc_column][\/vc_column][\/vc_row][\/vc_section][vc_section][vc_row css_animation=&#8221;slideInUp&#8221; el_class=&#8221;two-columns-row tablet-row&#8221;][vc_column width=&#8221;3\/4&#8243;][vc_custom_heading text=&#8221;Cartridge filter&#8221; font_container=&#8221;tag:h1|text_align:left&#8221; use_theme_fonts=&#8221;yes&#8221;][vc_column_text] Cartridge filter. So that what doesn&#8217;t belong in goes out. [\/vc_column_text][\/vc_column][vc_column width=&#8221;1\/4&#8243;][\/vc_column][\/vc_row][\/vc_section][vc_section][vc_row css_animation=&#8221;slideInUp&#8221; el_class=&#8221;two-columns-row tablet-row&#8221;][vc_column width=&#8221;1\/2&#8243; el_class=&#8221;arrows-list&#8221;][vc_column_text] Cartridge filters, also known as spin-on filters, object filters or fine filters, are protective filters that cannot be backwashed. Cartridge filters have the task of filtering impurities [&hellip;]<\/p>\n","protected":false},"author":5,"featured_media":0,"parent":7950,"menu_order":16,"comment_status":"closed","ping_status":"closed","template":"","meta":{"_acf_changed":false,"rs_blank_template":"","rs_page_bg_color":"","slide_template_v7":"","footnotes":""},"class_list":["post-8366","page","type-page","status-publish","hentry"],"acf":[],"yoast_head":"<!-- This site is optimized with the Yoast SEO Premium plugin v27.4 (Yoast SEO v27.4) - https:\/\/yoast.com\/product\/yoast-seo-premium-wordpress\/ -->\n<title>Cartridge filter &#8211; EnviroFALK<\/title>\n<meta name=\"description\" content=\"Cartridge filters have the task of filtering impurities from the water, such as small solid particles, rust particles and grains of sand. Cartridge filters are porous filter media.\" \/>\n<meta name=\"robots\" content=\"index, follow, max-snippet:-1, max-image-preview:large, max-video-preview:-1\" \/>\n<link rel=\"canonical\" href=\"https:\/\/www.envirofalk.com\/en\/expert-knowledge-of-water-treatment\/cartridge-filter\/\" \/>\n<meta property=\"og:locale\" content=\"en_US\" \/>\n<meta property=\"og:type\" content=\"article\" \/>\n<meta property=\"og:title\" content=\"Cartridge filter\" \/>\n<meta property=\"og:description\" content=\"Cartridge filters have the task of filtering impurities from the water, such as small solid particles, rust particles and grains of sand. Cartridge filters are porous filter media.\" \/>\n<meta property=\"og:url\" content=\"https:\/\/www.envirofalk.com\/en\/expert-knowledge-of-water-treatment\/cartridge-filter\/\" \/>\n<meta property=\"og:site_name\" content=\"EnviroFALK\" \/>\n<meta property=\"article:publisher\" content=\"https:\/\/www.facebook.com\/envirofalk\" \/>\n<meta property=\"article:modified_time\" content=\"2024-01-24T09:57:17+00:00\" \/>\n<meta name=\"twitter:card\" content=\"summary_large_image\" \/>\n<meta name=\"twitter:label1\" content=\"Est. reading time\" \/>\n\t<meta name=\"twitter:data1\" content=\"2 minutes\" \/>\n<script type=\"application\/ld+json\" class=\"yoast-schema-graph\">{\"@context\":\"https:\\\/\\\/schema.org\",\"@graph\":[{\"@type\":\"WebPage\",\"@id\":\"https:\\\/\\\/www.envirofalk.com\\\/en\\\/expert-knowledge-of-water-treatment\\\/cartridge-filter\\\/\",\"url\":\"https:\\\/\\\/www.envirofalk.com\\\/en\\\/expert-knowledge-of-water-treatment\\\/cartridge-filter\\\/\",\"name\":\"Cartridge filter &#8211; EnviroFALK\",\"isPartOf\":{\"@id\":\"https:\\\/\\\/www.envirofalk.com\\\/en\\\/#website\"},\"datePublished\":\"2024-01-24T09:57:08+00:00\",\"dateModified\":\"2024-01-24T09:57:17+00:00\",\"description\":\"Cartridge filters have the task of filtering impurities from the water, such as small solid particles, rust particles and grains of sand. Cartridge filters are porous filter media.\",\"breadcrumb\":{\"@id\":\"https:\\\/\\\/www.envirofalk.com\\\/en\\\/expert-knowledge-of-water-treatment\\\/cartridge-filter\\\/#breadcrumb\"},\"inLanguage\":\"en-US\",\"potentialAction\":[{\"@type\":\"ReadAction\",\"target\":[\"https:\\\/\\\/www.envirofalk.com\\\/en\\\/expert-knowledge-of-water-treatment\\\/cartridge-filter\\\/\"]}]},{\"@type\":\"BreadcrumbList\",\"@id\":\"https:\\\/\\\/www.envirofalk.com\\\/en\\\/expert-knowledge-of-water-treatment\\\/cartridge-filter\\\/#breadcrumb\",\"itemListElement\":[{\"@type\":\"ListItem\",\"position\":1,\"name\":\"Home\",\"item\":\"https:\\\/\\\/www.envirofalk.com\\\/en\\\/\"},{\"@type\":\"ListItem\",\"position\":2,\"name\":\"Expert knowledge of water treatment\",\"item\":\"https:\\\/\\\/www.envirofalk.com\\\/en\\\/expert-knowledge-of-water-treatment\\\/\"},{\"@type\":\"ListItem\",\"position\":3,\"name\":\"Cartridge filter\"}]},{\"@type\":\"WebSite\",\"@id\":\"https:\\\/\\\/www.envirofalk.com\\\/en\\\/#website\",\"url\":\"https:\\\/\\\/www.envirofalk.com\\\/en\\\/\",\"name\":\"EnviroFALK\",\"description\":\"Water treatment systems for industry, trade &amp; laboratory\",\"publisher\":{\"@id\":\"https:\\\/\\\/www.envirofalk.com\\\/en\\\/#organization\"},\"potentialAction\":[{\"@type\":\"SearchAction\",\"target\":{\"@type\":\"EntryPoint\",\"urlTemplate\":\"https:\\\/\\\/www.envirofalk.com\\\/en\\\/?s={search_term_string}\"},\"query-input\":{\"@type\":\"PropertyValueSpecification\",\"valueRequired\":true,\"valueName\":\"search_term_string\"}}],\"inLanguage\":\"en-US\"},{\"@type\":\"Organization\",\"@id\":\"https:\\\/\\\/www.envirofalk.com\\\/en\\\/#organization\",\"name\":\"EnviroFALK\",\"url\":\"https:\\\/\\\/www.envirofalk.com\\\/en\\\/\",\"logo\":{\"@type\":\"ImageObject\",\"inLanguage\":\"en-US\",\"@id\":\"https:\\\/\\\/www.envirofalk.com\\\/en\\\/#\\\/schema\\\/logo\\\/image\\\/\",\"url\":\"https:\\\/\\\/www.envirofalk.com\\\/wp-content\\\/uploads\\\/2023\\\/01\\\/logo.svg\",\"contentUrl\":\"https:\\\/\\\/www.envirofalk.com\\\/wp-content\\\/uploads\\\/2023\\\/01\\\/logo.svg\",\"caption\":\"EnviroFALK\"},\"image\":{\"@id\":\"https:\\\/\\\/www.envirofalk.com\\\/en\\\/#\\\/schema\\\/logo\\\/image\\\/\"},\"sameAs\":[\"https:\\\/\\\/www.facebook.com\\\/envirofalk\",\"https:\\\/\\\/www.linkedin.com\\\/company\\\/envirofalk-gmbh\",\"https:\\\/\\\/www.youtube.com\\\/channel\\\/UCM1L-2K6cfBbP3aYgJGbVdA\"],\"description\":\"EnviroFALK Prozesswassertechnik ist Ihr Spezialist f\u00fcr ma\u00dfgeschneiderte Wasseraufbereitungsl\u00f6sungen in der Industrie. Wir bieten innovative Technologien f\u00fcr die Erzeugung und Aufbereitung von Prozesswasser, um h\u00f6chste Effizienz und Qualit\u00e4t in Ihren Produktionsprozessen zu gew\u00e4hrleisten. Mit jahrzehntelanger Erfahrung entwickeln wir nachhaltige und ressourcenschonende L\u00f6sungen, die exakt auf die Anforderungen unserer Kunden abgestimmt sind. Unsere Leistungen umfassen die Filtration, Enth\u00e4rtung, Entsalzung und R\u00fcckgewinnung von Wasser f\u00fcr verschiedenste Anwendungen \u2013 von der Metallverarbeitung bis zur Lebensmittelindustrie. Unsere Experten begleiten Sie von der Planung \u00fcber die Implementierung bis hin zum Service, um eine zuverl\u00e4ssige und wirtschaftliche Wasseraufbereitung sicherzustellen.\",\"email\":\"info@envirofalk.com\",\"telephone\":\"+49 2663 9908-0\",\"legalName\":\"EnviroFALK GmbH\",\"foundingDate\":\"1989-05-01\"}]}<\/script>\n<!-- \/ Yoast SEO Premium plugin. -->","yoast_head_json":{"title":"Cartridge filter &#8211; EnviroFALK","description":"Cartridge filters have the task of filtering impurities from the water, such as small solid particles, rust particles and grains of sand. Cartridge filters are porous filter media.","robots":{"index":"index","follow":"follow","max-snippet":"max-snippet:-1","max-image-preview":"max-image-preview:large","max-video-preview":"max-video-preview:-1"},"canonical":"https:\/\/www.envirofalk.com\/en\/expert-knowledge-of-water-treatment\/cartridge-filter\/","og_locale":"en_US","og_type":"article","og_title":"Cartridge filter","og_description":"Cartridge filters have the task of filtering impurities from the water, such as small solid particles, rust particles and grains of sand. Cartridge filters are porous filter media.","og_url":"https:\/\/www.envirofalk.com\/en\/expert-knowledge-of-water-treatment\/cartridge-filter\/","og_site_name":"EnviroFALK","article_publisher":"https:\/\/www.facebook.com\/envirofalk","article_modified_time":"2024-01-24T09:57:17+00:00","twitter_card":"summary_large_image","twitter_misc":{"Est. reading time":"2 minutes"},"schema":{"@context":"https:\/\/schema.org","@graph":[{"@type":"WebPage","@id":"https:\/\/www.envirofalk.com\/en\/expert-knowledge-of-water-treatment\/cartridge-filter\/","url":"https:\/\/www.envirofalk.com\/en\/expert-knowledge-of-water-treatment\/cartridge-filter\/","name":"Cartridge filter &#8211; EnviroFALK","isPartOf":{"@id":"https:\/\/www.envirofalk.com\/en\/#website"},"datePublished":"2024-01-24T09:57:08+00:00","dateModified":"2024-01-24T09:57:17+00:00","description":"Cartridge filters have the task of filtering impurities from the water, such as small solid particles, rust particles and grains of sand. Cartridge filters are porous filter media.","breadcrumb":{"@id":"https:\/\/www.envirofalk.com\/en\/expert-knowledge-of-water-treatment\/cartridge-filter\/#breadcrumb"},"inLanguage":"en-US","potentialAction":[{"@type":"ReadAction","target":["https:\/\/www.envirofalk.com\/en\/expert-knowledge-of-water-treatment\/cartridge-filter\/"]}]},{"@type":"BreadcrumbList","@id":"https:\/\/www.envirofalk.com\/en\/expert-knowledge-of-water-treatment\/cartridge-filter\/#breadcrumb","itemListElement":[{"@type":"ListItem","position":1,"name":"Home","item":"https:\/\/www.envirofalk.com\/en\/"},{"@type":"ListItem","position":2,"name":"Expert knowledge of water treatment","item":"https:\/\/www.envirofalk.com\/en\/expert-knowledge-of-water-treatment\/"},{"@type":"ListItem","position":3,"name":"Cartridge filter"}]},{"@type":"WebSite","@id":"https:\/\/www.envirofalk.com\/en\/#website","url":"https:\/\/www.envirofalk.com\/en\/","name":"EnviroFALK","description":"Water treatment systems for industry, trade &amp; laboratory","publisher":{"@id":"https:\/\/www.envirofalk.com\/en\/#organization"},"potentialAction":[{"@type":"SearchAction","target":{"@type":"EntryPoint","urlTemplate":"https:\/\/www.envirofalk.com\/en\/?s={search_term_string}"},"query-input":{"@type":"PropertyValueSpecification","valueRequired":true,"valueName":"search_term_string"}}],"inLanguage":"en-US"},{"@type":"Organization","@id":"https:\/\/www.envirofalk.com\/en\/#organization","name":"EnviroFALK","url":"https:\/\/www.envirofalk.com\/en\/","logo":{"@type":"ImageObject","inLanguage":"en-US","@id":"https:\/\/www.envirofalk.com\/en\/#\/schema\/logo\/image\/","url":"https:\/\/www.envirofalk.com\/wp-content\/uploads\/2023\/01\/logo.svg","contentUrl":"https:\/\/www.envirofalk.com\/wp-content\/uploads\/2023\/01\/logo.svg","caption":"EnviroFALK"},"image":{"@id":"https:\/\/www.envirofalk.com\/en\/#\/schema\/logo\/image\/"},"sameAs":["https:\/\/www.facebook.com\/envirofalk","https:\/\/www.linkedin.com\/company\/envirofalk-gmbh","https:\/\/www.youtube.com\/channel\/UCM1L-2K6cfBbP3aYgJGbVdA"],"description":"EnviroFALK Prozesswassertechnik ist Ihr Spezialist f\u00fcr ma\u00dfgeschneiderte Wasseraufbereitungsl\u00f6sungen in der Industrie. Wir bieten innovative Technologien f\u00fcr die Erzeugung und Aufbereitung von Prozesswasser, um h\u00f6chste Effizienz und Qualit\u00e4t in Ihren Produktionsprozessen zu gew\u00e4hrleisten. Mit jahrzehntelanger Erfahrung entwickeln wir nachhaltige und ressourcenschonende L\u00f6sungen, die exakt auf die Anforderungen unserer Kunden abgestimmt sind. Unsere Leistungen umfassen die Filtration, Enth\u00e4rtung, Entsalzung und R\u00fcckgewinnung von Wasser f\u00fcr verschiedenste Anwendungen \u2013 von der Metallverarbeitung bis zur Lebensmittelindustrie. Unsere Experten begleiten Sie von der Planung \u00fcber die Implementierung bis hin zum Service, um eine zuverl\u00e4ssige und wirtschaftliche Wasseraufbereitung sicherzustellen.","email":"info@envirofalk.com","telephone":"+49 2663 9908-0","legalName":"EnviroFALK GmbH","foundingDate":"1989-05-01"}]}},"_links":{"self":[{"href":"https:\/\/www.envirofalk.com\/en\/wp-json\/wp\/v2\/pages\/8366","targetHints":{"allow":["GET"]}}],"collection":[{"href":"https:\/\/www.envirofalk.com\/en\/wp-json\/wp\/v2\/pages"}],"about":[{"href":"https:\/\/www.envirofalk.com\/en\/wp-json\/wp\/v2\/types\/page"}],"author":[{"embeddable":true,"href":"https:\/\/www.envirofalk.com\/en\/wp-json\/wp\/v2\/users\/5"}],"replies":[{"embeddable":true,"href":"https:\/\/www.envirofalk.com\/en\/wp-json\/wp\/v2\/comments?post=8366"}],"version-history":[{"count":2,"href":"https:\/\/www.envirofalk.com\/en\/wp-json\/wp\/v2\/pages\/8366\/revisions"}],"predecessor-version":[{"id":8394,"href":"https:\/\/www.envirofalk.com\/en\/wp-json\/wp\/v2\/pages\/8366\/revisions\/8394"}],"up":[{"embeddable":true,"href":"https:\/\/www.envirofalk.com\/en\/wp-json\/wp\/v2\/pages\/7950"}],"wp:attachment":[{"href":"https:\/\/www.envirofalk.com\/en\/wp-json\/wp\/v2\/media?parent=8366"}],"curies":[{"name":"wp","href":"https:\/\/api.w.org\/{rel}","templated":true}]}}