{"id":8265,"date":"2024-01-24T10:55:18","date_gmt":"2024-01-24T09:55:18","guid":{"rendered":"https:\/\/www.envirofalk.com\/imprint\/"},"modified":"2024-07-31T10:32:00","modified_gmt":"2024-07-31T08:32:00","slug":"legal-notice","status":"publish","type":"page","link":"https:\/\/www.envirofalk.com\/en\/legal-notice\/","title":{"rendered":"Legal Notice"},"content":{"rendered":"<div class=\"wpb-content-wrapper\"><p>[vc_section][vc_row full_width=&#8221;stretch_row_content_no_spaces&#8221;][vc_column]<div class=\"custom-top-banner img-box   has-icon\" style=\"background-image: url(https:\/\/www.envirofalk.com\/wp-content\/uploads\/2023\/08\/Wasseraufbereitungsanlage_Metall-Industrie.jpg)\"><div class=\"container relative\"><div class=\"text-box\"><div class=\"slideInRight animated\"><img loading=\"lazy\" decoding=\"async\" width=\"1\" height=\"1\" src=\"https:\/\/www.envirofalk.com\/wp-content\/uploads\/2023\/09\/Wasseraufbereitung_EnviroFALK_Logo.svg\" class=\"attachment-120x120 size-120x120\" alt=\"EnviroFALK-Logo Icon\" \/><p><strong>Legal Notice<\/strong><\/p><\/div><\/div><\/div><\/div>[\/vc_column][\/vc_row][\/vc_section][vc_section][vc_row css_animation=&#8221;slideInUp&#8221; el_class=&#8221;two-columns-row tablet-row&#8221;][vc_column width=&#8221;1\/4&#8243;][vc_column_text css=&#8221;&#8221;]<strong>EnviroFALK GmbH<\/strong><br \/>\nProcess water technology<br \/>\nSainscheid industrial estate<br \/>\nGutenbergstrasse 7<br \/>\n56457 Westerburg<br \/>\nGermany<\/p>\n<h3>Managing Director<\/h3>\n<p>Peter Leyendecker (Speaker)<br \/>\nLutz Bohmerich<\/p>\n<p>Tel. +49 2663 9908-0<br \/>\nFax +49 2663 9908-50<br \/>\n<a href=\"mailto:info@envirofalk.com\">info@envirofalk.com<\/a><\/p>\n<p>Commercial court: Montabaur HRB 3599<br \/>\nSales tax identification number: DE 147 999 452<\/p>\n<p>Westerwald Bank eG<br \/>\nIBAN: DE46 5739 1800 0060 1145 01<br \/>\nBIC: GENODE51WW1<\/p>\n<p>Commerzbank AG<br \/>\nIBAN: DE11 5114 0029 0373 7434 00<br \/>\nBIC: COBADEFFXXX<\/p>\n<h3>Programmierung\/Webentwicklung<\/h3>\n<p><strong><a href=\"https:\/\/www.winning-solutions.de\/\" target=\"_blank\" rel=\"noopener noreferrer nofollow\">Winning Solutions<\/a> &#8211; <a href=\"https:\/\/www.winning-solutions.de\/wordpress-webseiten-wartung\/\" target=\"_blank\" rel=\"noopener noreferrer nofollow\">WordPress Wartung<\/a> &amp; <a href=\"https:\/\/www.winning-solutions.de\/webdesign-wordpress\/\" target=\"_blank\" rel=\"noopener noreferrer nofollow\">WordPress Webdesign<\/a><\/strong><br \/>\nBienenst\u00fcck 34<br \/>\n56072 Koblenz[\/vc_column_text][\/vc_column][vc_column width=&#8221;3\/4&#8243;][vc_column_text]<strong>Liability for content<\/strong><\/p>\n<p>Although we make every effort to ensure that the content of our pages is up-to-date, complete and correct, we cannot guarantee this.<\/p>\n<p>According to \u00a7 7 paragraph 1 TDG we are responsible as a service provider for our own contents on our pages according to the general laws.<\/p>\n<p>However, there is no obligation to monitor transmitted or stored third-party information (\u00a7\u00a7 8-10 TDG). As soon as we become aware of any legal infringements, we will remove the relevant content immediately. However, liability in this respect is only assumed from the time of knowledge of specific infringements.<\/p>\n<p><strong>Liability for links<\/strong><\/p>\n<p>Our pages contain links to external third-party websites. We have no influence on the content of these linked websites. The respective provider or operator is always responsible for the accuracy of the content, which is why we assume no liability in this regard.<\/p>\n<p>We have checked the external websites for possible legal violations at the time of linking. At the time of linking, no infringements were recognizable. We are unable to constantly check all the content of the pages linked by us without actual evidence of a legal infringement. If we become aware of any legal infringements, we will remove the relevant links immediately.<\/p>\n<p><strong>Copyright<\/strong><\/p>\n<p>The content and works on this website created by the operator of this site are subject to German copyright law. All contributions by third parties are marked as such. Duplication, processing, distribution and any form of commercialization of such material beyond the scope of the copyright law shall require the prior written consent of its respective author or creator. Copies of these pages are only permitted for private use, but not for commercial purposes.<\/p>\n<p><strong>Data protection<\/strong><\/p>\n<p>We cannot accept any liability for the security of data transmission on the Internet; in particular, there is a risk of access by third parties when data is transmitted by e-mail.<\/p>\n<p>If personal data is collected on our website, the disclosure of this data by the user is always on a voluntary basis. The use of and payment for all services offered is also permitted without providing such data or by providing anonymized data or a pseudonym, insofar as this is technically possible and reasonable.<\/p>\n<p>The use of the contact data published in the legal notice by third parties for advertising purposes is hereby expressly prohibited. The operator expressly reserves the right to take legal action in the event of unsolicited advertising or information material being sent.<\/p>\n<p>This website uses Google Analytics for the anonymized, statistical analysis of visitor flows.<\/p>\n<p><strong>Legal validity of this disclaimer<\/strong><\/p>\n<p>Should individual provisions or formulations of this disclaimer be or become invalid, this shall not affect the content or validity of the remaining provisions.<\/p>\n<p><strong>Picture credits<\/strong><\/p>\n<p>EnviroFALK, Adobe Stock, Fotolia, I-Stock, Shutterstock, product images from manufacturers<\/p>\n<p>Source: <a href=\"https:\/\/www.anwalt-seiten.de\/\" target=\"_blank\" rel=\"noopener noreferrer nofollow\">anwalt-seiten.de<\/a><\/p>\n<p><a href=\"\/en\/privacy-policy\">To the privacy policy.<\/a>[\/vc_column_text][\/vc_column][\/vc_row][\/vc_section]<\/p>\n<\/div>","protected":false},"excerpt":{"rendered":"<p>[vc_section][vc_row full_width=&#8221;stretch_row_content_no_spaces&#8221;][vc_column][\/vc_column][\/vc_row][\/vc_section][vc_section][vc_row css_animation=&#8221;slideInUp&#8221; el_class=&#8221;two-columns-row tablet-row&#8221;][vc_column width=&#8221;1\/4&#8243;][vc_column_text css=&#8221;&#8221;]EnviroFALK GmbH Process water technology Sainscheid industrial estate Gutenbergstrasse 7 56457 Westerburg Germany Managing Director Peter Leyendecker (Speaker) Lutz Bohmerich Tel. +49 2663 9908-0 Fax +49 2663 9908-50 info@envirofalk.com Commercial court: Montabaur HRB 3599 Sales tax identification number: DE 147 999 452 Westerwald Bank eG IBAN: DE46 5739 1800 [&hellip;]<\/p>\n","protected":false},"author":3,"featured_media":0,"parent":0,"menu_order":22,"comment_status":"closed","ping_status":"closed","template":"","meta":{"_acf_changed":false,"rs_blank_template":"","rs_page_bg_color":"","slide_template_v7":"","footnotes":""},"class_list":["post-8265","page","type-page","status-publish","hentry"],"acf":[],"yoast_head":"<!-- This site is optimized with the Yoast SEO Premium plugin v27.4 (Yoast SEO v27.4) - https:\/\/yoast.com\/product\/yoast-seo-premium-wordpress\/ -->\n<title>Legal Notice &#8211; EnviroFALK<\/title>\n<meta name=\"robots\" content=\"index, follow, max-snippet:-1, max-image-preview:large, max-video-preview:-1\" \/>\n<link rel=\"canonical\" href=\"https:\/\/www.envirofalk.com\/en\/legal-notice\/\" \/>\n<meta property=\"og:locale\" content=\"en_US\" \/>\n<meta property=\"og:type\" content=\"article\" \/>\n<meta property=\"og:title\" content=\"Legal Notice\" \/>\n<meta property=\"og:description\" content=\"[vc_section][vc_row full_width=&#8221;stretch_row_content_no_spaces&#8221;][vc_column][\/vc_column][\/vc_row][\/vc_section][vc_section][vc_row css_animation=&#8221;slideInUp&#8221; el_class=&#8221;two-columns-row tablet-row&#8221;][vc_column width=&#8221;1\/4&#8243;][vc_column_text css=&#8221;&#8221;]EnviroFALK GmbH Process water technology Sainscheid industrial estate Gutenbergstrasse 7 56457 Westerburg Germany Managing Director Peter Leyendecker (Speaker) Lutz Bohmerich Tel. +49 2663 9908-0 Fax +49 2663 9908-50 info@envirofalk.com Commercial court: Montabaur HRB 3599 Sales tax identification number: DE 147 999 452 Westerwald Bank eG IBAN: DE46 5739 1800 [&hellip;]\" \/>\n<meta property=\"og:url\" content=\"https:\/\/www.envirofalk.com\/en\/legal-notice\/\" \/>\n<meta property=\"og:site_name\" content=\"EnviroFALK\" \/>\n<meta property=\"article:publisher\" content=\"https:\/\/www.facebook.com\/envirofalk\" \/>\n<meta property=\"article:modified_time\" content=\"2024-07-31T08:32:00+00:00\" \/>\n<meta name=\"twitter:card\" content=\"summary_large_image\" \/>\n<meta name=\"twitter:label1\" content=\"Est. reading time\" \/>\n\t<meta name=\"twitter:data1\" content=\"4 minutes\" \/>\n<script type=\"application\/ld+json\" class=\"yoast-schema-graph\">{\"@context\":\"https:\\\/\\\/schema.org\",\"@graph\":[{\"@type\":\"WebPage\",\"@id\":\"https:\\\/\\\/www.envirofalk.com\\\/en\\\/legal-notice\\\/\",\"url\":\"https:\\\/\\\/www.envirofalk.com\\\/en\\\/legal-notice\\\/\",\"name\":\"Legal Notice &#8211; EnviroFALK\",\"isPartOf\":{\"@id\":\"https:\\\/\\\/www.envirofalk.com\\\/en\\\/#website\"},\"datePublished\":\"2024-01-24T09:55:18+00:00\",\"dateModified\":\"2024-07-31T08:32:00+00:00\",\"breadcrumb\":{\"@id\":\"https:\\\/\\\/www.envirofalk.com\\\/en\\\/legal-notice\\\/#breadcrumb\"},\"inLanguage\":\"en-US\",\"potentialAction\":[{\"@type\":\"ReadAction\",\"target\":[\"https:\\\/\\\/www.envirofalk.com\\\/en\\\/legal-notice\\\/\"]}]},{\"@type\":\"BreadcrumbList\",\"@id\":\"https:\\\/\\\/www.envirofalk.com\\\/en\\\/legal-notice\\\/#breadcrumb\",\"itemListElement\":[{\"@type\":\"ListItem\",\"position\":1,\"name\":\"Home\",\"item\":\"https:\\\/\\\/www.envirofalk.com\\\/en\\\/\"},{\"@type\":\"ListItem\",\"position\":2,\"name\":\"Legal Notice\"}]},{\"@type\":\"WebSite\",\"@id\":\"https:\\\/\\\/www.envirofalk.com\\\/en\\\/#website\",\"url\":\"https:\\\/\\\/www.envirofalk.com\\\/en\\\/\",\"name\":\"EnviroFALK\",\"description\":\"Water treatment systems for industry, trade &amp; laboratory\",\"publisher\":{\"@id\":\"https:\\\/\\\/www.envirofalk.com\\\/en\\\/#organization\"},\"potentialAction\":[{\"@type\":\"SearchAction\",\"target\":{\"@type\":\"EntryPoint\",\"urlTemplate\":\"https:\\\/\\\/www.envirofalk.com\\\/en\\\/?s={search_term_string}\"},\"query-input\":{\"@type\":\"PropertyValueSpecification\",\"valueRequired\":true,\"valueName\":\"search_term_string\"}}],\"inLanguage\":\"en-US\"},{\"@type\":\"Organization\",\"@id\":\"https:\\\/\\\/www.envirofalk.com\\\/en\\\/#organization\",\"name\":\"EnviroFALK\",\"url\":\"https:\\\/\\\/www.envirofalk.com\\\/en\\\/\",\"logo\":{\"@type\":\"ImageObject\",\"inLanguage\":\"en-US\",\"@id\":\"https:\\\/\\\/www.envirofalk.com\\\/en\\\/#\\\/schema\\\/logo\\\/image\\\/\",\"url\":\"https:\\\/\\\/www.envirofalk.com\\\/wp-content\\\/uploads\\\/2023\\\/01\\\/logo.svg\",\"contentUrl\":\"https:\\\/\\\/www.envirofalk.com\\\/wp-content\\\/uploads\\\/2023\\\/01\\\/logo.svg\",\"caption\":\"EnviroFALK\"},\"image\":{\"@id\":\"https:\\\/\\\/www.envirofalk.com\\\/en\\\/#\\\/schema\\\/logo\\\/image\\\/\"},\"sameAs\":[\"https:\\\/\\\/www.facebook.com\\\/envirofalk\",\"https:\\\/\\\/www.linkedin.com\\\/company\\\/envirofalk-gmbh\",\"https:\\\/\\\/www.youtube.com\\\/channel\\\/UCM1L-2K6cfBbP3aYgJGbVdA\"],\"description\":\"EnviroFALK Prozesswassertechnik ist Ihr Spezialist f\u00fcr ma\u00dfgeschneiderte Wasseraufbereitungsl\u00f6sungen in der Industrie. Wir bieten innovative Technologien f\u00fcr die Erzeugung und Aufbereitung von Prozesswasser, um h\u00f6chste Effizienz und Qualit\u00e4t in Ihren Produktionsprozessen zu gew\u00e4hrleisten. Mit jahrzehntelanger Erfahrung entwickeln wir nachhaltige und ressourcenschonende L\u00f6sungen, die exakt auf die Anforderungen unserer Kunden abgestimmt sind. Unsere Leistungen umfassen die Filtration, Enth\u00e4rtung, Entsalzung und R\u00fcckgewinnung von Wasser f\u00fcr verschiedenste Anwendungen \u2013 von der Metallverarbeitung bis zur Lebensmittelindustrie. Unsere Experten begleiten Sie von der Planung \u00fcber die Implementierung bis hin zum Service, um eine zuverl\u00e4ssige und wirtschaftliche Wasseraufbereitung sicherzustellen.\",\"email\":\"info@envirofalk.com\",\"telephone\":\"+49 2663 9908-0\",\"legalName\":\"EnviroFALK GmbH\",\"foundingDate\":\"1989-05-01\"}]}<\/script>\n<!-- \/ Yoast SEO Premium plugin. -->","yoast_head_json":{"title":"Legal Notice &#8211; EnviroFALK","robots":{"index":"index","follow":"follow","max-snippet":"max-snippet:-1","max-image-preview":"max-image-preview:large","max-video-preview":"max-video-preview:-1"},"canonical":"https:\/\/www.envirofalk.com\/en\/legal-notice\/","og_locale":"en_US","og_type":"article","og_title":"Legal Notice","og_description":"[vc_section][vc_row full_width=&#8221;stretch_row_content_no_spaces&#8221;][vc_column][\/vc_column][\/vc_row][\/vc_section][vc_section][vc_row css_animation=&#8221;slideInUp&#8221; el_class=&#8221;two-columns-row tablet-row&#8221;][vc_column width=&#8221;1\/4&#8243;][vc_column_text css=&#8221;&#8221;]EnviroFALK GmbH Process water technology Sainscheid industrial estate Gutenbergstrasse 7 56457 Westerburg Germany Managing Director Peter Leyendecker (Speaker) Lutz Bohmerich Tel. +49 2663 9908-0 Fax +49 2663 9908-50 info@envirofalk.com Commercial court: Montabaur HRB 3599 Sales tax identification number: DE 147 999 452 Westerwald Bank eG IBAN: DE46 5739 1800 [&hellip;]","og_url":"https:\/\/www.envirofalk.com\/en\/legal-notice\/","og_site_name":"EnviroFALK","article_publisher":"https:\/\/www.facebook.com\/envirofalk","article_modified_time":"2024-07-31T08:32:00+00:00","twitter_card":"summary_large_image","twitter_misc":{"Est. reading time":"4 minutes"},"schema":{"@context":"https:\/\/schema.org","@graph":[{"@type":"WebPage","@id":"https:\/\/www.envirofalk.com\/en\/legal-notice\/","url":"https:\/\/www.envirofalk.com\/en\/legal-notice\/","name":"Legal Notice &#8211; EnviroFALK","isPartOf":{"@id":"https:\/\/www.envirofalk.com\/en\/#website"},"datePublished":"2024-01-24T09:55:18+00:00","dateModified":"2024-07-31T08:32:00+00:00","breadcrumb":{"@id":"https:\/\/www.envirofalk.com\/en\/legal-notice\/#breadcrumb"},"inLanguage":"en-US","potentialAction":[{"@type":"ReadAction","target":["https:\/\/www.envirofalk.com\/en\/legal-notice\/"]}]},{"@type":"BreadcrumbList","@id":"https:\/\/www.envirofalk.com\/en\/legal-notice\/#breadcrumb","itemListElement":[{"@type":"ListItem","position":1,"name":"Home","item":"https:\/\/www.envirofalk.com\/en\/"},{"@type":"ListItem","position":2,"name":"Legal Notice"}]},{"@type":"WebSite","@id":"https:\/\/www.envirofalk.com\/en\/#website","url":"https:\/\/www.envirofalk.com\/en\/","name":"EnviroFALK","description":"Water treatment systems for industry, trade &amp; laboratory","publisher":{"@id":"https:\/\/www.envirofalk.com\/en\/#organization"},"potentialAction":[{"@type":"SearchAction","target":{"@type":"EntryPoint","urlTemplate":"https:\/\/www.envirofalk.com\/en\/?s={search_term_string}"},"query-input":{"@type":"PropertyValueSpecification","valueRequired":true,"valueName":"search_term_string"}}],"inLanguage":"en-US"},{"@type":"Organization","@id":"https:\/\/www.envirofalk.com\/en\/#organization","name":"EnviroFALK","url":"https:\/\/www.envirofalk.com\/en\/","logo":{"@type":"ImageObject","inLanguage":"en-US","@id":"https:\/\/www.envirofalk.com\/en\/#\/schema\/logo\/image\/","url":"https:\/\/www.envirofalk.com\/wp-content\/uploads\/2023\/01\/logo.svg","contentUrl":"https:\/\/www.envirofalk.com\/wp-content\/uploads\/2023\/01\/logo.svg","caption":"EnviroFALK"},"image":{"@id":"https:\/\/www.envirofalk.com\/en\/#\/schema\/logo\/image\/"},"sameAs":["https:\/\/www.facebook.com\/envirofalk","https:\/\/www.linkedin.com\/company\/envirofalk-gmbh","https:\/\/www.youtube.com\/channel\/UCM1L-2K6cfBbP3aYgJGbVdA"],"description":"EnviroFALK Prozesswassertechnik ist Ihr Spezialist f\u00fcr ma\u00dfgeschneiderte Wasseraufbereitungsl\u00f6sungen in der Industrie. Wir bieten innovative Technologien f\u00fcr die Erzeugung und Aufbereitung von Prozesswasser, um h\u00f6chste Effizienz und Qualit\u00e4t in Ihren Produktionsprozessen zu gew\u00e4hrleisten. Mit jahrzehntelanger Erfahrung entwickeln wir nachhaltige und ressourcenschonende L\u00f6sungen, die exakt auf die Anforderungen unserer Kunden abgestimmt sind. Unsere Leistungen umfassen die Filtration, Enth\u00e4rtung, Entsalzung und R\u00fcckgewinnung von Wasser f\u00fcr verschiedenste Anwendungen \u2013 von der Metallverarbeitung bis zur Lebensmittelindustrie. Unsere Experten begleiten Sie von der Planung \u00fcber die Implementierung bis hin zum Service, um eine zuverl\u00e4ssige und wirtschaftliche Wasseraufbereitung sicherzustellen.","email":"info@envirofalk.com","telephone":"+49 2663 9908-0","legalName":"EnviroFALK GmbH","foundingDate":"1989-05-01"}]}},"_links":{"self":[{"href":"https:\/\/www.envirofalk.com\/en\/wp-json\/wp\/v2\/pages\/8265","targetHints":{"allow":["GET"]}}],"collection":[{"href":"https:\/\/www.envirofalk.com\/en\/wp-json\/wp\/v2\/pages"}],"about":[{"href":"https:\/\/www.envirofalk.com\/en\/wp-json\/wp\/v2\/types\/page"}],"author":[{"embeddable":true,"href":"https:\/\/www.envirofalk.com\/en\/wp-json\/wp\/v2\/users\/3"}],"replies":[{"embeddable":true,"href":"https:\/\/www.envirofalk.com\/en\/wp-json\/wp\/v2\/comments?post=8265"}],"version-history":[{"count":8,"href":"https:\/\/www.envirofalk.com\/en\/wp-json\/wp\/v2\/pages\/8265\/revisions"}],"predecessor-version":[{"id":17056,"href":"https:\/\/www.envirofalk.com\/en\/wp-json\/wp\/v2\/pages\/8265\/revisions\/17056"}],"wp:attachment":[{"href":"https:\/\/www.envirofalk.com\/en\/wp-json\/wp\/v2\/media?parent=8265"}],"curies":[{"name":"wp","href":"https:\/\/api.w.org\/{rel}","templated":true}]}}