{"id":8122,"date":"2024-01-24T10:55:07","date_gmt":"2024-01-24T09:55:07","guid":{"rendered":"https:\/\/www.envirofalk.com\/our-locations\/envirofalk-ag-switzerland\/"},"modified":"2024-02-06T11:25:30","modified_gmt":"2024-02-06T10:25:30","slug":"envirofalk-ag-switzerland","status":"publish","type":"page","link":"https:\/\/www.envirofalk.com\/en\/the-company\/our-locations\/envirofalk-ag-switzerland\/","title":{"rendered":"EnviroFALK AG &#8211; Switzerland"},"content":{"rendered":"<div class=\"wpb-content-wrapper\"><p>[vc_section][vc_row full_width=&#8221;stretch_row_content_no_spaces&#8221;][vc_column]<div class=\"custom-top-banner img-box   has-icon\" style=\"background-image: url(https:\/\/www.envirofalk.com\/wp-content\/uploads\/2023\/11\/Schweiz.webp)\"><div class=\"container relative\"><div class=\"text-box\"><div class=\"slideInRight animated\"><img loading=\"lazy\" decoding=\"async\" width=\"1\" height=\"1\" src=\"https:\/\/www.envirofalk.com\/wp-content\/uploads\/2023\/09\/Wasseraufbereitung_EnviroFALK_Logo.svg\" class=\"attachment-120x120 size-120x120\" alt=\"EnviroFALK-Logo Icon\" \/><p>Always close to you, our <strong>locations<\/strong><\/p><\/div><\/div><\/div><\/div>[\/vc_column][\/vc_row][vc_row el_class=&#8221;breadcrumbs-wrapper&#8221;][vc_column]<div class=\"breadcrumbs\"><label><\/label> <a href=\"https:\/\/www.envirofalk.com\/en\/\">Home<\/a><\/div>[\/vc_column][\/vc_row][\/vc_section][vc_section][vc_row full_height=&#8221;yes&#8221; css_animation=&#8221;slideInUp&#8221; el_class=&#8221;two-columns-row tablet-row align-top&#8221; el_id=&#8221;contact person&#8221;][vc_column width=&#8221;2\/3&#8243;][vc_custom_heading text=&#8221;EnviroFALK AG &#8211; Switzerland&#8221; font_container=&#8221;tag:h1|text_align:left&#8221; use_theme_fonts=&#8221;yes&#8221;][vc_column_text]<\/p>\n<h3>Your partner for professional water treatment: EnviroFALK AG Switzerland<\/h3>\n<p>If process water of the highest quality is absolutely essential for your industrial applications, EnviroFALK is the right address for you. Why? Because when it comes to <strong>water treatment and process water treatment<\/strong>, we offer you more than just the standard. We work with you to design highly efficient, sustainable<strong> water treatment systems<\/strong> &#8211; both <strong>in Germany and within Switzerland<\/strong>. As our customer, you benefit in several ways. In addition to the installation of your <strong>individual process water technology solution<\/strong>, our clients in Switzerland can also rely on us completely when it comes to maintenance and the provision and regeneration of ion exchange cartridges![\/vc_column_text][vc_custom_heading text=&#8221;Our services&#8221; use_theme_fonts=&#8221;yes&#8221; css=&#8221;.vc_custom_1699281572125{padding-bottom: 30px !important;}&#8221;]<div class=\"quick-links default wpb_content_element\" data-background=\"\"><div class=\"flexbox\"><a href=\"https:\/\/envirofalk.com\/en\/ion-exchanger-regeneration\/\" target=\"_self\"><div class=\"icon lg\"><img decoding=\"async\" src=\"https:\/\/www.envirofalk.com\/wp-content\/uploads\/2023\/08\/Wasseraufbereitung_Ionenaustauscher_Icon.svg\" class=\"attachment-full size-full\" alt=\"\" \/><\/div><div><h4>Regeneration service for ion exchangers<\/h4><\/div><\/a><\/div><div class=\"flexbox\"><a href=\"https:\/\/envirofalk.com\/en\/process-technologies-products\/individual-water-treatment\/\" target=\"_self\"><div class=\"icon lg\"><img decoding=\"async\" src=\"https:\/\/www.envirofalk.com\/wp-content\/uploads\/2023\/08\/Individueller_Anlagenbau_2_Icon.svg\" class=\"attachment-full size-full\" alt=\"Wasseraufbereitungsanlage Icon\" \/><\/div><div><h4>Advice on water treatment systems<\/h4><\/div><\/a><\/div><div class=\"flexbox\"><a href=\"https:\/\/envirofalk.com\/en\/service\/\" target=\"_self\"><div class=\"icon lg\"><img decoding=\"async\" src=\"https:\/\/www.envirofalk.com\/wp-content\/uploads\/2023\/05\/icon_service.svg\" class=\"attachment-full size-full\" alt=\"Person mit Headset Icon\" \/><\/div><div><h4>Service and maintenance<\/h4><\/div><\/a><\/div><\/div>[\/vc_column][vc_column width=&#8221;1\/3&#8243; el_class=&#8221;has-bg&#8221;][vc_column_text]<\/p>\n<div class=\"address\">\n<h3 style=\"text-align: center;\">EnviroFALK AG<br \/>\nSwitzerland<\/h3>\n<div class=\"address\">\n<div class=\"street\" style=\"text-align: center;\">B\u00f6sch 27<\/div>\n<div class=\"city\" style=\"text-align: center;\">6331 H\u00fcnenberg<\/div>\n<\/div>\n<div class=\"phone\" style=\"text-align: center;\">Tel. <a href=\"tel:+41%2041%20740%2044%2014\">+41 41 740 44 14<\/a><\/div>\n<div class=\"fax\" style=\"text-align: center;\">Fax +41 41 740 44 15<\/div>\n<\/div>\n<p>[\/vc_column_text][vc_raw_html]W3dzX2RzZ3ZvX21hcHMgbmFtZT0iU2Nod2VpeiJd[\/vc_raw_html][\/vc_column][\/vc_row][\/vc_section][vc_section parallax=&#8221;content-moving&#8221; css=&#8221;.vc_custom_1699281713616{background-image: url(https:\/\/www.envirofalk.com\/wp-content\/uploads\/2023\/08\/Wasseraufbereitungsanlage_Reinigung_Oberflaechentechnik.jpg?id=498) !important;background-position: center !important;background-repeat: no-repeat !important;background-size: cover !important;}&#8221;][vc_row el_class=&#8221;tablet-row reverse vertical-center&#8221;][vc_column css_animation=&#8221;slideInRight&#8221; width=&#8221;1\/4&#8243;][\/vc_column][vc_column css_animation=&#8221;fadeInLeft&#8221; width=&#8221;3\/4&#8243; css=&#8221;.vc_custom_1697097162005{padding-top: 20px !important;padding-right: 20px !important;padding-bottom: 20px !important;padding-left: 20px !important;}&#8221; el_class=&#8221;has-bg&#8221;][vc_column_text el_class=&#8221;arrows-list&#8221;]<\/p>\n<h2>Water treatment in Switzerland with EnviroFALK &#8211; your benefits at a glance<\/h2>\n<ul>\n<li>The employees at <strong>EnviroFALK in<\/strong> Switzerland can look back on over 30 years of experience in the field of water treatment. In other words, you will be advised by absolute experts!<\/li>\n<li>We know exactly what your specific <strong>process water<\/strong> requirements are &#8211; whether in selected industrial sectors, hospitals or laboratories &#8211; and can therefore present you with solutions that exactly meet your needs.<\/li>\n<li>As with our solution concepts for your <strong>water treatment systems<\/strong>, we don&#8217;t do things by halves when it comes to our range of services! Instead, we offer our customers in Switzerland the complete product and service portfolio. This also includes our <strong>top regeneration service for ion exchangers<\/strong>: One call is all it takes for our package service to collect your ion exchanger cartridges and return them to you after treatment or regeneration &#8211; it couldn&#8217;t be easier!<\/li>\n<\/ul>\n<p>As you can see: With <strong>EnviroFALK AG Switzerland<\/strong>, you have a competent and experienced partner at your side who will take care of your process water from A to Z. So that you have your head free for your core business![\/vc_column_text][\/vc_column][\/vc_row][\/vc_section][vc_section][\/vc_section]<\/p>\n<\/div>","protected":false},"excerpt":{"rendered":"<p>[vc_section][vc_row full_width=&#8221;stretch_row_content_no_spaces&#8221;][vc_column][\/vc_column][\/vc_row][vc_row el_class=&#8221;breadcrumbs-wrapper&#8221;][vc_column][\/vc_column][\/vc_row][\/vc_section][vc_section][vc_row full_height=&#8221;yes&#8221; css_animation=&#8221;slideInUp&#8221; el_class=&#8221;two-columns-row tablet-row align-top&#8221; el_id=&#8221;contact person&#8221;][vc_column width=&#8221;2\/3&#8243;][vc_custom_heading text=&#8221;EnviroFALK AG &#8211; Switzerland&#8221; font_container=&#8221;tag:h1|text_align:left&#8221; use_theme_fonts=&#8221;yes&#8221;][vc_column_text] Your partner for professional water treatment: EnviroFALK AG Switzerland If process water of the highest quality is absolutely essential for your industrial applications, EnviroFALK is the right address for you. Why? Because when it comes to water treatment [&hellip;]<\/p>\n","protected":false},"author":5,"featured_media":0,"parent":8008,"menu_order":10,"comment_status":"closed","ping_status":"closed","template":"","meta":{"_acf_changed":false,"rs_blank_template":"","rs_page_bg_color":"","slide_template_v7":"","footnotes":""},"class_list":["post-8122","page","type-page","status-publish","hentry"],"acf":[],"yoast_head":"<!-- This site is optimized with the Yoast SEO Premium plugin v27.4 (Yoast SEO v27.4) - https:\/\/yoast.com\/product\/yoast-seo-premium-wordpress\/ -->\n<title>EnviroFALK AG - Switzerland &#8211; EnviroFALK<\/title>\n<meta name=\"robots\" content=\"index, follow, max-snippet:-1, max-image-preview:large, max-video-preview:-1\" \/>\n<link rel=\"canonical\" href=\"https:\/\/www.envirofalk.com\/en\/the-company\/our-locations\/envirofalk-ag-switzerland\/\" \/>\n<meta property=\"og:locale\" content=\"en_US\" \/>\n<meta property=\"og:type\" content=\"article\" \/>\n<meta property=\"og:title\" content=\"EnviroFALK AG - Switzerland\" \/>\n<meta property=\"og:description\" content=\"[vc_section][vc_row full_width=&#8221;stretch_row_content_no_spaces&#8221;][vc_column][\/vc_column][\/vc_row][vc_row el_class=&#8221;breadcrumbs-wrapper&#8221;][vc_column][\/vc_column][\/vc_row][\/vc_section][vc_section][vc_row full_height=&#8221;yes&#8221; css_animation=&#8221;slideInUp&#8221; el_class=&#8221;two-columns-row tablet-row align-top&#8221; el_id=&#8221;contact person&#8221;][vc_column width=&#8221;2\/3&#8243;][vc_custom_heading text=&#8221;EnviroFALK AG &#8211; Switzerland&#8221; font_container=&#8221;tag:h1|text_align:left&#8221; use_theme_fonts=&#8221;yes&#8221;][vc_column_text] Your partner for professional water treatment: EnviroFALK AG Switzerland If process water of the highest quality is absolutely essential for your industrial applications, EnviroFALK is the right address for you. Why? Because when it comes to water treatment [&hellip;]\" \/>\n<meta property=\"og:url\" content=\"https:\/\/www.envirofalk.com\/en\/the-company\/our-locations\/envirofalk-ag-switzerland\/\" \/>\n<meta property=\"og:site_name\" content=\"EnviroFALK\" \/>\n<meta property=\"article:publisher\" content=\"https:\/\/www.facebook.com\/envirofalk\" \/>\n<meta property=\"article:modified_time\" content=\"2024-02-06T10:25:30+00:00\" \/>\n<meta name=\"twitter:card\" content=\"summary_large_image\" \/>\n<meta name=\"twitter:label1\" content=\"Est. reading time\" \/>\n\t<meta name=\"twitter:data1\" content=\"3 minutes\" \/>\n<script type=\"application\/ld+json\" class=\"yoast-schema-graph\">{\"@context\":\"https:\\\/\\\/schema.org\",\"@graph\":[{\"@type\":\"WebPage\",\"@id\":\"https:\\\/\\\/www.envirofalk.com\\\/en\\\/the-company\\\/our-locations\\\/envirofalk-ag-switzerland\\\/\",\"url\":\"https:\\\/\\\/www.envirofalk.com\\\/en\\\/the-company\\\/our-locations\\\/envirofalk-ag-switzerland\\\/\",\"name\":\"EnviroFALK AG - Switzerland &#8211; EnviroFALK\",\"isPartOf\":{\"@id\":\"https:\\\/\\\/www.envirofalk.com\\\/en\\\/#website\"},\"datePublished\":\"2024-01-24T09:55:07+00:00\",\"dateModified\":\"2024-02-06T10:25:30+00:00\",\"breadcrumb\":{\"@id\":\"https:\\\/\\\/www.envirofalk.com\\\/en\\\/the-company\\\/our-locations\\\/envirofalk-ag-switzerland\\\/#breadcrumb\"},\"inLanguage\":\"en-US\",\"potentialAction\":[{\"@type\":\"ReadAction\",\"target\":[\"https:\\\/\\\/www.envirofalk.com\\\/en\\\/the-company\\\/our-locations\\\/envirofalk-ag-switzerland\\\/\"]}]},{\"@type\":\"BreadcrumbList\",\"@id\":\"https:\\\/\\\/www.envirofalk.com\\\/en\\\/the-company\\\/our-locations\\\/envirofalk-ag-switzerland\\\/#breadcrumb\",\"itemListElement\":[{\"@type\":\"ListItem\",\"position\":1,\"name\":\"Home\",\"item\":\"https:\\\/\\\/www.envirofalk.com\\\/en\\\/\"},{\"@type\":\"ListItem\",\"position\":2,\"name\":\"The company\",\"item\":\"https:\\\/\\\/www.envirofalk.com\\\/en\\\/the-company\\\/\"},{\"@type\":\"ListItem\",\"position\":3,\"name\":\"Our locations\",\"item\":\"https:\\\/\\\/www.envirofalk.com\\\/en\\\/the-company\\\/our-locations\\\/\"},{\"@type\":\"ListItem\",\"position\":4,\"name\":\"EnviroFALK AG &#8211; Switzerland\"}]},{\"@type\":\"WebSite\",\"@id\":\"https:\\\/\\\/www.envirofalk.com\\\/en\\\/#website\",\"url\":\"https:\\\/\\\/www.envirofalk.com\\\/en\\\/\",\"name\":\"EnviroFALK\",\"description\":\"Water treatment systems for industry, trade &amp; laboratory\",\"publisher\":{\"@id\":\"https:\\\/\\\/www.envirofalk.com\\\/en\\\/#organization\"},\"potentialAction\":[{\"@type\":\"SearchAction\",\"target\":{\"@type\":\"EntryPoint\",\"urlTemplate\":\"https:\\\/\\\/www.envirofalk.com\\\/en\\\/?s={search_term_string}\"},\"query-input\":{\"@type\":\"PropertyValueSpecification\",\"valueRequired\":true,\"valueName\":\"search_term_string\"}}],\"inLanguage\":\"en-US\"},{\"@type\":\"Organization\",\"@id\":\"https:\\\/\\\/www.envirofalk.com\\\/en\\\/#organization\",\"name\":\"EnviroFALK\",\"url\":\"https:\\\/\\\/www.envirofalk.com\\\/en\\\/\",\"logo\":{\"@type\":\"ImageObject\",\"inLanguage\":\"en-US\",\"@id\":\"https:\\\/\\\/www.envirofalk.com\\\/en\\\/#\\\/schema\\\/logo\\\/image\\\/\",\"url\":\"https:\\\/\\\/www.envirofalk.com\\\/wp-content\\\/uploads\\\/2023\\\/01\\\/logo.svg\",\"contentUrl\":\"https:\\\/\\\/www.envirofalk.com\\\/wp-content\\\/uploads\\\/2023\\\/01\\\/logo.svg\",\"caption\":\"EnviroFALK\"},\"image\":{\"@id\":\"https:\\\/\\\/www.envirofalk.com\\\/en\\\/#\\\/schema\\\/logo\\\/image\\\/\"},\"sameAs\":[\"https:\\\/\\\/www.facebook.com\\\/envirofalk\",\"https:\\\/\\\/www.linkedin.com\\\/company\\\/envirofalk-gmbh\",\"https:\\\/\\\/www.youtube.com\\\/channel\\\/UCM1L-2K6cfBbP3aYgJGbVdA\"],\"description\":\"EnviroFALK Prozesswassertechnik ist Ihr Spezialist f\u00fcr ma\u00dfgeschneiderte Wasseraufbereitungsl\u00f6sungen in der Industrie. Wir bieten innovative Technologien f\u00fcr die Erzeugung und Aufbereitung von Prozesswasser, um h\u00f6chste Effizienz und Qualit\u00e4t in Ihren Produktionsprozessen zu gew\u00e4hrleisten. Mit jahrzehntelanger Erfahrung entwickeln wir nachhaltige und ressourcenschonende L\u00f6sungen, die exakt auf die Anforderungen unserer Kunden abgestimmt sind. Unsere Leistungen umfassen die Filtration, Enth\u00e4rtung, Entsalzung und R\u00fcckgewinnung von Wasser f\u00fcr verschiedenste Anwendungen \u2013 von der Metallverarbeitung bis zur Lebensmittelindustrie. Unsere Experten begleiten Sie von der Planung \u00fcber die Implementierung bis hin zum Service, um eine zuverl\u00e4ssige und wirtschaftliche Wasseraufbereitung sicherzustellen.\",\"email\":\"info@envirofalk.com\",\"telephone\":\"+49 2663 9908-0\",\"legalName\":\"EnviroFALK GmbH\",\"foundingDate\":\"1989-05-01\"}]}<\/script>\n<!-- \/ Yoast SEO Premium plugin. -->","yoast_head_json":{"title":"EnviroFALK AG - Switzerland &#8211; EnviroFALK","robots":{"index":"index","follow":"follow","max-snippet":"max-snippet:-1","max-image-preview":"max-image-preview:large","max-video-preview":"max-video-preview:-1"},"canonical":"https:\/\/www.envirofalk.com\/en\/the-company\/our-locations\/envirofalk-ag-switzerland\/","og_locale":"en_US","og_type":"article","og_title":"EnviroFALK AG - Switzerland","og_description":"[vc_section][vc_row full_width=&#8221;stretch_row_content_no_spaces&#8221;][vc_column][\/vc_column][\/vc_row][vc_row el_class=&#8221;breadcrumbs-wrapper&#8221;][vc_column][\/vc_column][\/vc_row][\/vc_section][vc_section][vc_row full_height=&#8221;yes&#8221; css_animation=&#8221;slideInUp&#8221; el_class=&#8221;two-columns-row tablet-row align-top&#8221; el_id=&#8221;contact person&#8221;][vc_column width=&#8221;2\/3&#8243;][vc_custom_heading text=&#8221;EnviroFALK AG &#8211; Switzerland&#8221; font_container=&#8221;tag:h1|text_align:left&#8221; use_theme_fonts=&#8221;yes&#8221;][vc_column_text] Your partner for professional water treatment: EnviroFALK AG Switzerland If process water of the highest quality is absolutely essential for your industrial applications, EnviroFALK is the right address for you. Why? Because when it comes to water treatment [&hellip;]","og_url":"https:\/\/www.envirofalk.com\/en\/the-company\/our-locations\/envirofalk-ag-switzerland\/","og_site_name":"EnviroFALK","article_publisher":"https:\/\/www.facebook.com\/envirofalk","article_modified_time":"2024-02-06T10:25:30+00:00","twitter_card":"summary_large_image","twitter_misc":{"Est. reading time":"3 minutes"},"schema":{"@context":"https:\/\/schema.org","@graph":[{"@type":"WebPage","@id":"https:\/\/www.envirofalk.com\/en\/the-company\/our-locations\/envirofalk-ag-switzerland\/","url":"https:\/\/www.envirofalk.com\/en\/the-company\/our-locations\/envirofalk-ag-switzerland\/","name":"EnviroFALK AG - Switzerland &#8211; EnviroFALK","isPartOf":{"@id":"https:\/\/www.envirofalk.com\/en\/#website"},"datePublished":"2024-01-24T09:55:07+00:00","dateModified":"2024-02-06T10:25:30+00:00","breadcrumb":{"@id":"https:\/\/www.envirofalk.com\/en\/the-company\/our-locations\/envirofalk-ag-switzerland\/#breadcrumb"},"inLanguage":"en-US","potentialAction":[{"@type":"ReadAction","target":["https:\/\/www.envirofalk.com\/en\/the-company\/our-locations\/envirofalk-ag-switzerland\/"]}]},{"@type":"BreadcrumbList","@id":"https:\/\/www.envirofalk.com\/en\/the-company\/our-locations\/envirofalk-ag-switzerland\/#breadcrumb","itemListElement":[{"@type":"ListItem","position":1,"name":"Home","item":"https:\/\/www.envirofalk.com\/en\/"},{"@type":"ListItem","position":2,"name":"The company","item":"https:\/\/www.envirofalk.com\/en\/the-company\/"},{"@type":"ListItem","position":3,"name":"Our locations","item":"https:\/\/www.envirofalk.com\/en\/the-company\/our-locations\/"},{"@type":"ListItem","position":4,"name":"EnviroFALK AG &#8211; Switzerland"}]},{"@type":"WebSite","@id":"https:\/\/www.envirofalk.com\/en\/#website","url":"https:\/\/www.envirofalk.com\/en\/","name":"EnviroFALK","description":"Water treatment systems for industry, trade &amp; laboratory","publisher":{"@id":"https:\/\/www.envirofalk.com\/en\/#organization"},"potentialAction":[{"@type":"SearchAction","target":{"@type":"EntryPoint","urlTemplate":"https:\/\/www.envirofalk.com\/en\/?s={search_term_string}"},"query-input":{"@type":"PropertyValueSpecification","valueRequired":true,"valueName":"search_term_string"}}],"inLanguage":"en-US"},{"@type":"Organization","@id":"https:\/\/www.envirofalk.com\/en\/#organization","name":"EnviroFALK","url":"https:\/\/www.envirofalk.com\/en\/","logo":{"@type":"ImageObject","inLanguage":"en-US","@id":"https:\/\/www.envirofalk.com\/en\/#\/schema\/logo\/image\/","url":"https:\/\/www.envirofalk.com\/wp-content\/uploads\/2023\/01\/logo.svg","contentUrl":"https:\/\/www.envirofalk.com\/wp-content\/uploads\/2023\/01\/logo.svg","caption":"EnviroFALK"},"image":{"@id":"https:\/\/www.envirofalk.com\/en\/#\/schema\/logo\/image\/"},"sameAs":["https:\/\/www.facebook.com\/envirofalk","https:\/\/www.linkedin.com\/company\/envirofalk-gmbh","https:\/\/www.youtube.com\/channel\/UCM1L-2K6cfBbP3aYgJGbVdA"],"description":"EnviroFALK Prozesswassertechnik ist Ihr Spezialist f\u00fcr ma\u00dfgeschneiderte Wasseraufbereitungsl\u00f6sungen in der Industrie. Wir bieten innovative Technologien f\u00fcr die Erzeugung und Aufbereitung von Prozesswasser, um h\u00f6chste Effizienz und Qualit\u00e4t in Ihren Produktionsprozessen zu gew\u00e4hrleisten. Mit jahrzehntelanger Erfahrung entwickeln wir nachhaltige und ressourcenschonende L\u00f6sungen, die exakt auf die Anforderungen unserer Kunden abgestimmt sind. Unsere Leistungen umfassen die Filtration, Enth\u00e4rtung, Entsalzung und R\u00fcckgewinnung von Wasser f\u00fcr verschiedenste Anwendungen \u2013 von der Metallverarbeitung bis zur Lebensmittelindustrie. Unsere Experten begleiten Sie von der Planung \u00fcber die Implementierung bis hin zum Service, um eine zuverl\u00e4ssige und wirtschaftliche Wasseraufbereitung sicherzustellen.","email":"info@envirofalk.com","telephone":"+49 2663 9908-0","legalName":"EnviroFALK GmbH","foundingDate":"1989-05-01"}]}},"_links":{"self":[{"href":"https:\/\/www.envirofalk.com\/en\/wp-json\/wp\/v2\/pages\/8122","targetHints":{"allow":["GET"]}}],"collection":[{"href":"https:\/\/www.envirofalk.com\/en\/wp-json\/wp\/v2\/pages"}],"about":[{"href":"https:\/\/www.envirofalk.com\/en\/wp-json\/wp\/v2\/types\/page"}],"author":[{"embeddable":true,"href":"https:\/\/www.envirofalk.com\/en\/wp-json\/wp\/v2\/users\/5"}],"replies":[{"embeddable":true,"href":"https:\/\/www.envirofalk.com\/en\/wp-json\/wp\/v2\/comments?post=8122"}],"version-history":[{"count":13,"href":"https:\/\/www.envirofalk.com\/en\/wp-json\/wp\/v2\/pages\/8122\/revisions"}],"predecessor-version":[{"id":11398,"href":"https:\/\/www.envirofalk.com\/en\/wp-json\/wp\/v2\/pages\/8122\/revisions\/11398"}],"up":[{"embeddable":true,"href":"https:\/\/www.envirofalk.com\/en\/wp-json\/wp\/v2\/pages\/8008"}],"wp:attachment":[{"href":"https:\/\/www.envirofalk.com\/en\/wp-json\/wp\/v2\/media?parent=8122"}],"curies":[{"name":"wp","href":"https:\/\/api.w.org\/{rel}","templated":true}]}}