{"id":8097,"date":"2024-01-24T10:54:41","date_gmt":"2024-01-24T09:54:41","guid":{"rendered":"https:\/\/www.envirofalk.com\/the-company\/our-values\/"},"modified":"2024-02-07T13:34:10","modified_gmt":"2024-02-07T12:34:10","slug":"our-values","status":"publish","type":"page","link":"https:\/\/www.envirofalk.com\/en\/the-company\/our-values\/","title":{"rendered":"Our values"},"content":{"rendered":"<div class=\"wpb-content-wrapper\"><p>[vc_section][vc_row full_width=&#8221;stretch_row_content_no_spaces&#8221;][vc_column]<div class=\"custom-top-banner img-box   has-icon\" style=\"background-image: url(https:\/\/www.envirofalk.com\/wp-content\/uploads\/2023\/08\/EnviroFALK_Mitarbeiter_Wasseraufbereitungsanlage.jpg)\"><div class=\"container relative\"><div class=\"text-box\"><div class=\"slideInRight animated\"><img loading=\"lazy\" decoding=\"async\" width=\"1\" height=\"1\" src=\"https:\/\/www.envirofalk.com\/wp-content\/uploads\/2023\/09\/Wasseraufbereitung_EnviroFALK_Logo.svg\" class=\"attachment-120x120 size-120x120\" alt=\"EnviroFALK-Logo Icon\" \/><p>We enable <strong>sustainable<\/strong> and <strong>efficient<\/strong> use of water<\/p><\/div><\/div><\/div><\/div>[\/vc_column][\/vc_row][vc_row el_class=&#8221;breadcrumbs-wrapper&#8221;][vc_column]<div class=\"breadcrumbs\"><label><\/label> <a href=\"https:\/\/www.envirofalk.com\/en\/\">Home<\/a><\/div>[\/vc_column][\/vc_row][\/vc_section][vc_section][vc_row css_animation=&#8221;slideInUp&#8221; el_class=&#8221;two-columns-row tablet-row&#8221;][vc_column width=&#8221;3\/4&#8243;][vc_custom_heading source=&#8221;post_title&#8221; font_container=&#8221;tag:h1|text_align:left&#8221; use_theme_fonts=&#8221;yes&#8221;][vc_column_text]<\/p>\n<div class=\"ce_row row column first\">\n<p class=\"ce_headline \"><strong>We enable the sustainable and efficient use of water.<\/strong><br \/>\n<strong>Through holistic solutions, we strengthen companies and protect<\/strong><br \/>\n<strong>the life of man and nature.<\/strong><\/p>\n<\/div>\n<p>[\/vc_column_text][\/vc_column][\/vc_row][\/vc_section][vc_section el_class=&#8221;tablet-row vertical-center&#8221;][vc_row content_placement=&#8221;top&#8221;][vc_column css_animation=&#8221;slideInLeft&#8221; width=&#8221;1\/3&#8243; el_class=&#8221;has-bg&#8221;][vc_column_text]<\/p>\n<h2>Sustainability<\/h2>\n<p>We offer sustainable and efficient solutions, plants and services to meet the challenges of water and wastewater treatment and to protect and preserve the environment and water resources for future generations.[\/vc_column_text][\/vc_column][vc_column css_animation=&#8221;slideInUp&#8221; width=&#8221;1\/3&#8243; el_class=&#8221;has-bg&#8221;][vc_column_text css_animation=&#8221;none&#8221;]<\/p>\n<h2>Curiosity<\/h2>\n<p>We are open to innovative and &#8220;unconventional&#8221; solutions and new approaches that are in line with our mission.[\/vc_column_text][\/vc_column][vc_column css_animation=&#8221;slideInRight&#8221; width=&#8221;1\/3&#8243; el_class=&#8221;has-bg&#8221;][vc_column_text]<\/p>\n<h2>Integrity<\/h2>\n<p>We meet the highest ethical standards. We take full responsibility for our commitments and encourage others to honor theirs. We are transparent, trustworthy, fair and honest.[\/vc_column_text][\/vc_column][\/vc_row][vc_row content_placement=&#8221;top&#8221;][vc_column css_animation=&#8221;slideInLeft&#8221; width=&#8221;1\/3&#8243; el_class=&#8221;has-bg&#8221;][vc_column_text]<\/p>\n<h2>Together<\/h2>\n<p>We give our best, avoid egos and work with empathy and trust to achieve great things together.[\/vc_column_text][\/vc_column][vc_column css_animation=&#8221;slideInUp&#8221; width=&#8221;1\/3&#8243; el_class=&#8221;has-bg&#8221;][vc_column_text]<\/p>\n<h2>Cordiality<\/h2>\n<div class=\"ce_text block\">\n<p>We welcome everything that makes us human.<\/p>\n<\/div>\n<div class=\"ce_download oben40 block\"><\/div>\n<p>[\/vc_column_text][\/vc_column][vc_column css_animation=&#8221;slideInRight&#8221; width=&#8221;1\/3&#8243; el_class=&#8221;has-bg&#8221;][vc_column_text]<\/p>\n<h2>CR Guideline of EnviroFALK<\/h2>\n<p><a href=\"https:\/\/www.envirofalk.com\/wp-content\/uploads\/2023\/08\/EF_CR-Richtlinie_EnviroFALK.pdf\" target=\"_blank\" rel=\"noopener\">You can find our corporate responsibility policy here.<\/a>[\/vc_column_text][\/vc_column][\/vc_row][vc_row][vc_column]<div class=\"posts-wrapper wpb_content_element\"><h2 class=\"entry-title text-center\">You may also be interested in<\/h2><div id=\"all-posts\" class=\"flexbox has-slider\" data-posts=\"3\" data-cat-id=\"0\"><div id=\"post-26596\" class=\"post post-26596 type-post status-publish format-standard has-post-thumbnail hentry category-envirofalk-en\"><figure class=\"img-box \" style=\"background-image: url(https:\/\/www.envirofalk.com\/wp-content\/uploads\/2026\/01\/EF_HP_Intensive_Plannung.jpg)\"><\/figure><div class=\"text-box\"><ul class=\"terms-list\"><li><a href=\"https:\/\/www.envirofalk.com\/en\/category\/envirofalk-en\/\">EnviroFALK<\/a><\/li><\/ul><h3 class=\"entry-title\">Water treatment for mobile treatment units<\/h3><p>In field hospitals and temporary hospital solutions: HP Medizintechnik and EnviroFALK are jointly setting new standards in the reprocessing of medical devices. <a href=\"https:\/\/www.envirofalk.com\/en\/water-treatment-for-mobile-treatment-units\/\" target=\"_self\">mehr lesen<\/a><\/p><\/div><\/div><div id=\"post-22198\" class=\"post post-22198 type-post status-publish format-standard has-post-thumbnail hentry category-envirofalk-en category-news\"><a href=\"https:\/\/www.envirofalk.com\/en\/the-envirofalk-summer-campaign-2025\/\" target=\"_self\"><figure class=\"img-box \" style=\"background-image: url(https:\/\/www.envirofalk.com\/wp-content\/uploads\/2025\/06\/Thumbnail-Sommeraktion-1.jpg)\"><\/figure><\/a><div class=\"text-box\"><ul class=\"terms-list\"><li><a href=\"https:\/\/www.envirofalk.com\/en\/category\/envirofalk-en\/\">EnviroFALK<\/a><\/li><li><a href=\"https:\/\/www.envirofalk.com\/en\/category\/news\/\">News<\/a><\/li><\/ul><h3 class=\"entry-title\"><a href=\"https:\/\/www.envirofalk.com\/en\/the-envirofalk-summer-campaign-2025\/\" target=\"_self\">The EnviroFALK summer campaign 2025<\/a><\/h3><p>Now is the perfect time to enjoy summer. With everything that goes with it: sunshine, lightheartedness, and a smile on your face. And that's exactly what we want to give you! <a href=\"https:\/\/www.envirofalk.com\/en\/the-envirofalk-summer-campaign-2025\/\" target=\"_self\">mehr lesen<\/a><\/p><\/div><\/div><div id=\"post-18108\" class=\"post post-18108 type-post status-publish format-standard has-post-thumbnail hentry category-envirofalk-en category-news\"><a href=\"https:\/\/www.envirofalk.com\/en\/envirofalk-birthday\/\" target=\"_self\"><figure class=\"img-box \" style=\"background-image: url(https:\/\/www.envirofalk.com\/wp-content\/uploads\/2024\/10\/RS690_35JahreFALK-13.jpg)\"><\/figure><\/a><div class=\"text-box\"><ul class=\"terms-list\"><li><a href=\"https:\/\/www.envirofalk.com\/en\/category\/envirofalk-en\/\">EnviroFALK<\/a><\/li><li><a href=\"https:\/\/www.envirofalk.com\/en\/category\/news\/\">News<\/a><\/li><\/ul><h3 class=\"entry-title\"><a href=\"https:\/\/www.envirofalk.com\/en\/envirofalk-birthday\/\" target=\"_self\">EnviroFALK birthday double pack<\/a><\/h3><p>35 years of EnviroFALK in Germany and 30 years in Switzerland - that was our anniversary celebration. <a href=\"https:\/\/www.envirofalk.com\/en\/envirofalk-birthday\/\" target=\"_self\">mehr lesen<\/a><\/p><\/div><\/div><\/div><div class=\"slider-controls news-slider-controls\"><\/div><div class=\"not-found\"><h3>Keine Eintr\u00e4ge gefunden<\/h3><\/div><\/div>[\/vc_column][\/vc_row][\/vc_section]<\/p>\n<\/div>","protected":false},"excerpt":{"rendered":"<p>[vc_section][vc_row full_width=&#8221;stretch_row_content_no_spaces&#8221;][vc_column][\/vc_column][\/vc_row][vc_row el_class=&#8221;breadcrumbs-wrapper&#8221;][vc_column][\/vc_column][\/vc_row][\/vc_section][vc_section][vc_row css_animation=&#8221;slideInUp&#8221; el_class=&#8221;two-columns-row tablet-row&#8221;][vc_column width=&#8221;3\/4&#8243;][vc_custom_heading source=&#8221;post_title&#8221; font_container=&#8221;tag:h1|text_align:left&#8221; use_theme_fonts=&#8221;yes&#8221;][vc_column_text] We enable the sustainable and efficient use of water. Through holistic solutions, we strengthen companies and protect the life of man and nature. [\/vc_column_text][\/vc_column][\/vc_row][\/vc_section][vc_section el_class=&#8221;tablet-row vertical-center&#8221;][vc_row content_placement=&#8221;top&#8221;][vc_column css_animation=&#8221;slideInLeft&#8221; width=&#8221;1\/3&#8243; el_class=&#8221;has-bg&#8221;][vc_column_text] Sustainability We offer sustainable and efficient solutions, plants and services to meet the challenges of [&hellip;]<\/p>\n","protected":false},"author":3,"featured_media":0,"parent":8051,"menu_order":1,"comment_status":"closed","ping_status":"closed","template":"","meta":{"_acf_changed":false,"rs_blank_template":"","rs_page_bg_color":"","slide_template_v7":"","footnotes":""},"class_list":["post-8097","page","type-page","status-publish","hentry"],"acf":[],"yoast_head":"<!-- This site is optimized with the Yoast SEO Premium plugin v27.5 (Yoast SEO v27.5) - https:\/\/yoast.com\/product\/yoast-seo-premium-wordpress\/ -->\n<title>Our values &#8211; EnviroFALK<\/title>\n<meta name=\"robots\" content=\"index, follow, max-snippet:-1, max-image-preview:large, max-video-preview:-1\" \/>\n<link rel=\"canonical\" href=\"https:\/\/www.envirofalk.com\/en\/the-company\/our-values\/\" \/>\n<meta property=\"og:locale\" content=\"en_US\" \/>\n<meta property=\"og:type\" content=\"article\" \/>\n<meta property=\"og:title\" content=\"Our values\" \/>\n<meta property=\"og:description\" content=\"[vc_section][vc_row full_width=&#8221;stretch_row_content_no_spaces&#8221;][vc_column][\/vc_column][\/vc_row][vc_row el_class=&#8221;breadcrumbs-wrapper&#8221;][vc_column][\/vc_column][\/vc_row][\/vc_section][vc_section][vc_row css_animation=&#8221;slideInUp&#8221; el_class=&#8221;two-columns-row tablet-row&#8221;][vc_column width=&#8221;3\/4&#8243;][vc_custom_heading source=&#8221;post_title&#8221; font_container=&#8221;tag:h1|text_align:left&#8221; use_theme_fonts=&#8221;yes&#8221;][vc_column_text] We enable the sustainable and efficient use of water. Through holistic solutions, we strengthen companies and protect the life of man and nature. [\/vc_column_text][\/vc_column][\/vc_row][\/vc_section][vc_section el_class=&#8221;tablet-row vertical-center&#8221;][vc_row content_placement=&#8221;top&#8221;][vc_column css_animation=&#8221;slideInLeft&#8221; width=&#8221;1\/3&#8243; el_class=&#8221;has-bg&#8221;][vc_column_text] Sustainability We offer sustainable and efficient solutions, plants and services to meet the challenges of [&hellip;]\" \/>\n<meta property=\"og:url\" content=\"https:\/\/www.envirofalk.com\/en\/the-company\/our-values\/\" \/>\n<meta property=\"og:site_name\" content=\"EnviroFALK\" \/>\n<meta property=\"article:publisher\" content=\"https:\/\/www.facebook.com\/envirofalk\" \/>\n<meta property=\"article:modified_time\" content=\"2024-02-07T12:34:10+00:00\" \/>\n<meta name=\"twitter:card\" content=\"summary_large_image\" \/>\n<meta name=\"twitter:label1\" content=\"Est. reading time\" \/>\n\t<meta name=\"twitter:data1\" content=\"2 minutes\" \/>\n<script type=\"application\/ld+json\" class=\"yoast-schema-graph\">{\"@context\":\"https:\\\/\\\/schema.org\",\"@graph\":[{\"@type\":\"WebPage\",\"@id\":\"https:\\\/\\\/www.envirofalk.com\\\/en\\\/the-company\\\/our-values\\\/\",\"url\":\"https:\\\/\\\/www.envirofalk.com\\\/en\\\/the-company\\\/our-values\\\/\",\"name\":\"Our values &#8211; EnviroFALK\",\"isPartOf\":{\"@id\":\"https:\\\/\\\/www.envirofalk.com\\\/en\\\/#website\"},\"datePublished\":\"2024-01-24T09:54:41+00:00\",\"dateModified\":\"2024-02-07T12:34:10+00:00\",\"breadcrumb\":{\"@id\":\"https:\\\/\\\/www.envirofalk.com\\\/en\\\/the-company\\\/our-values\\\/#breadcrumb\"},\"inLanguage\":\"en-US\",\"potentialAction\":[{\"@type\":\"ReadAction\",\"target\":[\"https:\\\/\\\/www.envirofalk.com\\\/en\\\/the-company\\\/our-values\\\/\"]}]},{\"@type\":\"BreadcrumbList\",\"@id\":\"https:\\\/\\\/www.envirofalk.com\\\/en\\\/the-company\\\/our-values\\\/#breadcrumb\",\"itemListElement\":[{\"@type\":\"ListItem\",\"position\":1,\"name\":\"Home\",\"item\":\"https:\\\/\\\/www.envirofalk.com\\\/en\\\/\"},{\"@type\":\"ListItem\",\"position\":2,\"name\":\"The company\",\"item\":\"https:\\\/\\\/www.envirofalk.com\\\/en\\\/the-company\\\/\"},{\"@type\":\"ListItem\",\"position\":3,\"name\":\"Our values\"}]},{\"@type\":\"WebSite\",\"@id\":\"https:\\\/\\\/www.envirofalk.com\\\/en\\\/#website\",\"url\":\"https:\\\/\\\/www.envirofalk.com\\\/en\\\/\",\"name\":\"EnviroFALK\",\"description\":\"Water treatment systems for industry, trade &amp; laboratory\",\"publisher\":{\"@id\":\"https:\\\/\\\/www.envirofalk.com\\\/en\\\/#organization\"},\"potentialAction\":[{\"@type\":\"SearchAction\",\"target\":{\"@type\":\"EntryPoint\",\"urlTemplate\":\"https:\\\/\\\/www.envirofalk.com\\\/en\\\/?s={search_term_string}\"},\"query-input\":{\"@type\":\"PropertyValueSpecification\",\"valueRequired\":true,\"valueName\":\"search_term_string\"}}],\"inLanguage\":\"en-US\"},{\"@type\":\"Organization\",\"@id\":\"https:\\\/\\\/www.envirofalk.com\\\/en\\\/#organization\",\"name\":\"EnviroFALK\",\"url\":\"https:\\\/\\\/www.envirofalk.com\\\/en\\\/\",\"logo\":{\"@type\":\"ImageObject\",\"inLanguage\":\"en-US\",\"@id\":\"https:\\\/\\\/www.envirofalk.com\\\/en\\\/#\\\/schema\\\/logo\\\/image\\\/\",\"url\":\"https:\\\/\\\/www.envirofalk.com\\\/wp-content\\\/uploads\\\/2023\\\/01\\\/logo.svg\",\"contentUrl\":\"https:\\\/\\\/www.envirofalk.com\\\/wp-content\\\/uploads\\\/2023\\\/01\\\/logo.svg\",\"caption\":\"EnviroFALK\"},\"image\":{\"@id\":\"https:\\\/\\\/www.envirofalk.com\\\/en\\\/#\\\/schema\\\/logo\\\/image\\\/\"},\"sameAs\":[\"https:\\\/\\\/www.facebook.com\\\/envirofalk\",\"https:\\\/\\\/www.linkedin.com\\\/company\\\/envirofalk-gmbh\",\"https:\\\/\\\/www.youtube.com\\\/channel\\\/UCM1L-2K6cfBbP3aYgJGbVdA\"],\"description\":\"EnviroFALK Prozesswassertechnik ist Ihr Spezialist f\u00fcr ma\u00dfgeschneiderte Wasseraufbereitungsl\u00f6sungen in der Industrie. Wir bieten innovative Technologien f\u00fcr die Erzeugung und Aufbereitung von Prozesswasser, um h\u00f6chste Effizienz und Qualit\u00e4t in Ihren Produktionsprozessen zu gew\u00e4hrleisten. Mit jahrzehntelanger Erfahrung entwickeln wir nachhaltige und ressourcenschonende L\u00f6sungen, die exakt auf die Anforderungen unserer Kunden abgestimmt sind. Unsere Leistungen umfassen die Filtration, Enth\u00e4rtung, Entsalzung und R\u00fcckgewinnung von Wasser f\u00fcr verschiedenste Anwendungen \u2013 von der Metallverarbeitung bis zur Lebensmittelindustrie. Unsere Experten begleiten Sie von der Planung \u00fcber die Implementierung bis hin zum Service, um eine zuverl\u00e4ssige und wirtschaftliche Wasseraufbereitung sicherzustellen.\",\"email\":\"info@envirofalk.com\",\"telephone\":\"+49 2663 9908-0\",\"legalName\":\"EnviroFALK GmbH\",\"foundingDate\":\"1989-05-01\"}]}<\/script>\n<!-- \/ Yoast SEO Premium plugin. -->","yoast_head_json":{"title":"Our values &#8211; EnviroFALK","robots":{"index":"index","follow":"follow","max-snippet":"max-snippet:-1","max-image-preview":"max-image-preview:large","max-video-preview":"max-video-preview:-1"},"canonical":"https:\/\/www.envirofalk.com\/en\/the-company\/our-values\/","og_locale":"en_US","og_type":"article","og_title":"Our values","og_description":"[vc_section][vc_row full_width=&#8221;stretch_row_content_no_spaces&#8221;][vc_column][\/vc_column][\/vc_row][vc_row el_class=&#8221;breadcrumbs-wrapper&#8221;][vc_column][\/vc_column][\/vc_row][\/vc_section][vc_section][vc_row css_animation=&#8221;slideInUp&#8221; el_class=&#8221;two-columns-row tablet-row&#8221;][vc_column width=&#8221;3\/4&#8243;][vc_custom_heading source=&#8221;post_title&#8221; font_container=&#8221;tag:h1|text_align:left&#8221; use_theme_fonts=&#8221;yes&#8221;][vc_column_text] We enable the sustainable and efficient use of water. Through holistic solutions, we strengthen companies and protect the life of man and nature. [\/vc_column_text][\/vc_column][\/vc_row][\/vc_section][vc_section el_class=&#8221;tablet-row vertical-center&#8221;][vc_row content_placement=&#8221;top&#8221;][vc_column css_animation=&#8221;slideInLeft&#8221; width=&#8221;1\/3&#8243; el_class=&#8221;has-bg&#8221;][vc_column_text] Sustainability We offer sustainable and efficient solutions, plants and services to meet the challenges of [&hellip;]","og_url":"https:\/\/www.envirofalk.com\/en\/the-company\/our-values\/","og_site_name":"EnviroFALK","article_publisher":"https:\/\/www.facebook.com\/envirofalk","article_modified_time":"2024-02-07T12:34:10+00:00","twitter_card":"summary_large_image","twitter_misc":{"Est. reading time":"2 minutes"},"schema":{"@context":"https:\/\/schema.org","@graph":[{"@type":"WebPage","@id":"https:\/\/www.envirofalk.com\/en\/the-company\/our-values\/","url":"https:\/\/www.envirofalk.com\/en\/the-company\/our-values\/","name":"Our values &#8211; EnviroFALK","isPartOf":{"@id":"https:\/\/www.envirofalk.com\/en\/#website"},"datePublished":"2024-01-24T09:54:41+00:00","dateModified":"2024-02-07T12:34:10+00:00","breadcrumb":{"@id":"https:\/\/www.envirofalk.com\/en\/the-company\/our-values\/#breadcrumb"},"inLanguage":"en-US","potentialAction":[{"@type":"ReadAction","target":["https:\/\/www.envirofalk.com\/en\/the-company\/our-values\/"]}]},{"@type":"BreadcrumbList","@id":"https:\/\/www.envirofalk.com\/en\/the-company\/our-values\/#breadcrumb","itemListElement":[{"@type":"ListItem","position":1,"name":"Home","item":"https:\/\/www.envirofalk.com\/en\/"},{"@type":"ListItem","position":2,"name":"The company","item":"https:\/\/www.envirofalk.com\/en\/the-company\/"},{"@type":"ListItem","position":3,"name":"Our values"}]},{"@type":"WebSite","@id":"https:\/\/www.envirofalk.com\/en\/#website","url":"https:\/\/www.envirofalk.com\/en\/","name":"EnviroFALK","description":"Water treatment systems for industry, trade &amp; laboratory","publisher":{"@id":"https:\/\/www.envirofalk.com\/en\/#organization"},"potentialAction":[{"@type":"SearchAction","target":{"@type":"EntryPoint","urlTemplate":"https:\/\/www.envirofalk.com\/en\/?s={search_term_string}"},"query-input":{"@type":"PropertyValueSpecification","valueRequired":true,"valueName":"search_term_string"}}],"inLanguage":"en-US"},{"@type":"Organization","@id":"https:\/\/www.envirofalk.com\/en\/#organization","name":"EnviroFALK","url":"https:\/\/www.envirofalk.com\/en\/","logo":{"@type":"ImageObject","inLanguage":"en-US","@id":"https:\/\/www.envirofalk.com\/en\/#\/schema\/logo\/image\/","url":"https:\/\/www.envirofalk.com\/wp-content\/uploads\/2023\/01\/logo.svg","contentUrl":"https:\/\/www.envirofalk.com\/wp-content\/uploads\/2023\/01\/logo.svg","caption":"EnviroFALK"},"image":{"@id":"https:\/\/www.envirofalk.com\/en\/#\/schema\/logo\/image\/"},"sameAs":["https:\/\/www.facebook.com\/envirofalk","https:\/\/www.linkedin.com\/company\/envirofalk-gmbh","https:\/\/www.youtube.com\/channel\/UCM1L-2K6cfBbP3aYgJGbVdA"],"description":"EnviroFALK Prozesswassertechnik ist Ihr Spezialist f\u00fcr ma\u00dfgeschneiderte Wasseraufbereitungsl\u00f6sungen in der Industrie. Wir bieten innovative Technologien f\u00fcr die Erzeugung und Aufbereitung von Prozesswasser, um h\u00f6chste Effizienz und Qualit\u00e4t in Ihren Produktionsprozessen zu gew\u00e4hrleisten. Mit jahrzehntelanger Erfahrung entwickeln wir nachhaltige und ressourcenschonende L\u00f6sungen, die exakt auf die Anforderungen unserer Kunden abgestimmt sind. Unsere Leistungen umfassen die Filtration, Enth\u00e4rtung, Entsalzung und R\u00fcckgewinnung von Wasser f\u00fcr verschiedenste Anwendungen \u2013 von der Metallverarbeitung bis zur Lebensmittelindustrie. Unsere Experten begleiten Sie von der Planung \u00fcber die Implementierung bis hin zum Service, um eine zuverl\u00e4ssige und wirtschaftliche Wasseraufbereitung sicherzustellen.","email":"info@envirofalk.com","telephone":"+49 2663 9908-0","legalName":"EnviroFALK GmbH","foundingDate":"1989-05-01"}]}},"_links":{"self":[{"href":"https:\/\/www.envirofalk.com\/en\/wp-json\/wp\/v2\/pages\/8097","targetHints":{"allow":["GET"]}}],"collection":[{"href":"https:\/\/www.envirofalk.com\/en\/wp-json\/wp\/v2\/pages"}],"about":[{"href":"https:\/\/www.envirofalk.com\/en\/wp-json\/wp\/v2\/types\/page"}],"author":[{"embeddable":true,"href":"https:\/\/www.envirofalk.com\/en\/wp-json\/wp\/v2\/users\/3"}],"replies":[{"embeddable":true,"href":"https:\/\/www.envirofalk.com\/en\/wp-json\/wp\/v2\/comments?post=8097"}],"version-history":[{"count":4,"href":"https:\/\/www.envirofalk.com\/en\/wp-json\/wp\/v2\/pages\/8097\/revisions"}],"predecessor-version":[{"id":11165,"href":"https:\/\/www.envirofalk.com\/en\/wp-json\/wp\/v2\/pages\/8097\/revisions\/11165"}],"up":[{"embeddable":true,"href":"https:\/\/www.envirofalk.com\/en\/wp-json\/wp\/v2\/pages\/8051"}],"wp:attachment":[{"href":"https:\/\/www.envirofalk.com\/en\/wp-json\/wp\/v2\/media?parent=8097"}],"curies":[{"name":"wp","href":"https:\/\/api.w.org\/{rel}","templated":true}]}}