{"id":8050,"date":"2024-01-24T10:54:39","date_gmt":"2024-01-24T09:54:39","guid":{"rendered":"https:\/\/www.envirofalk.com\/process-technologies-products\/individual-water-treatment\/"},"modified":"2024-02-14T11:53:09","modified_gmt":"2024-02-14T10:53:09","slug":"individual-water-treatment","status":"publish","type":"page","link":"https:\/\/www.envirofalk.com\/en\/process-technologies-products\/individual-water-treatment\/","title":{"rendered":"Individual water treatment"},"content":{"rendered":"<div class=\"wpb-content-wrapper\"><p>[vc_section][vc_row full_width=&#8221;stretch_row_content_no_spaces&#8221;][vc_column]<div class=\"custom-top-banner img-box   has-icon\" style=\"background-image: url(https:\/\/www.envirofalk.com\/wp-content\/uploads\/2023\/05\/banner-energieerzeugung.jpg)\"><div class=\"container relative\"><div class=\"text-box\"><div class=\"slideInRight animated\"><img loading=\"lazy\" decoding=\"async\" width=\"1\" height=\"1\" src=\"https:\/\/www.envirofalk.com\/wp-content\/uploads\/2023\/08\/Wasseraufbereitung_Umkehrosmose_Icon.svg\" class=\"attachment-120x120 size-120x120\" alt=\"\" \/><p>Individualised <strong>water treatment systems<\/strong><\/p><\/div><\/div><\/div><\/div>[\/vc_column][\/vc_row][vc_row el_class=&#8221;breadcrumbs-wrapper&#8221;][vc_column]<div class=\"breadcrumbs\"><label><\/label> <a href=\"https:\/\/www.envirofalk.com\/en\/\">Home<\/a><\/div>[\/vc_column][\/vc_row][\/vc_section][vc_section][vc_row][vc_column width=&#8221;3\/4&#8243;][vc_custom_heading source=&#8221;post_title&#8221; font_container=&#8221;tag:h1|text_align:left&#8221; use_theme_fonts=&#8221;yes&#8221;][vc_column_text]<\/p>\n<div class=\"ce_row row column first\">\n<p>Do you need water treatment systems that are <strong>specifically tailored to your areas of application?<\/strong> Whether you have limited space, special pipework or specific digitalization and automation solutions &#8211; with our <strong>tailor-made water treatment systems<\/strong>, we meet <strong>a wide range of factory specifications<\/strong>. So that you can use the valuable resource of water in a sustainable, safe and energy-saving way.<\/p>\n<\/div>\n<p>[\/vc_column_text][\/vc_column][vc_column width=&#8221;1\/4&#8243;]<div class=\"online-consultant-box  wpb_content_element\"><div class=\"online-consultant\"><div><div class=\"wpb_text_column\"><p style=\"text-align: center;\">Your contact person<\/p>\n<\/div><div class=\"person-info\"><h5>Christina Hanxleden<\/h5><ul class=\"person-list\"><li><a href=\"tel:+49 2663 9908-0\">+49 2663 9908-0<\/a><\/li><\/ul><\/div><a href=\"#beratung\" target=\"_self\" class=\"custom-btn show-modal\"><i class=\"icon-chevron-right\"><\/i>To online counselling<\/a><\/div><div class=\"relative\"><svg xmlns=\"http:\/\/www.w3.org\/2000\/svg\" viewBox=\"0 0 32.83 32.83\">\n\t\t\t\t\t\t\t\t\t<defs>\n\t\t\t\t\t\t\t\t\t\t<linearGradient id=\"gradient\" x1=\"0%\" y1=\"0%\" x2=\"0%\" y2=\"100%\" gradientTransform=\"rotate(-135)\">\n\t\t\t\t\t\t\t\t\t\t\t<stop offset=\"0%\" stop-color=\"#97be0d\"\/>\n\t\t\t\t\t\t\t\t\t\t\t\t<stop offset=\"100%\" stop-color=\"rgba(255, 255, 255, 0)\"\/>\n\t\t\t\t\t\t\t\t\t\t<\/linearGradient>\n\t\t\t\t\t\t\t\t\t<\/defs>\n\t\t\t\t\t\t\t\t\t<path class=\"wpb_animate_when_almost_visible circular-progress\" stroke=\"url(#gradient)\" stroke-width=\"1\" stroke-dasharray=\"100, 100\" fill=\"none\" d=\"M18,2.08a15.92,15.92,0,0,1,0,31.84h0A15.92,15.92,0,0,1,18,2.08\" transform=\"translate(-1.59 -1.58)\"\/>\n                            \t<\/svg><span><img loading=\"lazy\" decoding=\"async\" width=\"800\" height=\"800\" src=\"https:\/\/www.envirofalk.com\/wp-content\/uploads\/2023\/08\/Christina_Hanxleden_Kontakt_EnviroFALK.png\" class=\"attachment-full size-full\" alt=\"Mitarbeiterin Christina Hanxleden\" srcset=\"https:\/\/www.envirofalk.com\/wp-content\/uploads\/2023\/08\/Christina_Hanxleden_Kontakt_EnviroFALK.png 800w, https:\/\/www.envirofalk.com\/wp-content\/uploads\/2023\/08\/Christina_Hanxleden_Kontakt_EnviroFALK-350x350.png 350w, https:\/\/www.envirofalk.com\/wp-content\/uploads\/2023\/08\/Christina_Hanxleden_Kontakt_EnviroFALK-150x150.png 150w, https:\/\/www.envirofalk.com\/wp-content\/uploads\/2023\/08\/Christina_Hanxleden_Kontakt_EnviroFALK-768x768.png 768w\" sizes=\"auto, (max-width: 800px) 100vw, 800px\" \/><\/span><\/div><\/div><\/div>[\/vc_column][\/vc_row][vc_row css_animation=&#8221;slideInUp&#8221; el_class=&#8221;two-columns-row tablet-row&#8221;][vc_column width=&#8221;1\/2&#8243;][vc_column_text]<\/p>\n<h2>EnviroFALK, the experts for customized water treatment systems<\/h2>\n<p>The smart thing to do is to contact the experts at EnviroFALK directly when it comes to customized water treatment. We would also be happy to design a customized water treatment system for you that meets your individual requirements across the board.<\/p>\n<p>As a manufacturer of water treatment systems, this is the standard we set ourselves &#8211; to be there for our customers 100 percent of the time! After all, we only want the best for your process water treatment, pure and ultrapure water treatment![\/vc_column_text][\/vc_column][vc_column width=&#8221;1\/2&#8243;]<div class=\"bg-image img-box\" style=\"background-image: url(https:\/\/www.envirofalk.com\/wp-content\/uploads\/2023\/02\/bg-about.gif)\"><img loading=\"lazy\" decoding=\"async\" width=\"910\" height=\"478\" src=\"https:\/\/www.envirofalk.com\/wp-content\/uploads\/2023\/08\/Umkehrosmoseanlage_EnviroFALK_mit_Umkehrosmosemembranen.png\" class=\"attachment-full size-full\" alt=\"\" srcset=\"https:\/\/www.envirofalk.com\/wp-content\/uploads\/2023\/08\/Umkehrosmoseanlage_EnviroFALK_mit_Umkehrosmosemembranen.png 910w, https:\/\/www.envirofalk.com\/wp-content\/uploads\/2023\/08\/Umkehrosmoseanlage_EnviroFALK_mit_Umkehrosmosemembranen-350x184.png 350w, https:\/\/www.envirofalk.com\/wp-content\/uploads\/2023\/08\/Umkehrosmoseanlage_EnviroFALK_mit_Umkehrosmosemembranen-768x403.png 768w\" sizes=\"auto, (max-width: 910px) 100vw, 910px\" \/><\/div>[\/vc_column][\/vc_row][vc_row css_animation=&#8221;slideInUp&#8221; el_class=&#8221;two-columns-row tablet-row&#8221;][vc_column width=&#8221;1\/2&#8243;]<div class=\"bg-image img-box\" style=\"background-image: url(https:\/\/www.envirofalk.com\/wp-content\/uploads\/2023\/02\/bg-about.gif)\"><img loading=\"lazy\" decoding=\"async\" width=\"1200\" height=\"881\" src=\"https:\/\/www.envirofalk.com\/wp-content\/uploads\/2023\/10\/Reinstwasser_Kreislaufanlage_Envirofalk.png\" class=\"attachment-full size-full\" alt=\"Wasseraufbereitungsanlage mit sechs Ionenaustauschern\" srcset=\"https:\/\/www.envirofalk.com\/wp-content\/uploads\/2023\/10\/Reinstwasser_Kreislaufanlage_Envirofalk.png 1200w, https:\/\/www.envirofalk.com\/wp-content\/uploads\/2023\/10\/Reinstwasser_Kreislaufanlage_Envirofalk-350x257.png 350w, https:\/\/www.envirofalk.com\/wp-content\/uploads\/2023\/10\/Reinstwasser_Kreislaufanlage_Envirofalk-1024x752.png 1024w, https:\/\/www.envirofalk.com\/wp-content\/uploads\/2023\/10\/Reinstwasser_Kreislaufanlage_Envirofalk-768x564.png 768w\" sizes=\"auto, (max-width: 1200px) 100vw, 1200px\" \/><\/div>[\/vc_column][vc_column width=&#8221;1\/2&#8243;][vc_column_text]<\/p>\n<h2>Everything from a single source &#8211; customized water treatment systems made in germany<\/h2>\n<p>Our in-house workshop production enables us to offer customized water treatment solutions while guaranteeing the highest quality standards. We rely on perfectly coordinated automation technology that can guarantee specific customer requirements of any kind thanks to our in-house EMSR concept.<\/p>\n<p>[\/vc_column_text][\/vc_column][\/vc_row][\/vc_section][vc_section][vc_row][vc_column][vc_tta_accordion section_title_tag=&#8221;h5&#8243; c_icon=&#8221;chevron&#8221; c_position=&#8221;right&#8221; active_section=&#8221;&#8221; no_fill=&#8221;true&#8221; collapsible_all=&#8221;true&#8221; title=&#8221;Find out more about customized water treatment&#8221;][vc_tta_section title=&#8221;What are the advantages of individualized water treatment systems?&#8221; tab_id=&#8221;1698765230266-6ea72452-bc64&#8243;][vc_column_text]Do you need <strong>water treatment systems<\/strong> that are specifically tailored to your areas of application? This is a good fit, because <strong>EnviroFALK water treatment systems are highly customized on request<\/strong>. Piping? Also available in PP using the infrared welding process (IR) or in PVDF using the bead and groove-free welding process (WNF). Limited space? We use every centimeter that is available for the processing system at your premises. Benefit from the many options for customizing your new water treatment system.[\/vc_column_text][\/vc_tta_section][vc_tta_section title=&#8221;How do factory acceptance tests (FAT) for water treatment systems take place?&#8221; tab_id=&#8221;1698765230286-d425ee36-fa7c&#8221;][vc_column_text]Do you want to be sure that your water treatment system meets all technical and quality-related requirements? During our factory acceptance tests (FAT), we check the qualification processes with you step by step. For perfect interaction between your new EnviroFALK water treatment system and your area of application.[\/vc_column_text][\/vc_tta_section][vc_tta_section title=&#8221;Do you need water treatment systems that are designed to meet your exact requirements?&#8221; tab_id=&#8221;1698765230301-0ce0312b-3adc&#8221;][vc_column_text]<strong>We design water treatment systems that are precisely tailored to your requirements. <\/strong>We can also provide you with a highly efficient water treatment system that meets your requirements across the board. Whether you need <strong>process water, pure water or ultrapure water<\/strong> in industry, laboratories or medical technology, it doesn&#8217;t matter: thanks to our extensive experience, we offer the perfect water treatment system for every requirement. In other words, <strong>we at EnviroFALK do not know &#8220;can&#8217;t&#8221;!<\/strong>[\/vc_column_text][\/vc_tta_section][\/vc_tta_accordion][\/vc_column][\/vc_row][\/vc_section]<\/p>\n<\/div>","protected":false},"excerpt":{"rendered":"<p>[vc_section][vc_row full_width=&#8221;stretch_row_content_no_spaces&#8221;][vc_column][\/vc_column][\/vc_row][vc_row el_class=&#8221;breadcrumbs-wrapper&#8221;][vc_column][\/vc_column][\/vc_row][\/vc_section][vc_section][vc_row][vc_column width=&#8221;3\/4&#8243;][vc_custom_heading source=&#8221;post_title&#8221; font_container=&#8221;tag:h1|text_align:left&#8221; use_theme_fonts=&#8221;yes&#8221;][vc_column_text] Do you need water treatment systems that are specifically tailored to your areas of application? Whether you have limited space, special pipework or specific digitalization and automation solutions &#8211; with our tailor-made water treatment systems, we meet a wide range of factory specifications. So that you can use [&hellip;]<\/p>\n","protected":false},"author":3,"featured_media":0,"parent":7660,"menu_order":15,"comment_status":"closed","ping_status":"closed","template":"","meta":{"_acf_changed":false,"rs_blank_template":"","rs_page_bg_color":"","slide_template_v7":"","footnotes":""},"class_list":["post-8050","page","type-page","status-publish","hentry"],"acf":[],"yoast_head":"<!-- This site is optimized with the Yoast SEO Premium plugin v27.3 (Yoast SEO v27.3) - https:\/\/yoast.com\/product\/yoast-seo-premium-wordpress\/ -->\n<title>Individual water treatment &#8211; EnviroFALK<\/title>\n<meta name=\"description\" content=\"Individual water treatment, specially tailored to your application areas, whether ultrapure water, recirculation or ultrafiltration.\" \/>\n<meta name=\"robots\" content=\"index, follow, max-snippet:-1, max-image-preview:large, max-video-preview:-1\" \/>\n<link rel=\"canonical\" href=\"https:\/\/www.envirofalk.com\/en\/process-technologies-products\/individual-water-treatment\/\" \/>\n<meta property=\"og:locale\" content=\"en_US\" \/>\n<meta property=\"og:type\" content=\"article\" \/>\n<meta property=\"og:title\" content=\"Individual water treatment\" \/>\n<meta property=\"og:description\" content=\"Individual water treatment, specially tailored to your application areas, whether ultrapure water, recirculation or ultrafiltration.\" \/>\n<meta property=\"og:url\" content=\"https:\/\/www.envirofalk.com\/en\/process-technologies-products\/individual-water-treatment\/\" \/>\n<meta property=\"og:site_name\" content=\"EnviroFALK\" \/>\n<meta property=\"article:publisher\" content=\"https:\/\/www.facebook.com\/envirofalk\" \/>\n<meta property=\"article:modified_time\" content=\"2024-02-14T10:53:09+00:00\" \/>\n<meta name=\"twitter:card\" content=\"summary_large_image\" \/>\n<meta name=\"twitter:label1\" content=\"Est. reading time\" \/>\n\t<meta name=\"twitter:data1\" content=\"3 minutes\" \/>\n<script type=\"application\/ld+json\" class=\"yoast-schema-graph\">{\"@context\":\"https:\\\/\\\/schema.org\",\"@graph\":[{\"@type\":\"WebPage\",\"@id\":\"https:\\\/\\\/www.envirofalk.com\\\/en\\\/process-technologies-products\\\/individual-water-treatment\\\/\",\"url\":\"https:\\\/\\\/www.envirofalk.com\\\/en\\\/process-technologies-products\\\/individual-water-treatment\\\/\",\"name\":\"Individual water treatment &#8211; EnviroFALK\",\"isPartOf\":{\"@id\":\"https:\\\/\\\/www.envirofalk.com\\\/#website\"},\"datePublished\":\"2024-01-24T09:54:39+00:00\",\"dateModified\":\"2024-02-14T10:53:09+00:00\",\"description\":\"Individual water treatment, specially tailored to your application areas, whether ultrapure water, recirculation or ultrafiltration.\",\"breadcrumb\":{\"@id\":\"https:\\\/\\\/www.envirofalk.com\\\/en\\\/process-technologies-products\\\/individual-water-treatment\\\/#breadcrumb\"},\"inLanguage\":\"en-US\",\"potentialAction\":[{\"@type\":\"ReadAction\",\"target\":[\"https:\\\/\\\/www.envirofalk.com\\\/en\\\/process-technologies-products\\\/individual-water-treatment\\\/\"]}]},{\"@type\":\"BreadcrumbList\",\"@id\":\"https:\\\/\\\/www.envirofalk.com\\\/en\\\/process-technologies-products\\\/individual-water-treatment\\\/#breadcrumb\",\"itemListElement\":[{\"@type\":\"ListItem\",\"position\":1,\"name\":\"Home\",\"item\":\"https:\\\/\\\/www.envirofalk.com\\\/en\\\/\"},{\"@type\":\"ListItem\",\"position\":2,\"name\":\"Process technologies &amp; products\",\"item\":\"https:\\\/\\\/www.envirofalk.com\\\/en\\\/process-technologies-products\\\/\"},{\"@type\":\"ListItem\",\"position\":3,\"name\":\"Individual water treatment\"}]},{\"@type\":\"WebSite\",\"@id\":\"https:\\\/\\\/www.envirofalk.com\\\/#website\",\"url\":\"https:\\\/\\\/www.envirofalk.com\\\/\",\"name\":\"EnviroFALK\",\"description\":\"Water treatment systems for industry, trade &amp; laboratory\",\"publisher\":{\"@id\":\"https:\\\/\\\/www.envirofalk.com\\\/#organization\"},\"potentialAction\":[{\"@type\":\"SearchAction\",\"target\":{\"@type\":\"EntryPoint\",\"urlTemplate\":\"https:\\\/\\\/www.envirofalk.com\\\/?s={search_term_string}\"},\"query-input\":{\"@type\":\"PropertyValueSpecification\",\"valueRequired\":true,\"valueName\":\"search_term_string\"}}],\"inLanguage\":\"en-US\"},{\"@type\":\"Organization\",\"@id\":\"https:\\\/\\\/www.envirofalk.com\\\/#organization\",\"name\":\"EnviroFALK\",\"url\":\"https:\\\/\\\/www.envirofalk.com\\\/\",\"logo\":{\"@type\":\"ImageObject\",\"inLanguage\":\"en-US\",\"@id\":\"https:\\\/\\\/www.envirofalk.com\\\/#\\\/schema\\\/logo\\\/image\\\/\",\"url\":\"https:\\\/\\\/www.envirofalk.com\\\/wp-content\\\/uploads\\\/2023\\\/01\\\/logo.svg\",\"contentUrl\":\"https:\\\/\\\/www.envirofalk.com\\\/wp-content\\\/uploads\\\/2023\\\/01\\\/logo.svg\",\"caption\":\"EnviroFALK\"},\"image\":{\"@id\":\"https:\\\/\\\/www.envirofalk.com\\\/#\\\/schema\\\/logo\\\/image\\\/\"},\"sameAs\":[\"https:\\\/\\\/www.facebook.com\\\/envirofalk\",\"https:\\\/\\\/www.linkedin.com\\\/company\\\/envirofalk-gmbh\",\"https:\\\/\\\/www.youtube.com\\\/channel\\\/UCM1L-2K6cfBbP3aYgJGbVdA\"],\"description\":\"EnviroFALK Prozesswassertechnik ist Ihr Spezialist f\u00fcr ma\u00dfgeschneiderte Wasseraufbereitungsl\u00f6sungen in der Industrie. Wir bieten innovative Technologien f\u00fcr die Erzeugung und Aufbereitung von Prozesswasser, um h\u00f6chste Effizienz und Qualit\u00e4t in Ihren Produktionsprozessen zu gew\u00e4hrleisten. Mit jahrzehntelanger Erfahrung entwickeln wir nachhaltige und ressourcenschonende L\u00f6sungen, die exakt auf die Anforderungen unserer Kunden abgestimmt sind. Unsere Leistungen umfassen die Filtration, Enth\u00e4rtung, Entsalzung und R\u00fcckgewinnung von Wasser f\u00fcr verschiedenste Anwendungen \u2013 von der Metallverarbeitung bis zur Lebensmittelindustrie. Unsere Experten begleiten Sie von der Planung \u00fcber die Implementierung bis hin zum Service, um eine zuverl\u00e4ssige und wirtschaftliche Wasseraufbereitung sicherzustellen.\",\"email\":\"info@envirofalk.com\",\"telephone\":\"+49 2663 9908-0\",\"legalName\":\"EnviroFALK GmbH\",\"foundingDate\":\"1989-05-01\"}]}<\/script>\n<!-- \/ Yoast SEO Premium plugin. -->","yoast_head_json":{"title":"Individual water treatment &#8211; EnviroFALK","description":"Individual water treatment, specially tailored to your application areas, whether ultrapure water, recirculation or ultrafiltration.","robots":{"index":"index","follow":"follow","max-snippet":"max-snippet:-1","max-image-preview":"max-image-preview:large","max-video-preview":"max-video-preview:-1"},"canonical":"https:\/\/www.envirofalk.com\/en\/process-technologies-products\/individual-water-treatment\/","og_locale":"en_US","og_type":"article","og_title":"Individual water treatment","og_description":"Individual water treatment, specially tailored to your application areas, whether ultrapure water, recirculation or ultrafiltration.","og_url":"https:\/\/www.envirofalk.com\/en\/process-technologies-products\/individual-water-treatment\/","og_site_name":"EnviroFALK","article_publisher":"https:\/\/www.facebook.com\/envirofalk","article_modified_time":"2024-02-14T10:53:09+00:00","twitter_card":"summary_large_image","twitter_misc":{"Est. reading time":"3 minutes"},"schema":{"@context":"https:\/\/schema.org","@graph":[{"@type":"WebPage","@id":"https:\/\/www.envirofalk.com\/en\/process-technologies-products\/individual-water-treatment\/","url":"https:\/\/www.envirofalk.com\/en\/process-technologies-products\/individual-water-treatment\/","name":"Individual water treatment &#8211; EnviroFALK","isPartOf":{"@id":"https:\/\/www.envirofalk.com\/#website"},"datePublished":"2024-01-24T09:54:39+00:00","dateModified":"2024-02-14T10:53:09+00:00","description":"Individual water treatment, specially tailored to your application areas, whether ultrapure water, recirculation or ultrafiltration.","breadcrumb":{"@id":"https:\/\/www.envirofalk.com\/en\/process-technologies-products\/individual-water-treatment\/#breadcrumb"},"inLanguage":"en-US","potentialAction":[{"@type":"ReadAction","target":["https:\/\/www.envirofalk.com\/en\/process-technologies-products\/individual-water-treatment\/"]}]},{"@type":"BreadcrumbList","@id":"https:\/\/www.envirofalk.com\/en\/process-technologies-products\/individual-water-treatment\/#breadcrumb","itemListElement":[{"@type":"ListItem","position":1,"name":"Home","item":"https:\/\/www.envirofalk.com\/en\/"},{"@type":"ListItem","position":2,"name":"Process technologies &amp; products","item":"https:\/\/www.envirofalk.com\/en\/process-technologies-products\/"},{"@type":"ListItem","position":3,"name":"Individual water treatment"}]},{"@type":"WebSite","@id":"https:\/\/www.envirofalk.com\/#website","url":"https:\/\/www.envirofalk.com\/","name":"EnviroFALK","description":"Water treatment systems for industry, trade &amp; laboratory","publisher":{"@id":"https:\/\/www.envirofalk.com\/#organization"},"potentialAction":[{"@type":"SearchAction","target":{"@type":"EntryPoint","urlTemplate":"https:\/\/www.envirofalk.com\/?s={search_term_string}"},"query-input":{"@type":"PropertyValueSpecification","valueRequired":true,"valueName":"search_term_string"}}],"inLanguage":"en-US"},{"@type":"Organization","@id":"https:\/\/www.envirofalk.com\/#organization","name":"EnviroFALK","url":"https:\/\/www.envirofalk.com\/","logo":{"@type":"ImageObject","inLanguage":"en-US","@id":"https:\/\/www.envirofalk.com\/#\/schema\/logo\/image\/","url":"https:\/\/www.envirofalk.com\/wp-content\/uploads\/2023\/01\/logo.svg","contentUrl":"https:\/\/www.envirofalk.com\/wp-content\/uploads\/2023\/01\/logo.svg","caption":"EnviroFALK"},"image":{"@id":"https:\/\/www.envirofalk.com\/#\/schema\/logo\/image\/"},"sameAs":["https:\/\/www.facebook.com\/envirofalk","https:\/\/www.linkedin.com\/company\/envirofalk-gmbh","https:\/\/www.youtube.com\/channel\/UCM1L-2K6cfBbP3aYgJGbVdA"],"description":"EnviroFALK Prozesswassertechnik ist Ihr Spezialist f\u00fcr ma\u00dfgeschneiderte Wasseraufbereitungsl\u00f6sungen in der Industrie. Wir bieten innovative Technologien f\u00fcr die Erzeugung und Aufbereitung von Prozesswasser, um h\u00f6chste Effizienz und Qualit\u00e4t in Ihren Produktionsprozessen zu gew\u00e4hrleisten. Mit jahrzehntelanger Erfahrung entwickeln wir nachhaltige und ressourcenschonende L\u00f6sungen, die exakt auf die Anforderungen unserer Kunden abgestimmt sind. Unsere Leistungen umfassen die Filtration, Enth\u00e4rtung, Entsalzung und R\u00fcckgewinnung von Wasser f\u00fcr verschiedenste Anwendungen \u2013 von der Metallverarbeitung bis zur Lebensmittelindustrie. Unsere Experten begleiten Sie von der Planung \u00fcber die Implementierung bis hin zum Service, um eine zuverl\u00e4ssige und wirtschaftliche Wasseraufbereitung sicherzustellen.","email":"info@envirofalk.com","telephone":"+49 2663 9908-0","legalName":"EnviroFALK GmbH","foundingDate":"1989-05-01"}]}},"_links":{"self":[{"href":"https:\/\/www.envirofalk.com\/en\/wp-json\/wp\/v2\/pages\/8050","targetHints":{"allow":["GET"]}}],"collection":[{"href":"https:\/\/www.envirofalk.com\/en\/wp-json\/wp\/v2\/pages"}],"about":[{"href":"https:\/\/www.envirofalk.com\/en\/wp-json\/wp\/v2\/types\/page"}],"author":[{"embeddable":true,"href":"https:\/\/www.envirofalk.com\/en\/wp-json\/wp\/v2\/users\/3"}],"replies":[{"embeddable":true,"href":"https:\/\/www.envirofalk.com\/en\/wp-json\/wp\/v2\/comments?post=8050"}],"version-history":[{"count":11,"href":"https:\/\/www.envirofalk.com\/en\/wp-json\/wp\/v2\/pages\/8050\/revisions"}],"predecessor-version":[{"id":11788,"href":"https:\/\/www.envirofalk.com\/en\/wp-json\/wp\/v2\/pages\/8050\/revisions\/11788"}],"up":[{"embeddable":true,"href":"https:\/\/www.envirofalk.com\/en\/wp-json\/wp\/v2\/pages\/7660"}],"wp:attachment":[{"href":"https:\/\/www.envirofalk.com\/en\/wp-json\/wp\/v2\/media?parent=8050"}],"curies":[{"name":"wp","href":"https:\/\/api.w.org\/{rel}","templated":true}]}}