{"id":8008,"date":"2024-01-24T10:54:37","date_gmt":"2024-01-24T09:54:37","guid":{"rendered":"https:\/\/www.envirofalk.com\/our-locations\/"},"modified":"2026-04-14T16:12:05","modified_gmt":"2026-04-14T14:12:05","slug":"our-locations","status":"publish","type":"page","link":"https:\/\/www.envirofalk.com\/en\/the-company\/our-locations\/","title":{"rendered":"Our locations"},"content":{"rendered":"<div class=\"wpb-content-wrapper\"><p>[vc_section][vc_row full_width=&#8221;stretch_row_content_no_spaces&#8221;][vc_column]<div class=\"custom-top-banner img-box   has-icon\" style=\"background-image: url(https:\/\/www.envirofalk.com\/wp-content\/uploads\/2023\/08\/EnviroFALK_Mitarbeiter_Wasseraufbereitungsanlage.jpg)\"><div class=\"container relative\"><div class=\"text-box\"><div class=\"slideInRight animated\"><img loading=\"lazy\" decoding=\"async\" width=\"1\" height=\"1\" src=\"https:\/\/www.envirofalk.com\/wp-content\/uploads\/2023\/09\/Wasseraufbereitung_EnviroFALK_Logo.svg\" class=\"attachment-120x120 size-120x120\" alt=\"EnviroFALK-Logo Icon\" \/><p>Our <strong>locations<\/strong><\/p><\/div><\/div><\/div><\/div>[\/vc_column][\/vc_row][vc_row el_class=&#8221;breadcrumbs-wrapper&#8221;][vc_column]<div class=\"breadcrumbs\"><label><\/label> <a href=\"https:\/\/www.envirofalk.com\/en\/\">Home<\/a><\/div>[\/vc_column][\/vc_row][\/vc_section][vc_section][vc_row css_animation=&#8221;slideInUp&#8221; el_class=&#8221;tablet-row&#8221;][vc_column width=&#8221;3\/4&#8243;][vc_custom_heading text=&#8221;EnviroFALK locations &#8211; we are close to you!&#8221; font_container=&#8221;tag:h1|text_align:left&#8221; use_theme_fonts=&#8221;yes&#8221;][vc_column_text]Good service and proximity to the customer go hand in hand at EnviroFALK. Do you need spare and wear parts for your water treatment systems?<br \/>\nWould you like to have your ion exchanger cartridges regenerated? We would be happy to advise you personally and also directly on site.<\/p>\n<p>Use our location search to find the nearest EnviroFALK branch in your area.<\/p>\n<p>Get to know us, because we are here for you![\/vc_column_text][\/vc_column][vc_column width=&#8221;1\/4&#8243;]<div class=\"online-consultant-box  wpb_content_element\"><div class=\"online-consultant\"><div><div class=\"person-info\"><h5>Christina Hanxleden<\/h5><ul class=\"person-list\"><li><a href=\"tel:+49 2663 9908-0\">+49 2663 9908-0<\/a><\/li><\/ul><\/div><a href=\"#beratung\" target=\"_self\" class=\"custom-btn show-modal\"><i class=\"icon-chevron-right\"><\/i>Schreiben Sie uns!<\/a><\/div><div class=\"relative\"><svg xmlns=\"http:\/\/www.w3.org\/2000\/svg\" viewBox=\"0 0 32.83 32.83\">\n\t\t\t\t\t\t\t\t\t<defs>\n\t\t\t\t\t\t\t\t\t\t<linearGradient id=\"gradient\" x1=\"0%\" y1=\"0%\" x2=\"0%\" y2=\"100%\" gradientTransform=\"rotate(-135)\">\n\t\t\t\t\t\t\t\t\t\t\t<stop offset=\"0%\" stop-color=\"#97be0d\"\/>\n\t\t\t\t\t\t\t\t\t\t\t\t<stop offset=\"100%\" stop-color=\"rgba(255, 255, 255, 0)\"\/>\n\t\t\t\t\t\t\t\t\t\t<\/linearGradient>\n\t\t\t\t\t\t\t\t\t<\/defs>\n\t\t\t\t\t\t\t\t\t<path class=\"wpb_animate_when_almost_visible circular-progress\" stroke=\"url(#gradient)\" stroke-width=\"1\" stroke-dasharray=\"100, 100\" fill=\"none\" d=\"M18,2.08a15.92,15.92,0,0,1,0,31.84h0A15.92,15.92,0,0,1,18,2.08\" transform=\"translate(-1.59 -1.58)\"\/>\n                            \t<\/svg><span><img loading=\"lazy\" decoding=\"async\" width=\"800\" height=\"800\" src=\"https:\/\/www.envirofalk.com\/wp-content\/uploads\/2023\/08\/Christina_Hanxleden_Kontakt_EnviroFALK.png\" class=\"attachment-full size-full\" alt=\"Mitarbeiterin Christina Hanxleden\" srcset=\"https:\/\/www.envirofalk.com\/wp-content\/uploads\/2023\/08\/Christina_Hanxleden_Kontakt_EnviroFALK.png 800w, https:\/\/www.envirofalk.com\/wp-content\/uploads\/2023\/08\/Christina_Hanxleden_Kontakt_EnviroFALK-350x350.png 350w, https:\/\/www.envirofalk.com\/wp-content\/uploads\/2023\/08\/Christina_Hanxleden_Kontakt_EnviroFALK-150x150.png 150w, https:\/\/www.envirofalk.com\/wp-content\/uploads\/2023\/08\/Christina_Hanxleden_Kontakt_EnviroFALK-768x768.png 768w\" sizes=\"auto, (max-width: 800px) 100vw, 800px\" \/><\/span><\/div><\/div><\/div>[\/vc_column][\/vc_row][vc_row][vc_column css_animation=&#8221;fadeInUpBig&#8221;]<div class=\"teaser-boxes wpb_content_element\"><div><a href=\"https:\/\/www.envirofalk.com\/en\/the-company\/our-locations\/berlin-branch\/\" target=\"_self\"><figure class=\"img-box \" style=\"background-image: url(https:\/\/www.envirofalk.com\/wp-content\/uploads\/2023\/11\/EnviroFALK_Berlin_Wasseraufbereitung.webp)\"><\/figure><\/a><div class=\"text-box\"><h3 class=\"entry-title no-icon\"><a href=\"https:\/\/www.envirofalk.com\/en\/the-company\/our-locations\/berlin-branch\/\" target=\"_self\">Branch Berlin<\/a><\/h3><div class=\"wpb_text_column\">EnviroFALK GmbH - Niederlassung Berlin\nHelmholtzstrasse 2 \u2013 9,\n10587 Berlin\n<\/div><\/div><\/div><div><a href=\"https:\/\/www.envirofalk.com\/en\/the-company\/our-locations\/north-branch\/\" target=\"_self\"><figure class=\"img-box \" style=\"background-image: url(https:\/\/www.envirofalk.com\/wp-content\/uploads\/2023\/11\/EF_Hamburg_1920x640_1-e802f924.webp)\"><\/figure><\/a><div class=\"text-box\"><h3 class=\"entry-title no-icon\"><a href=\"https:\/\/www.envirofalk.com\/en\/the-company\/our-locations\/north-branch\/\" target=\"_self\">Branch Nord<\/a><\/h3><div class=\"wpb_text_column\">EnviroFALK GmbH - Niederlassung Nord\nWalter-Schmedemann-Strasse 1 A,\n22419 Hamburg\n<\/div><\/div><\/div><div><a href=\"https:\/\/www.envirofalk.com\/en\/the-company\/our-locations\/baden-wuerttemberg-branch\/\" target=\"_self\"><figure class=\"img-box \" style=\"background-image: url(https:\/\/www.envirofalk.com\/wp-content\/uploads\/2023\/11\/EF_Baden_Wuerttemberg2_1920x640-c9eada29.webp)\"><\/figure><\/a><div class=\"text-box\"><h3 class=\"entry-title no-icon\"><a href=\"https:\/\/www.envirofalk.com\/en\/the-company\/our-locations\/baden-wuerttemberg-branch\/\" target=\"_self\">Branch Baden-Wuerttemberg<\/a><\/h3><div class=\"wpb_text_column\">EnviroFALK GmbH - Niederlassung Baden-W\u00fcrttemberg\nAm Wald 9,\n78727 Oberndorf\n<\/div><\/div><\/div><\/div><div class=\"teaser-boxes wpb_content_element\"><div><a href=\"https:\/\/www.envirofalk.com\/en\/the-company\/our-locations\/jena-branch\/\" target=\"_self\"><figure class=\"img-box \" style=\"background-image: url(https:\/\/www.envirofalk.com\/wp-content\/uploads\/2023\/11\/Jena.webp)\"><\/figure><\/a><div class=\"text-box\"><h3 class=\"entry-title no-icon\"><a href=\"https:\/\/www.envirofalk.com\/en\/the-company\/our-locations\/jena-branch\/\" target=\"_self\">Branch Jena<\/a><\/h3><div class=\"wpb_text_column\">EnviroFALK GmbH - Niederlassung Jena\nZ\u00f6llnitzer Stra\u00dfe 4\n07751 Jena-Z\u00f6llnitz\n<\/div><\/div><\/div><div><a href=\"https:\/\/envirofalk.com\/en\/the-company\/our-locations\/bavaria-branch\/\" target=\"_self\"><figure class=\"img-box \" style=\"background-image: url(https:\/\/www.envirofalk.com\/wp-content\/uploads\/2023\/08\/EnviroFALK_Firmengebaeude_Bayern.jpg)\"><\/figure><\/a><div class=\"text-box\"><h3 class=\"entry-title no-icon\"><a href=\"https:\/\/envirofalk.com\/en\/the-company\/our-locations\/bavaria-branch\/\" target=\"_self\">Branch Bavaria<\/a><\/h3><div class=\"wpb_text_column\">EnviroFALK GmbH - Niederlassung Bayern\nFraunhoferring 7\n85238 Petershausen<\/div><\/div><\/div><div><a href=\"https:\/\/envirofalk.com\/en\/the-company\/our-locations\/regeneration-base-wuerzburg\/\" target=\"_self\"><figure class=\"img-box \" style=\"background-image: url(https:\/\/www.envirofalk.com\/wp-content\/uploads\/2023\/05\/Regeneration_Wasseraufbereitung_Wuerzburg_News.jpg)\"><\/figure><\/a><div class=\"text-box\"><h3 class=\"entry-title no-icon\"><a href=\"https:\/\/envirofalk.com\/en\/the-company\/our-locations\/regeneration-base-wuerzburg\/\" target=\"_self\"> Regeneration centre Wuerzburg<\/a><\/h3><div class=\"wpb_text_column\">EnviroFALK GmbH - Regeneration centre W\u00fcrzburg\nRingstrasse 15,\n97270 Kist\n<\/div><\/div><\/div><\/div><div class=\"teaser-boxes wpb_content_element\"><div><a href=\"https:\/\/www.envirofalk.com\/en\/the-company\/our-locations\/envirofalk-gmbh-service-center-fuerth\/\" target=\"_self\"><figure class=\"img-box \" style=\"background-image: url(https:\/\/www.envirofalk.com\/wp-content\/uploads\/2023\/11\/Montage-Inbetriebnahme-fb43c09b.webp)\"><\/figure><\/a><div class=\"text-box\"><h3 class=\"entry-title no-icon\"><a href=\"https:\/\/www.envirofalk.com\/en\/the-company\/our-locations\/envirofalk-gmbh-service-center-fuerth\/\" target=\"_self\">Service centre Fuerth<\/a><\/h3><div class=\"wpb_text_column\">EnviroFALK GmbH - Service-St\u00fctzpunkt F\u00fcrth\nDaimlerstrasse 8,\n90766 F\u00fcrth\n\n<\/div><\/div><\/div><div><a href=\"https:\/\/www.envirofalk.com\/en\/the-company\/our-locations\/cologne-branch\/\" target=\"_self\"><figure class=\"img-box \" style=\"background-image: url(https:\/\/www.envirofalk.com\/wp-content\/uploads\/2023\/11\/EF_NL_Koeln_1920x640_h-21034fe2.webp)\"><\/figure><\/a><div class=\"text-box\"><h3 class=\"entry-title no-icon\"><a href=\"https:\/\/www.envirofalk.com\/en\/the-company\/our-locations\/cologne-branch\/\" target=\"_self\">Branch Cologne<\/a><\/h3><div class=\"wpb_text_column\">EnviroFALK GmbH - Niederlassung K\u00f6ln\nHerseler Strasse 3,\n50389 Wesseling\n<\/div><\/div><\/div><div><a href=\"https:\/\/www.envirofalk.com\/en\/the-company\/our-locations\/bielefeld-branch\/\" target=\"_self\"><figure class=\"img-box \" style=\"background-image: url(https:\/\/www.envirofalk.com\/wp-content\/uploads\/2023\/12\/EF_Bielefeld_7_lr-cd3665df.webp)\"><\/figure><\/a><div class=\"text-box\"><h3 class=\"entry-title no-icon\"><a href=\"https:\/\/www.envirofalk.com\/en\/the-company\/our-locations\/bielefeld-branch\/\" target=\"_self\">Branch Bielefeld<\/a><\/h3><div class=\"wpb_text_column\">EnviroFALK GmbH - Niederlassung Bielefeld\nPaderborner Strasse 315\/4,\n33689 Bielefeld\n<\/div><\/div><\/div><\/div><div class=\"teaser-boxes wpb_content_element\"><div><a href=\"https:\/\/www.envirofalk.com\/en\/the-company\/our-locations\/afs-solutions-gmbh-envirofalk-seevetal-branch\/\" target=\"_self\"><figure class=\"img-box \" style=\"background-image: url(https:\/\/www.envirofalk.com\/wp-content\/uploads\/2023\/11\/EnviroFALK_Wassertechnologie_Standort.jpg)\"><\/figure><\/a><div class=\"text-box\"><h3 class=\"entry-title no-icon\"><a href=\"https:\/\/www.envirofalk.com\/en\/the-company\/our-locations\/afs-solutions-gmbh-envirofalk-seevetal-branch\/\" target=\"_self\">EnviroFALK Wassertechnologie GmbH Seevetal<\/a><\/h3><div class=\"wpb_text_column\">EnviroFALK Wassertechnologie GmbH\nAn der Reitbahn 1a,\n21218 Seevetal-Hittfeld\n\n<\/div><\/div><\/div><div><a href=\"https:\/\/www.envirofalk.com\/en\/the-company\/our-locations\/envirofalk-ag-switzerland\/\" target=\"_self\"><figure class=\"img-box \" style=\"background-image: url(https:\/\/www.envirofalk.com\/wp-content\/uploads\/2023\/11\/Schweiz.webp)\"><\/figure><\/a><div class=\"text-box\"><h3 class=\"entry-title no-icon\"><a href=\"https:\/\/www.envirofalk.com\/en\/the-company\/our-locations\/envirofalk-ag-switzerland\/\" target=\"_self\">EnviroFALK AG - Switzerland<\/a><\/h3><div class=\"wpb_text_column\">EnviroFALK AG - Schweiz\nB\u00f6sch 27,\n6331 H\u00fcnenberg\n<\/div><\/div><\/div><\/div>[\/vc_column][\/vc_row][\/vc_section]<\/p>\n<\/div>","protected":false},"excerpt":{"rendered":"<p>[vc_section][vc_row full_width=&#8221;stretch_row_content_no_spaces&#8221;][vc_column][\/vc_column][\/vc_row][vc_row el_class=&#8221;breadcrumbs-wrapper&#8221;][vc_column][\/vc_column][\/vc_row][\/vc_section][vc_section][vc_row css_animation=&#8221;slideInUp&#8221; el_class=&#8221;tablet-row&#8221;][vc_column width=&#8221;3\/4&#8243;][vc_custom_heading text=&#8221;EnviroFALK locations &#8211; we are close to you!&#8221; font_container=&#8221;tag:h1|text_align:left&#8221; use_theme_fonts=&#8221;yes&#8221;][vc_column_text]Good service and proximity to the customer go hand in hand at EnviroFALK. Do you need spare and wear parts for your water treatment systems? Would you like to have your ion exchanger cartridges regenerated? We would be happy to [&hellip;]<\/p>\n","protected":false},"author":3,"featured_media":0,"parent":8051,"menu_order":2,"comment_status":"closed","ping_status":"closed","template":"","meta":{"_acf_changed":false,"rs_blank_template":"","rs_page_bg_color":"","slide_template_v7":"","footnotes":""},"class_list":["post-8008","page","type-page","status-publish","hentry"],"acf":[],"yoast_head":"<!-- This site is optimized with the Yoast SEO Premium plugin v27.5 (Yoast SEO v27.5) - https:\/\/yoast.com\/product\/yoast-seo-premium-wordpress\/ -->\n<title>Our locations &#8211; EnviroFALK<\/title>\n<meta name=\"robots\" content=\"index, follow, max-snippet:-1, max-image-preview:large, max-video-preview:-1\" \/>\n<link rel=\"canonical\" href=\"https:\/\/www.envirofalk.com\/en\/the-company\/our-locations\/\" \/>\n<meta property=\"og:locale\" content=\"en_US\" \/>\n<meta property=\"og:type\" content=\"article\" \/>\n<meta property=\"og:title\" content=\"Our locations\" \/>\n<meta property=\"og:description\" content=\"[vc_section][vc_row full_width=&#8221;stretch_row_content_no_spaces&#8221;][vc_column][\/vc_column][\/vc_row][vc_row el_class=&#8221;breadcrumbs-wrapper&#8221;][vc_column][\/vc_column][\/vc_row][\/vc_section][vc_section][vc_row css_animation=&#8221;slideInUp&#8221; el_class=&#8221;tablet-row&#8221;][vc_column width=&#8221;3\/4&#8243;][vc_custom_heading text=&#8221;EnviroFALK locations &#8211; we are close to you!&#8221; font_container=&#8221;tag:h1|text_align:left&#8221; use_theme_fonts=&#8221;yes&#8221;][vc_column_text]Good service and proximity to the customer go hand in hand at EnviroFALK. Do you need spare and wear parts for your water treatment systems? Would you like to have your ion exchanger cartridges regenerated? We would be happy to [&hellip;]\" \/>\n<meta property=\"og:url\" content=\"https:\/\/www.envirofalk.com\/en\/the-company\/our-locations\/\" \/>\n<meta property=\"og:site_name\" content=\"EnviroFALK\" \/>\n<meta property=\"article:publisher\" content=\"https:\/\/www.facebook.com\/envirofalk\" \/>\n<meta property=\"article:modified_time\" content=\"2026-04-14T14:12:05+00:00\" \/>\n<meta name=\"twitter:card\" content=\"summary_large_image\" \/>\n<meta name=\"twitter:label1\" content=\"Est. reading time\" \/>\n\t<meta name=\"twitter:data1\" content=\"1 minute\" \/>\n<script type=\"application\/ld+json\" class=\"yoast-schema-graph\">{\"@context\":\"https:\\\/\\\/schema.org\",\"@graph\":[{\"@type\":\"WebPage\",\"@id\":\"https:\\\/\\\/www.envirofalk.com\\\/en\\\/the-company\\\/our-locations\\\/\",\"url\":\"https:\\\/\\\/www.envirofalk.com\\\/en\\\/the-company\\\/our-locations\\\/\",\"name\":\"Our locations &#8211; EnviroFALK\",\"isPartOf\":{\"@id\":\"https:\\\/\\\/www.envirofalk.com\\\/en\\\/#website\"},\"datePublished\":\"2024-01-24T09:54:37+00:00\",\"dateModified\":\"2026-04-14T14:12:05+00:00\",\"breadcrumb\":{\"@id\":\"https:\\\/\\\/www.envirofalk.com\\\/en\\\/the-company\\\/our-locations\\\/#breadcrumb\"},\"inLanguage\":\"en-US\",\"potentialAction\":[{\"@type\":\"ReadAction\",\"target\":[\"https:\\\/\\\/www.envirofalk.com\\\/en\\\/the-company\\\/our-locations\\\/\"]}]},{\"@type\":\"BreadcrumbList\",\"@id\":\"https:\\\/\\\/www.envirofalk.com\\\/en\\\/the-company\\\/our-locations\\\/#breadcrumb\",\"itemListElement\":[{\"@type\":\"ListItem\",\"position\":1,\"name\":\"Home\",\"item\":\"https:\\\/\\\/www.envirofalk.com\\\/en\\\/\"},{\"@type\":\"ListItem\",\"position\":2,\"name\":\"The company\",\"item\":\"https:\\\/\\\/www.envirofalk.com\\\/en\\\/the-company\\\/\"},{\"@type\":\"ListItem\",\"position\":3,\"name\":\"Our locations\"}]},{\"@type\":\"WebSite\",\"@id\":\"https:\\\/\\\/www.envirofalk.com\\\/en\\\/#website\",\"url\":\"https:\\\/\\\/www.envirofalk.com\\\/en\\\/\",\"name\":\"EnviroFALK\",\"description\":\"Water treatment systems for industry, trade &amp; laboratory\",\"publisher\":{\"@id\":\"https:\\\/\\\/www.envirofalk.com\\\/en\\\/#organization\"},\"potentialAction\":[{\"@type\":\"SearchAction\",\"target\":{\"@type\":\"EntryPoint\",\"urlTemplate\":\"https:\\\/\\\/www.envirofalk.com\\\/en\\\/?s={search_term_string}\"},\"query-input\":{\"@type\":\"PropertyValueSpecification\",\"valueRequired\":true,\"valueName\":\"search_term_string\"}}],\"inLanguage\":\"en-US\"},{\"@type\":\"Organization\",\"@id\":\"https:\\\/\\\/www.envirofalk.com\\\/en\\\/#organization\",\"name\":\"EnviroFALK\",\"url\":\"https:\\\/\\\/www.envirofalk.com\\\/en\\\/\",\"logo\":{\"@type\":\"ImageObject\",\"inLanguage\":\"en-US\",\"@id\":\"https:\\\/\\\/www.envirofalk.com\\\/en\\\/#\\\/schema\\\/logo\\\/image\\\/\",\"url\":\"https:\\\/\\\/www.envirofalk.com\\\/wp-content\\\/uploads\\\/2023\\\/01\\\/logo.svg\",\"contentUrl\":\"https:\\\/\\\/www.envirofalk.com\\\/wp-content\\\/uploads\\\/2023\\\/01\\\/logo.svg\",\"caption\":\"EnviroFALK\"},\"image\":{\"@id\":\"https:\\\/\\\/www.envirofalk.com\\\/en\\\/#\\\/schema\\\/logo\\\/image\\\/\"},\"sameAs\":[\"https:\\\/\\\/www.facebook.com\\\/envirofalk\",\"https:\\\/\\\/www.linkedin.com\\\/company\\\/envirofalk-gmbh\",\"https:\\\/\\\/www.youtube.com\\\/channel\\\/UCM1L-2K6cfBbP3aYgJGbVdA\"],\"description\":\"EnviroFALK Prozesswassertechnik ist Ihr Spezialist f\u00fcr ma\u00dfgeschneiderte Wasseraufbereitungsl\u00f6sungen in der Industrie. Wir bieten innovative Technologien f\u00fcr die Erzeugung und Aufbereitung von Prozesswasser, um h\u00f6chste Effizienz und Qualit\u00e4t in Ihren Produktionsprozessen zu gew\u00e4hrleisten. Mit jahrzehntelanger Erfahrung entwickeln wir nachhaltige und ressourcenschonende L\u00f6sungen, die exakt auf die Anforderungen unserer Kunden abgestimmt sind. Unsere Leistungen umfassen die Filtration, Enth\u00e4rtung, Entsalzung und R\u00fcckgewinnung von Wasser f\u00fcr verschiedenste Anwendungen \u2013 von der Metallverarbeitung bis zur Lebensmittelindustrie. Unsere Experten begleiten Sie von der Planung \u00fcber die Implementierung bis hin zum Service, um eine zuverl\u00e4ssige und wirtschaftliche Wasseraufbereitung sicherzustellen.\",\"email\":\"info@envirofalk.com\",\"telephone\":\"+49 2663 9908-0\",\"legalName\":\"EnviroFALK GmbH\",\"foundingDate\":\"1989-05-01\"}]}<\/script>\n<!-- \/ Yoast SEO Premium plugin. -->","yoast_head_json":{"title":"Our locations &#8211; EnviroFALK","robots":{"index":"index","follow":"follow","max-snippet":"max-snippet:-1","max-image-preview":"max-image-preview:large","max-video-preview":"max-video-preview:-1"},"canonical":"https:\/\/www.envirofalk.com\/en\/the-company\/our-locations\/","og_locale":"en_US","og_type":"article","og_title":"Our locations","og_description":"[vc_section][vc_row full_width=&#8221;stretch_row_content_no_spaces&#8221;][vc_column][\/vc_column][\/vc_row][vc_row el_class=&#8221;breadcrumbs-wrapper&#8221;][vc_column][\/vc_column][\/vc_row][\/vc_section][vc_section][vc_row css_animation=&#8221;slideInUp&#8221; el_class=&#8221;tablet-row&#8221;][vc_column width=&#8221;3\/4&#8243;][vc_custom_heading text=&#8221;EnviroFALK locations &#8211; we are close to you!&#8221; font_container=&#8221;tag:h1|text_align:left&#8221; use_theme_fonts=&#8221;yes&#8221;][vc_column_text]Good service and proximity to the customer go hand in hand at EnviroFALK. Do you need spare and wear parts for your water treatment systems? Would you like to have your ion exchanger cartridges regenerated? We would be happy to [&hellip;]","og_url":"https:\/\/www.envirofalk.com\/en\/the-company\/our-locations\/","og_site_name":"EnviroFALK","article_publisher":"https:\/\/www.facebook.com\/envirofalk","article_modified_time":"2026-04-14T14:12:05+00:00","twitter_card":"summary_large_image","twitter_misc":{"Est. reading time":"1 minute"},"schema":{"@context":"https:\/\/schema.org","@graph":[{"@type":"WebPage","@id":"https:\/\/www.envirofalk.com\/en\/the-company\/our-locations\/","url":"https:\/\/www.envirofalk.com\/en\/the-company\/our-locations\/","name":"Our locations &#8211; EnviroFALK","isPartOf":{"@id":"https:\/\/www.envirofalk.com\/en\/#website"},"datePublished":"2024-01-24T09:54:37+00:00","dateModified":"2026-04-14T14:12:05+00:00","breadcrumb":{"@id":"https:\/\/www.envirofalk.com\/en\/the-company\/our-locations\/#breadcrumb"},"inLanguage":"en-US","potentialAction":[{"@type":"ReadAction","target":["https:\/\/www.envirofalk.com\/en\/the-company\/our-locations\/"]}]},{"@type":"BreadcrumbList","@id":"https:\/\/www.envirofalk.com\/en\/the-company\/our-locations\/#breadcrumb","itemListElement":[{"@type":"ListItem","position":1,"name":"Home","item":"https:\/\/www.envirofalk.com\/en\/"},{"@type":"ListItem","position":2,"name":"The company","item":"https:\/\/www.envirofalk.com\/en\/the-company\/"},{"@type":"ListItem","position":3,"name":"Our locations"}]},{"@type":"WebSite","@id":"https:\/\/www.envirofalk.com\/en\/#website","url":"https:\/\/www.envirofalk.com\/en\/","name":"EnviroFALK","description":"Water treatment systems for industry, trade &amp; laboratory","publisher":{"@id":"https:\/\/www.envirofalk.com\/en\/#organization"},"potentialAction":[{"@type":"SearchAction","target":{"@type":"EntryPoint","urlTemplate":"https:\/\/www.envirofalk.com\/en\/?s={search_term_string}"},"query-input":{"@type":"PropertyValueSpecification","valueRequired":true,"valueName":"search_term_string"}}],"inLanguage":"en-US"},{"@type":"Organization","@id":"https:\/\/www.envirofalk.com\/en\/#organization","name":"EnviroFALK","url":"https:\/\/www.envirofalk.com\/en\/","logo":{"@type":"ImageObject","inLanguage":"en-US","@id":"https:\/\/www.envirofalk.com\/en\/#\/schema\/logo\/image\/","url":"https:\/\/www.envirofalk.com\/wp-content\/uploads\/2023\/01\/logo.svg","contentUrl":"https:\/\/www.envirofalk.com\/wp-content\/uploads\/2023\/01\/logo.svg","caption":"EnviroFALK"},"image":{"@id":"https:\/\/www.envirofalk.com\/en\/#\/schema\/logo\/image\/"},"sameAs":["https:\/\/www.facebook.com\/envirofalk","https:\/\/www.linkedin.com\/company\/envirofalk-gmbh","https:\/\/www.youtube.com\/channel\/UCM1L-2K6cfBbP3aYgJGbVdA"],"description":"EnviroFALK Prozesswassertechnik ist Ihr Spezialist f\u00fcr ma\u00dfgeschneiderte Wasseraufbereitungsl\u00f6sungen in der Industrie. Wir bieten innovative Technologien f\u00fcr die Erzeugung und Aufbereitung von Prozesswasser, um h\u00f6chste Effizienz und Qualit\u00e4t in Ihren Produktionsprozessen zu gew\u00e4hrleisten. Mit jahrzehntelanger Erfahrung entwickeln wir nachhaltige und ressourcenschonende L\u00f6sungen, die exakt auf die Anforderungen unserer Kunden abgestimmt sind. Unsere Leistungen umfassen die Filtration, Enth\u00e4rtung, Entsalzung und R\u00fcckgewinnung von Wasser f\u00fcr verschiedenste Anwendungen \u2013 von der Metallverarbeitung bis zur Lebensmittelindustrie. Unsere Experten begleiten Sie von der Planung \u00fcber die Implementierung bis hin zum Service, um eine zuverl\u00e4ssige und wirtschaftliche Wasseraufbereitung sicherzustellen.","email":"info@envirofalk.com","telephone":"+49 2663 9908-0","legalName":"EnviroFALK GmbH","foundingDate":"1989-05-01"}]}},"_links":{"self":[{"href":"https:\/\/www.envirofalk.com\/en\/wp-json\/wp\/v2\/pages\/8008","targetHints":{"allow":["GET"]}}],"collection":[{"href":"https:\/\/www.envirofalk.com\/en\/wp-json\/wp\/v2\/pages"}],"about":[{"href":"https:\/\/www.envirofalk.com\/en\/wp-json\/wp\/v2\/types\/page"}],"author":[{"embeddable":true,"href":"https:\/\/www.envirofalk.com\/en\/wp-json\/wp\/v2\/users\/3"}],"replies":[{"embeddable":true,"href":"https:\/\/www.envirofalk.com\/en\/wp-json\/wp\/v2\/comments?post=8008"}],"version-history":[{"count":11,"href":"https:\/\/www.envirofalk.com\/en\/wp-json\/wp\/v2\/pages\/8008\/revisions"}],"predecessor-version":[{"id":27917,"href":"https:\/\/www.envirofalk.com\/en\/wp-json\/wp\/v2\/pages\/8008\/revisions\/27917"}],"up":[{"embeddable":true,"href":"https:\/\/www.envirofalk.com\/en\/wp-json\/wp\/v2\/pages\/8051"}],"wp:attachment":[{"href":"https:\/\/www.envirofalk.com\/en\/wp-json\/wp\/v2\/media?parent=8008"}],"curies":[{"name":"wp","href":"https:\/\/api.w.org\/{rel}","templated":true}]}}