{"id":7820,"date":"2024-01-24T10:54:16","date_gmt":"2024-01-24T09:54:16","guid":{"rendered":"https:\/\/www.envirofalk.com\/process-technologies-products\/nanofiltration-systems\/"},"modified":"2024-02-14T15:53:55","modified_gmt":"2024-02-14T14:53:55","slug":"nanofiltration-systems","status":"publish","type":"page","link":"https:\/\/www.envirofalk.com\/en\/process-technologies-products\/nanofiltration-systems\/","title":{"rendered":"Nanofiltration systems"},"content":{"rendered":"<div class=\"wpb-content-wrapper\"><p>[vc_section][vc_row full_width=&#8221;stretch_row_content_no_spaces&#8221;][vc_column]<div class=\"custom-top-banner img-box   has-icon\" style=\"background-image: url(https:\/\/www.envirofalk.com\/wp-content\/uploads\/2023\/05\/banner-energieerzeugung.jpg)\"><div class=\"container relative\"><div class=\"text-box\"><div class=\"slideInRight animated\"><img loading=\"lazy\" decoding=\"async\" width=\"1\" height=\"1\" src=\"https:\/\/www.envirofalk.com\/wp-content\/uploads\/2023\/08\/Wasseraufbereitung_Umkehrosmose_Icon.svg\" class=\"attachment-120x120 size-120x120\" alt=\"\" \/><p>Particle-free water <strong>nanofiltration systems<\/strong><\/p><\/div><\/div><\/div><\/div>[\/vc_column][\/vc_row][vc_row el_class=&#8221;breadcrumbs-wrapper&#8221;][vc_column]<div class=\"breadcrumbs\"><label><\/label> <a href=\"https:\/\/www.envirofalk.com\/en\/\">Home<\/a><\/div>[\/vc_column][\/vc_row][\/vc_section][vc_section][vc_row css_animation=&#8221;slideInUp&#8221; el_class=&#8221;two-columns-row tablet-row&#8221;][vc_column width=&#8221;3\/4&#8243;][vc_custom_heading text=&#8221;Retention of ions, molecules and particles with EnviroFALK nanofiltration systems&#8221; font_container=&#8221;tag:h1|text_align:left&#8221; use_theme_fonts=&#8221;yes&#8221;][vc_column_text]Do you need <strong>water free of impurities such as bacteria, dissolved salts, pesticides and proteins? <\/strong>Do you want to completely or partially remove unwanted ingredients? Then our <strong>nanofiltration systems <\/strong>for<strong> partial softening <\/strong>and<strong> reducing <\/strong> <strong>turbidity <\/strong>and<strong> coloration in surface water<\/strong> are the right choice for you. Because with EnviroFALK nanofiltration systems, particles in the nanometer range can be retained!<\/p>\n<p>Benefit from <strong>over 30 years of experience!<\/strong><br \/>\n[\/vc_column_text][\/vc_column][vc_column width=&#8221;1\/4&#8243;]<div class=\"online-consultant-box  wpb_content_element\"><div class=\"online-consultant\"><div><div class=\"person-info\"><h5>Christina Hanxleden<\/h5><ul class=\"person-list\"><li><a href=\"tel:+49 2663 9908-0\">+49 2663 9908-0<\/a><\/li><\/ul><\/div><a href=\"https:\/\/www.envirofalk.com\/en\/contact-us\/\" target=\"_self\" class=\"custom-btn \"><i class=\"icon-chevron-right\"><\/i>To the contact form<\/a><\/div><div class=\"relative\"><svg xmlns=\"http:\/\/www.w3.org\/2000\/svg\" viewBox=\"0 0 32.83 32.83\">\n\t\t\t\t\t\t\t\t\t<defs>\n\t\t\t\t\t\t\t\t\t\t<linearGradient id=\"gradient\" x1=\"0%\" y1=\"0%\" x2=\"0%\" y2=\"100%\" gradientTransform=\"rotate(-135)\">\n\t\t\t\t\t\t\t\t\t\t\t<stop offset=\"0%\" stop-color=\"#97be0d\"\/>\n\t\t\t\t\t\t\t\t\t\t\t\t<stop offset=\"100%\" stop-color=\"rgba(255, 255, 255, 0)\"\/>\n\t\t\t\t\t\t\t\t\t\t<\/linearGradient>\n\t\t\t\t\t\t\t\t\t<\/defs>\n\t\t\t\t\t\t\t\t\t<path class=\"wpb_animate_when_almost_visible circular-progress\" stroke=\"url(#gradient)\" stroke-width=\"1\" stroke-dasharray=\"100, 100\" fill=\"none\" d=\"M18,2.08a15.92,15.92,0,0,1,0,31.84h0A15.92,15.92,0,0,1,18,2.08\" transform=\"translate(-1.59 -1.58)\"\/>\n                            \t<\/svg><span><img loading=\"lazy\" decoding=\"async\" width=\"800\" height=\"800\" src=\"https:\/\/www.envirofalk.com\/wp-content\/uploads\/2023\/08\/Christina_Hanxleden_Kontakt_EnviroFALK.png\" class=\"attachment-full size-full\" alt=\"Mitarbeiterin Christina Hanxleden\" srcset=\"https:\/\/www.envirofalk.com\/wp-content\/uploads\/2023\/08\/Christina_Hanxleden_Kontakt_EnviroFALK.png 800w, https:\/\/www.envirofalk.com\/wp-content\/uploads\/2023\/08\/Christina_Hanxleden_Kontakt_EnviroFALK-350x350.png 350w, https:\/\/www.envirofalk.com\/wp-content\/uploads\/2023\/08\/Christina_Hanxleden_Kontakt_EnviroFALK-150x150.png 150w, https:\/\/www.envirofalk.com\/wp-content\/uploads\/2023\/08\/Christina_Hanxleden_Kontakt_EnviroFALK-768x768.png 768w\" sizes=\"auto, (max-width: 800px) 100vw, 800px\" \/><\/span><\/div><\/div><\/div>[\/vc_column][\/vc_row][\/vc_section][vc_section][vc_row el_class=&#8221;tablet-row vertical-center&#8221;][vc_column css_animation=&#8221;slideInLeft&#8221; width=&#8221;1\/2&#8243;][vc_column_text]<\/p>\n<h2>EnviroFALK, the experts for your nanofiltration systems<\/h2>\n<p>The smart thing to do is to contact the experts at EnviroFALK directly when it comes to nanofiltration. We would also be happy to design a highly efficient nanofiltration system for you that meets your individual requirements across the board.<\/p>\n<p>As a manufacturer of nanofiltration systems, this is the standard we set ourselves &#8211; to be there for our customers 100 percent of the time!<\/p>\n<p>We are also the ideal partner when it comes to retaining <strong>all dissolved substances<\/strong>. Then join us in using the next most sophisticated process, <a class=\"chem_internallink\" title=\"Reverse osmosis\" href=\"https:\/\/www.chemeurope.com\/en\/encyclopedia\/Reverse_osmosis.html\" target=\"_blank\" rel=\"noopener noreferrer nofollow\">reverse osmosis<\/a>.<\/p>\n<p>After all, we only want the best for your process water treatment![\/vc_column_text][\/vc_column][vc_column css_animation=&#8221;slideInRight&#8221; width=&#8221;1\/2&#8243;]<div class=\"bg-image img-box\" style=\"background-image: url(https:\/\/www.envirofalk.com\/wp-content\/uploads\/2023\/02\/bg-about.gif)\"><img loading=\"lazy\" decoding=\"async\" width=\"636\" height=\"350\" src=\"https:\/\/www.envirofalk.com\/wp-content\/uploads\/2023\/05\/Nanofiltrationsanlagen.png\" class=\"attachment-full size-full\" alt=\"Nanofiltrationsanlage\" srcset=\"https:\/\/www.envirofalk.com\/wp-content\/uploads\/2023\/05\/Nanofiltrationsanlagen.png 636w, https:\/\/www.envirofalk.com\/wp-content\/uploads\/2023\/05\/Nanofiltrationsanlagen-350x193.png 350w\" sizes=\"auto, (max-width: 636px) 100vw, 636px\" \/><\/div>[\/vc_column][\/vc_row][vc_row][vc_column][vc_tta_accordion section_title_tag=&#8221;h5&#8243; c_icon=&#8221;chevron&#8221; c_position=&#8221;right&#8221; active_section=&#8221;&#8221; no_fill=&#8221;true&#8221; collapsible_all=&#8221;true&#8221; title=&#8221;Learn more about nanofiltration&#8221;][vc_tta_section title=&#8221;What is a nanofiltration system and what is its function?&#8221; tab_id=&#8221;1694684192118-7ec1d2fe-6e35&#8243;][vc_column_text]<strong>Nanofiltration systems are used for partial softening and reduction of turbidity and coloration in surface water<\/strong>. Nanofiltration owes its name to its <strong>retention capacity,<\/strong> which is <strong>around one nanometer<\/strong>.<\/p>\n<p>Nanofiltration is a membrane technology that primarily retains divalent ions, dissolved molecules and small particles and is similar in both structure and function to reverse osmosis.[\/vc_column_text][\/vc_tta_section][vc_tta_section title=&#8221;What is the efficiency of nanofiltration systems?&#8221; tab_id=&#8221;1694684192137-68f566a5-4d6a&#8221;][vc_column_text]Nanofiltration systems are often used in the <strong>recovery of cleaning solutions or for coloring water with dyes. Nanofiltration also excels in the recovery of industrial wastewater.<\/strong><\/p>\n<p>Would you like to find out more about EnviroFALK nanofiltration systems? One click is all it takes <strong>Nanofiltration<\/strong>[\/vc_column_text][\/vc_tta_section][vc_tta_section title=&#8221;Would you like expert advice on nanofiltration?&#8221; tab_id=&#8221;1694688113004-4453ec2a-e8a6&#8243;][vc_column_text]<strong>Nanofiltration<\/strong> ( <strong>NF<\/strong> for short) is a membrane technology that primarily retains divalent ions and larger molecules. It owes its name to its retention capacity, which is around one nanometer. It is used in particular for partial softening and reducing turbidity and coloration in surface water. This makes it ideal as an upstream treatment in process water production.<\/p>\n<p><strong>Find out more about our nanofiltration systems from our experts. Give us a call. Because we are here for you!<\/strong><\/p>\n<p>[\/vc_column_text][\/vc_tta_section][\/vc_tta_accordion][\/vc_column][\/vc_row][\/vc_section]<\/p>\n<\/div>","protected":false},"excerpt":{"rendered":"<p>[vc_section][vc_row full_width=&#8221;stretch_row_content_no_spaces&#8221;][vc_column][\/vc_column][\/vc_row][vc_row el_class=&#8221;breadcrumbs-wrapper&#8221;][vc_column][\/vc_column][\/vc_row][\/vc_section][vc_section][vc_row css_animation=&#8221;slideInUp&#8221; el_class=&#8221;two-columns-row tablet-row&#8221;][vc_column width=&#8221;3\/4&#8243;][vc_custom_heading text=&#8221;Retention of ions, molecules and particles with EnviroFALK nanofiltration systems&#8221; font_container=&#8221;tag:h1|text_align:left&#8221; use_theme_fonts=&#8221;yes&#8221;][vc_column_text]Do you need water free of impurities such as bacteria, dissolved salts, pesticides and proteins? Do you want to completely or partially remove unwanted ingredients? Then our nanofiltration systems for partial softening and reducing turbidity and coloration [&hellip;]<\/p>\n","protected":false},"author":3,"featured_media":0,"parent":7660,"menu_order":6,"comment_status":"closed","ping_status":"closed","template":"","meta":{"_acf_changed":false,"rs_blank_template":"","rs_page_bg_color":"","slide_template_v7":"","footnotes":""},"class_list":["post-7820","page","type-page","status-publish","hentry"],"acf":[],"yoast_head":"<!-- This site is optimized with the Yoast SEO Premium plugin v27.4 (Yoast SEO v27.4) - https:\/\/yoast.com\/product\/yoast-seo-premium-wordpress\/ -->\n<title>Nanofiltration systems &#8211; EnviroFALK<\/title>\n<meta name=\"description\" content=\"Nanofiltration systems ensure that you have water free of impurities such as bacteria, dissolved salts, pesticides and proteins. Do you want to remove unwanted ingredients completely or partially? Then our nanofiltration systems for partial softening and reducing turbidity and coloration in surface water are the right choice for you. Because with EnviroFALK nanofiltration systems, particles in the nanometer range can be retained!\" \/>\n<meta name=\"robots\" content=\"index, follow, max-snippet:-1, max-image-preview:large, max-video-preview:-1\" \/>\n<link rel=\"canonical\" href=\"https:\/\/www.envirofalk.com\/en\/process-technologies-products\/nanofiltration-systems\/\" \/>\n<meta property=\"og:locale\" content=\"en_US\" \/>\n<meta property=\"og:type\" content=\"article\" \/>\n<meta property=\"og:title\" content=\"Nanofiltration systems\" \/>\n<meta property=\"og:description\" content=\"Nanofiltration systems ensure that you have water free of impurities such as bacteria, dissolved salts, pesticides and proteins. Do you want to remove unwanted ingredients completely or partially? Then our nanofiltration systems for partial softening and reducing turbidity and coloration in surface water are the right choice for you. Because with EnviroFALK nanofiltration systems, particles in the nanometer range can be retained!\" \/>\n<meta property=\"og:url\" content=\"https:\/\/www.envirofalk.com\/en\/process-technologies-products\/nanofiltration-systems\/\" \/>\n<meta property=\"og:site_name\" content=\"EnviroFALK\" \/>\n<meta property=\"article:publisher\" content=\"https:\/\/www.facebook.com\/envirofalk\" \/>\n<meta property=\"article:modified_time\" content=\"2024-02-14T14:53:55+00:00\" \/>\n<meta name=\"twitter:card\" content=\"summary_large_image\" \/>\n<meta name=\"twitter:label1\" content=\"Est. reading time\" \/>\n\t<meta name=\"twitter:data1\" content=\"3 minutes\" \/>\n<script type=\"application\/ld+json\" class=\"yoast-schema-graph\">{\"@context\":\"https:\\\/\\\/schema.org\",\"@graph\":[{\"@type\":\"WebPage\",\"@id\":\"https:\\\/\\\/www.envirofalk.com\\\/en\\\/process-technologies-products\\\/nanofiltration-systems\\\/\",\"url\":\"https:\\\/\\\/www.envirofalk.com\\\/en\\\/process-technologies-products\\\/nanofiltration-systems\\\/\",\"name\":\"Nanofiltration systems &#8211; EnviroFALK\",\"isPartOf\":{\"@id\":\"https:\\\/\\\/www.envirofalk.com\\\/en\\\/#website\"},\"datePublished\":\"2024-01-24T09:54:16+00:00\",\"dateModified\":\"2024-02-14T14:53:55+00:00\",\"description\":\"Nanofiltration systems ensure that you have water free of impurities such as bacteria, dissolved salts, pesticides and proteins. Do you want to remove unwanted ingredients completely or partially? Then our nanofiltration systems for partial softening and reducing turbidity and coloration in surface water are the right choice for you. Because with EnviroFALK nanofiltration systems, particles in the nanometer range can be retained!\",\"breadcrumb\":{\"@id\":\"https:\\\/\\\/www.envirofalk.com\\\/en\\\/process-technologies-products\\\/nanofiltration-systems\\\/#breadcrumb\"},\"inLanguage\":\"en-US\",\"potentialAction\":[{\"@type\":\"ReadAction\",\"target\":[\"https:\\\/\\\/www.envirofalk.com\\\/en\\\/process-technologies-products\\\/nanofiltration-systems\\\/\"]}]},{\"@type\":\"BreadcrumbList\",\"@id\":\"https:\\\/\\\/www.envirofalk.com\\\/en\\\/process-technologies-products\\\/nanofiltration-systems\\\/#breadcrumb\",\"itemListElement\":[{\"@type\":\"ListItem\",\"position\":1,\"name\":\"Home\",\"item\":\"https:\\\/\\\/www.envirofalk.com\\\/en\\\/\"},{\"@type\":\"ListItem\",\"position\":2,\"name\":\"Process technologies &amp; products\",\"item\":\"https:\\\/\\\/www.envirofalk.com\\\/en\\\/process-technologies-products\\\/\"},{\"@type\":\"ListItem\",\"position\":3,\"name\":\"Nanofiltration systems\"}]},{\"@type\":\"WebSite\",\"@id\":\"https:\\\/\\\/www.envirofalk.com\\\/en\\\/#website\",\"url\":\"https:\\\/\\\/www.envirofalk.com\\\/en\\\/\",\"name\":\"EnviroFALK\",\"description\":\"Water treatment systems for industry, trade &amp; laboratory\",\"publisher\":{\"@id\":\"https:\\\/\\\/www.envirofalk.com\\\/en\\\/#organization\"},\"potentialAction\":[{\"@type\":\"SearchAction\",\"target\":{\"@type\":\"EntryPoint\",\"urlTemplate\":\"https:\\\/\\\/www.envirofalk.com\\\/en\\\/?s={search_term_string}\"},\"query-input\":{\"@type\":\"PropertyValueSpecification\",\"valueRequired\":true,\"valueName\":\"search_term_string\"}}],\"inLanguage\":\"en-US\"},{\"@type\":\"Organization\",\"@id\":\"https:\\\/\\\/www.envirofalk.com\\\/en\\\/#organization\",\"name\":\"EnviroFALK\",\"url\":\"https:\\\/\\\/www.envirofalk.com\\\/en\\\/\",\"logo\":{\"@type\":\"ImageObject\",\"inLanguage\":\"en-US\",\"@id\":\"https:\\\/\\\/www.envirofalk.com\\\/en\\\/#\\\/schema\\\/logo\\\/image\\\/\",\"url\":\"https:\\\/\\\/www.envirofalk.com\\\/wp-content\\\/uploads\\\/2023\\\/01\\\/logo.svg\",\"contentUrl\":\"https:\\\/\\\/www.envirofalk.com\\\/wp-content\\\/uploads\\\/2023\\\/01\\\/logo.svg\",\"caption\":\"EnviroFALK\"},\"image\":{\"@id\":\"https:\\\/\\\/www.envirofalk.com\\\/en\\\/#\\\/schema\\\/logo\\\/image\\\/\"},\"sameAs\":[\"https:\\\/\\\/www.facebook.com\\\/envirofalk\",\"https:\\\/\\\/www.linkedin.com\\\/company\\\/envirofalk-gmbh\",\"https:\\\/\\\/www.youtube.com\\\/channel\\\/UCM1L-2K6cfBbP3aYgJGbVdA\"],\"description\":\"EnviroFALK Prozesswassertechnik ist Ihr Spezialist f\u00fcr ma\u00dfgeschneiderte Wasseraufbereitungsl\u00f6sungen in der Industrie. Wir bieten innovative Technologien f\u00fcr die Erzeugung und Aufbereitung von Prozesswasser, um h\u00f6chste Effizienz und Qualit\u00e4t in Ihren Produktionsprozessen zu gew\u00e4hrleisten. Mit jahrzehntelanger Erfahrung entwickeln wir nachhaltige und ressourcenschonende L\u00f6sungen, die exakt auf die Anforderungen unserer Kunden abgestimmt sind. Unsere Leistungen umfassen die Filtration, Enth\u00e4rtung, Entsalzung und R\u00fcckgewinnung von Wasser f\u00fcr verschiedenste Anwendungen \u2013 von der Metallverarbeitung bis zur Lebensmittelindustrie. Unsere Experten begleiten Sie von der Planung \u00fcber die Implementierung bis hin zum Service, um eine zuverl\u00e4ssige und wirtschaftliche Wasseraufbereitung sicherzustellen.\",\"email\":\"info@envirofalk.com\",\"telephone\":\"+49 2663 9908-0\",\"legalName\":\"EnviroFALK GmbH\",\"foundingDate\":\"1989-05-01\"}]}<\/script>\n<!-- \/ Yoast SEO Premium plugin. -->","yoast_head_json":{"title":"Nanofiltration systems &#8211; EnviroFALK","description":"Nanofiltration systems ensure that you have water free of impurities such as bacteria, dissolved salts, pesticides and proteins. Do you want to remove unwanted ingredients completely or partially? Then our nanofiltration systems for partial softening and reducing turbidity and coloration in surface water are the right choice for you. Because with EnviroFALK nanofiltration systems, particles in the nanometer range can be retained!","robots":{"index":"index","follow":"follow","max-snippet":"max-snippet:-1","max-image-preview":"max-image-preview:large","max-video-preview":"max-video-preview:-1"},"canonical":"https:\/\/www.envirofalk.com\/en\/process-technologies-products\/nanofiltration-systems\/","og_locale":"en_US","og_type":"article","og_title":"Nanofiltration systems","og_description":"Nanofiltration systems ensure that you have water free of impurities such as bacteria, dissolved salts, pesticides and proteins. Do you want to remove unwanted ingredients completely or partially? Then our nanofiltration systems for partial softening and reducing turbidity and coloration in surface water are the right choice for you. Because with EnviroFALK nanofiltration systems, particles in the nanometer range can be retained!","og_url":"https:\/\/www.envirofalk.com\/en\/process-technologies-products\/nanofiltration-systems\/","og_site_name":"EnviroFALK","article_publisher":"https:\/\/www.facebook.com\/envirofalk","article_modified_time":"2024-02-14T14:53:55+00:00","twitter_card":"summary_large_image","twitter_misc":{"Est. reading time":"3 minutes"},"schema":{"@context":"https:\/\/schema.org","@graph":[{"@type":"WebPage","@id":"https:\/\/www.envirofalk.com\/en\/process-technologies-products\/nanofiltration-systems\/","url":"https:\/\/www.envirofalk.com\/en\/process-technologies-products\/nanofiltration-systems\/","name":"Nanofiltration systems &#8211; EnviroFALK","isPartOf":{"@id":"https:\/\/www.envirofalk.com\/en\/#website"},"datePublished":"2024-01-24T09:54:16+00:00","dateModified":"2024-02-14T14:53:55+00:00","description":"Nanofiltration systems ensure that you have water free of impurities such as bacteria, dissolved salts, pesticides and proteins. Do you want to remove unwanted ingredients completely or partially? Then our nanofiltration systems for partial softening and reducing turbidity and coloration in surface water are the right choice for you. Because with EnviroFALK nanofiltration systems, particles in the nanometer range can be retained!","breadcrumb":{"@id":"https:\/\/www.envirofalk.com\/en\/process-technologies-products\/nanofiltration-systems\/#breadcrumb"},"inLanguage":"en-US","potentialAction":[{"@type":"ReadAction","target":["https:\/\/www.envirofalk.com\/en\/process-technologies-products\/nanofiltration-systems\/"]}]},{"@type":"BreadcrumbList","@id":"https:\/\/www.envirofalk.com\/en\/process-technologies-products\/nanofiltration-systems\/#breadcrumb","itemListElement":[{"@type":"ListItem","position":1,"name":"Home","item":"https:\/\/www.envirofalk.com\/en\/"},{"@type":"ListItem","position":2,"name":"Process technologies &amp; products","item":"https:\/\/www.envirofalk.com\/en\/process-technologies-products\/"},{"@type":"ListItem","position":3,"name":"Nanofiltration systems"}]},{"@type":"WebSite","@id":"https:\/\/www.envirofalk.com\/en\/#website","url":"https:\/\/www.envirofalk.com\/en\/","name":"EnviroFALK","description":"Water treatment systems for industry, trade &amp; laboratory","publisher":{"@id":"https:\/\/www.envirofalk.com\/en\/#organization"},"potentialAction":[{"@type":"SearchAction","target":{"@type":"EntryPoint","urlTemplate":"https:\/\/www.envirofalk.com\/en\/?s={search_term_string}"},"query-input":{"@type":"PropertyValueSpecification","valueRequired":true,"valueName":"search_term_string"}}],"inLanguage":"en-US"},{"@type":"Organization","@id":"https:\/\/www.envirofalk.com\/en\/#organization","name":"EnviroFALK","url":"https:\/\/www.envirofalk.com\/en\/","logo":{"@type":"ImageObject","inLanguage":"en-US","@id":"https:\/\/www.envirofalk.com\/en\/#\/schema\/logo\/image\/","url":"https:\/\/www.envirofalk.com\/wp-content\/uploads\/2023\/01\/logo.svg","contentUrl":"https:\/\/www.envirofalk.com\/wp-content\/uploads\/2023\/01\/logo.svg","caption":"EnviroFALK"},"image":{"@id":"https:\/\/www.envirofalk.com\/en\/#\/schema\/logo\/image\/"},"sameAs":["https:\/\/www.facebook.com\/envirofalk","https:\/\/www.linkedin.com\/company\/envirofalk-gmbh","https:\/\/www.youtube.com\/channel\/UCM1L-2K6cfBbP3aYgJGbVdA"],"description":"EnviroFALK Prozesswassertechnik ist Ihr Spezialist f\u00fcr ma\u00dfgeschneiderte Wasseraufbereitungsl\u00f6sungen in der Industrie. Wir bieten innovative Technologien f\u00fcr die Erzeugung und Aufbereitung von Prozesswasser, um h\u00f6chste Effizienz und Qualit\u00e4t in Ihren Produktionsprozessen zu gew\u00e4hrleisten. Mit jahrzehntelanger Erfahrung entwickeln wir nachhaltige und ressourcenschonende L\u00f6sungen, die exakt auf die Anforderungen unserer Kunden abgestimmt sind. Unsere Leistungen umfassen die Filtration, Enth\u00e4rtung, Entsalzung und R\u00fcckgewinnung von Wasser f\u00fcr verschiedenste Anwendungen \u2013 von der Metallverarbeitung bis zur Lebensmittelindustrie. Unsere Experten begleiten Sie von der Planung \u00fcber die Implementierung bis hin zum Service, um eine zuverl\u00e4ssige und wirtschaftliche Wasseraufbereitung sicherzustellen.","email":"info@envirofalk.com","telephone":"+49 2663 9908-0","legalName":"EnviroFALK GmbH","foundingDate":"1989-05-01"}]}},"_links":{"self":[{"href":"https:\/\/www.envirofalk.com\/en\/wp-json\/wp\/v2\/pages\/7820","targetHints":{"allow":["GET"]}}],"collection":[{"href":"https:\/\/www.envirofalk.com\/en\/wp-json\/wp\/v2\/pages"}],"about":[{"href":"https:\/\/www.envirofalk.com\/en\/wp-json\/wp\/v2\/types\/page"}],"author":[{"embeddable":true,"href":"https:\/\/www.envirofalk.com\/en\/wp-json\/wp\/v2\/users\/3"}],"replies":[{"embeddable":true,"href":"https:\/\/www.envirofalk.com\/en\/wp-json\/wp\/v2\/comments?post=7820"}],"version-history":[{"count":5,"href":"https:\/\/www.envirofalk.com\/en\/wp-json\/wp\/v2\/pages\/7820\/revisions"}],"predecessor-version":[{"id":11805,"href":"https:\/\/www.envirofalk.com\/en\/wp-json\/wp\/v2\/pages\/7820\/revisions\/11805"}],"up":[{"embeddable":true,"href":"https:\/\/www.envirofalk.com\/en\/wp-json\/wp\/v2\/pages\/7660"}],"wp:attachment":[{"href":"https:\/\/www.envirofalk.com\/en\/wp-json\/wp\/v2\/media?parent=7820"}],"curies":[{"name":"wp","href":"https:\/\/api.w.org\/{rel}","templated":true}]}}