{"id":7787,"date":"2024-01-24T10:54:15","date_gmt":"2024-01-24T09:54:15","guid":{"rendered":"https:\/\/www.envirofalk.com\/process-technologies-products\/membrane-degassing\/"},"modified":"2024-02-14T13:07:47","modified_gmt":"2024-02-14T12:07:47","slug":"membrane-degassing","status":"publish","type":"page","link":"https:\/\/www.envirofalk.com\/en\/process-technologies-products\/membrane-degassing\/","title":{"rendered":"Membrane degassing"},"content":{"rendered":"<div class=\"wpb-content-wrapper\"><p>[vc_section][vc_row full_width=&#8221;stretch_row_content_no_spaces&#8221;][vc_column]<div class=\"custom-top-banner img-box   has-icon\" style=\"background-image: url(https:\/\/www.envirofalk.com\/wp-content\/uploads\/2023\/05\/banner-energieerzeugung.jpg)\"><div class=\"container relative\"><div class=\"text-box\"><div class=\"slideInRight animated\"><img loading=\"lazy\" decoding=\"async\" width=\"1\" height=\"1\" src=\"https:\/\/www.envirofalk.com\/wp-content\/uploads\/2023\/08\/Wasseraufbereitung_Umkehrosmose_Icon.svg\" class=\"attachment-120x120 size-120x120\" alt=\"\" \/><p>Water without gas through <strong>membrane degassing<\/strong><\/p><\/div><\/div><\/div><\/div>[\/vc_column][\/vc_row][vc_row el_class=&#8221;breadcrumbs-wrapper&#8221;][vc_column]<div class=\"breadcrumbs\"><label><\/label> <a href=\"https:\/\/www.envirofalk.com\/en\/\">Home<\/a><\/div>[\/vc_column][\/vc_row][\/vc_section][vc_section][vc_row css_animation=&#8221;slideInUp&#8221; el_class=&#8221;two-columns-row tablet-row&#8221;][vc_column width=&#8221;3\/4&#8243;][vc_custom_heading text=&#8221;Water without carbon dioxide &amp; oxygen with EnviroFALK membrane degassing systems&#8221; font_container=&#8221;tag:h1|text_align:left&#8221; use_theme_fonts=&#8221;yes&#8221;][vc_column_text]Carbonic acid and oxygen cause strong conductivity in the water.<strong> Membrane degassing is used to remove dissolved carbon dioxide and oxygen.<\/strong> This involves the use of hydrophobic pore membranes that are impermeable to water but allow gases to pass through.<\/p>\n<p>Minimize the oxygen and carbon dioxide content in the water using professional <strong>water treatment systems with membrane degassing or CO2 diffusers<\/strong>. With over 30 years of experience, we know your industry inside out and know what moves you.[\/vc_column_text][\/vc_column][vc_column width=&#8221;1\/4&#8243;]<div class=\"online-consultant-box  wpb_content_element\"><div class=\"online-consultant\"><div><div class=\"person-info\"><h5>Christina Hanxleden<\/h5><ul class=\"person-list\"><li><a href=\"tel:+49 2663 9908-0\">+49 2663 9908-0<\/a><\/li><\/ul><\/div><a href=\"https:\/\/www.envirofalk.com\/en\/contact-us\/\" target=\"_self\" class=\"custom-btn \"><i class=\"icon-chevron-right\"><\/i>To the contact form<\/a><\/div><div class=\"relative\"><svg xmlns=\"http:\/\/www.w3.org\/2000\/svg\" viewBox=\"0 0 32.83 32.83\">\n\t\t\t\t\t\t\t\t\t<defs>\n\t\t\t\t\t\t\t\t\t\t<linearGradient id=\"gradient\" x1=\"0%\" y1=\"0%\" x2=\"0%\" y2=\"100%\" gradientTransform=\"rotate(-135)\">\n\t\t\t\t\t\t\t\t\t\t\t<stop offset=\"0%\" stop-color=\"#97be0d\"\/>\n\t\t\t\t\t\t\t\t\t\t\t\t<stop offset=\"100%\" stop-color=\"rgba(255, 255, 255, 0)\"\/>\n\t\t\t\t\t\t\t\t\t\t<\/linearGradient>\n\t\t\t\t\t\t\t\t\t<\/defs>\n\t\t\t\t\t\t\t\t\t<path class=\"wpb_animate_when_almost_visible circular-progress\" stroke=\"url(#gradient)\" stroke-width=\"1\" stroke-dasharray=\"100, 100\" fill=\"none\" d=\"M18,2.08a15.92,15.92,0,0,1,0,31.84h0A15.92,15.92,0,0,1,18,2.08\" transform=\"translate(-1.59 -1.58)\"\/>\n                            \t<\/svg><span><img loading=\"lazy\" decoding=\"async\" width=\"800\" height=\"800\" src=\"https:\/\/www.envirofalk.com\/wp-content\/uploads\/2023\/08\/Christina_Hanxleden_Kontakt_EnviroFALK.png\" class=\"attachment-full size-full\" alt=\"Mitarbeiterin Christina Hanxleden\" srcset=\"https:\/\/www.envirofalk.com\/wp-content\/uploads\/2023\/08\/Christina_Hanxleden_Kontakt_EnviroFALK.png 800w, https:\/\/www.envirofalk.com\/wp-content\/uploads\/2023\/08\/Christina_Hanxleden_Kontakt_EnviroFALK-350x350.png 350w, https:\/\/www.envirofalk.com\/wp-content\/uploads\/2023\/08\/Christina_Hanxleden_Kontakt_EnviroFALK-150x150.png 150w, https:\/\/www.envirofalk.com\/wp-content\/uploads\/2023\/08\/Christina_Hanxleden_Kontakt_EnviroFALK-768x768.png 768w\" sizes=\"auto, (max-width: 800px) 100vw, 800px\" \/><\/span><\/div><\/div><\/div>[\/vc_column][\/vc_row][\/vc_section][vc_section][vc_row el_class=&#8221;tablet-row vertical-center&#8221;][vc_column css_animation=&#8221;slideInLeft&#8221; width=&#8221;1\/2&#8243;][vc_column_text]<\/p>\n<h2>EnviroFALK, the experts for your membrane degassing systems<\/h2>\n<p>The smart thing to do is to contact the experts at EnviroFALK directly when it comes to membrane degassing. We would also be happy to design a highly efficient membrane degassing system for you that meets your individual requirements across the board.<\/p>\n<p>As a manufacturer of <a href=\"https:\/\/www.envirofalk.com\/file%3A\/\/omsznfs\/home%24\/krausch\/Documents\/In%20Arbeit\/wasseraufbereitungsanlage%22%20-%20URL%3A%20https%3A\/www.envirofalk.com\/de\/Wasseraufbereitungsanlage.html\">water treatment systems<\/a>, this is the standard we set ourselves &#8211; to be there for our customers 100 percent! By the way: Depending on your requirements profile, we can manufacture your membrane degassing system using various process technologies, such as <a title=\"Reverse osmosis\" href=\"https:\/\/www.envirofalk.com\/en\/laboratory-medical\/produkte\/umkehrosmose\/green-line-geo-60-200-compact.html\">reverse osmosis<\/a>, <a title=\"Electrodeionization (EDI)\" href=\"https:\/\/www.envirofalk.com\/en\/?page_id=7626\">electrodeionization (EDI)<\/a> and membrane degassing.<\/p>\n<p>After all, we only want the best for your process water, pure water and ultrapure water![\/vc_column_text][\/vc_column][vc_column css_animation=&#8221;slideInRight&#8221; width=&#8221;1\/2&#8243;]<div class=\"bg-image img-box\" style=\"background-image: url(https:\/\/www.envirofalk.com\/wp-content\/uploads\/2023\/02\/bg-about.gif)\"><img loading=\"lazy\" decoding=\"async\" width=\"350\" height=\"233\" src=\"https:\/\/www.envirofalk.com\/wp-content\/uploads\/2023\/11\/Membranentgasung_Umkehrosmose_Nahaufnahme.jpg\" class=\"attachment-full size-full\" alt=\"\" \/><\/div>[\/vc_column][\/vc_row][vc_row][vc_column]<div class=\"posts-wrapper wpb_content_element\"><div class=\"top-box wpb_content_element text-center\"><h2 class=\"entry-title\">EnviroFALK systems with membrane degassing<\/h2><p>The right solution for every application!<\/p><\/div><div class=\"all-products flexbox has-slider\" data-posts=\"3\" data-cat-id=\"0\" data-tag-id=\"0\" data-exclude-tag=\"IN\"><div id=\"post-22925\" class=\"produkt post-22925 type-produkt status-publish has-post-thumbnail hentry produkt_kategorie-product-program produkt_kategorie-ion-exchanger\"><a href=\"https:\/\/www.envirofalk.com\/en\/produkte\/envi-greenline-analog\/\" target=\"_self\"><div class=\"icon\"><img decoding=\"async\" src=\"https:\/\/www.envirofalk.com\/wp-content\/uploads\/2025\/05\/GreenLINE-analog.png\" alt=\"Bild\"><\/div><\/a><div class=\"text-box\"><h3 class=\"entry-title\"><a href=\"https:\/\/www.envirofalk.com\/en\/produkte\/envi-greenline-analog\/\" target=\"_self\">Envi GreenLINE analog<\/a><\/h3><p>\r\nEnvi GreenLINE\r\nanalog\r\nThe analogue conductivity meter is mounted on a T-piece (PP) and can be connected directly to all standard...<\/p><ul class=\"params-list\"><\/ul><\/div><\/div><div id=\"post-22933\" class=\"produkt post-22933 type-produkt status-publish has-post-thumbnail hentry produkt_kategorie-product-program produkt_kategorie-ion-exchanger produkt_kategorie-accessories\"><a href=\"https:\/\/www.envirofalk.com\/en\/produkte\/envi-greenline-digital-200\/\" target=\"_self\"><div class=\"icon\"><img decoding=\"async\" src=\"https:\/\/www.envirofalk.com\/wp-content\/uploads\/2023\/08\/RS10075_GreenLINE_digital_200.png\" alt=\"Bild\"><\/div><\/a><div class=\"text-box\"><h3 class=\"entry-title\"><a href=\"https:\/\/www.envirofalk.com\/en\/produkte\/envi-greenline-digital-200\/\" target=\"_self\">Envi GreenLINE digital 200-0.1\/200-1.0<\/a><\/h3><p>\r\nEnvi GreenLINE\r\ndigital 200-0.1\/200-1.0\r\nThe digital conductivity meter is installed in a high-quality surface-mounted housing and allows flexible wall mounting.\r\nPrecise conductivity...<\/p><ul class=\"params-list\"><\/ul><\/div><\/div><div id=\"post-22941\" class=\"produkt post-22941 type-produkt status-publish has-post-thumbnail hentry produkt_kategorie-product-program produkt_kategorie-ion-exchanger\"><a href=\"https:\/\/www.envirofalk.com\/en\/produkte\/envi-greenline-digital\/\" target=\"_self\"><div class=\"icon\"><img decoding=\"async\" src=\"https:\/\/www.envirofalk.com\/wp-content\/uploads\/2025\/05\/digital.png\" alt=\"Bild\"><\/div><\/a><div class=\"text-box\"><h3 class=\"entry-title\"><a href=\"https:\/\/www.envirofalk.com\/en\/produkte\/envi-greenline-digital\/\" target=\"_self\">Envi GreenLINE digital<\/a><\/h3><p>\r\n\r\nEnvi GreenLINE\r\ndigital\r\nThe digital conductivity meter is mounted on a T-piece (PP) and can be connected directly to standard ion...<\/p><ul class=\"params-list\"><\/ul><\/div><\/div><\/div><div class=\"slider-controls news-slider-controls\"><\/div><div class=\"not-found\"><h3>Keine Eintr\u00e4ge gefunden<\/h3><\/div><\/div>[\/vc_column][\/vc_row][vc_row][vc_column][vc_tta_accordion section_title_tag=&#8221;h5&#8243; c_icon=&#8221;chevron&#8221; c_position=&#8221;right&#8221; active_section=&#8221;&#8221; no_fill=&#8221;true&#8221; collapsible_all=&#8221;true&#8221; title=&#8221;Learn more about membrane degassing&#8221;][vc_tta_section title=&#8221;What is the biggest advantage of membrane degassing?&#8221; tab_id=&#8221;1694688124718-48d62759-34cb&#8221;][vc_column_text]The big advantage of <strong>membrane degassing<\/strong> is that <strong>there are no chemicals!<\/strong><\/p>\n<p>Reducing the oxygen and carbon dioxide content minimizes the risk of corrosion and increases operational safety. Membrane degassing is often combined with other water treatment processes, such as reverse osmosis and electrodeionization.[\/vc_column_text][\/vc_tta_section][vc_tta_section title=&#8221;How does membrane degassing work and what other advantages does it offer?&#8221; tab_id=&#8221;1694684192118-7ec1d2fe-6e35&#8243;][vc_column_text]In the <strong>membrane degassing<\/strong> process, liquid flows through the pressure vessel and also flows around the hollow fiber modules. During this process, the gas to be removed diffuses through the hollow fiber modules and is discharged with another strip gas. Membrane degassing is a continuous process that produces waste water and requires cooling water for the vacuum pumps.<\/p>\n<p>EnviroFALK <strong>membrane degassing systems<\/strong> are not only characterized by many years of expertise in the manufacture of standardized compact systems, but also in the production of individualized water treatment systems with membrane degassing.<\/p>\n<h3>Advantages of membrane degassing<\/h3>\n<ul>\n<li>Optimum removal of dissolved carbon dioxide and oxygen<\/li>\n<li>minimizes the risk of corrosion<\/li>\n<li>increases operational safety<\/li>\n<li>Available in various sizes, flow rates and material versions<\/li>\n<\/ul>\n<p>[\/vc_column_text][\/vc_tta_section][vc_tta_section title=&#8221;When are CO2 diffusers used to reduce carbon dioxide in water?&#8221; tab_id=&#8221;1694688113004-4453ec2a-e8a6&#8243;][vc_column_text]<strong>CO2 tricklers<\/strong> remove the free carbon dioxide contained in the water. They are often used in the field of ion exchange &#8211; especially in conjunction with <a title=\"Decarbonization systems\" href=\"https:\/\/www.envirofalk.com\/de\/Entkarbonisierung.html\">decarbonization systems<\/a> or demineralization systems (demineralized water systems).<\/p>\n<p>EnviroFALK CO2 diffusers are available in various sizes, flow rates and material designs.[\/vc_column_text][\/vc_tta_section][\/vc_tta_accordion][\/vc_column][\/vc_row][\/vc_section]<\/p>\n<\/div>","protected":false},"excerpt":{"rendered":"<p>[vc_section][vc_row full_width=&#8221;stretch_row_content_no_spaces&#8221;][vc_column][\/vc_column][\/vc_row][vc_row el_class=&#8221;breadcrumbs-wrapper&#8221;][vc_column][\/vc_column][\/vc_row][\/vc_section][vc_section][vc_row css_animation=&#8221;slideInUp&#8221; el_class=&#8221;two-columns-row tablet-row&#8221;][vc_column width=&#8221;3\/4&#8243;][vc_custom_heading text=&#8221;Water without carbon dioxide &amp; oxygen with EnviroFALK membrane degassing systems&#8221; font_container=&#8221;tag:h1|text_align:left&#8221; use_theme_fonts=&#8221;yes&#8221;][vc_column_text]Carbonic acid and oxygen cause strong conductivity in the water. Membrane degassing is used to remove dissolved carbon dioxide and oxygen. This involves the use of hydrophobic pore membranes that are impermeable to water but allow [&hellip;]<\/p>\n","protected":false},"author":3,"featured_media":0,"parent":7660,"menu_order":11,"comment_status":"closed","ping_status":"closed","template":"","meta":{"_acf_changed":false,"rs_blank_template":"","rs_page_bg_color":"","slide_template_v7":"","footnotes":""},"class_list":["post-7787","page","type-page","status-publish","hentry"],"acf":[],"yoast_head":"<!-- This site is optimized with the Yoast SEO Premium plugin v27.6 (Yoast SEO v27.6) - https:\/\/yoast.com\/product\/yoast-seo-premium-wordpress\/ -->\n<title>Membrane degassing &#8211; EnviroFALK<\/title>\n<meta name=\"description\" content=\"Membrane degassing systems from EnviroFALK remove carbon dioxide and oxygen from water. When it comes to membrane degassing, contact the experts at EnviroFALK directly. We would also be happy to design a highly efficient membrane degassing system for you that meets your individual requirements across the board.\" \/>\n<meta name=\"robots\" content=\"index, follow, max-snippet:-1, max-image-preview:large, max-video-preview:-1\" \/>\n<link rel=\"canonical\" href=\"https:\/\/www.envirofalk.com\/en\/process-technologies-products\/membrane-degassing\/\" \/>\n<meta property=\"og:locale\" content=\"en_US\" \/>\n<meta property=\"og:type\" content=\"article\" \/>\n<meta property=\"og:title\" content=\"Membrane degassing\" \/>\n<meta property=\"og:description\" content=\"Membrane degassing systems from EnviroFALK remove carbon dioxide and oxygen from water. When it comes to membrane degassing, contact the experts at EnviroFALK directly. We would also be happy to design a highly efficient membrane degassing system for you that meets your individual requirements across the board.\" \/>\n<meta property=\"og:url\" content=\"https:\/\/www.envirofalk.com\/en\/process-technologies-products\/membrane-degassing\/\" \/>\n<meta property=\"og:site_name\" content=\"EnviroFALK\" \/>\n<meta property=\"article:publisher\" content=\"https:\/\/www.facebook.com\/envirofalk\" \/>\n<meta property=\"article:modified_time\" content=\"2024-02-14T12:07:47+00:00\" \/>\n<meta name=\"twitter:card\" content=\"summary_large_image\" \/>\n<meta name=\"twitter:label1\" content=\"Est. reading time\" \/>\n\t<meta name=\"twitter:data1\" content=\"3 minutes\" \/>\n<script type=\"application\/ld+json\" class=\"yoast-schema-graph\">{\"@context\":\"https:\\\/\\\/schema.org\",\"@graph\":[{\"@type\":\"WebPage\",\"@id\":\"https:\\\/\\\/www.envirofalk.com\\\/en\\\/process-technologies-products\\\/membrane-degassing\\\/\",\"url\":\"https:\\\/\\\/www.envirofalk.com\\\/en\\\/process-technologies-products\\\/membrane-degassing\\\/\",\"name\":\"Membrane degassing &#8211; EnviroFALK\",\"isPartOf\":{\"@id\":\"https:\\\/\\\/www.envirofalk.com\\\/en\\\/#website\"},\"datePublished\":\"2024-01-24T09:54:15+00:00\",\"dateModified\":\"2024-02-14T12:07:47+00:00\",\"description\":\"Membrane degassing systems from EnviroFALK remove carbon dioxide and oxygen from water. When it comes to membrane degassing, contact the experts at EnviroFALK directly. We would also be happy to design a highly efficient membrane degassing system for you that meets your individual requirements across the board.\",\"breadcrumb\":{\"@id\":\"https:\\\/\\\/www.envirofalk.com\\\/en\\\/process-technologies-products\\\/membrane-degassing\\\/#breadcrumb\"},\"inLanguage\":\"en-US\",\"potentialAction\":[{\"@type\":\"ReadAction\",\"target\":[\"https:\\\/\\\/www.envirofalk.com\\\/en\\\/process-technologies-products\\\/membrane-degassing\\\/\"]}]},{\"@type\":\"BreadcrumbList\",\"@id\":\"https:\\\/\\\/www.envirofalk.com\\\/en\\\/process-technologies-products\\\/membrane-degassing\\\/#breadcrumb\",\"itemListElement\":[{\"@type\":\"ListItem\",\"position\":1,\"name\":\"Home\",\"item\":\"https:\\\/\\\/www.envirofalk.com\\\/en\\\/\"},{\"@type\":\"ListItem\",\"position\":2,\"name\":\"Process technologies &amp; products\",\"item\":\"https:\\\/\\\/www.envirofalk.com\\\/en\\\/process-technologies-products\\\/\"},{\"@type\":\"ListItem\",\"position\":3,\"name\":\"Membrane degassing\"}]},{\"@type\":\"WebSite\",\"@id\":\"https:\\\/\\\/www.envirofalk.com\\\/en\\\/#website\",\"url\":\"https:\\\/\\\/www.envirofalk.com\\\/en\\\/\",\"name\":\"EnviroFALK\",\"description\":\"Water treatment systems for industry, trade &amp; laboratory\",\"publisher\":{\"@id\":\"https:\\\/\\\/www.envirofalk.com\\\/en\\\/#organization\"},\"potentialAction\":[{\"@type\":\"SearchAction\",\"target\":{\"@type\":\"EntryPoint\",\"urlTemplate\":\"https:\\\/\\\/www.envirofalk.com\\\/en\\\/?s={search_term_string}\"},\"query-input\":{\"@type\":\"PropertyValueSpecification\",\"valueRequired\":true,\"valueName\":\"search_term_string\"}}],\"inLanguage\":\"en-US\"},{\"@type\":\"Organization\",\"@id\":\"https:\\\/\\\/www.envirofalk.com\\\/en\\\/#organization\",\"name\":\"EnviroFALK\",\"url\":\"https:\\\/\\\/www.envirofalk.com\\\/en\\\/\",\"logo\":{\"@type\":\"ImageObject\",\"inLanguage\":\"en-US\",\"@id\":\"https:\\\/\\\/www.envirofalk.com\\\/en\\\/#\\\/schema\\\/logo\\\/image\\\/\",\"url\":\"https:\\\/\\\/www.envirofalk.com\\\/wp-content\\\/uploads\\\/2023\\\/01\\\/logo.svg\",\"contentUrl\":\"https:\\\/\\\/www.envirofalk.com\\\/wp-content\\\/uploads\\\/2023\\\/01\\\/logo.svg\",\"caption\":\"EnviroFALK\"},\"image\":{\"@id\":\"https:\\\/\\\/www.envirofalk.com\\\/en\\\/#\\\/schema\\\/logo\\\/image\\\/\"},\"sameAs\":[\"https:\\\/\\\/www.facebook.com\\\/envirofalk\",\"https:\\\/\\\/www.linkedin.com\\\/company\\\/envirofalk-gmbh\",\"https:\\\/\\\/www.youtube.com\\\/channel\\\/UCM1L-2K6cfBbP3aYgJGbVdA\"],\"description\":\"EnviroFALK Prozesswassertechnik ist Ihr Spezialist f\u00fcr ma\u00dfgeschneiderte Wasseraufbereitungsl\u00f6sungen in der Industrie. Wir bieten innovative Technologien f\u00fcr die Erzeugung und Aufbereitung von Prozesswasser, um h\u00f6chste Effizienz und Qualit\u00e4t in Ihren Produktionsprozessen zu gew\u00e4hrleisten. Mit jahrzehntelanger Erfahrung entwickeln wir nachhaltige und ressourcenschonende L\u00f6sungen, die exakt auf die Anforderungen unserer Kunden abgestimmt sind. Unsere Leistungen umfassen die Filtration, Enth\u00e4rtung, Entsalzung und R\u00fcckgewinnung von Wasser f\u00fcr verschiedenste Anwendungen \u2013 von der Metallverarbeitung bis zur Lebensmittelindustrie. Unsere Experten begleiten Sie von der Planung \u00fcber die Implementierung bis hin zum Service, um eine zuverl\u00e4ssige und wirtschaftliche Wasseraufbereitung sicherzustellen.\",\"email\":\"info@envirofalk.com\",\"telephone\":\"+49 2663 9908-0\",\"legalName\":\"EnviroFALK GmbH\",\"foundingDate\":\"1989-05-01\"}]}<\/script>\n<!-- \/ Yoast SEO Premium plugin. -->","yoast_head_json":{"title":"Membrane degassing &#8211; EnviroFALK","description":"Membrane degassing systems from EnviroFALK remove carbon dioxide and oxygen from water. When it comes to membrane degassing, contact the experts at EnviroFALK directly. We would also be happy to design a highly efficient membrane degassing system for you that meets your individual requirements across the board.","robots":{"index":"index","follow":"follow","max-snippet":"max-snippet:-1","max-image-preview":"max-image-preview:large","max-video-preview":"max-video-preview:-1"},"canonical":"https:\/\/www.envirofalk.com\/en\/process-technologies-products\/membrane-degassing\/","og_locale":"en_US","og_type":"article","og_title":"Membrane degassing","og_description":"Membrane degassing systems from EnviroFALK remove carbon dioxide and oxygen from water. When it comes to membrane degassing, contact the experts at EnviroFALK directly. We would also be happy to design a highly efficient membrane degassing system for you that meets your individual requirements across the board.","og_url":"https:\/\/www.envirofalk.com\/en\/process-technologies-products\/membrane-degassing\/","og_site_name":"EnviroFALK","article_publisher":"https:\/\/www.facebook.com\/envirofalk","article_modified_time":"2024-02-14T12:07:47+00:00","twitter_card":"summary_large_image","twitter_misc":{"Est. reading time":"3 minutes"},"schema":{"@context":"https:\/\/schema.org","@graph":[{"@type":"WebPage","@id":"https:\/\/www.envirofalk.com\/en\/process-technologies-products\/membrane-degassing\/","url":"https:\/\/www.envirofalk.com\/en\/process-technologies-products\/membrane-degassing\/","name":"Membrane degassing &#8211; EnviroFALK","isPartOf":{"@id":"https:\/\/www.envirofalk.com\/en\/#website"},"datePublished":"2024-01-24T09:54:15+00:00","dateModified":"2024-02-14T12:07:47+00:00","description":"Membrane degassing systems from EnviroFALK remove carbon dioxide and oxygen from water. When it comes to membrane degassing, contact the experts at EnviroFALK directly. We would also be happy to design a highly efficient membrane degassing system for you that meets your individual requirements across the board.","breadcrumb":{"@id":"https:\/\/www.envirofalk.com\/en\/process-technologies-products\/membrane-degassing\/#breadcrumb"},"inLanguage":"en-US","potentialAction":[{"@type":"ReadAction","target":["https:\/\/www.envirofalk.com\/en\/process-technologies-products\/membrane-degassing\/"]}]},{"@type":"BreadcrumbList","@id":"https:\/\/www.envirofalk.com\/en\/process-technologies-products\/membrane-degassing\/#breadcrumb","itemListElement":[{"@type":"ListItem","position":1,"name":"Home","item":"https:\/\/www.envirofalk.com\/en\/"},{"@type":"ListItem","position":2,"name":"Process technologies &amp; products","item":"https:\/\/www.envirofalk.com\/en\/process-technologies-products\/"},{"@type":"ListItem","position":3,"name":"Membrane degassing"}]},{"@type":"WebSite","@id":"https:\/\/www.envirofalk.com\/en\/#website","url":"https:\/\/www.envirofalk.com\/en\/","name":"EnviroFALK","description":"Water treatment systems for industry, trade &amp; laboratory","publisher":{"@id":"https:\/\/www.envirofalk.com\/en\/#organization"},"potentialAction":[{"@type":"SearchAction","target":{"@type":"EntryPoint","urlTemplate":"https:\/\/www.envirofalk.com\/en\/?s={search_term_string}"},"query-input":{"@type":"PropertyValueSpecification","valueRequired":true,"valueName":"search_term_string"}}],"inLanguage":"en-US"},{"@type":"Organization","@id":"https:\/\/www.envirofalk.com\/en\/#organization","name":"EnviroFALK","url":"https:\/\/www.envirofalk.com\/en\/","logo":{"@type":"ImageObject","inLanguage":"en-US","@id":"https:\/\/www.envirofalk.com\/en\/#\/schema\/logo\/image\/","url":"https:\/\/www.envirofalk.com\/wp-content\/uploads\/2023\/01\/logo.svg","contentUrl":"https:\/\/www.envirofalk.com\/wp-content\/uploads\/2023\/01\/logo.svg","caption":"EnviroFALK"},"image":{"@id":"https:\/\/www.envirofalk.com\/en\/#\/schema\/logo\/image\/"},"sameAs":["https:\/\/www.facebook.com\/envirofalk","https:\/\/www.linkedin.com\/company\/envirofalk-gmbh","https:\/\/www.youtube.com\/channel\/UCM1L-2K6cfBbP3aYgJGbVdA"],"description":"EnviroFALK Prozesswassertechnik ist Ihr Spezialist f\u00fcr ma\u00dfgeschneiderte Wasseraufbereitungsl\u00f6sungen in der Industrie. Wir bieten innovative Technologien f\u00fcr die Erzeugung und Aufbereitung von Prozesswasser, um h\u00f6chste Effizienz und Qualit\u00e4t in Ihren Produktionsprozessen zu gew\u00e4hrleisten. Mit jahrzehntelanger Erfahrung entwickeln wir nachhaltige und ressourcenschonende L\u00f6sungen, die exakt auf die Anforderungen unserer Kunden abgestimmt sind. Unsere Leistungen umfassen die Filtration, Enth\u00e4rtung, Entsalzung und R\u00fcckgewinnung von Wasser f\u00fcr verschiedenste Anwendungen \u2013 von der Metallverarbeitung bis zur Lebensmittelindustrie. Unsere Experten begleiten Sie von der Planung \u00fcber die Implementierung bis hin zum Service, um eine zuverl\u00e4ssige und wirtschaftliche Wasseraufbereitung sicherzustellen.","email":"info@envirofalk.com","telephone":"+49 2663 9908-0","legalName":"EnviroFALK GmbH","foundingDate":"1989-05-01"}]}},"_links":{"self":[{"href":"https:\/\/www.envirofalk.com\/en\/wp-json\/wp\/v2\/pages\/7787","targetHints":{"allow":["GET"]}}],"collection":[{"href":"https:\/\/www.envirofalk.com\/en\/wp-json\/wp\/v2\/pages"}],"about":[{"href":"https:\/\/www.envirofalk.com\/en\/wp-json\/wp\/v2\/types\/page"}],"author":[{"embeddable":true,"href":"https:\/\/www.envirofalk.com\/en\/wp-json\/wp\/v2\/users\/3"}],"replies":[{"embeddable":true,"href":"https:\/\/www.envirofalk.com\/en\/wp-json\/wp\/v2\/comments?post=7787"}],"version-history":[{"count":6,"href":"https:\/\/www.envirofalk.com\/en\/wp-json\/wp\/v2\/pages\/7787\/revisions"}],"predecessor-version":[{"id":11791,"href":"https:\/\/www.envirofalk.com\/en\/wp-json\/wp\/v2\/pages\/7787\/revisions\/11791"}],"up":[{"embeddable":true,"href":"https:\/\/www.envirofalk.com\/en\/wp-json\/wp\/v2\/pages\/7660"}],"wp:attachment":[{"href":"https:\/\/www.envirofalk.com\/en\/wp-json\/wp\/v2\/media?parent=7787"}],"curies":[{"name":"wp","href":"https:\/\/api.w.org\/{rel}","templated":true}]}}