{"id":7743,"date":"2024-01-24T10:54:13","date_gmt":"2024-01-24T09:54:13","guid":{"rendered":"https:\/\/www.envirofalk.com\/process-technologies-products\/water-treatment-as-rental-systems\/"},"modified":"2024-01-24T10:54:18","modified_gmt":"2024-01-24T09:54:18","slug":"water-treatment-as-rental-systems","status":"publish","type":"page","link":"https:\/\/www.envirofalk.com\/en\/process-technologies-products\/water-treatment-as-rental-systems\/","title":{"rendered":"Water treatment as rental systems"},"content":{"rendered":"<div class=\"wpb-content-wrapper\"><p>[vc_section][vc_row full_width=&#8221;stretch_row_content_no_spaces&#8221;][vc_column]<div class=\"custom-top-banner img-box   has-icon\" style=\"background-image: url(https:\/\/www.envirofalk.com\/wp-content\/uploads\/2023\/05\/banner-energieerzeugung.jpg)\"><div class=\"container relative\"><div class=\"text-box\"><div class=\"slideInRight animated\"><img loading=\"lazy\" decoding=\"async\" width=\"1\" height=\"1\" src=\"https:\/\/www.envirofalk.com\/wp-content\/uploads\/2023\/08\/Wasseraufbereitung_Umkehrosmose_Icon.svg\" class=\"attachment-120x120 size-120x120\" alt=\"\" \/><p>Wasseraufbereitung als <strong>Mietanlagen<\/strong><\/p><\/div><\/div><\/div><\/div>[\/vc_column][\/vc_row][vc_row el_class=&#8221;breadcrumbs-wrapper&#8221;][vc_column]<div class=\"breadcrumbs\"><label><\/label> <a href=\"https:\/\/www.envirofalk.com\/en\/\">Home<\/a><\/div>[\/vc_column][\/vc_row][\/vc_section][vc_section][vc_row css_animation=&#8221;slideInUp&#8221; el_class=&#8221;two-columns-row tablet-row&#8221;][vc_column width=&#8221;3\/4&#8243;][vc_custom_heading source=&#8221;post_title&#8221; font_container=&#8221;tag:h1|text_align:left&#8221; use_theme_fonts=&#8221;yes&#8221;][vc_column_text]<\/p>\n<div class=\"ce_row row column first\">\n<h2 class=\"ce_headline \">EnviroFALK water treatment as a rental system<\/h2>\n<\/div>\n<div class=\"ce_row row\">\n<div class=\"ce_column columns small-12 medium-6 large-6\">\n<div class=\"ce_text block\">\n<p>Do you need <strong>temporary water treatment<\/strong>? Do your processes and applications require <strong>softened, demineralized and germ-free water<\/strong>?<\/p>\n<p>EnviroFALK offers customized <strong>water treatment systems<\/strong> for various applications <strong>on a rental basis<\/strong>. For this purpose, we have a selected range of different system modules that enable us to act quickly and adapt optimally to local conditions.<\/p>\n<p>With <strong>over 30 years of experience<\/strong>, we know your industry inside out and know what moves you.<\/p>\n<\/div>\n<\/div>\n<\/div>\n<p>[\/vc_column_text][\/vc_column][vc_column width=&#8221;1\/4&#8243;][\/vc_column][\/vc_row][\/vc_section][vc_section][vc_row el_class=&#8221;tablet-row vertical-center&#8221;][vc_column css_animation=&#8221;slideInLeft&#8221; width=&#8221;1\/2&#8243;][vc_column_text]<\/p>\n<h2>EnviroFALK, the experts for your water treatment systems on a rental basis<\/h2>\n<p>The smart thing to do is to contact the experts at EnviroFALK directly when it comes to water treatment systems on a rental basis. We will also be happy to put together a highly efficient water treatment system for you that meets your individual requirements across the board.<\/p>\n<p>As a manufacturer of <a href=\"https:\/\/www.envirofalk.com\/verfahrenstechniken-produkte\/individuelle-wasseraufbereitung\/\">water treatment systems<\/a>, this is the standard we set ourselves &#8211; to be there for our customers 100 percent! By the way: We are also the ideal partner when it comes to <a href=\"https:\/\/www.envirofalk.com\/service\/wasseraufbereitung-im-container\/\">mobile water treatment systems in containers<\/a>![\/vc_column_text][\/vc_column][vc_column css_animation=&#8221;slideInRight&#8221; width=&#8221;1\/2&#8243;]<div class=\"bg-image img-box\" style=\"background-image: url(https:\/\/www.envirofalk.com\/wp-content\/uploads\/2023\/02\/bg-about.gif)\"><img loading=\"lazy\" decoding=\"async\" width=\"910\" height=\"478\" src=\"https:\/\/www.envirofalk.com\/wp-content\/uploads\/2023\/08\/Umkehrosmoseanlage_EnviroFALK_mit_Umkehrosmosemembranen.png\" class=\"attachment-full size-full\" alt=\"\" srcset=\"https:\/\/www.envirofalk.com\/wp-content\/uploads\/2023\/08\/Umkehrosmoseanlage_EnviroFALK_mit_Umkehrosmosemembranen.png 910w, https:\/\/www.envirofalk.com\/wp-content\/uploads\/2023\/08\/Umkehrosmoseanlage_EnviroFALK_mit_Umkehrosmosemembranen-350x184.png 350w, https:\/\/www.envirofalk.com\/wp-content\/uploads\/2023\/08\/Umkehrosmoseanlage_EnviroFALK_mit_Umkehrosmosemembranen-768x403.png 768w\" sizes=\"auto, (max-width: 910px) 100vw, 910px\" \/><\/div>[\/vc_column][\/vc_row][vc_row][vc_column]<div class=\"posts-wrapper wpb_content_element\"><div class=\"top-box wpb_content_element text-center\"><h2 class=\"entry-title\">EnviroFALK Wasseraufbereitung auf Mietbasis<\/h2><p>Wir haben f\u00fcr (fast) jeden Anwendungsbereich die passende L\u00f6sung!<\/p><\/div><div class=\"all-products flexbox has-slider\" data-posts=\"3\" data-cat-id=\"56\" data-tag-id=\"0\" data-exclude-tag=\"IN\"><div id=\"post-23054\" class=\"produkt post-23054 type-produkt status-publish has-post-thumbnail hentry produkt_kategorie-industry-trade produkt_kategorie-product-program produkt_kategorie-laboratory-medical-technology produkt_kategorie-reverse-osmosis-systems\"><a href=\"https:\/\/www.envirofalk.com\/en\/produkte\/envi-greenpure-s-120-500\/\" target=\"_self\"><div class=\"icon\"><img decoding=\"async\" src=\"https:\/\/www.envirofalk.com\/wp-content\/uploads\/2023\/08\/Envi_GreenPURE_L_120500.png\" alt=\"Bild\"><\/div><\/a><div class=\"text-box\"><h3 class=\"entry-title\"><a href=\"https:\/\/www.envirofalk.com\/en\/produkte\/envi-greenpure-s-120-500\/\" target=\"_self\">Envi GreenPURE S 120-500<\/a><\/h3><p>\r\nEnvi GreenPURE\r\nS 120-500\r\nThe compact GreenPURE S reverse osmosis systems are space-saving, ideal for applications with limited space and a...<\/p><ul class=\"params-list\"><\/ul><\/div><\/div><div id=\"post-23062\" class=\"produkt post-23062 type-produkt status-publish has-post-thumbnail hentry produkt_kategorie-kh-kampagne-produkte-en produkt_kategorie-product-program produkt_kategorie-laboratory-medical-technology produkt_kategorie-reverse-osmosis-systems produkt_kategorie-electrodeionization produkt_kategorie-pure-and-ultrapure-water-systems produkt_tag-agn-en\"><a href=\"https:\/\/www.envirofalk.com\/en\/produkte\/envi-greenpure-l-ultra-80350\/\" target=\"_self\"><div class=\"icon\"><img decoding=\"async\" src=\"https:\/\/www.envirofalk.com\/wp-content\/uploads\/2025\/05\/RS645_Produktfoto_Greenpure-L-Ultra_EF_24-2-scaled.png\" alt=\"Bild\"><\/div><\/a><div class=\"text-box\"><h3 class=\"entry-title\"><a href=\"https:\/\/www.envirofalk.com\/en\/produkte\/envi-greenpure-l-ultra-80350\/\" target=\"_self\">Envi GreenPURE L Ultra 80-350<\/a><\/h3><p>Die kompakten Wasseraufbereitungssysteme GreenPURE HS Ultra sind f\u00fcr die Entsalzung von enth\u00e4rtetem Trinkwasser konzipiert.<\/p><ul class=\"params-list\"><\/ul><\/div><\/div><div id=\"post-23595\" class=\"produkt post-23595 type-produkt status-publish has-post-thumbnail hentry produkt_kategorie-product-program produkt_kategorie-laboratory-medical-technology produkt_kategorie-reverse-osmosis-systems produkt_kategorie-electrodeionization produkt_kategorie-pure-and-ultrapure-water-systems produkt_tag-agn-en\"><a href=\"https:\/\/www.envirofalk.com\/en\/produkte\/envi-greenpure-mx-ultra\/\" target=\"_self\"><div class=\"icon\"><img decoding=\"async\" src=\"https:\/\/www.envirofalk.com\/wp-content\/uploads\/2025\/05\/RS882_GreenPURE-Ultra-MX_1--scaled.png\" alt=\"Bild\"><\/div><\/a><div class=\"text-box\"><h3 class=\"entry-title\"><a href=\"https:\/\/www.envirofalk.com\/en\/produkte\/envi-greenpure-mx-ultra\/\" target=\"_self\">Envi GreenPURE MX Ultra 3000-7500<\/a><\/h3><p>Die kompakten Wasseraufbereitungssysteme GreenPURE HS Ultra sind f\u00fcr die Entsalzung von enth\u00e4rtetem Trinkwasser konzipiert.<\/p><ul class=\"params-list\"><\/ul><\/div><\/div><\/div><div class=\"slider-controls news-slider-controls\"><\/div><div class=\"not-found\"><h3>Keine Eintr\u00e4ge gefunden<\/h3><\/div><\/div>[\/vc_column][\/vc_row][vc_row][vc_column][vc_tta_accordion section_title_tag=&#8221;h5&#8243; c_icon=&#8221;chevron&#8221; c_position=&#8221;right&#8221; active_section=&#8221;&#8221; no_fill=&#8221;true&#8221; collapsible_all=&#8221;true&#8221; title=&#8221;Find out more about water treatment systems on a rental basis&#8221;][vc_tta_section title=&#8221;What are the advantages of a water treatment system on a rental basis?&#8221; tab_id=&#8221;1694684192118-7ec1d2fe-6e35&#8243;][vc_column_text]<\/p>\n<h3>Softened, demineralized and germ-free water for temporary purposes?<\/h3>\n<pre>Profitieren Sie von EnviroFALK Wasseraufbereitungsanlagen auf Mietbasis!<\/pre>\n<h3><strong>Your advantages:<\/strong><\/h3>\n<ul>\n<li>Short, medium and long-term rental<\/li>\n<li>Supply of production peaks<\/li>\n<li>Bridging in the event of planned downtimes, such as maintenance-related interruptions to operations<\/li>\n<li>Temporary supply during the construction, conversion and expansion of new production facilities<\/li>\n<li>Flexible approach to pilot tests<\/li>\n<li>Support for R&amp;D projects for new technologies<\/li>\n<\/ul>\n<p>[\/vc_column_text][\/vc_tta_section][vc_tta_section title=&#8221;With which functionalities are EnviroFALK water treatment systems available on a rental basis?&#8221; tab_id=&#8221;1694684192137-68f566a5-4d6a&#8221;][vc_column_text]EnviroFALK offers customized <strong>water treatment systems<\/strong> for various applications <strong>on a rental basis<\/strong>. For this purpose, we have a selected range of different system modules that enable us to act quickly and adapt optimally to local conditions.<\/p>\n<p>Depending on demand, we have reverse osmosis systems with pre-treatment and water softening available. The water treatment systems on a rental basis are completely pre-assembled and ready for connection.[\/vc_column_text][\/vc_tta_section][vc_tta_section title=&#8221;Would you like to find out more about water treatment systems on a rental basis?&#8221; tab_id=&#8221;1694688113004-4453ec2a-e8a6&#8243;][vc_column_text]Process water, pure and ultrapure water for temporary purposes? Benefit from EnviroFALK water treatment systems on a rental basis. Give us a call right away. We look forward to your call![\/vc_column_text][\/vc_tta_section][\/vc_tta_accordion][\/vc_column][\/vc_row][\/vc_section]<\/p>\n<\/div>","protected":false},"excerpt":{"rendered":"<p>[vc_section][vc_row full_width=&#8221;stretch_row_content_no_spaces&#8221;][vc_column][\/vc_column][\/vc_row][vc_row el_class=&#8221;breadcrumbs-wrapper&#8221;][vc_column][\/vc_column][\/vc_row][\/vc_section][vc_section][vc_row css_animation=&#8221;slideInUp&#8221; el_class=&#8221;two-columns-row tablet-row&#8221;][vc_column width=&#8221;3\/4&#8243;][vc_custom_heading source=&#8221;post_title&#8221; font_container=&#8221;tag:h1|text_align:left&#8221; use_theme_fonts=&#8221;yes&#8221;][vc_column_text] EnviroFALK water treatment as a rental system Do you need temporary water treatment? Do your processes and applications require softened, demineralized and germ-free water? EnviroFALK offers customized water treatment systems for various applications on a rental basis. For this purpose, we have a selected range [&hellip;]<\/p>\n","protected":false},"author":3,"featured_media":0,"parent":7660,"menu_order":13,"comment_status":"closed","ping_status":"closed","template":"","meta":{"_acf_changed":false,"rs_blank_template":"","rs_page_bg_color":"","slide_template_v7":"","footnotes":""},"class_list":["post-7743","page","type-page","status-publish","hentry"],"acf":[],"yoast_head":"<!-- This site is optimized with the Yoast SEO Premium plugin v27.5 (Yoast SEO v27.5) - https:\/\/yoast.com\/product\/yoast-seo-premium-wordpress\/ -->\n<title>Water treatment as rental systems &#8211; EnviroFALK<\/title>\n<meta name=\"description\" content=\"EnviroFALK offers customized water treatment systems on a rental basis for different areas of application\" \/>\n<meta name=\"robots\" content=\"index, follow, max-snippet:-1, max-image-preview:large, max-video-preview:-1\" \/>\n<link rel=\"canonical\" href=\"https:\/\/www.envirofalk.com\/en\/process-technologies-products\/water-treatment-as-rental-systems\/\" \/>\n<meta property=\"og:locale\" content=\"en_US\" \/>\n<meta property=\"og:type\" content=\"article\" \/>\n<meta property=\"og:title\" content=\"Water treatment as rental systems\" \/>\n<meta property=\"og:description\" content=\"EnviroFALK offers customized water treatment systems on a rental basis for different areas of application\" \/>\n<meta property=\"og:url\" content=\"https:\/\/www.envirofalk.com\/en\/process-technologies-products\/water-treatment-as-rental-systems\/\" \/>\n<meta property=\"og:site_name\" content=\"EnviroFALK\" \/>\n<meta property=\"article:publisher\" content=\"https:\/\/www.facebook.com\/envirofalk\" \/>\n<meta property=\"article:modified_time\" content=\"2024-01-24T09:54:18+00:00\" \/>\n<meta name=\"twitter:card\" content=\"summary_large_image\" \/>\n<meta name=\"twitter:label1\" content=\"Est. reading time\" \/>\n\t<meta name=\"twitter:data1\" content=\"3 minutes\" \/>\n<script type=\"application\/ld+json\" class=\"yoast-schema-graph\">{\"@context\":\"https:\\\/\\\/schema.org\",\"@graph\":[{\"@type\":\"WebPage\",\"@id\":\"https:\\\/\\\/www.envirofalk.com\\\/en\\\/process-technologies-products\\\/water-treatment-as-rental-systems\\\/\",\"url\":\"https:\\\/\\\/www.envirofalk.com\\\/en\\\/process-technologies-products\\\/water-treatment-as-rental-systems\\\/\",\"name\":\"Water treatment as rental systems &#8211; EnviroFALK\",\"isPartOf\":{\"@id\":\"https:\\\/\\\/www.envirofalk.com\\\/en\\\/#website\"},\"datePublished\":\"2024-01-24T09:54:13+00:00\",\"dateModified\":\"2024-01-24T09:54:18+00:00\",\"description\":\"EnviroFALK offers customized water treatment systems on a rental basis for different areas of application\",\"breadcrumb\":{\"@id\":\"https:\\\/\\\/www.envirofalk.com\\\/en\\\/process-technologies-products\\\/water-treatment-as-rental-systems\\\/#breadcrumb\"},\"inLanguage\":\"en-US\",\"potentialAction\":[{\"@type\":\"ReadAction\",\"target\":[\"https:\\\/\\\/www.envirofalk.com\\\/en\\\/process-technologies-products\\\/water-treatment-as-rental-systems\\\/\"]}]},{\"@type\":\"BreadcrumbList\",\"@id\":\"https:\\\/\\\/www.envirofalk.com\\\/en\\\/process-technologies-products\\\/water-treatment-as-rental-systems\\\/#breadcrumb\",\"itemListElement\":[{\"@type\":\"ListItem\",\"position\":1,\"name\":\"Home\",\"item\":\"https:\\\/\\\/www.envirofalk.com\\\/en\\\/\"},{\"@type\":\"ListItem\",\"position\":2,\"name\":\"Process technologies &amp; products\",\"item\":\"https:\\\/\\\/www.envirofalk.com\\\/en\\\/process-technologies-products\\\/\"},{\"@type\":\"ListItem\",\"position\":3,\"name\":\"Water treatment as rental systems\"}]},{\"@type\":\"WebSite\",\"@id\":\"https:\\\/\\\/www.envirofalk.com\\\/en\\\/#website\",\"url\":\"https:\\\/\\\/www.envirofalk.com\\\/en\\\/\",\"name\":\"EnviroFALK\",\"description\":\"Water treatment systems for industry, trade &amp; laboratory\",\"publisher\":{\"@id\":\"https:\\\/\\\/www.envirofalk.com\\\/en\\\/#organization\"},\"potentialAction\":[{\"@type\":\"SearchAction\",\"target\":{\"@type\":\"EntryPoint\",\"urlTemplate\":\"https:\\\/\\\/www.envirofalk.com\\\/en\\\/?s={search_term_string}\"},\"query-input\":{\"@type\":\"PropertyValueSpecification\",\"valueRequired\":true,\"valueName\":\"search_term_string\"}}],\"inLanguage\":\"en-US\"},{\"@type\":\"Organization\",\"@id\":\"https:\\\/\\\/www.envirofalk.com\\\/en\\\/#organization\",\"name\":\"EnviroFALK\",\"url\":\"https:\\\/\\\/www.envirofalk.com\\\/en\\\/\",\"logo\":{\"@type\":\"ImageObject\",\"inLanguage\":\"en-US\",\"@id\":\"https:\\\/\\\/www.envirofalk.com\\\/en\\\/#\\\/schema\\\/logo\\\/image\\\/\",\"url\":\"https:\\\/\\\/www.envirofalk.com\\\/wp-content\\\/uploads\\\/2023\\\/01\\\/logo.svg\",\"contentUrl\":\"https:\\\/\\\/www.envirofalk.com\\\/wp-content\\\/uploads\\\/2023\\\/01\\\/logo.svg\",\"caption\":\"EnviroFALK\"},\"image\":{\"@id\":\"https:\\\/\\\/www.envirofalk.com\\\/en\\\/#\\\/schema\\\/logo\\\/image\\\/\"},\"sameAs\":[\"https:\\\/\\\/www.facebook.com\\\/envirofalk\",\"https:\\\/\\\/www.linkedin.com\\\/company\\\/envirofalk-gmbh\",\"https:\\\/\\\/www.youtube.com\\\/channel\\\/UCM1L-2K6cfBbP3aYgJGbVdA\"],\"description\":\"EnviroFALK Prozesswassertechnik ist Ihr Spezialist f\u00fcr ma\u00dfgeschneiderte Wasseraufbereitungsl\u00f6sungen in der Industrie. Wir bieten innovative Technologien f\u00fcr die Erzeugung und Aufbereitung von Prozesswasser, um h\u00f6chste Effizienz und Qualit\u00e4t in Ihren Produktionsprozessen zu gew\u00e4hrleisten. Mit jahrzehntelanger Erfahrung entwickeln wir nachhaltige und ressourcenschonende L\u00f6sungen, die exakt auf die Anforderungen unserer Kunden abgestimmt sind. Unsere Leistungen umfassen die Filtration, Enth\u00e4rtung, Entsalzung und R\u00fcckgewinnung von Wasser f\u00fcr verschiedenste Anwendungen \u2013 von der Metallverarbeitung bis zur Lebensmittelindustrie. Unsere Experten begleiten Sie von der Planung \u00fcber die Implementierung bis hin zum Service, um eine zuverl\u00e4ssige und wirtschaftliche Wasseraufbereitung sicherzustellen.\",\"email\":\"info@envirofalk.com\",\"telephone\":\"+49 2663 9908-0\",\"legalName\":\"EnviroFALK GmbH\",\"foundingDate\":\"1989-05-01\"}]}<\/script>\n<!-- \/ Yoast SEO Premium plugin. -->","yoast_head_json":{"title":"Water treatment as rental systems &#8211; EnviroFALK","description":"EnviroFALK offers customized water treatment systems on a rental basis for different areas of application","robots":{"index":"index","follow":"follow","max-snippet":"max-snippet:-1","max-image-preview":"max-image-preview:large","max-video-preview":"max-video-preview:-1"},"canonical":"https:\/\/www.envirofalk.com\/en\/process-technologies-products\/water-treatment-as-rental-systems\/","og_locale":"en_US","og_type":"article","og_title":"Water treatment as rental systems","og_description":"EnviroFALK offers customized water treatment systems on a rental basis for different areas of application","og_url":"https:\/\/www.envirofalk.com\/en\/process-technologies-products\/water-treatment-as-rental-systems\/","og_site_name":"EnviroFALK","article_publisher":"https:\/\/www.facebook.com\/envirofalk","article_modified_time":"2024-01-24T09:54:18+00:00","twitter_card":"summary_large_image","twitter_misc":{"Est. reading time":"3 minutes"},"schema":{"@context":"https:\/\/schema.org","@graph":[{"@type":"WebPage","@id":"https:\/\/www.envirofalk.com\/en\/process-technologies-products\/water-treatment-as-rental-systems\/","url":"https:\/\/www.envirofalk.com\/en\/process-technologies-products\/water-treatment-as-rental-systems\/","name":"Water treatment as rental systems &#8211; EnviroFALK","isPartOf":{"@id":"https:\/\/www.envirofalk.com\/en\/#website"},"datePublished":"2024-01-24T09:54:13+00:00","dateModified":"2024-01-24T09:54:18+00:00","description":"EnviroFALK offers customized water treatment systems on a rental basis for different areas of application","breadcrumb":{"@id":"https:\/\/www.envirofalk.com\/en\/process-technologies-products\/water-treatment-as-rental-systems\/#breadcrumb"},"inLanguage":"en-US","potentialAction":[{"@type":"ReadAction","target":["https:\/\/www.envirofalk.com\/en\/process-technologies-products\/water-treatment-as-rental-systems\/"]}]},{"@type":"BreadcrumbList","@id":"https:\/\/www.envirofalk.com\/en\/process-technologies-products\/water-treatment-as-rental-systems\/#breadcrumb","itemListElement":[{"@type":"ListItem","position":1,"name":"Home","item":"https:\/\/www.envirofalk.com\/en\/"},{"@type":"ListItem","position":2,"name":"Process technologies &amp; products","item":"https:\/\/www.envirofalk.com\/en\/process-technologies-products\/"},{"@type":"ListItem","position":3,"name":"Water treatment as rental systems"}]},{"@type":"WebSite","@id":"https:\/\/www.envirofalk.com\/en\/#website","url":"https:\/\/www.envirofalk.com\/en\/","name":"EnviroFALK","description":"Water treatment systems for industry, trade &amp; laboratory","publisher":{"@id":"https:\/\/www.envirofalk.com\/en\/#organization"},"potentialAction":[{"@type":"SearchAction","target":{"@type":"EntryPoint","urlTemplate":"https:\/\/www.envirofalk.com\/en\/?s={search_term_string}"},"query-input":{"@type":"PropertyValueSpecification","valueRequired":true,"valueName":"search_term_string"}}],"inLanguage":"en-US"},{"@type":"Organization","@id":"https:\/\/www.envirofalk.com\/en\/#organization","name":"EnviroFALK","url":"https:\/\/www.envirofalk.com\/en\/","logo":{"@type":"ImageObject","inLanguage":"en-US","@id":"https:\/\/www.envirofalk.com\/en\/#\/schema\/logo\/image\/","url":"https:\/\/www.envirofalk.com\/wp-content\/uploads\/2023\/01\/logo.svg","contentUrl":"https:\/\/www.envirofalk.com\/wp-content\/uploads\/2023\/01\/logo.svg","caption":"EnviroFALK"},"image":{"@id":"https:\/\/www.envirofalk.com\/en\/#\/schema\/logo\/image\/"},"sameAs":["https:\/\/www.facebook.com\/envirofalk","https:\/\/www.linkedin.com\/company\/envirofalk-gmbh","https:\/\/www.youtube.com\/channel\/UCM1L-2K6cfBbP3aYgJGbVdA"],"description":"EnviroFALK Prozesswassertechnik ist Ihr Spezialist f\u00fcr ma\u00dfgeschneiderte Wasseraufbereitungsl\u00f6sungen in der Industrie. Wir bieten innovative Technologien f\u00fcr die Erzeugung und Aufbereitung von Prozesswasser, um h\u00f6chste Effizienz und Qualit\u00e4t in Ihren Produktionsprozessen zu gew\u00e4hrleisten. Mit jahrzehntelanger Erfahrung entwickeln wir nachhaltige und ressourcenschonende L\u00f6sungen, die exakt auf die Anforderungen unserer Kunden abgestimmt sind. Unsere Leistungen umfassen die Filtration, Enth\u00e4rtung, Entsalzung und R\u00fcckgewinnung von Wasser f\u00fcr verschiedenste Anwendungen \u2013 von der Metallverarbeitung bis zur Lebensmittelindustrie. Unsere Experten begleiten Sie von der Planung \u00fcber die Implementierung bis hin zum Service, um eine zuverl\u00e4ssige und wirtschaftliche Wasseraufbereitung sicherzustellen.","email":"info@envirofalk.com","telephone":"+49 2663 9908-0","legalName":"EnviroFALK GmbH","foundingDate":"1989-05-01"}]}},"_links":{"self":[{"href":"https:\/\/www.envirofalk.com\/en\/wp-json\/wp\/v2\/pages\/7743","targetHints":{"allow":["GET"]}}],"collection":[{"href":"https:\/\/www.envirofalk.com\/en\/wp-json\/wp\/v2\/pages"}],"about":[{"href":"https:\/\/www.envirofalk.com\/en\/wp-json\/wp\/v2\/types\/page"}],"author":[{"embeddable":true,"href":"https:\/\/www.envirofalk.com\/en\/wp-json\/wp\/v2\/users\/3"}],"replies":[{"embeddable":true,"href":"https:\/\/www.envirofalk.com\/en\/wp-json\/wp\/v2\/comments?post=7743"}],"version-history":[{"count":2,"href":"https:\/\/www.envirofalk.com\/en\/wp-json\/wp\/v2\/pages\/7743\/revisions"}],"predecessor-version":[{"id":7789,"href":"https:\/\/www.envirofalk.com\/en\/wp-json\/wp\/v2\/pages\/7743\/revisions\/7789"}],"up":[{"embeddable":true,"href":"https:\/\/www.envirofalk.com\/en\/wp-json\/wp\/v2\/pages\/7660"}],"wp:attachment":[{"href":"https:\/\/www.envirofalk.com\/en\/wp-json\/wp\/v2\/media?parent=7743"}],"curies":[{"name":"wp","href":"https:\/\/api.w.org\/{rel}","templated":true}]}}