{"id":7660,"date":"2024-01-24T10:54:08","date_gmt":"2024-01-24T09:54:08","guid":{"rendered":"https:\/\/www.envirofalk.com\/process-technologies-products\/"},"modified":"2024-02-13T10:30:06","modified_gmt":"2024-02-13T09:30:06","slug":"process-technologies-products","status":"publish","type":"page","link":"https:\/\/www.envirofalk.com\/en\/process-technologies-products\/","title":{"rendered":"Process technologies &amp; products"},"content":{"rendered":"<div class=\"wpb-content-wrapper\"><p>[vc_section][vc_row full_width=&#8221;stretch_row_content_no_spaces&#8221;][vc_column]<div class=\"custom-top-banner img-box   \" style=\"background-image: url(https:\/\/www.envirofalk.com\/wp-content\/uploads\/2023\/05\/banner-branchen.jpg)\"><div class=\"container relative\"><div class=\"text-box\"><\/div><\/div><\/div>[\/vc_column][\/vc_row][vc_row el_class=&#8221;breadcrumbs-wrapper&#8221;][vc_column]<div class=\"breadcrumbs\"><label><\/label> <a href=\"https:\/\/www.envirofalk.com\/en\/\">Home<\/a><\/div>[\/vc_column][\/vc_row][\/vc_section][vc_section][vc_row css_animation=&#8221;slideInUp&#8221; el_class=&#8221;two-columns-row tablet-row&#8221;][vc_column width=&#8221;3\/4&#8243;][vc_custom_heading source=&#8221;post_title&#8221; font_container=&#8221;tag:h1|text_align:left&#8221; use_theme_fonts=&#8221;yes&#8221;][vc_column_text]Whether you need a compact system or a customized water treatment system, limited space, a container or rental system, special piping &#8211; we have the perfect solution. At EnviroFALK, you will be advised by experts who know your specific areas of application inside out.[\/vc_column_text][\/vc_column][vc_column width=&#8221;1\/4&#8243;][\/vc_column][\/vc_row][vc_row][vc_column css_animation=&#8221;fadeInUpBig&#8221;]<div class=\"teaser-boxes wpb_content_element\"><div><a href=\"https:\/\/envirofalk.com\/en\/process-technologies-products\/individual-water-treatment\/\" target=\"_self\"><figure class=\"img-box \" style=\"background-image: url(https:\/\/www.envirofalk.com\/wp-content\/uploads\/2023\/10\/Bild_2023-10-02_120023512.jpg)\"><\/figure><\/a><div class=\"text-box\"><img loading=\"lazy\" decoding=\"async\" width=\"1\" height=\"1\" src=\"https:\/\/www.envirofalk.com\/wp-content\/uploads\/2023\/08\/Wasservorbehandlung_2_Icon.svg\" class=\"attachment-120x120 size-120x120\" alt=\"Hand h\u00e4lt Wassertropfen Icon\" \/><h3 class=\"entry-title \"><a href=\"https:\/\/envirofalk.com\/en\/process-technologies-products\/individual-water-treatment\/\" target=\"_self\">Customised water treatment<\/a><\/h3><div class=\"wpb_text_column\">Whether limited space, special pipework, specific digitalisation and automation solutions - with our customised water treatment systems, we meet a wide range of plant specifications. <\/div><\/div><\/div><div><a href=\"https:\/\/envirofalk.com\/en\/process-technologies-products\/filter-technology\/\" target=\"_self\"><figure class=\"img-box \" style=\"background-image: url(https:\/\/www.envirofalk.com\/wp-content\/uploads\/2023\/12\/Filteranlage_EnviGreenFILL_Thumbnail.jpg)\"><\/figure><\/a><div class=\"text-box\"><img loading=\"lazy\" decoding=\"async\" width=\"1\" height=\"1\" src=\"https:\/\/www.envirofalk.com\/wp-content\/uploads\/2023\/08\/Filtertechnik_Icon.svg\" class=\"attachment-120x120 size-120x120\" alt=\"Wasserfilter Icon\" \/><h3 class=\"entry-title \"><a href=\"https:\/\/envirofalk.com\/en\/process-technologies-products\/filter-technology\/\" target=\"_self\">Filter technology<\/a><\/h3><div class=\"wpb_text_column\">Pure water quality starts here: Our innovative filter systems and efficient pressure filter systems offer customised solutions for the highest demands. <\/div><\/div><\/div><div><a href=\"https:\/\/envirofalk.com\/en\/process-technologies-products\/softening-systems\/\" target=\"_self\"><figure class=\"img-box \" style=\"background-image: url(https:\/\/www.envirofalk.com\/wp-content\/uploads\/2023\/12\/Enthaertung_EnviGreenSOFT_Thumbnail.jpg)\"><\/figure><\/a><div class=\"text-box\"><img loading=\"lazy\" decoding=\"async\" width=\"1\" height=\"1\" src=\"https:\/\/www.envirofalk.com\/wp-content\/uploads\/2023\/08\/Wasservorbehandlung_3_Icon.svg\" class=\"attachment-120x120 size-120x120\" alt=\"Hand h\u00e4lt Wassertropfen Icon\" \/><h3 class=\"entry-title \"><a href=\"https:\/\/envirofalk.com\/en\/process-technologies-products\/softening-systems\/\" target=\"_self\">Softening systems<\/a><\/h3><div class=\"wpb_text_column\">Hard water as a damaging factor in industrial production? Our water softeners offer the solution: compact or customised, they guarantee optimum protection.<\/div><\/div><\/div><div><a href=\"https:\/\/envirofalk.com\/en\/process-technologies-products\/membrane-filtration-systems\/\" target=\"_self\"><figure class=\"img-box \" style=\"background-image: url(https:\/\/www.envirofalk.com\/wp-content\/uploads\/2023\/12\/Membranfiltatrionsanlage_EnviGreenPURE_Thumbnail.jpg)\"><\/figure><\/a><div class=\"text-box\"><img loading=\"lazy\" decoding=\"async\" width=\"1\" height=\"1\" src=\"https:\/\/www.envirofalk.com\/wp-content\/uploads\/2023\/08\/Wasseraufbereitung_Umkehrosmose_Icon.svg\" class=\"attachment-120x120 size-120x120\" alt=\"\" \/><h3 class=\"entry-title \"><a href=\"https:\/\/envirofalk.com\/en\/process-technologies-products\/membrane-filtration-systems\/\" target=\"_self\">Membrane filtration systems<\/a><\/h3><div class=\"wpb_text_column\">In a world where water quality is crucial, membrane filtration systems are setting new standards. This innovative technology enables the reliable removal of microorganisms, particles and impurities to ensure the purest water. <\/div><\/div><\/div><div><a href=\"https:\/\/envirofalk.com\/en\/process-technologies-products\/circulation-technology\/\" target=\"_self\"><figure class=\"img-box \" style=\"background-image: url(https:\/\/www.envirofalk.com\/wp-content\/uploads\/2023\/12\/Kreislaufanlage_EnviGreenPURE_Thumbnail.jpg)\"><\/figure><\/a><div class=\"text-box\"><img loading=\"lazy\" decoding=\"async\" width=\"1\" height=\"1\" src=\"https:\/\/www.envirofalk.com\/wp-content\/uploads\/2023\/08\/Wasseraufbereitung_Wasser_Kreislauffuehrung.svg\" class=\"attachment-120x120 size-120x120\" alt=\"Wassertropfen mit Recyclingzeichen Icon\" \/><h3 class=\"entry-title \"><a href=\"https:\/\/envirofalk.com\/en\/process-technologies-products\/circulation-technology\/\" target=\"_self\">Circulation technology<\/a><\/h3><div class=\"wpb_text_column\">Take a big step towards the future with your company and put your trust in pure water circulation systems and rinsing water circulation systems from EnviroFALK.<\/div><\/div><\/div><div><a href=\"https:\/\/envirofalk.com\/en\/ion-exchanger-regeneration\/\" target=\"_self\"><figure class=\"img-box \" style=\"background-image: url(https:\/\/www.envirofalk.com\/wp-content\/uploads\/2023\/12\/Ionenaustauscher_EnviGreenLINE_Thumbnail.jpg)\"><\/figure><\/a><div class=\"text-box\"><img loading=\"lazy\" decoding=\"async\" width=\"1\" height=\"1\" src=\"https:\/\/www.envirofalk.com\/wp-content\/uploads\/2023\/08\/Wasseraufbereitung_Ionenaustauscher_Icon.svg\" class=\"attachment-120x120 size-120x120\" alt=\"\" \/><h3 class=\"entry-title \"><a href=\"https:\/\/envirofalk.com\/en\/ion-exchanger-regeneration\/\" target=\"_self\">Ion exchangers & regeneration<\/a><\/h3><div class=\"wpb_text_column\">Our ion exchange resins, which are located inside the cartridges and ensure demineralisation, are as customised as your areas of application.<\/div><\/div><\/div><div><a href=\"https:\/\/envirofalk.com\/en\/process-technologies-products\/pure-and-ultrapure-water-systems-2\/\" target=\"_self\"><figure class=\"img-box \" style=\"background-image: url(https:\/\/www.envirofalk.com\/wp-content\/uploads\/2023\/12\/Reinstwassersystem_EnviGreenPURE_Thumbnail.jpg)\"><\/figure><\/a><div class=\"text-box\"><img loading=\"lazy\" decoding=\"async\" width=\"1\" height=\"1\" src=\"https:\/\/www.envirofalk.com\/wp-content\/uploads\/2023\/08\/Wasseraufbereitung_Ionenaustauscher_Icon.svg\" class=\"attachment-120x120 size-120x120\" alt=\"\" \/><h3 class=\"entry-title \"><a href=\"https:\/\/envirofalk.com\/en\/process-technologies-products\/pure-and-ultrapure-water-systems-2\/\" target=\"_self\">Pure & ultrapure water systems<\/a><\/h3><div class=\"wpb_text_column\">There are many pure and ultrapure water systems for the post-treatment of ultrapure water in the laboratory. But none are like this one. True to our slogan \"Using water intelligently\"<\/div><\/div><\/div><div><a href=\"https:\/\/envirofalk.com\/en\/process-technologies-products\/softening-systems\/\" target=\"_self\"><figure class=\"img-box \" style=\"background-image: url(https:\/\/www.envirofalk.com\/wp-content\/uploads\/2023\/12\/Desinfektion_EnviGreenPARTS_Thumbnail.jpg)\"><\/figure><\/a><div class=\"text-box\"><img loading=\"lazy\" decoding=\"async\" width=\"1\" height=\"1\" src=\"https:\/\/www.envirofalk.com\/wp-content\/uploads\/2023\/08\/Desinfektion_Icon.svg\" class=\"attachment-120x120 size-120x120\" alt=\"\" \/><h3 class=\"entry-title \"><a href=\"https:\/\/envirofalk.com\/en\/process-technologies-products\/softening-systems\/\" target=\"_self\">Disinfection <\/a><\/h3><div class=\"wpb_text_column\">UV disinfection is widely used as a bactericide in water treatment. The UV light destroys the DNA, the cell membranes and the enzymes of the microorganisms by forming free radicals in the water. <\/div><\/div><\/div><div><a href=\"https:\/\/envirofalk.com\/en\/process-technologies-products\/pure-and-ultrapure-water-systems\/\" target=\"_self\"><figure class=\"img-box \" style=\"background-image: url(https:\/\/www.envirofalk.com\/wp-content\/uploads\/2023\/05\/banner-energieerzeugung.jpg)\"><\/figure><\/a><div class=\"text-box\"><img loading=\"lazy\" decoding=\"async\" width=\"1\" height=\"1\" src=\"https:\/\/www.envirofalk.com\/wp-content\/uploads\/2023\/08\/Desinfektion_Icon.svg\" class=\"attachment-120x120 size-120x120\" alt=\"\" \/><h3 class=\"entry-title \"><a href=\"https:\/\/envirofalk.com\/en\/process-technologies-products\/pure-and-ultrapure-water-systems\/\" target=\"_self\">Pure and ultrapure water systems<\/a><\/h3><div class=\"wpb_text_column\">The requirements placed on the quality of pure and ultrapure water are very specific. This is because the properties of the water have a direct influence on the quality of the resulting end products and applications.<\/div><\/div><\/div><\/div>[\/vc_column][\/vc_row][\/vc_section][vc_section el_class=&#8221;img-box&#8221; css=&#8221;.vc_custom_1683150271160{background-image: url(https:\/\/www.envirofalk.com\/wp-content\/uploads\/2023\/05\/banner-cta.png?id=184) !important;}&#8221;][vc_row][vc_column css_animation=&#8221;fadeInLeft&#8221;]<div class=\"pos_default cta-wrapper wpb_content_element\"><div class=\"text-box\"><div class=\"relative\"><h2 class=\"entry-title\">Can't find what you're looking for?<\/h2><p>Together we will find a solution and develop the optimum water treatment system for you. Let us convince you in a personal consultation!<\/p><a href=\"https:\/\/www.envirofalk.com\/en\/contact-us\/\" target=\"_self\" class=\"custom-btn outline light reverse\">Learn more<i class=\"icon-chevron-right\"><\/i><\/a><\/div><\/div><figure class=\"img-box\" style=\"background-image: url(https:\/\/www.envirofalk.com\/wp-content\/uploads\/2023\/11\/Regenerationsservice.jpg)\"><\/figure><\/div>[\/vc_column][\/vc_row][\/vc_section]<\/p>\n<\/div>","protected":false},"excerpt":{"rendered":"<p>[vc_section][vc_row full_width=&#8221;stretch_row_content_no_spaces&#8221;][vc_column][\/vc_column][\/vc_row][vc_row el_class=&#8221;breadcrumbs-wrapper&#8221;][vc_column][\/vc_column][\/vc_row][\/vc_section][vc_section][vc_row css_animation=&#8221;slideInUp&#8221; el_class=&#8221;two-columns-row tablet-row&#8221;][vc_column width=&#8221;3\/4&#8243;][vc_custom_heading source=&#8221;post_title&#8221; font_container=&#8221;tag:h1|text_align:left&#8221; use_theme_fonts=&#8221;yes&#8221;][vc_column_text]Whether you need a compact system or a customized water treatment system, limited space, a container or rental system, special piping &#8211; we have the perfect solution. At EnviroFALK, you will be advised by experts who know your specific areas of application inside out.[\/vc_column_text][\/vc_column][vc_column width=&#8221;1\/4&#8243;][\/vc_column][\/vc_row][vc_row][vc_column css_animation=&#8221;fadeInUpBig&#8221;][\/vc_column][\/vc_row][\/vc_section][vc_section [&hellip;]<\/p>\n","protected":false},"author":3,"featured_media":20298,"parent":0,"menu_order":29,"comment_status":"closed","ping_status":"closed","template":"","meta":{"_acf_changed":false,"rs_blank_template":"","rs_page_bg_color":"","slide_template_v7":"","footnotes":""},"class_list":["post-7660","page","type-page","status-publish","has-post-thumbnail","hentry"],"acf":[],"yoast_head":"<!-- This site is optimized with the Yoast SEO Premium plugin v27.5 (Yoast SEO v27.5) - https:\/\/yoast.com\/product\/yoast-seo-premium-wordpress\/ -->\n<title>Process technologies &amp; products &#8211; EnviroFALK<\/title>\n<meta name=\"description\" content=\"Whether you need a compact system or a customized water treatment system, we have the perfect solution for your process water\" \/>\n<meta name=\"robots\" content=\"index, follow, max-snippet:-1, max-image-preview:large, max-video-preview:-1\" \/>\n<link rel=\"canonical\" href=\"https:\/\/www.envirofalk.com\/en\/process-technologies-products\/\" \/>\n<meta property=\"og:locale\" content=\"en_US\" \/>\n<meta property=\"og:type\" content=\"article\" \/>\n<meta property=\"og:title\" content=\"Process technologies &amp; products\" \/>\n<meta property=\"og:description\" content=\"Whether you need a compact system or a customized water treatment system, we have the perfect solution for your process water\" \/>\n<meta property=\"og:url\" content=\"https:\/\/www.envirofalk.com\/en\/process-technologies-products\/\" \/>\n<meta property=\"og:site_name\" content=\"EnviroFALK\" \/>\n<meta property=\"article:publisher\" content=\"https:\/\/www.facebook.com\/envirofalk\" \/>\n<meta property=\"article:modified_time\" content=\"2024-02-13T09:30:06+00:00\" \/>\n<meta name=\"twitter:card\" content=\"summary_large_image\" \/>\n<meta name=\"twitter:label1\" content=\"Est. reading time\" \/>\n\t<meta name=\"twitter:data1\" content=\"1 minute\" \/>\n<script type=\"application\/ld+json\" class=\"yoast-schema-graph\">{\"@context\":\"https:\\\/\\\/schema.org\",\"@graph\":[{\"@type\":\"WebPage\",\"@id\":\"https:\\\/\\\/www.envirofalk.com\\\/en\\\/process-technologies-products\\\/\",\"url\":\"https:\\\/\\\/www.envirofalk.com\\\/en\\\/process-technologies-products\\\/\",\"name\":\"Process technologies &amp; products &#8211; EnviroFALK\",\"isPartOf\":{\"@id\":\"https:\\\/\\\/www.envirofalk.com\\\/en\\\/#website\"},\"primaryImageOfPage\":{\"@id\":\"https:\\\/\\\/www.envirofalk.com\\\/en\\\/process-technologies-products\\\/#primaryimage\"},\"image\":{\"@id\":\"https:\\\/\\\/www.envirofalk.com\\\/en\\\/process-technologies-products\\\/#primaryimage\"},\"thumbnailUrl\":\"https:\\\/\\\/www.envirofalk.com\\\/wp-content\\\/uploads\\\/2025\\\/04\\\/Anlagenverbund_Kompaktanlagen.webp\",\"datePublished\":\"2024-01-24T09:54:08+00:00\",\"dateModified\":\"2024-02-13T09:30:06+00:00\",\"description\":\"Whether you need a compact system or a customized water treatment system, we have the perfect solution for your process water\",\"breadcrumb\":{\"@id\":\"https:\\\/\\\/www.envirofalk.com\\\/en\\\/process-technologies-products\\\/#breadcrumb\"},\"inLanguage\":\"en-US\",\"potentialAction\":[{\"@type\":\"ReadAction\",\"target\":[\"https:\\\/\\\/www.envirofalk.com\\\/en\\\/process-technologies-products\\\/\"]}]},{\"@type\":\"ImageObject\",\"inLanguage\":\"en-US\",\"@id\":\"https:\\\/\\\/www.envirofalk.com\\\/en\\\/process-technologies-products\\\/#primaryimage\",\"url\":\"https:\\\/\\\/www.envirofalk.com\\\/wp-content\\\/uploads\\\/2025\\\/04\\\/Anlagenverbund_Kompaktanlagen.webp\",\"contentUrl\":\"https:\\\/\\\/www.envirofalk.com\\\/wp-content\\\/uploads\\\/2025\\\/04\\\/Anlagenverbund_Kompaktanlagen.webp\",\"width\":1843,\"height\":1037},{\"@type\":\"BreadcrumbList\",\"@id\":\"https:\\\/\\\/www.envirofalk.com\\\/en\\\/process-technologies-products\\\/#breadcrumb\",\"itemListElement\":[{\"@type\":\"ListItem\",\"position\":1,\"name\":\"Home\",\"item\":\"https:\\\/\\\/www.envirofalk.com\\\/en\\\/\"},{\"@type\":\"ListItem\",\"position\":2,\"name\":\"Process technologies &amp; products\"}]},{\"@type\":\"WebSite\",\"@id\":\"https:\\\/\\\/www.envirofalk.com\\\/en\\\/#website\",\"url\":\"https:\\\/\\\/www.envirofalk.com\\\/en\\\/\",\"name\":\"EnviroFALK\",\"description\":\"Water treatment systems for industry, trade &amp; laboratory\",\"publisher\":{\"@id\":\"https:\\\/\\\/www.envirofalk.com\\\/en\\\/#organization\"},\"potentialAction\":[{\"@type\":\"SearchAction\",\"target\":{\"@type\":\"EntryPoint\",\"urlTemplate\":\"https:\\\/\\\/www.envirofalk.com\\\/en\\\/?s={search_term_string}\"},\"query-input\":{\"@type\":\"PropertyValueSpecification\",\"valueRequired\":true,\"valueName\":\"search_term_string\"}}],\"inLanguage\":\"en-US\"},{\"@type\":\"Organization\",\"@id\":\"https:\\\/\\\/www.envirofalk.com\\\/en\\\/#organization\",\"name\":\"EnviroFALK\",\"url\":\"https:\\\/\\\/www.envirofalk.com\\\/en\\\/\",\"logo\":{\"@type\":\"ImageObject\",\"inLanguage\":\"en-US\",\"@id\":\"https:\\\/\\\/www.envirofalk.com\\\/en\\\/#\\\/schema\\\/logo\\\/image\\\/\",\"url\":\"https:\\\/\\\/www.envirofalk.com\\\/wp-content\\\/uploads\\\/2023\\\/01\\\/logo.svg\",\"contentUrl\":\"https:\\\/\\\/www.envirofalk.com\\\/wp-content\\\/uploads\\\/2023\\\/01\\\/logo.svg\",\"caption\":\"EnviroFALK\"},\"image\":{\"@id\":\"https:\\\/\\\/www.envirofalk.com\\\/en\\\/#\\\/schema\\\/logo\\\/image\\\/\"},\"sameAs\":[\"https:\\\/\\\/www.facebook.com\\\/envirofalk\",\"https:\\\/\\\/www.linkedin.com\\\/company\\\/envirofalk-gmbh\",\"https:\\\/\\\/www.youtube.com\\\/channel\\\/UCM1L-2K6cfBbP3aYgJGbVdA\"],\"description\":\"EnviroFALK Prozesswassertechnik ist Ihr Spezialist f\u00fcr ma\u00dfgeschneiderte Wasseraufbereitungsl\u00f6sungen in der Industrie. Wir bieten innovative Technologien f\u00fcr die Erzeugung und Aufbereitung von Prozesswasser, um h\u00f6chste Effizienz und Qualit\u00e4t in Ihren Produktionsprozessen zu gew\u00e4hrleisten. Mit jahrzehntelanger Erfahrung entwickeln wir nachhaltige und ressourcenschonende L\u00f6sungen, die exakt auf die Anforderungen unserer Kunden abgestimmt sind. Unsere Leistungen umfassen die Filtration, Enth\u00e4rtung, Entsalzung und R\u00fcckgewinnung von Wasser f\u00fcr verschiedenste Anwendungen \u2013 von der Metallverarbeitung bis zur Lebensmittelindustrie. Unsere Experten begleiten Sie von der Planung \u00fcber die Implementierung bis hin zum Service, um eine zuverl\u00e4ssige und wirtschaftliche Wasseraufbereitung sicherzustellen.\",\"email\":\"info@envirofalk.com\",\"telephone\":\"+49 2663 9908-0\",\"legalName\":\"EnviroFALK GmbH\",\"foundingDate\":\"1989-05-01\"}]}<\/script>\n<!-- \/ Yoast SEO Premium plugin. -->","yoast_head_json":{"title":"Process technologies &amp; products &#8211; EnviroFALK","description":"Whether you need a compact system or a customized water treatment system, we have the perfect solution for your process water","robots":{"index":"index","follow":"follow","max-snippet":"max-snippet:-1","max-image-preview":"max-image-preview:large","max-video-preview":"max-video-preview:-1"},"canonical":"https:\/\/www.envirofalk.com\/en\/process-technologies-products\/","og_locale":"en_US","og_type":"article","og_title":"Process technologies &amp; products","og_description":"Whether you need a compact system or a customized water treatment system, we have the perfect solution for your process water","og_url":"https:\/\/www.envirofalk.com\/en\/process-technologies-products\/","og_site_name":"EnviroFALK","article_publisher":"https:\/\/www.facebook.com\/envirofalk","article_modified_time":"2024-02-13T09:30:06+00:00","twitter_card":"summary_large_image","twitter_misc":{"Est. reading time":"1 minute"},"schema":{"@context":"https:\/\/schema.org","@graph":[{"@type":"WebPage","@id":"https:\/\/www.envirofalk.com\/en\/process-technologies-products\/","url":"https:\/\/www.envirofalk.com\/en\/process-technologies-products\/","name":"Process technologies &amp; products &#8211; EnviroFALK","isPartOf":{"@id":"https:\/\/www.envirofalk.com\/en\/#website"},"primaryImageOfPage":{"@id":"https:\/\/www.envirofalk.com\/en\/process-technologies-products\/#primaryimage"},"image":{"@id":"https:\/\/www.envirofalk.com\/en\/process-technologies-products\/#primaryimage"},"thumbnailUrl":"https:\/\/www.envirofalk.com\/wp-content\/uploads\/2025\/04\/Anlagenverbund_Kompaktanlagen.webp","datePublished":"2024-01-24T09:54:08+00:00","dateModified":"2024-02-13T09:30:06+00:00","description":"Whether you need a compact system or a customized water treatment system, we have the perfect solution for your process water","breadcrumb":{"@id":"https:\/\/www.envirofalk.com\/en\/process-technologies-products\/#breadcrumb"},"inLanguage":"en-US","potentialAction":[{"@type":"ReadAction","target":["https:\/\/www.envirofalk.com\/en\/process-technologies-products\/"]}]},{"@type":"ImageObject","inLanguage":"en-US","@id":"https:\/\/www.envirofalk.com\/en\/process-technologies-products\/#primaryimage","url":"https:\/\/www.envirofalk.com\/wp-content\/uploads\/2025\/04\/Anlagenverbund_Kompaktanlagen.webp","contentUrl":"https:\/\/www.envirofalk.com\/wp-content\/uploads\/2025\/04\/Anlagenverbund_Kompaktanlagen.webp","width":1843,"height":1037},{"@type":"BreadcrumbList","@id":"https:\/\/www.envirofalk.com\/en\/process-technologies-products\/#breadcrumb","itemListElement":[{"@type":"ListItem","position":1,"name":"Home","item":"https:\/\/www.envirofalk.com\/en\/"},{"@type":"ListItem","position":2,"name":"Process technologies &amp; products"}]},{"@type":"WebSite","@id":"https:\/\/www.envirofalk.com\/en\/#website","url":"https:\/\/www.envirofalk.com\/en\/","name":"EnviroFALK","description":"Water treatment systems for industry, trade &amp; laboratory","publisher":{"@id":"https:\/\/www.envirofalk.com\/en\/#organization"},"potentialAction":[{"@type":"SearchAction","target":{"@type":"EntryPoint","urlTemplate":"https:\/\/www.envirofalk.com\/en\/?s={search_term_string}"},"query-input":{"@type":"PropertyValueSpecification","valueRequired":true,"valueName":"search_term_string"}}],"inLanguage":"en-US"},{"@type":"Organization","@id":"https:\/\/www.envirofalk.com\/en\/#organization","name":"EnviroFALK","url":"https:\/\/www.envirofalk.com\/en\/","logo":{"@type":"ImageObject","inLanguage":"en-US","@id":"https:\/\/www.envirofalk.com\/en\/#\/schema\/logo\/image\/","url":"https:\/\/www.envirofalk.com\/wp-content\/uploads\/2023\/01\/logo.svg","contentUrl":"https:\/\/www.envirofalk.com\/wp-content\/uploads\/2023\/01\/logo.svg","caption":"EnviroFALK"},"image":{"@id":"https:\/\/www.envirofalk.com\/en\/#\/schema\/logo\/image\/"},"sameAs":["https:\/\/www.facebook.com\/envirofalk","https:\/\/www.linkedin.com\/company\/envirofalk-gmbh","https:\/\/www.youtube.com\/channel\/UCM1L-2K6cfBbP3aYgJGbVdA"],"description":"EnviroFALK Prozesswassertechnik ist Ihr Spezialist f\u00fcr ma\u00dfgeschneiderte Wasseraufbereitungsl\u00f6sungen in der Industrie. Wir bieten innovative Technologien f\u00fcr die Erzeugung und Aufbereitung von Prozesswasser, um h\u00f6chste Effizienz und Qualit\u00e4t in Ihren Produktionsprozessen zu gew\u00e4hrleisten. Mit jahrzehntelanger Erfahrung entwickeln wir nachhaltige und ressourcenschonende L\u00f6sungen, die exakt auf die Anforderungen unserer Kunden abgestimmt sind. Unsere Leistungen umfassen die Filtration, Enth\u00e4rtung, Entsalzung und R\u00fcckgewinnung von Wasser f\u00fcr verschiedenste Anwendungen \u2013 von der Metallverarbeitung bis zur Lebensmittelindustrie. Unsere Experten begleiten Sie von der Planung \u00fcber die Implementierung bis hin zum Service, um eine zuverl\u00e4ssige und wirtschaftliche Wasseraufbereitung sicherzustellen.","email":"info@envirofalk.com","telephone":"+49 2663 9908-0","legalName":"EnviroFALK GmbH","foundingDate":"1989-05-01"}]}},"_links":{"self":[{"href":"https:\/\/www.envirofalk.com\/en\/wp-json\/wp\/v2\/pages\/7660","targetHints":{"allow":["GET"]}}],"collection":[{"href":"https:\/\/www.envirofalk.com\/en\/wp-json\/wp\/v2\/pages"}],"about":[{"href":"https:\/\/www.envirofalk.com\/en\/wp-json\/wp\/v2\/types\/page"}],"author":[{"embeddable":true,"href":"https:\/\/www.envirofalk.com\/en\/wp-json\/wp\/v2\/users\/3"}],"replies":[{"embeddable":true,"href":"https:\/\/www.envirofalk.com\/en\/wp-json\/wp\/v2\/comments?post=7660"}],"version-history":[{"count":7,"href":"https:\/\/www.envirofalk.com\/en\/wp-json\/wp\/v2\/pages\/7660\/revisions"}],"predecessor-version":[{"id":11763,"href":"https:\/\/www.envirofalk.com\/en\/wp-json\/wp\/v2\/pages\/7660\/revisions\/11763"}],"wp:featuredmedia":[{"embeddable":true,"href":"https:\/\/www.envirofalk.com\/en\/wp-json\/wp\/v2\/media\/20298"}],"wp:attachment":[{"href":"https:\/\/www.envirofalk.com\/en\/wp-json\/wp\/v2\/media?parent=7660"}],"curies":[{"name":"wp","href":"https:\/\/api.w.org\/{rel}","templated":true}]}}