{"id":7629,"date":"2024-01-24T10:54:06","date_gmt":"2024-01-24T09:54:06","guid":{"rendered":"https:\/\/www.envirofalk.com\/ultrafiltration-systems\/"},"modified":"2024-02-14T13:11:28","modified_gmt":"2024-02-14T12:11:28","slug":"ultrafiltration-systems","status":"publish","type":"page","link":"https:\/\/www.envirofalk.com\/en\/process-technologies-products\/ultrafiltration-systems\/","title":{"rendered":"Ultrafiltration systems"},"content":{"rendered":"<div class=\"wpb-content-wrapper\"><p>[vc_section][vc_row full_width=&#8221;stretch_row_content_no_spaces&#8221;][vc_column]<div class=\"custom-top-banner img-box   has-icon\" style=\"background-image: url(https:\/\/www.envirofalk.com\/wp-content\/uploads\/2023\/05\/banner-energieerzeugung.jpg)\"><div class=\"container relative\"><div class=\"text-box\"><div class=\"slideInRight animated\"><img decoding=\"async\" width=\"1\" height=\"1\" src=\"https:\/\/www.envirofalk.com\/wp-content\/uploads\/2023\/08\/Wasseraufbereitung_Umkehrosmose_Icon.svg\" class=\"attachment-120x120 size-120x120\" alt=\"\" \/><p>Retention of ultra-fine particles in water through <strong>ultrafiltration<\/strong>.<\/p><\/div><\/div><\/div><\/div>[\/vc_column][\/vc_row][vc_row el_class=&#8221;breadcrumbs-wrapper&#8221;][vc_column]<div class=\"breadcrumbs\"><label><\/label> <a href=\"https:\/\/www.envirofalk.com\/en\/\">Home<\/a><\/div>[\/vc_column][\/vc_row][\/vc_section][vc_section][vc_row css_animation=&#8221;slideInUp&#8221; el_class=&#8221;two-columns-row tablet-row&#8221;][vc_column width=&#8221;3\/4&#8243;][vc_custom_heading text=&#8221;Retention of ultra-fine particles in water by EnviroFALK ultrafiltration systems&#8221; font_container=&#8221;tag:h1|text_align:left&#8221; use_theme_fonts=&#8221;yes&#8221;][vc_column_text]Even the smallest dirt particles can be removed from the water with an ultrafiltration system. Ultrafiltration is therefore the perfect pre-treatment for raw water with a particle load that fluctuates greatly depending on the season. After pre-treatment by ultrafiltration, the water can be further purified.<\/p>\n<h2>Clear, pure water is produced by professional water treatment systems.<\/h2>\n<p>Clear, pure water is obtained using professional water treatment systems &#8211; in which <strong>ultrafiltration <\/strong>plays a key role. <strong>Do you need an ultrafiltration system? Then EnviroFALK is the right place for you! <\/strong>With <strong>over 30 years of experience<\/strong>, we know your industry inside out and know what moves you.[\/vc_column_text][\/vc_column][vc_column width=&#8221;1\/4&#8243;]<div class=\"online-consultant-box  wpb_content_element\"><div class=\"online-consultant\"><div><div class=\"person-info\"><h5>Christina Hanxleden<\/h5><ul class=\"person-list\"><li><a href=\"tel:+49 2663 9908-0\">+49 2663 9908-0<\/a><\/li><\/ul><\/div><a href=\"https:\/\/www.envirofalk.com\/en\/contact-us\/\" target=\"_self\" class=\"custom-btn \"><i class=\"icon-chevron-right\"><\/i>To the contact form<\/a><\/div><div class=\"relative\"><svg xmlns=\"http:\/\/www.w3.org\/2000\/svg\" viewBox=\"0 0 32.83 32.83\">\n\t\t\t\t\t\t\t\t\t<defs>\n\t\t\t\t\t\t\t\t\t\t<linearGradient id=\"gradient\" x1=\"0%\" y1=\"0%\" x2=\"0%\" y2=\"100%\" gradientTransform=\"rotate(-135)\">\n\t\t\t\t\t\t\t\t\t\t\t<stop offset=\"0%\" stop-color=\"#97be0d\"\/>\n\t\t\t\t\t\t\t\t\t\t\t\t<stop offset=\"100%\" stop-color=\"rgba(255, 255, 255, 0)\"\/>\n\t\t\t\t\t\t\t\t\t\t<\/linearGradient>\n\t\t\t\t\t\t\t\t\t<\/defs>\n\t\t\t\t\t\t\t\t\t<path class=\"wpb_animate_when_almost_visible circular-progress\" stroke=\"url(#gradient)\" stroke-width=\"1\" stroke-dasharray=\"100, 100\" fill=\"none\" d=\"M18,2.08a15.92,15.92,0,0,1,0,31.84h0A15.92,15.92,0,0,1,18,2.08\" transform=\"translate(-1.59 -1.58)\"\/>\n                            \t<\/svg><span><img decoding=\"async\" width=\"800\" height=\"800\" src=\"https:\/\/www.envirofalk.com\/wp-content\/uploads\/2023\/08\/Christina_Hanxleden_Kontakt_EnviroFALK.png\" class=\"attachment-full size-full\" alt=\"Mitarbeiterin Christina Hanxleden\" srcset=\"https:\/\/www.envirofalk.com\/wp-content\/uploads\/2023\/08\/Christina_Hanxleden_Kontakt_EnviroFALK.png 800w, https:\/\/www.envirofalk.com\/wp-content\/uploads\/2023\/08\/Christina_Hanxleden_Kontakt_EnviroFALK-350x350.png 350w, https:\/\/www.envirofalk.com\/wp-content\/uploads\/2023\/08\/Christina_Hanxleden_Kontakt_EnviroFALK-150x150.png 150w, https:\/\/www.envirofalk.com\/wp-content\/uploads\/2023\/08\/Christina_Hanxleden_Kontakt_EnviroFALK-768x768.png 768w\" sizes=\"(max-width: 800px) 100vw, 800px\" \/><\/span><\/div><\/div><\/div>[\/vc_column][\/vc_row][\/vc_section][vc_section][vc_row el_class=&#8221;tablet-row vertical-center&#8221;][vc_column css_animation=&#8221;slideInLeft&#8221; width=&#8221;1\/2&#8243;][vc_column_text]<\/p>\n<h2>EnviroFALK, the experts for your ultrafiltration systems<\/h2>\n<p>The smart thing to do is to contact the experts at EnviroFALK directly when it comes to ultrafiltration. We would also be happy to design a highly efficient ultrafiltration system for you that meets your individual requirements across the board.<\/p>\n<p>As a manufacturer of <a href=\"https:\/\/www.envirofalk.com\/en\/process-technologies-products\/individual-water-treatment\/\">water treatment systems<\/a>, this is the standard we set ourselves &#8211; to be there for our customers 100 percent! By the way: We are also the ideal partner when it comes to reverse osmosis, electrodeionization (EDI), <a href=\"https:\/\/www.envirofalk.com\/en\/?page_id=7465\">ion exchangers<\/a> or <a href=\"https:\/\/www.envirofalk.com\/en\/process-technologies-products\/nanofiltration-systems\/\">nanofiltration<\/a>. After all, we only want the best for your process water, pure water and ultrapure water![\/vc_column_text][\/vc_column][vc_column css_animation=&#8221;slideInRight&#8221; width=&#8221;1\/2&#8243;]<div class=\"bg-image img-box\" style=\"background-image: url(https:\/\/www.envirofalk.com\/wp-content\/uploads\/2023\/02\/bg-about.gif)\"><img decoding=\"async\" width=\"1920\" height=\"2024\" src=\"https:\/\/www.envirofalk.com\/wp-content\/uploads\/2023\/11\/Ultrafiltatrionsanlage_EnviroFALK_Wasseraufbereitung.png\" class=\"attachment-full size-full\" alt=\"Ultrafiltatrionsanlage\" srcset=\"https:\/\/www.envirofalk.com\/wp-content\/uploads\/2023\/11\/Ultrafiltatrionsanlage_EnviroFALK_Wasseraufbereitung.png 1920w, https:\/\/www.envirofalk.com\/wp-content\/uploads\/2023\/11\/Ultrafiltatrionsanlage_EnviroFALK_Wasseraufbereitung-332x350.png 332w, https:\/\/www.envirofalk.com\/wp-content\/uploads\/2023\/11\/Ultrafiltatrionsanlage_EnviroFALK_Wasseraufbereitung-971x1024.png 971w, https:\/\/www.envirofalk.com\/wp-content\/uploads\/2023\/11\/Ultrafiltatrionsanlage_EnviroFALK_Wasseraufbereitung-768x810.png 768w, https:\/\/www.envirofalk.com\/wp-content\/uploads\/2023\/11\/Ultrafiltatrionsanlage_EnviroFALK_Wasseraufbereitung-1457x1536.png 1457w, https:\/\/www.envirofalk.com\/wp-content\/uploads\/2023\/11\/Ultrafiltatrionsanlage_EnviroFALK_Wasseraufbereitung-1943x2048.png 1943w\" sizes=\"(max-width: 1920px) 100vw, 1920px\" \/><\/div>[\/vc_column][\/vc_row][vc_row][vc_column]<div class=\"posts-wrapper wpb_content_element\"><div class=\"top-box wpb_content_element text-center\"><h2 class=\"entry-title\">EnviroFALK ultrafiltration systems<\/h2><\/div><div class=\"all-products flexbox has-slider\" data-posts=\"3\" data-cat-id=\"0\" data-tag-id=\"0\" data-exclude-tag=\"IN\"><div id=\"post-22925\" class=\"produkt post-22925 type-produkt status-publish has-post-thumbnail hentry produkt_kategorie-product-program produkt_kategorie-ion-exchanger\"><a href=\"https:\/\/www.envirofalk.com\/en\/produkte\/envi-greenline-analog\/\" target=\"_self\"><div class=\"icon\"><img decoding=\"async\" src=\"https:\/\/www.envirofalk.com\/wp-content\/uploads\/2025\/05\/GreenLINE-analog.png\" alt=\"Bild\"><\/div><\/a><div class=\"text-box\"><h3 class=\"entry-title\"><a href=\"https:\/\/www.envirofalk.com\/en\/produkte\/envi-greenline-analog\/\" target=\"_self\">Envi GreenLINE analog<\/a><\/h3><p>\r\nEnvi GreenLINE\r\nanalog\r\nThe analogue conductivity meter is mounted on a T-piece (PP) and can be connected directly to all standard...<\/p><ul class=\"params-list\"><\/ul><\/div><\/div><div id=\"post-22933\" class=\"produkt post-22933 type-produkt status-publish has-post-thumbnail hentry produkt_kategorie-product-program produkt_kategorie-ion-exchanger produkt_kategorie-accessories\"><a href=\"https:\/\/www.envirofalk.com\/en\/produkte\/envi-greenline-digital-200\/\" target=\"_self\"><div class=\"icon\"><img decoding=\"async\" src=\"https:\/\/www.envirofalk.com\/wp-content\/uploads\/2023\/08\/RS10075_GreenLINE_digital_200.png\" alt=\"Bild\"><\/div><\/a><div class=\"text-box\"><h3 class=\"entry-title\"><a href=\"https:\/\/www.envirofalk.com\/en\/produkte\/envi-greenline-digital-200\/\" target=\"_self\">Envi GreenLINE digital 200-0.1\/200-1.0<\/a><\/h3><p>\r\nEnvi GreenLINE\r\ndigital 200-0.1\/200-1.0\r\nThe digital conductivity meter is installed in a high-quality surface-mounted housing and allows flexible wall mounting.\r\nPrecise conductivity...<\/p><ul class=\"params-list\"><\/ul><\/div><\/div><div id=\"post-22941\" class=\"produkt post-22941 type-produkt status-publish has-post-thumbnail hentry produkt_kategorie-product-program produkt_kategorie-ion-exchanger\"><a href=\"https:\/\/www.envirofalk.com\/en\/produkte\/envi-greenline-digital\/\" target=\"_self\"><div class=\"icon\"><img decoding=\"async\" src=\"https:\/\/www.envirofalk.com\/wp-content\/uploads\/2025\/05\/digital.png\" alt=\"Bild\"><\/div><\/a><div class=\"text-box\"><h3 class=\"entry-title\"><a href=\"https:\/\/www.envirofalk.com\/en\/produkte\/envi-greenline-digital\/\" target=\"_self\">Envi GreenLINE digital<\/a><\/h3><p>\r\n\r\nEnvi GreenLINE\r\ndigital\r\nThe digital conductivity meter is mounted on a T-piece (PP) and can be connected directly to standard ion...<\/p><ul class=\"params-list\"><\/ul><\/div><\/div><\/div><div class=\"slider-controls news-slider-controls\"><\/div><div class=\"not-found\"><h3>Keine Eintr\u00e4ge gefunden<\/h3><\/div><\/div>[\/vc_column][\/vc_row][vc_row][vc_column][vc_tta_accordion section_title_tag=&#8221;h5&#8243; c_icon=&#8221;chevron&#8221; c_position=&#8221;right&#8221; active_section=&#8221;&#8221; no_fill=&#8221;true&#8221; collapsible_all=&#8221;true&#8221; title=&#8221;Learn more about ultrafiltration&#8221;][vc_tta_section title=&#8221;What is an ultrafiltration system and what is its function?&#8221; tab_id=&#8221;1694684192118-7ec1d2fe-6e35&#8243;][vc_column_text]Clear, pure water is no coincidence! Also indispensable for a number of applications. One process for optimally treated water is <strong>ultrafiltration<\/strong> (UF for short). Below you will find a compact overview of this method of water treatment. Find out how it works and why ultrafiltration systems from EnviroFALK pay off quickly for your applications.[\/vc_column_text][\/vc_tta_section][vc_tta_section title=&#8221;What is the efficiency of ultrafiltration systems?&#8221; tab_id=&#8221;1694684192137-68f566a5-4d6a&#8221;][vc_column_text]Ultrafiltration is the perfect pre-treatment for raw water with a particle load that fluctuates greatly throughout the year. This means that this raw water can first be pre-treated before being subjected to a further process &#8211; such as <a href=\"https:\/\/www.envirofalk.com\/expertenwissen-wasseraufbereitung\/wasserentsalzung\/\">water desalination<\/a> using an <a href=\"https:\/\/www.envirofalk.com\/en\/?page_id=7465\">ion exchanger<\/a>.<\/p>\n<p>The <strong>&#8220;Made in Germany&#8221; ultrafiltration systems from EnviroFALK<\/strong> impress with a number of important quality features. See for yourself:<\/p>\n<ul>\n<li>They are available in various sizes, flow rates and material designs.<\/li>\n<li>They are adapted exactly to your needs.<\/li>\n<li>They are solidly manufactured and therefore extremely durable and low-maintenance.<\/li>\n<\/ul>\n<p>Apart from these significant advantages, you also benefit from the concentrated expertise of our experts. We are not only at your side during the design and commissioning of your EnviroFALK <strong>ultrafiltration system<\/strong>, but far beyond that. After all, we see ourselves as your strong partner in everything to do with professional water treatment. You can also entrust us with the maintenance and, if necessary, the replacement of spare parts. We&#8217;ll take care of it![\/vc_column_text][\/vc_tta_section][vc_tta_section title=&#8221;How does the ultrafiltration process work?&#8221; tab_id=&#8221;1694688113004-4453ec2a-e8a6&#8243;][vc_column_text]<strong>&#8220;Ultrafiltration&#8221; &#8211; that sounds gigantic at first, and the process behind this method is just as gigantically complicated.<\/strong> In simple terms, the function of an <strong>ultrafiltration system<\/strong> is as follows: There is a polymer membrane inside. Because this membrane has extremely fine pores, even the smallest dirt particles can be removed from the water without difficulty.<\/p>\n<p>Would you like to find out more about the ultrafiltration process? A simple click is all it takes &#8220;Ultrafiltration&#8221;.<\/p>\n<p>Do you like it personal? Us too! If you have any questions about our EnviroFALK ultrafiltration systems, our experts will be happy to help. It&#8217;s best to make an appointment right away.[\/vc_column_text][\/vc_tta_section][\/vc_tta_accordion][\/vc_column][\/vc_row][\/vc_section]<\/p>\n<\/div>","protected":false},"excerpt":{"rendered":"<p>[vc_section][vc_row full_width=&#8221;stretch_row_content_no_spaces&#8221;][vc_column][\/vc_column][\/vc_row][vc_row el_class=&#8221;breadcrumbs-wrapper&#8221;][vc_column][\/vc_column][\/vc_row][\/vc_section][vc_section][vc_row css_animation=&#8221;slideInUp&#8221; el_class=&#8221;two-columns-row tablet-row&#8221;][vc_column width=&#8221;3\/4&#8243;][vc_custom_heading text=&#8221;Retention of ultra-fine particles in water by EnviroFALK ultrafiltration systems&#8221; font_container=&#8221;tag:h1|text_align:left&#8221; use_theme_fonts=&#8221;yes&#8221;][vc_column_text]Even the smallest dirt particles can be removed from the water with an ultrafiltration system. Ultrafiltration is therefore the perfect pre-treatment for raw water with a particle load that fluctuates greatly depending on the season. After pre-treatment [&hellip;]<\/p>\n","protected":false},"author":3,"featured_media":0,"parent":7660,"menu_order":7,"comment_status":"closed","ping_status":"closed","template":"","meta":{"_acf_changed":false,"rs_blank_template":"","rs_page_bg_color":"","slide_template_v7":"","footnotes":""},"class_list":["post-7629","page","type-page","status-publish","hentry"],"acf":[],"yoast_head":"<!-- This site is optimized with the Yoast SEO Premium plugin v27.3 (Yoast SEO v27.3) - https:\/\/yoast.com\/product\/yoast-seo-premium-wordpress\/ -->\n<title>Ultrafiltration systems &#8211; EnviroFALK<\/title>\n<meta name=\"description\" content=\"Even the smallest dirt particles can be removed from water with an ultrafiltration system. We would be happy to design your UF system.\" \/>\n<meta name=\"robots\" content=\"index, follow, max-snippet:-1, max-image-preview:large, max-video-preview:-1\" \/>\n<link rel=\"canonical\" href=\"https:\/\/www.envirofalk.com\/en\/process-technologies-products\/ultrafiltration-systems\/\" \/>\n<meta property=\"og:locale\" content=\"en_US\" \/>\n<meta property=\"og:type\" content=\"article\" \/>\n<meta property=\"og:title\" content=\"Ultrafiltration systems\" \/>\n<meta property=\"og:description\" content=\"Even the smallest dirt particles can be removed from water with an ultrafiltration system. We would be happy to design your UF system.\" \/>\n<meta property=\"og:url\" content=\"https:\/\/www.envirofalk.com\/en\/process-technologies-products\/ultrafiltration-systems\/\" \/>\n<meta property=\"og:site_name\" content=\"EnviroFALK\" \/>\n<meta property=\"article:publisher\" content=\"https:\/\/www.facebook.com\/envirofalk\" \/>\n<meta property=\"article:modified_time\" content=\"2024-02-14T12:11:28+00:00\" \/>\n<meta name=\"twitter:card\" content=\"summary_large_image\" \/>\n<meta name=\"twitter:label1\" content=\"Est. reading time\" \/>\n\t<meta name=\"twitter:data1\" content=\"5 minutes\" \/>\n<script type=\"application\/ld+json\" class=\"yoast-schema-graph\">{\"@context\":\"https:\\\/\\\/schema.org\",\"@graph\":[{\"@type\":\"WebPage\",\"@id\":\"https:\\\/\\\/www.envirofalk.com\\\/en\\\/process-technologies-products\\\/ultrafiltration-systems\\\/\",\"url\":\"https:\\\/\\\/www.envirofalk.com\\\/en\\\/process-technologies-products\\\/ultrafiltration-systems\\\/\",\"name\":\"Ultrafiltration systems &#8211; EnviroFALK\",\"isPartOf\":{\"@id\":\"https:\\\/\\\/www.envirofalk.com\\\/#website\"},\"datePublished\":\"2024-01-24T09:54:06+00:00\",\"dateModified\":\"2024-02-14T12:11:28+00:00\",\"description\":\"Even the smallest dirt particles can be removed from water with an ultrafiltration system. We would be happy to design your UF system.\",\"breadcrumb\":{\"@id\":\"https:\\\/\\\/www.envirofalk.com\\\/en\\\/process-technologies-products\\\/ultrafiltration-systems\\\/#breadcrumb\"},\"inLanguage\":\"en-US\",\"potentialAction\":[{\"@type\":\"ReadAction\",\"target\":[\"https:\\\/\\\/www.envirofalk.com\\\/en\\\/process-technologies-products\\\/ultrafiltration-systems\\\/\"]}]},{\"@type\":\"BreadcrumbList\",\"@id\":\"https:\\\/\\\/www.envirofalk.com\\\/en\\\/process-technologies-products\\\/ultrafiltration-systems\\\/#breadcrumb\",\"itemListElement\":[{\"@type\":\"ListItem\",\"position\":1,\"name\":\"Home\",\"item\":\"https:\\\/\\\/www.envirofalk.com\\\/en\\\/\"},{\"@type\":\"ListItem\",\"position\":2,\"name\":\"Process technologies &amp; products\",\"item\":\"https:\\\/\\\/www.envirofalk.com\\\/en\\\/process-technologies-products\\\/\"},{\"@type\":\"ListItem\",\"position\":3,\"name\":\"Ultrafiltration systems\"}]},{\"@type\":\"WebSite\",\"@id\":\"https:\\\/\\\/www.envirofalk.com\\\/#website\",\"url\":\"https:\\\/\\\/www.envirofalk.com\\\/\",\"name\":\"EnviroFALK\",\"description\":\"Water treatment systems for industry, trade &amp; laboratory\",\"publisher\":{\"@id\":\"https:\\\/\\\/www.envirofalk.com\\\/#organization\"},\"potentialAction\":[{\"@type\":\"SearchAction\",\"target\":{\"@type\":\"EntryPoint\",\"urlTemplate\":\"https:\\\/\\\/www.envirofalk.com\\\/?s={search_term_string}\"},\"query-input\":{\"@type\":\"PropertyValueSpecification\",\"valueRequired\":true,\"valueName\":\"search_term_string\"}}],\"inLanguage\":\"en-US\"},{\"@type\":\"Organization\",\"@id\":\"https:\\\/\\\/www.envirofalk.com\\\/#organization\",\"name\":\"EnviroFALK\",\"url\":\"https:\\\/\\\/www.envirofalk.com\\\/\",\"logo\":{\"@type\":\"ImageObject\",\"inLanguage\":\"en-US\",\"@id\":\"https:\\\/\\\/www.envirofalk.com\\\/#\\\/schema\\\/logo\\\/image\\\/\",\"url\":\"https:\\\/\\\/www.envirofalk.com\\\/wp-content\\\/uploads\\\/2023\\\/01\\\/logo.svg\",\"contentUrl\":\"https:\\\/\\\/www.envirofalk.com\\\/wp-content\\\/uploads\\\/2023\\\/01\\\/logo.svg\",\"caption\":\"EnviroFALK\"},\"image\":{\"@id\":\"https:\\\/\\\/www.envirofalk.com\\\/#\\\/schema\\\/logo\\\/image\\\/\"},\"sameAs\":[\"https:\\\/\\\/www.facebook.com\\\/envirofalk\",\"https:\\\/\\\/www.linkedin.com\\\/company\\\/envirofalk-gmbh\",\"https:\\\/\\\/www.youtube.com\\\/channel\\\/UCM1L-2K6cfBbP3aYgJGbVdA\"],\"description\":\"EnviroFALK Prozesswassertechnik ist Ihr Spezialist f\u00fcr ma\u00dfgeschneiderte Wasseraufbereitungsl\u00f6sungen in der Industrie. Wir bieten innovative Technologien f\u00fcr die Erzeugung und Aufbereitung von Prozesswasser, um h\u00f6chste Effizienz und Qualit\u00e4t in Ihren Produktionsprozessen zu gew\u00e4hrleisten. Mit jahrzehntelanger Erfahrung entwickeln wir nachhaltige und ressourcenschonende L\u00f6sungen, die exakt auf die Anforderungen unserer Kunden abgestimmt sind. Unsere Leistungen umfassen die Filtration, Enth\u00e4rtung, Entsalzung und R\u00fcckgewinnung von Wasser f\u00fcr verschiedenste Anwendungen \u2013 von der Metallverarbeitung bis zur Lebensmittelindustrie. Unsere Experten begleiten Sie von der Planung \u00fcber die Implementierung bis hin zum Service, um eine zuverl\u00e4ssige und wirtschaftliche Wasseraufbereitung sicherzustellen.\",\"email\":\"info@envirofalk.com\",\"telephone\":\"+49 2663 9908-0\",\"legalName\":\"EnviroFALK GmbH\",\"foundingDate\":\"1989-05-01\"}]}<\/script>\n<!-- \/ Yoast SEO Premium plugin. -->","yoast_head_json":{"title":"Ultrafiltration systems &#8211; EnviroFALK","description":"Even the smallest dirt particles can be removed from water with an ultrafiltration system. We would be happy to design your UF system.","robots":{"index":"index","follow":"follow","max-snippet":"max-snippet:-1","max-image-preview":"max-image-preview:large","max-video-preview":"max-video-preview:-1"},"canonical":"https:\/\/www.envirofalk.com\/en\/process-technologies-products\/ultrafiltration-systems\/","og_locale":"en_US","og_type":"article","og_title":"Ultrafiltration systems","og_description":"Even the smallest dirt particles can be removed from water with an ultrafiltration system. We would be happy to design your UF system.","og_url":"https:\/\/www.envirofalk.com\/en\/process-technologies-products\/ultrafiltration-systems\/","og_site_name":"EnviroFALK","article_publisher":"https:\/\/www.facebook.com\/envirofalk","article_modified_time":"2024-02-14T12:11:28+00:00","twitter_card":"summary_large_image","twitter_misc":{"Est. reading time":"5 minutes"},"schema":{"@context":"https:\/\/schema.org","@graph":[{"@type":"WebPage","@id":"https:\/\/www.envirofalk.com\/en\/process-technologies-products\/ultrafiltration-systems\/","url":"https:\/\/www.envirofalk.com\/en\/process-technologies-products\/ultrafiltration-systems\/","name":"Ultrafiltration systems &#8211; EnviroFALK","isPartOf":{"@id":"https:\/\/www.envirofalk.com\/#website"},"datePublished":"2024-01-24T09:54:06+00:00","dateModified":"2024-02-14T12:11:28+00:00","description":"Even the smallest dirt particles can be removed from water with an ultrafiltration system. We would be happy to design your UF system.","breadcrumb":{"@id":"https:\/\/www.envirofalk.com\/en\/process-technologies-products\/ultrafiltration-systems\/#breadcrumb"},"inLanguage":"en-US","potentialAction":[{"@type":"ReadAction","target":["https:\/\/www.envirofalk.com\/en\/process-technologies-products\/ultrafiltration-systems\/"]}]},{"@type":"BreadcrumbList","@id":"https:\/\/www.envirofalk.com\/en\/process-technologies-products\/ultrafiltration-systems\/#breadcrumb","itemListElement":[{"@type":"ListItem","position":1,"name":"Home","item":"https:\/\/www.envirofalk.com\/en\/"},{"@type":"ListItem","position":2,"name":"Process technologies &amp; products","item":"https:\/\/www.envirofalk.com\/en\/process-technologies-products\/"},{"@type":"ListItem","position":3,"name":"Ultrafiltration systems"}]},{"@type":"WebSite","@id":"https:\/\/www.envirofalk.com\/#website","url":"https:\/\/www.envirofalk.com\/","name":"EnviroFALK","description":"Water treatment systems for industry, trade &amp; laboratory","publisher":{"@id":"https:\/\/www.envirofalk.com\/#organization"},"potentialAction":[{"@type":"SearchAction","target":{"@type":"EntryPoint","urlTemplate":"https:\/\/www.envirofalk.com\/?s={search_term_string}"},"query-input":{"@type":"PropertyValueSpecification","valueRequired":true,"valueName":"search_term_string"}}],"inLanguage":"en-US"},{"@type":"Organization","@id":"https:\/\/www.envirofalk.com\/#organization","name":"EnviroFALK","url":"https:\/\/www.envirofalk.com\/","logo":{"@type":"ImageObject","inLanguage":"en-US","@id":"https:\/\/www.envirofalk.com\/#\/schema\/logo\/image\/","url":"https:\/\/www.envirofalk.com\/wp-content\/uploads\/2023\/01\/logo.svg","contentUrl":"https:\/\/www.envirofalk.com\/wp-content\/uploads\/2023\/01\/logo.svg","caption":"EnviroFALK"},"image":{"@id":"https:\/\/www.envirofalk.com\/#\/schema\/logo\/image\/"},"sameAs":["https:\/\/www.facebook.com\/envirofalk","https:\/\/www.linkedin.com\/company\/envirofalk-gmbh","https:\/\/www.youtube.com\/channel\/UCM1L-2K6cfBbP3aYgJGbVdA"],"description":"EnviroFALK Prozesswassertechnik ist Ihr Spezialist f\u00fcr ma\u00dfgeschneiderte Wasseraufbereitungsl\u00f6sungen in der Industrie. Wir bieten innovative Technologien f\u00fcr die Erzeugung und Aufbereitung von Prozesswasser, um h\u00f6chste Effizienz und Qualit\u00e4t in Ihren Produktionsprozessen zu gew\u00e4hrleisten. Mit jahrzehntelanger Erfahrung entwickeln wir nachhaltige und ressourcenschonende L\u00f6sungen, die exakt auf die Anforderungen unserer Kunden abgestimmt sind. Unsere Leistungen umfassen die Filtration, Enth\u00e4rtung, Entsalzung und R\u00fcckgewinnung von Wasser f\u00fcr verschiedenste Anwendungen \u2013 von der Metallverarbeitung bis zur Lebensmittelindustrie. Unsere Experten begleiten Sie von der Planung \u00fcber die Implementierung bis hin zum Service, um eine zuverl\u00e4ssige und wirtschaftliche Wasseraufbereitung sicherzustellen.","email":"info@envirofalk.com","telephone":"+49 2663 9908-0","legalName":"EnviroFALK GmbH","foundingDate":"1989-05-01"}]}},"_links":{"self":[{"href":"https:\/\/www.envirofalk.com\/en\/wp-json\/wp\/v2\/pages\/7629","targetHints":{"allow":["GET"]}}],"collection":[{"href":"https:\/\/www.envirofalk.com\/en\/wp-json\/wp\/v2\/pages"}],"about":[{"href":"https:\/\/www.envirofalk.com\/en\/wp-json\/wp\/v2\/types\/page"}],"author":[{"embeddable":true,"href":"https:\/\/www.envirofalk.com\/en\/wp-json\/wp\/v2\/users\/3"}],"replies":[{"embeddable":true,"href":"https:\/\/www.envirofalk.com\/en\/wp-json\/wp\/v2\/comments?post=7629"}],"version-history":[{"count":6,"href":"https:\/\/www.envirofalk.com\/en\/wp-json\/wp\/v2\/pages\/7629\/revisions"}],"predecessor-version":[{"id":11279,"href":"https:\/\/www.envirofalk.com\/en\/wp-json\/wp\/v2\/pages\/7629\/revisions\/11279"}],"up":[{"embeddable":true,"href":"https:\/\/www.envirofalk.com\/en\/wp-json\/wp\/v2\/pages\/7660"}],"wp:attachment":[{"href":"https:\/\/www.envirofalk.com\/en\/wp-json\/wp\/v2\/media?parent=7629"}],"curies":[{"name":"wp","href":"https:\/\/api.w.org\/{rel}","templated":true}]}}