{"id":7566,"date":"2024-01-24T10:53:39","date_gmt":"2024-01-24T09:53:39","guid":{"rendered":"https:\/\/www.envirofalk.com\/service\/"},"modified":"2024-02-21T14:47:11","modified_gmt":"2024-02-21T13:47:11","slug":"service","status":"publish","type":"page","link":"https:\/\/www.envirofalk.com\/en\/service\/","title":{"rendered":"Service"},"content":{"rendered":"<div class=\"wpb-content-wrapper\"><p>[vc_section][vc_row full_width=&#8221;stretch_row_content_no_spaces&#8221;][vc_column]<div class=\"custom-top-banner img-box   has-icon\" style=\"background-image: url(https:\/\/www.envirofalk.com\/wp-content\/uploads\/2023\/08\/Serviceteam_Wasseraufbereitung_Deutschland.jpg)\"><div class=\"container relative\"><div class=\"text-box\"><div class=\"slideInRight animated\"><img loading=\"lazy\" decoding=\"async\" width=\"1\" height=\"1\" src=\"https:\/\/www.envirofalk.com\/wp-content\/uploads\/2023\/05\/icon_service.svg\" class=\"attachment-120x120 size-120x120\" alt=\"Person mit Headset Icon\" \/><p>Your water treatment deserves first-class <strong>service<\/strong><\/p><\/div><\/div><\/div><\/div>[\/vc_column][\/vc_row][vc_row el_class=&#8221;breadcrumbs-wrapper&#8221;][vc_column]<div class=\"breadcrumbs\"><label><\/label> <a href=\"https:\/\/www.envirofalk.com\/en\/\">Home<\/a><\/div>[\/vc_column][\/vc_row][\/vc_section][vc_section][vc_row css_animation=&#8221;slideInUp&#8221; el_class=&#8221;tablet-row&#8221;][vc_column width=&#8221;3\/4&#8243;][vc_custom_heading source=&#8221;post_title&#8221; font_container=&#8221;tag:h1|text_align:left&#8221; use_theme_fonts=&#8221;yes&#8221;][vc_column_text]You have opted for a first-class quality water treatment system. First-class service is a matter of course.<\/p>\n<p>Over 50 trained service technicians are on duty for you every day, installing, maintaining or repairing water treatment systems from all manufacturers. The service team can reach you as quickly as possible from our 9 locations throughout Germany and Switzerland.<\/p>\n<p>Short distances mean maximum safety. If things get stuck, we are close to you and can reach you in the shortest possible time. Always on board our service fleet: all standard spare parts and consumables.<\/p>\n<p><strong>What else can we do for you? Discover our first-class range of services:<\/strong>[\/vc_column_text][\/vc_column][vc_column width=&#8221;1\/4&#8243;][\/vc_column][\/vc_row][vc_row][vc_column css_animation=&#8221;fadeInUpBig&#8221;]<div class=\"teaser-boxes wpb_content_element\"><div><a href=\"https:\/\/www.envirofalk.com\/en\/service\/spare-and-consumable-parts\/\" target=\"_self\"><figure class=\"img-box \" style=\"background-image: url(https:\/\/www.envirofalk.com\/wp-content\/uploads\/2023\/10\/Header_Ersatzteile_Wasseraufbereitung.jpg)\"><\/figure><\/a><div class=\"text-box\"><img loading=\"lazy\" decoding=\"async\" width=\"1\" height=\"1\" src=\"https:\/\/www.envirofalk.com\/wp-content\/uploads\/2023\/08\/Individueller_Anlagenbau_2_Icon.svg\" class=\"attachment-120x120 size-120x120\" alt=\"Wasseraufbereitungsanlage Icon\" \/><h3 class=\"entry-title \"><a href=\"https:\/\/www.envirofalk.com\/en\/service\/spare-and-consumable-parts\/\" target=\"_self\">Spare and consumable parts<\/a><\/h3><div class=\"wpb_text_column\">A water treatment system is required to perform at its best every day. For full functionality, the optimal interaction of all components is important. Benefit from EnviroFALK original spare and consumable parts of the best quality!<\/div><\/div><\/div><div><a href=\"https:\/\/www.envirofalk.com\/en\/service\/water-expert-live-support\/\" target=\"_self\"><figure class=\"img-box \" style=\"background-image: url(https:\/\/www.envirofalk.com\/wp-content\/uploads\/2023\/10\/Waterexpert_Smartglasses_Anwendung.jpg)\"><\/figure><\/a><div class=\"text-box\"><img loading=\"lazy\" decoding=\"async\" width=\"1\" height=\"1\" src=\"https:\/\/www.envirofalk.com\/wp-content\/uploads\/2023\/10\/Waterexpert_Router_Icon.svg\" class=\"attachment-120x120 size-120x120\" alt=\"Router Icon\" \/><h3 class=\"entry-title \"><a href=\"https:\/\/www.envirofalk.com\/en\/service\/water-expert-live-support\/\" target=\"_self\">Water Expert Live Support<\/a><\/h3><div class=\"wpb_text_column\">Our WaterExpert is at your side to support your water treatment systems at the highest level. We offer you live support, quick system diagnoses, tailor-made solution suggestions and competent help from our experts.<\/div><\/div><\/div><div><a href=\"https:\/\/www.envirofalk.com\/en\/service\/installation-and-commissioning\/\" target=\"_self\"><figure class=\"img-box \" style=\"background-image: url(https:\/\/www.envirofalk.com\/wp-content\/uploads\/2023\/10\/2_EnviroFALK_Montage_Solebehaelter_ret-e9345705.webp)\"><\/figure><\/a><div class=\"text-box\"><img loading=\"lazy\" decoding=\"async\" width=\"1\" height=\"1\" src=\"https:\/\/www.envirofalk.com\/wp-content\/uploads\/2023\/05\/icon_serviceangebot.svg\" class=\"attachment-120x120 size-120x120\" alt=\"Zange mit Zahnrad\" \/><h3 class=\"entry-title \"><a href=\"https:\/\/www.envirofalk.com\/en\/service\/installation-and-commissioning\/\" target=\"_self\">Installation and commissioning<\/a><\/h3><div class=\"wpb_text_column\">Our service team, consisting of more than 50 specially trained service technicians at locations in Germany and Switzerland, takes care of the assembly and commissioning of your water treatment systems - including systems from other manufacturers.<\/div><\/div><\/div><div><a href=\"https:\/\/www.envirofalk.com\/en\/service\/holistic-water-management\/\" target=\"_self\"><figure class=\"img-box \" style=\"background-image: url(https:\/\/www.envirofalk.com\/wp-content\/uploads\/2023\/08\/Service_Aufbereitungsanlage.jpg)\"><\/figure><\/a><div class=\"text-box\"><img loading=\"lazy\" decoding=\"async\" width=\"1\" height=\"1\" src=\"https:\/\/www.envirofalk.com\/wp-content\/uploads\/2023\/05\/icon_serviceangebot.svg\" class=\"attachment-120x120 size-120x120\" alt=\"Zange mit Zahnrad\" \/><h3 class=\"entry-title \"><a href=\"https:\/\/www.envirofalk.com\/en\/service\/holistic-water-management\/\" target=\"_self\">Holistic water management<\/a><\/h3><div class=\"wpb_text_column\">On request, EnviroFALK offers complete water management for processing and treatment systems for water and wastewater. Simply concentrate on your production process and we will take over the operational management of the water technology systems.<\/div><\/div><\/div><div><a href=\"https:\/\/www.envirofalk.com\/en\/service\/water-treatment-in-the-container\/\" target=\"_self\"><figure class=\"img-box \" style=\"background-image: url(https:\/\/www.envirofalk.com\/wp-content\/uploads\/2023\/10\/EnviroFALK_Wasseraufbereitung_Container_Aktivkohle.webp)\"><\/figure><\/a><div class=\"text-box\"><img loading=\"lazy\" decoding=\"async\" width=\"1\" height=\"1\" src=\"https:\/\/www.envirofalk.com\/wp-content\/uploads\/2023\/08\/Wasseraufbereitung_Wasser_Kreislauffuehrung.svg\" class=\"attachment-120x120 size-120x120\" alt=\"Wassertropfen mit Recyclingzeichen Icon\" \/><h3 class=\"entry-title \"><a href=\"https:\/\/www.envirofalk.com\/en\/service\/water-treatment-in-the-container\/\" target=\"_self\">Water treatment in containers<\/a><\/h3><div class=\"wpb_text_column\">The water treatment integrated into the container is often used to generate process water in emergencies or during peak demand. The container solution is also often used for temporary supplies \u2013 such as repairs or system renovations.<\/div><\/div><\/div><div><a href=\"https:\/\/www.envirofalk.com\/en\/process-technologies-products\/water-treatment-as-rental-systems\/\" target=\"_self\"><figure class=\"img-box \" style=\"background-image: url(https:\/\/www.envirofalk.com\/wp-content\/uploads\/2023\/05\/banner-branchen.jpg)\"><\/figure><\/a><div class=\"text-box\"><img loading=\"lazy\" decoding=\"async\" width=\"1\" height=\"1\" src=\"https:\/\/www.envirofalk.com\/wp-content\/uploads\/2023\/08\/Mietanlagen_Icon.svg\" class=\"attachment-120x120 size-120x120\" alt=\"Schild mit der Aufschrift Rent Icon\" \/><h3 class=\"entry-title \"><a href=\"https:\/\/www.envirofalk.com\/en\/process-technologies-products\/water-treatment-as-rental-systems\/\" target=\"_self\">Water treatment as a rental system<\/a><\/h3><div class=\"wpb_text_column\">EnviroFALK offers individually tailored water treatment systems on a rental basis. For this purpose, we have an extensive inventory of a wide variety of system modules, which enable us to act quickly and optimally adapt to local conditions.<\/div><\/div><\/div><div><a href=\"https:\/\/www.envirofalk.com\/en\/service\/tenders\/\" target=\"_self\"><figure class=\"img-box \" style=\"background-image: url(https:\/\/www.envirofalk.com\/wp-content\/uploads\/2023\/09\/Wasserwissen.jpg)\"><\/figure><\/a><div class=\"text-box\"><img loading=\"lazy\" decoding=\"async\" width=\"1\" height=\"1\" src=\"https:\/\/www.envirofalk.com\/wp-content\/uploads\/2023\/08\/Wasservorbehandlung_2_Icon.svg\" class=\"attachment-120x120 size-120x120\" alt=\"Hand h\u00e4lt Wassertropfen Icon\" \/><h3 class=\"entry-title \"><a href=\"https:\/\/www.envirofalk.com\/en\/service\/tenders\/\" target=\"_self\">Support with tenders<\/a><\/h3><div class=\"wpb_text_column\">The basis for our success lies in accuracy. We support you quickly and in a targeted manner with detailed service specifications (LV) in GAEB format upon request.<\/div><\/div><\/div><div><a href=\"https:\/\/www.envirofalk.com\/en\/service\/training-for-users\/\" target=\"_self\"><figure class=\"img-box \" style=\"background-image: url(https:\/\/www.envirofalk.com\/wp-content\/uploads\/2023\/10\/Schulung.jpg)\"><\/figure><\/a><div class=\"text-box\"><img loading=\"lazy\" decoding=\"async\" width=\"1\" height=\"1\" src=\"https:\/\/www.envirofalk.com\/wp-content\/uploads\/2023\/05\/icon_kundenlosungen.svg\" class=\"attachment-120x120 size-120x120\" alt=\"Gl\u00fchbirne Icon\" \/><h3 class=\"entry-title \"><a href=\"https:\/\/www.envirofalk.com\/en\/service\/training-for-users\/\" target=\"_self\">Training for users<\/a><\/h3><div class=\"wpb_text_column\">Of course, operator training is part of our service offering. Talk to us and we will work together to develop a training and induction concept for your employees in dealing with our water treatment.<\/div><\/div><\/div><\/div>[\/vc_column][\/vc_row][\/vc_section]<\/p>\n<\/div>","protected":false},"excerpt":{"rendered":"<p>[vc_section][vc_row full_width=&#8221;stretch_row_content_no_spaces&#8221;][vc_column][\/vc_column][\/vc_row][vc_row el_class=&#8221;breadcrumbs-wrapper&#8221;][vc_column][\/vc_column][\/vc_row][\/vc_section][vc_section][vc_row css_animation=&#8221;slideInUp&#8221; el_class=&#8221;tablet-row&#8221;][vc_column width=&#8221;3\/4&#8243;][vc_custom_heading source=&#8221;post_title&#8221; font_container=&#8221;tag:h1|text_align:left&#8221; use_theme_fonts=&#8221;yes&#8221;][vc_column_text]You have opted for a first-class quality water treatment system. First-class service is a matter of course. Over 50 trained service technicians are on duty for you every day, installing, maintaining or repairing water treatment systems from all manufacturers. The service team can reach you as quickly [&hellip;]<\/p>\n","protected":false},"author":3,"featured_media":0,"parent":0,"menu_order":8,"comment_status":"closed","ping_status":"closed","template":"","meta":{"_acf_changed":false,"rs_blank_template":"","rs_page_bg_color":"","slide_template_v7":"","footnotes":""},"class_list":["post-7566","page","type-page","status-publish","hentry"],"acf":[],"yoast_head":"<!-- This site is optimized with the Yoast SEO Premium plugin v27.5 (Yoast SEO v27.5) - https:\/\/yoast.com\/product\/yoast-seo-premium-wordpress\/ -->\n<title>Service &#8211; EnviroFALK<\/title>\n<meta name=\"description\" content=\"You have opted for a first-class EnviroFALK water treatment system. First-class service is a matter of course.\" \/>\n<meta name=\"robots\" content=\"index, follow, max-snippet:-1, max-image-preview:large, max-video-preview:-1\" \/>\n<link rel=\"canonical\" href=\"https:\/\/www.envirofalk.com\/en\/service\/\" \/>\n<meta property=\"og:locale\" content=\"en_US\" \/>\n<meta property=\"og:type\" content=\"article\" \/>\n<meta property=\"og:title\" content=\"Service\" \/>\n<meta property=\"og:description\" content=\"You have opted for a first-class EnviroFALK water treatment system. First-class service is a matter of course.\" \/>\n<meta property=\"og:url\" content=\"https:\/\/www.envirofalk.com\/en\/service\/\" \/>\n<meta property=\"og:site_name\" content=\"EnviroFALK\" \/>\n<meta property=\"article:publisher\" content=\"https:\/\/www.facebook.com\/envirofalk\" \/>\n<meta property=\"article:modified_time\" content=\"2024-02-21T13:47:11+00:00\" \/>\n<meta name=\"twitter:card\" content=\"summary_large_image\" \/>\n<meta name=\"twitter:label1\" content=\"Est. reading time\" \/>\n\t<meta name=\"twitter:data1\" content=\"2 minutes\" \/>\n<script type=\"application\/ld+json\" class=\"yoast-schema-graph\">{\"@context\":\"https:\\\/\\\/schema.org\",\"@graph\":[{\"@type\":\"WebPage\",\"@id\":\"https:\\\/\\\/www.envirofalk.com\\\/en\\\/service\\\/\",\"url\":\"https:\\\/\\\/www.envirofalk.com\\\/en\\\/service\\\/\",\"name\":\"Service &#8211; EnviroFALK\",\"isPartOf\":{\"@id\":\"https:\\\/\\\/www.envirofalk.com\\\/en\\\/#website\"},\"datePublished\":\"2024-01-24T09:53:39+00:00\",\"dateModified\":\"2024-02-21T13:47:11+00:00\",\"description\":\"You have opted for a first-class EnviroFALK water treatment system. First-class service is a matter of course.\",\"breadcrumb\":{\"@id\":\"https:\\\/\\\/www.envirofalk.com\\\/en\\\/service\\\/#breadcrumb\"},\"inLanguage\":\"en-US\",\"potentialAction\":[{\"@type\":\"ReadAction\",\"target\":[\"https:\\\/\\\/www.envirofalk.com\\\/en\\\/service\\\/\"]}]},{\"@type\":\"BreadcrumbList\",\"@id\":\"https:\\\/\\\/www.envirofalk.com\\\/en\\\/service\\\/#breadcrumb\",\"itemListElement\":[{\"@type\":\"ListItem\",\"position\":1,\"name\":\"Home\",\"item\":\"https:\\\/\\\/www.envirofalk.com\\\/en\\\/\"},{\"@type\":\"ListItem\",\"position\":2,\"name\":\"Service\"}]},{\"@type\":\"WebSite\",\"@id\":\"https:\\\/\\\/www.envirofalk.com\\\/en\\\/#website\",\"url\":\"https:\\\/\\\/www.envirofalk.com\\\/en\\\/\",\"name\":\"EnviroFALK\",\"description\":\"Water treatment systems for industry, trade &amp; laboratory\",\"publisher\":{\"@id\":\"https:\\\/\\\/www.envirofalk.com\\\/en\\\/#organization\"},\"potentialAction\":[{\"@type\":\"SearchAction\",\"target\":{\"@type\":\"EntryPoint\",\"urlTemplate\":\"https:\\\/\\\/www.envirofalk.com\\\/en\\\/?s={search_term_string}\"},\"query-input\":{\"@type\":\"PropertyValueSpecification\",\"valueRequired\":true,\"valueName\":\"search_term_string\"}}],\"inLanguage\":\"en-US\"},{\"@type\":\"Organization\",\"@id\":\"https:\\\/\\\/www.envirofalk.com\\\/en\\\/#organization\",\"name\":\"EnviroFALK\",\"url\":\"https:\\\/\\\/www.envirofalk.com\\\/en\\\/\",\"logo\":{\"@type\":\"ImageObject\",\"inLanguage\":\"en-US\",\"@id\":\"https:\\\/\\\/www.envirofalk.com\\\/en\\\/#\\\/schema\\\/logo\\\/image\\\/\",\"url\":\"https:\\\/\\\/www.envirofalk.com\\\/wp-content\\\/uploads\\\/2023\\\/01\\\/logo.svg\",\"contentUrl\":\"https:\\\/\\\/www.envirofalk.com\\\/wp-content\\\/uploads\\\/2023\\\/01\\\/logo.svg\",\"caption\":\"EnviroFALK\"},\"image\":{\"@id\":\"https:\\\/\\\/www.envirofalk.com\\\/en\\\/#\\\/schema\\\/logo\\\/image\\\/\"},\"sameAs\":[\"https:\\\/\\\/www.facebook.com\\\/envirofalk\",\"https:\\\/\\\/www.linkedin.com\\\/company\\\/envirofalk-gmbh\",\"https:\\\/\\\/www.youtube.com\\\/channel\\\/UCM1L-2K6cfBbP3aYgJGbVdA\"],\"description\":\"EnviroFALK Prozesswassertechnik ist Ihr Spezialist f\u00fcr ma\u00dfgeschneiderte Wasseraufbereitungsl\u00f6sungen in der Industrie. Wir bieten innovative Technologien f\u00fcr die Erzeugung und Aufbereitung von Prozesswasser, um h\u00f6chste Effizienz und Qualit\u00e4t in Ihren Produktionsprozessen zu gew\u00e4hrleisten. Mit jahrzehntelanger Erfahrung entwickeln wir nachhaltige und ressourcenschonende L\u00f6sungen, die exakt auf die Anforderungen unserer Kunden abgestimmt sind. Unsere Leistungen umfassen die Filtration, Enth\u00e4rtung, Entsalzung und R\u00fcckgewinnung von Wasser f\u00fcr verschiedenste Anwendungen \u2013 von der Metallverarbeitung bis zur Lebensmittelindustrie. Unsere Experten begleiten Sie von der Planung \u00fcber die Implementierung bis hin zum Service, um eine zuverl\u00e4ssige und wirtschaftliche Wasseraufbereitung sicherzustellen.\",\"email\":\"info@envirofalk.com\",\"telephone\":\"+49 2663 9908-0\",\"legalName\":\"EnviroFALK GmbH\",\"foundingDate\":\"1989-05-01\"}]}<\/script>\n<!-- \/ Yoast SEO Premium plugin. -->","yoast_head_json":{"title":"Service &#8211; EnviroFALK","description":"You have opted for a first-class EnviroFALK water treatment system. First-class service is a matter of course.","robots":{"index":"index","follow":"follow","max-snippet":"max-snippet:-1","max-image-preview":"max-image-preview:large","max-video-preview":"max-video-preview:-1"},"canonical":"https:\/\/www.envirofalk.com\/en\/service\/","og_locale":"en_US","og_type":"article","og_title":"Service","og_description":"You have opted for a first-class EnviroFALK water treatment system. First-class service is a matter of course.","og_url":"https:\/\/www.envirofalk.com\/en\/service\/","og_site_name":"EnviroFALK","article_publisher":"https:\/\/www.facebook.com\/envirofalk","article_modified_time":"2024-02-21T13:47:11+00:00","twitter_card":"summary_large_image","twitter_misc":{"Est. reading time":"2 minutes"},"schema":{"@context":"https:\/\/schema.org","@graph":[{"@type":"WebPage","@id":"https:\/\/www.envirofalk.com\/en\/service\/","url":"https:\/\/www.envirofalk.com\/en\/service\/","name":"Service &#8211; EnviroFALK","isPartOf":{"@id":"https:\/\/www.envirofalk.com\/en\/#website"},"datePublished":"2024-01-24T09:53:39+00:00","dateModified":"2024-02-21T13:47:11+00:00","description":"You have opted for a first-class EnviroFALK water treatment system. First-class service is a matter of course.","breadcrumb":{"@id":"https:\/\/www.envirofalk.com\/en\/service\/#breadcrumb"},"inLanguage":"en-US","potentialAction":[{"@type":"ReadAction","target":["https:\/\/www.envirofalk.com\/en\/service\/"]}]},{"@type":"BreadcrumbList","@id":"https:\/\/www.envirofalk.com\/en\/service\/#breadcrumb","itemListElement":[{"@type":"ListItem","position":1,"name":"Home","item":"https:\/\/www.envirofalk.com\/en\/"},{"@type":"ListItem","position":2,"name":"Service"}]},{"@type":"WebSite","@id":"https:\/\/www.envirofalk.com\/en\/#website","url":"https:\/\/www.envirofalk.com\/en\/","name":"EnviroFALK","description":"Water treatment systems for industry, trade &amp; laboratory","publisher":{"@id":"https:\/\/www.envirofalk.com\/en\/#organization"},"potentialAction":[{"@type":"SearchAction","target":{"@type":"EntryPoint","urlTemplate":"https:\/\/www.envirofalk.com\/en\/?s={search_term_string}"},"query-input":{"@type":"PropertyValueSpecification","valueRequired":true,"valueName":"search_term_string"}}],"inLanguage":"en-US"},{"@type":"Organization","@id":"https:\/\/www.envirofalk.com\/en\/#organization","name":"EnviroFALK","url":"https:\/\/www.envirofalk.com\/en\/","logo":{"@type":"ImageObject","inLanguage":"en-US","@id":"https:\/\/www.envirofalk.com\/en\/#\/schema\/logo\/image\/","url":"https:\/\/www.envirofalk.com\/wp-content\/uploads\/2023\/01\/logo.svg","contentUrl":"https:\/\/www.envirofalk.com\/wp-content\/uploads\/2023\/01\/logo.svg","caption":"EnviroFALK"},"image":{"@id":"https:\/\/www.envirofalk.com\/en\/#\/schema\/logo\/image\/"},"sameAs":["https:\/\/www.facebook.com\/envirofalk","https:\/\/www.linkedin.com\/company\/envirofalk-gmbh","https:\/\/www.youtube.com\/channel\/UCM1L-2K6cfBbP3aYgJGbVdA"],"description":"EnviroFALK Prozesswassertechnik ist Ihr Spezialist f\u00fcr ma\u00dfgeschneiderte Wasseraufbereitungsl\u00f6sungen in der Industrie. Wir bieten innovative Technologien f\u00fcr die Erzeugung und Aufbereitung von Prozesswasser, um h\u00f6chste Effizienz und Qualit\u00e4t in Ihren Produktionsprozessen zu gew\u00e4hrleisten. Mit jahrzehntelanger Erfahrung entwickeln wir nachhaltige und ressourcenschonende L\u00f6sungen, die exakt auf die Anforderungen unserer Kunden abgestimmt sind. Unsere Leistungen umfassen die Filtration, Enth\u00e4rtung, Entsalzung und R\u00fcckgewinnung von Wasser f\u00fcr verschiedenste Anwendungen \u2013 von der Metallverarbeitung bis zur Lebensmittelindustrie. Unsere Experten begleiten Sie von der Planung \u00fcber die Implementierung bis hin zum Service, um eine zuverl\u00e4ssige und wirtschaftliche Wasseraufbereitung sicherzustellen.","email":"info@envirofalk.com","telephone":"+49 2663 9908-0","legalName":"EnviroFALK GmbH","foundingDate":"1989-05-01"}]}},"_links":{"self":[{"href":"https:\/\/www.envirofalk.com\/en\/wp-json\/wp\/v2\/pages\/7566","targetHints":{"allow":["GET"]}}],"collection":[{"href":"https:\/\/www.envirofalk.com\/en\/wp-json\/wp\/v2\/pages"}],"about":[{"href":"https:\/\/www.envirofalk.com\/en\/wp-json\/wp\/v2\/types\/page"}],"author":[{"embeddable":true,"href":"https:\/\/www.envirofalk.com\/en\/wp-json\/wp\/v2\/users\/3"}],"replies":[{"embeddable":true,"href":"https:\/\/www.envirofalk.com\/en\/wp-json\/wp\/v2\/comments?post=7566"}],"version-history":[{"count":5,"href":"https:\/\/www.envirofalk.com\/en\/wp-json\/wp\/v2\/pages\/7566\/revisions"}],"predecessor-version":[{"id":12000,"href":"https:\/\/www.envirofalk.com\/en\/wp-json\/wp\/v2\/pages\/7566\/revisions\/12000"}],"wp:attachment":[{"href":"https:\/\/www.envirofalk.com\/en\/wp-json\/wp\/v2\/media?parent=7566"}],"curies":[{"name":"wp","href":"https:\/\/api.w.org\/{rel}","templated":true}]}}