{"id":7559,"date":"2024-01-24T10:53:38","date_gmt":"2024-01-24T09:53:38","guid":{"rendered":"https:\/\/www.envirofalk.com\/branchen\/hospitals-laboratories\/"},"modified":"2024-02-08T10:02:31","modified_gmt":"2024-02-08T09:02:31","slug":"hospitals-laboratories","status":"publish","type":"page","link":"https:\/\/www.envirofalk.com\/en\/industries\/hospitals-laboratories\/","title":{"rendered":"Hospitals &amp; laboratories"},"content":{"rendered":"<div class=\"wpb-content-wrapper\"><p>[vc_section][vc_row full_width=&#8221;stretch_row_content_no_spaces&#8221;][vc_column]<div class=\"custom-top-banner img-box   has-icon\" style=\"background-image: url(https:\/\/www.envirofalk.com\/wp-content\/uploads\/2023\/05\/banner-labor_und_medizintechnik.jpg)\"><div class=\"container relative\"><div class=\"text-box\"><div class=\"slideInRight animated\"><img loading=\"lazy\" decoding=\"async\" width=\"1\" height=\"1\" src=\"https:\/\/www.envirofalk.com\/wp-content\/uploads\/2023\/05\/Industrielle-Medizintechnik_Reinigung_Icon.svg\" class=\"attachment-120x120 size-120x120\" alt=\"Medi\" \/><p><strong>Laboratory &amp; Medical Technology<\/strong><\/p><\/div><\/div><\/div><\/div>[\/vc_column][\/vc_row][vc_row el_class=&#8221;breadcrumbs-wrapper&#8221;][vc_column]<div class=\"breadcrumbs\"><label><\/label> <a href=\"https:\/\/www.envirofalk.com\/en\/\">Home<\/a><\/div>[\/vc_column][\/vc_row][\/vc_section][vc_section][vc_row css_animation=&#8221;slideInUp&#8221; el_class=&#8221;two-columns-row tablet-row&#8221;][vc_column width=&#8221;3\/4&#8243;][vc_custom_heading text=&#8221;Pure and ultrapure water treatment for laboratories and medical technology&#8221; font_container=&#8221;tag:h1|text_align:left&#8221; use_theme_fonts=&#8221;yes&#8221;][vc_column_text]Why EnviroFALK? Well, we know your application, find the details together and develop an optimum solution concept for your pure and ultrapure water requirements in hospitals, laboratories and medical technology. We are in direct dialog with users and manufacturers and build on long-standing partnerships.<\/p>\n<p>We know what moves you. But we also know that pure and ultrapure water systems are not just about water quality. It&#8217;s about more: environmentally friendly solution concepts that reduce water consumption, low operating costs, reliable technology and, of course, a service you can trust.[\/vc_column_text][\/vc_column][vc_column width=&#8221;1\/4&#8243;]<div class=\"quick-links sm wpb_content_element\" data-background=\"#ebebeb\"><div class=\"flexbox\"><a href=\"https:\/\/envirofalk.com\/en\/service\/\" target=\"_self\"><div class=\"icon default\"><img decoding=\"async\" src=\"https:\/\/www.envirofalk.com\/wp-content\/uploads\/2023\/05\/icon_service.svg\" class=\"attachment-full size-full\" alt=\"Person mit Headset Icon\" \/><\/div><div><h6>Service<\/h6><\/div><\/a><\/div><div class=\"flexbox\"><a href=\"https:\/\/envirofalk.com\/en\/trade-fairs-and-events\/\" target=\"_self\"><div class=\"icon default\"><img decoding=\"async\" src=\"https:\/\/www.envirofalk.com\/wp-content\/uploads\/2023\/05\/icon_messen-events.svg\" class=\"attachment-full size-full\" alt=\"\" \/><\/div><div><h6>Trade fairs & events<\/h6><\/div><\/a><\/div><div class=\"flexbox\"><a href=\"https:\/\/envirofalk.com\/en\/infocenter\/downloads\/\" target=\"_self\"><div class=\"icon default\"><img decoding=\"async\" src=\"https:\/\/www.envirofalk.com\/wp-content\/uploads\/2023\/05\/icon_downloads.svg\" class=\"attachment-full size-full\" alt=\"Blatt Papier mit Pfeil nach unten\" \/><\/div><div><h6>Downloads<\/h6><\/div><\/a><\/div><div class=\"flexbox\"><a href=\"https:\/\/envirofalk.com\/en\/customers-solutions\/\" target=\"_self\"><div class=\"icon default\"><img decoding=\"async\" src=\"https:\/\/www.envirofalk.com\/wp-content\/uploads\/2023\/05\/icon_kundenlosungen.svg\" class=\"attachment-full size-full\" alt=\"Gl\u00fchbirne Icon\" \/><\/div><div><h6>Customer solutions<\/h6><\/div><\/a><\/div><\/div>[\/vc_column][\/vc_row][\/vc_section][vc_section][vc_row el_class=&#8221;space-bottom&#8221;][vc_column css_animation=&#8221;slideInLeft&#8221;]<div class=\"custom-content-image wpb_content_element \"><figure class=\"img-box\" style=\"background-image: url(https:\/\/www.envirofalk.com\/wp-content\/uploads\/2023\/05\/labor_und_medizintechnik-anwendung.jpg)\"><img loading=\"lazy\" decoding=\"async\" width=\"1\" height=\"1\" src=\"https:\/\/www.envirofalk.com\/wp-content\/uploads\/2023\/08\/Wasseraufbereitung_Labor_Reagenzglas_Icon.svg\" class=\"attachment-120x120 size-120x120\" alt=\"Erlenmeyerkolben Icon\" \/><\/figure><div class=\"text-box\"><h3>Areas of application<\/h3><div class=\"wpb_text_column arrows-list\"><p>What makes us so unique? When it comes to water treatment systems, we don&#8217;t just provide you with any answer. Instead, we develop a solution that fits your challenges in every respect. Whether you are a user, manufacturer, planning office, specialist planner or architect, we work with you to develop a solution concept for pure and ultrapure water treatment. This is very important: We listen to you carefully. We see ourselves as your partner and offer you competent support and relief.<\/p>\n<p><strong>EnviroFALK offers pure &amp; ultrapure water solutions for:<\/strong><\/p>\n<ul>\n<li><a href=\"https:\/\/www.envirofalk.com\/en\/industries\/hospitals-laboratories\/ultrapure-water-treatment-for-laboratory-applications\/\">General and specific laboratory applications<\/a><\/li>\n<li><a href=\"https:\/\/www.envirofalk.com\/en\/industries\/hospitals-laboratories\/central-sterile-supply\/\">Central Sterilization &#8211; formerly Central Sterile Supply Department (CSSD)<\/a><\/li>\n<li><a href=\"https:\/\/www.envirofalk.com\/en\/industries\/hospitals-laboratories\/water-treatment-for-cleaning-and-disinfection-devices\/\">Washer-disinfectors (RDG and RDG-E)<\/a><\/li>\n<li><a href=\"https:\/\/www.envirofalk.com\/en\/industries\/hospitals-laboratories\/pure-and-ultrapure-water-for-clinical-analyzers\/\">Clinical analyzers<\/a><\/li>\n<\/ul>\n<\/div><\/div><\/div>[\/vc_column][\/vc_row][vc_row el_class=&#8221;space-bottom&#8221;][vc_column css_animation=&#8221;slideInRight&#8221;]<div class=\"custom-content-image wpb_content_element reverse\"><figure class=\"img-box\" style=\"background-image: url(https:\/\/www.envirofalk.com\/wp-content\/uploads\/2023\/10\/Produktprogramm_Rein_Reinstwasser_EnviroFALK.jpg)\"><img loading=\"lazy\" decoding=\"async\" width=\"1\" height=\"1\" src=\"https:\/\/www.envirofalk.com\/wp-content\/uploads\/2023\/08\/Individueller_Anlagenbau_2_Icon.svg\" class=\"attachment-120x120 size-120x120\" alt=\"Wasseraufbereitungsanlage Icon\" \/><\/figure><div class=\"text-box\"><h3>Products<\/h3><div class=\"wpb_text_column arrows-list\"><p>Our product range for pure and ultrapure water treatment incorporates extensive know-how, many years of experience and in-depth industry and user knowledge. Values that are more important than ever before. Whether you need a compact system or an individualized water treatment system, limited space or special piping &#8211; we have the perfect solution. You can rely on that.<\/p>\n<p><strong>Find out more about our process engineering solutions and products:<\/strong><\/p>\n<ul>\n<li><a href=\"https:\/\/www.envirofalk.com\/en\/process-technologies-products\/reverse-osmosis-systems\/\">Reverse osmosis systems<\/a><\/li>\n<li><a href=\"https:\/\/www.envirofalk.com\/en\/process-technologies-products\/electrodeionization-edi\/\">Ultrapure water systems with electrodeionization (EDI)<\/a><\/li>\n<li><a href=\"https:\/\/www.envirofalk.com\/en\/process-technologies-products\/pure-and-ultrapure-water-systems\/\">Pure and ultrapure water systems<\/a><\/li>\n<li><a href=\"https:\/\/www.envirofalk.com\/en\/?page_id=7465\">Ion exchanger cartridges and accessories<\/a><\/li>\n<\/ul>\n<\/div><\/div><\/div>[\/vc_column][\/vc_row][vc_row el_class=&#8221;space-bottom&#8221;][vc_column css_animation=&#8221;slideInRight&#8221;]<div class=\"custom-content-image wpb_content_element reverse\"><figure class=\"img-box\" style=\"background-image: url(https:\/\/www.envirofalk.com\/wp-content\/uploads\/2023\/05\/labor_und_medizintechnik-ionenaustauscher-und-regeneration.jpg)\"><img loading=\"lazy\" decoding=\"async\" width=\"1\" height=\"1\" src=\"https:\/\/www.envirofalk.com\/wp-content\/uploads\/2023\/08\/Wasseraufbereitung_Ionenaustauscher_Icon.svg\" class=\"attachment-120x120 size-120x120\" alt=\"\" \/><\/figure><div class=\"text-box\"><h3>Ion exchangers and regeneration<\/h3><div class=\"wpb_text_column arrows-list\"><p>Water, which is often treated using ion exchangers, is a decisive quality factor in cleaning, rinsing and disinfecting. Take a look at how versatile you can use EnviroFALK ion exchanger cartridges for a wide range of applications in laboratories, hospitals and medical technology.<\/p>\n<p><strong>Find out more about ion exchangers in the laboratory:<\/strong><\/p>\n<ul>\n<li><a href=\"https:\/\/www.envirofalk.com\/en\/?page_id=7465\">Ion exchanger cartridges and accessories<\/a><\/li>\n<\/ul>\n<p>Is your ion exchanger exhausted and requires professional treatment? One call is all it takes for our regeneration mobile to pick up your ion exchangers and return them to you after they have been regenerated.<\/p>\n<p><strong>Just a click away:<\/strong><\/p>\n<ul>\n<li><a class=\"show-modal\" href=\"#patronen\">Online order Regenerate cartridges<\/a><\/li>\n<\/ul>\n<\/div><\/div><\/div>[\/vc_column][\/vc_row][vc_row][vc_column css_animation=&#8221;fadeInUpBig&#8221;][vc_custom_heading text=&#8221;You might also be interested in&#8221; font_container=&#8221;tag:h2|text_align:center&#8221; use_theme_fonts=&#8221;yes&#8221;]<div class=\"teaser-boxes wpb_content_element\"><div><a href=\"https:\/\/envirofalk.com\/en\/service\/\" target=\"_self\"><figure class=\"img-box \" style=\"background-image: url(https:\/\/www.envirofalk.com\/wp-content\/uploads\/2023\/08\/Service_Aufbereitungsanlage.jpg)\"><\/figure><\/a><div class=\"text-box\"><img loading=\"lazy\" decoding=\"async\" width=\"1\" height=\"1\" src=\"https:\/\/www.envirofalk.com\/wp-content\/uploads\/2023\/05\/icon_service.svg\" class=\"attachment-120x120 size-120x120\" alt=\"Person mit Headset Icon\" \/><h3 class=\"entry-title \"><a href=\"https:\/\/envirofalk.com\/en\/service\/\" target=\"_self\">Our service<\/a><\/h3><div class=\"wpb_text_column\">Over 50 trained service technicians are on duty for you every day and can reach you as quickly as possible from our locations throughout Germany. Discover our first-class range of services.<\/div><\/div><\/div><div><a href=\"https:\/\/envirofalk.com\/en\/trade-fairs-and-events\/\" target=\"_self\"><figure class=\"img-box \" style=\"background-image: url(https:\/\/www.envirofalk.com\/wp-content\/uploads\/2023\/09\/Infocenter_MessenVeranstaltungen.jpg)\"><\/figure><\/a><div class=\"text-box\"><img loading=\"lazy\" decoding=\"async\" width=\"1\" height=\"1\" src=\"https:\/\/www.envirofalk.com\/wp-content\/uploads\/2023\/05\/icon_messen-events.svg\" class=\"attachment-120x120 size-120x120\" alt=\"\" \/><h3 class=\"entry-title \"><a href=\"https:\/\/envirofalk.com\/en\/trade-fairs-and-events\/\" target=\"_self\">Trade fairs & events<\/a><\/h3><div class=\"wpb_text_column\">When it comes to solutions for your water treatment, you will experience genuine enthusiasm in personal dialogue at our trade fairs and events. Get to know us.<\/div><\/div><\/div><div><a href=\"https:\/\/envirofalk.com\/en\/customers-solutions\/\" target=\"_self\"><figure class=\"img-box \" style=\"background-image: url(https:\/\/www.envirofalk.com\/wp-content\/uploads\/2023\/08\/Referenz_Labor_MT_Isolierstation.jpg)\"><\/figure><\/a><div class=\"text-box\"><img loading=\"lazy\" decoding=\"async\" width=\"1\" height=\"1\" src=\"https:\/\/www.envirofalk.com\/wp-content\/uploads\/2023\/08\/Wasseraufbereitung_Touchscreen_Icon.svg\" class=\"attachment-120x120 size-120x120\" alt=\"\" \/><h3 class=\"entry-title \"><a href=\"https:\/\/envirofalk.com\/en\/customers-solutions\/\" target=\"_self\">Customers & Solutions<\/a><\/h3><div class=\"wpb_text_column\">Many of our customers in the healthcare sector have been relying on EnviroFALK pure and ultrapure water systems for years. Take a look at various examples from practice.<\/div><\/div><\/div><\/div>[\/vc_column][\/vc_row][\/vc_section]<\/p>\n<\/div>","protected":false},"excerpt":{"rendered":"<p>[vc_section][vc_row full_width=&#8221;stretch_row_content_no_spaces&#8221;][vc_column][\/vc_column][\/vc_row][vc_row el_class=&#8221;breadcrumbs-wrapper&#8221;][vc_column][\/vc_column][\/vc_row][\/vc_section][vc_section][vc_row css_animation=&#8221;slideInUp&#8221; el_class=&#8221;two-columns-row tablet-row&#8221;][vc_column width=&#8221;3\/4&#8243;][vc_custom_heading text=&#8221;Pure and ultrapure water treatment for laboratories and medical technology&#8221; font_container=&#8221;tag:h1|text_align:left&#8221; use_theme_fonts=&#8221;yes&#8221;][vc_column_text]Why EnviroFALK? Well, we know your application, find the details together and develop an optimum solution concept for your pure and ultrapure water requirements in hospitals, laboratories and medical technology. We are in direct dialog with users [&hellip;]<\/p>\n","protected":false},"author":1,"featured_media":0,"parent":7453,"menu_order":1,"comment_status":"closed","ping_status":"closed","template":"","meta":{"_acf_changed":false,"rs_blank_template":"","rs_page_bg_color":"","slide_template_v7":"","footnotes":""},"class_list":["post-7559","page","type-page","status-publish","hentry"],"acf":[],"yoast_head":"<!-- This site is optimized with the Yoast SEO Premium plugin v27.5 (Yoast SEO v27.5) - https:\/\/yoast.com\/product\/yoast-seo-premium-wordpress\/ -->\n<title>Hospitals &amp; laboratories &#8211; EnviroFALK<\/title>\n<meta name=\"description\" content=\"Whether you are a user, manufacturer, planning office, specialist planner or architect, we work with you to develop a solution concept for pure and ultrapure water treatment.\" \/>\n<meta name=\"robots\" content=\"index, follow, max-snippet:-1, max-image-preview:large, max-video-preview:-1\" \/>\n<link rel=\"canonical\" href=\"https:\/\/www.envirofalk.com\/en\/industries\/hospitals-laboratories\/\" \/>\n<meta property=\"og:locale\" content=\"en_US\" \/>\n<meta property=\"og:type\" content=\"article\" \/>\n<meta property=\"og:title\" content=\"Hospitals &amp; laboratories\" \/>\n<meta property=\"og:description\" content=\"Whether you are a user, manufacturer, planning office, specialist planner or architect, we work with you to develop a solution concept for pure and ultrapure water treatment.\" \/>\n<meta property=\"og:url\" content=\"https:\/\/www.envirofalk.com\/en\/industries\/hospitals-laboratories\/\" \/>\n<meta property=\"og:site_name\" content=\"EnviroFALK\" \/>\n<meta property=\"article:publisher\" content=\"https:\/\/www.facebook.com\/envirofalk\" \/>\n<meta property=\"article:modified_time\" content=\"2024-02-08T09:02:31+00:00\" \/>\n<meta name=\"twitter:card\" content=\"summary_large_image\" \/>\n<meta name=\"twitter:label1\" content=\"Est. reading time\" \/>\n\t<meta name=\"twitter:data1\" content=\"3 minutes\" \/>\n<script type=\"application\/ld+json\" class=\"yoast-schema-graph\">{\"@context\":\"https:\\\/\\\/schema.org\",\"@graph\":[{\"@type\":\"WebPage\",\"@id\":\"https:\\\/\\\/www.envirofalk.com\\\/en\\\/industries\\\/hospitals-laboratories\\\/\",\"url\":\"https:\\\/\\\/www.envirofalk.com\\\/en\\\/industries\\\/hospitals-laboratories\\\/\",\"name\":\"Hospitals &amp; laboratories &#8211; EnviroFALK\",\"isPartOf\":{\"@id\":\"https:\\\/\\\/www.envirofalk.com\\\/en\\\/#website\"},\"datePublished\":\"2024-01-24T09:53:38+00:00\",\"dateModified\":\"2024-02-08T09:02:31+00:00\",\"description\":\"Whether you are a user, manufacturer, planning office, specialist planner or architect, we work with you to develop a solution concept for pure and ultrapure water treatment.\",\"breadcrumb\":{\"@id\":\"https:\\\/\\\/www.envirofalk.com\\\/en\\\/industries\\\/hospitals-laboratories\\\/#breadcrumb\"},\"inLanguage\":\"en-US\",\"potentialAction\":[{\"@type\":\"ReadAction\",\"target\":[\"https:\\\/\\\/www.envirofalk.com\\\/en\\\/industries\\\/hospitals-laboratories\\\/\"]}]},{\"@type\":\"BreadcrumbList\",\"@id\":\"https:\\\/\\\/www.envirofalk.com\\\/en\\\/industries\\\/hospitals-laboratories\\\/#breadcrumb\",\"itemListElement\":[{\"@type\":\"ListItem\",\"position\":1,\"name\":\"Home\",\"item\":\"https:\\\/\\\/www.envirofalk.com\\\/en\\\/\"},{\"@type\":\"ListItem\",\"position\":2,\"name\":\"Industries\",\"item\":\"https:\\\/\\\/www.envirofalk.com\\\/en\\\/industries\\\/\"},{\"@type\":\"ListItem\",\"position\":3,\"name\":\"Hospitals &amp; laboratories\"}]},{\"@type\":\"WebSite\",\"@id\":\"https:\\\/\\\/www.envirofalk.com\\\/en\\\/#website\",\"url\":\"https:\\\/\\\/www.envirofalk.com\\\/en\\\/\",\"name\":\"EnviroFALK\",\"description\":\"Water treatment systems for industry, trade &amp; laboratory\",\"publisher\":{\"@id\":\"https:\\\/\\\/www.envirofalk.com\\\/en\\\/#organization\"},\"potentialAction\":[{\"@type\":\"SearchAction\",\"target\":{\"@type\":\"EntryPoint\",\"urlTemplate\":\"https:\\\/\\\/www.envirofalk.com\\\/en\\\/?s={search_term_string}\"},\"query-input\":{\"@type\":\"PropertyValueSpecification\",\"valueRequired\":true,\"valueName\":\"search_term_string\"}}],\"inLanguage\":\"en-US\"},{\"@type\":\"Organization\",\"@id\":\"https:\\\/\\\/www.envirofalk.com\\\/en\\\/#organization\",\"name\":\"EnviroFALK\",\"url\":\"https:\\\/\\\/www.envirofalk.com\\\/en\\\/\",\"logo\":{\"@type\":\"ImageObject\",\"inLanguage\":\"en-US\",\"@id\":\"https:\\\/\\\/www.envirofalk.com\\\/en\\\/#\\\/schema\\\/logo\\\/image\\\/\",\"url\":\"https:\\\/\\\/www.envirofalk.com\\\/wp-content\\\/uploads\\\/2023\\\/01\\\/logo.svg\",\"contentUrl\":\"https:\\\/\\\/www.envirofalk.com\\\/wp-content\\\/uploads\\\/2023\\\/01\\\/logo.svg\",\"caption\":\"EnviroFALK\"},\"image\":{\"@id\":\"https:\\\/\\\/www.envirofalk.com\\\/en\\\/#\\\/schema\\\/logo\\\/image\\\/\"},\"sameAs\":[\"https:\\\/\\\/www.facebook.com\\\/envirofalk\",\"https:\\\/\\\/www.linkedin.com\\\/company\\\/envirofalk-gmbh\",\"https:\\\/\\\/www.youtube.com\\\/channel\\\/UCM1L-2K6cfBbP3aYgJGbVdA\"],\"description\":\"EnviroFALK Prozesswassertechnik ist Ihr Spezialist f\u00fcr ma\u00dfgeschneiderte Wasseraufbereitungsl\u00f6sungen in der Industrie. Wir bieten innovative Technologien f\u00fcr die Erzeugung und Aufbereitung von Prozesswasser, um h\u00f6chste Effizienz und Qualit\u00e4t in Ihren Produktionsprozessen zu gew\u00e4hrleisten. Mit jahrzehntelanger Erfahrung entwickeln wir nachhaltige und ressourcenschonende L\u00f6sungen, die exakt auf die Anforderungen unserer Kunden abgestimmt sind. Unsere Leistungen umfassen die Filtration, Enth\u00e4rtung, Entsalzung und R\u00fcckgewinnung von Wasser f\u00fcr verschiedenste Anwendungen \u2013 von der Metallverarbeitung bis zur Lebensmittelindustrie. Unsere Experten begleiten Sie von der Planung \u00fcber die Implementierung bis hin zum Service, um eine zuverl\u00e4ssige und wirtschaftliche Wasseraufbereitung sicherzustellen.\",\"email\":\"info@envirofalk.com\",\"telephone\":\"+49 2663 9908-0\",\"legalName\":\"EnviroFALK GmbH\",\"foundingDate\":\"1989-05-01\"}]}<\/script>\n<!-- \/ Yoast SEO Premium plugin. -->","yoast_head_json":{"title":"Hospitals &amp; laboratories &#8211; EnviroFALK","description":"Whether you are a user, manufacturer, planning office, specialist planner or architect, we work with you to develop a solution concept for pure and ultrapure water treatment.","robots":{"index":"index","follow":"follow","max-snippet":"max-snippet:-1","max-image-preview":"max-image-preview:large","max-video-preview":"max-video-preview:-1"},"canonical":"https:\/\/www.envirofalk.com\/en\/industries\/hospitals-laboratories\/","og_locale":"en_US","og_type":"article","og_title":"Hospitals &amp; laboratories","og_description":"Whether you are a user, manufacturer, planning office, specialist planner or architect, we work with you to develop a solution concept for pure and ultrapure water treatment.","og_url":"https:\/\/www.envirofalk.com\/en\/industries\/hospitals-laboratories\/","og_site_name":"EnviroFALK","article_publisher":"https:\/\/www.facebook.com\/envirofalk","article_modified_time":"2024-02-08T09:02:31+00:00","twitter_card":"summary_large_image","twitter_misc":{"Est. reading time":"3 minutes"},"schema":{"@context":"https:\/\/schema.org","@graph":[{"@type":"WebPage","@id":"https:\/\/www.envirofalk.com\/en\/industries\/hospitals-laboratories\/","url":"https:\/\/www.envirofalk.com\/en\/industries\/hospitals-laboratories\/","name":"Hospitals &amp; laboratories &#8211; EnviroFALK","isPartOf":{"@id":"https:\/\/www.envirofalk.com\/en\/#website"},"datePublished":"2024-01-24T09:53:38+00:00","dateModified":"2024-02-08T09:02:31+00:00","description":"Whether you are a user, manufacturer, planning office, specialist planner or architect, we work with you to develop a solution concept for pure and ultrapure water treatment.","breadcrumb":{"@id":"https:\/\/www.envirofalk.com\/en\/industries\/hospitals-laboratories\/#breadcrumb"},"inLanguage":"en-US","potentialAction":[{"@type":"ReadAction","target":["https:\/\/www.envirofalk.com\/en\/industries\/hospitals-laboratories\/"]}]},{"@type":"BreadcrumbList","@id":"https:\/\/www.envirofalk.com\/en\/industries\/hospitals-laboratories\/#breadcrumb","itemListElement":[{"@type":"ListItem","position":1,"name":"Home","item":"https:\/\/www.envirofalk.com\/en\/"},{"@type":"ListItem","position":2,"name":"Industries","item":"https:\/\/www.envirofalk.com\/en\/industries\/"},{"@type":"ListItem","position":3,"name":"Hospitals &amp; laboratories"}]},{"@type":"WebSite","@id":"https:\/\/www.envirofalk.com\/en\/#website","url":"https:\/\/www.envirofalk.com\/en\/","name":"EnviroFALK","description":"Water treatment systems for industry, trade &amp; laboratory","publisher":{"@id":"https:\/\/www.envirofalk.com\/en\/#organization"},"potentialAction":[{"@type":"SearchAction","target":{"@type":"EntryPoint","urlTemplate":"https:\/\/www.envirofalk.com\/en\/?s={search_term_string}"},"query-input":{"@type":"PropertyValueSpecification","valueRequired":true,"valueName":"search_term_string"}}],"inLanguage":"en-US"},{"@type":"Organization","@id":"https:\/\/www.envirofalk.com\/en\/#organization","name":"EnviroFALK","url":"https:\/\/www.envirofalk.com\/en\/","logo":{"@type":"ImageObject","inLanguage":"en-US","@id":"https:\/\/www.envirofalk.com\/en\/#\/schema\/logo\/image\/","url":"https:\/\/www.envirofalk.com\/wp-content\/uploads\/2023\/01\/logo.svg","contentUrl":"https:\/\/www.envirofalk.com\/wp-content\/uploads\/2023\/01\/logo.svg","caption":"EnviroFALK"},"image":{"@id":"https:\/\/www.envirofalk.com\/en\/#\/schema\/logo\/image\/"},"sameAs":["https:\/\/www.facebook.com\/envirofalk","https:\/\/www.linkedin.com\/company\/envirofalk-gmbh","https:\/\/www.youtube.com\/channel\/UCM1L-2K6cfBbP3aYgJGbVdA"],"description":"EnviroFALK Prozesswassertechnik ist Ihr Spezialist f\u00fcr ma\u00dfgeschneiderte Wasseraufbereitungsl\u00f6sungen in der Industrie. Wir bieten innovative Technologien f\u00fcr die Erzeugung und Aufbereitung von Prozesswasser, um h\u00f6chste Effizienz und Qualit\u00e4t in Ihren Produktionsprozessen zu gew\u00e4hrleisten. Mit jahrzehntelanger Erfahrung entwickeln wir nachhaltige und ressourcenschonende L\u00f6sungen, die exakt auf die Anforderungen unserer Kunden abgestimmt sind. Unsere Leistungen umfassen die Filtration, Enth\u00e4rtung, Entsalzung und R\u00fcckgewinnung von Wasser f\u00fcr verschiedenste Anwendungen \u2013 von der Metallverarbeitung bis zur Lebensmittelindustrie. Unsere Experten begleiten Sie von der Planung \u00fcber die Implementierung bis hin zum Service, um eine zuverl\u00e4ssige und wirtschaftliche Wasseraufbereitung sicherzustellen.","email":"info@envirofalk.com","telephone":"+49 2663 9908-0","legalName":"EnviroFALK GmbH","foundingDate":"1989-05-01"}]}},"_links":{"self":[{"href":"https:\/\/www.envirofalk.com\/en\/wp-json\/wp\/v2\/pages\/7559","targetHints":{"allow":["GET"]}}],"collection":[{"href":"https:\/\/www.envirofalk.com\/en\/wp-json\/wp\/v2\/pages"}],"about":[{"href":"https:\/\/www.envirofalk.com\/en\/wp-json\/wp\/v2\/types\/page"}],"author":[{"embeddable":true,"href":"https:\/\/www.envirofalk.com\/en\/wp-json\/wp\/v2\/users\/1"}],"replies":[{"embeddable":true,"href":"https:\/\/www.envirofalk.com\/en\/wp-json\/wp\/v2\/comments?post=7559"}],"version-history":[{"count":9,"href":"https:\/\/www.envirofalk.com\/en\/wp-json\/wp\/v2\/pages\/7559\/revisions"}],"predecessor-version":[{"id":11704,"href":"https:\/\/www.envirofalk.com\/en\/wp-json\/wp\/v2\/pages\/7559\/revisions\/11704"}],"up":[{"embeddable":true,"href":"https:\/\/www.envirofalk.com\/en\/wp-json\/wp\/v2\/pages\/7453"}],"wp:attachment":[{"href":"https:\/\/www.envirofalk.com\/en\/wp-json\/wp\/v2\/media?parent=7559"}],"curies":[{"name":"wp","href":"https:\/\/api.w.org\/{rel}","templated":true}]}}