{"id":7488,"date":"2024-01-24T10:38:19","date_gmt":"2024-01-24T09:38:19","guid":{"rendered":"https:\/\/www.envirofalk.com\/contact-us\/"},"modified":"2024-02-08T09:46:00","modified_gmt":"2024-02-08T08:46:00","slug":"contact-us","status":"publish","type":"page","link":"https:\/\/www.envirofalk.com\/en\/contact-us\/","title":{"rendered":"Contact us"},"content":{"rendered":"<div class=\"wpb-content-wrapper\"><p>[vc_section][vc_row full_width=&#8221;stretch_row_content_no_spaces&#8221;][vc_column]<div class=\"custom-top-banner img-box   has-icon\" style=\"background-image: url(https:\/\/www.envirofalk.com\/wp-content\/uploads\/2023\/08\/Serviceteam_Wasseraufbereitung_Deutschland.jpg)\"><div class=\"container relative\"><div class=\"text-box\"><div class=\"slideInRight animated\"><img decoding=\"async\" width=\"1\" height=\"1\" src=\"https:\/\/www.envirofalk.com\/wp-content\/uploads\/2023\/05\/icon_kontakt.svg\" class=\"attachment-120x120 size-120x120\" alt=\"Person mit Headset und zwei Sprechblasen Icon\" \/><p>What can we do for <strong>you<\/strong>?<\/p><\/div><\/div><\/div><\/div>[vc_empty_space][\/vc_column][\/vc_row][\/vc_section][vc_section css=&#8221;.vc_custom_1695816884405{margin-top: -130px !important;background-image: url(https:\/\/www.envirofalk.com\/wp-content\/uploads\/2023\/02\/banner-events_slow.gif?id=135) !important;background-position: center !important;background-repeat: no-repeat !important;background-size: cover !important;}&#8221;][vc_row el_class=&#8221;tablet-row&#8221;][vc_column width=&#8221;3\/5&#8243; css=&#8221;.vc_custom_1695816632099{background-position: center !important;background-repeat: no-repeat !important;background-size: cover !important;}&#8221; el_class=&#8221;has-bg&#8221;][vc_custom_heading source=&#8221;post_title&#8221; font_container=&#8221;tag:h1|text_align:left&#8221; use_theme_fonts=&#8221;yes&#8221;][vc_column_text]You are interested in <a href=\"https:\/\/www.envirofalk.com\/en\/process-technologies-products\/individual-water-treatment\/\"><br \/>\n<strong>water treatment plants<\/strong><br \/>\n<\/a>our <a href=\"\/en\/?page_id=7465\"><br \/>\n<strong>regeneration service for ion exchangers<\/strong><br \/>\n<\/a> or our comprehensive <a href=\"https:\/\/www.envirofalk.com\/en\/service\/\"><br \/>\n<strong>range of services<\/strong><br \/>\n<\/a>? Then we should definitely get to know each other! Give us a call or simply send us your request using the contact form.[\/vc_column_text]\n<div class=\"wpcf7 no-js\" id=\"wpcf7-f11012-o1\" lang=\"en-US\" dir=\"ltr\" data-wpcf7-id=\"11012\">\n<div class=\"screen-reader-response\"><p role=\"status\" aria-live=\"polite\" aria-atomic=\"true\"><\/p> <ul><\/ul><\/div>\n<form action=\"\/en\/wp-json\/wp\/v2\/pages\/7488#wpcf7-f11012-o1\" method=\"post\" class=\"wpcf7-form init\" aria-label=\"Contact form\" novalidate=\"novalidate\" data-status=\"init\">\n<fieldset class=\"hidden-fields-container\"><input type=\"hidden\" name=\"_wpcf7\" value=\"11012\" \/><input type=\"hidden\" name=\"_wpcf7_version\" value=\"6.1.5\" \/><input type=\"hidden\" name=\"_wpcf7_locale\" value=\"en_US\" \/><input type=\"hidden\" name=\"_wpcf7_unit_tag\" value=\"wpcf7-f11012-o1\" \/><input type=\"hidden\" name=\"_wpcf7_container_post\" value=\"0\" \/><input type=\"hidden\" name=\"_wpcf7_posted_data_hash\" value=\"\" \/><input type=\"hidden\" name=\"_wpcf7cf_hidden_group_fields\" value=\"[]\" \/><input type=\"hidden\" name=\"_wpcf7cf_hidden_groups\" value=\"[]\" \/><input type=\"hidden\" name=\"_wpcf7cf_visible_groups\" value=\"[]\" \/><input type=\"hidden\" name=\"_wpcf7cf_repeaters\" value=\"[]\" \/><input type=\"hidden\" name=\"_wpcf7cf_steps\" value=\"{}\" \/><input type=\"hidden\" name=\"_wpcf7cf_options\" value=\"{&quot;form_id&quot;:11012,&quot;conditions&quot;:[],&quot;settings&quot;:{&quot;animation&quot;:&quot;yes&quot;,&quot;animation_intime&quot;:200,&quot;animation_outtime&quot;:200,&quot;conditions_ui&quot;:&quot;normal&quot;,&quot;notice_dismissed&quot;:false,&quot;notice_dismissed_update-cf7-5.8.6&quot;:true,&quot;notice_dismissed_rollback-cf7-5.8.7&quot;:true,&quot;notice_dismissed_rollback-cf7-5.9.5&quot;:true}}\" \/><input type=\"hidden\" name=\"_wpcf7_recaptcha_response\" value=\"\" \/>\n<\/fieldset>\n<fieldset class=\"half-width\">\n\t<p><label><span>Name<abbr><\/abbr><\/span><span class=\"wpcf7-form-control-wrap\" data-name=\"vorname\"><input size=\"40\" maxlength=\"30\" minlength=\"2\" class=\"wpcf7-form-control wpcf7-text wpcf7-validates-as-required\" aria-required=\"true\" aria-invalid=\"false\" placeholder=\"First and last name\" value=\"\" type=\"text\" name=\"vorname\" \/><\/span><\/label>\n\t<\/p>\n<\/fieldset>\n<fieldset class=\"half-width\">\n\t<p><label><span>The company<abbr><\/abbr><\/span><span class=\"wpcf7-form-control-wrap\" data-name=\"unternehmen\"><input size=\"40\" maxlength=\"30\" minlength=\"2\" class=\"wpcf7-form-control wpcf7-text wpcf7-validates-as-required\" aria-required=\"true\" aria-invalid=\"false\" placeholder=\"The company\" value=\"\" type=\"text\" name=\"unternehmen\" \/><\/span><\/label>\n\t<\/p>\n<\/fieldset>\n<fieldset class=\"half-width\">\n\t<p><label><span>Street<abbr><\/abbr><\/span><span class=\"wpcf7-form-control-wrap\" data-name=\"strasse\"><input size=\"40\" maxlength=\"400\" class=\"wpcf7-form-control wpcf7-text wpcf7-validates-as-required\" aria-required=\"true\" aria-invalid=\"false\" placeholder=\"Address data\" value=\"\" type=\"text\" name=\"strasse\" \/><\/span><\/label>\n\t<\/p>\n<\/fieldset>\n<fieldset class=\"half-width\">\n\t<p><label><span>House number<abbr><\/abbr><\/span><span class=\"wpcf7-form-control-wrap\" data-name=\"hausnummer\"><input size=\"40\" maxlength=\"400\" class=\"wpcf7-form-control wpcf7-text wpcf7-validates-as-required\" aria-required=\"true\" aria-invalid=\"false\" placeholder=\"1\" value=\"\" type=\"text\" name=\"hausnummer\" \/><\/span><\/label>\n\t<\/p>\n<\/fieldset>\n<fieldset class=\"half-width\">\n\t<p><label><span>Zip code<abbr><\/abbr><\/span><span class=\"wpcf7-form-control-wrap\" data-name=\"plz\"><input size=\"40\" maxlength=\"400\" class=\"wpcf7-form-control wpcf7-text wpcf7-validates-as-required\" aria-required=\"true\" aria-invalid=\"false\" placeholder=\"12345\" value=\"\" type=\"text\" name=\"plz\" \/><\/span><\/label>\n\t<\/p>\n<\/fieldset>\n<fieldset class=\"half-width\">\n\t<p><label><span>Location<abbr><\/abbr><\/span><span class=\"wpcf7-form-control-wrap\" data-name=\"ort\"><input size=\"40\" maxlength=\"400\" class=\"wpcf7-form-control wpcf7-text wpcf7-validates-as-required\" aria-required=\"true\" aria-invalid=\"false\" placeholder=\"Location\" value=\"\" type=\"text\" name=\"ort\" \/><\/span><\/label>\n\t<\/p>\n<\/fieldset>\n<fieldset class=\"half-width\">\n\t<p><label><span>e-mail<abbr><\/abbr><\/span><span class=\"wpcf7-form-control-wrap\" data-name=\"email\"><input size=\"40\" maxlength=\"400\" class=\"wpcf7-form-control wpcf7-email wpcf7-validates-as-required wpcf7-text wpcf7-validates-as-email\" aria-required=\"true\" aria-invalid=\"false\" placeholder=\"name@unternehmen.de*\" value=\"\" type=\"email\" name=\"email\" \/><\/span><\/label>\n\t<\/p>\n<\/fieldset>\n<fieldset class=\"half-width\">\n\t<p><label><span>Telephone<\/span><span class=\"wpcf7-form-control-wrap\" data-name=\"telefon\"><input size=\"40\" maxlength=\"400\" class=\"wpcf7-form-control wpcf7-tel wpcf7-text wpcf7-validates-as-tel\" aria-invalid=\"false\" placeholder=\"+49 ___ __ __ ___\" value=\"\" type=\"tel\" name=\"telefon\" \/><\/span><\/label>\n\t<\/p>\n<\/fieldset>\n<fieldset>\n\t<p><label><span>Message<abbr><\/abbr><\/span><span class=\"wpcf7-form-control-wrap\" data-name=\"nachricht\"><textarea cols=\"40\" rows=\"4\" maxlength=\"2000\" class=\"wpcf7-form-control wpcf7-textarea wpcf7-validates-as-required\" aria-required=\"true\" aria-invalid=\"false\" placeholder=\"Message What would you like to ask us?\" name=\"nachricht\"><\/textarea><\/span><\/label>\n\t<\/p>\n<\/fieldset>\n<fieldset>\n\t<p><span class=\"wpcf7-form-control-wrap\" data-name=\"datenschutz\"><span class=\"wpcf7-form-control wpcf7-acceptance\"><span class=\"wpcf7-list-item\"><label><input type=\"checkbox\" name=\"datenschutz\" value=\"1\" aria-invalid=\"false\" \/><span class=\"wpcf7-list-item-label\">I agree that my data will be used to process the request. I can revoke my consent at any time. I have read the <a href=\"\/datenschutz-2\/\" target=\"_blank\">privacy policy<\/a> and agree to it. (A copy of your message will be sent to your e-mail address.)<\/span><\/label><\/span><\/span><\/span>\n\t<\/p>\n<\/fieldset>\n<div class=\"text-right\">\n\t<p><input class=\"wpcf7-form-control wpcf7-submit has-spinner custom-btn outline\" type=\"submit\" value=\"Senden\" \/>\n\t<\/p>\n<\/div><input type='hidden' class='wpcf7-pum' value='{\"closepopup\":false,\"closedelay\":0,\"openpopup\":false,\"openpopup_id\":0}' \/><div class=\"wpcf7-response-output\" aria-hidden=\"true\"><\/div>\n<\/form>\n<\/div>\n[\/vc_column][vc_column width=&#8221;2\/5&#8243; el_class=&#8221;has-bg&#8221;][vc_column_text]<\/p>\n<h3>Why don&#8217;t you write to us?<\/h3>\n<p><strong>EnviroFALK GmbH<\/strong><br \/>\n<strong>Process water technology<\/strong><\/p>\n<p>Sainscheid industrial estate<br \/>\nGutenbergstrasse 7<br \/>\n56457 Westerburg, Germany<\/p>\n<p>Phone<a href=\"tel:49266399080\">+49 2663 9908-0<\/a><br \/>\nFax +49 2663 9908-50<br \/>\n<a href=\"https:\/\/www.envirofalk.com\/en\/homepage.html\">www.envirofalk.com<\/a>[\/vc_column_text][vc_column_text]<\/p>\n<h3>&#8230;or come and visit us on site!<\/h3>\n<p>[\/vc_column_text]            \t\t\t<div class=\"wsdsgvomaps_wrap\" style=\"\">\r\n                <div class=\"wsdsgvomaps_img\" \r\n                    style=\"height:300px; \"  \r\n                    data-color-default=\"#000\"\r\n                    data-color-active=\"#ff0000\"\r\n                    data-button-class=\"default_map_button\"                                                           \r\n                    data-url=\"https:\/\/www.google.com\/maps\/embed?pb=!1m18!1m12!1m3!1d2535.379281662935!2d7.950459112570259!3d50.54571628038082!2m3!1f0!2f0!3f0!3m2!1i1024!2i768!4f13.1!3m3!1m2!1s0x47bc2f33ac3bbd17%3A0x46197a021c0b980f!2sEnviroFALK%20GmbH%20Prozesswasser-Technik!5e0!3m2!1sde!2sde!4v1695820580098!5m2!1sde!2sde\"\r\n                    data-height=\"300\"\r\n                    >\r\n                    <img decoding=\"async\" class=\"wsdsgvomaps_map_img\" src=\"https:\/\/www.envirofalk.com\/wp-content\/uploads\/2023\/08\/Googlemaps.jpg\" width=\"400\" height=\"300\" alt=\"EnviroFALK Standort in Google Maps Ansicht\" title=\"EnviroFALK Standort in Google Maps Ansicht\" style=\"height:300px!important\" \/>\r\n                    <div class=\"accept-map accept-img\" style=\"display:none;color:#000;\">\r\n                        <div class=\"accept-map-txt\" style=\"padding:10px;margin-bottom:15px;background-color:rgba(255,255,255,0.8);;\">\r\n\t\t\t\t\t\t\tAufgrund der DSGVO ben\u00f6tigen wir Ihre Zustimmung, um Daten von Google zu laden.<br\/>Mehr Infos in unserer                         \r\n\t\t\t\t\t\t\t<a href=\"https:\/\/www.envirofalk.com\/en\/contact-us\/\" class=\"map_privacy_policy\" target=\"_blank\">\r\n\t\t\t\t\t\t\t\tPrivacy Policy\t\t\t\t\t\t\t<\/a>\r\n\t\t\t\t\t\t<\/div>\r\n                        <div class=\"wsdsgvomaps_acception default_map_button\" >\r\n                            Accept                        <\/div>\r\n                    <\/div>                    \r\n                <\/div>\r\n            <\/div>\r\n        [\/vc_column][\/vc_row][\/vc_section][vc_section el_class=&#8221;img-box top-center&#8221; css=&#8221;.vc_custom_1696237761009{background-image: url(https:\/\/www.envirofalk.com\/wp-content\/uploads\/2023\/05\/banner-cta.png?id=184) !important;}&#8221; el_id=&#8221;hotline&#8221;][vc_row][vc_column][vc_custom_heading text=&#8221;Give us a call, because we are here for you!&#8221; font_container=&#8221;tag:h2|text_align:center&#8221; use_theme_fonts=&#8221;yes&#8221;][\/vc_column][\/vc_row][vc_row el_class=&#8221;tablet-row&#8221;][vc_column css_animation=&#8221;slideInLeft&#8221; width=&#8221;1\/2&#8243;]<div class=\"custom-content-image wpb_content_element top\"><figure class=\"img-box\" style=\"background-image: url(https:\/\/www.envirofalk.com\/wp-content\/uploads\/2023\/08\/Service_Aufbereitungsanlage.jpg)\"><img decoding=\"async\" width=\"1\" height=\"1\" src=\"https:\/\/www.envirofalk.com\/wp-content\/uploads\/2023\/05\/icon_serviceangebot.svg\" class=\"attachment-120x120 size-120x120\" alt=\"Zange mit Zahnrad\" \/><\/figure><div class=\"text-box\"><h2>Technical hotline for water treatment systems<\/h2><div class=\"wpb_text_column arrows-list\"><h3 style=\"text-align: left;\"><a href=\"tel:%20492663990822\">+49 2663 9908-22<\/a><\/h3>\n<p style=\"text-align: left;\"><strong>You can reach us<\/strong> at <strong><br \/>\n<\/strong><strong>Monday to Thursday<\/strong> from 7:45 &#8211; 16:45 and<br \/>\n<strong>Friday<\/strong> from 7:45 a.m. &#8211; 3:15 p.m.<\/p>\n<\/div><\/div><\/div>[\/vc_column][vc_column css_animation=&#8221;slideInRight&#8221; width=&#8221;1\/2&#8243;]<div class=\"custom-content-image wpb_content_element top\"><figure class=\"img-box\" style=\"background-image: url(https:\/\/www.envirofalk.com\/wp-content\/uploads\/2023\/10\/Service_Regeneration.jpg)\"><img decoding=\"async\" width=\"1\" height=\"1\" src=\"https:\/\/www.envirofalk.com\/wp-content\/uploads\/2023\/08\/Wasseraufbereitung_Ionenaustauscher_Icon.svg\" class=\"attachment-120x120 size-120x120\" alt=\"\" \/><\/figure><div class=\"text-box\"><h2>Regeneration service for ion exchanger cartridges<\/h2><div class=\"wpb_text_column arrows-list\"><h3 style=\"text-align: left;\"><a href=\"tel:4926639908685\">+49 2663 9908-685<\/a><\/h3>\n<p>Or simply send us an uncomplicated <a class=\"show-modal\" href=\"#patronen\">online order<\/a><\/p>\n<p style=\"text-align: left;\"><strong>You can reach us<\/strong> at <strong><br \/>\n<\/strong><strong>Monday to Thursday<\/strong> from 7:45 &#8211; 16:45 and<br \/>\n<strong>Friday<\/strong> from 7:45 a.m. &#8211; 3:15 p.m.<\/p>\n<\/div><\/div><\/div>[\/vc_column][\/vc_row][\/vc_section]<\/p>\n<\/div>","protected":false},"excerpt":{"rendered":"<p>[vc_section][vc_row full_width=&#8221;stretch_row_content_no_spaces&#8221;][vc_column][vc_empty_space][\/vc_column][\/vc_row][\/vc_section][vc_section css=&#8221;.vc_custom_1695816884405{margin-top: -130px !important;background-image: url(https:\/\/www.envirofalk.com\/wp-content\/uploads\/2023\/02\/banner-events_slow.gif?id=135) !important;background-position: center !important;background-repeat: no-repeat !important;background-size: cover !important;}&#8221;][vc_row el_class=&#8221;tablet-row&#8221;][vc_column width=&#8221;3\/5&#8243; css=&#8221;.vc_custom_1695816632099{background-position: center !important;background-repeat: no-repeat !important;background-size: cover !important;}&#8221; el_class=&#8221;has-bg&#8221;][vc_custom_heading source=&#8221;post_title&#8221; font_container=&#8221;tag:h1|text_align:left&#8221; use_theme_fonts=&#8221;yes&#8221;][vc_column_text]You are interested in water treatment plants our regeneration service for ion exchangers or our comprehensive range of services ? Then we should definitely get to know each other! Give [&hellip;]<\/p>\n","protected":false},"author":1,"featured_media":0,"parent":0,"menu_order":4,"comment_status":"closed","ping_status":"closed","template":"","meta":{"_acf_changed":false,"rs_blank_template":"","rs_page_bg_color":"","slide_template_v7":"","footnotes":""},"class_list":["post-7488","page","type-page","status-publish","hentry"],"acf":[],"yoast_head":"<!-- This site is optimized with the Yoast SEO Premium plugin v27.3 (Yoast SEO v27.3) - https:\/\/yoast.com\/product\/yoast-seo-premium-wordpress\/ -->\n<title>Contact us &#8211; EnviroFALK<\/title>\n<meta name=\"robots\" content=\"index, follow, max-snippet:-1, max-image-preview:large, max-video-preview:-1\" \/>\n<link rel=\"canonical\" href=\"https:\/\/www.envirofalk.com\/en\/contact-us\/\" \/>\n<meta property=\"og:locale\" content=\"en_US\" \/>\n<meta property=\"og:type\" content=\"article\" \/>\n<meta property=\"og:title\" content=\"Contact us\" \/>\n<meta property=\"og:description\" content=\"[vc_section][vc_row full_width=&#8221;stretch_row_content_no_spaces&#8221;][vc_column][vc_empty_space][\/vc_column][\/vc_row][\/vc_section][vc_section css=&#8221;.vc_custom_1695816884405{margin-top: -130px !important;background-image: url(https:\/\/www.envirofalk.com\/wp-content\/uploads\/2023\/02\/banner-events_slow.gif?id=135) !important;background-position: center !important;background-repeat: no-repeat !important;background-size: cover !important;}&#8221;][vc_row el_class=&#8221;tablet-row&#8221;][vc_column width=&#8221;3\/5&#8243; css=&#8221;.vc_custom_1695816632099{background-position: center !important;background-repeat: no-repeat !important;background-size: cover !important;}&#8221; el_class=&#8221;has-bg&#8221;][vc_custom_heading source=&#8221;post_title&#8221; font_container=&#8221;tag:h1|text_align:left&#8221; use_theme_fonts=&#8221;yes&#8221;][vc_column_text]You are interested in water treatment plants our regeneration service for ion exchangers or our comprehensive range of services ? Then we should definitely get to know each other! Give [&hellip;]\" \/>\n<meta property=\"og:url\" content=\"https:\/\/www.envirofalk.com\/en\/contact-us\/\" \/>\n<meta property=\"og:site_name\" content=\"EnviroFALK\" \/>\n<meta property=\"article:publisher\" content=\"https:\/\/www.facebook.com\/envirofalk\" \/>\n<meta property=\"article:modified_time\" content=\"2024-02-08T08:46:00+00:00\" \/>\n<meta name=\"twitter:card\" content=\"summary_large_image\" \/>\n<meta name=\"twitter:label1\" content=\"Est. reading time\" \/>\n\t<meta name=\"twitter:data1\" content=\"2 minutes\" \/>\n<script type=\"application\/ld+json\" class=\"yoast-schema-graph\">{\"@context\":\"https:\\\/\\\/schema.org\",\"@graph\":[{\"@type\":\"WebPage\",\"@id\":\"https:\\\/\\\/www.envirofalk.com\\\/en\\\/contact-us\\\/\",\"url\":\"https:\\\/\\\/www.envirofalk.com\\\/en\\\/contact-us\\\/\",\"name\":\"Contact us &#8211; EnviroFALK\",\"isPartOf\":{\"@id\":\"https:\\\/\\\/www.envirofalk.com\\\/#website\"},\"datePublished\":\"2024-01-24T09:38:19+00:00\",\"dateModified\":\"2024-02-08T08:46:00+00:00\",\"breadcrumb\":{\"@id\":\"https:\\\/\\\/www.envirofalk.com\\\/en\\\/contact-us\\\/#breadcrumb\"},\"inLanguage\":\"en-US\",\"potentialAction\":[{\"@type\":\"ReadAction\",\"target\":[\"https:\\\/\\\/www.envirofalk.com\\\/en\\\/contact-us\\\/\"]}]},{\"@type\":\"BreadcrumbList\",\"@id\":\"https:\\\/\\\/www.envirofalk.com\\\/en\\\/contact-us\\\/#breadcrumb\",\"itemListElement\":[{\"@type\":\"ListItem\",\"position\":1,\"name\":\"Home\",\"item\":\"https:\\\/\\\/www.envirofalk.com\\\/en\\\/\"},{\"@type\":\"ListItem\",\"position\":2,\"name\":\"Contact us\"}]},{\"@type\":\"WebSite\",\"@id\":\"https:\\\/\\\/www.envirofalk.com\\\/#website\",\"url\":\"https:\\\/\\\/www.envirofalk.com\\\/\",\"name\":\"EnviroFALK\",\"description\":\"Water treatment systems for industry, trade &amp; laboratory\",\"publisher\":{\"@id\":\"https:\\\/\\\/www.envirofalk.com\\\/#organization\"},\"potentialAction\":[{\"@type\":\"SearchAction\",\"target\":{\"@type\":\"EntryPoint\",\"urlTemplate\":\"https:\\\/\\\/www.envirofalk.com\\\/?s={search_term_string}\"},\"query-input\":{\"@type\":\"PropertyValueSpecification\",\"valueRequired\":true,\"valueName\":\"search_term_string\"}}],\"inLanguage\":\"en-US\"},{\"@type\":\"Organization\",\"@id\":\"https:\\\/\\\/www.envirofalk.com\\\/#organization\",\"name\":\"EnviroFALK\",\"url\":\"https:\\\/\\\/www.envirofalk.com\\\/\",\"logo\":{\"@type\":\"ImageObject\",\"inLanguage\":\"en-US\",\"@id\":\"https:\\\/\\\/www.envirofalk.com\\\/#\\\/schema\\\/logo\\\/image\\\/\",\"url\":\"https:\\\/\\\/www.envirofalk.com\\\/wp-content\\\/uploads\\\/2023\\\/01\\\/logo.svg\",\"contentUrl\":\"https:\\\/\\\/www.envirofalk.com\\\/wp-content\\\/uploads\\\/2023\\\/01\\\/logo.svg\",\"caption\":\"EnviroFALK\"},\"image\":{\"@id\":\"https:\\\/\\\/www.envirofalk.com\\\/#\\\/schema\\\/logo\\\/image\\\/\"},\"sameAs\":[\"https:\\\/\\\/www.facebook.com\\\/envirofalk\",\"https:\\\/\\\/www.linkedin.com\\\/company\\\/envirofalk-gmbh\",\"https:\\\/\\\/www.youtube.com\\\/channel\\\/UCM1L-2K6cfBbP3aYgJGbVdA\"],\"description\":\"EnviroFALK Prozesswassertechnik ist Ihr Spezialist f\u00fcr ma\u00dfgeschneiderte Wasseraufbereitungsl\u00f6sungen in der Industrie. Wir bieten innovative Technologien f\u00fcr die Erzeugung und Aufbereitung von Prozesswasser, um h\u00f6chste Effizienz und Qualit\u00e4t in Ihren Produktionsprozessen zu gew\u00e4hrleisten. Mit jahrzehntelanger Erfahrung entwickeln wir nachhaltige und ressourcenschonende L\u00f6sungen, die exakt auf die Anforderungen unserer Kunden abgestimmt sind. Unsere Leistungen umfassen die Filtration, Enth\u00e4rtung, Entsalzung und R\u00fcckgewinnung von Wasser f\u00fcr verschiedenste Anwendungen \u2013 von der Metallverarbeitung bis zur Lebensmittelindustrie. Unsere Experten begleiten Sie von der Planung \u00fcber die Implementierung bis hin zum Service, um eine zuverl\u00e4ssige und wirtschaftliche Wasseraufbereitung sicherzustellen.\",\"email\":\"info@envirofalk.com\",\"telephone\":\"+49 2663 9908-0\",\"legalName\":\"EnviroFALK GmbH\",\"foundingDate\":\"1989-05-01\"}]}<\/script>\n<!-- \/ Yoast SEO Premium plugin. -->","yoast_head_json":{"title":"Contact us &#8211; EnviroFALK","robots":{"index":"index","follow":"follow","max-snippet":"max-snippet:-1","max-image-preview":"max-image-preview:large","max-video-preview":"max-video-preview:-1"},"canonical":"https:\/\/www.envirofalk.com\/en\/contact-us\/","og_locale":"en_US","og_type":"article","og_title":"Contact us","og_description":"[vc_section][vc_row full_width=&#8221;stretch_row_content_no_spaces&#8221;][vc_column][vc_empty_space][\/vc_column][\/vc_row][\/vc_section][vc_section css=&#8221;.vc_custom_1695816884405{margin-top: -130px !important;background-image: url(https:\/\/www.envirofalk.com\/wp-content\/uploads\/2023\/02\/banner-events_slow.gif?id=135) !important;background-position: center !important;background-repeat: no-repeat !important;background-size: cover !important;}&#8221;][vc_row el_class=&#8221;tablet-row&#8221;][vc_column width=&#8221;3\/5&#8243; css=&#8221;.vc_custom_1695816632099{background-position: center !important;background-repeat: no-repeat !important;background-size: cover !important;}&#8221; el_class=&#8221;has-bg&#8221;][vc_custom_heading source=&#8221;post_title&#8221; font_container=&#8221;tag:h1|text_align:left&#8221; use_theme_fonts=&#8221;yes&#8221;][vc_column_text]You are interested in water treatment plants our regeneration service for ion exchangers or our comprehensive range of services ? Then we should definitely get to know each other! Give [&hellip;]","og_url":"https:\/\/www.envirofalk.com\/en\/contact-us\/","og_site_name":"EnviroFALK","article_publisher":"https:\/\/www.facebook.com\/envirofalk","article_modified_time":"2024-02-08T08:46:00+00:00","twitter_card":"summary_large_image","twitter_misc":{"Est. reading time":"2 minutes"},"schema":{"@context":"https:\/\/schema.org","@graph":[{"@type":"WebPage","@id":"https:\/\/www.envirofalk.com\/en\/contact-us\/","url":"https:\/\/www.envirofalk.com\/en\/contact-us\/","name":"Contact us &#8211; EnviroFALK","isPartOf":{"@id":"https:\/\/www.envirofalk.com\/#website"},"datePublished":"2024-01-24T09:38:19+00:00","dateModified":"2024-02-08T08:46:00+00:00","breadcrumb":{"@id":"https:\/\/www.envirofalk.com\/en\/contact-us\/#breadcrumb"},"inLanguage":"en-US","potentialAction":[{"@type":"ReadAction","target":["https:\/\/www.envirofalk.com\/en\/contact-us\/"]}]},{"@type":"BreadcrumbList","@id":"https:\/\/www.envirofalk.com\/en\/contact-us\/#breadcrumb","itemListElement":[{"@type":"ListItem","position":1,"name":"Home","item":"https:\/\/www.envirofalk.com\/en\/"},{"@type":"ListItem","position":2,"name":"Contact us"}]},{"@type":"WebSite","@id":"https:\/\/www.envirofalk.com\/#website","url":"https:\/\/www.envirofalk.com\/","name":"EnviroFALK","description":"Water treatment systems for industry, trade &amp; laboratory","publisher":{"@id":"https:\/\/www.envirofalk.com\/#organization"},"potentialAction":[{"@type":"SearchAction","target":{"@type":"EntryPoint","urlTemplate":"https:\/\/www.envirofalk.com\/?s={search_term_string}"},"query-input":{"@type":"PropertyValueSpecification","valueRequired":true,"valueName":"search_term_string"}}],"inLanguage":"en-US"},{"@type":"Organization","@id":"https:\/\/www.envirofalk.com\/#organization","name":"EnviroFALK","url":"https:\/\/www.envirofalk.com\/","logo":{"@type":"ImageObject","inLanguage":"en-US","@id":"https:\/\/www.envirofalk.com\/#\/schema\/logo\/image\/","url":"https:\/\/www.envirofalk.com\/wp-content\/uploads\/2023\/01\/logo.svg","contentUrl":"https:\/\/www.envirofalk.com\/wp-content\/uploads\/2023\/01\/logo.svg","caption":"EnviroFALK"},"image":{"@id":"https:\/\/www.envirofalk.com\/#\/schema\/logo\/image\/"},"sameAs":["https:\/\/www.facebook.com\/envirofalk","https:\/\/www.linkedin.com\/company\/envirofalk-gmbh","https:\/\/www.youtube.com\/channel\/UCM1L-2K6cfBbP3aYgJGbVdA"],"description":"EnviroFALK Prozesswassertechnik ist Ihr Spezialist f\u00fcr ma\u00dfgeschneiderte Wasseraufbereitungsl\u00f6sungen in der Industrie. Wir bieten innovative Technologien f\u00fcr die Erzeugung und Aufbereitung von Prozesswasser, um h\u00f6chste Effizienz und Qualit\u00e4t in Ihren Produktionsprozessen zu gew\u00e4hrleisten. Mit jahrzehntelanger Erfahrung entwickeln wir nachhaltige und ressourcenschonende L\u00f6sungen, die exakt auf die Anforderungen unserer Kunden abgestimmt sind. Unsere Leistungen umfassen die Filtration, Enth\u00e4rtung, Entsalzung und R\u00fcckgewinnung von Wasser f\u00fcr verschiedenste Anwendungen \u2013 von der Metallverarbeitung bis zur Lebensmittelindustrie. Unsere Experten begleiten Sie von der Planung \u00fcber die Implementierung bis hin zum Service, um eine zuverl\u00e4ssige und wirtschaftliche Wasseraufbereitung sicherzustellen.","email":"info@envirofalk.com","telephone":"+49 2663 9908-0","legalName":"EnviroFALK GmbH","foundingDate":"1989-05-01"}]}},"_links":{"self":[{"href":"https:\/\/www.envirofalk.com\/en\/wp-json\/wp\/v2\/pages\/7488","targetHints":{"allow":["GET"]}}],"collection":[{"href":"https:\/\/www.envirofalk.com\/en\/wp-json\/wp\/v2\/pages"}],"about":[{"href":"https:\/\/www.envirofalk.com\/en\/wp-json\/wp\/v2\/types\/page"}],"author":[{"embeddable":true,"href":"https:\/\/www.envirofalk.com\/en\/wp-json\/wp\/v2\/users\/1"}],"replies":[{"embeddable":true,"href":"https:\/\/www.envirofalk.com\/en\/wp-json\/wp\/v2\/comments?post=7488"}],"version-history":[{"count":6,"href":"https:\/\/www.envirofalk.com\/en\/wp-json\/wp\/v2\/pages\/7488\/revisions"}],"predecessor-version":[{"id":11701,"href":"https:\/\/www.envirofalk.com\/en\/wp-json\/wp\/v2\/pages\/7488\/revisions\/11701"}],"wp:attachment":[{"href":"https:\/\/www.envirofalk.com\/en\/wp-json\/wp\/v2\/media?parent=7488"}],"curies":[{"name":"wp","href":"https:\/\/api.w.org\/{rel}","templated":true}]}}