{"id":7474,"date":"2024-01-24T10:38:16","date_gmt":"2024-01-24T09:38:16","guid":{"rendered":"https:\/\/www.envirofalk.com\/customers-solutions\/"},"modified":"2024-02-27T09:20:29","modified_gmt":"2024-02-27T08:20:29","slug":"customers-solutions","status":"publish","type":"page","link":"https:\/\/www.envirofalk.com\/en\/customers-solutions\/","title":{"rendered":"Customers &amp; Solutions"},"content":{"rendered":"<div class=\"wpb-content-wrapper\"><p>[vc_section][vc_row full_width=&#8221;stretch_row_content_no_spaces&#8221;][vc_column]<div class=\"custom-top-banner img-box   has-icon\" style=\"background-image: url(https:\/\/www.envirofalk.com\/wp-content\/uploads\/2023\/08\/Wasseraufbereitungsanlage_Reinigung_Oberflaechentechnik.jpg)\"><div class=\"container relative\"><div class=\"text-box\"><div class=\"slideInRight animated\"><img loading=\"lazy\" decoding=\"async\" width=\"1\" height=\"1\" src=\"https:\/\/www.envirofalk.com\/wp-content\/uploads\/2023\/08\/Wasseraufbereitung_Touchscreen_Icon.svg\" class=\"attachment-120x120 size-120x120\" alt=\"\" \/><p>Selected reference projects<\/p><\/div><\/div><\/div><\/div>[\/vc_column][\/vc_row][vc_row el_class=&#8221;breadcrumbs-wrapper&#8221;][vc_column]<div class=\"breadcrumbs\"><label><\/label> <a href=\"https:\/\/www.envirofalk.com\/en\/\">Home<\/a><\/div>[\/vc_column][\/vc_row][\/vc_section][vc_section][vc_row css_animation=&#8221;slideInUp&#8221; el_class=&#8221;tablet-row&#8221;][vc_column width=&#8221;3\/4&#8243;][vc_custom_heading text=&#8221;<small>Services that convince. Quality that creates trust.<\/small><br \/>\nCustomers &amp; Solutions&#8221; font_container=&#8221;tag:h1|text_align:left&#8221; use_theme_fonts=&#8221;yes&#8221;][vc_column_text]Many of our customers are leading companies and institutions. Industries, hospitals and laboratories have been relying on water treatment technology from EnviroFALK for years. As a solution provider for treated water, the satisfaction of our customers is our top priority. To achieve this, we use all our know-how, our many years of experience and our full enthusiasm. Regardless of the area of application, we create sustainable solutions for our customers. That&#8217;s what drives us. True to our credo of <strong>using water intelligently!<\/strong>[\/vc_column_text][\/vc_column][\/vc_row][vc_row][vc_column css_animation=&#8221;fadeInUpBig&#8221;]<div class=\"posts-wrapper wpb_content_element\"><div id=\"all-references\" class=\"flexbox \" data-posts=\"12\" data-cat-id=\"120\"><div id=\"post-17811\" class=\"referenz post-17811 type-referenz status-publish has-post-thumbnail hentry referenz_kategorie-glass-and-solar-industry referenz_kategorie-industry-trade\"><a href=\"https:\/\/www.envirofalk.com\/en\/referenzen\/tardis-grinding-water-treatment-glass-industry\/\"><figure class=\"img-box \" style=\"background-image: url(https:\/\/www.envirofalk.com\/wp-content\/uploads\/2024\/09\/Doppelparallel-Schleifmaschine-1.jpg)\"><\/figure><\/a><div class=\"text-box\"><h3 class=\"entry-title\"><a href=\"https:\/\/www.envirofalk.com\/en\/referenzen\/tardis-grinding-water-treatment-glass-industry\/\">Glass processor TARDIS scores with optimum grinding water quality and reduced operating costs<\/a><\/h3><p>The specially developed grinding water treatment system combines many years of expertise in system design with in-depth knowledge of selected dosing agents and patented EnviModex filter bags for sludge dewatering. <a href=\"https:\/\/www.envirofalk.com\/en\/referenzen\/tardis-grinding-water-treatment-glass-industry\/\">mehr lesen<\/a><\/p><\/div><\/div><div id=\"post-17636\" class=\"referenz post-17636 type-referenz status-publish has-post-thumbnail hentry referenz_kategorie-industry-trade referenz_kategorie-parts-cleaning referenz_kategorie-electroplating\"><a href=\"https:\/\/www.envirofalk.com\/en\/referenzen\/cador-galvanisation\/\"><figure class=\"img-box \" style=\"background-image: url(https:\/\/www.envirofalk.com\/wp-content\/uploads\/2024\/07\/Cador_Ziffernblattherstellung_Closeup.jpg)\"><\/figure><\/a><div class=\"text-box\"><h3 class=\"entry-title\"><a href=\"https:\/\/www.envirofalk.com\/en\/referenzen\/cador-galvanisation\/\">CADOR - Deionised water for electroplating baths for surface treatment<\/a><\/h3><p>The faces of watches are created in the heart of Europe. High-quality dials and precision mechanical movement components for renowned national and international watch manufacturers. <a href=\"https:\/\/www.envirofalk.com\/en\/referenzen\/cador-galvanisation\/\">mehr lesen<\/a><\/p><\/div><\/div><div id=\"post-9639\" class=\"referenz post-9639 type-referenz status-publish has-post-thumbnail hentry referenz_kategorie-industry-trade referenz_kategorie-glass-and-solar-industry\"><a href=\"https:\/\/www.envirofalk.com\/en\/referenzen\/saint-gobain-glass-balustrade-on-the-skywalk-in-the-grand-canyon-made-of-laminated-safety-glass\/\"><figure class=\"img-box \" style=\"background-image: url(https:\/\/www.envirofalk.com\/wp-content\/uploads\/2023\/08\/Referenz_Glasindustrie_Skywalk.jpg)\"><\/figure><\/a><div class=\"text-box\"><h3 class=\"entry-title\"><a href=\"https:\/\/www.envirofalk.com\/en\/referenzen\/saint-gobain-glass-balustrade-on-the-skywalk-in-the-grand-canyon-made-of-laminated-safety-glass\/\">SAINT-GOBAIN: Glass balustrade on the Skywalk in the Grand Canyon made of laminated safety glass<\/a><\/h3><p>\r\n\r\n\r\nSAINT-GOBAIN produces laminated safety glass for the glass balustrade on the Skywalk in the Grand Canyon. The complex glass... <a href=\"https:\/\/www.envirofalk.com\/en\/referenzen\/saint-gobain-glass-balustrade-on-the-skywalk-in-the-grand-canyon-made-of-laminated-safety-glass\/\">mehr lesen<\/a><\/p><\/div><\/div><div id=\"post-9643\" class=\"referenz post-9643 type-referenz status-publish has-post-thumbnail hentry referenz_kategorie-industry-trade referenz_kategorie-energy-generation\"><a href=\"https:\/\/www.envirofalk.com\/en\/referenzen\/stadtwerke-lemgo-boiler-feed-water-for-the-energy-supply\/\"><figure class=\"img-box \" style=\"background-image: url(https:\/\/www.envirofalk.com\/wp-content\/uploads\/2023\/08\/Referenz_Energieerzeugung_Gasturbine.jpg)\"><\/figure><\/a><div class=\"text-box\"><h3 class=\"entry-title\"><a href=\"https:\/\/www.envirofalk.com\/en\/referenzen\/stadtwerke-lemgo-boiler-feed-water-for-the-energy-supply\/\">Stadtwerke Lemgo: Boiler feed water for the energy supply<\/a><\/h3><p>\r\n\r\n\r\nStadtwerke Lemgo utilizes the benefits of treated water to feed its district heating network and for flame cooling the... <a href=\"https:\/\/www.envirofalk.com\/en\/referenzen\/stadtwerke-lemgo-boiler-feed-water-for-the-energy-supply\/\">mehr lesen<\/a><\/p><\/div><\/div><div id=\"post-9646\" class=\"referenz post-9646 type-referenz status-publish has-post-thumbnail hentry referenz_kategorie-industry-trade referenz_kategorie-energy-generation\"><a href=\"https:\/\/www.envirofalk.com\/en\/referenzen\/klingele-papierwerk-new-water-treatment-for-the-energy-center\/\"><figure class=\"img-box \" style=\"background-image: url(https:\/\/www.envirofalk.com\/wp-content\/uploads\/2023\/09\/Kraftwerk_Klingele_Papierfabrik_1920x640.jpg)\"><\/figure><\/a><div class=\"text-box\"><h3 class=\"entry-title\"><a href=\"https:\/\/www.envirofalk.com\/en\/referenzen\/klingele-papierwerk-new-water-treatment-for-the-energy-center\/\">Klingele Papierwerk: New water treatment for the energy center<\/a><\/h3><p>\r\n\r\n\r\nManufacturer of corrugated board paper and packaging solutions opts for EnviroFALK boiler feed water treatment\r\n\r\n\r\n\r\n\r\n\r\nThe paper mill, which has... <a href=\"https:\/\/www.envirofalk.com\/en\/referenzen\/klingele-papierwerk-new-water-treatment-for-the-energy-center\/\">mehr lesen<\/a><\/p><\/div><\/div><div id=\"post-9579\" class=\"referenz post-9579 type-referenz status-publish has-post-thumbnail hentry referenz_kategorie-energy-generation referenz_kategorie-industry-trade\"><a href=\"https:\/\/www.envirofalk.com\/en\/referenzen\/mewa-textil-service-optimal-wash-water\/\"><figure class=\"img-box \" style=\"background-image: url(https:\/\/www.envirofalk.com\/wp-content\/uploads\/2023\/08\/Referenz_Energieerzeugung_Industriewaschmaschinen.jpg)\"><\/figure><\/a><div class=\"text-box\"><h3 class=\"entry-title\"><a href=\"https:\/\/www.envirofalk.com\/en\/referenzen\/mewa-textil-service-optimal-wash-water\/\">MEWA Textil-Service: Optimal wash water<\/a><\/h3><p>\r\n\r\n\r\nMEWA Textil-Service opts for EnviroFALK counter-current water softening and scores with excellent wash water and reduced regeneration costs.\r\n\r\nMEWA Textil-Service... <a href=\"https:\/\/www.envirofalk.com\/en\/referenzen\/mewa-textil-service-optimal-wash-water\/\">mehr lesen<\/a><\/p><\/div><\/div><div id=\"post-9581\" class=\"referenz post-9581 type-referenz status-publish has-post-thumbnail hentry referenz_kategorie-industry-trade referenz_kategorie-metal-industry\"><a href=\"https:\/\/www.envirofalk.com\/en\/referenzen\/kistler-treated-water-for-the-production-of-high-quality-measuring-platforms\/\"><figure class=\"img-box \" style=\"background-image: url(https:\/\/www.envirofalk.com\/wp-content\/uploads\/2023\/08\/Referenz_Metallindustrie_Walze.jpg)\"><\/figure><\/a><div class=\"text-box\"><h3 class=\"entry-title\"><a href=\"https:\/\/www.envirofalk.com\/en\/referenzen\/kistler-treated-water-for-the-production-of-high-quality-measuring-platforms\/\">Kistler: Treated water for the production of high-quality measuring platforms<\/a><\/h3><p>\r\n\r\n\r\nKistler produces high-quality measurement platforms for biomechanics. EnviroFALK process water technology is used to clean the complex components.\r\n\r\n\r\n\r\n\r\n\r\nKistler Instrumente... <a href=\"https:\/\/www.envirofalk.com\/en\/referenzen\/kistler-treated-water-for-the-production-of-high-quality-measuring-platforms\/\">mehr lesen<\/a><\/p><\/div><\/div><div id=\"post-9582\" class=\"referenz post-9582 type-referenz status-publish has-post-thumbnail hentry referenz_kategorie-industry-trade referenz_kategorie-energy-generation\"><a href=\"https:\/\/www.envirofalk.com\/en\/referenzen\/buss-ready-meals-water-treatment-for-steam-generation\/\"><figure class=\"img-box \" style=\"background-image: url(https:\/\/www.envirofalk.com\/wp-content\/uploads\/2023\/05\/referenz-1.jpg)\"><\/figure><\/a><div class=\"text-box\"><h3 class=\"entry-title\"><a href=\"https:\/\/www.envirofalk.com\/en\/referenzen\/buss-ready-meals-water-treatment-for-steam-generation\/\">Buss ready meals: Water treatment for steam generation<\/a><\/h3><p>\r\n\r\n\r\nEnviroFALK boiler feed water treatment uses high-quality steam to ensure maximum supply reliability at Buss Fertiggerichte, a leading manufacturer... <a href=\"https:\/\/www.envirofalk.com\/en\/referenzen\/buss-ready-meals-water-treatment-for-steam-generation\/\">mehr lesen<\/a><\/p><\/div><\/div><div id=\"post-9537\" class=\"referenz post-9537 type-referenz status-publish has-post-thumbnail hentry referenz_kategorie-industry-trade referenz_kategorie-commercial-kitchen\"><a href=\"https:\/\/www.envirofalk.com\/en\/referenzen\/convotherm-combi-steamers-score-points-with-sustainable-water-treatment\/\"><figure class=\"img-box \" style=\"background-image: url(https:\/\/www.envirofalk.com\/wp-content\/uploads\/2023\/08\/Referenz_Gewerbliche_Kueche_Essensausgabe.jpg)\"><\/figure><\/a><div class=\"text-box\"><h3 class=\"entry-title\"><a href=\"https:\/\/www.envirofalk.com\/en\/referenzen\/convotherm-combi-steamers-score-points-with-sustainable-water-treatment\/\">Convotherm: Combi steamers score points with sustainable water treatment<\/a><\/h3><p>\r\n\r\n\r\nConvotherm feeds combi-steamers with treated water from EnviroFALK.\r\n\r\n\r\n\r\n\r\n\r\nConvotherm, a company from Bavaria, develops and produces combi-steamers for restaurants, catering... <a href=\"https:\/\/www.envirofalk.com\/en\/referenzen\/convotherm-combi-steamers-score-points-with-sustainable-water-treatment\/\">mehr lesen<\/a><\/p><\/div><\/div><div id=\"post-9552\" class=\"referenz post-9552 type-referenz status-publish has-post-thumbnail hentry referenz_kategorie-industry-trade referenz_kategorie-glass-and-solar-industry\"><a href=\"https:\/\/www.envirofalk.com\/en\/referenzen\/thiele-glas-grinding-water-treatment-complexity-requires-solutions\/\"><figure class=\"img-box \" style=\"background-image: url(https:\/\/www.envirofalk.com\/wp-content\/uploads\/2023\/08\/Referenz_Glasindustrie_Glasbearbeitung.jpg)\"><\/figure><\/a><div class=\"text-box\"><h3 class=\"entry-title\"><a href=\"https:\/\/www.envirofalk.com\/en\/referenzen\/thiele-glas-grinding-water-treatment-complexity-requires-solutions\/\">Thiele Glas: Grinding water treatment - complexity requires solutions<\/a><\/h3><p>\r\n\r\n\r\nThiele Glas reduces operating costs with newly developed EnviroFALK grinding water treatment system.\r\n\r\n\r\n\r\n\r\n\r\nThe process water experts at EnviroFALK have... <a href=\"https:\/\/www.envirofalk.com\/en\/referenzen\/thiele-glas-grinding-water-treatment-complexity-requires-solutions\/\">mehr lesen<\/a><\/p><\/div><\/div><div id=\"post-9515\" class=\"referenz post-9515 type-referenz status-publish has-post-thumbnail hentry referenz_kategorie-industry-trade referenz_kategorie-tool-and-mold-making\"><a href=\"https:\/\/www.envirofalk.com\/en\/referenzen\/brinke-breuer-water-treatment-for-wire-edm-machines\/\"><figure class=\"img-box \" style=\"background-image: url(https:\/\/www.envirofalk.com\/wp-content\/uploads\/2023\/08\/Referenz_Werkzeugbau_Branchenmotiv.jpg)\"><\/figure><\/a><div class=\"text-box\"><h3 class=\"entry-title\"><a href=\"https:\/\/www.envirofalk.com\/en\/referenzen\/brinke-breuer-water-treatment-for-wire-edm-machines\/\">Brinke &amp; Breuer: Water treatment for wire EDM machines<\/a><\/h3><p>\r\n\r\n\r\nBrinke &amp; Breuer relies on AQUAformtech for the production of deionized water and scores with precise results in wire... <a href=\"https:\/\/www.envirofalk.com\/en\/referenzen\/brinke-breuer-water-treatment-for-wire-edm-machines\/\">mehr lesen<\/a><\/p><\/div><\/div><div id=\"post-9518\" class=\"referenz post-9518 type-referenz status-publish has-post-thumbnail hentry referenz_kategorie-industry-trade referenz_kategorie-optical-industry\"><a href=\"https:\/\/www.envirofalk.com\/en\/referenzen\/eyeglass-lens-manufacturer-requires-high-water-quality-for-fine-rinsing\/\"><figure class=\"img-box \" style=\"background-image: url(https:\/\/www.envirofalk.com\/wp-content\/uploads\/2023\/08\/Referenz_Optischeindustrie_Linse.jpg)\"><\/figure><\/a><div class=\"text-box\"><h3 class=\"entry-title\"><a href=\"https:\/\/www.envirofalk.com\/en\/referenzen\/eyeglass-lens-manufacturer-requires-high-water-quality-for-fine-rinsing\/\">Eyeglass lens manufacturer requires high water quality for fine rinsing<\/a><\/h3><p>\r\n\r\n\r\nLeading German manufacturer of spectacle lenses uses EnviroFALK rinsing water reverse osmosis systems and pure water circulation systems for... <a href=\"https:\/\/www.envirofalk.com\/en\/referenzen\/eyeglass-lens-manufacturer-requires-high-water-quality-for-fine-rinsing\/\">mehr lesen<\/a><\/p><\/div><\/div><\/div><div class=\"not-found\"><h3>Keine Eintr\u00e4ge gefunden<\/h3><\/div><div class=\"text-center\"><a href=\"#\" id=\"cpt-load-more\" class=\"load-more\">load more<\/a><\/div><\/div>[\/vc_column][\/vc_row][\/vc_section]<\/p>\n<\/div>","protected":false},"excerpt":{"rendered":"<p>[vc_section][vc_row full_width=&#8221;stretch_row_content_no_spaces&#8221;][vc_column][\/vc_column][\/vc_row][vc_row el_class=&#8221;breadcrumbs-wrapper&#8221;][vc_column][\/vc_column][\/vc_row][\/vc_section][vc_section][vc_row css_animation=&#8221;slideInUp&#8221; el_class=&#8221;tablet-row&#8221;][vc_column width=&#8221;3\/4&#8243;][vc_custom_heading text=&#8221;Services that convince. Quality that creates trust. Customers &amp; Solutions&#8221; font_container=&#8221;tag:h1|text_align:left&#8221; use_theme_fonts=&#8221;yes&#8221;][vc_column_text]Many of our customers are leading companies and institutions. Industries, hospitals and laboratories have been relying on water treatment technology from EnviroFALK for years. As a solution provider for treated water, the satisfaction of our customers is our [&hellip;]<\/p>\n","protected":false},"author":1,"featured_media":0,"parent":0,"menu_order":6,"comment_status":"closed","ping_status":"closed","template":"","meta":{"_acf_changed":false,"rs_blank_template":"","rs_page_bg_color":"","slide_template_v7":"","footnotes":""},"class_list":["post-7474","page","type-page","status-publish","hentry"],"acf":[],"yoast_head":"<!-- This site is optimized with the Yoast SEO Premium plugin v27.5 (Yoast SEO v27.5) - https:\/\/yoast.com\/product\/yoast-seo-premium-wordpress\/ -->\n<title>Customers &amp; Solutions &#8211; EnviroFALK<\/title>\n<meta name=\"robots\" content=\"index, follow, max-snippet:-1, max-image-preview:large, max-video-preview:-1\" \/>\n<link rel=\"canonical\" href=\"https:\/\/www.envirofalk.com\/en\/customers-solutions\/\" \/>\n<meta property=\"og:locale\" content=\"en_US\" \/>\n<meta property=\"og:type\" content=\"article\" \/>\n<meta property=\"og:title\" content=\"Customers &amp; Solutions\" \/>\n<meta property=\"og:description\" content=\"[vc_section][vc_row full_width=&#8221;stretch_row_content_no_spaces&#8221;][vc_column][\/vc_column][\/vc_row][vc_row el_class=&#8221;breadcrumbs-wrapper&#8221;][vc_column][\/vc_column][\/vc_row][\/vc_section][vc_section][vc_row css_animation=&#8221;slideInUp&#8221; el_class=&#8221;tablet-row&#8221;][vc_column width=&#8221;3\/4&#8243;][vc_custom_heading text=&#8221;Services that convince. Quality that creates trust. Customers &amp; Solutions&#8221; font_container=&#8221;tag:h1|text_align:left&#8221; use_theme_fonts=&#8221;yes&#8221;][vc_column_text]Many of our customers are leading companies and institutions. Industries, hospitals and laboratories have been relying on water treatment technology from EnviroFALK for years. As a solution provider for treated water, the satisfaction of our customers is our [&hellip;]\" \/>\n<meta property=\"og:url\" content=\"https:\/\/www.envirofalk.com\/en\/customers-solutions\/\" \/>\n<meta property=\"og:site_name\" content=\"EnviroFALK\" \/>\n<meta property=\"article:publisher\" content=\"https:\/\/www.facebook.com\/envirofalk\" \/>\n<meta property=\"article:modified_time\" content=\"2024-02-27T08:20:29+00:00\" \/>\n<meta name=\"twitter:card\" content=\"summary_large_image\" \/>\n<meta name=\"twitter:label1\" content=\"Est. reading time\" \/>\n\t<meta name=\"twitter:data1\" content=\"1 minute\" \/>\n<script type=\"application\/ld+json\" class=\"yoast-schema-graph\">{\"@context\":\"https:\\\/\\\/schema.org\",\"@graph\":[{\"@type\":\"WebPage\",\"@id\":\"https:\\\/\\\/www.envirofalk.com\\\/en\\\/customers-solutions\\\/\",\"url\":\"https:\\\/\\\/www.envirofalk.com\\\/en\\\/customers-solutions\\\/\",\"name\":\"Customers &amp; Solutions &#8211; EnviroFALK\",\"isPartOf\":{\"@id\":\"https:\\\/\\\/www.envirofalk.com\\\/en\\\/#website\"},\"datePublished\":\"2024-01-24T09:38:16+00:00\",\"dateModified\":\"2024-02-27T08:20:29+00:00\",\"breadcrumb\":{\"@id\":\"https:\\\/\\\/www.envirofalk.com\\\/en\\\/customers-solutions\\\/#breadcrumb\"},\"inLanguage\":\"en-US\",\"potentialAction\":[{\"@type\":\"ReadAction\",\"target\":[\"https:\\\/\\\/www.envirofalk.com\\\/en\\\/customers-solutions\\\/\"]}]},{\"@type\":\"BreadcrumbList\",\"@id\":\"https:\\\/\\\/www.envirofalk.com\\\/en\\\/customers-solutions\\\/#breadcrumb\",\"itemListElement\":[{\"@type\":\"ListItem\",\"position\":1,\"name\":\"Home\",\"item\":\"https:\\\/\\\/www.envirofalk.com\\\/en\\\/\"},{\"@type\":\"ListItem\",\"position\":2,\"name\":\"Customers &amp; Solutions\"}]},{\"@type\":\"WebSite\",\"@id\":\"https:\\\/\\\/www.envirofalk.com\\\/en\\\/#website\",\"url\":\"https:\\\/\\\/www.envirofalk.com\\\/en\\\/\",\"name\":\"EnviroFALK\",\"description\":\"Water treatment systems for industry, trade &amp; laboratory\",\"publisher\":{\"@id\":\"https:\\\/\\\/www.envirofalk.com\\\/en\\\/#organization\"},\"potentialAction\":[{\"@type\":\"SearchAction\",\"target\":{\"@type\":\"EntryPoint\",\"urlTemplate\":\"https:\\\/\\\/www.envirofalk.com\\\/en\\\/?s={search_term_string}\"},\"query-input\":{\"@type\":\"PropertyValueSpecification\",\"valueRequired\":true,\"valueName\":\"search_term_string\"}}],\"inLanguage\":\"en-US\"},{\"@type\":\"Organization\",\"@id\":\"https:\\\/\\\/www.envirofalk.com\\\/en\\\/#organization\",\"name\":\"EnviroFALK\",\"url\":\"https:\\\/\\\/www.envirofalk.com\\\/en\\\/\",\"logo\":{\"@type\":\"ImageObject\",\"inLanguage\":\"en-US\",\"@id\":\"https:\\\/\\\/www.envirofalk.com\\\/en\\\/#\\\/schema\\\/logo\\\/image\\\/\",\"url\":\"https:\\\/\\\/www.envirofalk.com\\\/wp-content\\\/uploads\\\/2023\\\/01\\\/logo.svg\",\"contentUrl\":\"https:\\\/\\\/www.envirofalk.com\\\/wp-content\\\/uploads\\\/2023\\\/01\\\/logo.svg\",\"caption\":\"EnviroFALK\"},\"image\":{\"@id\":\"https:\\\/\\\/www.envirofalk.com\\\/en\\\/#\\\/schema\\\/logo\\\/image\\\/\"},\"sameAs\":[\"https:\\\/\\\/www.facebook.com\\\/envirofalk\",\"https:\\\/\\\/www.linkedin.com\\\/company\\\/envirofalk-gmbh\",\"https:\\\/\\\/www.youtube.com\\\/channel\\\/UCM1L-2K6cfBbP3aYgJGbVdA\"],\"description\":\"EnviroFALK Prozesswassertechnik ist Ihr Spezialist f\u00fcr ma\u00dfgeschneiderte Wasseraufbereitungsl\u00f6sungen in der Industrie. Wir bieten innovative Technologien f\u00fcr die Erzeugung und Aufbereitung von Prozesswasser, um h\u00f6chste Effizienz und Qualit\u00e4t in Ihren Produktionsprozessen zu gew\u00e4hrleisten. Mit jahrzehntelanger Erfahrung entwickeln wir nachhaltige und ressourcenschonende L\u00f6sungen, die exakt auf die Anforderungen unserer Kunden abgestimmt sind. Unsere Leistungen umfassen die Filtration, Enth\u00e4rtung, Entsalzung und R\u00fcckgewinnung von Wasser f\u00fcr verschiedenste Anwendungen \u2013 von der Metallverarbeitung bis zur Lebensmittelindustrie. Unsere Experten begleiten Sie von der Planung \u00fcber die Implementierung bis hin zum Service, um eine zuverl\u00e4ssige und wirtschaftliche Wasseraufbereitung sicherzustellen.\",\"email\":\"info@envirofalk.com\",\"telephone\":\"+49 2663 9908-0\",\"legalName\":\"EnviroFALK GmbH\",\"foundingDate\":\"1989-05-01\"}]}<\/script>\n<!-- \/ Yoast SEO Premium plugin. -->","yoast_head_json":{"title":"Customers &amp; Solutions &#8211; EnviroFALK","robots":{"index":"index","follow":"follow","max-snippet":"max-snippet:-1","max-image-preview":"max-image-preview:large","max-video-preview":"max-video-preview:-1"},"canonical":"https:\/\/www.envirofalk.com\/en\/customers-solutions\/","og_locale":"en_US","og_type":"article","og_title":"Customers &amp; Solutions","og_description":"[vc_section][vc_row full_width=&#8221;stretch_row_content_no_spaces&#8221;][vc_column][\/vc_column][\/vc_row][vc_row el_class=&#8221;breadcrumbs-wrapper&#8221;][vc_column][\/vc_column][\/vc_row][\/vc_section][vc_section][vc_row css_animation=&#8221;slideInUp&#8221; el_class=&#8221;tablet-row&#8221;][vc_column width=&#8221;3\/4&#8243;][vc_custom_heading text=&#8221;Services that convince. Quality that creates trust. Customers &amp; Solutions&#8221; font_container=&#8221;tag:h1|text_align:left&#8221; use_theme_fonts=&#8221;yes&#8221;][vc_column_text]Many of our customers are leading companies and institutions. Industries, hospitals and laboratories have been relying on water treatment technology from EnviroFALK for years. As a solution provider for treated water, the satisfaction of our customers is our [&hellip;]","og_url":"https:\/\/www.envirofalk.com\/en\/customers-solutions\/","og_site_name":"EnviroFALK","article_publisher":"https:\/\/www.facebook.com\/envirofalk","article_modified_time":"2024-02-27T08:20:29+00:00","twitter_card":"summary_large_image","twitter_misc":{"Est. reading time":"1 minute"},"schema":{"@context":"https:\/\/schema.org","@graph":[{"@type":"WebPage","@id":"https:\/\/www.envirofalk.com\/en\/customers-solutions\/","url":"https:\/\/www.envirofalk.com\/en\/customers-solutions\/","name":"Customers &amp; Solutions &#8211; EnviroFALK","isPartOf":{"@id":"https:\/\/www.envirofalk.com\/en\/#website"},"datePublished":"2024-01-24T09:38:16+00:00","dateModified":"2024-02-27T08:20:29+00:00","breadcrumb":{"@id":"https:\/\/www.envirofalk.com\/en\/customers-solutions\/#breadcrumb"},"inLanguage":"en-US","potentialAction":[{"@type":"ReadAction","target":["https:\/\/www.envirofalk.com\/en\/customers-solutions\/"]}]},{"@type":"BreadcrumbList","@id":"https:\/\/www.envirofalk.com\/en\/customers-solutions\/#breadcrumb","itemListElement":[{"@type":"ListItem","position":1,"name":"Home","item":"https:\/\/www.envirofalk.com\/en\/"},{"@type":"ListItem","position":2,"name":"Customers &amp; Solutions"}]},{"@type":"WebSite","@id":"https:\/\/www.envirofalk.com\/en\/#website","url":"https:\/\/www.envirofalk.com\/en\/","name":"EnviroFALK","description":"Water treatment systems for industry, trade &amp; laboratory","publisher":{"@id":"https:\/\/www.envirofalk.com\/en\/#organization"},"potentialAction":[{"@type":"SearchAction","target":{"@type":"EntryPoint","urlTemplate":"https:\/\/www.envirofalk.com\/en\/?s={search_term_string}"},"query-input":{"@type":"PropertyValueSpecification","valueRequired":true,"valueName":"search_term_string"}}],"inLanguage":"en-US"},{"@type":"Organization","@id":"https:\/\/www.envirofalk.com\/en\/#organization","name":"EnviroFALK","url":"https:\/\/www.envirofalk.com\/en\/","logo":{"@type":"ImageObject","inLanguage":"en-US","@id":"https:\/\/www.envirofalk.com\/en\/#\/schema\/logo\/image\/","url":"https:\/\/www.envirofalk.com\/wp-content\/uploads\/2023\/01\/logo.svg","contentUrl":"https:\/\/www.envirofalk.com\/wp-content\/uploads\/2023\/01\/logo.svg","caption":"EnviroFALK"},"image":{"@id":"https:\/\/www.envirofalk.com\/en\/#\/schema\/logo\/image\/"},"sameAs":["https:\/\/www.facebook.com\/envirofalk","https:\/\/www.linkedin.com\/company\/envirofalk-gmbh","https:\/\/www.youtube.com\/channel\/UCM1L-2K6cfBbP3aYgJGbVdA"],"description":"EnviroFALK Prozesswassertechnik ist Ihr Spezialist f\u00fcr ma\u00dfgeschneiderte Wasseraufbereitungsl\u00f6sungen in der Industrie. Wir bieten innovative Technologien f\u00fcr die Erzeugung und Aufbereitung von Prozesswasser, um h\u00f6chste Effizienz und Qualit\u00e4t in Ihren Produktionsprozessen zu gew\u00e4hrleisten. Mit jahrzehntelanger Erfahrung entwickeln wir nachhaltige und ressourcenschonende L\u00f6sungen, die exakt auf die Anforderungen unserer Kunden abgestimmt sind. Unsere Leistungen umfassen die Filtration, Enth\u00e4rtung, Entsalzung und R\u00fcckgewinnung von Wasser f\u00fcr verschiedenste Anwendungen \u2013 von der Metallverarbeitung bis zur Lebensmittelindustrie. Unsere Experten begleiten Sie von der Planung \u00fcber die Implementierung bis hin zum Service, um eine zuverl\u00e4ssige und wirtschaftliche Wasseraufbereitung sicherzustellen.","email":"info@envirofalk.com","telephone":"+49 2663 9908-0","legalName":"EnviroFALK GmbH","foundingDate":"1989-05-01"}]}},"_links":{"self":[{"href":"https:\/\/www.envirofalk.com\/en\/wp-json\/wp\/v2\/pages\/7474","targetHints":{"allow":["GET"]}}],"collection":[{"href":"https:\/\/www.envirofalk.com\/en\/wp-json\/wp\/v2\/pages"}],"about":[{"href":"https:\/\/www.envirofalk.com\/en\/wp-json\/wp\/v2\/types\/page"}],"author":[{"embeddable":true,"href":"https:\/\/www.envirofalk.com\/en\/wp-json\/wp\/v2\/users\/1"}],"replies":[{"embeddable":true,"href":"https:\/\/www.envirofalk.com\/en\/wp-json\/wp\/v2\/comments?post=7474"}],"version-history":[{"count":6,"href":"https:\/\/www.envirofalk.com\/en\/wp-json\/wp\/v2\/pages\/7474\/revisions"}],"predecessor-version":[{"id":12074,"href":"https:\/\/www.envirofalk.com\/en\/wp-json\/wp\/v2\/pages\/7474\/revisions\/12074"}],"wp:attachment":[{"href":"https:\/\/www.envirofalk.com\/en\/wp-json\/wp\/v2\/media?parent=7474"}],"curies":[{"name":"wp","href":"https:\/\/api.w.org\/{rel}","templated":true}]}}