{"id":14176,"date":"2024-04-18T12:05:37","date_gmt":"2024-04-18T10:05:37","guid":{"rendered":"https:\/\/www.envirofalk.com\/?page_id=14176"},"modified":"2026-04-14T16:13:20","modified_gmt":"2026-04-14T14:13:20","slug":"unsere-standorte","status":"publish","type":"page","link":"https:\/\/www.envirofalk.com\/ch\/unternehmen\/unsere-standorte\/","title":{"rendered":"Unsere Standorte"},"content":{"rendered":"<div class=\"wpb-content-wrapper\"><p>[vc_section][vc_row full_width=&#187;stretch_row_content_no_spaces&#187;][vc_column]<div class=\"custom-top-banner img-box   has-icon\" style=\"background-image: url(https:\/\/www.envirofalk.com\/wp-content\/uploads\/2023\/08\/EnviroFALK_Mitarbeiter_Wasseraufbereitungsanlage.jpg)\"><div class=\"container relative\"><div class=\"text-box\"><div class=\"slideInRight animated\"><img loading=\"lazy\" decoding=\"async\" width=\"1\" height=\"1\" src=\"https:\/\/www.envirofalk.com\/wp-content\/uploads\/2023\/09\/Wasseraufbereitung_EnviroFALK_Logo.svg\" class=\"attachment-120x120 size-120x120\" alt=\"EnviroFALK-Logo Icon\" \/><p>Unsere <strong>Standorte<\/strong><\/p><\/div><\/div><\/div><\/div>[\/vc_column][\/vc_row][vc_row el_class=&#187;breadcrumbs-wrapper&#187;][vc_column]<div class=\"breadcrumbs\"><label><\/label> <a href=\"https:\/\/www.envirofalk.com\/ch\/\">Home<\/a><\/div>[\/vc_column][\/vc_row][\/vc_section][vc_section][vc_row css_animation=&#187;slideInUp&#187; el_class=&#187;tablet-row&#187;][vc_column width=&#187;3\/4&#8243;][vc_custom_heading text=&#187;EnviroFALK Standorte &#8211; wir sind ganz in Ihrer N\u00e4he!&#187; font_container=&#187;tag:h1|text_align:left&#187; use_theme_fonts=&#187;yes&#187;][vc_column_text]Guter Service und die N\u00e4he zum Kunden gehen bei EnviroFALK Hand in Hand. Sie ben\u00f6tigen Ersatz- und Verschlei\u00dfteile f\u00fcr Ihre Wasseraufbereitungsanlagen?<br \/>\nSie m\u00f6chten Ihre Ionenaustauscherpatronen regenerieren lassen? Gerne beraten wir Sie pers\u00f6nlich und auch direkt vor Ort.<\/p>\n<p>\u00dcber unsere Standortsuche finden Sie die n\u00e4chste EnviroFALK-Niederlassung ganz in Ihrer N\u00e4he.<\/p>\n<p>Lernen Sie uns kennen, denn wir sind f\u00fcr Sie da![\/vc_column_text][\/vc_column][vc_column width=&#187;1\/4&#8243;]<div class=\"online-consultant-box  wpb_content_element\"><div class=\"online-consultant\"><div><div class=\"person-info\"><h5>Edith Delvecchio<\/h5><ul class=\"person-list\"><li><a href=\"tel:+41 41 7404414\">+41 41 7404414<\/a><\/li><\/ul><\/div><a href=\"#beratung\" target=\"_self\" class=\"custom-btn show-modal\"><i class=\"icon-chevron-right\"><\/i>Schreiben Sie uns!<\/a><\/div><div class=\"relative\"><svg xmlns=\"http:\/\/www.w3.org\/2000\/svg\" viewBox=\"0 0 32.83 32.83\">\n\t\t\t\t\t\t\t\t\t<defs>\n\t\t\t\t\t\t\t\t\t\t<linearGradient id=\"gradient\" x1=\"0%\" y1=\"0%\" x2=\"0%\" y2=\"100%\" gradientTransform=\"rotate(-135)\">\n\t\t\t\t\t\t\t\t\t\t\t<stop offset=\"0%\" stop-color=\"#97be0d\"\/>\n\t\t\t\t\t\t\t\t\t\t\t\t<stop offset=\"100%\" stop-color=\"rgba(255, 255, 255, 0)\"\/>\n\t\t\t\t\t\t\t\t\t\t<\/linearGradient>\n\t\t\t\t\t\t\t\t\t<\/defs>\n\t\t\t\t\t\t\t\t\t<path class=\"wpb_animate_when_almost_visible circular-progress\" stroke=\"url(#gradient)\" stroke-width=\"1\" stroke-dasharray=\"100, 100\" fill=\"none\" d=\"M18,2.08a15.92,15.92,0,0,1,0,31.84h0A15.92,15.92,0,0,1,18,2.08\" transform=\"translate(-1.59 -1.58)\"\/>\n                            \t<\/svg><span><img loading=\"lazy\" decoding=\"async\" width=\"500\" height=\"500\" src=\"https:\/\/www.envirofalk.com\/wp-content\/uploads\/2024\/04\/Edith_Del-Vecchio-1.png\" class=\"attachment-full size-full\" alt=\"\" srcset=\"https:\/\/www.envirofalk.com\/wp-content\/uploads\/2024\/04\/Edith_Del-Vecchio-1.png 500w, https:\/\/www.envirofalk.com\/wp-content\/uploads\/2024\/04\/Edith_Del-Vecchio-1-350x350.png 350w, https:\/\/www.envirofalk.com\/wp-content\/uploads\/2024\/04\/Edith_Del-Vecchio-1-150x150.png 150w\" sizes=\"auto, (max-width: 500px) 100vw, 500px\" \/><\/span><\/div><\/div><\/div>[\/vc_column][\/vc_row][vc_row][vc_column css_animation=&#187;fadeInUpBig&#187;]<div class=\"teaser-boxes wpb_content_element\"><div><a href=\"https:\/\/www.envirofalk.com\/ch\/unternehmen\/standorte\/niederlassung-berlin\/\" target=\"_self\"><figure class=\"img-box \" style=\"background-image: url(https:\/\/www.envirofalk.com\/wp-content\/uploads\/2023\/11\/EnviroFALK_Berlin_Wasseraufbereitung.webp)\"><\/figure><\/a><div class=\"text-box\"><h3 class=\"entry-title no-icon\"><a href=\"https:\/\/www.envirofalk.com\/ch\/unternehmen\/standorte\/niederlassung-berlin\/\" target=\"_self\">Niederlassung Berlin<\/a><\/h3><div class=\"wpb_text_column\">EnviroFALK GmbH - Niederlassung Berlin\nHelmholtzstra\u00dfe 2 \u2013 9,\n10587 Berlin\n<\/div><\/div><\/div><div><a href=\"https:\/\/www.envirofalk.com\/ch\/unternehmen\/standorte\/niederlassung-nord\/\" target=\"_self\"><figure class=\"img-box \" style=\"background-image: url(https:\/\/www.envirofalk.com\/wp-content\/uploads\/2023\/11\/EF_Hamburg_1920x640_1-e802f924.webp)\"><\/figure><\/a><div class=\"text-box\"><h3 class=\"entry-title no-icon\"><a href=\"https:\/\/www.envirofalk.com\/ch\/unternehmen\/standorte\/niederlassung-nord\/\" target=\"_self\">Niederlassung Nord<\/a><\/h3><div class=\"wpb_text_column\">EnviroFALK GmbH - Niederlassung Nord\nWalter-Schmedemann-Stra\u00dfe 1 A,\n22419 Hamburg\n<\/div><\/div><\/div><div><a href=\"https:\/\/www.envirofalk.com\/ch\/unternehmen\/standorte\/niederlassung-baden-wuerttemberg\/\" target=\"_self\"><figure class=\"img-box \" style=\"background-image: url(https:\/\/www.envirofalk.com\/wp-content\/uploads\/2023\/11\/EF_Baden_Wuerttemberg2_1920x640-c9eada29.webp)\"><\/figure><\/a><div class=\"text-box\"><h3 class=\"entry-title no-icon\"><a href=\"https:\/\/www.envirofalk.com\/ch\/unternehmen\/standorte\/niederlassung-baden-wuerttemberg\/\" target=\"_self\">Niederlassung Baden-W\u00fcrttemberg<\/a><\/h3><div class=\"wpb_text_column\">EnviroFALK GmbH - Niederlassung Baden-W\u00fcrttemberg\nAm Wald 9,\n78727 Oberndorf\n<\/div><\/div><\/div><\/div><div class=\"teaser-boxes wpb_content_element\"><div><a href=\"https:\/\/www.envirofalk.com\/ch\/unternehmen\/standorte\/niederlassung-jena\/\" target=\"_self\"><figure class=\"img-box \" style=\"background-image: url(https:\/\/www.envirofalk.com\/wp-content\/uploads\/2023\/11\/Jena.webp)\"><\/figure><\/a><div class=\"text-box\"><h3 class=\"entry-title no-icon\"><a href=\"https:\/\/www.envirofalk.com\/ch\/unternehmen\/standorte\/niederlassung-jena\/\" target=\"_self\">Niederlassung Jena<\/a><\/h3><div class=\"wpb_text_column\">EnviroFALK GmbH - Niederlassung Jena\nZ\u00f6llnitzer Stra\u00dfe 4\n07751 Jena-Z\u00f6llnitz\n<\/div><\/div><\/div><div><a href=\"https:\/\/www.envirofalk.com\/ch\/unternehmen\/standorte\/niederlassung-bayern\/\" target=\"_self\"><figure class=\"img-box \" style=\"background-image: url(https:\/\/www.envirofalk.com\/wp-content\/uploads\/2023\/08\/EnviroFALK_Firmengebaeude_Bayern.jpg)\"><\/figure><\/a><div class=\"text-box\"><h3 class=\"entry-title no-icon\"><a href=\"https:\/\/www.envirofalk.com\/ch\/unternehmen\/standorte\/niederlassung-bayern\/\" target=\"_self\">Niederlassung Bayern<\/a><\/h3><div class=\"wpb_text_column\">EnviroFALK GmbH - Niederlassung Bayern\nFraunhoferring 7\n85238 Petershausen<\/div><\/div><\/div><div><a href=\"https:\/\/www.envirofalk.com\/ch\/unternehmen\/standorte\/regenerationsstuetzpunkt-wuerzburg\/\" target=\"_self\"><figure class=\"img-box \" style=\"background-image: url(https:\/\/www.envirofalk.com\/wp-content\/uploads\/2023\/05\/Regeneration_Wasseraufbereitung_Wuerzburg_News.jpg)\"><\/figure><\/a><div class=\"text-box\"><h3 class=\"entry-title no-icon\"><a href=\"https:\/\/www.envirofalk.com\/ch\/unternehmen\/standorte\/regenerationsstuetzpunkt-wuerzburg\/\" target=\"_self\">Regenerationsst\u00fctzpunkt W\u00fcrzburg<\/a><\/h3><div class=\"wpb_text_column\">EnviroFALK GmbH - Regenerationsst\u00fctzpunkt W\u00fcrzburg\nRingstra\u00dfe 15,\n97270 Kist\n<\/div><\/div><\/div><\/div><div class=\"teaser-boxes wpb_content_element\"><div><a href=\"https:\/\/www.envirofalk.com\/ch\/unternehmen\/standorte\/service-stuetzpunkt-fuerth\/\" target=\"_self\"><figure class=\"img-box \" style=\"background-image: url(https:\/\/www.envirofalk.com\/wp-content\/uploads\/2023\/11\/Montage-Inbetriebnahme-fb43c09b.webp)\"><\/figure><\/a><div class=\"text-box\"><h3 class=\"entry-title no-icon\"><a href=\"https:\/\/www.envirofalk.com\/ch\/unternehmen\/standorte\/service-stuetzpunkt-fuerth\/\" target=\"_self\">Service-St\u00fctzpunkt F\u00fcrth<\/a><\/h3><div class=\"wpb_text_column\">EnviroFALK GmbH - Service-St\u00fctzpunkt F\u00fcrth\nDaimlerstra\u00dfe 8,\n90766 F\u00fcrth\n\n<\/div><\/div><\/div><div><a href=\"https:\/\/www.envirofalk.com\/ch\/unternehmen\/standorte\/niederlassung-koeln\/\" target=\"_self\"><figure class=\"img-box \" style=\"background-image: url(https:\/\/www.envirofalk.com\/wp-content\/uploads\/2023\/11\/EF_NL_Koeln_1920x640_h-21034fe2.webp)\"><\/figure><\/a><div class=\"text-box\"><h3 class=\"entry-title no-icon\"><a href=\"https:\/\/www.envirofalk.com\/ch\/unternehmen\/standorte\/niederlassung-koeln\/\" target=\"_self\">Niederlassung K\u00f6ln<\/a><\/h3><div class=\"wpb_text_column\">EnviroFALK GmbH - Niederlassung K\u00f6ln\nHerseler Stra\u00dfe 3,\n50389 Wesseling\n<\/div><\/div><\/div><div><a href=\"https:\/\/www.envirofalk.com\/ch\/unternehmen\/standorte\/niederlassung-bielefeld\/\" target=\"_self\"><figure class=\"img-box \" style=\"background-image: url(https:\/\/www.envirofalk.com\/wp-content\/uploads\/2023\/12\/EF_Bielefeld_7_lr-cd3665df.webp)\"><\/figure><\/a><div class=\"text-box\"><h3 class=\"entry-title no-icon\"><a href=\"https:\/\/www.envirofalk.com\/ch\/unternehmen\/standorte\/niederlassung-bielefeld\/\" target=\"_self\">Niederlassung Bielefeld<\/a><\/h3><div class=\"wpb_text_column\">EnviroFALK GmbH - Niederlassung Bielefeld\nPaderborner Stra\u00dfe 315\/4,\n33689 Bielefeld\n<\/div><\/div><\/div><\/div><div class=\"teaser-boxes wpb_content_element\"><div><a href=\"https:\/\/www.envirofalk.com\/ch\/unternehmen\/standorte\/afs-solutions-gmbh-envirofalk-niederlassung-seevetal\/\" target=\"_self\"><figure class=\"img-box \" style=\"background-image: url(https:\/\/www.envirofalk.com\/wp-content\/uploads\/2023\/11\/EnviroFALK_Wassertechnologie_Standort.jpg)\"><\/figure><\/a><div class=\"text-box\"><h3 class=\"entry-title no-icon\"><a href=\"https:\/\/www.envirofalk.com\/ch\/unternehmen\/standorte\/afs-solutions-gmbh-envirofalk-niederlassung-seevetal\/\" target=\"_self\">EnviroFALK Wassertechnologie GmbH Seevetal<\/a><\/h3><div class=\"wpb_text_column\">EnviroFALK Wassertechnologie GmbH\nAn der Reitbahn 1a,\n21218 Seevetal-Hittfeld\n\n<\/div><\/div><\/div><div><a href=\"https:\/\/www.envirofalk.com\/ch\/unternehmen\/unsere-standorte\/envirofalk-ag-schweiz\/\" target=\"_self\"><figure class=\"img-box \" style=\"background-image: url(https:\/\/www.envirofalk.com\/wp-content\/uploads\/2023\/11\/Schweiz.webp)\"><\/figure><\/a><div class=\"text-box\"><h3 class=\"entry-title no-icon\"><a href=\"https:\/\/www.envirofalk.com\/ch\/unternehmen\/unsere-standorte\/envirofalk-ag-schweiz\/\" target=\"_self\">EnviroFALK AG - Schweiz<\/a><\/h3><div class=\"wpb_text_column\">EnviroFALK AG - Schweiz\nB\u00f6sch 27,\n6331 H\u00fcnenberg\n<\/div><\/div><\/div><\/div>[\/vc_column][\/vc_row][\/vc_section]<\/p>\n<\/div>","protected":false},"excerpt":{"rendered":"<p>[vc_section][vc_row full_width=&#187;stretch_row_content_no_spaces&#187;][vc_column][\/vc_column][\/vc_row][vc_row el_class=&#187;breadcrumbs-wrapper&#187;][vc_column][\/vc_column][\/vc_row][\/vc_section][vc_section][vc_row css_animation=&#187;slideInUp&#187; el_class=&#187;tablet-row&#187;][vc_column width=&#187;3\/4&#8243;][vc_custom_heading text=&#187;EnviroFALK Standorte &#8211; wir sind ganz in Ihrer N\u00e4he!&#187; font_container=&#187;tag:h1|text_align:left&#187; use_theme_fonts=&#187;yes&#187;][vc_column_text]Guter Service und die N\u00e4he zum Kunden gehen bei EnviroFALK Hand in Hand. Sie ben\u00f6tigen Ersatz- und Verschlei\u00dfteile f\u00fcr Ihre Wasseraufbereitungsanlagen? Sie m\u00f6chten Ihre Ionenaustauscherpatronen regenerieren lassen? Gerne beraten wir Sie pers\u00f6nlich und auch direkt vor Ort. \u00dcber unsere [&hellip;]<\/p>\n","protected":false},"author":3,"featured_media":0,"parent":14117,"menu_order":2,"comment_status":"closed","ping_status":"closed","template":"","meta":{"_acf_changed":false,"rs_blank_template":"","rs_page_bg_color":"","slide_template_v7":"","footnotes":""},"class_list":["post-14176","page","type-page","status-publish","hentry"],"acf":[],"yoast_head":"<!-- This site is optimized with the Yoast SEO Premium plugin v27.5 (Yoast SEO v27.5) - https:\/\/yoast.com\/product\/yoast-seo-premium-wordpress\/ -->\n<title>Unsere Standorte &#8211; EnviroFALK<\/title>\n<meta name=\"robots\" content=\"index, follow, max-snippet:-1, max-image-preview:large, max-video-preview:-1\" \/>\n<link rel=\"canonical\" href=\"https:\/\/www.envirofalk.com\/ch\/unternehmen\/unsere-standorte\/\" \/>\n<meta property=\"og:locale\" content=\"de_DE\" \/>\n<meta property=\"og:type\" content=\"article\" \/>\n<meta property=\"og:title\" content=\"Unsere Standorte\" \/>\n<meta property=\"og:description\" content=\"[vc_section][vc_row full_width=&#187;stretch_row_content_no_spaces&#187;][vc_column][\/vc_column][\/vc_row][vc_row el_class=&#187;breadcrumbs-wrapper&#187;][vc_column][\/vc_column][\/vc_row][\/vc_section][vc_section][vc_row css_animation=&#187;slideInUp&#187; el_class=&#187;tablet-row&#187;][vc_column width=&#187;3\/4&#8243;][vc_custom_heading text=&#187;EnviroFALK Standorte &#8211; wir sind ganz in Ihrer N\u00e4he!&#187; font_container=&#187;tag:h1|text_align:left&#187; use_theme_fonts=&#187;yes&#187;][vc_column_text]Guter Service und die N\u00e4he zum Kunden gehen bei EnviroFALK Hand in Hand. Sie ben\u00f6tigen Ersatz- und Verschlei\u00dfteile f\u00fcr Ihre Wasseraufbereitungsanlagen? Sie m\u00f6chten Ihre Ionenaustauscherpatronen regenerieren lassen? Gerne beraten wir Sie pers\u00f6nlich und auch direkt vor Ort. \u00dcber unsere [&hellip;]\" \/>\n<meta property=\"og:url\" content=\"https:\/\/www.envirofalk.com\/ch\/unternehmen\/unsere-standorte\/\" \/>\n<meta property=\"og:site_name\" content=\"EnviroFALK\" \/>\n<meta property=\"article:publisher\" content=\"https:\/\/www.facebook.com\/envirofalk\" \/>\n<meta property=\"article:modified_time\" content=\"2026-04-14T14:13:20+00:00\" \/>\n<meta name=\"twitter:card\" content=\"summary_large_image\" \/>\n<meta name=\"twitter:label1\" content=\"Gesch\u00e4tzte Lesezeit\" \/>\n\t<meta name=\"twitter:data1\" content=\"1\u00a0Minute\" \/>\n<script type=\"application\/ld+json\" class=\"yoast-schema-graph\">{\"@context\":\"https:\\\/\\\/schema.org\",\"@graph\":[{\"@type\":\"WebPage\",\"@id\":\"https:\\\/\\\/www.envirofalk.com\\\/ch\\\/unternehmen\\\/unsere-standorte\\\/\",\"url\":\"https:\\\/\\\/www.envirofalk.com\\\/ch\\\/unternehmen\\\/unsere-standorte\\\/\",\"name\":\"Unsere Standorte &#8211; EnviroFALK\",\"isPartOf\":{\"@id\":\"https:\\\/\\\/www.envirofalk.com\\\/ch\\\/#website\"},\"datePublished\":\"2024-04-18T10:05:37+00:00\",\"dateModified\":\"2026-04-14T14:13:20+00:00\",\"breadcrumb\":{\"@id\":\"https:\\\/\\\/www.envirofalk.com\\\/ch\\\/unternehmen\\\/unsere-standorte\\\/#breadcrumb\"},\"inLanguage\":\"de-CH\",\"potentialAction\":[{\"@type\":\"ReadAction\",\"target\":[\"https:\\\/\\\/www.envirofalk.com\\\/ch\\\/unternehmen\\\/unsere-standorte\\\/\"]}]},{\"@type\":\"BreadcrumbList\",\"@id\":\"https:\\\/\\\/www.envirofalk.com\\\/ch\\\/unternehmen\\\/unsere-standorte\\\/#breadcrumb\",\"itemListElement\":[{\"@type\":\"ListItem\",\"position\":1,\"name\":\"Home\",\"item\":\"https:\\\/\\\/www.envirofalk.com\\\/ch\\\/\"},{\"@type\":\"ListItem\",\"position\":2,\"name\":\"Unternehmen\",\"item\":\"https:\\\/\\\/www.envirofalk.com\\\/ch\\\/unternehmen\\\/\"},{\"@type\":\"ListItem\",\"position\":3,\"name\":\"Unsere Standorte\"}]},{\"@type\":\"WebSite\",\"@id\":\"https:\\\/\\\/www.envirofalk.com\\\/ch\\\/#website\",\"url\":\"https:\\\/\\\/www.envirofalk.com\\\/ch\\\/\",\"name\":\"EnviroFALK\",\"description\":\"Wasseraufbereitungsanlagen f\u00fcr Industrie, Gewerbe &amp; Labor\",\"publisher\":{\"@id\":\"https:\\\/\\\/www.envirofalk.com\\\/ch\\\/#organization\"},\"potentialAction\":[{\"@type\":\"SearchAction\",\"target\":{\"@type\":\"EntryPoint\",\"urlTemplate\":\"https:\\\/\\\/www.envirofalk.com\\\/ch\\\/?s={search_term_string}\"},\"query-input\":{\"@type\":\"PropertyValueSpecification\",\"valueRequired\":true,\"valueName\":\"search_term_string\"}}],\"inLanguage\":\"de-CH\"},{\"@type\":\"Organization\",\"@id\":\"https:\\\/\\\/www.envirofalk.com\\\/ch\\\/#organization\",\"name\":\"EnviroFALK\",\"url\":\"https:\\\/\\\/www.envirofalk.com\\\/ch\\\/\",\"logo\":{\"@type\":\"ImageObject\",\"inLanguage\":\"de-CH\",\"@id\":\"https:\\\/\\\/www.envirofalk.com\\\/ch\\\/#\\\/schema\\\/logo\\\/image\\\/\",\"url\":\"https:\\\/\\\/www.envirofalk.com\\\/wp-content\\\/uploads\\\/2023\\\/01\\\/logo.svg\",\"contentUrl\":\"https:\\\/\\\/www.envirofalk.com\\\/wp-content\\\/uploads\\\/2023\\\/01\\\/logo.svg\",\"caption\":\"EnviroFALK\"},\"image\":{\"@id\":\"https:\\\/\\\/www.envirofalk.com\\\/ch\\\/#\\\/schema\\\/logo\\\/image\\\/\"},\"sameAs\":[\"https:\\\/\\\/www.facebook.com\\\/envirofalk\",\"https:\\\/\\\/www.linkedin.com\\\/company\\\/envirofalk-gmbh\",\"https:\\\/\\\/www.youtube.com\\\/channel\\\/UCM1L-2K6cfBbP3aYgJGbVdA\"],\"description\":\"EnviroFALK Prozesswassertechnik ist Ihr Spezialist f\u00fcr ma\u00dfgeschneiderte Wasseraufbereitungsl\u00f6sungen in der Industrie. Wir bieten innovative Technologien f\u00fcr die Erzeugung und Aufbereitung von Prozesswasser, um h\u00f6chste Effizienz und Qualit\u00e4t in Ihren Produktionsprozessen zu gew\u00e4hrleisten. Mit jahrzehntelanger Erfahrung entwickeln wir nachhaltige und ressourcenschonende L\u00f6sungen, die exakt auf die Anforderungen unserer Kunden abgestimmt sind. Unsere Leistungen umfassen die Filtration, Enth\u00e4rtung, Entsalzung und R\u00fcckgewinnung von Wasser f\u00fcr verschiedenste Anwendungen \u2013 von der Metallverarbeitung bis zur Lebensmittelindustrie. Unsere Experten begleiten Sie von der Planung \u00fcber die Implementierung bis hin zum Service, um eine zuverl\u00e4ssige und wirtschaftliche Wasseraufbereitung sicherzustellen.\",\"email\":\"info@envirofalk.com\",\"telephone\":\"+49 2663 9908-0\",\"legalName\":\"EnviroFALK GmbH\",\"foundingDate\":\"1989-05-01\"}]}<\/script>\n<!-- \/ Yoast SEO Premium plugin. -->","yoast_head_json":{"title":"Unsere Standorte &#8211; EnviroFALK","robots":{"index":"index","follow":"follow","max-snippet":"max-snippet:-1","max-image-preview":"max-image-preview:large","max-video-preview":"max-video-preview:-1"},"canonical":"https:\/\/www.envirofalk.com\/ch\/unternehmen\/unsere-standorte\/","og_locale":"de_DE","og_type":"article","og_title":"Unsere Standorte","og_description":"[vc_section][vc_row full_width=&#187;stretch_row_content_no_spaces&#187;][vc_column][\/vc_column][\/vc_row][vc_row el_class=&#187;breadcrumbs-wrapper&#187;][vc_column][\/vc_column][\/vc_row][\/vc_section][vc_section][vc_row css_animation=&#187;slideInUp&#187; el_class=&#187;tablet-row&#187;][vc_column width=&#187;3\/4&#8243;][vc_custom_heading text=&#187;EnviroFALK Standorte &#8211; wir sind ganz in Ihrer N\u00e4he!&#187; font_container=&#187;tag:h1|text_align:left&#187; use_theme_fonts=&#187;yes&#187;][vc_column_text]Guter Service und die N\u00e4he zum Kunden gehen bei EnviroFALK Hand in Hand. Sie ben\u00f6tigen Ersatz- und Verschlei\u00dfteile f\u00fcr Ihre Wasseraufbereitungsanlagen? Sie m\u00f6chten Ihre Ionenaustauscherpatronen regenerieren lassen? Gerne beraten wir Sie pers\u00f6nlich und auch direkt vor Ort. \u00dcber unsere [&hellip;]","og_url":"https:\/\/www.envirofalk.com\/ch\/unternehmen\/unsere-standorte\/","og_site_name":"EnviroFALK","article_publisher":"https:\/\/www.facebook.com\/envirofalk","article_modified_time":"2026-04-14T14:13:20+00:00","twitter_card":"summary_large_image","twitter_misc":{"Gesch\u00e4tzte Lesezeit":"1\u00a0Minute"},"schema":{"@context":"https:\/\/schema.org","@graph":[{"@type":"WebPage","@id":"https:\/\/www.envirofalk.com\/ch\/unternehmen\/unsere-standorte\/","url":"https:\/\/www.envirofalk.com\/ch\/unternehmen\/unsere-standorte\/","name":"Unsere Standorte &#8211; EnviroFALK","isPartOf":{"@id":"https:\/\/www.envirofalk.com\/ch\/#website"},"datePublished":"2024-04-18T10:05:37+00:00","dateModified":"2026-04-14T14:13:20+00:00","breadcrumb":{"@id":"https:\/\/www.envirofalk.com\/ch\/unternehmen\/unsere-standorte\/#breadcrumb"},"inLanguage":"de-CH","potentialAction":[{"@type":"ReadAction","target":["https:\/\/www.envirofalk.com\/ch\/unternehmen\/unsere-standorte\/"]}]},{"@type":"BreadcrumbList","@id":"https:\/\/www.envirofalk.com\/ch\/unternehmen\/unsere-standorte\/#breadcrumb","itemListElement":[{"@type":"ListItem","position":1,"name":"Home","item":"https:\/\/www.envirofalk.com\/ch\/"},{"@type":"ListItem","position":2,"name":"Unternehmen","item":"https:\/\/www.envirofalk.com\/ch\/unternehmen\/"},{"@type":"ListItem","position":3,"name":"Unsere Standorte"}]},{"@type":"WebSite","@id":"https:\/\/www.envirofalk.com\/ch\/#website","url":"https:\/\/www.envirofalk.com\/ch\/","name":"EnviroFALK","description":"Wasseraufbereitungsanlagen f\u00fcr Industrie, Gewerbe &amp; Labor","publisher":{"@id":"https:\/\/www.envirofalk.com\/ch\/#organization"},"potentialAction":[{"@type":"SearchAction","target":{"@type":"EntryPoint","urlTemplate":"https:\/\/www.envirofalk.com\/ch\/?s={search_term_string}"},"query-input":{"@type":"PropertyValueSpecification","valueRequired":true,"valueName":"search_term_string"}}],"inLanguage":"de-CH"},{"@type":"Organization","@id":"https:\/\/www.envirofalk.com\/ch\/#organization","name":"EnviroFALK","url":"https:\/\/www.envirofalk.com\/ch\/","logo":{"@type":"ImageObject","inLanguage":"de-CH","@id":"https:\/\/www.envirofalk.com\/ch\/#\/schema\/logo\/image\/","url":"https:\/\/www.envirofalk.com\/wp-content\/uploads\/2023\/01\/logo.svg","contentUrl":"https:\/\/www.envirofalk.com\/wp-content\/uploads\/2023\/01\/logo.svg","caption":"EnviroFALK"},"image":{"@id":"https:\/\/www.envirofalk.com\/ch\/#\/schema\/logo\/image\/"},"sameAs":["https:\/\/www.facebook.com\/envirofalk","https:\/\/www.linkedin.com\/company\/envirofalk-gmbh","https:\/\/www.youtube.com\/channel\/UCM1L-2K6cfBbP3aYgJGbVdA"],"description":"EnviroFALK Prozesswassertechnik ist Ihr Spezialist f\u00fcr ma\u00dfgeschneiderte Wasseraufbereitungsl\u00f6sungen in der Industrie. Wir bieten innovative Technologien f\u00fcr die Erzeugung und Aufbereitung von Prozesswasser, um h\u00f6chste Effizienz und Qualit\u00e4t in Ihren Produktionsprozessen zu gew\u00e4hrleisten. Mit jahrzehntelanger Erfahrung entwickeln wir nachhaltige und ressourcenschonende L\u00f6sungen, die exakt auf die Anforderungen unserer Kunden abgestimmt sind. Unsere Leistungen umfassen die Filtration, Enth\u00e4rtung, Entsalzung und R\u00fcckgewinnung von Wasser f\u00fcr verschiedenste Anwendungen \u2013 von der Metallverarbeitung bis zur Lebensmittelindustrie. Unsere Experten begleiten Sie von der Planung \u00fcber die Implementierung bis hin zum Service, um eine zuverl\u00e4ssige und wirtschaftliche Wasseraufbereitung sicherzustellen.","email":"info@envirofalk.com","telephone":"+49 2663 9908-0","legalName":"EnviroFALK GmbH","foundingDate":"1989-05-01"}]}},"_links":{"self":[{"href":"https:\/\/www.envirofalk.com\/ch\/wp-json\/wp\/v2\/pages\/14176","targetHints":{"allow":["GET"]}}],"collection":[{"href":"https:\/\/www.envirofalk.com\/ch\/wp-json\/wp\/v2\/pages"}],"about":[{"href":"https:\/\/www.envirofalk.com\/ch\/wp-json\/wp\/v2\/types\/page"}],"author":[{"embeddable":true,"href":"https:\/\/www.envirofalk.com\/ch\/wp-json\/wp\/v2\/users\/3"}],"replies":[{"embeddable":true,"href":"https:\/\/www.envirofalk.com\/ch\/wp-json\/wp\/v2\/comments?post=14176"}],"version-history":[{"count":9,"href":"https:\/\/www.envirofalk.com\/ch\/wp-json\/wp\/v2\/pages\/14176\/revisions"}],"predecessor-version":[{"id":27918,"href":"https:\/\/www.envirofalk.com\/ch\/wp-json\/wp\/v2\/pages\/14176\/revisions\/27918"}],"up":[{"embeddable":true,"href":"https:\/\/www.envirofalk.com\/ch\/wp-json\/wp\/v2\/pages\/14117"}],"wp:attachment":[{"href":"https:\/\/www.envirofalk.com\/ch\/wp-json\/wp\/v2\/media?parent=14176"}],"curies":[{"name":"wp","href":"https:\/\/api.w.org\/{rel}","templated":true}]}}