{"id":14113,"date":"2024-04-18T11:14:11","date_gmt":"2024-04-18T09:14:11","guid":{"rendered":"https:\/\/www.envirofalk.com\/?page_id=14113"},"modified":"2024-04-18T11:14:11","modified_gmt":"2024-04-18T09:14:11","slug":"wasseraufbereitung-als-mietanlagen","status":"publish","type":"page","link":"https:\/\/www.envirofalk.com\/ch\/verfahren-produkte\/wasseraufbereitung-als-mietanlagen\/","title":{"rendered":"Wasseraufbereitung als Mietanlagen"},"content":{"rendered":"<div class=\"wpb-content-wrapper\"><p>[vc_section][vc_row full_width=&#187;stretch_row_content_no_spaces&#187;][vc_column]<div class=\"custom-top-banner img-box   has-icon\" style=\"background-image: url(https:\/\/www.envirofalk.com\/wp-content\/uploads\/2023\/05\/banner-energieerzeugung.jpg)\"><div class=\"container relative\"><div class=\"text-box\"><div class=\"slideInRight animated\"><img loading=\"lazy\" decoding=\"async\" width=\"1\" height=\"1\" src=\"https:\/\/www.envirofalk.com\/wp-content\/uploads\/2023\/08\/Wasseraufbereitung_Umkehrosmose_Icon.svg\" class=\"attachment-120x120 size-120x120\" alt=\"\" \/><p>Wasseraufbereitung als <strong>Mietanlagen<\/strong><\/p><\/div><\/div><\/div><\/div>[\/vc_column][\/vc_row][vc_row el_class=&#187;breadcrumbs-wrapper&#187;][vc_column]<div class=\"breadcrumbs\"><label><\/label> <a href=\"https:\/\/www.envirofalk.com\/ch\/\">Home<\/a><\/div>[\/vc_column][\/vc_row][\/vc_section][vc_section][vc_row css_animation=&#187;slideInUp&#187; el_class=&#187;two-columns-row tablet-row&#187;][vc_column width=&#187;3\/4&#8243;][vc_custom_heading source=&#187;post_title&#187; font_container=&#187;tag:h1|text_align:left&#187; use_theme_fonts=&#187;yes&#187;][vc_column_text]<\/p>\n<div class=\"ce_row row column first\">\n<h2 class=\"ce_headline \">EnviroFALK Wasseraufbereitung als Mietanlage<\/h2>\n<\/div>\n<div class=\"ce_row row\">\n<div class=\"ce_column columns small-12 medium-6 large-6\">\n<div class=\"ce_text block\">\n<p>Sie ben\u00f6tigen <strong>tempor\u00e4r eine Wasseraufbereitung<\/strong>? Ihre Prozesse und Anwendungen erfordern <strong>enth\u00e4rtetes, entsalztes und keimfreies Wasser<\/strong>?<\/p>\n<p>EnviroFALK bietet f\u00fcr unterschiedliche Anwendungsbereiche individuell zugeschnittene <strong>Wasseraufbereitungsanlagen auf Mietbasis<\/strong> an. Hierf\u00fcr haben wir einen ausgew\u00e4hlten Bestand verschiedenster Anlagenmodule, die uns ein schnelles Handeln und eine optimale Anpassung an die \u00f6rtlichen Gegebenheiten erm\u00f6glichen.<\/p>\n<p>Denn mit einem <strong>Erfahrungsschatz von \u00fcber 30 Jahren<\/strong>\u00a0kennen wir Ihre Branche genau und wissen, was Sie bewegt.<\/p>\n<\/div>\n<\/div>\n<\/div>\n<p>[\/vc_column_text][\/vc_column][vc_column width=&#187;1\/4&#8243;]<div class=\"online-consultant-box  wpb_content_element\"><div class=\"online-consultant\"><div><div class=\"person-info\"><h5>Edith Delvecchio<\/h5><ul class=\"person-list\"><li><a href=\"tel:+41 41 7404414\">+41 41 7404414<\/a><\/li><\/ul><\/div><a href=\"https:\/\/www.envirofalk.com\/kontakt\/\" target=\"_self\" class=\"custom-btn \"><i class=\"icon-chevron-right\"><\/i>Zum Kontaktformular<\/a><\/div><div class=\"relative\"><svg xmlns=\"http:\/\/www.w3.org\/2000\/svg\" viewBox=\"0 0 32.83 32.83\">\n\t\t\t\t\t\t\t\t\t<defs>\n\t\t\t\t\t\t\t\t\t\t<linearGradient id=\"gradient\" x1=\"0%\" y1=\"0%\" x2=\"0%\" y2=\"100%\" gradientTransform=\"rotate(-135)\">\n\t\t\t\t\t\t\t\t\t\t\t<stop offset=\"0%\" stop-color=\"#97be0d\"\/>\n\t\t\t\t\t\t\t\t\t\t\t\t<stop offset=\"100%\" stop-color=\"rgba(255, 255, 255, 0)\"\/>\n\t\t\t\t\t\t\t\t\t\t<\/linearGradient>\n\t\t\t\t\t\t\t\t\t<\/defs>\n\t\t\t\t\t\t\t\t\t<path class=\"wpb_animate_when_almost_visible circular-progress\" stroke=\"url(#gradient)\" stroke-width=\"1\" stroke-dasharray=\"100, 100\" fill=\"none\" d=\"M18,2.08a15.92,15.92,0,0,1,0,31.84h0A15.92,15.92,0,0,1,18,2.08\" transform=\"translate(-1.59 -1.58)\"\/>\n                            \t<\/svg><span><img loading=\"lazy\" decoding=\"async\" width=\"500\" height=\"500\" src=\"https:\/\/www.envirofalk.com\/wp-content\/uploads\/2024\/04\/Edith_Del-Vecchio-1.png\" class=\"attachment-full size-full\" alt=\"\" srcset=\"https:\/\/www.envirofalk.com\/wp-content\/uploads\/2024\/04\/Edith_Del-Vecchio-1.png 500w, https:\/\/www.envirofalk.com\/wp-content\/uploads\/2024\/04\/Edith_Del-Vecchio-1-350x350.png 350w, https:\/\/www.envirofalk.com\/wp-content\/uploads\/2024\/04\/Edith_Del-Vecchio-1-150x150.png 150w\" sizes=\"auto, (max-width: 500px) 100vw, 500px\" \/><\/span><\/div><\/div><\/div>[\/vc_column][\/vc_row][\/vc_section][vc_section][vc_row el_class=&#187;tablet-row vertical-center&#187;][vc_column css_animation=&#187;slideInLeft&#187; width=&#187;1\/2&#8243;][vc_column_text]<\/p>\n<h2>EnviroFALK, die Experten rund um Ihre Wasseraufbereitungsanlagen auf Mietbasis<\/h2>\n<p>Clever ist, wer sich in puncto Wasseraufbereitungsanlagen auf Mietbasis direkt an die Experten von EnviroFALK wendet. Auch f\u00fcr Sie stellen wir gerne eine hocheffiziente Wasseraufbereitung zusammen, die Ihren individuellen Anforderungen auf ganzer Linie entspricht.<\/p>\n<p>Als Hersteller von <a href=\"https:\/\/www.envirofalk.com\/verfahrenstechniken-produkte\/individuelle-wasseraufbereitung\/\">Wasseraufbereitungsanlagen<\/a> ist das der Anspruch, den wir an uns stellen \u2013 zu 100 Prozent f\u00fcr unsere Kunden da sein! \u00dcbrigens: Wir sind auch der ideale Ansprechpartner, wenn es um <a href=\"https:\/\/www.envirofalk.com\/service\/wasseraufbereitung-im-container\/\">mobile Wasseraufbereitungsanlagen im Container<\/a> geht![\/vc_column_text][\/vc_column][vc_column css_animation=&#187;slideInRight&#187; width=&#187;1\/2&#8243;]<div class=\"bg-image img-box\" style=\"background-image: url(https:\/\/www.envirofalk.com\/wp-content\/uploads\/2023\/02\/bg-about.gif)\"><img loading=\"lazy\" decoding=\"async\" width=\"910\" height=\"478\" src=\"https:\/\/www.envirofalk.com\/wp-content\/uploads\/2023\/08\/Umkehrosmoseanlage_EnviroFALK_mit_Umkehrosmosemembranen.png\" class=\"attachment-full size-full\" alt=\"\" srcset=\"https:\/\/www.envirofalk.com\/wp-content\/uploads\/2023\/08\/Umkehrosmoseanlage_EnviroFALK_mit_Umkehrosmosemembranen.png 910w, https:\/\/www.envirofalk.com\/wp-content\/uploads\/2023\/08\/Umkehrosmoseanlage_EnviroFALK_mit_Umkehrosmosemembranen-350x184.png 350w, https:\/\/www.envirofalk.com\/wp-content\/uploads\/2023\/08\/Umkehrosmoseanlage_EnviroFALK_mit_Umkehrosmosemembranen-768x403.png 768w\" sizes=\"auto, (max-width: 910px) 100vw, 910px\" \/><\/div>[\/vc_column][\/vc_row][vc_row][vc_column]<div class=\"posts-wrapper wpb_content_element\"><div class=\"top-box wpb_content_element text-center\"><h2 class=\"entry-title\">EnviroFALK Wasseraufbereitung auf Mietbasis<\/h2><p>Wir haben f\u00fcr (fast) jeden Anwendungsbereich die passende L\u00f6sung!<\/p><\/div><div class=\"all-products flexbox has-slider\" data-posts=\"3\" data-cat-id=\"56\" data-tag-id=\"0\" data-exclude-tag=\"IN\"><div id=\"post-21615\" class=\"produkt post-21615 type-produkt status-publish has-post-thumbnail hentry produkt_kategorie-labor-und-medizintechnik-ch produkt_kategorie-produktprogramm-ch produkt_kategorie-rein-und-reinstwassersysteme-ch produkt_kategorie-elektrodeionisierung-ch produkt_kategorie-umkehrosmoseanlagen-ch\"><a href=\"https:\/\/www.envirofalk.com\/ch\/produkte\/envi-greenpure-mx-ultra-3000-7500\/\" target=\"_self\"><div class=\"icon\"><img decoding=\"async\" src=\"https:\/\/www.envirofalk.com\/wp-content\/uploads\/2025\/05\/RS882_GreenPURE-Ultra-MX_1--scaled.png\" alt=\"Bild\"><\/div><\/a><div class=\"text-box\"><h3 class=\"entry-title\"><a href=\"https:\/\/www.envirofalk.com\/ch\/produkte\/envi-greenpure-mx-ultra-3000-7500\/\" target=\"_self\">Envi GreenPURE MX Ultra 3000-7500<\/a><\/h3><p>Die kompakten Wasseraufbereitungssysteme GreenPURE HS Ultra sind f\u00fcr die Entsalzung von enth\u00e4rtetem Trinkwasser konzipiert.<\/p><ul class=\"params-list\"><\/ul><\/div><\/div><div id=\"post-21612\" class=\"produkt post-21612 type-produkt status-publish has-post-thumbnail hentry produkt_kategorie-labor-und-medizintechnik-ch produkt_kategorie-produktprogramm-ch produkt_kategorie-rein-und-reinstwassersysteme-ch produkt_kategorie-elektrodeionisierung-ch produkt_kategorie-umkehrosmoseanlagen-ch\"><a href=\"https:\/\/www.envirofalk.com\/ch\/produkte\/envi-greenpure-l-ultra-80-350\/\" target=\"_self\"><div class=\"icon\"><img decoding=\"async\" src=\"https:\/\/www.envirofalk.com\/wp-content\/uploads\/2025\/05\/RS645_Produktfoto_Greenpure-L-Ultra_EF_24-2-scaled.png\" alt=\"Bild\"><\/div><\/a><div class=\"text-box\"><h3 class=\"entry-title\"><a href=\"https:\/\/www.envirofalk.com\/ch\/produkte\/envi-greenpure-l-ultra-80-350\/\" target=\"_self\">Envi GreenPURE L Ultra 80-350<\/a><\/h3><p>Die kompakten Wasseraufbereitungssysteme GreenPURE HS Ultra sind f\u00fcr die Entsalzung von enth\u00e4rtetem Trinkwasser konzipiert.<\/p><ul class=\"params-list\"><\/ul><\/div><\/div><div id=\"post-21601\" class=\"produkt post-21601 type-produkt status-publish has-post-thumbnail hentry produkt_kategorie-labor-und-medizintechnik-ch produkt_kategorie-produktprogramm-ch produkt_kategorie-industrie-und-gewerbe-ch produkt_kategorie-umkehrosmoseanlagen-ch\"><a href=\"https:\/\/www.envirofalk.com\/ch\/produkte\/envi-greenpure-s-120-500\/\" target=\"_self\"><div class=\"icon\"><img decoding=\"async\" src=\"https:\/\/www.envirofalk.com\/wp-content\/uploads\/2023\/08\/Envi_GreenPURE_L_120500.png\" alt=\"Bild\"><\/div><\/a><div class=\"text-box\"><h3 class=\"entry-title\"><a href=\"https:\/\/www.envirofalk.com\/ch\/produkte\/envi-greenpure-s-120-500\/\" target=\"_self\">Envi GreenPURE S 120-500<\/a><\/h3><p>\r\nEnvi GreenPURE\r\nS 120-500\r\nDie kompakten Umkehrosmoseanlagen GreenPURE S sind platzsparend, ideal f\u00fcr Anwendungen mit begrenztem Platz und Fokus auf Nutzraumoptimierung....<\/p><ul class=\"params-list\"><\/ul><\/div><\/div><\/div><div class=\"slider-controls news-slider-controls\"><\/div><div class=\"not-found\"><h3>Keine Eintr\u00e4ge gefunden<\/h3><\/div><\/div>[\/vc_column][\/vc_row][vc_row][vc_column][vc_tta_accordion section_title_tag=&#187;h5&#8243; c_icon=&#187;chevron&#187; c_position=&#187;right&#187; active_section=&#187;&#187; no_fill=&#187;true&#187; collapsible_all=&#187;true&#187; title=&#187;Erfahren Sie mehr \u00fcber Wasseraufbereitungsanlagen auf Mietbasis&#187;][vc_tta_section title=&#187;Was sind die Vorteile einer Wasseraufbereitungsanlage auf Mietbasis?&#187; tab_id=&#187;1694684192118-7ec1d2fe-6e35&#8243;][vc_column_text]<\/p>\n<h3>Enth\u00e4rtetes, entsalztes und keimfreies Wasser f\u00fcr tempor\u00e4re Zwecke?<\/h3>\n<pre>Profitieren Sie von EnviroFALK Wasseraufbereitungsanlagen auf Mietbasis!<\/pre>\n<h3><strong>Ihre Vorteile:<\/strong><\/h3>\n<ul>\n<li>Kurz-, mittel- und langfristige Anmietung<\/li>\n<li>Versorgung von Produktionsspitzen<\/li>\n<li>\u00dcberbr\u00fcckung bei geplanten Stillst\u00e4nden, wie beispielsweise wartungsbedingte Betriebsunterbrechungen<\/li>\n<li>Vor\u00fcbergehende Versorgung bei der Errichtung, Umbau und Erweiterung neuer Produktionsst\u00e4tten<\/li>\n<li>Flexible Herangehensweise bei Pilotversuchen<\/li>\n<li>Unterst\u00fctzung bei F&amp;E-Projekten f\u00fcr neue Technologien<\/li>\n<\/ul>\n<p>[\/vc_column_text][\/vc_tta_section][vc_tta_section title=&#187;Mit welchen Funktionalit\u00e4ten stehen EnviroFALK Wasseraufbereitungsanlagen auf Mietbasis zur Verf\u00fcgung?&#187; tab_id=&#187;1694684192137-68f566a5-4d6a&#187;][vc_column_text]EnviroFALK bietet f\u00fcr unterschiedliche Anwendungsbereiche individuell zugeschnittene <strong>Wasseraufbereitungsanlagen auf Mietbasis<\/strong> an. Hierf\u00fcr haben wir einen ausgew\u00e4hlten Bestand verschiedenster Anlagenmodule, die uns ein schnelles Handeln und eine optimale Anpassung an die \u00f6rtlichen Gegebenheiten erm\u00f6glichen.<\/p>\n<p>Je nach Nachfrage haben wir Umkehrosmoseanlagen mit Vorbehandlung und Wasserenth\u00e4rtung zur Verf\u00fcgung.\u00a0 Die Wasseraufbereitungsanlagen auf Mietbasis sind komplett vormontiert und anschlussbereit.[\/vc_column_text][\/vc_tta_section][vc_tta_section title=&#187;Sie m\u00f6chten mehr \u00fcber Wasseraufbereitungsanlagen auf Mietbasis erfahren?&#187; tab_id=&#187;1694688113004-4453ec2a-e8a6&#8243;][vc_column_text]Prozesswasser, Rein- und Reinstwasser f\u00fcr tempor\u00e4re Zwecke? Profitieren Sie von EnviroFALK Wasseraufbereitungsanlagen auf Mietbasis. Rufen Sie uns am besten gleich an. Wir freuen uns auf Ihren Anruf![\/vc_column_text][\/vc_tta_section][\/vc_tta_accordion][\/vc_column][\/vc_row][\/vc_section]<\/p>\n<\/div>","protected":false},"excerpt":{"rendered":"<p>[vc_section][vc_row full_width=&#187;stretch_row_content_no_spaces&#187;][vc_column][\/vc_column][\/vc_row][vc_row el_class=&#187;breadcrumbs-wrapper&#187;][vc_column][\/vc_column][\/vc_row][\/vc_section][vc_section][vc_row css_animation=&#187;slideInUp&#187; el_class=&#187;two-columns-row tablet-row&#187;][vc_column width=&#187;3\/4&#8243;][vc_custom_heading source=&#187;post_title&#187; font_container=&#187;tag:h1|text_align:left&#187; use_theme_fonts=&#187;yes&#187;][vc_column_text] EnviroFALK Wasseraufbereitung als Mietanlage Sie ben\u00f6tigen tempor\u00e4r eine Wasseraufbereitung? Ihre Prozesse und Anwendungen erfordern enth\u00e4rtetes, entsalztes und keimfreies Wasser? EnviroFALK bietet f\u00fcr unterschiedliche Anwendungsbereiche individuell zugeschnittene Wasseraufbereitungsanlagen auf Mietbasis an. Hierf\u00fcr haben wir einen ausgew\u00e4hlten Bestand verschiedenster Anlagenmodule, die uns ein schnelles Handeln und eine [&hellip;]<\/p>\n","protected":false},"author":3,"featured_media":0,"parent":14054,"menu_order":13,"comment_status":"closed","ping_status":"closed","template":"","meta":{"_acf_changed":false,"rs_blank_template":"","rs_page_bg_color":"","slide_template_v7":"","footnotes":""},"class_list":["post-14113","page","type-page","status-publish","hentry"],"acf":[],"yoast_head":"<!-- This site is optimized with the Yoast SEO Premium plugin v27.4 (Yoast SEO v27.4) - https:\/\/yoast.com\/product\/yoast-seo-premium-wordpress\/ -->\n<title>Wasseraufbereitung als Mietanlagen &#8211; EnviroFALK<\/title>\n<meta name=\"robots\" content=\"index, follow, max-snippet:-1, max-image-preview:large, max-video-preview:-1\" \/>\n<link rel=\"canonical\" href=\"https:\/\/www.envirofalk.com\/ch\/verfahren-produkte\/wasseraufbereitung-als-mietanlagen\/\" \/>\n<meta property=\"og:locale\" content=\"de_DE\" \/>\n<meta property=\"og:type\" content=\"article\" \/>\n<meta property=\"og:title\" content=\"Wasseraufbereitung als Mietanlagen\" \/>\n<meta property=\"og:description\" content=\"[vc_section][vc_row full_width=&#187;stretch_row_content_no_spaces&#187;][vc_column][\/vc_column][\/vc_row][vc_row el_class=&#187;breadcrumbs-wrapper&#187;][vc_column][\/vc_column][\/vc_row][\/vc_section][vc_section][vc_row css_animation=&#187;slideInUp&#187; el_class=&#187;two-columns-row tablet-row&#187;][vc_column width=&#187;3\/4&#8243;][vc_custom_heading source=&#187;post_title&#187; font_container=&#187;tag:h1|text_align:left&#187; use_theme_fonts=&#187;yes&#187;][vc_column_text] EnviroFALK Wasseraufbereitung als Mietanlage Sie ben\u00f6tigen tempor\u00e4r eine Wasseraufbereitung? Ihre Prozesse und Anwendungen erfordern enth\u00e4rtetes, entsalztes und keimfreies Wasser? EnviroFALK bietet f\u00fcr unterschiedliche Anwendungsbereiche individuell zugeschnittene Wasseraufbereitungsanlagen auf Mietbasis an. Hierf\u00fcr haben wir einen ausgew\u00e4hlten Bestand verschiedenster Anlagenmodule, die uns ein schnelles Handeln und eine [&hellip;]\" \/>\n<meta property=\"og:url\" content=\"https:\/\/www.envirofalk.com\/ch\/verfahren-produkte\/wasseraufbereitung-als-mietanlagen\/\" \/>\n<meta property=\"og:site_name\" content=\"EnviroFALK\" \/>\n<meta property=\"article:publisher\" content=\"https:\/\/www.facebook.com\/envirofalk\" \/>\n<meta name=\"twitter:card\" content=\"summary_large_image\" \/>\n<meta name=\"twitter:label1\" content=\"Gesch\u00e4tzte Lesezeit\" \/>\n\t<meta name=\"twitter:data1\" content=\"3\u00a0Minuten\" \/>\n<script type=\"application\/ld+json\" class=\"yoast-schema-graph\">{\"@context\":\"https:\\\/\\\/schema.org\",\"@graph\":[{\"@type\":\"WebPage\",\"@id\":\"https:\\\/\\\/www.envirofalk.com\\\/ch\\\/verfahren-produkte\\\/wasseraufbereitung-als-mietanlagen\\\/\",\"url\":\"https:\\\/\\\/www.envirofalk.com\\\/ch\\\/verfahren-produkte\\\/wasseraufbereitung-als-mietanlagen\\\/\",\"name\":\"Wasseraufbereitung als Mietanlagen &#8211; EnviroFALK\",\"isPartOf\":{\"@id\":\"https:\\\/\\\/www.envirofalk.com\\\/ch\\\/#website\"},\"datePublished\":\"2024-04-18T09:14:11+00:00\",\"breadcrumb\":{\"@id\":\"https:\\\/\\\/www.envirofalk.com\\\/ch\\\/verfahren-produkte\\\/wasseraufbereitung-als-mietanlagen\\\/#breadcrumb\"},\"inLanguage\":\"de-CH\",\"potentialAction\":[{\"@type\":\"ReadAction\",\"target\":[\"https:\\\/\\\/www.envirofalk.com\\\/ch\\\/verfahren-produkte\\\/wasseraufbereitung-als-mietanlagen\\\/\"]}]},{\"@type\":\"BreadcrumbList\",\"@id\":\"https:\\\/\\\/www.envirofalk.com\\\/ch\\\/verfahren-produkte\\\/wasseraufbereitung-als-mietanlagen\\\/#breadcrumb\",\"itemListElement\":[{\"@type\":\"ListItem\",\"position\":1,\"name\":\"Home\",\"item\":\"https:\\\/\\\/www.envirofalk.com\\\/ch\\\/\"},{\"@type\":\"ListItem\",\"position\":2,\"name\":\"Verfahrenstechniken &#038; Produkte\",\"item\":\"https:\\\/\\\/www.envirofalk.com\\\/ch\\\/verfahren-produkte\\\/\"},{\"@type\":\"ListItem\",\"position\":3,\"name\":\"Wasseraufbereitung als Mietanlagen\"}]},{\"@type\":\"WebSite\",\"@id\":\"https:\\\/\\\/www.envirofalk.com\\\/ch\\\/#website\",\"url\":\"https:\\\/\\\/www.envirofalk.com\\\/ch\\\/\",\"name\":\"EnviroFALK\",\"description\":\"Wasseraufbereitungsanlagen f\u00fcr Industrie, Gewerbe &amp; Labor\",\"publisher\":{\"@id\":\"https:\\\/\\\/www.envirofalk.com\\\/ch\\\/#organization\"},\"potentialAction\":[{\"@type\":\"SearchAction\",\"target\":{\"@type\":\"EntryPoint\",\"urlTemplate\":\"https:\\\/\\\/www.envirofalk.com\\\/ch\\\/?s={search_term_string}\"},\"query-input\":{\"@type\":\"PropertyValueSpecification\",\"valueRequired\":true,\"valueName\":\"search_term_string\"}}],\"inLanguage\":\"de-CH\"},{\"@type\":\"Organization\",\"@id\":\"https:\\\/\\\/www.envirofalk.com\\\/ch\\\/#organization\",\"name\":\"EnviroFALK\",\"url\":\"https:\\\/\\\/www.envirofalk.com\\\/ch\\\/\",\"logo\":{\"@type\":\"ImageObject\",\"inLanguage\":\"de-CH\",\"@id\":\"https:\\\/\\\/www.envirofalk.com\\\/ch\\\/#\\\/schema\\\/logo\\\/image\\\/\",\"url\":\"https:\\\/\\\/www.envirofalk.com\\\/wp-content\\\/uploads\\\/2023\\\/01\\\/logo.svg\",\"contentUrl\":\"https:\\\/\\\/www.envirofalk.com\\\/wp-content\\\/uploads\\\/2023\\\/01\\\/logo.svg\",\"caption\":\"EnviroFALK\"},\"image\":{\"@id\":\"https:\\\/\\\/www.envirofalk.com\\\/ch\\\/#\\\/schema\\\/logo\\\/image\\\/\"},\"sameAs\":[\"https:\\\/\\\/www.facebook.com\\\/envirofalk\",\"https:\\\/\\\/www.linkedin.com\\\/company\\\/envirofalk-gmbh\",\"https:\\\/\\\/www.youtube.com\\\/channel\\\/UCM1L-2K6cfBbP3aYgJGbVdA\"],\"description\":\"EnviroFALK Prozesswassertechnik ist Ihr Spezialist f\u00fcr ma\u00dfgeschneiderte Wasseraufbereitungsl\u00f6sungen in der Industrie. Wir bieten innovative Technologien f\u00fcr die Erzeugung und Aufbereitung von Prozesswasser, um h\u00f6chste Effizienz und Qualit\u00e4t in Ihren Produktionsprozessen zu gew\u00e4hrleisten. Mit jahrzehntelanger Erfahrung entwickeln wir nachhaltige und ressourcenschonende L\u00f6sungen, die exakt auf die Anforderungen unserer Kunden abgestimmt sind. Unsere Leistungen umfassen die Filtration, Enth\u00e4rtung, Entsalzung und R\u00fcckgewinnung von Wasser f\u00fcr verschiedenste Anwendungen \u2013 von der Metallverarbeitung bis zur Lebensmittelindustrie. Unsere Experten begleiten Sie von der Planung \u00fcber die Implementierung bis hin zum Service, um eine zuverl\u00e4ssige und wirtschaftliche Wasseraufbereitung sicherzustellen.\",\"email\":\"info@envirofalk.com\",\"telephone\":\"+49 2663 9908-0\",\"legalName\":\"EnviroFALK GmbH\",\"foundingDate\":\"1989-05-01\"}]}<\/script>\n<!-- \/ Yoast SEO Premium plugin. -->","yoast_head_json":{"title":"Wasseraufbereitung als Mietanlagen &#8211; EnviroFALK","robots":{"index":"index","follow":"follow","max-snippet":"max-snippet:-1","max-image-preview":"max-image-preview:large","max-video-preview":"max-video-preview:-1"},"canonical":"https:\/\/www.envirofalk.com\/ch\/verfahren-produkte\/wasseraufbereitung-als-mietanlagen\/","og_locale":"de_DE","og_type":"article","og_title":"Wasseraufbereitung als Mietanlagen","og_description":"[vc_section][vc_row full_width=&#187;stretch_row_content_no_spaces&#187;][vc_column][\/vc_column][\/vc_row][vc_row el_class=&#187;breadcrumbs-wrapper&#187;][vc_column][\/vc_column][\/vc_row][\/vc_section][vc_section][vc_row css_animation=&#187;slideInUp&#187; el_class=&#187;two-columns-row tablet-row&#187;][vc_column width=&#187;3\/4&#8243;][vc_custom_heading source=&#187;post_title&#187; font_container=&#187;tag:h1|text_align:left&#187; use_theme_fonts=&#187;yes&#187;][vc_column_text] EnviroFALK Wasseraufbereitung als Mietanlage Sie ben\u00f6tigen tempor\u00e4r eine Wasseraufbereitung? Ihre Prozesse und Anwendungen erfordern enth\u00e4rtetes, entsalztes und keimfreies Wasser? EnviroFALK bietet f\u00fcr unterschiedliche Anwendungsbereiche individuell zugeschnittene Wasseraufbereitungsanlagen auf Mietbasis an. Hierf\u00fcr haben wir einen ausgew\u00e4hlten Bestand verschiedenster Anlagenmodule, die uns ein schnelles Handeln und eine [&hellip;]","og_url":"https:\/\/www.envirofalk.com\/ch\/verfahren-produkte\/wasseraufbereitung-als-mietanlagen\/","og_site_name":"EnviroFALK","article_publisher":"https:\/\/www.facebook.com\/envirofalk","twitter_card":"summary_large_image","twitter_misc":{"Gesch\u00e4tzte Lesezeit":"3\u00a0Minuten"},"schema":{"@context":"https:\/\/schema.org","@graph":[{"@type":"WebPage","@id":"https:\/\/www.envirofalk.com\/ch\/verfahren-produkte\/wasseraufbereitung-als-mietanlagen\/","url":"https:\/\/www.envirofalk.com\/ch\/verfahren-produkte\/wasseraufbereitung-als-mietanlagen\/","name":"Wasseraufbereitung als Mietanlagen &#8211; EnviroFALK","isPartOf":{"@id":"https:\/\/www.envirofalk.com\/ch\/#website"},"datePublished":"2024-04-18T09:14:11+00:00","breadcrumb":{"@id":"https:\/\/www.envirofalk.com\/ch\/verfahren-produkte\/wasseraufbereitung-als-mietanlagen\/#breadcrumb"},"inLanguage":"de-CH","potentialAction":[{"@type":"ReadAction","target":["https:\/\/www.envirofalk.com\/ch\/verfahren-produkte\/wasseraufbereitung-als-mietanlagen\/"]}]},{"@type":"BreadcrumbList","@id":"https:\/\/www.envirofalk.com\/ch\/verfahren-produkte\/wasseraufbereitung-als-mietanlagen\/#breadcrumb","itemListElement":[{"@type":"ListItem","position":1,"name":"Home","item":"https:\/\/www.envirofalk.com\/ch\/"},{"@type":"ListItem","position":2,"name":"Verfahrenstechniken &#038; Produkte","item":"https:\/\/www.envirofalk.com\/ch\/verfahren-produkte\/"},{"@type":"ListItem","position":3,"name":"Wasseraufbereitung als Mietanlagen"}]},{"@type":"WebSite","@id":"https:\/\/www.envirofalk.com\/ch\/#website","url":"https:\/\/www.envirofalk.com\/ch\/","name":"EnviroFALK","description":"Wasseraufbereitungsanlagen f\u00fcr Industrie, Gewerbe &amp; Labor","publisher":{"@id":"https:\/\/www.envirofalk.com\/ch\/#organization"},"potentialAction":[{"@type":"SearchAction","target":{"@type":"EntryPoint","urlTemplate":"https:\/\/www.envirofalk.com\/ch\/?s={search_term_string}"},"query-input":{"@type":"PropertyValueSpecification","valueRequired":true,"valueName":"search_term_string"}}],"inLanguage":"de-CH"},{"@type":"Organization","@id":"https:\/\/www.envirofalk.com\/ch\/#organization","name":"EnviroFALK","url":"https:\/\/www.envirofalk.com\/ch\/","logo":{"@type":"ImageObject","inLanguage":"de-CH","@id":"https:\/\/www.envirofalk.com\/ch\/#\/schema\/logo\/image\/","url":"https:\/\/www.envirofalk.com\/wp-content\/uploads\/2023\/01\/logo.svg","contentUrl":"https:\/\/www.envirofalk.com\/wp-content\/uploads\/2023\/01\/logo.svg","caption":"EnviroFALK"},"image":{"@id":"https:\/\/www.envirofalk.com\/ch\/#\/schema\/logo\/image\/"},"sameAs":["https:\/\/www.facebook.com\/envirofalk","https:\/\/www.linkedin.com\/company\/envirofalk-gmbh","https:\/\/www.youtube.com\/channel\/UCM1L-2K6cfBbP3aYgJGbVdA"],"description":"EnviroFALK Prozesswassertechnik ist Ihr Spezialist f\u00fcr ma\u00dfgeschneiderte Wasseraufbereitungsl\u00f6sungen in der Industrie. Wir bieten innovative Technologien f\u00fcr die Erzeugung und Aufbereitung von Prozesswasser, um h\u00f6chste Effizienz und Qualit\u00e4t in Ihren Produktionsprozessen zu gew\u00e4hrleisten. Mit jahrzehntelanger Erfahrung entwickeln wir nachhaltige und ressourcenschonende L\u00f6sungen, die exakt auf die Anforderungen unserer Kunden abgestimmt sind. Unsere Leistungen umfassen die Filtration, Enth\u00e4rtung, Entsalzung und R\u00fcckgewinnung von Wasser f\u00fcr verschiedenste Anwendungen \u2013 von der Metallverarbeitung bis zur Lebensmittelindustrie. Unsere Experten begleiten Sie von der Planung \u00fcber die Implementierung bis hin zum Service, um eine zuverl\u00e4ssige und wirtschaftliche Wasseraufbereitung sicherzustellen.","email":"info@envirofalk.com","telephone":"+49 2663 9908-0","legalName":"EnviroFALK GmbH","foundingDate":"1989-05-01"}]}},"_links":{"self":[{"href":"https:\/\/www.envirofalk.com\/ch\/wp-json\/wp\/v2\/pages\/14113","targetHints":{"allow":["GET"]}}],"collection":[{"href":"https:\/\/www.envirofalk.com\/ch\/wp-json\/wp\/v2\/pages"}],"about":[{"href":"https:\/\/www.envirofalk.com\/ch\/wp-json\/wp\/v2\/types\/page"}],"author":[{"embeddable":true,"href":"https:\/\/www.envirofalk.com\/ch\/wp-json\/wp\/v2\/users\/3"}],"replies":[{"embeddable":true,"href":"https:\/\/www.envirofalk.com\/ch\/wp-json\/wp\/v2\/comments?post=14113"}],"version-history":[{"count":1,"href":"https:\/\/www.envirofalk.com\/ch\/wp-json\/wp\/v2\/pages\/14113\/revisions"}],"predecessor-version":[{"id":14122,"href":"https:\/\/www.envirofalk.com\/ch\/wp-json\/wp\/v2\/pages\/14113\/revisions\/14122"}],"up":[{"embeddable":true,"href":"https:\/\/www.envirofalk.com\/ch\/wp-json\/wp\/v2\/pages\/14054"}],"wp:attachment":[{"href":"https:\/\/www.envirofalk.com\/ch\/wp-json\/wp\/v2\/media?parent=14113"}],"curies":[{"name":"wp","href":"https:\/\/api.w.org\/{rel}","templated":true}]}}