{"id":14103,"date":"2024-04-18T11:07:46","date_gmt":"2024-04-18T09:07:46","guid":{"rendered":"https:\/\/www.envirofalk.com\/?page_id=14103"},"modified":"2026-02-04T11:04:36","modified_gmt":"2026-02-04T10:04:36","slug":"nanofiltrationsanlagen","status":"publish","type":"page","link":"https:\/\/www.envirofalk.com\/ch\/verfahrenstechniken-produkte\/nanofiltrationsanlagen\/","title":{"rendered":"Nanofiltrationsanlagen"},"content":{"rendered":"<div class=\"wpb-content-wrapper\"><p>[vc_section][vc_row full_width=&#187;stretch_row_content_no_spaces&#187;][vc_column]<div class=\"custom-top-banner img-box   has-icon\" style=\"background-image: url(https:\/\/www.envirofalk.com\/wp-content\/uploads\/2023\/05\/banner-energieerzeugung.jpg)\"><div class=\"container relative\"><div class=\"text-box\"><div class=\"slideInRight animated\"><img decoding=\"async\" width=\"1\" height=\"1\" src=\"https:\/\/www.envirofalk.com\/wp-content\/uploads\/2023\/08\/Wasseraufbereitung_Umkehrosmose_Icon.svg\" class=\"attachment-120x120 size-120x120\" alt=\"\" \/><p>Partikelfreies Wasser <strong>Nanofiltrationsanlagen<\/strong><\/p><\/div><\/div><\/div><\/div>[\/vc_column][\/vc_row][vc_row el_class=&#187;breadcrumbs-wrapper&#187;][vc_column]<div class=\"breadcrumbs\"><label><\/label> <a href=\"https:\/\/www.envirofalk.com\/ch\/\">Home<\/a><\/div>[\/vc_column][\/vc_row][\/vc_section][vc_section][vc_row css_animation=&#187;slideInUp&#187; el_class=&#187;two-columns-row tablet-row&#187;][vc_column width=&#187;3\/4&#8243;][vc_custom_heading text=&#187;R\u00fcckhaltung von Ionen, Molek\u00fclen und Partikeln mit EnviroFALK Nanofiltrationsanlagen&#187; font_container=&#187;tag:h1|text_align:left&#187; use_theme_fonts=&#187;yes&#187;][vc_column_text]Sie ben\u00f6tigen <strong>Wasser frei von Verunreinigungen wie Bakterien, gel\u00f6ste Salze, Pestizide und Proteine? <\/strong>Sie wollen unerw\u00fcnschte Inhaltsstoffe ganz oder teilweise entfernen? Dann liegen Sie mit unseren <strong>Nanofiltrationsanlagen <\/strong>zur<strong> Teilenth\u00e4rtung <\/strong>und<strong> Reduzierung <\/strong>von <strong>Tr\u00fcbungen <\/strong>und<strong> F\u00e4rbungen im Oberfl\u00e4chenwasser<\/strong> genau richtig. Denn mit EnviroFALK Nanofiltrationsanlagen lassen sich Partikel im Nanometer-Bereich zur\u00fcckhalten!<\/p>\n<p>Profitieren Sie von einem <strong>Erfahrungsschatz von \u00fcber 30 Jahren!<\/strong><br \/>\n[\/vc_column_text][\/vc_column][vc_column width=&#187;1\/4&#8243;]<div class=\"online-consultant-box  wpb_content_element\"><div class=\"online-consultant\"><div><div class=\"person-info\"><h5>Jonas Knoche<\/h5><ul class=\"person-list\"><li><a href=\"tel:+41 41 740 39 49\">+41 41 740 39 49<\/a><\/li><\/ul><\/div><a href=\"#beratung\" target=\"_self\" class=\"custom-btn show-modal\"><i class=\"icon-chevron-right\"><\/i>Zur Onlineberatung<\/a><\/div><div class=\"relative\"><svg xmlns=\"http:\/\/www.w3.org\/2000\/svg\" viewBox=\"0 0 32.83 32.83\">\n\t\t\t\t\t\t\t\t\t<defs>\n\t\t\t\t\t\t\t\t\t\t<linearGradient id=\"gradient\" x1=\"0%\" y1=\"0%\" x2=\"0%\" y2=\"100%\" gradientTransform=\"rotate(-135)\">\n\t\t\t\t\t\t\t\t\t\t\t<stop offset=\"0%\" stop-color=\"#97be0d\"\/>\n\t\t\t\t\t\t\t\t\t\t\t\t<stop offset=\"100%\" stop-color=\"rgba(255, 255, 255, 0)\"\/>\n\t\t\t\t\t\t\t\t\t\t<\/linearGradient>\n\t\t\t\t\t\t\t\t\t<\/defs>\n\t\t\t\t\t\t\t\t\t<path class=\"wpb_animate_when_almost_visible circular-progress\" stroke=\"url(#gradient)\" stroke-width=\"1\" stroke-dasharray=\"100, 100\" fill=\"none\" d=\"M18,2.08a15.92,15.92,0,0,1,0,31.84h0A15.92,15.92,0,0,1,18,2.08\" transform=\"translate(-1.59 -1.58)\"\/>\n                            \t<\/svg><span><img decoding=\"async\" width=\"500\" height=\"500\" src=\"https:\/\/www.envirofalk.com\/wp-content\/uploads\/2024\/04\/Jonas_Knoche.png\" class=\"attachment-full size-full\" alt=\"\" srcset=\"https:\/\/www.envirofalk.com\/wp-content\/uploads\/2024\/04\/Jonas_Knoche.png 500w, https:\/\/www.envirofalk.com\/wp-content\/uploads\/2024\/04\/Jonas_Knoche-350x350.png 350w, https:\/\/www.envirofalk.com\/wp-content\/uploads\/2024\/04\/Jonas_Knoche-150x150.png 150w\" sizes=\"(max-width: 500px) 100vw, 500px\" \/><\/span><\/div><\/div><\/div>[\/vc_column][\/vc_row][\/vc_section][vc_section][vc_row el_class=&#187;tablet-row vertical-center&#187;][vc_column css_animation=&#187;slideInLeft&#187; width=&#187;1\/2&#8243;][vc_column_text]<\/p>\n<h2>EnviroFALK, die Experten rund um Ihre Nanofiltrationsanlagen<\/h2>\n<p>Clever ist, wer sich in puncto Nanofiltration direkt an die Experten von EnviroFALK wendet. Auch f\u00fcr Sie konzipieren wir gerne eine hocheffiziente Nanofiltrationsanlage, die Ihren individuellen Anforderungen auf ganzer Linie entspricht.<\/p>\n<p>Als Hersteller von Nanofiltrationsanlagen ist das der Anspruch, den wir an uns stellen \u2013 zu 100 Prozent f\u00fcr unsere Kunden da sein!<\/p>\n<p>Wir sind auch der ideale Ansprechpartner, wenn es um das Zur\u00fcckhalten <strong>aller gel\u00f6sten Stoffe<\/strong> geht. Dann setzen Sie mit uns auf das n\u00e4chstfeinere Verfahren, die <a class=\"chem_internallink\" title=\"Umkehrosmose\" href=\"https:\/\/www.chemie.de\/lexikon\/Umkehrosmose.html\" target=\"_blank\" rel=\"noopener noreferrer nofollow\">Umkehrosmose<\/a>.<\/p>\n<p>Schlie\u00dflich wollen wir f\u00fcr Ihre Prozesswasseraufbereitung nur das Beste![\/vc_column_text][\/vc_column][vc_column css_animation=&#187;slideInRight&#187; width=&#187;1\/2&#8243;]<div class=\"bg-image img-box\" style=\"background-image: url(https:\/\/www.envirofalk.com\/wp-content\/uploads\/2023\/02\/bg-about.gif)\"><img decoding=\"async\" width=\"636\" height=\"350\" src=\"https:\/\/www.envirofalk.com\/wp-content\/uploads\/2023\/05\/Nanofiltrationsanlagen.png\" class=\"attachment-full size-full\" alt=\"Nanofiltrationsanlage\" srcset=\"https:\/\/www.envirofalk.com\/wp-content\/uploads\/2023\/05\/Nanofiltrationsanlagen.png 636w, https:\/\/www.envirofalk.com\/wp-content\/uploads\/2023\/05\/Nanofiltrationsanlagen-350x193.png 350w\" sizes=\"(max-width: 636px) 100vw, 636px\" \/><\/div>[\/vc_column][\/vc_row][vc_row][vc_column][vc_tta_accordion section_title_tag=&#187;h5&#8243; c_icon=&#187;chevron&#187; c_position=&#187;right&#187; active_section=&#187;&#187; no_fill=&#187;true&#187; collapsible_all=&#187;true&#187; title=&#187;Erfahren Sie mehr \u00fcber Nanofiltration&#187;][vc_tta_section title=&#187;Was versteht man unter einer Nanofiltrationsanlage und welche Funktion hat sie?&#187; tab_id=&#187;1694684192118-7ec1d2fe-6e35&#8243;][vc_column_text]<strong>Nanofiltrationsanlagen werden zur Teilenth\u00e4rtung und Reduzierung von Tr\u00fcbungen und F\u00e4rbungen im Oberfl\u00e4chenwasser eingesetzt<\/strong>. Die Bezeichnung verdankt die Nanofiltration ihrem <strong>R\u00fcckhalteverm\u00f6gen,<\/strong> das bei <strong>ca. einem Nanometer<\/strong> liegt.<\/p>\n<p>Die Nanofiltration ist eine Membrantechnologie, die vorwiegend zweiwertige Ionen, gel\u00f6ste Molek\u00fcle und kleine Partikel zur\u00fcckh\u00e4lt und sowohl im Aufbau als auch in der Funktion der Umkehrosmose \u00e4hnelt.[\/vc_column_text][\/vc_tta_section][vc_tta_section title=&#187;Welchen Wirkungsgrad haben Nanofiltrationsanlagen?&#187; tab_id=&#187;1694684192137-68f566a5-4d6a&#187;][vc_column_text css=&#187;&#187;]Nanofiltrationsanlagen werden h\u00e4ufig bei der <strong>R\u00fcckgewinnung von Reinigungsl\u00f6sungen oder zur F\u00e4rbung von Wasser mit Farbstoffen eingesetzt. Auch bei der R\u00fcckgewinnung von Industrieabwasser zeichnet sich die Nanofiltration aus.<\/strong><\/p>\n<p>Sie m\u00f6chten noch mehr \u00fcber EnviroFALK Nanofiltrationsanlagen erfahren? Ein Klick gen\u00fcgt <a href=\"https:\/\/www.envirofalk.com\/expertenwissen-wasseraufbereitung\/nanofiltration\/\"><strong>Nanofiltration<\/strong><\/a>[\/vc_column_text][\/vc_tta_section][vc_tta_section title=&#187;In Sachen Nanofiltration m\u00f6chten Sie von einem Experten beraten werden?&#187; tab_id=&#187;1694688113004-4453ec2a-e8a6&#8243;][vc_column_text]Bei der\u00a0<strong>Nanofiltration<\/strong>\u00a0(kurz <strong>NF<\/strong>) handelt es sich um eine Membrantechnologie, die vorwiegend zweiwertige Ionen und gr\u00f6\u00dfere Molek\u00fcle zur\u00fcckh\u00e4lt. Ihren Namen verdankt sie dabei ihrem R\u00fcckhalteverm\u00f6gen, das bei ca. einem Nanometer liegt. Genutzt wird sie insbesondere zur Teilenth\u00e4rtung und Reduzierung von Tr\u00fcbungen sowie F\u00e4rbungen im Oberfl\u00e4chenwasser. Aufgrund dieser Tatsache eignet sie sich hervorragend als vorgeschaltete Behandlung im Rahmen der Prozesswasserherstellung.<\/p>\n<p><strong>Mehr \u00fcber unsere Nanofiltrationsanlagen erfahren Sie von unseren Experten. Rufen Sie uns an. Denn wir sind f\u00fcr Sie da!<\/strong><\/p>\n<p>[\/vc_column_text][\/vc_tta_section][\/vc_tta_accordion][\/vc_column][\/vc_row][\/vc_section]<\/p>\n<\/div>","protected":false},"excerpt":{"rendered":"<p>[vc_section][vc_row full_width=&#187;stretch_row_content_no_spaces&#187;][vc_column][\/vc_column][\/vc_row][vc_row el_class=&#187;breadcrumbs-wrapper&#187;][vc_column][\/vc_column][\/vc_row][\/vc_section][vc_section][vc_row css_animation=&#187;slideInUp&#187; el_class=&#187;two-columns-row tablet-row&#187;][vc_column width=&#187;3\/4&#8243;][vc_custom_heading text=&#187;R\u00fcckhaltung von Ionen, Molek\u00fclen und Partikeln mit EnviroFALK Nanofiltrationsanlagen&#187; font_container=&#187;tag:h1|text_align:left&#187; use_theme_fonts=&#187;yes&#187;][vc_column_text]Sie ben\u00f6tigen Wasser frei von Verunreinigungen wie Bakterien, gel\u00f6ste Salze, Pestizide und Proteine? Sie wollen unerw\u00fcnschte Inhaltsstoffe ganz oder teilweise entfernen? Dann liegen Sie mit unseren Nanofiltrationsanlagen zur Teilenth\u00e4rtung und Reduzierung von Tr\u00fcbungen und F\u00e4rbungen im Oberfl\u00e4chenwasser genau [&hellip;]<\/p>\n","protected":false},"author":3,"featured_media":0,"parent":14054,"menu_order":6,"comment_status":"closed","ping_status":"closed","template":"","meta":{"_acf_changed":false,"rs_blank_template":"","rs_page_bg_color":"","slide_template_v7":"","footnotes":""},"class_list":["post-14103","page","type-page","status-publish","hentry"],"acf":[],"yoast_head":"<!-- This site is optimized with the Yoast SEO Premium plugin v27.3 (Yoast SEO v27.3) - https:\/\/yoast.com\/product\/yoast-seo-premium-wordpress\/ -->\n<title>Nanofiltrationsanlagen &#8211; EnviroFALK<\/title>\n<meta name=\"robots\" content=\"index, follow, max-snippet:-1, max-image-preview:large, max-video-preview:-1\" \/>\n<link rel=\"canonical\" href=\"https:\/\/www.envirofalk.com\/ch\/verfahrenstechniken-produkte\/nanofiltrationsanlagen\/\" \/>\n<meta property=\"og:locale\" content=\"de_DE\" \/>\n<meta property=\"og:type\" content=\"article\" \/>\n<meta property=\"og:title\" content=\"Nanofiltrationsanlagen\" \/>\n<meta property=\"og:description\" content=\"[vc_section][vc_row full_width=&#187;stretch_row_content_no_spaces&#187;][vc_column][\/vc_column][\/vc_row][vc_row el_class=&#187;breadcrumbs-wrapper&#187;][vc_column][\/vc_column][\/vc_row][\/vc_section][vc_section][vc_row css_animation=&#187;slideInUp&#187; el_class=&#187;two-columns-row tablet-row&#187;][vc_column width=&#187;3\/4&#8243;][vc_custom_heading text=&#187;R\u00fcckhaltung von Ionen, Molek\u00fclen und Partikeln mit EnviroFALK Nanofiltrationsanlagen&#187; font_container=&#187;tag:h1|text_align:left&#187; use_theme_fonts=&#187;yes&#187;][vc_column_text]Sie ben\u00f6tigen Wasser frei von Verunreinigungen wie Bakterien, gel\u00f6ste Salze, Pestizide und Proteine? Sie wollen unerw\u00fcnschte Inhaltsstoffe ganz oder teilweise entfernen? Dann liegen Sie mit unseren Nanofiltrationsanlagen zur Teilenth\u00e4rtung und Reduzierung von Tr\u00fcbungen und F\u00e4rbungen im Oberfl\u00e4chenwasser genau [&hellip;]\" \/>\n<meta property=\"og:url\" content=\"https:\/\/www.envirofalk.com\/ch\/verfahrenstechniken-produkte\/nanofiltrationsanlagen\/\" \/>\n<meta property=\"og:site_name\" content=\"EnviroFALK\" \/>\n<meta property=\"article:publisher\" content=\"https:\/\/www.facebook.com\/envirofalk\" \/>\n<meta property=\"article:modified_time\" content=\"2026-02-04T10:04:36+00:00\" \/>\n<meta name=\"twitter:card\" content=\"summary_large_image\" \/>\n<meta name=\"twitter:label1\" content=\"Gesch\u00e4tzte Lesezeit\" \/>\n\t<meta name=\"twitter:data1\" content=\"4\u00a0Minuten\" \/>\n<script type=\"application\/ld+json\" class=\"yoast-schema-graph\">{\"@context\":\"https:\\\/\\\/schema.org\",\"@graph\":[{\"@type\":\"WebPage\",\"@id\":\"https:\\\/\\\/www.envirofalk.com\\\/ch\\\/verfahrenstechniken-produkte\\\/nanofiltrationsanlagen\\\/\",\"url\":\"https:\\\/\\\/www.envirofalk.com\\\/ch\\\/verfahrenstechniken-produkte\\\/nanofiltrationsanlagen\\\/\",\"name\":\"Nanofiltrationsanlagen &#8211; EnviroFALK\",\"isPartOf\":{\"@id\":\"https:\\\/\\\/www.envirofalk.com\\\/#website\"},\"datePublished\":\"2024-04-18T09:07:46+00:00\",\"dateModified\":\"2026-02-04T10:04:36+00:00\",\"breadcrumb\":{\"@id\":\"https:\\\/\\\/www.envirofalk.com\\\/ch\\\/verfahrenstechniken-produkte\\\/nanofiltrationsanlagen\\\/#breadcrumb\"},\"inLanguage\":\"de-CH\",\"potentialAction\":[{\"@type\":\"ReadAction\",\"target\":[\"https:\\\/\\\/www.envirofalk.com\\\/ch\\\/verfahrenstechniken-produkte\\\/nanofiltrationsanlagen\\\/\"]}]},{\"@type\":\"BreadcrumbList\",\"@id\":\"https:\\\/\\\/www.envirofalk.com\\\/ch\\\/verfahrenstechniken-produkte\\\/nanofiltrationsanlagen\\\/#breadcrumb\",\"itemListElement\":[{\"@type\":\"ListItem\",\"position\":1,\"name\":\"Home\",\"item\":\"https:\\\/\\\/www.envirofalk.com\\\/ch\\\/\"},{\"@type\":\"ListItem\",\"position\":2,\"name\":\"Verfahrenstechniken &#038; Produkte\",\"item\":\"https:\\\/\\\/www.envirofalk.com\\\/ch\\\/verfahrenstechniken-produkte\\\/\"},{\"@type\":\"ListItem\",\"position\":3,\"name\":\"Nanofiltrationsanlagen\"}]},{\"@type\":\"WebSite\",\"@id\":\"https:\\\/\\\/www.envirofalk.com\\\/#website\",\"url\":\"https:\\\/\\\/www.envirofalk.com\\\/\",\"name\":\"EnviroFALK\",\"description\":\"Wasseraufbereitungsanlagen f\u00fcr Industrie, Gewerbe &amp; Labor\",\"publisher\":{\"@id\":\"https:\\\/\\\/www.envirofalk.com\\\/#organization\"},\"potentialAction\":[{\"@type\":\"SearchAction\",\"target\":{\"@type\":\"EntryPoint\",\"urlTemplate\":\"https:\\\/\\\/www.envirofalk.com\\\/?s={search_term_string}\"},\"query-input\":{\"@type\":\"PropertyValueSpecification\",\"valueRequired\":true,\"valueName\":\"search_term_string\"}}],\"inLanguage\":\"de-CH\"},{\"@type\":\"Organization\",\"@id\":\"https:\\\/\\\/www.envirofalk.com\\\/#organization\",\"name\":\"EnviroFALK\",\"url\":\"https:\\\/\\\/www.envirofalk.com\\\/\",\"logo\":{\"@type\":\"ImageObject\",\"inLanguage\":\"de-CH\",\"@id\":\"https:\\\/\\\/www.envirofalk.com\\\/#\\\/schema\\\/logo\\\/image\\\/\",\"url\":\"https:\\\/\\\/www.envirofalk.com\\\/wp-content\\\/uploads\\\/2023\\\/01\\\/logo.svg\",\"contentUrl\":\"https:\\\/\\\/www.envirofalk.com\\\/wp-content\\\/uploads\\\/2023\\\/01\\\/logo.svg\",\"caption\":\"EnviroFALK\"},\"image\":{\"@id\":\"https:\\\/\\\/www.envirofalk.com\\\/#\\\/schema\\\/logo\\\/image\\\/\"},\"sameAs\":[\"https:\\\/\\\/www.facebook.com\\\/envirofalk\",\"https:\\\/\\\/www.linkedin.com\\\/company\\\/envirofalk-gmbh\",\"https:\\\/\\\/www.youtube.com\\\/channel\\\/UCM1L-2K6cfBbP3aYgJGbVdA\"],\"description\":\"EnviroFALK Prozesswassertechnik ist Ihr Spezialist f\u00fcr ma\u00dfgeschneiderte Wasseraufbereitungsl\u00f6sungen in der Industrie. Wir bieten innovative Technologien f\u00fcr die Erzeugung und Aufbereitung von Prozesswasser, um h\u00f6chste Effizienz und Qualit\u00e4t in Ihren Produktionsprozessen zu gew\u00e4hrleisten. Mit jahrzehntelanger Erfahrung entwickeln wir nachhaltige und ressourcenschonende L\u00f6sungen, die exakt auf die Anforderungen unserer Kunden abgestimmt sind. Unsere Leistungen umfassen die Filtration, Enth\u00e4rtung, Entsalzung und R\u00fcckgewinnung von Wasser f\u00fcr verschiedenste Anwendungen \u2013 von der Metallverarbeitung bis zur Lebensmittelindustrie. Unsere Experten begleiten Sie von der Planung \u00fcber die Implementierung bis hin zum Service, um eine zuverl\u00e4ssige und wirtschaftliche Wasseraufbereitung sicherzustellen.\",\"email\":\"info@envirofalk.com\",\"telephone\":\"+49 2663 9908-0\",\"legalName\":\"EnviroFALK GmbH\",\"foundingDate\":\"1989-05-01\"}]}<\/script>\n<!-- \/ Yoast SEO Premium plugin. -->","yoast_head_json":{"title":"Nanofiltrationsanlagen &#8211; EnviroFALK","robots":{"index":"index","follow":"follow","max-snippet":"max-snippet:-1","max-image-preview":"max-image-preview:large","max-video-preview":"max-video-preview:-1"},"canonical":"https:\/\/www.envirofalk.com\/ch\/verfahrenstechniken-produkte\/nanofiltrationsanlagen\/","og_locale":"de_DE","og_type":"article","og_title":"Nanofiltrationsanlagen","og_description":"[vc_section][vc_row full_width=&#187;stretch_row_content_no_spaces&#187;][vc_column][\/vc_column][\/vc_row][vc_row el_class=&#187;breadcrumbs-wrapper&#187;][vc_column][\/vc_column][\/vc_row][\/vc_section][vc_section][vc_row css_animation=&#187;slideInUp&#187; el_class=&#187;two-columns-row tablet-row&#187;][vc_column width=&#187;3\/4&#8243;][vc_custom_heading text=&#187;R\u00fcckhaltung von Ionen, Molek\u00fclen und Partikeln mit EnviroFALK Nanofiltrationsanlagen&#187; font_container=&#187;tag:h1|text_align:left&#187; use_theme_fonts=&#187;yes&#187;][vc_column_text]Sie ben\u00f6tigen Wasser frei von Verunreinigungen wie Bakterien, gel\u00f6ste Salze, Pestizide und Proteine? Sie wollen unerw\u00fcnschte Inhaltsstoffe ganz oder teilweise entfernen? Dann liegen Sie mit unseren Nanofiltrationsanlagen zur Teilenth\u00e4rtung und Reduzierung von Tr\u00fcbungen und F\u00e4rbungen im Oberfl\u00e4chenwasser genau [&hellip;]","og_url":"https:\/\/www.envirofalk.com\/ch\/verfahrenstechniken-produkte\/nanofiltrationsanlagen\/","og_site_name":"EnviroFALK","article_publisher":"https:\/\/www.facebook.com\/envirofalk","article_modified_time":"2026-02-04T10:04:36+00:00","twitter_card":"summary_large_image","twitter_misc":{"Gesch\u00e4tzte Lesezeit":"4\u00a0Minuten"},"schema":{"@context":"https:\/\/schema.org","@graph":[{"@type":"WebPage","@id":"https:\/\/www.envirofalk.com\/ch\/verfahrenstechniken-produkte\/nanofiltrationsanlagen\/","url":"https:\/\/www.envirofalk.com\/ch\/verfahrenstechniken-produkte\/nanofiltrationsanlagen\/","name":"Nanofiltrationsanlagen &#8211; EnviroFALK","isPartOf":{"@id":"https:\/\/www.envirofalk.com\/#website"},"datePublished":"2024-04-18T09:07:46+00:00","dateModified":"2026-02-04T10:04:36+00:00","breadcrumb":{"@id":"https:\/\/www.envirofalk.com\/ch\/verfahrenstechniken-produkte\/nanofiltrationsanlagen\/#breadcrumb"},"inLanguage":"de-CH","potentialAction":[{"@type":"ReadAction","target":["https:\/\/www.envirofalk.com\/ch\/verfahrenstechniken-produkte\/nanofiltrationsanlagen\/"]}]},{"@type":"BreadcrumbList","@id":"https:\/\/www.envirofalk.com\/ch\/verfahrenstechniken-produkte\/nanofiltrationsanlagen\/#breadcrumb","itemListElement":[{"@type":"ListItem","position":1,"name":"Home","item":"https:\/\/www.envirofalk.com\/ch\/"},{"@type":"ListItem","position":2,"name":"Verfahrenstechniken &#038; Produkte","item":"https:\/\/www.envirofalk.com\/ch\/verfahrenstechniken-produkte\/"},{"@type":"ListItem","position":3,"name":"Nanofiltrationsanlagen"}]},{"@type":"WebSite","@id":"https:\/\/www.envirofalk.com\/#website","url":"https:\/\/www.envirofalk.com\/","name":"EnviroFALK","description":"Wasseraufbereitungsanlagen f\u00fcr Industrie, Gewerbe &amp; Labor","publisher":{"@id":"https:\/\/www.envirofalk.com\/#organization"},"potentialAction":[{"@type":"SearchAction","target":{"@type":"EntryPoint","urlTemplate":"https:\/\/www.envirofalk.com\/?s={search_term_string}"},"query-input":{"@type":"PropertyValueSpecification","valueRequired":true,"valueName":"search_term_string"}}],"inLanguage":"de-CH"},{"@type":"Organization","@id":"https:\/\/www.envirofalk.com\/#organization","name":"EnviroFALK","url":"https:\/\/www.envirofalk.com\/","logo":{"@type":"ImageObject","inLanguage":"de-CH","@id":"https:\/\/www.envirofalk.com\/#\/schema\/logo\/image\/","url":"https:\/\/www.envirofalk.com\/wp-content\/uploads\/2023\/01\/logo.svg","contentUrl":"https:\/\/www.envirofalk.com\/wp-content\/uploads\/2023\/01\/logo.svg","caption":"EnviroFALK"},"image":{"@id":"https:\/\/www.envirofalk.com\/#\/schema\/logo\/image\/"},"sameAs":["https:\/\/www.facebook.com\/envirofalk","https:\/\/www.linkedin.com\/company\/envirofalk-gmbh","https:\/\/www.youtube.com\/channel\/UCM1L-2K6cfBbP3aYgJGbVdA"],"description":"EnviroFALK Prozesswassertechnik ist Ihr Spezialist f\u00fcr ma\u00dfgeschneiderte Wasseraufbereitungsl\u00f6sungen in der Industrie. Wir bieten innovative Technologien f\u00fcr die Erzeugung und Aufbereitung von Prozesswasser, um h\u00f6chste Effizienz und Qualit\u00e4t in Ihren Produktionsprozessen zu gew\u00e4hrleisten. Mit jahrzehntelanger Erfahrung entwickeln wir nachhaltige und ressourcenschonende L\u00f6sungen, die exakt auf die Anforderungen unserer Kunden abgestimmt sind. Unsere Leistungen umfassen die Filtration, Enth\u00e4rtung, Entsalzung und R\u00fcckgewinnung von Wasser f\u00fcr verschiedenste Anwendungen \u2013 von der Metallverarbeitung bis zur Lebensmittelindustrie. Unsere Experten begleiten Sie von der Planung \u00fcber die Implementierung bis hin zum Service, um eine zuverl\u00e4ssige und wirtschaftliche Wasseraufbereitung sicherzustellen.","email":"info@envirofalk.com","telephone":"+49 2663 9908-0","legalName":"EnviroFALK GmbH","foundingDate":"1989-05-01"}]}},"_links":{"self":[{"href":"https:\/\/www.envirofalk.com\/ch\/wp-json\/wp\/v2\/pages\/14103","targetHints":{"allow":["GET"]}}],"collection":[{"href":"https:\/\/www.envirofalk.com\/ch\/wp-json\/wp\/v2\/pages"}],"about":[{"href":"https:\/\/www.envirofalk.com\/ch\/wp-json\/wp\/v2\/types\/page"}],"author":[{"embeddable":true,"href":"https:\/\/www.envirofalk.com\/ch\/wp-json\/wp\/v2\/users\/3"}],"replies":[{"embeddable":true,"href":"https:\/\/www.envirofalk.com\/ch\/wp-json\/wp\/v2\/comments?post=14103"}],"version-history":[{"count":4,"href":"https:\/\/www.envirofalk.com\/ch\/wp-json\/wp\/v2\/pages\/14103\/revisions"}],"predecessor-version":[{"id":26737,"href":"https:\/\/www.envirofalk.com\/ch\/wp-json\/wp\/v2\/pages\/14103\/revisions\/26737"}],"up":[{"embeddable":true,"href":"https:\/\/www.envirofalk.com\/ch\/wp-json\/wp\/v2\/pages\/14054"}],"wp:attachment":[{"href":"https:\/\/www.envirofalk.com\/ch\/wp-json\/wp\/v2\/media?parent=14103"}],"curies":[{"name":"wp","href":"https:\/\/api.w.org\/{rel}","templated":true}]}}