{"id":14101,"date":"2024-04-18T11:08:38","date_gmt":"2024-04-18T09:08:38","guid":{"rendered":"https:\/\/www.envirofalk.com\/?page_id=14101"},"modified":"2026-02-04T10:59:11","modified_gmt":"2026-02-04T09:59:11","slug":"membranfiltrationsanlagen","status":"publish","type":"page","link":"https:\/\/www.envirofalk.com\/ch\/verfahrenstechniken-produkte\/membranfiltrationsanlagen\/","title":{"rendered":"Membranfiltrationsanlagen"},"content":{"rendered":"<div class=\"wpb-content-wrapper\"><p>[vc_section][vc_row full_width=&#187;stretch_row_content_no_spaces&#187;][vc_column]<div class=\"custom-top-banner img-box   has-icon\" style=\"background-image: url(https:\/\/www.envirofalk.com\/wp-content\/uploads\/2023\/05\/banner-energieerzeugung.jpg)\"><div class=\"container relative\"><div class=\"text-box\"><div class=\"slideInRight animated\"><img decoding=\"async\" width=\"1\" height=\"1\" src=\"https:\/\/www.envirofalk.com\/wp-content\/uploads\/2023\/08\/Filtertechnik_Icon.svg\" class=\"attachment-120x120 size-120x120\" alt=\"Wasserfilter Icon\" \/><p>Membranfiltrationsanlagen<\/p><\/div><\/div><\/div><\/div>[\/vc_column][\/vc_row][vc_row el_class=&#187;breadcrumbs-wrapper&#187;][vc_column]<div class=\"breadcrumbs\"><label><\/label> <a href=\"https:\/\/www.envirofalk.com\/ch\/\">Home<\/a><\/div>[\/vc_column][\/vc_row][\/vc_section][vc_section][vc_row css_animation=&#187;slideInUp&#187; el_class=&#187;two-columns-row tablet-row&#187;][vc_column width=&#187;3\/4&#8243;][vc_custom_heading text=&#187;EnviroFALK Membranfiltrationsanlagen&#187; font_container=&#187;tag:h1|text_align:left&#187; use_theme_fonts=&#187;yes&#187;][vc_column_text]In einer Welt, in der Wasserqualit\u00e4t entscheidend ist, setzen <strong>Membranfiltrationsanlagen<\/strong> neue Ma\u00dfst\u00e4be. Diese innovative Technologie erm\u00f6glicht die zuverl\u00e4ssige Entfernung von Mikroorganismen, Partikeln und Verunreinigungen, um reinstes Wasser zu gew\u00e4hrleisten. Von Trinkwasseraufbereitung bis zur industriellen Nutzung \u2013 Membranfiltrationsanlagen von EnviroFALK bieten effiziente L\u00f6sungen f\u00fcr vielf\u00e4ltige Anforderungen. Setzen Sie auf modernste Technik und gestalten Sie die Zukunft der Wasserreinigung mit Membranfiltrationsanlagen von EnviroFALK![\/vc_column_text][\/vc_column][vc_column width=&#187;1\/4&#8243;]<div class=\"online-consultant-box  wpb_content_element\"><div class=\"online-consultant\"><div><div class=\"person-info\"><h5>Jonas Knoche<\/h5><ul class=\"person-list\"><li><a href=\"tel:+41 41 740 39 49\">+41 41 740 39 49<\/a><\/li><\/ul><\/div><a href=\"#beratung\" target=\"_self\" class=\"custom-btn show-modal\"><i class=\"icon-chevron-right\"><\/i>Zur Onlineberatung<\/a><\/div><div class=\"relative\"><svg xmlns=\"http:\/\/www.w3.org\/2000\/svg\" viewBox=\"0 0 32.83 32.83\">\n\t\t\t\t\t\t\t\t\t<defs>\n\t\t\t\t\t\t\t\t\t\t<linearGradient id=\"gradient\" x1=\"0%\" y1=\"0%\" x2=\"0%\" y2=\"100%\" gradientTransform=\"rotate(-135)\">\n\t\t\t\t\t\t\t\t\t\t\t<stop offset=\"0%\" stop-color=\"#97be0d\"\/>\n\t\t\t\t\t\t\t\t\t\t\t\t<stop offset=\"100%\" stop-color=\"rgba(255, 255, 255, 0)\"\/>\n\t\t\t\t\t\t\t\t\t\t<\/linearGradient>\n\t\t\t\t\t\t\t\t\t<\/defs>\n\t\t\t\t\t\t\t\t\t<path class=\"wpb_animate_when_almost_visible circular-progress\" stroke=\"url(#gradient)\" stroke-width=\"1\" stroke-dasharray=\"100, 100\" fill=\"none\" d=\"M18,2.08a15.92,15.92,0,0,1,0,31.84h0A15.92,15.92,0,0,1,18,2.08\" transform=\"translate(-1.59 -1.58)\"\/>\n                            \t<\/svg><span><img decoding=\"async\" width=\"500\" height=\"500\" src=\"https:\/\/www.envirofalk.com\/wp-content\/uploads\/2024\/04\/Jonas_Knoche.png\" class=\"attachment-full size-full\" alt=\"\" srcset=\"https:\/\/www.envirofalk.com\/wp-content\/uploads\/2024\/04\/Jonas_Knoche.png 500w, https:\/\/www.envirofalk.com\/wp-content\/uploads\/2024\/04\/Jonas_Knoche-350x350.png 350w, https:\/\/www.envirofalk.com\/wp-content\/uploads\/2024\/04\/Jonas_Knoche-150x150.png 150w\" sizes=\"(max-width: 500px) 100vw, 500px\" \/><\/span><\/div><\/div><\/div>[\/vc_column][\/vc_row][\/vc_section][vc_section][vc_row el_class=&#187;tablet-row vertical-center&#187;][vc_column css_animation=&#187;slideInLeft&#187;]<div class=\"teaser-boxes wpb_content_element\"><div><a href=\"https:\/\/envirofalk.com\/ch\/verfahrenstechniken-produkte\/umkehrosmoseanlagen\/\" target=\"_self\"><figure class=\"img-box \" style=\"background-image: url(https:\/\/www.envirofalk.com\/wp-content\/uploads\/2023\/08\/Umkehrosmoseanlage_EnviroFALK_mit_Umkehrosmosemembranen.png)\"><\/figure><\/a><div class=\"text-box\"><h3 class=\"entry-title no-icon\"><a href=\"https:\/\/envirofalk.com\/ch\/verfahrenstechniken-produkte\/umkehrosmoseanlagen\/\" target=\"_self\">Umkehrosmoseanlagen<\/a><\/h3><div class=\"wpb_text_column\">Entsalztes Wasser ist f\u00fcr viele Fertigungsprozesse in der Industrie unverzichtbar. Auch Anwendungen in der Labor und Medizintechnik ben\u00f6tigen entsalztes Wasser. Etwa zur Versorgung von Reinstwassersystemen und Autoklaven oder zum Sp\u00fclen von Glasgef\u00e4\u00dfen.<\/div><\/div><\/div><div><a href=\"https:\/\/envirofalk.com\/ch\/verfahrenstechniken-produkte\/ultrafiltrationsanlagen\/\" target=\"_self\"><figure class=\"img-box \" style=\"background-image: url(https:\/\/www.envirofalk.com\/wp-content\/uploads\/2023\/11\/Ultrafiltatrionsanlage_EnviroFALK_Wasseraufbereitung.png)\"><\/figure><\/a><div class=\"text-box\"><h3 class=\"entry-title no-icon\"><a href=\"https:\/\/envirofalk.com\/ch\/verfahrenstechniken-produkte\/ultrafiltrationsanlagen\/\" target=\"_self\">Ultrafiltrationsanlagen<\/a><\/h3><div class=\"wpb_text_column\">Mit einer Ultrafiltrationsanlage k\u00f6nnen selbst kleinste Schmutzpartikel aus dem Wasser entfernt werden. Die Ultrafiltration ist daher die perfekte Vorbehandlung f\u00fcr Rohw\u00e4sser mit jahreszeitlich stark schwankender Partikelfracht.<\/div><\/div><\/div><div><a href=\"https:\/\/envirofalk.com\/ch\/verfahrenstechniken-produkte\/elektrodeionisation-edi\/\" target=\"_self\"><figure class=\"img-box \" style=\"background-image: url(https:\/\/www.envirofalk.com\/wp-content\/uploads\/2023\/10\/EnviroFALK_EDI_Wasseraufbereitungsanlage_Medizintechnik.png)\"><\/figure><\/a><div class=\"text-box\"><h3 class=\"entry-title no-icon\"><a href=\"https:\/\/envirofalk.com\/ch\/verfahrenstechniken-produkte\/elektrodeionisation-edi\/\" target=\"_self\">Elektrodeionisierung (EDI)<\/a><\/h3><div class=\"wpb_text_column\">Fein entsalztes Wasser durch EnviroFALK Elektrodeionisierung (EDI)\nDie Elektrodeionisierung wird h\u00e4ufig nach einer Umkehrosmose eingesetzt. Das teilentsalzte Wasser wird dabei nochmals aufbereitet \u201epoliert\u201c. <\/div><\/div><\/div><div><a href=\"https:\/\/envirofalk.com\/ch\/verfahrenstechniken-produkte\/mikrofiltrationsanlagen\/\" target=\"_self\"><figure class=\"img-box \" style=\"background-image: url(https:\/\/www.envirofalk.com\/wp-content\/uploads\/2023\/11\/Mikrofiltrationsanlage_fuer_Elektrolytaufbereitung.png)\"><\/figure><\/a><div class=\"text-box\"><h3 class=\"entry-title no-icon\"><a href=\"https:\/\/envirofalk.com\/ch\/verfahrenstechniken-produkte\/mikrofiltrationsanlagen\/\" target=\"_self\">Mikrofiltration<\/a><\/h3><div class=\"wpb_text_column\">Mikrofiltrationsanlagen entfernen Verunreinigungen wie \u00d6le, Fette und Partikel aus Prozessl\u00f6sungen und sorgen je nach Anwendungsbereich f\u00fcr lange Badstandzeiten und eine konstant hohe Produktqualit\u00e4t.<\/div><\/div><\/div><div><a href=\"https:\/\/envirofalk.com\/ch\/verfahrenstechniken-produkte\/nanofiltrationsanlagen\/\" target=\"_self\"><figure class=\"img-box \" style=\"background-image: url(https:\/\/www.envirofalk.com\/wp-content\/uploads\/2023\/05\/Nanofiltrationsanlagen.png)\"><\/figure><\/a><div class=\"text-box\"><h3 class=\"entry-title no-icon\"><a href=\"https:\/\/envirofalk.com\/ch\/verfahrenstechniken-produkte\/nanofiltrationsanlagen\/\" target=\"_self\">Nanofiltrationsanlagen<\/a><\/h3><div class=\"wpb_text_column\">Sie ben\u00f6tigen Wasser frei von Verunreinigungen wie Bakterien, gel\u00f6ste Salze, Pestizide und Proteine? Sie wollen unerw\u00fcnschte Inhaltsstoffe ganz oder teilweise entfernen? Dann liegen Sie mit unseren Nanofiltrationsanlagen zur Teilenth\u00e4rtung und Reduzierung von Tr\u00fcbungen und F\u00e4rbungen im Oberfl\u00e4chenwasser genau richtig.<\/div><\/div><\/div><div><a href=\"https:\/\/envirofalk.com\/ch\/verfahrenstechniken-produkte\/elektrolytaufbereitung\/\" target=\"_self\"><figure class=\"img-box \" style=\"background-image: url(https:\/\/www.envirofalk.com\/wp-content\/uploads\/2023\/11\/EnviroFALK_Anlage_Elektrolytaufbereitung_Wasseraufbereitung.png)\"><\/figure><\/a><div class=\"text-box\"><h3 class=\"entry-title no-icon\"><a href=\"https:\/\/envirofalk.com\/ch\/verfahrenstechniken-produkte\/elektrolytaufbereitung\/\" target=\"_self\">Elektrolytaufbereitung<\/a><\/h3><div class=\"wpb_text_column\">Die elektrochemische Metallbearbeitung (ECM) wird h\u00e4ufig angewendet f\u00fcr schwer zerspanbare Werkstoffe, komplizierte Formen oder Werkst\u00fccke. Insbesondere f\u00fcr hochwertige Bauteile, wie Turbinenschaufeln, Einspritzd\u00fcsen, Spritzgussformen oder medizinische Implantate.<\/div><\/div><\/div><div><a href=\"https:\/\/envirofalk.com\/ch\/verfahrenstechniken-produkte\/membranentgasung\/\" target=\"_self\"><figure class=\"img-box \" style=\"background-image: url(https:\/\/www.envirofalk.com\/wp-content\/uploads\/2023\/11\/Membranentgasung_Umkehrosmose_Nahaufnahme.jpg)\"><\/figure><\/a><div class=\"text-box\"><h3 class=\"entry-title no-icon\"><a href=\"https:\/\/envirofalk.com\/ch\/verfahrenstechniken-produkte\/membranentgasung\/\" target=\"_self\">Membranentgasung<\/a><\/h3><div class=\"wpb_text_column\">Kohlens\u00e4ure und Sauerstoff verursachen im Wasser eine starke Leitf\u00e4higkeit. Die Membranentgasung dient zur Entfernung von gel\u00f6ster Kohlens\u00e4ure und Sauerstoff. Hierbei werden hydrophobe Porenmembranen eingesetzt, die wasserundurchl\u00e4ssig sind, Gase jedoch passieren lassen.<\/div><\/div><\/div><\/div>[\/vc_column][\/vc_row][\/vc_section]<\/p>\n<\/div>","protected":false},"excerpt":{"rendered":"<p>[vc_section][vc_row full_width=&#187;stretch_row_content_no_spaces&#187;][vc_column][\/vc_column][\/vc_row][vc_row el_class=&#187;breadcrumbs-wrapper&#187;][vc_column][\/vc_column][\/vc_row][\/vc_section][vc_section][vc_row css_animation=&#187;slideInUp&#187; el_class=&#187;two-columns-row tablet-row&#187;][vc_column width=&#187;3\/4&#8243;][vc_custom_heading text=&#187;EnviroFALK Membranfiltrationsanlagen&#187; font_container=&#187;tag:h1|text_align:left&#187; use_theme_fonts=&#187;yes&#187;][vc_column_text]In einer Welt, in der Wasserqualit\u00e4t entscheidend ist, setzen Membranfiltrationsanlagen neue Ma\u00dfst\u00e4be. Diese innovative Technologie erm\u00f6glicht die zuverl\u00e4ssige Entfernung von Mikroorganismen, Partikeln und Verunreinigungen, um reinstes Wasser zu gew\u00e4hrleisten. Von Trinkwasseraufbereitung bis zur industriellen Nutzung \u2013 Membranfiltrationsanlagen von EnviroFALK bieten effiziente L\u00f6sungen f\u00fcr vielf\u00e4ltige Anforderungen. [&hellip;]<\/p>\n","protected":false},"author":3,"featured_media":0,"parent":14054,"menu_order":18,"comment_status":"closed","ping_status":"closed","template":"","meta":{"_acf_changed":false,"rs_blank_template":"","rs_page_bg_color":"","slide_template_v7":"","footnotes":""},"class_list":["post-14101","page","type-page","status-publish","hentry"],"acf":[],"yoast_head":"<!-- This site is optimized with the Yoast SEO Premium plugin v27.3 (Yoast SEO v27.3) - https:\/\/yoast.com\/product\/yoast-seo-premium-wordpress\/ -->\n<title>Membranfiltrationsanlagen &#8211; EnviroFALK<\/title>\n<meta name=\"robots\" content=\"index, follow, max-snippet:-1, max-image-preview:large, max-video-preview:-1\" \/>\n<link rel=\"canonical\" href=\"https:\/\/www.envirofalk.com\/ch\/verfahrenstechniken-produkte\/membranfiltrationsanlagen\/\" \/>\n<meta property=\"og:locale\" content=\"de_DE\" \/>\n<meta property=\"og:type\" content=\"article\" \/>\n<meta property=\"og:title\" content=\"Membranfiltrationsanlagen\" \/>\n<meta property=\"og:description\" content=\"[vc_section][vc_row full_width=&#187;stretch_row_content_no_spaces&#187;][vc_column][\/vc_column][\/vc_row][vc_row el_class=&#187;breadcrumbs-wrapper&#187;][vc_column][\/vc_column][\/vc_row][\/vc_section][vc_section][vc_row css_animation=&#187;slideInUp&#187; el_class=&#187;two-columns-row tablet-row&#187;][vc_column width=&#187;3\/4&#8243;][vc_custom_heading text=&#187;EnviroFALK Membranfiltrationsanlagen&#187; font_container=&#187;tag:h1|text_align:left&#187; use_theme_fonts=&#187;yes&#187;][vc_column_text]In einer Welt, in der Wasserqualit\u00e4t entscheidend ist, setzen Membranfiltrationsanlagen neue Ma\u00dfst\u00e4be. Diese innovative Technologie erm\u00f6glicht die zuverl\u00e4ssige Entfernung von Mikroorganismen, Partikeln und Verunreinigungen, um reinstes Wasser zu gew\u00e4hrleisten. Von Trinkwasseraufbereitung bis zur industriellen Nutzung \u2013 Membranfiltrationsanlagen von EnviroFALK bieten effiziente L\u00f6sungen f\u00fcr vielf\u00e4ltige Anforderungen. [&hellip;]\" \/>\n<meta property=\"og:url\" content=\"https:\/\/www.envirofalk.com\/ch\/verfahrenstechniken-produkte\/membranfiltrationsanlagen\/\" \/>\n<meta property=\"og:site_name\" content=\"EnviroFALK\" \/>\n<meta property=\"article:publisher\" content=\"https:\/\/www.facebook.com\/envirofalk\" \/>\n<meta property=\"article:modified_time\" content=\"2026-02-04T09:59:11+00:00\" \/>\n<meta name=\"twitter:card\" content=\"summary_large_image\" \/>\n<meta name=\"twitter:label1\" content=\"Gesch\u00e4tzte Lesezeit\" \/>\n\t<meta name=\"twitter:data1\" content=\"1\u00a0Minute\" \/>\n<script type=\"application\/ld+json\" class=\"yoast-schema-graph\">{\"@context\":\"https:\\\/\\\/schema.org\",\"@graph\":[{\"@type\":\"WebPage\",\"@id\":\"https:\\\/\\\/www.envirofalk.com\\\/ch\\\/verfahrenstechniken-produkte\\\/membranfiltrationsanlagen\\\/\",\"url\":\"https:\\\/\\\/www.envirofalk.com\\\/ch\\\/verfahrenstechniken-produkte\\\/membranfiltrationsanlagen\\\/\",\"name\":\"Membranfiltrationsanlagen &#8211; EnviroFALK\",\"isPartOf\":{\"@id\":\"https:\\\/\\\/www.envirofalk.com\\\/#website\"},\"datePublished\":\"2024-04-18T09:08:38+00:00\",\"dateModified\":\"2026-02-04T09:59:11+00:00\",\"breadcrumb\":{\"@id\":\"https:\\\/\\\/www.envirofalk.com\\\/ch\\\/verfahrenstechniken-produkte\\\/membranfiltrationsanlagen\\\/#breadcrumb\"},\"inLanguage\":\"de-CH\",\"potentialAction\":[{\"@type\":\"ReadAction\",\"target\":[\"https:\\\/\\\/www.envirofalk.com\\\/ch\\\/verfahrenstechniken-produkte\\\/membranfiltrationsanlagen\\\/\"]}]},{\"@type\":\"BreadcrumbList\",\"@id\":\"https:\\\/\\\/www.envirofalk.com\\\/ch\\\/verfahrenstechniken-produkte\\\/membranfiltrationsanlagen\\\/#breadcrumb\",\"itemListElement\":[{\"@type\":\"ListItem\",\"position\":1,\"name\":\"Home\",\"item\":\"https:\\\/\\\/www.envirofalk.com\\\/ch\\\/\"},{\"@type\":\"ListItem\",\"position\":2,\"name\":\"Verfahrenstechniken &#038; Produkte\",\"item\":\"https:\\\/\\\/www.envirofalk.com\\\/ch\\\/verfahrenstechniken-produkte\\\/\"},{\"@type\":\"ListItem\",\"position\":3,\"name\":\"Membranfiltrationsanlagen\"}]},{\"@type\":\"WebSite\",\"@id\":\"https:\\\/\\\/www.envirofalk.com\\\/#website\",\"url\":\"https:\\\/\\\/www.envirofalk.com\\\/\",\"name\":\"EnviroFALK\",\"description\":\"Wasseraufbereitungsanlagen f\u00fcr Industrie, Gewerbe &amp; Labor\",\"publisher\":{\"@id\":\"https:\\\/\\\/www.envirofalk.com\\\/#organization\"},\"potentialAction\":[{\"@type\":\"SearchAction\",\"target\":{\"@type\":\"EntryPoint\",\"urlTemplate\":\"https:\\\/\\\/www.envirofalk.com\\\/?s={search_term_string}\"},\"query-input\":{\"@type\":\"PropertyValueSpecification\",\"valueRequired\":true,\"valueName\":\"search_term_string\"}}],\"inLanguage\":\"de-CH\"},{\"@type\":\"Organization\",\"@id\":\"https:\\\/\\\/www.envirofalk.com\\\/#organization\",\"name\":\"EnviroFALK\",\"url\":\"https:\\\/\\\/www.envirofalk.com\\\/\",\"logo\":{\"@type\":\"ImageObject\",\"inLanguage\":\"de-CH\",\"@id\":\"https:\\\/\\\/www.envirofalk.com\\\/#\\\/schema\\\/logo\\\/image\\\/\",\"url\":\"https:\\\/\\\/www.envirofalk.com\\\/wp-content\\\/uploads\\\/2023\\\/01\\\/logo.svg\",\"contentUrl\":\"https:\\\/\\\/www.envirofalk.com\\\/wp-content\\\/uploads\\\/2023\\\/01\\\/logo.svg\",\"caption\":\"EnviroFALK\"},\"image\":{\"@id\":\"https:\\\/\\\/www.envirofalk.com\\\/#\\\/schema\\\/logo\\\/image\\\/\"},\"sameAs\":[\"https:\\\/\\\/www.facebook.com\\\/envirofalk\",\"https:\\\/\\\/www.linkedin.com\\\/company\\\/envirofalk-gmbh\",\"https:\\\/\\\/www.youtube.com\\\/channel\\\/UCM1L-2K6cfBbP3aYgJGbVdA\"],\"description\":\"EnviroFALK Prozesswassertechnik ist Ihr Spezialist f\u00fcr ma\u00dfgeschneiderte Wasseraufbereitungsl\u00f6sungen in der Industrie. Wir bieten innovative Technologien f\u00fcr die Erzeugung und Aufbereitung von Prozesswasser, um h\u00f6chste Effizienz und Qualit\u00e4t in Ihren Produktionsprozessen zu gew\u00e4hrleisten. Mit jahrzehntelanger Erfahrung entwickeln wir nachhaltige und ressourcenschonende L\u00f6sungen, die exakt auf die Anforderungen unserer Kunden abgestimmt sind. Unsere Leistungen umfassen die Filtration, Enth\u00e4rtung, Entsalzung und R\u00fcckgewinnung von Wasser f\u00fcr verschiedenste Anwendungen \u2013 von der Metallverarbeitung bis zur Lebensmittelindustrie. Unsere Experten begleiten Sie von der Planung \u00fcber die Implementierung bis hin zum Service, um eine zuverl\u00e4ssige und wirtschaftliche Wasseraufbereitung sicherzustellen.\",\"email\":\"info@envirofalk.com\",\"telephone\":\"+49 2663 9908-0\",\"legalName\":\"EnviroFALK GmbH\",\"foundingDate\":\"1989-05-01\"}]}<\/script>\n<!-- \/ Yoast SEO Premium plugin. -->","yoast_head_json":{"title":"Membranfiltrationsanlagen &#8211; EnviroFALK","robots":{"index":"index","follow":"follow","max-snippet":"max-snippet:-1","max-image-preview":"max-image-preview:large","max-video-preview":"max-video-preview:-1"},"canonical":"https:\/\/www.envirofalk.com\/ch\/verfahrenstechniken-produkte\/membranfiltrationsanlagen\/","og_locale":"de_DE","og_type":"article","og_title":"Membranfiltrationsanlagen","og_description":"[vc_section][vc_row full_width=&#187;stretch_row_content_no_spaces&#187;][vc_column][\/vc_column][\/vc_row][vc_row el_class=&#187;breadcrumbs-wrapper&#187;][vc_column][\/vc_column][\/vc_row][\/vc_section][vc_section][vc_row css_animation=&#187;slideInUp&#187; el_class=&#187;two-columns-row tablet-row&#187;][vc_column width=&#187;3\/4&#8243;][vc_custom_heading text=&#187;EnviroFALK Membranfiltrationsanlagen&#187; font_container=&#187;tag:h1|text_align:left&#187; use_theme_fonts=&#187;yes&#187;][vc_column_text]In einer Welt, in der Wasserqualit\u00e4t entscheidend ist, setzen Membranfiltrationsanlagen neue Ma\u00dfst\u00e4be. Diese innovative Technologie erm\u00f6glicht die zuverl\u00e4ssige Entfernung von Mikroorganismen, Partikeln und Verunreinigungen, um reinstes Wasser zu gew\u00e4hrleisten. Von Trinkwasseraufbereitung bis zur industriellen Nutzung \u2013 Membranfiltrationsanlagen von EnviroFALK bieten effiziente L\u00f6sungen f\u00fcr vielf\u00e4ltige Anforderungen. [&hellip;]","og_url":"https:\/\/www.envirofalk.com\/ch\/verfahrenstechniken-produkte\/membranfiltrationsanlagen\/","og_site_name":"EnviroFALK","article_publisher":"https:\/\/www.facebook.com\/envirofalk","article_modified_time":"2026-02-04T09:59:11+00:00","twitter_card":"summary_large_image","twitter_misc":{"Gesch\u00e4tzte Lesezeit":"1\u00a0Minute"},"schema":{"@context":"https:\/\/schema.org","@graph":[{"@type":"WebPage","@id":"https:\/\/www.envirofalk.com\/ch\/verfahrenstechniken-produkte\/membranfiltrationsanlagen\/","url":"https:\/\/www.envirofalk.com\/ch\/verfahrenstechniken-produkte\/membranfiltrationsanlagen\/","name":"Membranfiltrationsanlagen &#8211; EnviroFALK","isPartOf":{"@id":"https:\/\/www.envirofalk.com\/#website"},"datePublished":"2024-04-18T09:08:38+00:00","dateModified":"2026-02-04T09:59:11+00:00","breadcrumb":{"@id":"https:\/\/www.envirofalk.com\/ch\/verfahrenstechniken-produkte\/membranfiltrationsanlagen\/#breadcrumb"},"inLanguage":"de-CH","potentialAction":[{"@type":"ReadAction","target":["https:\/\/www.envirofalk.com\/ch\/verfahrenstechniken-produkte\/membranfiltrationsanlagen\/"]}]},{"@type":"BreadcrumbList","@id":"https:\/\/www.envirofalk.com\/ch\/verfahrenstechniken-produkte\/membranfiltrationsanlagen\/#breadcrumb","itemListElement":[{"@type":"ListItem","position":1,"name":"Home","item":"https:\/\/www.envirofalk.com\/ch\/"},{"@type":"ListItem","position":2,"name":"Verfahrenstechniken &#038; Produkte","item":"https:\/\/www.envirofalk.com\/ch\/verfahrenstechniken-produkte\/"},{"@type":"ListItem","position":3,"name":"Membranfiltrationsanlagen"}]},{"@type":"WebSite","@id":"https:\/\/www.envirofalk.com\/#website","url":"https:\/\/www.envirofalk.com\/","name":"EnviroFALK","description":"Wasseraufbereitungsanlagen f\u00fcr Industrie, Gewerbe &amp; Labor","publisher":{"@id":"https:\/\/www.envirofalk.com\/#organization"},"potentialAction":[{"@type":"SearchAction","target":{"@type":"EntryPoint","urlTemplate":"https:\/\/www.envirofalk.com\/?s={search_term_string}"},"query-input":{"@type":"PropertyValueSpecification","valueRequired":true,"valueName":"search_term_string"}}],"inLanguage":"de-CH"},{"@type":"Organization","@id":"https:\/\/www.envirofalk.com\/#organization","name":"EnviroFALK","url":"https:\/\/www.envirofalk.com\/","logo":{"@type":"ImageObject","inLanguage":"de-CH","@id":"https:\/\/www.envirofalk.com\/#\/schema\/logo\/image\/","url":"https:\/\/www.envirofalk.com\/wp-content\/uploads\/2023\/01\/logo.svg","contentUrl":"https:\/\/www.envirofalk.com\/wp-content\/uploads\/2023\/01\/logo.svg","caption":"EnviroFALK"},"image":{"@id":"https:\/\/www.envirofalk.com\/#\/schema\/logo\/image\/"},"sameAs":["https:\/\/www.facebook.com\/envirofalk","https:\/\/www.linkedin.com\/company\/envirofalk-gmbh","https:\/\/www.youtube.com\/channel\/UCM1L-2K6cfBbP3aYgJGbVdA"],"description":"EnviroFALK Prozesswassertechnik ist Ihr Spezialist f\u00fcr ma\u00dfgeschneiderte Wasseraufbereitungsl\u00f6sungen in der Industrie. Wir bieten innovative Technologien f\u00fcr die Erzeugung und Aufbereitung von Prozesswasser, um h\u00f6chste Effizienz und Qualit\u00e4t in Ihren Produktionsprozessen zu gew\u00e4hrleisten. Mit jahrzehntelanger Erfahrung entwickeln wir nachhaltige und ressourcenschonende L\u00f6sungen, die exakt auf die Anforderungen unserer Kunden abgestimmt sind. Unsere Leistungen umfassen die Filtration, Enth\u00e4rtung, Entsalzung und R\u00fcckgewinnung von Wasser f\u00fcr verschiedenste Anwendungen \u2013 von der Metallverarbeitung bis zur Lebensmittelindustrie. Unsere Experten begleiten Sie von der Planung \u00fcber die Implementierung bis hin zum Service, um eine zuverl\u00e4ssige und wirtschaftliche Wasseraufbereitung sicherzustellen.","email":"info@envirofalk.com","telephone":"+49 2663 9908-0","legalName":"EnviroFALK GmbH","foundingDate":"1989-05-01"}]}},"_links":{"self":[{"href":"https:\/\/www.envirofalk.com\/ch\/wp-json\/wp\/v2\/pages\/14101","targetHints":{"allow":["GET"]}}],"collection":[{"href":"https:\/\/www.envirofalk.com\/ch\/wp-json\/wp\/v2\/pages"}],"about":[{"href":"https:\/\/www.envirofalk.com\/ch\/wp-json\/wp\/v2\/types\/page"}],"author":[{"embeddable":true,"href":"https:\/\/www.envirofalk.com\/ch\/wp-json\/wp\/v2\/users\/3"}],"replies":[{"embeddable":true,"href":"https:\/\/www.envirofalk.com\/ch\/wp-json\/wp\/v2\/comments?post=14101"}],"version-history":[{"count":4,"href":"https:\/\/www.envirofalk.com\/ch\/wp-json\/wp\/v2\/pages\/14101\/revisions"}],"predecessor-version":[{"id":26731,"href":"https:\/\/www.envirofalk.com\/ch\/wp-json\/wp\/v2\/pages\/14101\/revisions\/26731"}],"up":[{"embeddable":true,"href":"https:\/\/www.envirofalk.com\/ch\/wp-json\/wp\/v2\/pages\/14054"}],"wp:attachment":[{"href":"https:\/\/www.envirofalk.com\/ch\/wp-json\/wp\/v2\/media?parent=14101"}],"curies":[{"name":"wp","href":"https:\/\/api.w.org\/{rel}","templated":true}]}}