{"id":14088,"date":"2024-04-18T10:13:40","date_gmt":"2024-04-18T08:13:40","guid":{"rendered":"https:\/\/www.envirofalk.com\/?page_id=14088"},"modified":"2024-05-02T14:21:08","modified_gmt":"2024-05-02T12:21:08","slug":"anwendungsbereiche-fuer-ionenaustauscher","status":"publish","type":"page","link":"https:\/\/www.envirofalk.com\/ch\/verfahren-produkte\/anwendungsbereiche-fuer-ionenaustauscher\/","title":{"rendered":"Anwendungsbereiche f\u00fcr Ionenaustauscher"},"content":{"rendered":"<div class=\"wpb-content-wrapper\"><p>[vc_section][vc_row full_width=&#187;stretch_row_content_no_spaces&#187;][vc_column]<div class=\"custom-top-banner img-box   has-icon\" style=\"background-image: url(https:\/\/www.envirofalk.com\/wp-content\/uploads\/2023\/08\/Wasseraufbereitungsanlage_Reinigung_Oberflaechentechnik.jpg)\"><div class=\"container relative\"><div class=\"text-box\"><div class=\"slideInRight animated\"><img loading=\"lazy\" decoding=\"async\" width=\"1\" height=\"1\" src=\"https:\/\/www.envirofalk.com\/wp-content\/uploads\/2023\/08\/Wasseraufbereitung_Ionenaustauscher_Icon.svg\" class=\"attachment-120x120 size-120x120\" alt=\"\" \/><p>Ionenaustauscher f\u00fcr <strong>Industrie<\/strong>, <strong>Krankenh\u00e4user<\/strong> und <strong>Labore<\/strong><\/p><\/div><\/div><\/div><\/div>[\/vc_column][\/vc_row][vc_row el_class=&#187;breadcrumbs-wrapper&#187;][vc_column]<div class=\"breadcrumbs\"><label><\/label> <a href=\"https:\/\/www.envirofalk.com\/ch\/\">Home<\/a><\/div>[\/vc_column][\/vc_row][\/vc_section][vc_section][vc_row css_animation=&#187;slideInUp&#187; el_class=&#187;two-columns-row tablet-row&#187;][vc_column width=&#187;3\/4&#8243;][vc_custom_heading text=&#187;F\u00fcr jede Branche der perfekte Ionenaustauscher und Regenerationsservice&#187; font_container=&#187;tag:h1|text_align:left&#187; use_theme_fonts=&#187;yes&#187;][vc_column_text css=&#187;&#187;]Wasser, das vielfach \u00fcber Ionenaustauscherpatronen aufbereitet wird, ist ein entscheidender Qualit\u00e4tsfaktor bei Ihren Arbeitsprozessen. Insbesondere komplexe Versorgungseinrichtungen und kostenintensive Produktionsprozesse in Industrie- und Gewerbebetrieben verlangen aufbereitetes Wasser in hoher Qualit\u00e4t. Spezielle Harze im Inneren der Ionenaustauscherpatronen sorgen hierbei zuverl\u00e4ssig f\u00fcr\u00a0<a title=\"VE-Wasser\" href=\"https:\/\/www.envirofalk.com\/ch\/expertenwissen-wasseraufbereitung\/ve-wasser\/\">VE-Wasser<\/a>.<\/p>\n<p>Doch auch das beste Ionenaustauscherharz ist irgendwann ersch\u00f6pft und erfordert einen professionellen\u00a0<a title=\"Regenerationsservice f\u00fcr Ionenaustauscher\" href=\"https:\/\/www.envirofalk.com\/ch\/regenerationsservice-fuer-ionenaustauscher\/\">Regenerationsservice f\u00fcr Ionenaustauscher<\/a>. Hier kommt EnviroFALK ins Spiel.[\/vc_column_text][\/vc_column][vc_column width=&#187;1\/4&#8243;]<div class=\"online-consultant-box  wpb_content_element\"><div class=\"online-consultant\"><div><div class=\"person-info\"><h5>Roxane Kamm\u00fcller<\/h5><ul class=\"person-list\"><li><a href=\"tel:+41 41 7404413\">+41 41 7404413<\/a><\/li><\/ul><\/div><a href=\"#beratung\" target=\"_self\" class=\"custom-btn show-modal\"><i class=\"icon-chevron-right\"><\/i>Jetzt beraten lassen!<\/a><\/div><div class=\"relative\"><svg xmlns=\"http:\/\/www.w3.org\/2000\/svg\" viewBox=\"0 0 32.83 32.83\">\n\t\t\t\t\t\t\t\t\t<defs>\n\t\t\t\t\t\t\t\t\t\t<linearGradient id=\"gradient\" x1=\"0%\" y1=\"0%\" x2=\"0%\" y2=\"100%\" gradientTransform=\"rotate(-135)\">\n\t\t\t\t\t\t\t\t\t\t\t<stop offset=\"0%\" stop-color=\"#97be0d\"\/>\n\t\t\t\t\t\t\t\t\t\t\t\t<stop offset=\"100%\" stop-color=\"rgba(255, 255, 255, 0)\"\/>\n\t\t\t\t\t\t\t\t\t\t<\/linearGradient>\n\t\t\t\t\t\t\t\t\t<\/defs>\n\t\t\t\t\t\t\t\t\t<path class=\"wpb_animate_when_almost_visible circular-progress\" stroke=\"url(#gradient)\" stroke-width=\"1\" stroke-dasharray=\"100, 100\" fill=\"none\" d=\"M18,2.08a15.92,15.92,0,0,1,0,31.84h0A15.92,15.92,0,0,1,18,2.08\" transform=\"translate(-1.59 -1.58)\"\/>\n                            \t<\/svg><span><img loading=\"lazy\" decoding=\"async\" width=\"500\" height=\"500\" src=\"https:\/\/www.envirofalk.com\/wp-content\/uploads\/2024\/04\/Roxane_Kammueller-1.png\" class=\"attachment-full size-full\" alt=\"\" srcset=\"https:\/\/www.envirofalk.com\/wp-content\/uploads\/2024\/04\/Roxane_Kammueller-1.png 500w, https:\/\/www.envirofalk.com\/wp-content\/uploads\/2024\/04\/Roxane_Kammueller-1-350x350.png 350w, https:\/\/www.envirofalk.com\/wp-content\/uploads\/2024\/04\/Roxane_Kammueller-1-150x150.png 150w\" sizes=\"auto, (max-width: 500px) 100vw, 500px\" \/><\/span><\/div><\/div><\/div>[\/vc_column][\/vc_row][\/vc_section][vc_section parallax=&#187;content-moving&#187; css=&#187;.vc_custom_1699276568905{background-image: url(https:\/\/www.envirofalk.com\/wp-content\/uploads\/2023\/08\/Wasseraufbereitungspatronen_VE_Wasser.jpg?id=500) !important;background-position: center !important;background-repeat: no-repeat !important;background-size: cover !important;}&#187;][vc_row el_class=&#187;tablet-row reverse vertical-center&#187;][vc_column css_animation=&#187;slideInRight&#187; width=&#187;1\/4&#8243;][\/vc_column][vc_column css_animation=&#187;fadeInLeft&#187; width=&#187;3\/4&#8243; css=&#187;.vc_custom_1697097162005{padding-top: 20px !important;padding-right: 20px !important;padding-bottom: 20px !important;padding-left: 20px !important;}&#187; el_class=&#187;has-bg&#187;][vc_column_text el_class=&#187;arrows-list&#187;]<\/p>\n<h2>Wir bieten Ionenaustauscher-Patronen f\u00fcr&#8230;<\/h2>\n<ul>\n<li><strong>industrielle Anwendungen wie die Entfernung von Schwermetallspuren<\/strong><\/li>\n<li><strong>Reinigungs- und Sp\u00fclprozesse<\/strong><\/li>\n<li><strong>Heizungswasserbef\u00fcllung und Kreislaufaufbereitung\u00a0<\/strong><\/li>\n<li><strong>zur Herstellung von VE-Wasser zum Sp\u00fclen im Laborbereich<\/strong><\/li>\n<\/ul>\n<p>[\/vc_column_text][\/vc_column][\/vc_row][\/vc_section][vc_section][vc_row][vc_column][\/vc_column][\/vc_row][vc_row][vc_column][vc_tta_accordion section_title_tag=&#187;h5&#8243; c_icon=&#187;chevron&#187; c_position=&#187;right&#187; active_section=&#187;&#187; no_fill=&#187;true&#187; collapsible_all=&#187;true&#187; title=&#187;Erfahren Sie mehr \u00fcber unsere Ionenaustauscher&#187;][vc_tta_section title=&#187;Ionenaustauscherpatronen f\u00fcr Industrie- und Gewerbebetriebe: Wir k\u00fcmmern uns um die Regeneration&#187; tab_id=&#187;1694684192118-7ec1d2fe-6e35eb86-2676&#8243;][vc_column_text]EnviroFALK Ionenaustauscher sorgen f\u00fcr beste Ergebnisse in der Wasservoll- und Teilentsalzung. Ob f\u00fcr Industrie- und Gewerbebetriebe oder andere Einsatzzwecke \u2013 wir regenerieren unsere Ionenaustauscherharze sortenrein. F\u00fcr jede Anwendung gibt es spezielle Harze oder Harzmischungen, die individuell auf den jeweiligen Bedarf abgestimmt sind. Die eigentlichen Regenerierprozesse erfolgen in speziell konstruierten Regeneriers\u00e4ulen, in denen die einzelnen Harzsorten strikt voneinander getrennt aufbereitet werden.[\/vc_column_text][\/vc_tta_section][vc_tta_section title=&#187;Ionenaustauscherpatronen mit Lebensmittelharzen: Wir k\u00fcmmern uns um die Regeneration&#187; tab_id=&#187;1694684192137-68f566a5-4d6aeb86-2676&#8243;][vc_column_text css=&#187;&#187;]F\u00fcr spezielle\u00a0<a title=\"Lebensmittelharze\" href=\"https:\/\/www.envirofalk.com\/ch\/ionenaustauscher-regeneration\/gewerbliche-kuechen-grosskuechen\/anwendungen.html\">Lebensmittelharze<\/a>\u00a0gibt es bei EnviroFALK eine weitere Sonderbehandlung: Beh\u00e4lter und Harze werden desinfiziert und unterliegen strengsten Ein- und Ausgangskontrollen. Nicht nur das: Lebensmittelharze werden ausschlie\u00dflich in einer extra hierf\u00fcr vorgesehenen Regeneriers\u00e4ule aufbereitet, in die keine anderen Harze gelangen. Die gesamte Behandlung erfolgt professionell und gem\u00e4\u00df aller gesetzlichen Auflagen nach LFGB und DIN 18879-1.[\/vc_column_text][\/vc_tta_section][vc_tta_section title=&#187;Selektivionenaustauscher: Wir k\u00fcmmern uns um die Regeneration&#187; tab_id=&#187;1694688113004-4453ec2a-e8a6eb86-2676&#8243;][vc_column_text css=&#187;&#187;]In unserem separaten Regenerationszentrum sind wir darauf spezialisiert,\u00a0<a title=\"Selektivionenaustauscher zu regenerieren\" href=\"https:\/\/www.envirofalk.com\/ch\/ionenaustauscher-regeneration\/industrie-gewerbebetriebe\/selektivionenaustauscher-und-regeneration.html\">Selektivionenaustauscher zu regenerieren<\/a>\u00a0\u2013 f\u00fcr galvanische Sp\u00fclw\u00e4sser, Aufbereitung von Prozess-, Beiz- und Reinigungsb\u00e4dern in der Oberfl\u00e4chentechnik und Metallindustrie.[\/vc_column_text][\/vc_tta_section][\/vc_tta_accordion][\/vc_column][\/vc_row][\/vc_section]<\/p>\n<\/div>","protected":false},"excerpt":{"rendered":"<p>[vc_section][vc_row full_width=&#187;stretch_row_content_no_spaces&#187;][vc_column][\/vc_column][\/vc_row][vc_row el_class=&#187;breadcrumbs-wrapper&#187;][vc_column][\/vc_column][\/vc_row][\/vc_section][vc_section][vc_row css_animation=&#187;slideInUp&#187; el_class=&#187;two-columns-row tablet-row&#187;][vc_column width=&#187;3\/4&#8243;][vc_custom_heading text=&#187;F\u00fcr jede Branche der perfekte Ionenaustauscher und Regenerationsservice&#187; font_container=&#187;tag:h1|text_align:left&#187; use_theme_fonts=&#187;yes&#187;][vc_column_text css=&#187;&#187;]Wasser, das vielfach \u00fcber Ionenaustauscherpatronen aufbereitet wird, ist ein entscheidender Qualit\u00e4tsfaktor bei Ihren Arbeitsprozessen. Insbesondere komplexe Versorgungseinrichtungen und kostenintensive Produktionsprozesse in Industrie- und Gewerbebetrieben verlangen aufbereitetes Wasser in hoher Qualit\u00e4t. Spezielle Harze im Inneren der Ionenaustauscherpatronen sorgen hierbei [&hellip;]<\/p>\n","protected":false},"author":3,"featured_media":0,"parent":14054,"menu_order":16,"comment_status":"closed","ping_status":"closed","template":"","meta":{"_acf_changed":false,"rs_blank_template":"","rs_page_bg_color":"","slide_template_v7":"","footnotes":""},"class_list":["post-14088","page","type-page","status-publish","hentry"],"acf":[],"yoast_head":"<!-- This site is optimized with the Yoast SEO Premium plugin v27.4 (Yoast SEO v27.4) - https:\/\/yoast.com\/product\/yoast-seo-premium-wordpress\/ -->\n<title>Anwendungsbereiche f\u00fcr Ionenaustauscher &#8211; EnviroFALK<\/title>\n<meta name=\"robots\" content=\"index, follow, max-snippet:-1, max-image-preview:large, max-video-preview:-1\" \/>\n<link rel=\"canonical\" href=\"https:\/\/www.envirofalk.com\/ch\/verfahren-produkte\/anwendungsbereiche-fuer-ionenaustauscher\/\" \/>\n<meta property=\"og:locale\" content=\"de_DE\" \/>\n<meta property=\"og:type\" content=\"article\" \/>\n<meta property=\"og:title\" content=\"Anwendungsbereiche f\u00fcr Ionenaustauscher\" \/>\n<meta property=\"og:description\" content=\"[vc_section][vc_row full_width=&#187;stretch_row_content_no_spaces&#187;][vc_column][\/vc_column][\/vc_row][vc_row el_class=&#187;breadcrumbs-wrapper&#187;][vc_column][\/vc_column][\/vc_row][\/vc_section][vc_section][vc_row css_animation=&#187;slideInUp&#187; el_class=&#187;two-columns-row tablet-row&#187;][vc_column width=&#187;3\/4&#8243;][vc_custom_heading text=&#187;F\u00fcr jede Branche der perfekte Ionenaustauscher und Regenerationsservice&#187; font_container=&#187;tag:h1|text_align:left&#187; use_theme_fonts=&#187;yes&#187;][vc_column_text css=&#187;&#187;]Wasser, das vielfach \u00fcber Ionenaustauscherpatronen aufbereitet wird, ist ein entscheidender Qualit\u00e4tsfaktor bei Ihren Arbeitsprozessen. Insbesondere komplexe Versorgungseinrichtungen und kostenintensive Produktionsprozesse in Industrie- und Gewerbebetrieben verlangen aufbereitetes Wasser in hoher Qualit\u00e4t. Spezielle Harze im Inneren der Ionenaustauscherpatronen sorgen hierbei [&hellip;]\" \/>\n<meta property=\"og:url\" content=\"https:\/\/www.envirofalk.com\/ch\/verfahren-produkte\/anwendungsbereiche-fuer-ionenaustauscher\/\" \/>\n<meta property=\"og:site_name\" content=\"EnviroFALK\" \/>\n<meta property=\"article:publisher\" content=\"https:\/\/www.facebook.com\/envirofalk\" \/>\n<meta property=\"article:modified_time\" content=\"2024-05-02T12:21:08+00:00\" \/>\n<meta name=\"twitter:card\" content=\"summary_large_image\" \/>\n<meta name=\"twitter:label1\" content=\"Gesch\u00e4tzte Lesezeit\" \/>\n\t<meta name=\"twitter:data1\" content=\"3\u00a0Minuten\" \/>\n<script type=\"application\/ld+json\" class=\"yoast-schema-graph\">{\"@context\":\"https:\\\/\\\/schema.org\",\"@graph\":[{\"@type\":\"WebPage\",\"@id\":\"https:\\\/\\\/www.envirofalk.com\\\/ch\\\/verfahren-produkte\\\/anwendungsbereiche-fuer-ionenaustauscher\\\/\",\"url\":\"https:\\\/\\\/www.envirofalk.com\\\/ch\\\/verfahren-produkte\\\/anwendungsbereiche-fuer-ionenaustauscher\\\/\",\"name\":\"Anwendungsbereiche f\u00fcr Ionenaustauscher &#8211; EnviroFALK\",\"isPartOf\":{\"@id\":\"https:\\\/\\\/www.envirofalk.com\\\/ch\\\/#website\"},\"datePublished\":\"2024-04-18T08:13:40+00:00\",\"dateModified\":\"2024-05-02T12:21:08+00:00\",\"breadcrumb\":{\"@id\":\"https:\\\/\\\/www.envirofalk.com\\\/ch\\\/verfahren-produkte\\\/anwendungsbereiche-fuer-ionenaustauscher\\\/#breadcrumb\"},\"inLanguage\":\"de-CH\",\"potentialAction\":[{\"@type\":\"ReadAction\",\"target\":[\"https:\\\/\\\/www.envirofalk.com\\\/ch\\\/verfahren-produkte\\\/anwendungsbereiche-fuer-ionenaustauscher\\\/\"]}]},{\"@type\":\"BreadcrumbList\",\"@id\":\"https:\\\/\\\/www.envirofalk.com\\\/ch\\\/verfahren-produkte\\\/anwendungsbereiche-fuer-ionenaustauscher\\\/#breadcrumb\",\"itemListElement\":[{\"@type\":\"ListItem\",\"position\":1,\"name\":\"Home\",\"item\":\"https:\\\/\\\/www.envirofalk.com\\\/ch\\\/slidetest\\\/\"},{\"@type\":\"ListItem\",\"position\":2,\"name\":\"Anwendungsbereiche f\u00fcr Ionenaustauscher\"}]},{\"@type\":\"WebSite\",\"@id\":\"https:\\\/\\\/www.envirofalk.com\\\/ch\\\/#website\",\"url\":\"https:\\\/\\\/www.envirofalk.com\\\/ch\\\/\",\"name\":\"EnviroFALK\",\"description\":\"Wasseraufbereitungsanlagen f\u00fcr Industrie, Gewerbe &amp; Labor\",\"publisher\":{\"@id\":\"https:\\\/\\\/www.envirofalk.com\\\/ch\\\/#organization\"},\"potentialAction\":[{\"@type\":\"SearchAction\",\"target\":{\"@type\":\"EntryPoint\",\"urlTemplate\":\"https:\\\/\\\/www.envirofalk.com\\\/ch\\\/?s={search_term_string}\"},\"query-input\":{\"@type\":\"PropertyValueSpecification\",\"valueRequired\":true,\"valueName\":\"search_term_string\"}}],\"inLanguage\":\"de-CH\"},{\"@type\":\"Organization\",\"@id\":\"https:\\\/\\\/www.envirofalk.com\\\/ch\\\/#organization\",\"name\":\"EnviroFALK\",\"url\":\"https:\\\/\\\/www.envirofalk.com\\\/ch\\\/\",\"logo\":{\"@type\":\"ImageObject\",\"inLanguage\":\"de-CH\",\"@id\":\"https:\\\/\\\/www.envirofalk.com\\\/ch\\\/#\\\/schema\\\/logo\\\/image\\\/\",\"url\":\"https:\\\/\\\/www.envirofalk.com\\\/wp-content\\\/uploads\\\/2023\\\/01\\\/logo.svg\",\"contentUrl\":\"https:\\\/\\\/www.envirofalk.com\\\/wp-content\\\/uploads\\\/2023\\\/01\\\/logo.svg\",\"caption\":\"EnviroFALK\"},\"image\":{\"@id\":\"https:\\\/\\\/www.envirofalk.com\\\/ch\\\/#\\\/schema\\\/logo\\\/image\\\/\"},\"sameAs\":[\"https:\\\/\\\/www.facebook.com\\\/envirofalk\",\"https:\\\/\\\/www.linkedin.com\\\/company\\\/envirofalk-gmbh\",\"https:\\\/\\\/www.youtube.com\\\/channel\\\/UCM1L-2K6cfBbP3aYgJGbVdA\"],\"description\":\"EnviroFALK Prozesswassertechnik ist Ihr Spezialist f\u00fcr ma\u00dfgeschneiderte Wasseraufbereitungsl\u00f6sungen in der Industrie. Wir bieten innovative Technologien f\u00fcr die Erzeugung und Aufbereitung von Prozesswasser, um h\u00f6chste Effizienz und Qualit\u00e4t in Ihren Produktionsprozessen zu gew\u00e4hrleisten. Mit jahrzehntelanger Erfahrung entwickeln wir nachhaltige und ressourcenschonende L\u00f6sungen, die exakt auf die Anforderungen unserer Kunden abgestimmt sind. Unsere Leistungen umfassen die Filtration, Enth\u00e4rtung, Entsalzung und R\u00fcckgewinnung von Wasser f\u00fcr verschiedenste Anwendungen \u2013 von der Metallverarbeitung bis zur Lebensmittelindustrie. Unsere Experten begleiten Sie von der Planung \u00fcber die Implementierung bis hin zum Service, um eine zuverl\u00e4ssige und wirtschaftliche Wasseraufbereitung sicherzustellen.\",\"email\":\"info@envirofalk.com\",\"telephone\":\"+49 2663 9908-0\",\"legalName\":\"EnviroFALK GmbH\",\"foundingDate\":\"1989-05-01\"}]}<\/script>\n<!-- \/ Yoast SEO Premium plugin. -->","yoast_head_json":{"title":"Anwendungsbereiche f\u00fcr Ionenaustauscher &#8211; EnviroFALK","robots":{"index":"index","follow":"follow","max-snippet":"max-snippet:-1","max-image-preview":"max-image-preview:large","max-video-preview":"max-video-preview:-1"},"canonical":"https:\/\/www.envirofalk.com\/ch\/verfahren-produkte\/anwendungsbereiche-fuer-ionenaustauscher\/","og_locale":"de_DE","og_type":"article","og_title":"Anwendungsbereiche f\u00fcr Ionenaustauscher","og_description":"[vc_section][vc_row full_width=&#187;stretch_row_content_no_spaces&#187;][vc_column][\/vc_column][\/vc_row][vc_row el_class=&#187;breadcrumbs-wrapper&#187;][vc_column][\/vc_column][\/vc_row][\/vc_section][vc_section][vc_row css_animation=&#187;slideInUp&#187; el_class=&#187;two-columns-row tablet-row&#187;][vc_column width=&#187;3\/4&#8243;][vc_custom_heading text=&#187;F\u00fcr jede Branche der perfekte Ionenaustauscher und Regenerationsservice&#187; font_container=&#187;tag:h1|text_align:left&#187; use_theme_fonts=&#187;yes&#187;][vc_column_text css=&#187;&#187;]Wasser, das vielfach \u00fcber Ionenaustauscherpatronen aufbereitet wird, ist ein entscheidender Qualit\u00e4tsfaktor bei Ihren Arbeitsprozessen. Insbesondere komplexe Versorgungseinrichtungen und kostenintensive Produktionsprozesse in Industrie- und Gewerbebetrieben verlangen aufbereitetes Wasser in hoher Qualit\u00e4t. Spezielle Harze im Inneren der Ionenaustauscherpatronen sorgen hierbei [&hellip;]","og_url":"https:\/\/www.envirofalk.com\/ch\/verfahren-produkte\/anwendungsbereiche-fuer-ionenaustauscher\/","og_site_name":"EnviroFALK","article_publisher":"https:\/\/www.facebook.com\/envirofalk","article_modified_time":"2024-05-02T12:21:08+00:00","twitter_card":"summary_large_image","twitter_misc":{"Gesch\u00e4tzte Lesezeit":"3\u00a0Minuten"},"schema":{"@context":"https:\/\/schema.org","@graph":[{"@type":"WebPage","@id":"https:\/\/www.envirofalk.com\/ch\/verfahren-produkte\/anwendungsbereiche-fuer-ionenaustauscher\/","url":"https:\/\/www.envirofalk.com\/ch\/verfahren-produkte\/anwendungsbereiche-fuer-ionenaustauscher\/","name":"Anwendungsbereiche f\u00fcr Ionenaustauscher &#8211; EnviroFALK","isPartOf":{"@id":"https:\/\/www.envirofalk.com\/ch\/#website"},"datePublished":"2024-04-18T08:13:40+00:00","dateModified":"2024-05-02T12:21:08+00:00","breadcrumb":{"@id":"https:\/\/www.envirofalk.com\/ch\/verfahren-produkte\/anwendungsbereiche-fuer-ionenaustauscher\/#breadcrumb"},"inLanguage":"de-CH","potentialAction":[{"@type":"ReadAction","target":["https:\/\/www.envirofalk.com\/ch\/verfahren-produkte\/anwendungsbereiche-fuer-ionenaustauscher\/"]}]},{"@type":"BreadcrumbList","@id":"https:\/\/www.envirofalk.com\/ch\/verfahren-produkte\/anwendungsbereiche-fuer-ionenaustauscher\/#breadcrumb","itemListElement":[{"@type":"ListItem","position":1,"name":"Home","item":"https:\/\/www.envirofalk.com\/ch\/slidetest\/"},{"@type":"ListItem","position":2,"name":"Anwendungsbereiche f\u00fcr Ionenaustauscher"}]},{"@type":"WebSite","@id":"https:\/\/www.envirofalk.com\/ch\/#website","url":"https:\/\/www.envirofalk.com\/ch\/","name":"EnviroFALK","description":"Wasseraufbereitungsanlagen f\u00fcr Industrie, Gewerbe &amp; Labor","publisher":{"@id":"https:\/\/www.envirofalk.com\/ch\/#organization"},"potentialAction":[{"@type":"SearchAction","target":{"@type":"EntryPoint","urlTemplate":"https:\/\/www.envirofalk.com\/ch\/?s={search_term_string}"},"query-input":{"@type":"PropertyValueSpecification","valueRequired":true,"valueName":"search_term_string"}}],"inLanguage":"de-CH"},{"@type":"Organization","@id":"https:\/\/www.envirofalk.com\/ch\/#organization","name":"EnviroFALK","url":"https:\/\/www.envirofalk.com\/ch\/","logo":{"@type":"ImageObject","inLanguage":"de-CH","@id":"https:\/\/www.envirofalk.com\/ch\/#\/schema\/logo\/image\/","url":"https:\/\/www.envirofalk.com\/wp-content\/uploads\/2023\/01\/logo.svg","contentUrl":"https:\/\/www.envirofalk.com\/wp-content\/uploads\/2023\/01\/logo.svg","caption":"EnviroFALK"},"image":{"@id":"https:\/\/www.envirofalk.com\/ch\/#\/schema\/logo\/image\/"},"sameAs":["https:\/\/www.facebook.com\/envirofalk","https:\/\/www.linkedin.com\/company\/envirofalk-gmbh","https:\/\/www.youtube.com\/channel\/UCM1L-2K6cfBbP3aYgJGbVdA"],"description":"EnviroFALK Prozesswassertechnik ist Ihr Spezialist f\u00fcr ma\u00dfgeschneiderte Wasseraufbereitungsl\u00f6sungen in der Industrie. Wir bieten innovative Technologien f\u00fcr die Erzeugung und Aufbereitung von Prozesswasser, um h\u00f6chste Effizienz und Qualit\u00e4t in Ihren Produktionsprozessen zu gew\u00e4hrleisten. Mit jahrzehntelanger Erfahrung entwickeln wir nachhaltige und ressourcenschonende L\u00f6sungen, die exakt auf die Anforderungen unserer Kunden abgestimmt sind. Unsere Leistungen umfassen die Filtration, Enth\u00e4rtung, Entsalzung und R\u00fcckgewinnung von Wasser f\u00fcr verschiedenste Anwendungen \u2013 von der Metallverarbeitung bis zur Lebensmittelindustrie. Unsere Experten begleiten Sie von der Planung \u00fcber die Implementierung bis hin zum Service, um eine zuverl\u00e4ssige und wirtschaftliche Wasseraufbereitung sicherzustellen.","email":"info@envirofalk.com","telephone":"+49 2663 9908-0","legalName":"EnviroFALK GmbH","foundingDate":"1989-05-01"}]}},"_links":{"self":[{"href":"https:\/\/www.envirofalk.com\/ch\/wp-json\/wp\/v2\/pages\/14088","targetHints":{"allow":["GET"]}}],"collection":[{"href":"https:\/\/www.envirofalk.com\/ch\/wp-json\/wp\/v2\/pages"}],"about":[{"href":"https:\/\/www.envirofalk.com\/ch\/wp-json\/wp\/v2\/types\/page"}],"author":[{"embeddable":true,"href":"https:\/\/www.envirofalk.com\/ch\/wp-json\/wp\/v2\/users\/3"}],"replies":[{"embeddable":true,"href":"https:\/\/www.envirofalk.com\/ch\/wp-json\/wp\/v2\/comments?post=14088"}],"version-history":[{"count":4,"href":"https:\/\/www.envirofalk.com\/ch\/wp-json\/wp\/v2\/pages\/14088\/revisions"}],"predecessor-version":[{"id":14674,"href":"https:\/\/www.envirofalk.com\/ch\/wp-json\/wp\/v2\/pages\/14088\/revisions\/14674"}],"up":[{"embeddable":true,"href":"https:\/\/www.envirofalk.com\/ch\/wp-json\/wp\/v2\/pages\/14054"}],"wp:attachment":[{"href":"https:\/\/www.envirofalk.com\/ch\/wp-json\/wp\/v2\/media?parent=14088"}],"curies":[{"name":"wp","href":"https:\/\/api.w.org\/{rel}","templated":true}]}}