{"id":14068,"date":"2024-04-18T09:00:01","date_gmt":"2024-04-18T07:00:01","guid":{"rendered":"https:\/\/www.envirofalk.com\/?page_id=14068"},"modified":"2026-02-04T10:53:18","modified_gmt":"2026-02-04T09:53:18","slug":"individuelle-wasseraufbereitung","status":"publish","type":"page","link":"https:\/\/www.envirofalk.com\/ch\/verfahren-produkte\/individuelle-wasseraufbereitung\/","title":{"rendered":"Individuelle Wasseraufbereitung"},"content":{"rendered":"<div class=\"wpb-content-wrapper\"><p>[vc_section][vc_row full_width=&#187;stretch_row_content_no_spaces&#187;][vc_column]<div class=\"custom-top-banner img-box   has-icon\" style=\"background-image: url(https:\/\/www.envirofalk.com\/wp-content\/uploads\/2023\/05\/banner-energieerzeugung.jpg)\"><div class=\"container relative\"><div class=\"text-box\"><div class=\"slideInRight animated\"><img loading=\"lazy\" decoding=\"async\" width=\"1\" height=\"1\" src=\"https:\/\/www.envirofalk.com\/wp-content\/uploads\/2023\/08\/Wasseraufbereitung_Umkehrosmose_Icon.svg\" class=\"attachment-120x120 size-120x120\" alt=\"\" \/><p>Individualisierte <strong>Wasseraufbereitungsanlagen<\/strong><\/p><\/div><\/div><\/div><\/div>[\/vc_column][\/vc_row][vc_row el_class=&#187;breadcrumbs-wrapper&#187;][vc_column]<div class=\"breadcrumbs\"><label><\/label> <a href=\"https:\/\/www.envirofalk.com\/ch\/\">Home<\/a><\/div>[\/vc_column][\/vc_row][\/vc_section][vc_section][vc_row][vc_column width=&#187;3\/4&#8243;][vc_custom_heading source=&#187;post_title&#187; font_container=&#187;tag:h1|text_align:left&#187; use_theme_fonts=&#187;yes&#187;][vc_column_text]<\/p>\n<div class=\"ce_row row column first\">\n<p>Sie ben\u00f6tigen Wasseraufbereitungsanlagen, die <strong>ganz speziell auf Ihre Anwendungsbereiche abgestimmt sind?<\/strong> Ob begrenztes Raumangebot, spezielle Verrohrung, spezifische Digitalisierungs- und Automatisierungsl\u00f6sungen \u2013 mit unseren <strong>ma\u00dfgeschneiderten Wasseraufbereitungsanlagen<\/strong> erf\u00fcllen wir <strong>facettenreiche Werksvorschriften.<\/strong> Damit Sie die wertvolle Ressource Wasser nachhaltig, sicher und energiereduzierend einsetzen.<\/p>\n<\/div>\n<p>[\/vc_column_text][\/vc_column][vc_column width=&#187;1\/4&#8243;]<div class=\"online-consultant-box  wpb_content_element\"><div class=\"online-consultant\"><div><div class=\"person-info\"><h5>Jonas Knoche<\/h5><ul class=\"person-list\"><li><a href=\"tel:+41 41 740 39 49\">+41 41 740 39 49<\/a><\/li><\/ul><\/div><a href=\"#beratung\" target=\"_self\" class=\"custom-btn show-modal\"><i class=\"icon-chevron-right\"><\/i>Zur Onlineberatung<\/a><\/div><div class=\"relative\"><svg xmlns=\"http:\/\/www.w3.org\/2000\/svg\" viewBox=\"0 0 32.83 32.83\">\n\t\t\t\t\t\t\t\t\t<defs>\n\t\t\t\t\t\t\t\t\t\t<linearGradient id=\"gradient\" x1=\"0%\" y1=\"0%\" x2=\"0%\" y2=\"100%\" gradientTransform=\"rotate(-135)\">\n\t\t\t\t\t\t\t\t\t\t\t<stop offset=\"0%\" stop-color=\"#97be0d\"\/>\n\t\t\t\t\t\t\t\t\t\t\t\t<stop offset=\"100%\" stop-color=\"rgba(255, 255, 255, 0)\"\/>\n\t\t\t\t\t\t\t\t\t\t<\/linearGradient>\n\t\t\t\t\t\t\t\t\t<\/defs>\n\t\t\t\t\t\t\t\t\t<path class=\"wpb_animate_when_almost_visible circular-progress\" stroke=\"url(#gradient)\" stroke-width=\"1\" stroke-dasharray=\"100, 100\" fill=\"none\" d=\"M18,2.08a15.92,15.92,0,0,1,0,31.84h0A15.92,15.92,0,0,1,18,2.08\" transform=\"translate(-1.59 -1.58)\"\/>\n                            \t<\/svg><span><img loading=\"lazy\" decoding=\"async\" width=\"500\" height=\"500\" src=\"https:\/\/www.envirofalk.com\/wp-content\/uploads\/2024\/04\/Jonas_Knoche.png\" class=\"attachment-full size-full\" alt=\"\" srcset=\"https:\/\/www.envirofalk.com\/wp-content\/uploads\/2024\/04\/Jonas_Knoche.png 500w, https:\/\/www.envirofalk.com\/wp-content\/uploads\/2024\/04\/Jonas_Knoche-350x350.png 350w, https:\/\/www.envirofalk.com\/wp-content\/uploads\/2024\/04\/Jonas_Knoche-150x150.png 150w\" sizes=\"auto, (max-width: 500px) 100vw, 500px\" \/><\/span><\/div><\/div><\/div>[\/vc_column][\/vc_row][vc_row css_animation=&#187;slideInUp&#187; el_class=&#187;two-columns-row tablet-row&#187;][vc_column width=&#187;1\/2&#8243;][vc_column_text]<\/p>\n<h2>EnviroFALK, die Experten f\u00fcr ma\u00dfgeschneiderte Wasseraufbereitungsanlagen<\/h2>\n<p>Clever ist, wer sich in puncto individualisierte Wasseraufbereitung direkt an die Experten von EnviroFALK wendet. Auch f\u00fcr Sie konzipieren wir gerne eine ma\u00dfgeschneiderte Wasseraufbereitungsanlage, die Ihren individuellen Anforderungen auf ganzer Linie entspricht.<\/p>\n<p>Als Hersteller von Wasseraufbereitungsanlagen ist das der Anspruch, den wir an uns stellen \u2013 zu 100 Prozent f\u00fcr unsere Kunden da sein! Schlie\u00dflich wollen wir f\u00fcr Ihre Prozesswasseraufbereitung, Rein- und Reinstwasseraufbereitung nur das Beste![\/vc_column_text][\/vc_column][vc_column width=&#187;1\/2&#8243;]<div class=\"bg-image img-box\" style=\"background-image: url(https:\/\/www.envirofalk.com\/wp-content\/uploads\/2023\/02\/bg-about.gif)\"><img loading=\"lazy\" decoding=\"async\" width=\"910\" height=\"478\" src=\"https:\/\/www.envirofalk.com\/wp-content\/uploads\/2023\/08\/Umkehrosmoseanlage_EnviroFALK_mit_Umkehrosmosemembranen.png\" class=\"attachment-full size-full\" alt=\"\" srcset=\"https:\/\/www.envirofalk.com\/wp-content\/uploads\/2023\/08\/Umkehrosmoseanlage_EnviroFALK_mit_Umkehrosmosemembranen.png 910w, https:\/\/www.envirofalk.com\/wp-content\/uploads\/2023\/08\/Umkehrosmoseanlage_EnviroFALK_mit_Umkehrosmosemembranen-350x184.png 350w, https:\/\/www.envirofalk.com\/wp-content\/uploads\/2023\/08\/Umkehrosmoseanlage_EnviroFALK_mit_Umkehrosmosemembranen-768x403.png 768w\" sizes=\"auto, (max-width: 910px) 100vw, 910px\" \/><\/div>[\/vc_column][\/vc_row][vc_row css_animation=&#187;slideInUp&#187; el_class=&#187;two-columns-row tablet-row&#187;][vc_column width=&#187;1\/2&#8243;]<div class=\"bg-image img-box\" style=\"background-image: url(https:\/\/www.envirofalk.com\/wp-content\/uploads\/2023\/02\/bg-about.gif)\"><img loading=\"lazy\" decoding=\"async\" width=\"1200\" height=\"881\" src=\"https:\/\/www.envirofalk.com\/wp-content\/uploads\/2023\/10\/Reinstwasser_Kreislaufanlage_Envirofalk.png\" class=\"attachment-full size-full\" alt=\"Wasseraufbereitungsanlage mit sechs Ionenaustauschern\" srcset=\"https:\/\/www.envirofalk.com\/wp-content\/uploads\/2023\/10\/Reinstwasser_Kreislaufanlage_Envirofalk.png 1200w, https:\/\/www.envirofalk.com\/wp-content\/uploads\/2023\/10\/Reinstwasser_Kreislaufanlage_Envirofalk-350x257.png 350w, https:\/\/www.envirofalk.com\/wp-content\/uploads\/2023\/10\/Reinstwasser_Kreislaufanlage_Envirofalk-1024x752.png 1024w, https:\/\/www.envirofalk.com\/wp-content\/uploads\/2023\/10\/Reinstwasser_Kreislaufanlage_Envirofalk-768x564.png 768w\" sizes=\"auto, (max-width: 1200px) 100vw, 1200px\" \/><\/div>[\/vc_column][vc_column width=&#187;1\/2&#8243;][vc_column_text]<\/p>\n<h2>Alles in einer Hand \u2013 ma\u00dfgeschneiderte Wasseraufbereitungsanlagen made in germany<\/h2>\n<p>Unsere eigene Werkstattfertigung erm\u00f6glicht es uns, individuelle Wasseraufbereitungs-L\u00f6sungen anzubieten und dabei gleichzeitig h\u00f6chste Qualit\u00e4tsstandards zu gew\u00e4hrleisten. Dabei setzen wir auf perfekt abgestimmte Automatisierungstechnik, die durch unsere hausinterne EMSR-Konzeption spezifische Kundenanforderungen jeglicher Art gew\u00e4hrleisten kann.<\/p>\n<p>[\/vc_column_text][\/vc_column][\/vc_row][\/vc_section][vc_section][vc_row][vc_column][vc_tta_accordion section_title_tag=&#187;h5&#8243; c_icon=&#187;chevron&#187; c_position=&#187;right&#187; active_section=&#187;&#187; no_fill=&#187;true&#187; collapsible_all=&#187;true&#187; title=&#187;Erfahren Sie mehr \u00fcber ma\u00dfgeschneiderte Wasseraufbereitung&#187;][vc_tta_section title=&#187;Durch welche Vorteile zeichnen sich individualisierte Wasseraufbereitungsanlagen aus?&#187; tab_id=&#187;1698765230266-6ea72452-bc64&#8243;][vc_column_text]Sie ben\u00f6tigen <strong>Wasseraufbereitungsanlagen<\/strong>, die ganz speziell auf Ihre Anwendungsbereiche abgestimmt sind? Das passt gut, denn <strong>EnviroFALK Wasseraufbereitungsanlagen sind auf Wunsch hochindividuell<\/strong>. Verrohrung? Gerne auch in PP durch Infrarot-Schwei\u00dfverfahren (IR) oder in PVDF mit wulst- und nutfreiem Schwei\u00dfverfahren (WNF). Begrenztes Raumangebot? Wir nutzen jeden Zentimeter, der f\u00fcr die Aufbereitungsanlage bei Ihnen zur Verf\u00fcgung steht.\u00a0 Profitieren Sie von den vielen M\u00f6glichkeiten zur Individualisierung Ihrer neuen Wasseraufbereitungsanlage.[\/vc_column_text][\/vc_tta_section][vc_tta_section title=&#187;Wie finden Werksabnahmen wie Factory Acceptance Tests, FAT, f\u00fcr Wasseraufbereitungsanlagen statt?&#187; tab_id=&#187;1698765230286-d425ee36-fa7c&#187;][vc_column_text]Sie wollen sicher sein, dass Ihre Wasseraufbereitungsanlage alle technischen und qualit\u00e4tsbezogenen Anforderungen erf\u00fcllt? Bei unseren Werksabnahmen, wie Factory Acceptance Tests (FAT), \u00fcberpr\u00fcfen wir mit Ihnen step by step die Qualifizierungsprozesse. F\u00fcr ein perfektes Zusammenspiel zwischen Ihrer neuen EnviroFALK Wasseraufbereitungsanlage und Ihrem Anwendungsbereich.[\/vc_column_text][\/vc_tta_section][vc_tta_section title=&#187;Sie ben\u00f6tigen Wasseraufbereitungsanlagen, die genau nach Ihren Anforderungen konzipiert sind?&#187; tab_id=&#187;1698765230301-0ce0312b-3adc&#187;][vc_column_text]<strong>Wir konzipieren Wasseraufbereitungsanlagen, die genau auf Ihre Anforderungen abgestimmt sind. <\/strong>Auch f\u00fcr Ihren Bedarf stellen wir Ihnen eine hocheffiziente Wasseraufbereitungsanlage zur Verf\u00fcgung, die Ihren Anspr\u00fcchen auf ganzer Linie gerecht wird.\u00a0Ob Sie dabei in der Industrie, im Labor oder in der Medizintechnik auf <strong>Prozesswasser, Rein- oder Reinstwasser<\/strong> angewiesen sind, spielt keine Rolle: Denn dank eines umfangreichen Erfahrungsschatzes bieten wir f\u00fcr jeden Bedarf die perfekte Wasseraufbereitungsanlage. Anders ausgedr\u00fcckt: <strong>Ein &#171;Geht nicht&#187; kennen wir bei EnviroFALK nicht!<\/strong>[\/vc_column_text][\/vc_tta_section][\/vc_tta_accordion][\/vc_column][\/vc_row][\/vc_section]<\/p>\n<\/div>","protected":false},"excerpt":{"rendered":"<p>[vc_section][vc_row full_width=&#187;stretch_row_content_no_spaces&#187;][vc_column][\/vc_column][\/vc_row][vc_row el_class=&#187;breadcrumbs-wrapper&#187;][vc_column][\/vc_column][\/vc_row][\/vc_section][vc_section][vc_row][vc_column width=&#187;3\/4&#8243;][vc_custom_heading source=&#187;post_title&#187; font_container=&#187;tag:h1|text_align:left&#187; use_theme_fonts=&#187;yes&#187;][vc_column_text] Sie ben\u00f6tigen Wasseraufbereitungsanlagen, die ganz speziell auf Ihre Anwendungsbereiche abgestimmt sind? Ob begrenztes Raumangebot, spezielle Verrohrung, spezifische Digitalisierungs- und Automatisierungsl\u00f6sungen \u2013 mit unseren ma\u00dfgeschneiderten Wasseraufbereitungsanlagen erf\u00fcllen wir facettenreiche Werksvorschriften. Damit Sie die wertvolle Ressource Wasser nachhaltig, sicher und energiereduzierend einsetzen. [\/vc_column_text][\/vc_column][vc_column width=&#187;1\/4&#8243;][\/vc_column][\/vc_row][vc_row css_animation=&#187;slideInUp&#187; el_class=&#187;two-columns-row tablet-row&#187;][vc_column width=&#187;1\/2&#8243;][vc_column_text] EnviroFALK, die [&hellip;]<\/p>\n","protected":false},"author":3,"featured_media":0,"parent":14054,"menu_order":15,"comment_status":"closed","ping_status":"closed","template":"","meta":{"_acf_changed":false,"rs_blank_template":"","rs_page_bg_color":"","slide_template_v7":"","footnotes":""},"class_list":["post-14068","page","type-page","status-publish","hentry"],"acf":[],"yoast_head":"<!-- This site is optimized with the Yoast SEO Premium plugin v27.6 (Yoast SEO v27.6) - https:\/\/yoast.com\/product\/yoast-seo-premium-wordpress\/ -->\n<title>Individuelle Wasseraufbereitung &#8211; EnviroFALK<\/title>\n<meta name=\"robots\" content=\"index, follow, max-snippet:-1, max-image-preview:large, max-video-preview:-1\" \/>\n<link rel=\"canonical\" href=\"https:\/\/www.envirofalk.com\/ch\/verfahren-produkte\/individuelle-wasseraufbereitung\/\" \/>\n<meta property=\"og:locale\" content=\"de_DE\" \/>\n<meta property=\"og:type\" content=\"article\" \/>\n<meta property=\"og:title\" content=\"Individuelle Wasseraufbereitung\" \/>\n<meta property=\"og:description\" content=\"[vc_section][vc_row full_width=&#187;stretch_row_content_no_spaces&#187;][vc_column][\/vc_column][\/vc_row][vc_row el_class=&#187;breadcrumbs-wrapper&#187;][vc_column][\/vc_column][\/vc_row][\/vc_section][vc_section][vc_row][vc_column width=&#187;3\/4&#8243;][vc_custom_heading source=&#187;post_title&#187; font_container=&#187;tag:h1|text_align:left&#187; use_theme_fonts=&#187;yes&#187;][vc_column_text] Sie ben\u00f6tigen Wasseraufbereitungsanlagen, die ganz speziell auf Ihre Anwendungsbereiche abgestimmt sind? Ob begrenztes Raumangebot, spezielle Verrohrung, spezifische Digitalisierungs- und Automatisierungsl\u00f6sungen \u2013 mit unseren ma\u00dfgeschneiderten Wasseraufbereitungsanlagen erf\u00fcllen wir facettenreiche Werksvorschriften. Damit Sie die wertvolle Ressource Wasser nachhaltig, sicher und energiereduzierend einsetzen. [\/vc_column_text][\/vc_column][vc_column width=&#187;1\/4&#8243;][\/vc_column][\/vc_row][vc_row css_animation=&#187;slideInUp&#187; el_class=&#187;two-columns-row tablet-row&#187;][vc_column width=&#187;1\/2&#8243;][vc_column_text] EnviroFALK, die [&hellip;]\" \/>\n<meta property=\"og:url\" content=\"https:\/\/www.envirofalk.com\/ch\/verfahren-produkte\/individuelle-wasseraufbereitung\/\" \/>\n<meta property=\"og:site_name\" content=\"EnviroFALK\" \/>\n<meta property=\"article:publisher\" content=\"https:\/\/www.facebook.com\/envirofalk\" \/>\n<meta property=\"article:modified_time\" content=\"2026-02-04T09:53:18+00:00\" \/>\n<meta name=\"twitter:card\" content=\"summary_large_image\" \/>\n<meta name=\"twitter:label1\" content=\"Gesch\u00e4tzte Lesezeit\" \/>\n\t<meta name=\"twitter:data1\" content=\"4\u00a0Minuten\" \/>\n<script type=\"application\/ld+json\" class=\"yoast-schema-graph\">{\"@context\":\"https:\\\/\\\/schema.org\",\"@graph\":[{\"@type\":\"WebPage\",\"@id\":\"https:\\\/\\\/www.envirofalk.com\\\/ch\\\/verfahren-produkte\\\/individuelle-wasseraufbereitung\\\/\",\"url\":\"https:\\\/\\\/www.envirofalk.com\\\/ch\\\/verfahren-produkte\\\/individuelle-wasseraufbereitung\\\/\",\"name\":\"Individuelle Wasseraufbereitung &#8211; EnviroFALK\",\"isPartOf\":{\"@id\":\"https:\\\/\\\/www.envirofalk.com\\\/ch\\\/#website\"},\"datePublished\":\"2024-04-18T07:00:01+00:00\",\"dateModified\":\"2026-02-04T09:53:18+00:00\",\"breadcrumb\":{\"@id\":\"https:\\\/\\\/www.envirofalk.com\\\/ch\\\/verfahren-produkte\\\/individuelle-wasseraufbereitung\\\/#breadcrumb\"},\"inLanguage\":\"de-CH\",\"potentialAction\":[{\"@type\":\"ReadAction\",\"target\":[\"https:\\\/\\\/www.envirofalk.com\\\/ch\\\/verfahren-produkte\\\/individuelle-wasseraufbereitung\\\/\"]}]},{\"@type\":\"BreadcrumbList\",\"@id\":\"https:\\\/\\\/www.envirofalk.com\\\/ch\\\/verfahren-produkte\\\/individuelle-wasseraufbereitung\\\/#breadcrumb\",\"itemListElement\":[{\"@type\":\"ListItem\",\"position\":1,\"name\":\"Home\",\"item\":\"https:\\\/\\\/www.envirofalk.com\\\/ch\\\/\"},{\"@type\":\"ListItem\",\"position\":2,\"name\":\"Verfahrenstechniken &#038; Produkte\",\"item\":\"https:\\\/\\\/www.envirofalk.com\\\/ch\\\/verfahren-produkte\\\/\"},{\"@type\":\"ListItem\",\"position\":3,\"name\":\"Individuelle Wasseraufbereitung\"}]},{\"@type\":\"WebSite\",\"@id\":\"https:\\\/\\\/www.envirofalk.com\\\/ch\\\/#website\",\"url\":\"https:\\\/\\\/www.envirofalk.com\\\/ch\\\/\",\"name\":\"EnviroFALK\",\"description\":\"Wasseraufbereitungsanlagen f\u00fcr Industrie, Gewerbe &amp; Labor\",\"publisher\":{\"@id\":\"https:\\\/\\\/www.envirofalk.com\\\/ch\\\/#organization\"},\"potentialAction\":[{\"@type\":\"SearchAction\",\"target\":{\"@type\":\"EntryPoint\",\"urlTemplate\":\"https:\\\/\\\/www.envirofalk.com\\\/ch\\\/?s={search_term_string}\"},\"query-input\":{\"@type\":\"PropertyValueSpecification\",\"valueRequired\":true,\"valueName\":\"search_term_string\"}}],\"inLanguage\":\"de-CH\"},{\"@type\":\"Organization\",\"@id\":\"https:\\\/\\\/www.envirofalk.com\\\/ch\\\/#organization\",\"name\":\"EnviroFALK\",\"url\":\"https:\\\/\\\/www.envirofalk.com\\\/ch\\\/\",\"logo\":{\"@type\":\"ImageObject\",\"inLanguage\":\"de-CH\",\"@id\":\"https:\\\/\\\/www.envirofalk.com\\\/ch\\\/#\\\/schema\\\/logo\\\/image\\\/\",\"url\":\"https:\\\/\\\/www.envirofalk.com\\\/wp-content\\\/uploads\\\/2023\\\/01\\\/logo.svg\",\"contentUrl\":\"https:\\\/\\\/www.envirofalk.com\\\/wp-content\\\/uploads\\\/2023\\\/01\\\/logo.svg\",\"caption\":\"EnviroFALK\"},\"image\":{\"@id\":\"https:\\\/\\\/www.envirofalk.com\\\/ch\\\/#\\\/schema\\\/logo\\\/image\\\/\"},\"sameAs\":[\"https:\\\/\\\/www.facebook.com\\\/envirofalk\",\"https:\\\/\\\/www.linkedin.com\\\/company\\\/envirofalk-gmbh\",\"https:\\\/\\\/www.youtube.com\\\/channel\\\/UCM1L-2K6cfBbP3aYgJGbVdA\"],\"description\":\"EnviroFALK Prozesswassertechnik ist Ihr Spezialist f\u00fcr ma\u00dfgeschneiderte Wasseraufbereitungsl\u00f6sungen in der Industrie. Wir bieten innovative Technologien f\u00fcr die Erzeugung und Aufbereitung von Prozesswasser, um h\u00f6chste Effizienz und Qualit\u00e4t in Ihren Produktionsprozessen zu gew\u00e4hrleisten. Mit jahrzehntelanger Erfahrung entwickeln wir nachhaltige und ressourcenschonende L\u00f6sungen, die exakt auf die Anforderungen unserer Kunden abgestimmt sind. Unsere Leistungen umfassen die Filtration, Enth\u00e4rtung, Entsalzung und R\u00fcckgewinnung von Wasser f\u00fcr verschiedenste Anwendungen \u2013 von der Metallverarbeitung bis zur Lebensmittelindustrie. Unsere Experten begleiten Sie von der Planung \u00fcber die Implementierung bis hin zum Service, um eine zuverl\u00e4ssige und wirtschaftliche Wasseraufbereitung sicherzustellen.\",\"email\":\"info@envirofalk.com\",\"telephone\":\"+49 2663 9908-0\",\"legalName\":\"EnviroFALK GmbH\",\"foundingDate\":\"1989-05-01\"}]}<\/script>\n<!-- \/ Yoast SEO Premium plugin. -->","yoast_head_json":{"title":"Individuelle Wasseraufbereitung &#8211; EnviroFALK","robots":{"index":"index","follow":"follow","max-snippet":"max-snippet:-1","max-image-preview":"max-image-preview:large","max-video-preview":"max-video-preview:-1"},"canonical":"https:\/\/www.envirofalk.com\/ch\/verfahren-produkte\/individuelle-wasseraufbereitung\/","og_locale":"de_DE","og_type":"article","og_title":"Individuelle Wasseraufbereitung","og_description":"[vc_section][vc_row full_width=&#187;stretch_row_content_no_spaces&#187;][vc_column][\/vc_column][\/vc_row][vc_row el_class=&#187;breadcrumbs-wrapper&#187;][vc_column][\/vc_column][\/vc_row][\/vc_section][vc_section][vc_row][vc_column width=&#187;3\/4&#8243;][vc_custom_heading source=&#187;post_title&#187; font_container=&#187;tag:h1|text_align:left&#187; use_theme_fonts=&#187;yes&#187;][vc_column_text] Sie ben\u00f6tigen Wasseraufbereitungsanlagen, die ganz speziell auf Ihre Anwendungsbereiche abgestimmt sind? Ob begrenztes Raumangebot, spezielle Verrohrung, spezifische Digitalisierungs- und Automatisierungsl\u00f6sungen \u2013 mit unseren ma\u00dfgeschneiderten Wasseraufbereitungsanlagen erf\u00fcllen wir facettenreiche Werksvorschriften. Damit Sie die wertvolle Ressource Wasser nachhaltig, sicher und energiereduzierend einsetzen. [\/vc_column_text][\/vc_column][vc_column width=&#187;1\/4&#8243;][\/vc_column][\/vc_row][vc_row css_animation=&#187;slideInUp&#187; el_class=&#187;two-columns-row tablet-row&#187;][vc_column width=&#187;1\/2&#8243;][vc_column_text] EnviroFALK, die [&hellip;]","og_url":"https:\/\/www.envirofalk.com\/ch\/verfahren-produkte\/individuelle-wasseraufbereitung\/","og_site_name":"EnviroFALK","article_publisher":"https:\/\/www.facebook.com\/envirofalk","article_modified_time":"2026-02-04T09:53:18+00:00","twitter_card":"summary_large_image","twitter_misc":{"Gesch\u00e4tzte Lesezeit":"4\u00a0Minuten"},"schema":{"@context":"https:\/\/schema.org","@graph":[{"@type":"WebPage","@id":"https:\/\/www.envirofalk.com\/ch\/verfahren-produkte\/individuelle-wasseraufbereitung\/","url":"https:\/\/www.envirofalk.com\/ch\/verfahren-produkte\/individuelle-wasseraufbereitung\/","name":"Individuelle Wasseraufbereitung &#8211; EnviroFALK","isPartOf":{"@id":"https:\/\/www.envirofalk.com\/ch\/#website"},"datePublished":"2024-04-18T07:00:01+00:00","dateModified":"2026-02-04T09:53:18+00:00","breadcrumb":{"@id":"https:\/\/www.envirofalk.com\/ch\/verfahren-produkte\/individuelle-wasseraufbereitung\/#breadcrumb"},"inLanguage":"de-CH","potentialAction":[{"@type":"ReadAction","target":["https:\/\/www.envirofalk.com\/ch\/verfahren-produkte\/individuelle-wasseraufbereitung\/"]}]},{"@type":"BreadcrumbList","@id":"https:\/\/www.envirofalk.com\/ch\/verfahren-produkte\/individuelle-wasseraufbereitung\/#breadcrumb","itemListElement":[{"@type":"ListItem","position":1,"name":"Home","item":"https:\/\/www.envirofalk.com\/ch\/"},{"@type":"ListItem","position":2,"name":"Verfahrenstechniken &#038; Produkte","item":"https:\/\/www.envirofalk.com\/ch\/verfahren-produkte\/"},{"@type":"ListItem","position":3,"name":"Individuelle Wasseraufbereitung"}]},{"@type":"WebSite","@id":"https:\/\/www.envirofalk.com\/ch\/#website","url":"https:\/\/www.envirofalk.com\/ch\/","name":"EnviroFALK","description":"Wasseraufbereitungsanlagen f\u00fcr Industrie, Gewerbe &amp; Labor","publisher":{"@id":"https:\/\/www.envirofalk.com\/ch\/#organization"},"potentialAction":[{"@type":"SearchAction","target":{"@type":"EntryPoint","urlTemplate":"https:\/\/www.envirofalk.com\/ch\/?s={search_term_string}"},"query-input":{"@type":"PropertyValueSpecification","valueRequired":true,"valueName":"search_term_string"}}],"inLanguage":"de-CH"},{"@type":"Organization","@id":"https:\/\/www.envirofalk.com\/ch\/#organization","name":"EnviroFALK","url":"https:\/\/www.envirofalk.com\/ch\/","logo":{"@type":"ImageObject","inLanguage":"de-CH","@id":"https:\/\/www.envirofalk.com\/ch\/#\/schema\/logo\/image\/","url":"https:\/\/www.envirofalk.com\/wp-content\/uploads\/2023\/01\/logo.svg","contentUrl":"https:\/\/www.envirofalk.com\/wp-content\/uploads\/2023\/01\/logo.svg","caption":"EnviroFALK"},"image":{"@id":"https:\/\/www.envirofalk.com\/ch\/#\/schema\/logo\/image\/"},"sameAs":["https:\/\/www.facebook.com\/envirofalk","https:\/\/www.linkedin.com\/company\/envirofalk-gmbh","https:\/\/www.youtube.com\/channel\/UCM1L-2K6cfBbP3aYgJGbVdA"],"description":"EnviroFALK Prozesswassertechnik ist Ihr Spezialist f\u00fcr ma\u00dfgeschneiderte Wasseraufbereitungsl\u00f6sungen in der Industrie. Wir bieten innovative Technologien f\u00fcr die Erzeugung und Aufbereitung von Prozesswasser, um h\u00f6chste Effizienz und Qualit\u00e4t in Ihren Produktionsprozessen zu gew\u00e4hrleisten. Mit jahrzehntelanger Erfahrung entwickeln wir nachhaltige und ressourcenschonende L\u00f6sungen, die exakt auf die Anforderungen unserer Kunden abgestimmt sind. Unsere Leistungen umfassen die Filtration, Enth\u00e4rtung, Entsalzung und R\u00fcckgewinnung von Wasser f\u00fcr verschiedenste Anwendungen \u2013 von der Metallverarbeitung bis zur Lebensmittelindustrie. Unsere Experten begleiten Sie von der Planung \u00fcber die Implementierung bis hin zum Service, um eine zuverl\u00e4ssige und wirtschaftliche Wasseraufbereitung sicherzustellen.","email":"info@envirofalk.com","telephone":"+49 2663 9908-0","legalName":"EnviroFALK GmbH","foundingDate":"1989-05-01"}]}},"_links":{"self":[{"href":"https:\/\/www.envirofalk.com\/ch\/wp-json\/wp\/v2\/pages\/14068","targetHints":{"allow":["GET"]}}],"collection":[{"href":"https:\/\/www.envirofalk.com\/ch\/wp-json\/wp\/v2\/pages"}],"about":[{"href":"https:\/\/www.envirofalk.com\/ch\/wp-json\/wp\/v2\/types\/page"}],"author":[{"embeddable":true,"href":"https:\/\/www.envirofalk.com\/ch\/wp-json\/wp\/v2\/users\/3"}],"replies":[{"embeddable":true,"href":"https:\/\/www.envirofalk.com\/ch\/wp-json\/wp\/v2\/comments?post=14068"}],"version-history":[{"count":2,"href":"https:\/\/www.envirofalk.com\/ch\/wp-json\/wp\/v2\/pages\/14068\/revisions"}],"predecessor-version":[{"id":26728,"href":"https:\/\/www.envirofalk.com\/ch\/wp-json\/wp\/v2\/pages\/14068\/revisions\/26728"}],"up":[{"embeddable":true,"href":"https:\/\/www.envirofalk.com\/ch\/wp-json\/wp\/v2\/pages\/14054"}],"wp:attachment":[{"href":"https:\/\/www.envirofalk.com\/ch\/wp-json\/wp\/v2\/media?parent=14068"}],"curies":[{"name":"wp","href":"https:\/\/api.w.org\/{rel}","templated":true}]}}