{"id":14065,"date":"2024-04-18T08:59:16","date_gmt":"2024-04-18T06:59:16","guid":{"rendered":"https:\/\/www.envirofalk.com\/?page_id=14065"},"modified":"2026-02-04T11:02:39","modified_gmt":"2026-02-04T10:02:39","slug":"elektrodeionisation-edi","status":"publish","type":"page","link":"https:\/\/www.envirofalk.com\/ch\/verfahren-produkte\/elektrodeionisation-edi\/","title":{"rendered":"Elektrodeionisation (EDI)"},"content":{"rendered":"<div class=\"wpb-content-wrapper\"><p>[vc_section][vc_row full_width=&#187;stretch_row_content_no_spaces&#187;][vc_column]<div class=\"custom-top-banner img-box   has-icon\" style=\"background-image: url(https:\/\/www.envirofalk.com\/wp-content\/uploads\/2023\/05\/banner-energieerzeugung.jpg)\"><div class=\"container relative\"><div class=\"text-box\"><div class=\"slideInRight animated\"><img loading=\"lazy\" decoding=\"async\" width=\"1\" height=\"1\" src=\"https:\/\/www.envirofalk.com\/wp-content\/uploads\/2023\/08\/Wasseraufbereitung_Umkehrosmose_Icon.svg\" class=\"attachment-120x120 size-120x120\" alt=\"\" \/><p>Fein entsalztes Wasser durch <strong>Elektrodeionisierung (EDI)<\/strong><\/p><\/div><\/div><\/div><\/div>[\/vc_column][\/vc_row][vc_row el_class=&#187;breadcrumbs-wrapper&#187;][vc_column]<div class=\"breadcrumbs\"><label><\/label> <a href=\"https:\/\/www.envirofalk.com\/ch\/\">Home<\/a><\/div>[\/vc_column][\/vc_row][\/vc_section][vc_section][vc_row css_animation=&#187;slideInUp&#187; el_class=&#187;two-columns-row tablet-row&#187;][vc_column width=&#187;3\/4&#8243;][vc_custom_heading text=&#187;Fein entsalztes Wasser durch EnviroFALK Elektrodeionisierung (EDI)&#187; font_container=&#187;tag:h1|text_align:left&#187; use_theme_fonts=&#187;yes&#187;][vc_column_text]Die Elektrodeionisierung wird h\u00e4ufig nach einer Umkehrosmose eingesetzt. Das teilentsalzte Wasser wird dabei nochmals aufbereitet &#171;poliert&#187;. Das Ziel ist hierbei,\u00a0 eine sehr niedrige Leitf\u00e4higkeit und geringe Kiesels\u00e4urewerte zu erreichen. Dieser Prozess wird auch als Restentsalzung (Polishing) bezeichnet.<\/p>\n<p>Die Restentsalzung wird durch professionelle Wasseraufbereitungsanlagen &#8211; je nach Anwendungsbereich in der Kombination <strong>Umkehrosmose und Elektrodeionisierung (EDI) <\/strong>&#8211; gewonnen. <strong>Sie ben\u00f6tigen eine Wasseraufbereitungsanlage mit Elektrodeionisierung? Dann sind Sie bei EnviroFALK genau richtig! <\/strong>Denn mit einem <strong>Erfahrungsschatz von \u00fcber 30 Jahren<\/strong>\u00a0kennen wir Ihre Branche genau und wissen, was Sie bewegt.[\/vc_column_text][\/vc_column][vc_column width=&#187;1\/4&#8243;]<div class=\"online-consultant-box  wpb_content_element\"><div class=\"online-consultant\"><div><div class=\"person-info\"><h5>Jonas Knoche<\/h5><ul class=\"person-list\"><li><a href=\"tel:+41 41 740 39 49\">+41 41 740 39 49<\/a><\/li><\/ul><\/div><a href=\"#beratung\" target=\"_self\" class=\"custom-btn show-modal\"><i class=\"icon-chevron-right\"><\/i>Zur Onlineberatung<\/a><\/div><div class=\"relative\"><svg xmlns=\"http:\/\/www.w3.org\/2000\/svg\" viewBox=\"0 0 32.83 32.83\">\n\t\t\t\t\t\t\t\t\t<defs>\n\t\t\t\t\t\t\t\t\t\t<linearGradient id=\"gradient\" x1=\"0%\" y1=\"0%\" x2=\"0%\" y2=\"100%\" gradientTransform=\"rotate(-135)\">\n\t\t\t\t\t\t\t\t\t\t\t<stop offset=\"0%\" stop-color=\"#97be0d\"\/>\n\t\t\t\t\t\t\t\t\t\t\t\t<stop offset=\"100%\" stop-color=\"rgba(255, 255, 255, 0)\"\/>\n\t\t\t\t\t\t\t\t\t\t<\/linearGradient>\n\t\t\t\t\t\t\t\t\t<\/defs>\n\t\t\t\t\t\t\t\t\t<path class=\"wpb_animate_when_almost_visible circular-progress\" stroke=\"url(#gradient)\" stroke-width=\"1\" stroke-dasharray=\"100, 100\" fill=\"none\" d=\"M18,2.08a15.92,15.92,0,0,1,0,31.84h0A15.92,15.92,0,0,1,18,2.08\" transform=\"translate(-1.59 -1.58)\"\/>\n                            \t<\/svg><span><img loading=\"lazy\" decoding=\"async\" width=\"500\" height=\"500\" src=\"https:\/\/www.envirofalk.com\/wp-content\/uploads\/2024\/04\/Jonas_Knoche.png\" class=\"attachment-full size-full\" alt=\"\" srcset=\"https:\/\/www.envirofalk.com\/wp-content\/uploads\/2024\/04\/Jonas_Knoche.png 500w, https:\/\/www.envirofalk.com\/wp-content\/uploads\/2024\/04\/Jonas_Knoche-350x350.png 350w, https:\/\/www.envirofalk.com\/wp-content\/uploads\/2024\/04\/Jonas_Knoche-150x150.png 150w\" sizes=\"auto, (max-width: 500px) 100vw, 500px\" \/><\/span><\/div><\/div><\/div>[\/vc_column][\/vc_row][\/vc_section][vc_section][vc_row el_class=&#187;tablet-row vertical-center&#187;][vc_column css_animation=&#187;slideInLeft&#187; width=&#187;1\/2&#8243;][vc_column_text css=&#187;&#187;]<\/p>\n<h2>EnviroFALK, die Experten rund um Ihre Wasseraufbereitungsanlagen mit Elektrodeionisierung (EDI)<\/h2>\n<p>Clever ist, wer sich in puncto Wasseraufbereitung mit Elektrodeionisierung (EDI) direkt an die Experten von EnviroFALK wendet. Auch f\u00fcr Sie konzipieren wir gerne eine L\u00f6sung, bei der die vollst\u00e4ndige Entsalzung des Wassers von elementarer Bedeutung ist.<\/p>\n<p>Als Hersteller von <a href=\"https:\/\/www.envirofalk.com\/ch\/verfahrenstechniken-produkte\/individuelle-wasseraufbereitung\/\">Wasseraufbereitungsanlagen<\/a> ist das der Anspruch, den wir an uns stellen \u2013 zu 100 Prozent f\u00fcr unsere Kunden da sein! \u00dcbrigens: Wir sind auch der ideale Ansprechpartner, wenn es um Umkehrosmose, <a href=\"https:\/\/www.envirofalk.com\/ch\/verfahrenstechniken-produkte\/ultrafiltrationsanlagen\/\">Ultrafiltration und<\/a> <a href=\"https:\/\/www.envirofalk.com\/ch\/verfahrenstechniken-produkte\/nanofiltrationsanlagen\/\">Nanofiltration<\/a> geht. Schlie\u00dflich wollen wir f\u00fcr Ihre Prozesswasser, Rein- und Reinstwasseraufbereitung nur das Beste![\/vc_column_text][\/vc_column][vc_column css_animation=&#187;slideInRight&#187; width=&#187;1\/2&#8243;]<div class=\"bg-image img-box\" style=\"background-image: url(https:\/\/www.envirofalk.com\/wp-content\/uploads\/2023\/02\/bg-about.gif)\"><img loading=\"lazy\" decoding=\"async\" width=\"1500\" height=\"1136\" src=\"https:\/\/www.envirofalk.com\/wp-content\/uploads\/2023\/10\/EnviroFALK_EDI_Wasseraufbereitungsanlage_Medizintechnik.png\" class=\"attachment-full size-full\" alt=\"Rein- und Reinstwasseranlage von EnviroFALK f\u00fcr den Medizinbereich\" srcset=\"https:\/\/www.envirofalk.com\/wp-content\/uploads\/2023\/10\/EnviroFALK_EDI_Wasseraufbereitungsanlage_Medizintechnik.png 1500w, https:\/\/www.envirofalk.com\/wp-content\/uploads\/2023\/10\/EnviroFALK_EDI_Wasseraufbereitungsanlage_Medizintechnik-350x265.png 350w, https:\/\/www.envirofalk.com\/wp-content\/uploads\/2023\/10\/EnviroFALK_EDI_Wasseraufbereitungsanlage_Medizintechnik-1024x776.png 1024w, https:\/\/www.envirofalk.com\/wp-content\/uploads\/2023\/10\/EnviroFALK_EDI_Wasseraufbereitungsanlage_Medizintechnik-768x582.png 768w\" sizes=\"auto, (max-width: 1500px) 100vw, 1500px\" \/><\/div>[\/vc_column][\/vc_row][vc_row][vc_column]<div class=\"posts-wrapper wpb_content_element\"><div class=\"top-box wpb_content_element text-center\"><h2 class=\"entry-title\">EnviroFALK Systeme mit Elektrodeionisierung (EDI)<\/h2><\/div><div class=\"all-products flexbox has-slider\" data-posts=\"-1\" data-cat-id=\"57\" data-tag-id=\"0\" data-exclude-tag=\"IN\"><div id=\"post-21615\" class=\"produkt post-21615 type-produkt status-publish has-post-thumbnail hentry produkt_kategorie-labor-und-medizintechnik-ch produkt_kategorie-produktprogramm-ch produkt_kategorie-rein-und-reinstwassersysteme-ch produkt_kategorie-elektrodeionisierung-ch produkt_kategorie-umkehrosmoseanlagen-ch\"><a href=\"https:\/\/www.envirofalk.com\/ch\/produkte\/envi-greenpure-mx-ultra-3000-7500\/\" target=\"_self\"><div class=\"icon\"><img decoding=\"async\" src=\"https:\/\/www.envirofalk.com\/wp-content\/uploads\/2025\/05\/RS882_GreenPURE-Ultra-MX_1--scaled.png\" alt=\"Bild\"><\/div><\/a><div class=\"text-box\"><h3 class=\"entry-title\"><a href=\"https:\/\/www.envirofalk.com\/ch\/produkte\/envi-greenpure-mx-ultra-3000-7500\/\" target=\"_self\">Envi GreenPURE MX Ultra 3000-7500<\/a><\/h3><p>Die kompakten Wasseraufbereitungssysteme GreenPURE HS Ultra sind f\u00fcr die Entsalzung von enth\u00e4rtetem Trinkwasser konzipiert.<\/p><ul class=\"params-list\"><\/ul><\/div><\/div><div id=\"post-21612\" class=\"produkt post-21612 type-produkt status-publish has-post-thumbnail hentry produkt_kategorie-labor-und-medizintechnik-ch produkt_kategorie-produktprogramm-ch produkt_kategorie-rein-und-reinstwassersysteme-ch produkt_kategorie-elektrodeionisierung-ch produkt_kategorie-umkehrosmoseanlagen-ch\"><a href=\"https:\/\/www.envirofalk.com\/ch\/produkte\/envi-greenpure-l-ultra-80-350\/\" target=\"_self\"><div class=\"icon\"><img decoding=\"async\" src=\"https:\/\/www.envirofalk.com\/wp-content\/uploads\/2025\/05\/RS645_Produktfoto_Greenpure-L-Ultra_EF_24-2-scaled.png\" alt=\"Bild\"><\/div><\/a><div class=\"text-box\"><h3 class=\"entry-title\"><a href=\"https:\/\/www.envirofalk.com\/ch\/produkte\/envi-greenpure-l-ultra-80-350\/\" target=\"_self\">Envi GreenPURE L Ultra 80-350<\/a><\/h3><p>Die kompakten Wasseraufbereitungssysteme GreenPURE HS Ultra sind f\u00fcr die Entsalzung von enth\u00e4rtetem Trinkwasser konzipiert.<\/p><ul class=\"params-list\"><\/ul><\/div><\/div><div id=\"post-14257\" class=\"produkt post-14257 type-produkt status-publish has-post-thumbnail hentry produkt_kategorie-labor-und-medizintechnik-ch produkt_kategorie-produktprogramm-ch produkt_kategorie-rein-und-reinstwassersysteme-ch produkt_kategorie-elektrodeionisierung-ch produkt_kategorie-umkehrosmoseanlagen-ch\"><a href=\"https:\/\/www.envirofalk.com\/ch\/produkte\/envi-greenpure-hs-ultra\/\" target=\"_self\"><div class=\"icon\"><img decoding=\"async\" src=\"https:\/\/www.envirofalk.com\/wp-content\/uploads\/2023\/08\/Envi_GreenPURE_HS_Ultra.png\" alt=\"Bild\"><\/div><\/a><div class=\"text-box\"><h3 class=\"entry-title\"><a href=\"https:\/\/www.envirofalk.com\/ch\/produkte\/envi-greenpure-hs-ultra\/\" target=\"_self\">Envi GreenPURE HS Ultra<\/a><\/h3><p>\r\nEnvi GreenPURE\r\nHS Ultra 70-150\r\nDie kompakten Wasseraufbereitungssysteme Envi GreenPURE HS Ultra sind f\u00fcr die Entsalzung von enth\u00e4rtetem Stadtwasser konzipiert. Sie...<\/p><ul class=\"params-list\"><\/ul><\/div><\/div><div id=\"post-14259\" class=\"produkt post-14259 type-produkt status-publish has-post-thumbnail hentry produkt_kategorie-labor-und-medizintechnik-ch produkt_kategorie-produktprogramm-ch produkt_kategorie-industrie-und-gewerbe-ch produkt_kategorie-elektrodeionisierung-ch\"><a href=\"https:\/\/www.envirofalk.com\/ch\/produkte\/envi-greenpure-ultra-rg-80-3000\/\" target=\"_self\"><div class=\"icon\"><img decoding=\"async\" src=\"https:\/\/www.envirofalk.com\/wp-content\/uploads\/2023\/08\/Envi_GreenPURE_Ultra_RG_803000.png\" alt=\"Bild\"><\/div><\/a><div class=\"text-box\"><h3 class=\"entry-title\"><a href=\"https:\/\/www.envirofalk.com\/ch\/produkte\/envi-greenpure-ultra-rg-80-3000\/\" target=\"_self\">Envi GreenPURE Ultra RG 80-3000<\/a><\/h3><p>\r\nEnvi GreenPURE\r\nRG Ultra 500-2000\r\nDie Umkehrosmoseanlagen mit Elektrodeionisation (EDI) GreenPURE RG Ultra bieten besonderes hohe Reinstwasserqualit\u00e4t f\u00fcr ein breites Spektrum...<\/p><ul class=\"params-list\"><\/ul><\/div><\/div><\/div><div class=\"slider-controls news-slider-controls\"><\/div><div class=\"not-found\"><h3>Keine Eintr\u00e4ge gefunden<\/h3><\/div><\/div>[\/vc_column][\/vc_row][vc_row][vc_column][vc_tta_accordion section_title_tag=&#187;h5&#8243; c_icon=&#187;chevron&#187; c_position=&#187;right&#187; active_section=&#187;&#187; no_fill=&#187;true&#187; collapsible_all=&#187;true&#187; title=&#187;Erfahren Sie mehr \u00fcber Elektrodeionisierung (EDI)&#187;][vc_tta_section title=&#187;Was versteht man unter einer Elektrodeionisation?&#187; tab_id=&#187;1694684192118-7ec1d2fe-6e35&#8243;][vc_column_text]<strong>Die Elektrodeionisierung (EDI) ist eine Technologie, bei der Ionenaustauscherharze und ionenselektive Membranen mit elektrischem Gleichstrom kombiniert werden, um Ionen aus dem Wasser zu entfernen.<\/strong><\/p>\n<p>Dass der Ionenaustauscher nicht nur mit S\u00e4ure und Lauge, sondern durch ein elektrisches Feld regeneriert werden kann, war eine revolution\u00e4re Idee und legte den Grundstein f\u00fcr die Entwicklung moderner Verfahren der Elektrodeionisierung.[\/vc_column_text][\/vc_tta_section][vc_tta_section title=&#187;Welchen Wirkungsgrad hat die Elektrodeionisation?&#187; tab_id=&#187;1694684192137-68f566a5-4d6a&#187;][vc_column_text css=&#187;&#187;]<strong>EnviroFALK setzt die Elektrodeionisierung nach der Umkehrosmose ein. Das entsalzte Wasser wird dabei nochmals aufbereitet. Die Wasserqualit\u00e4t zeichnet sich durch eine niedrige elektrische Leitf\u00e4higkeit und geringe Kiesels\u00e4urewerte aus.<\/strong><\/p>\n<p>Insbesondere die Zuverl\u00e4ssigkeit des EDI-Moduls und die Reinheit des so aufbereiteten Wassers machen die Technik attraktiv f\u00fcr Einsatzbereiche, in denen eine vollst\u00e4ndige Entsalzung essentiell ist. So erfordert die Produktion von\u00a0<a title=\"gr\u00fcner Wasserstoff\" href=\"https:\/\/www.envirofalk.com\/ch\/branchen\/gruener-wasserstoff\/\">gr\u00fcnem Wasserstoff<\/a>\u00a0beispielsweise eine konstant hohe Wasserqualit\u00e4t f\u00fcr eine fehlerfreie Elektrolyse.[\/vc_column_text][\/vc_tta_section][vc_tta_section title=&#187;Wie funktioniert das Verfahren der Elektrodeionisierung (EDI)?&#187; tab_id=&#187;1694688113004-4453ec2a-e8a6&#8243;][vc_column_text]Was es mit dem Verfahren der <strong>Elektrodeionisierung (EDI)<\/strong> prinzipiell auf sich hat, finden Sie einfach erkl\u00e4rt mit einem Klick auf \u201cElektrodeionisation &#8211; mit elektrischen Feldern regenerieren&#187;<\/p>\n<p>M\u00f6chten Sie gerne mehr \u00fcber die die Funktion einer EnviroFALK Wasseraufbereitungsanlage mit EDI erfahren? Rufen Sie uns an und vereinbaren Sie gleich einen Termin mit unseren Experten.[\/vc_column_text][\/vc_tta_section][\/vc_tta_accordion][\/vc_column][\/vc_row][\/vc_section]<\/p>\n<\/div>","protected":false},"excerpt":{"rendered":"<p>[vc_section][vc_row full_width=&#187;stretch_row_content_no_spaces&#187;][vc_column][\/vc_column][\/vc_row][vc_row el_class=&#187;breadcrumbs-wrapper&#187;][vc_column][\/vc_column][\/vc_row][\/vc_section][vc_section][vc_row css_animation=&#187;slideInUp&#187; el_class=&#187;two-columns-row tablet-row&#187;][vc_column width=&#187;3\/4&#8243;][vc_custom_heading text=&#187;Fein entsalztes Wasser durch EnviroFALK Elektrodeionisierung (EDI)&#187; font_container=&#187;tag:h1|text_align:left&#187; use_theme_fonts=&#187;yes&#187;][vc_column_text]Die Elektrodeionisierung wird h\u00e4ufig nach einer Umkehrosmose eingesetzt. Das teilentsalzte Wasser wird dabei nochmals aufbereitet &#171;poliert&#187;. Das Ziel ist hierbei,\u00a0 eine sehr niedrige Leitf\u00e4higkeit und geringe Kiesels\u00e4urewerte zu erreichen. Dieser Prozess wird auch als Restentsalzung (Polishing) bezeichnet. Die Restentsalzung wird [&hellip;]<\/p>\n","protected":false},"author":3,"featured_media":0,"parent":14054,"menu_order":14,"comment_status":"closed","ping_status":"closed","template":"","meta":{"_acf_changed":false,"rs_blank_template":"","rs_page_bg_color":"","slide_template_v7":"","footnotes":""},"class_list":["post-14065","page","type-page","status-publish","hentry"],"acf":[],"yoast_head":"<!-- This site is optimized with the Yoast SEO Premium plugin v27.6 (Yoast SEO v27.6) - https:\/\/yoast.com\/product\/yoast-seo-premium-wordpress\/ -->\n<title>Elektrodeionisation (EDI) &#8211; EnviroFALK<\/title>\n<meta name=\"robots\" content=\"index, follow, max-snippet:-1, max-image-preview:large, max-video-preview:-1\" \/>\n<link rel=\"canonical\" href=\"https:\/\/www.envirofalk.com\/ch\/verfahren-produkte\/elektrodeionisation-edi\/\" \/>\n<meta property=\"og:locale\" content=\"de_DE\" \/>\n<meta property=\"og:type\" content=\"article\" \/>\n<meta property=\"og:title\" content=\"Elektrodeionisation (EDI)\" \/>\n<meta property=\"og:description\" content=\"[vc_section][vc_row full_width=&#187;stretch_row_content_no_spaces&#187;][vc_column][\/vc_column][\/vc_row][vc_row el_class=&#187;breadcrumbs-wrapper&#187;][vc_column][\/vc_column][\/vc_row][\/vc_section][vc_section][vc_row css_animation=&#187;slideInUp&#187; el_class=&#187;two-columns-row tablet-row&#187;][vc_column width=&#187;3\/4&#8243;][vc_custom_heading text=&#187;Fein entsalztes Wasser durch EnviroFALK Elektrodeionisierung (EDI)&#187; font_container=&#187;tag:h1|text_align:left&#187; use_theme_fonts=&#187;yes&#187;][vc_column_text]Die Elektrodeionisierung wird h\u00e4ufig nach einer Umkehrosmose eingesetzt. Das teilentsalzte Wasser wird dabei nochmals aufbereitet &#171;poliert&#187;. Das Ziel ist hierbei,\u00a0 eine sehr niedrige Leitf\u00e4higkeit und geringe Kiesels\u00e4urewerte zu erreichen. Dieser Prozess wird auch als Restentsalzung (Polishing) bezeichnet. Die Restentsalzung wird [&hellip;]\" \/>\n<meta property=\"og:url\" content=\"https:\/\/www.envirofalk.com\/ch\/verfahren-produkte\/elektrodeionisation-edi\/\" \/>\n<meta property=\"og:site_name\" content=\"EnviroFALK\" \/>\n<meta property=\"article:publisher\" content=\"https:\/\/www.facebook.com\/envirofalk\" \/>\n<meta property=\"article:modified_time\" content=\"2026-02-04T10:02:39+00:00\" \/>\n<meta name=\"twitter:card\" content=\"summary_large_image\" \/>\n<meta name=\"twitter:label1\" content=\"Gesch\u00e4tzte Lesezeit\" \/>\n\t<meta name=\"twitter:data1\" content=\"4\u00a0Minuten\" \/>\n<script type=\"application\/ld+json\" class=\"yoast-schema-graph\">{\"@context\":\"https:\\\/\\\/schema.org\",\"@graph\":[{\"@type\":\"WebPage\",\"@id\":\"https:\\\/\\\/www.envirofalk.com\\\/ch\\\/verfahren-produkte\\\/elektrodeionisation-edi\\\/\",\"url\":\"https:\\\/\\\/www.envirofalk.com\\\/ch\\\/verfahren-produkte\\\/elektrodeionisation-edi\\\/\",\"name\":\"Elektrodeionisation (EDI) &#8211; EnviroFALK\",\"isPartOf\":{\"@id\":\"https:\\\/\\\/www.envirofalk.com\\\/ch\\\/#website\"},\"datePublished\":\"2024-04-18T06:59:16+00:00\",\"dateModified\":\"2026-02-04T10:02:39+00:00\",\"breadcrumb\":{\"@id\":\"https:\\\/\\\/www.envirofalk.com\\\/ch\\\/verfahren-produkte\\\/elektrodeionisation-edi\\\/#breadcrumb\"},\"inLanguage\":\"de-CH\",\"potentialAction\":[{\"@type\":\"ReadAction\",\"target\":[\"https:\\\/\\\/www.envirofalk.com\\\/ch\\\/verfahren-produkte\\\/elektrodeionisation-edi\\\/\"]}]},{\"@type\":\"BreadcrumbList\",\"@id\":\"https:\\\/\\\/www.envirofalk.com\\\/ch\\\/verfahren-produkte\\\/elektrodeionisation-edi\\\/#breadcrumb\",\"itemListElement\":[{\"@type\":\"ListItem\",\"position\":1,\"name\":\"Home\",\"item\":\"https:\\\/\\\/www.envirofalk.com\\\/ch\\\/\"},{\"@type\":\"ListItem\",\"position\":2,\"name\":\"Verfahrenstechniken &#038; Produkte\",\"item\":\"https:\\\/\\\/www.envirofalk.com\\\/ch\\\/verfahren-produkte\\\/\"},{\"@type\":\"ListItem\",\"position\":3,\"name\":\"Elektrodeionisation (EDI)\"}]},{\"@type\":\"WebSite\",\"@id\":\"https:\\\/\\\/www.envirofalk.com\\\/ch\\\/#website\",\"url\":\"https:\\\/\\\/www.envirofalk.com\\\/ch\\\/\",\"name\":\"EnviroFALK\",\"description\":\"Wasseraufbereitungsanlagen f\u00fcr Industrie, Gewerbe &amp; Labor\",\"publisher\":{\"@id\":\"https:\\\/\\\/www.envirofalk.com\\\/ch\\\/#organization\"},\"potentialAction\":[{\"@type\":\"SearchAction\",\"target\":{\"@type\":\"EntryPoint\",\"urlTemplate\":\"https:\\\/\\\/www.envirofalk.com\\\/ch\\\/?s={search_term_string}\"},\"query-input\":{\"@type\":\"PropertyValueSpecification\",\"valueRequired\":true,\"valueName\":\"search_term_string\"}}],\"inLanguage\":\"de-CH\"},{\"@type\":\"Organization\",\"@id\":\"https:\\\/\\\/www.envirofalk.com\\\/ch\\\/#organization\",\"name\":\"EnviroFALK\",\"url\":\"https:\\\/\\\/www.envirofalk.com\\\/ch\\\/\",\"logo\":{\"@type\":\"ImageObject\",\"inLanguage\":\"de-CH\",\"@id\":\"https:\\\/\\\/www.envirofalk.com\\\/ch\\\/#\\\/schema\\\/logo\\\/image\\\/\",\"url\":\"https:\\\/\\\/www.envirofalk.com\\\/wp-content\\\/uploads\\\/2023\\\/01\\\/logo.svg\",\"contentUrl\":\"https:\\\/\\\/www.envirofalk.com\\\/wp-content\\\/uploads\\\/2023\\\/01\\\/logo.svg\",\"caption\":\"EnviroFALK\"},\"image\":{\"@id\":\"https:\\\/\\\/www.envirofalk.com\\\/ch\\\/#\\\/schema\\\/logo\\\/image\\\/\"},\"sameAs\":[\"https:\\\/\\\/www.facebook.com\\\/envirofalk\",\"https:\\\/\\\/www.linkedin.com\\\/company\\\/envirofalk-gmbh\",\"https:\\\/\\\/www.youtube.com\\\/channel\\\/UCM1L-2K6cfBbP3aYgJGbVdA\"],\"description\":\"EnviroFALK Prozesswassertechnik ist Ihr Spezialist f\u00fcr ma\u00dfgeschneiderte Wasseraufbereitungsl\u00f6sungen in der Industrie. Wir bieten innovative Technologien f\u00fcr die Erzeugung und Aufbereitung von Prozesswasser, um h\u00f6chste Effizienz und Qualit\u00e4t in Ihren Produktionsprozessen zu gew\u00e4hrleisten. Mit jahrzehntelanger Erfahrung entwickeln wir nachhaltige und ressourcenschonende L\u00f6sungen, die exakt auf die Anforderungen unserer Kunden abgestimmt sind. Unsere Leistungen umfassen die Filtration, Enth\u00e4rtung, Entsalzung und R\u00fcckgewinnung von Wasser f\u00fcr verschiedenste Anwendungen \u2013 von der Metallverarbeitung bis zur Lebensmittelindustrie. Unsere Experten begleiten Sie von der Planung \u00fcber die Implementierung bis hin zum Service, um eine zuverl\u00e4ssige und wirtschaftliche Wasseraufbereitung sicherzustellen.\",\"email\":\"info@envirofalk.com\",\"telephone\":\"+49 2663 9908-0\",\"legalName\":\"EnviroFALK GmbH\",\"foundingDate\":\"1989-05-01\"}]}<\/script>\n<!-- \/ Yoast SEO Premium plugin. -->","yoast_head_json":{"title":"Elektrodeionisation (EDI) &#8211; EnviroFALK","robots":{"index":"index","follow":"follow","max-snippet":"max-snippet:-1","max-image-preview":"max-image-preview:large","max-video-preview":"max-video-preview:-1"},"canonical":"https:\/\/www.envirofalk.com\/ch\/verfahren-produkte\/elektrodeionisation-edi\/","og_locale":"de_DE","og_type":"article","og_title":"Elektrodeionisation (EDI)","og_description":"[vc_section][vc_row full_width=&#187;stretch_row_content_no_spaces&#187;][vc_column][\/vc_column][\/vc_row][vc_row el_class=&#187;breadcrumbs-wrapper&#187;][vc_column][\/vc_column][\/vc_row][\/vc_section][vc_section][vc_row css_animation=&#187;slideInUp&#187; el_class=&#187;two-columns-row tablet-row&#187;][vc_column width=&#187;3\/4&#8243;][vc_custom_heading text=&#187;Fein entsalztes Wasser durch EnviroFALK Elektrodeionisierung (EDI)&#187; font_container=&#187;tag:h1|text_align:left&#187; use_theme_fonts=&#187;yes&#187;][vc_column_text]Die Elektrodeionisierung wird h\u00e4ufig nach einer Umkehrosmose eingesetzt. Das teilentsalzte Wasser wird dabei nochmals aufbereitet &#171;poliert&#187;. Das Ziel ist hierbei,\u00a0 eine sehr niedrige Leitf\u00e4higkeit und geringe Kiesels\u00e4urewerte zu erreichen. Dieser Prozess wird auch als Restentsalzung (Polishing) bezeichnet. Die Restentsalzung wird [&hellip;]","og_url":"https:\/\/www.envirofalk.com\/ch\/verfahren-produkte\/elektrodeionisation-edi\/","og_site_name":"EnviroFALK","article_publisher":"https:\/\/www.facebook.com\/envirofalk","article_modified_time":"2026-02-04T10:02:39+00:00","twitter_card":"summary_large_image","twitter_misc":{"Gesch\u00e4tzte Lesezeit":"4\u00a0Minuten"},"schema":{"@context":"https:\/\/schema.org","@graph":[{"@type":"WebPage","@id":"https:\/\/www.envirofalk.com\/ch\/verfahren-produkte\/elektrodeionisation-edi\/","url":"https:\/\/www.envirofalk.com\/ch\/verfahren-produkte\/elektrodeionisation-edi\/","name":"Elektrodeionisation (EDI) &#8211; EnviroFALK","isPartOf":{"@id":"https:\/\/www.envirofalk.com\/ch\/#website"},"datePublished":"2024-04-18T06:59:16+00:00","dateModified":"2026-02-04T10:02:39+00:00","breadcrumb":{"@id":"https:\/\/www.envirofalk.com\/ch\/verfahren-produkte\/elektrodeionisation-edi\/#breadcrumb"},"inLanguage":"de-CH","potentialAction":[{"@type":"ReadAction","target":["https:\/\/www.envirofalk.com\/ch\/verfahren-produkte\/elektrodeionisation-edi\/"]}]},{"@type":"BreadcrumbList","@id":"https:\/\/www.envirofalk.com\/ch\/verfahren-produkte\/elektrodeionisation-edi\/#breadcrumb","itemListElement":[{"@type":"ListItem","position":1,"name":"Home","item":"https:\/\/www.envirofalk.com\/ch\/"},{"@type":"ListItem","position":2,"name":"Verfahrenstechniken &#038; Produkte","item":"https:\/\/www.envirofalk.com\/ch\/verfahren-produkte\/"},{"@type":"ListItem","position":3,"name":"Elektrodeionisation (EDI)"}]},{"@type":"WebSite","@id":"https:\/\/www.envirofalk.com\/ch\/#website","url":"https:\/\/www.envirofalk.com\/ch\/","name":"EnviroFALK","description":"Wasseraufbereitungsanlagen f\u00fcr Industrie, Gewerbe &amp; Labor","publisher":{"@id":"https:\/\/www.envirofalk.com\/ch\/#organization"},"potentialAction":[{"@type":"SearchAction","target":{"@type":"EntryPoint","urlTemplate":"https:\/\/www.envirofalk.com\/ch\/?s={search_term_string}"},"query-input":{"@type":"PropertyValueSpecification","valueRequired":true,"valueName":"search_term_string"}}],"inLanguage":"de-CH"},{"@type":"Organization","@id":"https:\/\/www.envirofalk.com\/ch\/#organization","name":"EnviroFALK","url":"https:\/\/www.envirofalk.com\/ch\/","logo":{"@type":"ImageObject","inLanguage":"de-CH","@id":"https:\/\/www.envirofalk.com\/ch\/#\/schema\/logo\/image\/","url":"https:\/\/www.envirofalk.com\/wp-content\/uploads\/2023\/01\/logo.svg","contentUrl":"https:\/\/www.envirofalk.com\/wp-content\/uploads\/2023\/01\/logo.svg","caption":"EnviroFALK"},"image":{"@id":"https:\/\/www.envirofalk.com\/ch\/#\/schema\/logo\/image\/"},"sameAs":["https:\/\/www.facebook.com\/envirofalk","https:\/\/www.linkedin.com\/company\/envirofalk-gmbh","https:\/\/www.youtube.com\/channel\/UCM1L-2K6cfBbP3aYgJGbVdA"],"description":"EnviroFALK Prozesswassertechnik ist Ihr Spezialist f\u00fcr ma\u00dfgeschneiderte Wasseraufbereitungsl\u00f6sungen in der Industrie. Wir bieten innovative Technologien f\u00fcr die Erzeugung und Aufbereitung von Prozesswasser, um h\u00f6chste Effizienz und Qualit\u00e4t in Ihren Produktionsprozessen zu gew\u00e4hrleisten. Mit jahrzehntelanger Erfahrung entwickeln wir nachhaltige und ressourcenschonende L\u00f6sungen, die exakt auf die Anforderungen unserer Kunden abgestimmt sind. Unsere Leistungen umfassen die Filtration, Enth\u00e4rtung, Entsalzung und R\u00fcckgewinnung von Wasser f\u00fcr verschiedenste Anwendungen \u2013 von der Metallverarbeitung bis zur Lebensmittelindustrie. Unsere Experten begleiten Sie von der Planung \u00fcber die Implementierung bis hin zum Service, um eine zuverl\u00e4ssige und wirtschaftliche Wasseraufbereitung sicherzustellen.","email":"info@envirofalk.com","telephone":"+49 2663 9908-0","legalName":"EnviroFALK GmbH","foundingDate":"1989-05-01"}]}},"_links":{"self":[{"href":"https:\/\/www.envirofalk.com\/ch\/wp-json\/wp\/v2\/pages\/14065","targetHints":{"allow":["GET"]}}],"collection":[{"href":"https:\/\/www.envirofalk.com\/ch\/wp-json\/wp\/v2\/pages"}],"about":[{"href":"https:\/\/www.envirofalk.com\/ch\/wp-json\/wp\/v2\/types\/page"}],"author":[{"embeddable":true,"href":"https:\/\/www.envirofalk.com\/ch\/wp-json\/wp\/v2\/users\/3"}],"replies":[{"embeddable":true,"href":"https:\/\/www.envirofalk.com\/ch\/wp-json\/wp\/v2\/comments?post=14065"}],"version-history":[{"count":4,"href":"https:\/\/www.envirofalk.com\/ch\/wp-json\/wp\/v2\/pages\/14065\/revisions"}],"predecessor-version":[{"id":26734,"href":"https:\/\/www.envirofalk.com\/ch\/wp-json\/wp\/v2\/pages\/14065\/revisions\/26734"}],"up":[{"embeddable":true,"href":"https:\/\/www.envirofalk.com\/ch\/wp-json\/wp\/v2\/pages\/14054"}],"wp:attachment":[{"href":"https:\/\/www.envirofalk.com\/ch\/wp-json\/wp\/v2\/media?parent=14065"}],"curies":[{"name":"wp","href":"https:\/\/api.w.org\/{rel}","templated":true}]}}